{"id":10865,"date":"1970-01-01T00:00:00","date_gmt":"1970-01-01T00:00:00","guid":{"rendered":"https:\/\/elfsight.com\/de\/?page_id=10865"},"modified":"2025-02-14T06:05:10","modified_gmt":"2025-02-14T06:05:10","slug":"wix","status":"publish","type":"page","link":"https:\/\/elfsight.com\/de\/vimeo-video-gallery-widget\/wix\/","title":{"rendered":"Vimeo Gallery &#8211; Wix"},"content":{"rendered":"\n<div class=\"application-platform-content-item-description application-platform-content-item\" id=\"description\" data-nav-section=\"description\"><h2>Beschreibung<\/h2><p>Elfsight Vimeo Gallery ist ein unkompliziertes Tool f\u00fcr alle, die Vimeo-Inhalte auf der Website hinzuf\u00fcgen m\u00f6chten. Sie k\u00f6nnen Playlists mit Videos sammeln, einen ganzen Kanal einbetten und die interessantesten Themeninhalte f\u00fcr Ihre Galerie und andere ausw\u00e4hlen. Das Widget verf\u00fcgt \u00fcber durchdachte Schnittstellenfunktionen, die dabei helfen, die Schnittstelle f\u00fcr verschiedene Anwendungsf\u00e4lle zu erstellen. Drei Video-Layouts sorgen f\u00fcr eine optimale Anordnung der Videos und eine Vielzahl von Wiedergabemodi machen das Ansehen Ihrer Videos f\u00fcr jeden Benutzer praktisch. Dank der Kopfzeile k\u00f6nnen Sie Ihren Kanal vorstellen und die Anzahl der Follower steigern. Die Elfsight Vimeo-App ist eine effiziente M\u00f6glichkeit, nicht nur das Engagement zu steigern, sondern auch Ihr Unternehmen weiterzuentwickeln. <\/p> <div class=\"faq\" data-component=\"FAQ\"><div class=\"faq-item\">\r\n\t\t\t\t\t<div class=\"faq-item-question\">\r\n\t\t\t\t\t\t<h3 class=\"faq-item-question-text\">Wo auf meiner Website kann ich die Vimeo-Galerie installieren<\/h3>\r\n\r\n\t\t\t\t\t\t<div class=\"faq-item-question-icon\"><\/div>\r\n\t\t\t\t\t<\/div>\r\n\r\n\t\t\t\t\t<div class=\"faq-item-answer\">\r\n\t\t\t\t\t\t<div class=\"faq-item-answer-text\"><p>Es kann durchaus auf der von Ihnen ausgew\u00e4hlten Seite funktionieren. Wenn Sie das Widget in die Vorlage einf\u00fcgen, wird es auf jeder Seite angezeigt. <\/p> <\/div>\r\n\t\t\t\t\t<\/div>\r\n\t\t\t\t<\/div><div class=\"faq-item\">\r\n\t\t\t\t\t<div class=\"faq-item-question\">\r\n\t\t\t\t\t\t<h3 class=\"faq-item-question-text\">Welche Vorteile bringt es mir?<\/h3>\r\n\r\n\t\t\t\t\t\t<div class=\"faq-item-question-icon\"><\/div>\r\n\t\t\t\t\t<\/div>\r\n\r\n\t\t\t\t\t<div class=\"faq-item-answer\">\r\n\t\t\t\t\t\t<div class=\"faq-item-answer-text\"><p>Mit diesem Plugin k\u00f6nnen Sie die Nutzerinteraktion auf Ihrer Website mit spannenden Videos steigern. Mit der Option \u201eSchnelles Abonnement\u201c erhalten Sie neue Abonnements f\u00fcr Ihr Konto. <\/p><\/div>\r\n\t\t\t\t\t<\/div>\r\n\t\t\t\t<\/div><div class=\"faq-item\">\r\n\t\t\t\t\t<div class=\"faq-item-question\">\r\n\t\t\t\t\t\t<h3 class=\"faq-item-question-text\">Wie habe ich den Vimeo-Videoplayer auf meiner Website?<\/h3>\r\n\r\n\t\t\t\t\t\t<div class=\"faq-item-question-icon\"><\/div>\r\n\t\t\t\t\t<\/div>\r\n\r\n\t\t\t\t\t<div class=\"faq-item-answer\">\r\n\t\t\t\t\t\t<div class=\"faq-item-answer-text\"><p>Die Einrichtung des Widgets dauert eine Minute. Dieser Vorgang ist extrem schnell, kostenlos und ohne Programmieraufwand.<\/p><p>Sie k\u00f6nnen in unserem Service die Vimeo-App auf Ihrer Webseite platzieren. Befolgen Sie dazu einfach die Schritte der nachstehenden Anleitung auf dieser Seite. <\/p><\/div>\r\n\t\t\t\t\t<\/div>\r\n\t\t\t\t<\/div><\/div><\/div><div class=\"application-platform-content-item-features application-platform-content-item\" id=\"features\" data-nav-section=\"features\"><h2>Funktionen<\/h2><p>Um eine klare Vorstellung von der Vimeo-Videogalerie zu erhalten, sehen Sie sich die Liste der an wichtige Funktionen. Sie machen dieses Widget f\u00fcr Ihre Website \u00e4u\u00dferst n\u00fctzlich: <\/p><ul><li>Einbettung ausgew\u00e4hlter Layouts f\u00fcr verschiedene Arten der Videoabfolge: Raster, Playlist, Slider; <\/li><li>Sieben kontrollierte Elemente des Widget-Headers: Name, Statistik, Beschreibung, Schaltfl\u00e4che \u201eFolgen\u201c, Profilbild; <\/li><li>4 integrierte Wiedergabemodi: Popup, Player, Inline oder auf Vimeo; <\/li><li>3 Optionen nach Ende des Videos: Als n\u00e4chstes abspielen, erneut abspielen, keine; <\/li><\/ul><p><a href=\"#demo\">Erfahren Sie eine vollst\u00e4ndige Liste der Funktionen in unserer Demo<\/a><\/p><\/div><div class=\"application-platform-content-item-installation application-platform-content-item\" id=\"installation\" data-nav-section=\"installation\"><h2>\u00dcberpr\u00fcfen Sie, wie Sie das Vimeo-Video in Ihre Wix-Website einbetten<\/h2><div class=\"video-container\"><iframe width=\"560\" height=\"315\" src=\"https:\/\/www.youtube.com\/embed\/7Yog1jAJfyA?si=6r_eMVbTWitChVdl\" frameborder=\"0\" allow=\"accelerometer; autoplay; clipboard-write; encrypted-media; gyroscope; picture-in-picture; web-share\" allowfullscreen><\/iframe><\/div><p>Die folgenden Aktionen sind das Einzige, was Sie ver\u00f6ffentlichen m\u00fcssen. <\/p><ol><li><b>Erstellen Sie Ihre pers\u00f6nliche Vimeo-Galerie<\/b><br> Erstellen Sie mit unserem kostenlosen Konfigurator ein Widget mit Ihrem bevorzugten Design und Ihren bevorzugten Funktionen. <\/li><li><b>Kopieren Sie den individuellen Code, um die App einzurichten<\/b><br> Nachdem Sie Ihr Widget generiert haben, erhalten Sie den individuellen Code aus dem erscheinenden Fenster auf Elfsight Apps. Kopieren Sie den Code f\u00fcr die zuk\u00fcnftige Verwendung. <\/li> <li><b>Betten Sie die App in Ihre Wix-Website ein<\/b><br> W\u00e4hlen Sie den Bereich aus, in dem Sie das Widget hinzuf\u00fcgen m\u00f6chten, und f\u00fcgen Sie dort den kopierten Code hinzu. \u00dcbernehmen Sie die \u00c4nderungen. <\/li> <li><b>Die Einrichtung ist erfolgreich!<\/b><br> Betreten Sie Ihre Seite, um Ihr Widget anzuzeigen. <\/li> <\/ol><p>Sie k\u00f6nnen sich immer noch nicht entscheiden? Oder haben Sie Probleme? Nur eine einzige Anfrage an unser Support-Team hilft bei jedem Problem. <\/p><\/div>\n","protected":false},"excerpt":{"rendered":"","protected":false},"author":9,"featured_media":0,"parent":1162,"menu_order":0,"comment_status":"closed","ping_status":"closed","template":"templates\/template-application-platform.php","meta":{"publish_to_discourse":"","publish_post_category":"","wpdc_auto_publish_overridden":"","wpdc_topic_tags":"","wpdc_pin_topic":"","wpdc_pin_until":"","discourse_post_id":"","discourse_permalink":"","wpdc_publishing_response":"","wpdc_publishing_error":"","footnotes":""},"class_list":["post-10865","page","type-page","status-publish","hentry"],"yoast_head":"<!-- This site is optimized with the Yoast SEO plugin v25.3.1 - https:\/\/yoast.com\/wordpress\/plugins\/seo\/ -->\n<title>Wix Vimeo \u2013 Vimeo Gallery-Plugin zur Wix-Website hinzuf\u00fcgen [2025]<\/title>\n<meta name=\"description\" content=\"Es ist absolut einfach, Ihre Vimeo-Videogalerie-App zu entwerfen und auf der Website von Wix einzubetten. Der Elfsight-Kundensupport ist kostenlos und schnell.\" \/>\n<meta name=\"robots\" content=\"index, follow, max-snippet:-1, max-image-preview:large, max-video-preview:-1\" \/>\n<link rel=\"canonical\" href=\"https:\/\/elfsight.com\/de\/vimeo-video-gallery-widget\/wix\/\" \/>\n<meta property=\"og:locale\" content=\"de_DE\" \/>\n<meta property=\"og:type\" content=\"article\" \/>\n<meta property=\"og:title\" content=\"Wix Vimeo \u2013 Vimeo Gallery-Plugin zur Wix-Website hinzuf\u00fcgen [2025]\" \/>\n<meta property=\"og:description\" content=\"Es ist absolut einfach, Ihre Vimeo-Videogalerie-App zu entwerfen und auf der Website von Wix einzubetten. Der Elfsight-Kundensupport ist kostenlos und schnell.\" \/>\n<meta property=\"og:url\" content=\"https:\/\/elfsight.com\/de\/vimeo-video-gallery-widget\/wix\/\" \/>\n<meta property=\"og:site_name\" content=\"Elfsight DE\" \/>\n<meta property=\"article:modified_time\" content=\"2025-02-14T06:05:10+00:00\" \/>\n<meta name=\"twitter:card\" content=\"summary_large_image\" \/>\n<meta name=\"twitter:label1\" content=\"Gesch\u00e4tzte Lesezeit\" \/>\n\t<meta name=\"twitter:data1\" content=\"3\u00a0Minuten\" \/>\n<!-- \/ Yoast SEO plugin. -->","yoast_head_json":{"title":"Wix Vimeo \u2013 Vimeo Gallery-Plugin zur Wix-Website hinzuf\u00fcgen [2025]","description":"Es ist absolut einfach, Ihre Vimeo-Videogalerie-App zu entwerfen und auf der Website von Wix einzubetten. Der Elfsight-Kundensupport ist kostenlos und schnell.","robots":{"index":"index","follow":"follow","max-snippet":"max-snippet:-1","max-image-preview":"max-image-preview:large","max-video-preview":"max-video-preview:-1"},"canonical":"https:\/\/elfsight.com\/de\/vimeo-video-gallery-widget\/wix\/","og_locale":"de_DE","og_type":"article","og_title":"Wix Vimeo \u2013 Vimeo Gallery-Plugin zur Wix-Website hinzuf\u00fcgen [2025]","og_description":"Es ist absolut einfach, Ihre Vimeo-Videogalerie-App zu entwerfen und auf der Website von Wix einzubetten. Der Elfsight-Kundensupport ist kostenlos und schnell.","og_url":"https:\/\/elfsight.com\/de\/vimeo-video-gallery-widget\/wix\/","og_site_name":"Elfsight DE","article_modified_time":"2025-02-14T06:05:10+00:00","twitter_card":"summary_large_image","twitter_misc":{"Gesch\u00e4tzte Lesezeit":"3\u00a0Minuten"},"schema":{"@context":"https:\/\/schema.org","@graph":[{"@type":"WebPage","@id":"https:\/\/elfsight.com\/de\/vimeo-video-gallery-widget\/wix\/","url":"https:\/\/elfsight.com\/de\/vimeo-video-gallery-widget\/wix\/","name":"Wix Vimeo \u2013 Vimeo Gallery-Plugin zur Wix-Website hinzuf\u00fcgen [2025]","isPartOf":{"@id":"https:\/\/elfsight.com\/de\/#website"},"datePublished":"1970-01-01T00:00:00+00:00","dateModified":"2025-02-14T06:05:10+00:00","description":"Es ist absolut einfach, Ihre Vimeo-Videogalerie-App zu entwerfen und auf der Website von Wix einzubetten. Der Elfsight-Kundensupport ist kostenlos und schnell.","breadcrumb":{"@id":"https:\/\/elfsight.com\/de\/vimeo-video-gallery-widget\/wix\/#breadcrumb"},"inLanguage":"de","potentialAction":[{"@type":"ReadAction","target":["https:\/\/elfsight.com\/de\/vimeo-video-gallery-widget\/wix\/"]}]},{"@type":"BreadcrumbList","@id":"https:\/\/elfsight.com\/de\/vimeo-video-gallery-widget\/wix\/#breadcrumb","itemListElement":[{"@type":"ListItem","position":1,"name":"Home","item":"https:\/\/elfsight.com\/de\/"},{"@type":"ListItem","position":2,"name":"Vimeo Gallery","item":"https:\/\/elfsight.com\/de\/vimeo-video-gallery-widget\/"},{"@type":"ListItem","position":3,"name":"Vimeo Gallery &#8211; Wix"}]},{"@type":"WebSite","@id":"https:\/\/elfsight.com\/de\/#website","url":"https:\/\/elfsight.com\/de\/","name":"Elfsight DE","description":"Just another Elfsight Sites site","potentialAction":[{"@type":"SearchAction","target":{"@type":"EntryPoint","urlTemplate":"https:\/\/elfsight.com\/de\/?s={search_term_string}"},"query-input":{"@type":"PropertyValueSpecification","valueRequired":true,"valueName":"search_term_string"}}],"inLanguage":"de"}]}},"meta_box":{"industry":"","seo_heading":"","heading":"","description":"","cta_heading":"","cta_description":"","application":"492","h1":"Wix Vimeo Video-App","h1_caption":"Betten Sie eine Galerie mit Vimeo-Videos ein und bieten Sie so eine nahtlose M\u00f6glichkeit, Ihre Videoinhalte m\u00fchelos auf Ihrer Wix-Website zu pr\u00e4sentieren.","application_category":[],"applications_title":"","applications_request_title":"","applications_request_button_text":"","hero_text":"","hero_video":"","hero_video_schema_markup":"","selling_points_title":"","selling_points_caption":"","selling_points":[],"selling_points_cta_text":"","features_title":"","features":"","ed_cta_examples_text":"","ed_cta_examples_hidden":"","ed_cta_demo_text":"","ed_cta_demo_hidden":"","why_caption":"","why_editor_title":"","why_editor_text":"","why_team_title":"","why_team_text":"","why_service_title":"","why_service_text":"","template_catalog_visible":"0","template_catalog_title":"","template_catalog_text":"","template_catalog_categories_visible":"","demo_title":"Erstellen Sie Ihre Vimeo Gallery-App","demo_caption":"Konfigurieren Sie Ihre Vimeo-Galerie und f\u00fcgen Sie sie kostenlos zu Ihrer Wix-Website hinzu!","default_faq_hidden":"","app_template_category":[],"platform":"265","template_public_id":"","codecanyon_url":"","codecanyon_item_id":"","codecanyon_price":"","pricing_caption":"","pricing_elfsight_apps_hide_column":"","pricing_elfsight_apps_url":"","pricing_codecanyon_price_caption":"","integration_category":[],"integration_request_title":"","integration_request_cta":"","integration_platform":"","integrations":[],"platform_category":[],"video_schema_markup":"","price":"ab 0 $ \/ Monat","trial":"","benefits":[{"text":"Kostenlose Installationsunterst\u00fctzung"},{"text":"Au\u00dfergew\u00f6hnliche Unterst\u00fctzung"},{"text":"14-t\u00e4gige Geld-zur\u00fcck-Garantie"},{"text":"Laufende Verbesserungen"}],"button_url":"#demo","button_target_blank":"0","button_nofollow":"0","attributes":[{"name":"Installiert","content":"10,000 - 100,000"},{"name":"Reaktionsfreudig","content":"Ja"},{"name":"Kompatible Browser","content":"Firefox, Safari, Opera, Chrome, Edge"}],"tags":[],"tags_disable_links":"0","hide_more_platforms":"0","video_object":"","demo_hide_cta":"0","demo_hide_cloud_options":"0","pricing_title":"","pricing":[{"pricing_icon":"platform","pricing_title":"Elfsight Apps","pricing_title_caption":"Multiplattform-Software","pricing_price":"ab 0 $ \/ Monat","pricing_price_caption":"Beginnen Sie mit einem kostenlosen Plan","pricing_benefits":[{"text":"Unbegrenzte Websites"},{"text":"Premium-Kundensupport"},{"text":"Kostenloser Installationssupport"},{"text":"Sonderangebot f\u00fcr mehrere Apps"}],"pricing_button_text":"Zur Website hinzuf\u00fcgen","pricing_button_url":"#demo"}],"related_apps_title":"","related_apps_hidden":"0","author":"","image":[],"title":"","job":"","social_networks":[]},"_links":{"self":[{"href":"https:\/\/elfsight.com\/de\/wp-json\/wp\/v2\/pages\/10865","targetHints":{"allow":["GET"]}}],"collection":[{"href":"https:\/\/elfsight.com\/de\/wp-json\/wp\/v2\/pages"}],"about":[{"href":"https:\/\/elfsight.com\/de\/wp-json\/wp\/v2\/types\/page"}],"author":[{"embeddable":true,"href":"https:\/\/elfsight.com\/de\/wp-json\/wp\/v2\/users\/9"}],"replies":[{"embeddable":true,"href":"https:\/\/elfsight.com\/de\/wp-json\/wp\/v2\/comments?post=10865"}],"version-history":[{"count":3,"href":"https:\/\/elfsight.com\/de\/wp-json\/wp\/v2\/pages\/10865\/revisions"}],"predecessor-version":[{"id":24159,"href":"https:\/\/elfsight.com\/de\/wp-json\/wp\/v2\/pages\/10865\/revisions\/24159"}],"up":[{"embeddable":true,"href":"https:\/\/elfsight.com\/de\/wp-json\/wp\/v2\/pages\/1162"}],"wp:attachment":[{"href":"https:\/\/elfsight.com\/de\/wp-json\/wp\/v2\/media?parent=10865"}],"curies":[{"name":"wp","href":"https:\/\/api.w.org\/{rel}","templated":true}]}}