{"id":10860,"date":"1970-01-01T00:00:00","date_gmt":"1970-01-01T00:00:00","guid":{"rendered":"https:\/\/elfsight.com\/de\/?page_id=10860"},"modified":"2025-02-14T06:06:59","modified_gmt":"2025-02-14T06:06:59","slug":"wordpress","status":"publish","type":"page","link":"https:\/\/elfsight.com\/de\/vimeo-video-gallery-widget\/wordpress\/","title":{"rendered":"Vimeo Gallery &#8211; WordPress"},"content":{"rendered":"\n<div class=\"application-platform-content-item-description application-platform-content-item\" id=\"description\" data-nav-section=\"description\"><h2>Vimeo Gallery in WordPress mit dem Elfsight-Widget einbetten<\/h2><p>Elfsight Vimeo Gallery ist ein einfaches Instrument f\u00fcr alle, die einbetten m\u00f6chten Vimeo-Videos auf der Website. Sie haben die M\u00f6glichkeit, Wiedergabelisten zu erstellen, Kan\u00e4le zu integrieren und die attraktivsten Videoinhalte f\u00fcr Ihre Videogalerie und andere auszuw\u00e4hlen. Das Elfsight-Widget verf\u00fcgt \u00fcber durchdachte Designfunktionen, die dabei helfen, die Benutzeroberfl\u00e4che an verschiedene Anwendungsf\u00e4lle anzupassen. Integrierte Layouts helfen dabei, den Inhalt optimal anzuordnen. Eine Vielzahl von Wiedergabemodi macht das Ansehen von Videos in jedem Layout komfortabel. Mit dem Header kannst du deinen Kanal ank\u00fcndigen und neue Follower gewinnen. Das Elfsight Vimeo-Plugin ist eine einfache M\u00f6glichkeit, nicht nur das Engagement zu steigern, sondern auch f\u00fcr Ihr Unternehmen zu werben. <\/p> <div class=\"faq\" data-component=\"FAQ\"><div class=\"faq-item\">\r\n\t\t\t\t\t<div class=\"faq-item-question\">\r\n\t\t\t\t\t\t<h3 class=\"faq-item-question-text\">Wie kann ich meiner WordPress-Site eine Vimeo-Galerie hinzuf\u00fcgen? <\/h3>\r\n\r\n\t\t\t\t\t\t<div class=\"faq-item-question-icon\"><\/div>\r\n\t\t\t\t\t<\/div>\r\n\r\n\t\t\t\t\t<div class=\"faq-item-answer\">\r\n\t\t\t\t\t\t<div class=\"faq-item-answer-text\"><p>Die Erstellung des Tools erfolgt innerhalb des Elfsight-Dienstes und Sie m\u00fcssen nicht codieren. Nutzen Sie die Live-Demo, um Ihre eigene App zu entwerfen, den Code zu erhalten und ihn in Ihre Website zu integrieren. <\/p><\/div>\r\n\t\t\t\t\t<\/div>\r\n\t\t\t\t<\/div><div class=\"faq-item\">\r\n\t\t\t\t\t<div class=\"faq-item-question\">\r\n\t\t\t\t\t\t<h3 class=\"faq-item-question-text\">Die besten M\u00f6glichkeiten, die Vimeo-Video-Plugin-Integration zu nutzen<\/h3>\r\n\r\n\t\t\t\t\t\t<div class=\"faq-item-question-icon\"><\/div>\r\n\t\t\t\t\t<\/div>\r\n\r\n\t\t\t\t\t<div class=\"faq-item-answer\">\r\n\t\t\t\t\t\t<div class=\"faq-item-answer-text\"><p>Wir haben eine Vielzahl von Anpassungsm\u00f6glichkeiten: Widgets in Originalgr\u00f6\u00dfe zum Hinzuf\u00fcgen in den Inhaltsbereich , schwebende Plugins f\u00fcr die Scrollfunktion, Miniaturansichten f\u00fcr die Fu\u00dfzeile Ihrer Website, die Kopfzeile und alle Variationen vertikaler Optionen f\u00fcr Seitenleisten und Men\u00fcs Ihrer Website. <\/p><\/div>\r\n\t\t\t\t\t<\/div>\r\n\t\t\t\t<\/div><div class=\"faq-item\">\r\n\t\t\t\t\t<div class=\"faq-item-question\">\r\n\t\t\t\t\t\t<h3 class=\"faq-item-question-text\">Darf ich mit der Agentur Ihres Redakteurs ein Vimeo-Portfolio oder eine Video-Diashow erstellen? <\/h3>\r\n\r\n\t\t\t\t\t\t<div class=\"faq-item-question-icon\"><\/div>\r\n\t\t\t\t\t<\/div>\r\n\r\n\t\t\t\t\t<div class=\"faq-item-answer\">\r\n\t\t\t\t\t\t<div class=\"faq-item-answer-text\"><p>Sie k\u00f6nnen gerne \u00c4nderungen an allen Widgets vornehmen. Im Editor stehen Ihnen viele Layouts zur Verf\u00fcgung, die alle ganz einfach nach Ihren W\u00fcnschen personalisiert werden k\u00f6nnen. <\/p><\/div>\r\n\t\t\t\t\t<\/div>\r\n\t\t\t\t<\/div><\/div><\/div><div class=\"application-platform-content-item-features application-platform-content-item\" id=\"features\" data-nav-section=\"features\"><h2>Hauptfunktionen des Vimeo-Galerie-Widgets<\/h2><p>Um eine bessere Wahrnehmung des Plugins zu erm\u00f6glichen, Sehen Sie sich die Liste seiner Hauptfunktionen an. Sie machen unser Widget f\u00fcr Sie maximal effizient: <\/p><ul><li>Die Option, Layouts f\u00fcr verschiedene Arten der Videoanordnung anzuzeigen: Raster, Playlist, Slider; <\/li><li>Sieben flexible Details des Widget-Headers: Name, Statistik, Beschreibung, Schaltfl\u00e4che \u201eFolgen\u201c, Profilsymbol; <\/li><li>Vier sofort einsatzbereite Wiedergabemodi: Popup, Player, Inline oder auf Vimeo; <\/li><li>Drei Szenarien nach dem Ende des Videos: Als n\u00e4chstes abspielen, erneut abspielen, keines; <\/li><\/ul><p><a href=\"#demo\">Weitere Funktionen finden Sie in unserer Live-Demo<\/a><\/p><\/div><div class=\"application-platform-content-item-installation application-platform-content-item\" id=\"installation\" data-nav-section=\"installation\"><h2>So betten Sie Vimeo-Videos auf einer WordPress-Website ein<\/h2><div class=\"video-container\"><iframe width=\"560\" height=\"315\" src=\"https:\/\/www.youtube.com\/embed\/T2eheWXiVTI?si=aoXYUKnyGI8fnjWS\" frameborder=\"0\" allow=\"accelerometer; autoplay; clipboard-write; encrypted-media; gyroscope; picture-in-picture; web-share\" allowfullscreen><\/iframe><\/div><p>Erf\u00fcllen Sie einfach die folgenden Richtlinien, um das Plugin zu WordPress hinzuzuf\u00fcgen.<\/p> <ol><li><b>\u00d6ffnen Nutzen Sie unseren kostenlosen Editor und beginnen Sie mit der Erstellung Ihres benutzerdefinierten Plugins. <\/b><br> Geben Sie die benutzerdefinierte Schnittstelle und die Spezifikationen des Widgets an und wenden Sie die \u00c4nderungen an. <\/li> <li><b>Erhalten Sie Ihren individuellen Code, der im speziellen Formular auf Elfsight Apps angezeigt wird. <\/b><br> Kopieren Sie unmittelbar nach der Anpassung Ihrer pers\u00f6nlichen Vimeo-Galerie den pers\u00f6nlichen Code im angezeigten Fenster und speichern Sie ihn zur weiteren Verwendung. <\/li> <li><b>Beginnen Sie mit der Anwendung des Tools auf der WordPress-Website. <\/b><br> Implementieren Sie den zuvor gespeicherten Code in Ihre Website und speichern Sie die Korrekturen. <\/li> <li><b>Du bist fertig! Die Einbettung ist vollst\u00e4ndig beendet. <\/b><br> Besuchen Sie Ihre Website, um die Leistung des Plugins zu \u00fcberpr\u00fcfen. <\/li><\/ol> <p>Sie k\u00f6nnen immer noch keine Entscheidung treffen? Oder \u00fcber irgendetwas gestolpert? Schreiben Sie einfach eine Anfrage an unseren Kundenservice, wir kl\u00e4ren jede Frage. <\/p><\/div>\n","protected":false},"excerpt":{"rendered":"","protected":false},"author":9,"featured_media":0,"parent":1162,"menu_order":0,"comment_status":"closed","ping_status":"closed","template":"templates\/template-application-platform.php","meta":{"publish_to_discourse":"","publish_post_category":"","wpdc_auto_publish_overridden":"","wpdc_topic_tags":"","wpdc_pin_topic":"","wpdc_pin_until":"","discourse_post_id":"","discourse_permalink":"","wpdc_publishing_response":"","wpdc_publishing_error":"","footnotes":""},"class_list":["post-10860","page","type-page","status-publish","hentry"],"yoast_head":"<!-- This site is optimized with the Yoast SEO plugin v25.3.1 - https:\/\/yoast.com\/wordpress\/plugins\/seo\/ -->\n<title>WordPress Vimeo \u2013 Vimeo-Plugin zur WordPress-Website hinzuf\u00fcgen [2025]<\/title>\n<meta name=\"description\" content=\"Erstellen und betten Sie das Vimeo Gallery-Video-Plugin WordPress ein. Genie\u00dfen Sie kostenlosen Kundenservice und andere Boni von Elfsight.\" \/>\n<meta name=\"robots\" content=\"index, follow, max-snippet:-1, max-image-preview:large, max-video-preview:-1\" \/>\n<link rel=\"canonical\" href=\"https:\/\/elfsight.com\/de\/vimeo-video-gallery-widget\/wordpress\/\" \/>\n<meta property=\"og:locale\" content=\"de_DE\" \/>\n<meta property=\"og:type\" content=\"article\" \/>\n<meta property=\"og:title\" content=\"WordPress Vimeo \u2013 Vimeo-Plugin zur WordPress-Website hinzuf\u00fcgen [2025]\" \/>\n<meta property=\"og:description\" content=\"Erstellen und betten Sie das Vimeo Gallery-Video-Plugin WordPress ein. Genie\u00dfen Sie kostenlosen Kundenservice und andere Boni von Elfsight.\" \/>\n<meta property=\"og:url\" content=\"https:\/\/elfsight.com\/de\/vimeo-video-gallery-widget\/wordpress\/\" \/>\n<meta property=\"og:site_name\" content=\"Elfsight DE\" \/>\n<meta property=\"article:modified_time\" content=\"2025-02-14T06:06:59+00:00\" \/>\n<meta name=\"twitter:card\" content=\"summary_large_image\" \/>\n<meta name=\"twitter:label1\" content=\"Gesch\u00e4tzte Lesezeit\" \/>\n\t<meta name=\"twitter:data1\" content=\"3\u00a0Minuten\" \/>\n<!-- \/ Yoast SEO plugin. -->","yoast_head_json":{"title":"WordPress Vimeo \u2013 Vimeo-Plugin zur WordPress-Website hinzuf\u00fcgen [2025]","description":"Erstellen und betten Sie das Vimeo Gallery-Video-Plugin WordPress ein. Genie\u00dfen Sie kostenlosen Kundenservice und andere Boni von Elfsight.","robots":{"index":"index","follow":"follow","max-snippet":"max-snippet:-1","max-image-preview":"max-image-preview:large","max-video-preview":"max-video-preview:-1"},"canonical":"https:\/\/elfsight.com\/de\/vimeo-video-gallery-widget\/wordpress\/","og_locale":"de_DE","og_type":"article","og_title":"WordPress Vimeo \u2013 Vimeo-Plugin zur WordPress-Website hinzuf\u00fcgen [2025]","og_description":"Erstellen und betten Sie das Vimeo Gallery-Video-Plugin WordPress ein. Genie\u00dfen Sie kostenlosen Kundenservice und andere Boni von Elfsight.","og_url":"https:\/\/elfsight.com\/de\/vimeo-video-gallery-widget\/wordpress\/","og_site_name":"Elfsight DE","article_modified_time":"2025-02-14T06:06:59+00:00","twitter_card":"summary_large_image","twitter_misc":{"Gesch\u00e4tzte Lesezeit":"3\u00a0Minuten"},"schema":{"@context":"https:\/\/schema.org","@graph":[{"@type":"WebPage","@id":"https:\/\/elfsight.com\/de\/vimeo-video-gallery-widget\/wordpress\/","url":"https:\/\/elfsight.com\/de\/vimeo-video-gallery-widget\/wordpress\/","name":"WordPress Vimeo \u2013 Vimeo-Plugin zur WordPress-Website hinzuf\u00fcgen [2025]","isPartOf":{"@id":"https:\/\/elfsight.com\/de\/#website"},"datePublished":"1970-01-01T00:00:00+00:00","dateModified":"2025-02-14T06:06:59+00:00","description":"Erstellen und betten Sie das Vimeo Gallery-Video-Plugin WordPress ein. Genie\u00dfen Sie kostenlosen Kundenservice und andere Boni von Elfsight.","breadcrumb":{"@id":"https:\/\/elfsight.com\/de\/vimeo-video-gallery-widget\/wordpress\/#breadcrumb"},"inLanguage":"de","potentialAction":[{"@type":"ReadAction","target":["https:\/\/elfsight.com\/de\/vimeo-video-gallery-widget\/wordpress\/"]}]},{"@type":"BreadcrumbList","@id":"https:\/\/elfsight.com\/de\/vimeo-video-gallery-widget\/wordpress\/#breadcrumb","itemListElement":[{"@type":"ListItem","position":1,"name":"Home","item":"https:\/\/elfsight.com\/de\/"},{"@type":"ListItem","position":2,"name":"Vimeo Gallery","item":"https:\/\/elfsight.com\/de\/vimeo-video-gallery-widget\/"},{"@type":"ListItem","position":3,"name":"Vimeo Gallery &#8211; WordPress"}]},{"@type":"WebSite","@id":"https:\/\/elfsight.com\/de\/#website","url":"https:\/\/elfsight.com\/de\/","name":"Elfsight DE","description":"Just another Elfsight Sites site","potentialAction":[{"@type":"SearchAction","target":{"@type":"EntryPoint","urlTemplate":"https:\/\/elfsight.com\/de\/?s={search_term_string}"},"query-input":{"@type":"PropertyValueSpecification","valueRequired":true,"valueName":"search_term_string"}}],"inLanguage":"de"}]}},"meta_box":{"industry":"","seo_heading":"","heading":"","description":"","cta_heading":"","cta_description":"","application":"492","h1":"WordPress Vimeo Video-Plugin","h1_caption":"Betten Sie eine Galerie mit Vimeo-Videos ein und bieten Sie so eine nahtlose M\u00f6glichkeit, Ihre Videoinhalte m\u00fchelos auf Ihrer WordPress-Website zu pr\u00e4sentieren.","application_category":[],"applications_title":"","applications_request_title":"","applications_request_button_text":"","hero_text":"","hero_video":"","hero_video_schema_markup":"","selling_points_title":"","selling_points_caption":"","selling_points":[],"selling_points_cta_text":"","features_title":"","features":"","ed_cta_examples_text":"","ed_cta_examples_hidden":"","ed_cta_demo_text":"","ed_cta_demo_hidden":"","why_caption":"","why_editor_title":"","why_editor_text":"","why_team_title":"","why_team_text":"","why_service_title":"","why_service_text":"","template_catalog_visible":"0","template_catalog_title":"","template_catalog_text":"","template_catalog_categories_visible":"","demo_title":"Erstellen Sie Ihr Vimeo Gallery-Plugin","demo_caption":"Konfigurieren Sie Ihre Vimeo-Galerie und f\u00fcgen Sie sie kostenlos zu Ihrer WordPress-Website hinzu!","default_faq_hidden":"","app_template_category":[],"platform":"266","template_public_id":"","codecanyon_url":"","codecanyon_item_id":"","codecanyon_price":"","pricing_caption":"","pricing_elfsight_apps_hide_column":"","pricing_elfsight_apps_url":"","pricing_codecanyon_price_caption":"","integration_category":[],"integration_request_title":"","integration_request_cta":"","integration_platform":"","integrations":[],"platform_category":[],"video_schema_markup":"","price":"ab 0 $ \/ Monat","trial":"","benefits":[{"text":"Kostenloser Installationsservice"},{"text":"Kompetenter Kundenservice"},{"text":"14-t\u00e4gige R\u00fcckerstattungsgarantie"},{"text":"Lebenslange kostenlose Updates"}],"button_url":"#demo","button_target_blank":"0","button_nofollow":"0","attributes":[{"name":"Installiert","content":"10,000 - 100,000"},{"name":"Reaktionsfreudig","content":"Ja"},{"name":"Kompatible Browser","content":"Firefox, Safari, Opera, Chrome, Edge"}],"tags":[],"tags_disable_links":"0","hide_more_platforms":"0","video_object":"","demo_hide_cta":"0","demo_hide_cloud_options":"0","pricing_title":"","pricing":[{"pricing_icon":"platform","pricing_title":"Elfsight Apps","pricing_title_caption":"Plattformunabh\u00e4ngige L\u00f6sung, die f\u00fcr jede Site geeignet ist","pricing_price":"ab 0 $ \/ Monat","pricing_price_caption":"Beginnen Sie mit einem kostenlosen Plan","pricing_benefits":[{"text":"Unbegrenzte Websites"},{"text":"Engagierter Kundensupport und gut dokumentiert"},{"text":"Kostenlose Installationsunterst\u00fctzung"},{"text":"Zeitlich begrenztes Angebot f\u00fcr mehrere Apps"}],"pricing_button_text":"Zur Website hinzuf\u00fcgen","pricing_button_url":"#demo"}],"related_apps_title":"","related_apps_hidden":"0","author":"","image":[],"title":"","job":"","social_networks":[]},"_links":{"self":[{"href":"https:\/\/elfsight.com\/de\/wp-json\/wp\/v2\/pages\/10860","targetHints":{"allow":["GET"]}}],"collection":[{"href":"https:\/\/elfsight.com\/de\/wp-json\/wp\/v2\/pages"}],"about":[{"href":"https:\/\/elfsight.com\/de\/wp-json\/wp\/v2\/types\/page"}],"author":[{"embeddable":true,"href":"https:\/\/elfsight.com\/de\/wp-json\/wp\/v2\/users\/9"}],"replies":[{"embeddable":true,"href":"https:\/\/elfsight.com\/de\/wp-json\/wp\/v2\/comments?post=10860"}],"version-history":[{"count":3,"href":"https:\/\/elfsight.com\/de\/wp-json\/wp\/v2\/pages\/10860\/revisions"}],"predecessor-version":[{"id":24160,"href":"https:\/\/elfsight.com\/de\/wp-json\/wp\/v2\/pages\/10860\/revisions\/24160"}],"up":[{"embeddable":true,"href":"https:\/\/elfsight.com\/de\/wp-json\/wp\/v2\/pages\/1162"}],"wp:attachment":[{"href":"https:\/\/elfsight.com\/de\/wp-json\/wp\/v2\/media?parent=10860"}],"curies":[{"name":"wp","href":"https:\/\/api.w.org\/{rel}","templated":true}]}}