{"id":10859,"date":"1970-01-01T00:00:00","date_gmt":"1970-01-01T00:00:00","guid":{"rendered":"https:\/\/elfsight.com\/de\/?page_id=10859"},"modified":"2025-07-10T13:57:29","modified_gmt":"2025-07-10T13:57:29","slug":"iframe","status":"publish","type":"page","link":"https:\/\/elfsight.com\/de\/vimeo-video-gallery-widget\/iframe\/","title":{"rendered":"Vimeo Gallery &#8211; iFrame"},"content":{"rendered":"<div class=\"application-platform-content-item-description application-platform-content-item\" id=\"description\" data-nav-section=\"description\"><h2>Beschreibung<\/h2><p>Elfsight Vimeo Gallery ist ein einfaches Instrument f\u00fcr alle, die Vimeo-Videos auf der Website zeigen m\u00fcssen. Sie k\u00f6nnen Wiedergabelisten sammeln, einen ganzen Kanal integrieren, die ansprechendsten Videoinhalte f\u00fcr Ihre Videogalerie ausw\u00e4hlen und vieles mehr. Das Elfsight-Widget bietet mehrere Designeinstellungen, die dabei helfen, die Benutzeroberfl\u00e4che f\u00fcr verschiedene F\u00e4lle anzupassen. Drei Layouts sorgen f\u00fcr die optimale Platzierung der Videos, eine Auswahl an Wiedergabemodi macht das Ansehen von Videos in jedem Anwendungsfall praktisch. Dank des Headers ist es ganz einfach, Ihren Kanal anzuk\u00fcndigen und neue Follower zu gewinnen. Das Vimeo-Widget von Elfsight ist eine effektive M\u00f6glichkeit, nicht nur das Engagement zu steigern, sondern auch f\u00fcr Ihr Unternehmen zu werben. <\/p> <div class=\"faq\" data-component=\"FAQ\"><div class=\"faq-item\">\r\n\t\t\t\t\t<div class=\"faq-item-question\">\r\n\t\t\t\t\t\t<h3 class=\"faq-item-question-text\">Wie kann ich eine Vimeo-Galerie zur iFrame-Website hinzuf\u00fcgen? <\/h3>\r\n\r\n\t\t\t\t\t\t<div class=\"faq-item-question-icon\"><\/div>\r\n\t\t\t\t\t<\/div>\r\n\r\n\t\t\t\t\t<div class=\"faq-item-answer\">\r\n\t\t\t\t\t\t<div class=\"faq-item-answer-text\"><p>Der Aufbau des Tools erfolgt auf den Elfsight-Seiten und Sie m\u00fcssen nicht lernen, wie man programmiert. Nutzen Sie die aktive Demo, um Ihr Tool anzupassen, den Code abzurufen und ihn in Ihre Website einzuf\u00fcgen. <\/p><\/div>\r\n\t\t\t\t\t<\/div>\r\n\t\t\t\t<\/div><div class=\"faq-item\">\r\n\t\t\t\t\t<div class=\"faq-item-question\">\r\n\t\t\t\t\t\t<h3 class=\"faq-item-question-text\">Die besten Anwendungsbeispiele der Vimeo-Videogalerie-Integration<\/h3>\r\n\r\n\t\t\t\t\t\t<div class=\"faq-item-question-icon\"><\/div>\r\n\t\t\t\t\t<\/div>\r\n\r\n\t\t\t\t\t<div class=\"faq-item-answer\">\r\n\t\t\t\t\t\t<div class=\"faq-item-answer-text\"><p>Wir bieten Ihnen eine F\u00fclle von Personalisierungsm\u00f6glichkeiten: Widgets in voller L\u00e4nge zum Einbetten in den Inhaltsbereich , schwebende Widgets f\u00fcr die Bildlauffunktion, Layouts f\u00fcr die Fu\u00dfzeile, den Kopfbereich und alle Variationen vertikaler Optionen f\u00fcr Seitenleisten und Men\u00fcs. <\/p><\/div>\r\n\t\t\t\t\t<\/div>\r\n\t\t\t\t<\/div><div class=\"faq-item\">\r\n\t\t\t\t\t<div class=\"faq-item-question\">\r\n\t\t\t\t\t\t<h3 class=\"faq-item-question-text\">Kann ich mit Hilfe Ihres Redakteurs eine Liste oder Vimeo-Diashow erstellen? <\/h3>\r\n\r\n\t\t\t\t\t\t<div class=\"faq-item-question-icon\"><\/div>\r\n\t\t\t\t\t<\/div>\r\n\r\n\t\t\t\t\t<div class=\"faq-item-answer\">\r\n\t\t\t\t\t\t<div class=\"faq-item-answer-text\"><p>Sie k\u00f6nnen Variationen jedes Widgets erstellen. Im Editor stehen unz\u00e4hlige Layouts zur Verf\u00fcgung, die alle schnell an Ihre Bed\u00fcrfnisse angepasst werden k\u00f6nnen. <\/p><\/div>\r\n\t\t\t\t\t<\/div>\r\n\t\t\t\t<\/div><\/div><\/div><div class=\"application-platform-content-item-features application-platform-content-item\" id=\"features\" data-nav-section=\"features\"><h2>Funktionen<\/h2><p>Um sich eine klarere Vorstellung von Vimeo iFrame zu machen, k\u00f6nnen Sie eine Schauen Sie sich die Liste seiner wesentlichen Funktionen an. Sie machen dieses Widget f\u00fcr Ihre Website wirklich n\u00fctzlich: <\/p><ul><li>Erstellen Sie eine ansprechende Videogalerie;<\/li><li>W\u00e4hlen Sie die besten Videos Ihrer Website von Hand aus;<\/li><li>Verwenden Sie Popups, um Stimulieren Sie das Engagement;<\/li><li>Gestalten Sie attraktive Wiedergabelisten;<\/li><li>Variieren Sie die Videoelemente;<\/li><li>F\u00e4rben Sie das Widget nach Ihren W\u00fcnschen;<\/li><li>Passen Sie die an Breite des Widgets.<\/li><\/ul><p><a href=\"#demo\">Live-Demo \u00f6ffnet Ihnen eine vollst\u00e4ndige Liste der Funktionen<\/a><\/p><\/div><div class=\"application-platform-content-item-installation application-platform-content-item\" id=\"installation\" data-nav-section=\"installation\"><h2>So betten Sie Vimeo Video iFrame auf einer Website ein<\/h2><p> Sie m\u00fcssen lediglich ein paar einfache Schritte ausf\u00fchren, da keine Programmierung erforderlich ist. <\/p><ol><li><b>Generieren Sie Ihr personalisiertes Vimeo-Plugin<\/b><br> Generieren Sie mit unserem kostenlosen Editor ein Widget mit einem bevorzugten Layout und funktionalen Merkmalen. <\/li><li><b>Holen Sie sich den pers\u00f6nlichen Code, um das Plugin anzuzeigen<\/b><br> Nachdem Sie Ihr responsives Widget erstellt haben, erhalten Sie Ihren Installationscode aus dem Popup-Fenster von Elfsight Apps. Kopiere diesen Code. <\/li> <li><b>F\u00fcgen Sie das Plugin auf Ihrer iFrame-Site hinzu<\/b><br> Gehen Sie zu der Stelle, an der Sie das Widget einbetten m\u00f6chten, und f\u00fcgen Sie dort den gespeicherten Code ein. Ver\u00f6ffentlichen Sie die \u00c4nderungen. <\/li> <li><b>Die Einbettung wurde erfolgreich durchgef\u00fchrt!<\/b><br> Besuchen Sie den Store, um Ihr Vimeo-Video anzusehen. <\/li> <\/ol><p>Sie k\u00f6nnen sich immer noch nicht entscheiden? Oder Probleme haben? Richten Sie einfach eine Anfrage an unser Support-Team, das Ihnen bei jedem Problem weiterhilft. <\/p><\/div>","protected":false},"excerpt":{"rendered":"","protected":false},"author":9,"featured_media":0,"parent":1162,"menu_order":0,"comment_status":"closed","ping_status":"closed","template":"templates\/template-application-platform.php","meta":{"publish_to_discourse":"","publish_post_category":"","wpdc_auto_publish_overridden":"","wpdc_topic_tags":"","wpdc_pin_topic":"","wpdc_pin_until":"","discourse_post_id":"","discourse_permalink":"","wpdc_publishing_response":"","wpdc_publishing_error":"","footnotes":""},"class_list":["post-10859","page","type-page","status-publish","hentry"],"yoast_head":"<!-- This site is optimized with the Yoast SEO plugin v25.3.1 - https:\/\/yoast.com\/wordpress\/plugins\/seo\/ -->\n<title>iFrame Vimeo \u2013 Vimeo-Galerie-Widget zur iFrame-Website hinzuf\u00fcgen [2025]<\/title>\n<meta name=\"description\" content=\"Gestalten Sie mit Elfsight Ihren Vimeo-Video-iFrame und ver\u00f6ffentlichen Sie ihn ganz einfach auf Ihrer Website. Wir bieten kostenlosen Kundenservice und weitere Boni.\" \/>\n<meta name=\"robots\" content=\"index, follow, max-snippet:-1, max-image-preview:large, max-video-preview:-1\" \/>\n<link rel=\"canonical\" href=\"https:\/\/elfsight.com\/de\/vimeo-video-gallery-widget\/iframe\/\" \/>\n<meta property=\"og:locale\" content=\"de_DE\" \/>\n<meta property=\"og:type\" content=\"article\" \/>\n<meta property=\"og:title\" content=\"iFrame Vimeo \u2013 Vimeo-Galerie-Widget zur iFrame-Website hinzuf\u00fcgen [2025]\" \/>\n<meta property=\"og:description\" content=\"Gestalten Sie mit Elfsight Ihren Vimeo-Video-iFrame und ver\u00f6ffentlichen Sie ihn ganz einfach auf Ihrer Website. Wir bieten kostenlosen Kundenservice und weitere Boni.\" \/>\n<meta property=\"og:url\" content=\"https:\/\/elfsight.com\/de\/vimeo-video-gallery-widget\/iframe\/\" \/>\n<meta property=\"og:site_name\" content=\"Elfsight DE\" \/>\n<meta property=\"article:modified_time\" content=\"2025-07-10T13:57:29+00:00\" \/>\n<meta name=\"twitter:card\" content=\"summary_large_image\" \/>\n<meta name=\"twitter:label1\" content=\"Gesch\u00e4tzte Lesezeit\" \/>\n\t<meta name=\"twitter:data1\" content=\"3\u00a0Minuten\" \/>\n<!-- \/ Yoast SEO plugin. -->","yoast_head_json":{"title":"iFrame Vimeo \u2013 Vimeo-Galerie-Widget zur iFrame-Website hinzuf\u00fcgen [2025]","description":"Gestalten Sie mit Elfsight Ihren Vimeo-Video-iFrame und ver\u00f6ffentlichen Sie ihn ganz einfach auf Ihrer Website. Wir bieten kostenlosen Kundenservice und weitere Boni.","robots":{"index":"index","follow":"follow","max-snippet":"max-snippet:-1","max-image-preview":"max-image-preview:large","max-video-preview":"max-video-preview:-1"},"canonical":"https:\/\/elfsight.com\/de\/vimeo-video-gallery-widget\/iframe\/","og_locale":"de_DE","og_type":"article","og_title":"iFrame Vimeo \u2013 Vimeo-Galerie-Widget zur iFrame-Website hinzuf\u00fcgen [2025]","og_description":"Gestalten Sie mit Elfsight Ihren Vimeo-Video-iFrame und ver\u00f6ffentlichen Sie ihn ganz einfach auf Ihrer Website. Wir bieten kostenlosen Kundenservice und weitere Boni.","og_url":"https:\/\/elfsight.com\/de\/vimeo-video-gallery-widget\/iframe\/","og_site_name":"Elfsight DE","article_modified_time":"2025-07-10T13:57:29+00:00","twitter_card":"summary_large_image","twitter_misc":{"Gesch\u00e4tzte Lesezeit":"3\u00a0Minuten"},"schema":{"@context":"https:\/\/schema.org","@graph":[{"@type":"WebPage","@id":"https:\/\/elfsight.com\/de\/vimeo-video-gallery-widget\/iframe\/","url":"https:\/\/elfsight.com\/de\/vimeo-video-gallery-widget\/iframe\/","name":"iFrame Vimeo \u2013 Vimeo-Galerie-Widget zur iFrame-Website hinzuf\u00fcgen [2025]","isPartOf":{"@id":"https:\/\/elfsight.com\/de\/#website"},"datePublished":"1970-01-01T00:00:00+00:00","dateModified":"2025-07-10T13:57:29+00:00","description":"Gestalten Sie mit Elfsight Ihren Vimeo-Video-iFrame und ver\u00f6ffentlichen Sie ihn ganz einfach auf Ihrer Website. Wir bieten kostenlosen Kundenservice und weitere Boni.","breadcrumb":{"@id":"https:\/\/elfsight.com\/de\/vimeo-video-gallery-widget\/iframe\/#breadcrumb"},"inLanguage":"de","potentialAction":[{"@type":"ReadAction","target":["https:\/\/elfsight.com\/de\/vimeo-video-gallery-widget\/iframe\/"]}]},{"@type":"BreadcrumbList","@id":"https:\/\/elfsight.com\/de\/vimeo-video-gallery-widget\/iframe\/#breadcrumb","itemListElement":[{"@type":"ListItem","position":1,"name":"Home","item":"https:\/\/elfsight.com\/de\/"},{"@type":"ListItem","position":2,"name":"Vimeo Gallery","item":"https:\/\/elfsight.com\/de\/vimeo-video-gallery-widget\/"},{"@type":"ListItem","position":3,"name":"Vimeo Gallery &#8211; iFrame"}]},{"@type":"WebSite","@id":"https:\/\/elfsight.com\/de\/#website","url":"https:\/\/elfsight.com\/de\/","name":"Elfsight DE","description":"Just another Elfsight Sites site","potentialAction":[{"@type":"SearchAction","target":{"@type":"EntryPoint","urlTemplate":"https:\/\/elfsight.com\/de\/?s={search_term_string}"},"query-input":{"@type":"PropertyValueSpecification","valueRequired":true,"valueName":"search_term_string"}}],"inLanguage":"de"}]}},"meta_box":{"industry":"","seo_heading":"","heading":"","description":"","cta_heading":"","cta_description":"","application":"492","h1":"iFrame Vimeo-Videogalerie","h1_caption":"Betten Sie eine Galerie mit Vimeo-Videos ein und bieten Sie so eine nahtlose M\u00f6glichkeit, Ihre Videoinhalte m\u00fchelos auf Ihrer iFrame-Website zu pr\u00e4sentieren.","application_category":[],"applications_title":"","applications_request_title":"","applications_request_button_text":"","hero_text":"","hero_video":"","hero_video_schema_markup":"","selling_points_title":"","selling_points_caption":"","selling_points":[],"selling_points_cta_text":"","features_title":"","features":"","ed_cta_examples_text":"","ed_cta_examples_hidden":"","ed_cta_demo_text":"","ed_cta_demo_hidden":"","why_caption":"","why_editor_title":"","why_editor_text":"","why_team_title":"","why_team_text":"","why_service_title":"","why_service_text":"","template_catalog_visible":"","template_catalog_title":"","template_catalog_text":"","template_catalog_categories_visible":"","demo_title":"Erstellen Sie Ihr Vimeo-Galerie-Widget","demo_caption":"Konfigurieren Sie Ihre Vimeo-Galerie und f\u00fcgen Sie sie kostenlos zu Ihrer iFrame-Website hinzu!","default_faq_hidden":"","app_template_category":[],"platform":"240","template_public_id":"","codecanyon_url":"","codecanyon_item_id":"","codecanyon_price":"","pricing_caption":"","pricing_elfsight_apps_hide_column":"","pricing_elfsight_apps_url":"","pricing_codecanyon_price_caption":"","integration_category":[],"integration_request_title":"","integration_request_cta":"","integration_platform":"","integrations":[],"platform_category":[],"video_schema_markup":"","price":"ab 0 $ \/ Monat","trial":"","benefits":[{"text":"Kostenlose Installationsunterst\u00fctzung"},{"text":"Professioneller Kundenservice"},{"text":"14-t\u00e4gige R\u00fcckerstattungsgarantie"},{"text":"Laufende kostenlose Verbesserungen"}],"button_url":"#demo","button_target_blank":"","button_nofollow":"","attributes":[{"name":"Installiert","content":"10,000 - 100,000"},{"name":"Reaktionsfreudig","content":"Ja"},{"name":"Kompatible Browser","content":"Chrome, Firefox, Safari, Opera, Edge"}],"tags":[],"tags_disable_links":"","hide_more_platforms":"","video_object":"","demo_hide_cta":"","demo_hide_cloud_options":"","pricing_title":"","pricing":[{"pricing_icon":"platform","pricing_title":"Elfsight Apps","pricing_title_caption":"Plattform\u00fcbergreifende digitale L\u00f6sung, die auf jedem Standort funktioniert","pricing_price":"ab 0 $ \/ Monat","pricing_price_caption":"Beginnen Sie mit einem kostenlosen Plan","pricing_benefits":[{"text":"Unbegrenzte Anzahl an Websites"},{"text":"Professionelle und p\u00fcnktliche Unterst\u00fctzung"},{"text":"Kostenloser Installationsservice"},{"text":"Sonderpreis f\u00fcr mehrere Apps"}],"pricing_button_text":"Zur Website hinzuf\u00fcgen","pricing_button_url":"#demo"}],"related_apps_title":"","related_apps_hidden":"","author":"","image":[],"title":"","job":"","social_networks":[]},"_links":{"self":[{"href":"https:\/\/elfsight.com\/de\/wp-json\/wp\/v2\/pages\/10859","targetHints":{"allow":["GET"]}}],"collection":[{"href":"https:\/\/elfsight.com\/de\/wp-json\/wp\/v2\/pages"}],"about":[{"href":"https:\/\/elfsight.com\/de\/wp-json\/wp\/v2\/types\/page"}],"author":[{"embeddable":true,"href":"https:\/\/elfsight.com\/de\/wp-json\/wp\/v2\/users\/9"}],"replies":[{"embeddable":true,"href":"https:\/\/elfsight.com\/de\/wp-json\/wp\/v2\/comments?post=10859"}],"version-history":[{"count":2,"href":"https:\/\/elfsight.com\/de\/wp-json\/wp\/v2\/pages\/10859\/revisions"}],"predecessor-version":[{"id":22152,"href":"https:\/\/elfsight.com\/de\/wp-json\/wp\/v2\/pages\/10859\/revisions\/22152"}],"up":[{"embeddable":true,"href":"https:\/\/elfsight.com\/de\/wp-json\/wp\/v2\/pages\/1162"}],"wp:attachment":[{"href":"https:\/\/elfsight.com\/de\/wp-json\/wp\/v2\/media?parent=10859"}],"curies":[{"name":"wp","href":"https:\/\/api.w.org\/{rel}","templated":true}]}}