{"id":10858,"date":"1970-01-01T00:00:00","date_gmt":"1970-01-01T00:00:00","guid":{"rendered":"https:\/\/elfsight.com\/de\/?page_id=10858"},"modified":"2025-07-10T13:57:19","modified_gmt":"2025-07-10T13:57:19","slug":"facebook","status":"publish","type":"page","link":"https:\/\/elfsight.com\/de\/vimeo-video-gallery-widget\/facebook\/","title":{"rendered":"Vimeo Gallery &#8211; Facebook Page"},"content":{"rendered":"<div class=\"application-platform-content-item-description application-platform-content-item\" id=\"description\" data-nav-section=\"description\"><h2>Beschreibung<\/h2><p>Elfsight Vimeo Gallery ist ein einfaches Tool f\u00fcr diejenigen, die bereit sind, Videos auf der Seite zu integrieren. Sie k\u00f6nnen Wiedergabelisten zusammenstellen, Kan\u00e4le anzeigen, die ansprechendsten Videoinhalte f\u00fcr Ihre Galerie ausw\u00e4hlen und vieles mehr. Das Elfsight Vimeo-Widget bietet praktische Designeinstellungen, die bei der Erstellung der Benutzeroberfl\u00e4che f\u00fcr verschiedene F\u00e4lle helfen. Drei Layouts sorgen f\u00fcr die optimale Platzierung der Inhalte, mehrere Wiedergabemodi machen das Ansehen Ihrer Videos in jedem Anwendungsfall komfortabel. Mit Hilfe des flexiblen Headers ist es ganz einfach, Ihr Vimeo-Konto einzuf\u00fchren und neue Abonnenten zu gewinnen. Die Elfsight-Videogalerie ist eine effektive M\u00f6glichkeit, nicht nur das Engagement zu steigern, sondern auch Ihr Gesch\u00e4ft auszubauen. <\/p><p><b>Zeigen Sie Vimeo-Videos und -Kan\u00e4le ganz einfach auf Ihrer Website!<\/b><\/p><\/div><div class=\"application-platform-content-item-features application-platform-content-item\" id=\"features\" data-nav-section=\"features\"><h2>Funktionen<\/h2> <p>Um das Widget vollst\u00e4ndig zu verstehen, sehen Sie sich die Liste der prim\u00e4ren Merkmale an. Sie machen das Widget f\u00fcr Sie unglaublich effizient: <\/p><ul><li>Die Option, bestimmte Layouts f\u00fcr verschiedene Arten der Videoanordnung einzubetten: Raster, Playlist, Slider;<\/li><li>7 Details des Widgets Kopfzeile: Name, Statistik, Beschreibung, Schaltfl\u00e4che \u201eFolgen\u201c, Profilsymbol;<\/li><li>Vier gebrauchsfertige Wiedergabemodi: Popup, Player, Inline oder auf Vimeo;<\/li><li>Drei Varianten danach Video endet: Als n\u00e4chstes abspielen, erneut abspielen, keine.<\/li><\/ul><p><a href=\"#demo\">Weitere Funktionen in der Live-Demo ansehen<\/a><\/p><\/div> <div class=\"application-platform-content-item-installation application-platform-content-item\" id=\"installation\" data-nav-section=\"installation\"><h2>So betten Sie ein Vimeo-Video auf einer Facebook-Seite ein<\/h2><p>Diese Schritte sind das Einzige, was Sie tun m\u00fcssen, um das Widget zu integrieren. <\/p><ul><li><b>Erstellen Sie Ihre pers\u00f6nliche Vimeo-Galerie<\/b><br>Mit Hilfe unseres kostenlosen Konfigurators k\u00f6nnen Sie ein Widget mit einem individuellen Design gestalten und Quellen hinzuf\u00fcgen. <\/li><li><b>Erwerben Sie den individuellen Code, um das Widget hinzuzuf\u00fcgen<\/b><br>Nachdem Sie Ihr Widget konfiguriert haben, erhalten Sie Ihren Installationscode \u00fcber die erscheinende Benachrichtigung auf Elfsight Apps. Kopiere es. <\/li><li><b>F\u00fcgen Sie den Vimeo-Tab zur Facebook-Seite hinzu<\/b><br> Erstellen Sie Ihren benutzerdefinierten Facebook-Tab. F\u00fcgen Sie den Code, den Sie bei elfsight apps erhalten haben, in die Registerkarte ein. Wenn Sie Probleme haben, lesen Sie einfach unseren Leitfaden unter <a href=\"https:\/\/elfsight.com\/blog\/how-to-add-custom-tab-to-facebook-page\/\" target=\"_blank\" rel=\"noopener noreferrer\">Benutzerdefinierten Facebook-Tab erstellen<\/a><\/li><li><b>Sie haben die Installation erfolgreich durchgef\u00fchrt<\/b><br>Besuchen Sie die Seite, um Ihre Vimeo-Videos anzusehen.<\/li><\/ul><p>Sie k\u00f6nnen sich immer noch nicht entscheiden? Oder \u00fcber irgendetwas gestolpert? Mit nur einer einzigen Anfrage an unseren Kundendienst l\u00e4sst sich jedes Problem l\u00f6sen. <\/p><\/div>","protected":false},"excerpt":{"rendered":"","protected":false},"author":9,"featured_media":0,"parent":1162,"menu_order":0,"comment_status":"closed","ping_status":"closed","template":"templates\/template-application-platform.php","meta":{"publish_to_discourse":"","publish_post_category":"","wpdc_auto_publish_overridden":"","wpdc_topic_tags":"","wpdc_pin_topic":"","wpdc_pin_until":"","discourse_post_id":"","discourse_permalink":"","wpdc_publishing_response":"","wpdc_publishing_error":"","footnotes":""},"class_list":["post-10858","page","type-page","status-publish","hentry"],"yoast_head":"<!-- This site is optimized with the Yoast SEO plugin v25.3.1 - https:\/\/yoast.com\/wordpress\/plugins\/seo\/ -->\n<title>Facebook Vimeo \u2013 Betten Sie das Vimeo-Widget in die Website der Facebook-Seite ein<\/title>\n<meta name=\"description\" content=\"Es ist ganz einfach, Ihr Vimeo-Video-Widget zu erstellen und es in Ihre Facebook-Seite einzubetten. Der Elfsight-Kundensupport ist kostenlos.\" \/>\n<meta name=\"robots\" content=\"index, follow, max-snippet:-1, max-image-preview:large, max-video-preview:-1\" \/>\n<link rel=\"canonical\" href=\"https:\/\/elfsight.com\/de\/vimeo-video-gallery-widget\/facebook\/\" \/>\n<meta property=\"og:locale\" content=\"de_DE\" \/>\n<meta property=\"og:type\" content=\"article\" \/>\n<meta property=\"og:title\" content=\"Facebook Vimeo \u2013 Betten Sie das Vimeo-Widget in die Website der Facebook-Seite ein\" \/>\n<meta property=\"og:description\" content=\"Es ist ganz einfach, Ihr Vimeo-Video-Widget zu erstellen und es in Ihre Facebook-Seite einzubetten. Der Elfsight-Kundensupport ist kostenlos.\" \/>\n<meta property=\"og:url\" content=\"https:\/\/elfsight.com\/de\/vimeo-video-gallery-widget\/facebook\/\" \/>\n<meta property=\"og:site_name\" content=\"Elfsight DE\" \/>\n<meta property=\"article:modified_time\" content=\"2025-07-10T13:57:19+00:00\" \/>\n<meta name=\"twitter:card\" content=\"summary_large_image\" \/>\n<meta name=\"twitter:label1\" content=\"Gesch\u00e4tzte Lesezeit\" \/>\n\t<meta name=\"twitter:data1\" content=\"2\u00a0Minuten\" \/>\n<!-- \/ Yoast SEO plugin. -->","yoast_head_json":{"title":"Facebook Vimeo \u2013 Betten Sie das Vimeo-Widget in die Website der Facebook-Seite ein","description":"Es ist ganz einfach, Ihr Vimeo-Video-Widget zu erstellen und es in Ihre Facebook-Seite einzubetten. Der Elfsight-Kundensupport ist kostenlos.","robots":{"index":"index","follow":"follow","max-snippet":"max-snippet:-1","max-image-preview":"max-image-preview:large","max-video-preview":"max-video-preview:-1"},"canonical":"https:\/\/elfsight.com\/de\/vimeo-video-gallery-widget\/facebook\/","og_locale":"de_DE","og_type":"article","og_title":"Facebook Vimeo \u2013 Betten Sie das Vimeo-Widget in die Website der Facebook-Seite ein","og_description":"Es ist ganz einfach, Ihr Vimeo-Video-Widget zu erstellen und es in Ihre Facebook-Seite einzubetten. Der Elfsight-Kundensupport ist kostenlos.","og_url":"https:\/\/elfsight.com\/de\/vimeo-video-gallery-widget\/facebook\/","og_site_name":"Elfsight DE","article_modified_time":"2025-07-10T13:57:19+00:00","twitter_card":"summary_large_image","twitter_misc":{"Gesch\u00e4tzte Lesezeit":"2\u00a0Minuten"},"schema":{"@context":"https:\/\/schema.org","@graph":[{"@type":"WebPage","@id":"https:\/\/elfsight.com\/de\/vimeo-video-gallery-widget\/facebook\/","url":"https:\/\/elfsight.com\/de\/vimeo-video-gallery-widget\/facebook\/","name":"Facebook Vimeo \u2013 Betten Sie das Vimeo-Widget in die Website der Facebook-Seite ein","isPartOf":{"@id":"https:\/\/elfsight.com\/de\/#website"},"datePublished":"1970-01-01T00:00:00+00:00","dateModified":"2025-07-10T13:57:19+00:00","description":"Es ist ganz einfach, Ihr Vimeo-Video-Widget zu erstellen und es in Ihre Facebook-Seite einzubetten. Der Elfsight-Kundensupport ist kostenlos.","breadcrumb":{"@id":"https:\/\/elfsight.com\/de\/vimeo-video-gallery-widget\/facebook\/#breadcrumb"},"inLanguage":"de","potentialAction":[{"@type":"ReadAction","target":["https:\/\/elfsight.com\/de\/vimeo-video-gallery-widget\/facebook\/"]}]},{"@type":"BreadcrumbList","@id":"https:\/\/elfsight.com\/de\/vimeo-video-gallery-widget\/facebook\/#breadcrumb","itemListElement":[{"@type":"ListItem","position":1,"name":"Home","item":"https:\/\/elfsight.com\/de\/"},{"@type":"ListItem","position":2,"name":"Vimeo Gallery","item":"https:\/\/elfsight.com\/de\/vimeo-video-gallery-widget\/"},{"@type":"ListItem","position":3,"name":"Vimeo Gallery &#8211; Facebook Page"}]},{"@type":"WebSite","@id":"https:\/\/elfsight.com\/de\/#website","url":"https:\/\/elfsight.com\/de\/","name":"Elfsight DE","description":"Just another Elfsight Sites site","potentialAction":[{"@type":"SearchAction","target":{"@type":"EntryPoint","urlTemplate":"https:\/\/elfsight.com\/de\/?s={search_term_string}"},"query-input":{"@type":"PropertyValueSpecification","valueRequired":true,"valueName":"search_term_string"}}],"inLanguage":"de"}]}},"meta_box":{"industry":"","seo_heading":"","heading":"","description":"","cta_heading":"","cta_description":"","application":"492","h1":"Vimeo-Video auf Facebook einbetten","h1_caption":"Betten Sie eine Galerie mit Vimeo-Videos ein und bieten Sie so eine nahtlose M\u00f6glichkeit, Ihre Videoinhalte m\u00fchelos auf Ihrer Facebook-Seiten-Website zu pr\u00e4sentieren.","application_category":[],"applications_title":"","applications_request_title":"","applications_request_button_text":"","hero_text":"","hero_video":"","hero_video_schema_markup":"","selling_points_title":"","selling_points_caption":"","selling_points":[],"selling_points_cta_text":"","features_title":"","features":"","ed_cta_examples_text":"","ed_cta_examples_hidden":"","ed_cta_demo_text":"","ed_cta_demo_hidden":"","why_caption":"","why_editor_title":"","why_editor_text":"","why_team_title":"","why_team_text":"","why_service_title":"","why_service_text":"","template_catalog_visible":"","template_catalog_title":"","template_catalog_text":"","template_catalog_categories_visible":"","demo_title":"Erstellen Sie Ihr Vimeo-Galerie-Widget","demo_caption":"Konfigurieren Sie Ihre Vimeo-Galerie und f\u00fcgen Sie sie kostenlos Ihrer Facebook-Seite hinzu!","default_faq_hidden":"","app_template_category":[],"platform":"216","template_public_id":"","codecanyon_url":"","codecanyon_item_id":"","codecanyon_price":"","pricing_caption":"","pricing_elfsight_apps_hide_column":"","pricing_elfsight_apps_url":"","pricing_codecanyon_price_caption":"","integration_category":[],"integration_request_title":"","integration_request_cta":"","integration_platform":"","integrations":[],"platform_category":[],"video_schema_markup":"","price":"ab 0 $ \/ Monat","trial":"","benefits":[{"text":"Kostenlose Installationshilfe"},{"text":"Premium-Support"},{"text":"14-t\u00e4gige R\u00fcckerstattungsgarantie"},{"text":"Kontinuierliche Updates"}],"button_url":"#demo","button_target_blank":"","button_nofollow":"","attributes":[{"name":"Installiert","content":"10,000 - 100,000"},{"name":"Reaktionsfreudig","content":"Ja"},{"name":"Kompatible Browser","content":"Opera, Edge, Firefox, Safari, Chrome"}],"tags":[],"tags_disable_links":"","hide_more_platforms":"","video_object":"","demo_hide_cta":"","demo_hide_cloud_options":"","pricing_title":"","pricing":[{"pricing_icon":"platform","pricing_title":"Elfsight Apps","pricing_title_caption":"Plattform\u00fcbergreifende Version","pricing_price":"ab 0 $ \/ Monat","pricing_price_caption":"Beginnen Sie mit einem kostenlosen Plan","pricing_benefits":[{"text":"Unbegrenzte Domains"},{"text":"Schnelle Unterst\u00fctzung"},{"text":"Kostenloser Installationssupport"},{"text":"Sonderangebot f\u00fcr mehrere Apps"}],"pricing_button_text":"Zur Website hinzuf\u00fcgen","pricing_button_url":"#demo"}],"related_apps_title":"","related_apps_hidden":"","author":"","image":[],"title":"","job":"","social_networks":[]},"_links":{"self":[{"href":"https:\/\/elfsight.com\/de\/wp-json\/wp\/v2\/pages\/10858","targetHints":{"allow":["GET"]}}],"collection":[{"href":"https:\/\/elfsight.com\/de\/wp-json\/wp\/v2\/pages"}],"about":[{"href":"https:\/\/elfsight.com\/de\/wp-json\/wp\/v2\/types\/page"}],"author":[{"embeddable":true,"href":"https:\/\/elfsight.com\/de\/wp-json\/wp\/v2\/users\/9"}],"replies":[{"embeddable":true,"href":"https:\/\/elfsight.com\/de\/wp-json\/wp\/v2\/comments?post=10858"}],"version-history":[{"count":1,"href":"https:\/\/elfsight.com\/de\/wp-json\/wp\/v2\/pages\/10858\/revisions"}],"predecessor-version":[{"id":10862,"href":"https:\/\/elfsight.com\/de\/wp-json\/wp\/v2\/pages\/10858\/revisions\/10862"}],"up":[{"embeddable":true,"href":"https:\/\/elfsight.com\/de\/wp-json\/wp\/v2\/pages\/1162"}],"wp:attachment":[{"href":"https:\/\/elfsight.com\/de\/wp-json\/wp\/v2\/media?parent=10858"}],"curies":[{"name":"wp","href":"https:\/\/api.w.org\/{rel}","templated":true}]}}