{"id":10857,"date":"1970-01-01T00:00:00","date_gmt":"1970-01-01T00:00:00","guid":{"rendered":"https:\/\/elfsight.com\/de\/?page_id=10857"},"modified":"2025-07-10T13:58:23","modified_gmt":"2025-07-10T13:58:23","slug":"woocommerce","status":"publish","type":"page","link":"https:\/\/elfsight.com\/de\/vimeo-video-gallery-widget\/woocommerce\/","title":{"rendered":"Vimeo Gallery &#8211; WooCommerce"},"content":{"rendered":"<div class=\"application-platform-content-item-description application-platform-content-item\" id=\"description\" data-nav-section=\"description\"><h2>Beschreibung<\/h2><p>Elfsight Vimeo Gallery ist ein effektives Widget f\u00fcr Websitebesitzer, die Vimeo-Videos auf der Website anzeigen m\u00fcssen. Sie k\u00f6nnen Wiedergabelisten mit Videos erstellen, Kan\u00e4le integrieren, die interessantesten Videoinhalte f\u00fcr Ihre Videogalerie ausw\u00e4hlen und vieles mehr. Das Widget umfasst mehrere Designeinstellungen, die dabei helfen, die Schnittstelle f\u00fcr verschiedene F\u00e4lle anzupassen. Drei Widget-Layouts helfen dabei, den Inhalt optimal zu organisieren, mehrere Wiedergabemodi machen das Ansehen von Videos praktisch. K\u00fcndigen Sie mithilfe des flexiblen Headers Ihren Kanal an und steigern Sie die Anzahl der Follower.<\/p><p><b>Elfsight Vimeo Gallery ist eine effiziente M\u00f6glichkeit, nicht nur das Engagement zu steigern, sondern auch Ihr Unternehmen weiterzuentwickeln.<\/b> <\/p><\/div> <div class=\"faq\" data-component=\"FAQ\"><div class=\"faq-item\">\r\n\t\t\t\t\t<div class=\"faq-item-question\">\r\n\t\t\t\t\t\t<h3 class=\"faq-item-question-text\">Wie kann ich eine Vimeo-Galerie zur WooCommerce-Site hinzuf\u00fcgen? <\/h3>\r\n\r\n\t\t\t\t\t\t<div class=\"faq-item-question-icon\"><\/div>\r\n\t\t\t\t\t<\/div>\r\n\r\n\t\t\t\t\t<div class=\"faq-item-answer\">\r\n\t\t\t\t\t\t<div class=\"faq-item-answer-text\"><p>Die Gr\u00fcndung des Tools erfolgt auf den Elfsight-Seiten und es besteht keine Notwendigkeit, das Programmieren zu lernen. Nutzen Sie die Online-Demo, um Ihre eigene App anzupassen, den Code zu erwerben und ihn in Ihre Website einzuf\u00fcgen. <\/p><\/div>\r\n\t\t\t\t\t<\/div>\r\n\t\t\t\t<\/div><div class=\"faq-item\">\r\n\t\t\t\t\t<div class=\"faq-item-question\">\r\n\t\t\t\t\t\t<h3 class=\"faq-item-question-text\">Die besten M\u00f6glichkeiten, die Vimeo-Videogalerie-Integration zu nutzen<\/h3>\r\n\r\n\t\t\t\t\t\t<div class=\"faq-item-question-icon\"><\/div>\r\n\t\t\t\t\t<\/div>\r\n\r\n\t\t\t\t\t<div class=\"faq-item-answer\">\r\n\t\t\t\t\t\t<div class=\"faq-item-answer-text\"><p>Wir stellen Ihnen zahlreiche Anpassungsm\u00f6glichkeiten zur Verf\u00fcgung: vollwertige Widgets zur Implementierung im Inhaltsbereich, schwebende Widgets f\u00fcr Scrolloptionen, Layouts f\u00fcr die Fu\u00dfzeile Ihrer Website, die Kopfzeile und alle Arten von vertikalen Optionen f\u00fcr Seitenleisten und Men\u00fcs. <\/p><\/div>\r\n\t\t\t\t\t<\/div>\r\n\t\t\t\t<\/div><div class=\"faq-item\">\r\n\t\t\t\t\t<div class=\"faq-item-question\">\r\n\t\t\t\t\t\t<h3 class=\"faq-item-question-text\">Darf ich mit Hilfe Ihres Editors ein Video-Showcase- oder Kanal-Vimeo-Widget erstellen? <\/h3>\r\n\r\n\t\t\t\t\t\t<div class=\"faq-item-question-icon\"><\/div>\r\n\t\t\t\t\t<\/div>\r\n\r\n\t\t\t\t\t<div class=\"faq-item-answer\">\r\n\t\t\t\t\t\t<div class=\"faq-item-answer-text\"><p>Es steht Ihnen frei, \u00c4nderungen an jedem Widget vorzunehmen. Im Editor sind viele Layouts anwendbar, und alle k\u00f6nnen ganz einfach an Ihre Bed\u00fcrfnisse angepasst werden. <\/p><\/div>\r\n\t\t\t\t\t<\/div>\r\n\t\t\t\t<\/div><\/div><div class=\"application-platform-content-item-features application-platform-content-item\" id=\"features\" data-nav-section=\"features\"><h2>Das Widget enth\u00e4lt praktische und einfache Funktionen, hier sind einige davon:<\/h2><ul><li>Einbetten von Videos von URLs; <\/li><li>3 integrierte Layouts f\u00fcr die Anordnung verschiedener Videos: Raster, Playlist, Slider; <\/li><li>Sieben umschaltbare Details des Headers: Name, Statistik, Beschreibung, Follow-Button, Profilbild; <\/li><li>4 integrierte Wiedergabemodi: Popup, Player, Inline oder auf Vimeo; <\/li><li>3 Aktionen nach Ende des Videos: Als n\u00e4chstes abspielen, erneut abspielen, keine; <\/li><\/ul><p><a href=\"#demo\">Entdecken Sie alle Anpassungsoptionen in einer 100 % funktionsf\u00e4higen Demo<\/a><\/p><\/div><div class=\"application-platform-content-item-installation application-platform-content-item\" id=\"installation\" data-nav-section=\"installation\"> <h2>Wie kann ich die Vimeo-Videogalerie in meine WooCommerce-Site einbetten?<\/h2><p>Befolgen Sie einfach die nachstehenden Anweisungen, um das Tool zu integrieren.<\/p><ol><li><b>Nutzen Sie unser kostenloses Demo und beginnen Sie mit der Erstellung Ihres eigenen Instruments.<\/b><br>Geben Sie die bevorzugte Schnittstelle und Funktionalit\u00e4t des Widgets an und wenden Sie die \u00c4nderungen an.<\/li><li><b>Sie erhalten den pers\u00f6nlichen Code, der im speziellen Formular angezeigt wird Elfsight Apps.<\/b><br>Sobald die Konfiguration Ihres Plugins abgeschlossen ist, kopieren Sie den pers\u00f6nlichen Code in das angezeigte Feld und speichern Sie ihn f\u00fcr eine sp\u00e4tere Gelegenheit.<\/li><li><b>Initiieren Sie die Nutzung des Widgets auf der WooCommerce-Website.<\/b><br>F\u00fcgen Sie den zuvor gespeicherten Code in Ihre Website ein und wenden Sie die Verbesserungen an.<\/li><li><b>Fertig! Die Integration ist vollst\u00e4ndig abgeschlossen.<\/b><br>Gehen Sie auf Ihre Website, um die Leistung des Plugins zu beobachten.<\/li><\/ol><p>Vorbehaltlich der Bearbeitung von Anfragen oder auf Schwierigkeiten sto\u00dfen, tun Sie dies nicht Scheuen Sie sich nicht, unser Support-Team um Hilfe zu bitten. Unsere Berater helfen Ihnen gerne bei allen Fragen rund um das Produkt weiter.<\/p><\/div>","protected":false},"excerpt":{"rendered":"","protected":false},"author":9,"featured_media":0,"parent":1162,"menu_order":0,"comment_status":"closed","ping_status":"closed","template":"templates\/template-application-platform.php","meta":{"publish_to_discourse":"","publish_post_category":"","wpdc_auto_publish_overridden":"","wpdc_topic_tags":"","wpdc_pin_topic":"","wpdc_pin_until":"","discourse_post_id":"","discourse_permalink":"","wpdc_publishing_response":"","wpdc_publishing_error":"","footnotes":""},"class_list":["post-10857","page","type-page","status-publish","hentry"],"yoast_head":"<!-- This site is optimized with the Yoast SEO plugin v25.3.1 - https:\/\/yoast.com\/wordpress\/plugins\/seo\/ -->\n<title>WooCommerce Vimeo Video Gallery-Plugin f\u00fcr Ihre Website (2025)<\/title>\n<meta name=\"description\" content=\"Sie k\u00f6nnen das Vimeo-Videogalerie-Plugin im Editor anpassen und direkt \u00fcber die Demo in Ihre WooCommerce-Website einf\u00fcgen.\" \/>\n<meta name=\"robots\" content=\"index, follow, max-snippet:-1, max-image-preview:large, max-video-preview:-1\" \/>\n<link rel=\"canonical\" href=\"https:\/\/elfsight.com\/de\/vimeo-video-gallery-widget\/woocommerce\/\" \/>\n<meta property=\"og:locale\" content=\"de_DE\" \/>\n<meta property=\"og:type\" content=\"article\" \/>\n<meta property=\"og:title\" content=\"WooCommerce Vimeo Video Gallery-Plugin f\u00fcr Ihre Website (2025)\" \/>\n<meta property=\"og:description\" content=\"Sie k\u00f6nnen das Vimeo-Videogalerie-Plugin im Editor anpassen und direkt \u00fcber die Demo in Ihre WooCommerce-Website einf\u00fcgen.\" \/>\n<meta property=\"og:url\" content=\"https:\/\/elfsight.com\/de\/vimeo-video-gallery-widget\/woocommerce\/\" \/>\n<meta property=\"og:site_name\" content=\"Elfsight DE\" \/>\n<meta property=\"article:modified_time\" content=\"2025-07-10T13:58:23+00:00\" \/>\n<meta name=\"twitter:card\" content=\"summary_large_image\" \/>\n<meta name=\"twitter:label1\" content=\"Gesch\u00e4tzte Lesezeit\" \/>\n\t<meta name=\"twitter:data1\" content=\"3\u00a0Minuten\" \/>\n<!-- \/ Yoast SEO plugin. -->","yoast_head_json":{"title":"WooCommerce Vimeo Video Gallery-Plugin f\u00fcr Ihre Website (2025)","description":"Sie k\u00f6nnen das Vimeo-Videogalerie-Plugin im Editor anpassen und direkt \u00fcber die Demo in Ihre WooCommerce-Website einf\u00fcgen.","robots":{"index":"index","follow":"follow","max-snippet":"max-snippet:-1","max-image-preview":"max-image-preview:large","max-video-preview":"max-video-preview:-1"},"canonical":"https:\/\/elfsight.com\/de\/vimeo-video-gallery-widget\/woocommerce\/","og_locale":"de_DE","og_type":"article","og_title":"WooCommerce Vimeo Video Gallery-Plugin f\u00fcr Ihre Website (2025)","og_description":"Sie k\u00f6nnen das Vimeo-Videogalerie-Plugin im Editor anpassen und direkt \u00fcber die Demo in Ihre WooCommerce-Website einf\u00fcgen.","og_url":"https:\/\/elfsight.com\/de\/vimeo-video-gallery-widget\/woocommerce\/","og_site_name":"Elfsight DE","article_modified_time":"2025-07-10T13:58:23+00:00","twitter_card":"summary_large_image","twitter_misc":{"Gesch\u00e4tzte Lesezeit":"3\u00a0Minuten"},"schema":{"@context":"https:\/\/schema.org","@graph":[{"@type":"WebPage","@id":"https:\/\/elfsight.com\/de\/vimeo-video-gallery-widget\/woocommerce\/","url":"https:\/\/elfsight.com\/de\/vimeo-video-gallery-widget\/woocommerce\/","name":"WooCommerce Vimeo Video Gallery-Plugin f\u00fcr Ihre Website (2025)","isPartOf":{"@id":"https:\/\/elfsight.com\/de\/#website"},"datePublished":"1970-01-01T00:00:00+00:00","dateModified":"2025-07-10T13:58:23+00:00","description":"Sie k\u00f6nnen das Vimeo-Videogalerie-Plugin im Editor anpassen und direkt \u00fcber die Demo in Ihre WooCommerce-Website einf\u00fcgen.","breadcrumb":{"@id":"https:\/\/elfsight.com\/de\/vimeo-video-gallery-widget\/woocommerce\/#breadcrumb"},"inLanguage":"de","potentialAction":[{"@type":"ReadAction","target":["https:\/\/elfsight.com\/de\/vimeo-video-gallery-widget\/woocommerce\/"]}]},{"@type":"BreadcrumbList","@id":"https:\/\/elfsight.com\/de\/vimeo-video-gallery-widget\/woocommerce\/#breadcrumb","itemListElement":[{"@type":"ListItem","position":1,"name":"Home","item":"https:\/\/elfsight.com\/de\/"},{"@type":"ListItem","position":2,"name":"Vimeo Gallery","item":"https:\/\/elfsight.com\/de\/vimeo-video-gallery-widget\/"},{"@type":"ListItem","position":3,"name":"Vimeo Gallery &#8211; WooCommerce"}]},{"@type":"WebSite","@id":"https:\/\/elfsight.com\/de\/#website","url":"https:\/\/elfsight.com\/de\/","name":"Elfsight DE","description":"Just another Elfsight Sites site","potentialAction":[{"@type":"SearchAction","target":{"@type":"EntryPoint","urlTemplate":"https:\/\/elfsight.com\/de\/?s={search_term_string}"},"query-input":{"@type":"PropertyValueSpecification","valueRequired":true,"valueName":"search_term_string"}}],"inLanguage":"de"}]}},"meta_box":{"industry":"","seo_heading":"","heading":"","description":"","cta_heading":"","cta_description":"","application":"492","h1":"WooCommerce Vimeo-Videogalerie","h1_caption":"Betten Sie eine Galerie mit Vimeo-Videos ein und bieten Sie so eine nahtlose M\u00f6glichkeit, Ihre Videoinhalte m\u00fchelos auf Ihrer WooCommerce-Website zu pr\u00e4sentieren.","application_category":[],"applications_title":"","applications_request_title":"","applications_request_button_text":"","hero_text":"","hero_video":"","hero_video_schema_markup":"","selling_points_title":"","selling_points_caption":"","selling_points":[],"selling_points_cta_text":"","features_title":"","features":"","ed_cta_examples_text":"","ed_cta_examples_hidden":"","ed_cta_demo_text":"","ed_cta_demo_hidden":"","why_caption":"","why_editor_title":"","why_editor_text":"","why_team_title":"","why_team_text":"","why_service_title":"","why_service_text":"","template_catalog_visible":"","template_catalog_title":"","template_catalog_text":"","template_catalog_categories_visible":"","demo_title":"Erstellen Sie Ihre Vimeo Gallery-App","demo_caption":"Konfigurieren Sie Ihre Vimeo-Galerie und f\u00fcgen Sie sie kostenlos zu Ihrer WooCommerce-Website hinzu!","default_faq_hidden":"","app_template_category":[],"platform":"200","template_public_id":"","codecanyon_url":"","codecanyon_item_id":"","codecanyon_price":"","pricing_caption":"","pricing_elfsight_apps_hide_column":"","pricing_elfsight_apps_url":"","pricing_codecanyon_price_caption":"","integration_category":[],"integration_request_title":"","integration_request_cta":"","integration_platform":"","integrations":[],"platform_category":[],"video_schema_markup":"","price":"ab 0 $ \/ Monat","trial":"","benefits":[{"text":"Kostenlose Installationsunterst\u00fctzung"},{"text":"Effektiver Kundenservice"},{"text":"14-t\u00e4gige Geld-zur\u00fcck-Garantie"},{"text":"Lebenslange Verbesserungen"}],"button_url":"#demo","button_target_blank":"","button_nofollow":"","attributes":[{"name":"Installiert","content":"10,000 - 100,000"},{"name":"Reaktionsfreudig","content":"Ja"},{"name":"Kompatible Browser","content":"Firefox, Safari, Opera, Chrome, Edge"}],"tags":[],"tags_disable_links":"","hide_more_platforms":"","video_object":"","demo_hide_cta":"","demo_hide_cloud_options":"","pricing_title":"","pricing":[{"pricing_icon":"platform","pricing_title":"Elfsight Apps","pricing_title_caption":"Plattform\u00fcbergreifende Version, die f\u00fcr jede Website geeignet ist","pricing_price":"ab 0 $ \/ Monat","pricing_price_caption":"Beginnen Sie mit einem kostenlosen Plan","pricing_benefits":[{"text":"Unbegrenzte Websites"},{"text":"Kostenloser Support und gut dokumentiert"},{"text":"Kostenlose Installationshilfe"},{"text":"Flexibles Design"}],"pricing_button_text":"Zur Website hinzuf\u00fcgen","pricing_button_url":"#demo"}],"related_apps_title":"","related_apps_hidden":"","author":"","image":[],"title":"","job":"","social_networks":[]},"_links":{"self":[{"href":"https:\/\/elfsight.com\/de\/wp-json\/wp\/v2\/pages\/10857","targetHints":{"allow":["GET"]}}],"collection":[{"href":"https:\/\/elfsight.com\/de\/wp-json\/wp\/v2\/pages"}],"about":[{"href":"https:\/\/elfsight.com\/de\/wp-json\/wp\/v2\/types\/page"}],"author":[{"embeddable":true,"href":"https:\/\/elfsight.com\/de\/wp-json\/wp\/v2\/users\/9"}],"replies":[{"embeddable":true,"href":"https:\/\/elfsight.com\/de\/wp-json\/wp\/v2\/comments?post=10857"}],"version-history":[{"count":2,"href":"https:\/\/elfsight.com\/de\/wp-json\/wp\/v2\/pages\/10857\/revisions"}],"predecessor-version":[{"id":22151,"href":"https:\/\/elfsight.com\/de\/wp-json\/wp\/v2\/pages\/10857\/revisions\/22151"}],"up":[{"embeddable":true,"href":"https:\/\/elfsight.com\/de\/wp-json\/wp\/v2\/pages\/1162"}],"wp:attachment":[{"href":"https:\/\/elfsight.com\/de\/wp-json\/wp\/v2\/media?parent=10857"}],"curies":[{"name":"wp","href":"https:\/\/api.w.org\/{rel}","templated":true}]}}