{"id":10835,"date":"1970-01-01T00:00:00","date_gmt":"1970-01-01T00:00:00","guid":{"rendered":"https:\/\/elfsight.com\/de\/?page_id=10835"},"modified":"2025-02-19T10:49:51","modified_gmt":"2025-02-19T10:49:51","slug":"elementor","status":"publish","type":"page","link":"https:\/\/elfsight.com\/de\/viber-chat-widget\/elementor\/","title":{"rendered":"Viber Chat &#8211; Elementor"},"content":{"rendered":"\n<div class=\"application-platform-content-item-description application-platform-content-item\" id=\"description\" data-nav-section=\"description\"> <h2>Viber Chat auf Elementor mit dem Elfsight-Widget einbetten<\/h2><p>Elfsight Viber Chat ist die schnellste M\u00f6glichkeit f\u00fcr andere, Sie zu erreichen deine Website. Jeder Benutzer erh\u00e4lt von Ihnen schnell L\u00f6sungen f\u00fcr seine Fragen oder Unterst\u00fctzung. Bleiben Sie online in einem der am h\u00e4ufigsten genutzten Chats verf\u00fcgbar. Sie k\u00f6nnen Elfsight Viber Chat so ausw\u00e4hlen, dass er auf bestimmten Seiten stattfindet, und ihn auf bestimmte Zielgruppenkategorien ausrichten. Das Widget bietet zahlreiche Anpassungsoptionen: Definieren Sie Chat-Startstarter, verfassen Sie Ihre eigene Willkommensnachricht, w\u00e4hlen Sie Symbole aus und andere Funktionen. Mit Viber Chat auf der Website k\u00f6nnen Sie jederzeit und von \u00fcberall aus mit Besuchern in Kontakt bleiben.<\/p><p><b>Erzielen Sie mit Viber Chat eine schnellere Gesch\u00e4ftsentwicklung und mehr Umsatz<\/b><\/p><\/div> <div class=\"application-platform-content-item-features application-platform-content-item\" id=\"features\" data-nav-section=\"features\"> <h2>Hier finden Sie die wesentlichen Funktionen des Widgets:<\/h2><ul><li>Eine Bibliothek mit Blasensymbolen zur Auswahl<\/li><li>Bearbeitbare Blase Text<\/li><li>Flexibler Chat-Header mit Seitenlogo, Name und Beschriftung<\/li><li>Option zum Bearbeiten des Chat-Namens<\/li><li>Benutzerdefinierten Text als Chat-Beschriftung verwenden<\/li><li> Bearbeitbare Willkommensnachricht mit Formatierungsoptionen und Links<\/li><\/ul><p><a href=\"#demo\">Sehen Sie sich einfach diese Demo an, um die Funktionalit\u00e4t des Widgets zu verstehen<\/a><\/p><\/div> <div class=\"application-platform-content-item-installation application-platform-content-item\" id=\"installation\" data-nav-section=\"installation\"> <h2>Wie f\u00fcge ich Viber Chat zu meiner Elementor-Website hinzu?<\/h2><p>F\u00fchren Sie einfach die folgenden Richtlinien aus, um das Plugin hinzuzuf\u00fcgen.<\/p><ol><li> <b>Verwenden Sie unseren kostenlosen Editor und beginnen Sie mit der Gestaltung Ihres eigenen Plugins.<\/b><br>Bestimmen Sie das ausgew\u00e4hlte Aussehen und die Aspekte des Plugins und wenden Sie die \u00c4nderungen an.<\/li><li><b>Sie erhalten den angezeigten eindeutigen Code im Fenster von Elfsight Apps<\/b><br>Wenn die Einrichtung Ihres Tools abgeschlossen ist, kopieren Sie den exklusiven Code im angezeigten Fenster und bewahren Sie ihn f\u00fcr die sp\u00e4tere Verwendung auf.<\/li><li><b>Beginnen Sie mit der Verwendung das Widget auf Ihrer Elementor-Homepage<\/b><br>F\u00fcgen Sie den k\u00fcrzlich kopierten Code in Ihre Homepage ein und wenden Sie die Korrekturen an.<\/li><li><b>Das Setup wurde erfolgreich abgeschlossen<\/b><br>Gehe zu Besuchen Sie Ihre Website, um zu \u00fcberpr\u00fcfen, wie das Tool funktioniert.<\/li><\/ol><p>Falls Sie auf Schwierigkeiten sto\u00dfen, z\u00f6gern Sie nicht, sich an unseren Kundendienst zu wenden. Unsere Mitarbeiter l\u00f6sen gerne alle Probleme, die Sie m\u00f6glicherweise mit dem Produkt haben.<\/p><div class=\"faq\" data-component=\"FAQ\"> <div class=\"faq-item\">\r\n\t\t\t\t\t<div class=\"faq-item-question\">\r\n\t\t\t\t\t\t<h3 class=\"faq-item-question-text\">Wie f\u00fcge ich Viber Chat zu meiner Elementor-Website hinzu, ohne Programmierkenntnisse zu ben\u00f6tigen?<\/h3>\r\n\r\n\t\t\t\t\t\t<div class=\"faq-item-question-icon\"><\/div>\r\n\t\t\t\t\t<\/div>\r\n\r\n\t\t\t\t\t<div class=\"faq-item-answer\">\r\n\t\t\t\t\t\t<div class=\"faq-item-answer-text\"> <p>Elfsight bietet eine SaaS-L\u00f6sung, mit der Sie selbst ein Viber-Chat-Widget erstellen k\u00f6nnen. Sehen Sie, wie einfach der Vorgang ist: Arbeiten Sie direkt im Online-Editor, um ein Viber-Chat-Widget zu erstellen, das Sie gerne auf Ihrer Elementor-Website sehen w\u00fcrden. W\u00e4hlen Sie eine der vorgefertigten Vorlagen aus und passen Sie die Viber-Chat-Einstellungen an, f\u00fcgen Sie Ihre Inhalte hinzu, \u00e4ndern Sie das Layout und die Farbe der Elemente, ohne dass Sie Programmierkenntnisse ben\u00f6tigen. Speichern Sie den Viber Chat und kopieren Sie seinen Installationscode, damit Sie ihn problemlos zu Ihrer Elementor-Website hinzuf\u00fcgen k\u00f6nnen, ohne einen kostenpflichtigen Plan kaufen zu m\u00fcssen. Mit unserem intuitiven Editor kann jeder Internetnutzer online ein Viber-Chat-Widget erstellen und es einfach in seine Elementor-Website einbetten. Sie m\u00fcssen weder bezahlen noch Ihre Kartendaten eingeben, um auf den Service zuzugreifen. Sollten bei irgendeinem Schritt Probleme auftreten, wenden Sie sich bitte an unser technisches Support-Team.<\/p> <\/div>\r\n\t\t\t\t\t<\/div>\r\n\t\t\t\t<\/div> <\/div> <\/div>\n","protected":false},"excerpt":{"rendered":"","protected":false},"author":9,"featured_media":0,"parent":2535,"menu_order":0,"comment_status":"closed","ping_status":"closed","template":"templates\/template-application-platform.php","meta":{"publish_to_discourse":"","publish_post_category":"","wpdc_auto_publish_overridden":"","wpdc_topic_tags":"","wpdc_pin_topic":"","wpdc_pin_until":"","discourse_post_id":"","discourse_permalink":"","wpdc_publishing_response":"","wpdc_publishing_error":"","footnotes":""},"class_list":["post-10835","page","type-page","status-publish","hentry"],"yoast_head":"<!-- This site is optimized with the Yoast SEO plugin v25.3.1 - https:\/\/yoast.com\/wordpress\/plugins\/seo\/ -->\n<title>Viber Chat ohne Codierung zur Elementor-Website hinzuf\u00fcgen (2025)<\/title>\n<meta name=\"description\" content=\"Betten Sie Viber Chat auf der Website ein, um eine bessere und sofortige Verbindung mit Kunden zu erm\u00f6glichen. Testen Sie jetzt die kostenlose Elfsight-Demo, um Ihr eigenes Plugin zu konfigurieren.\" \/>\n<meta name=\"robots\" content=\"index, follow, max-snippet:-1, max-image-preview:large, max-video-preview:-1\" \/>\n<link rel=\"canonical\" href=\"https:\/\/elfsight.com\/de\/viber-chat-widget\/elementor\/\" \/>\n<meta property=\"og:locale\" content=\"de_DE\" \/>\n<meta property=\"og:type\" content=\"article\" \/>\n<meta property=\"og:title\" content=\"Viber Chat ohne Codierung zur Elementor-Website hinzuf\u00fcgen (2025)\" \/>\n<meta property=\"og:description\" content=\"Betten Sie Viber Chat auf der Website ein, um eine bessere und sofortige Verbindung mit Kunden zu erm\u00f6glichen. Testen Sie jetzt die kostenlose Elfsight-Demo, um Ihr eigenes Plugin zu konfigurieren.\" \/>\n<meta property=\"og:url\" content=\"https:\/\/elfsight.com\/de\/viber-chat-widget\/elementor\/\" \/>\n<meta property=\"og:site_name\" content=\"Elfsight DE\" \/>\n<meta property=\"article:modified_time\" content=\"2025-02-19T10:49:51+00:00\" \/>\n<meta name=\"twitter:card\" content=\"summary_large_image\" \/>\n<meta name=\"twitter:label1\" content=\"Gesch\u00e4tzte Lesezeit\" \/>\n\t<meta name=\"twitter:data1\" content=\"3\u00a0Minuten\" \/>\n<!-- \/ Yoast SEO plugin. -->","yoast_head_json":{"title":"Viber Chat ohne Codierung zur Elementor-Website hinzuf\u00fcgen (2025)","description":"Betten Sie Viber Chat auf der Website ein, um eine bessere und sofortige Verbindung mit Kunden zu erm\u00f6glichen. Testen Sie jetzt die kostenlose Elfsight-Demo, um Ihr eigenes Plugin zu konfigurieren.","robots":{"index":"index","follow":"follow","max-snippet":"max-snippet:-1","max-image-preview":"max-image-preview:large","max-video-preview":"max-video-preview:-1"},"canonical":"https:\/\/elfsight.com\/de\/viber-chat-widget\/elementor\/","og_locale":"de_DE","og_type":"article","og_title":"Viber Chat ohne Codierung zur Elementor-Website hinzuf\u00fcgen (2025)","og_description":"Betten Sie Viber Chat auf der Website ein, um eine bessere und sofortige Verbindung mit Kunden zu erm\u00f6glichen. Testen Sie jetzt die kostenlose Elfsight-Demo, um Ihr eigenes Plugin zu konfigurieren.","og_url":"https:\/\/elfsight.com\/de\/viber-chat-widget\/elementor\/","og_site_name":"Elfsight DE","article_modified_time":"2025-02-19T10:49:51+00:00","twitter_card":"summary_large_image","twitter_misc":{"Gesch\u00e4tzte Lesezeit":"3\u00a0Minuten"},"schema":{"@context":"https:\/\/schema.org","@graph":[{"@type":"WebPage","@id":"https:\/\/elfsight.com\/de\/viber-chat-widget\/elementor\/","url":"https:\/\/elfsight.com\/de\/viber-chat-widget\/elementor\/","name":"Viber Chat ohne Codierung zur Elementor-Website hinzuf\u00fcgen (2025)","isPartOf":{"@id":"https:\/\/elfsight.com\/de\/#website"},"datePublished":"1970-01-01T00:00:00+00:00","dateModified":"2025-02-19T10:49:51+00:00","description":"Betten Sie Viber Chat auf der Website ein, um eine bessere und sofortige Verbindung mit Kunden zu erm\u00f6glichen. Testen Sie jetzt die kostenlose Elfsight-Demo, um Ihr eigenes Plugin zu konfigurieren.","breadcrumb":{"@id":"https:\/\/elfsight.com\/de\/viber-chat-widget\/elementor\/#breadcrumb"},"inLanguage":"de","potentialAction":[{"@type":"ReadAction","target":["https:\/\/elfsight.com\/de\/viber-chat-widget\/elementor\/"]}]},{"@type":"BreadcrumbList","@id":"https:\/\/elfsight.com\/de\/viber-chat-widget\/elementor\/#breadcrumb","itemListElement":[{"@type":"ListItem","position":1,"name":"Home","item":"https:\/\/elfsight.com\/de\/"},{"@type":"ListItem","position":2,"name":"Viber Chat","item":"https:\/\/elfsight.com\/de\/viber-chat-widget\/"},{"@type":"ListItem","position":3,"name":"Viber Chat &#8211; Elementor"}]},{"@type":"WebSite","@id":"https:\/\/elfsight.com\/de\/#website","url":"https:\/\/elfsight.com\/de\/","name":"Elfsight DE","description":"Just another Elfsight Sites site","potentialAction":[{"@type":"SearchAction","target":{"@type":"EntryPoint","urlTemplate":"https:\/\/elfsight.com\/de\/?s={search_term_string}"},"query-input":{"@type":"PropertyValueSpecification","valueRequired":true,"valueName":"search_term_string"}}],"inLanguage":"de"}]}},"meta_box":{"industry":"","seo_heading":"","heading":"","description":"","cta_heading":"","cta_description":"","application":"506","h1":"Elementor Viber-Chat","h1_caption":"Bieten Sie Viber als Kommunikationskanal auf Ihrer Website an, damit Besucher m\u00fchelos auf Ihre Elementor-Website zugreifen k\u00f6nnen.","application_category":[],"applications_title":"","applications_request_title":"","applications_request_button_text":"","hero_text":"","hero_video":"","hero_video_schema_markup":"","selling_points_title":"","selling_points_caption":"","selling_points":[],"selling_points_cta_text":"","features_title":"","features":"","ed_cta_examples_text":"","ed_cta_examples_hidden":"","ed_cta_demo_text":"","ed_cta_demo_hidden":"","why_caption":"","why_editor_title":"","why_editor_text":"","why_team_title":"","why_team_text":"","why_service_title":"","why_service_text":"","template_catalog_visible":"0","template_catalog_title":"","template_catalog_text":"","template_catalog_categories_visible":"","demo_title":"Erstellen Sie Ihr Viber-Chat-Widget","demo_caption":"Konfigurieren Sie Ihren Viber-Chat und f\u00fcgen Sie ihn kostenlos zu Ihrer Elementor-Website hinzu!","default_faq_hidden":"","app_template_category":[],"platform":"223","template_public_id":"","codecanyon_url":"","codecanyon_item_id":"","codecanyon_price":"","pricing_caption":"","pricing_elfsight_apps_hide_column":"","pricing_elfsight_apps_url":"","pricing_codecanyon_price_caption":"","integration_category":[],"integration_request_title":"","integration_request_cta":"","integration_platform":"","integrations":[],"platform_category":[],"video_schema_markup":"","price":"ab 0 $ \/ Monat","trial":"","benefits":[{"text":"Kostenlose Installationshilfe"},{"text":"Effektiver Kundenservice"},{"text":"14-t\u00e4gige R\u00fcckerstattungsgarantie"},{"text":"Laufende kostenlose Verbesserungen"}],"button_url":"#demo","button_target_blank":"0","button_nofollow":"0","attributes":[{"name":"Installiert","content":"10,000 - 100,000"},{"name":"Reaktionsfreudig","content":"Ja"},{"name":"Kompatible Browser","content":"IE11, Firefox, Safari, Opera, Chrome, Edge"}],"tags":[],"tags_disable_links":"0","hide_more_platforms":"0","video_object":"","demo_hide_cta":"0","demo_hide_cloud_options":"0","pricing_title":"","pricing":[{"pricing_icon":"platform","pricing_title":"Elfsight Apps","pricing_title_caption":"Plattform\u00fcbergreifende L\u00f6sung","pricing_price":"ab 0 $ \/ Monat","pricing_price_caption":"Beginnen Sie mit einem kostenlosen Plan","pricing_benefits":[{"text":"Unbegrenzte Websites"},{"text":"Professionelle Unterst\u00fctzung"},{"text":"Kostenlose Installationsunterst\u00fctzung"},{"text":"Preis f\u00fcr mehrere Apps"}],"pricing_button_text":"Zur Website hinzuf\u00fcgen","pricing_button_url":"#demo"}],"related_apps_title":"","related_apps_hidden":"0","author":"","image":[],"title":"","job":"","social_networks":[]},"_links":{"self":[{"href":"https:\/\/elfsight.com\/de\/wp-json\/wp\/v2\/pages\/10835","targetHints":{"allow":["GET"]}}],"collection":[{"href":"https:\/\/elfsight.com\/de\/wp-json\/wp\/v2\/pages"}],"about":[{"href":"https:\/\/elfsight.com\/de\/wp-json\/wp\/v2\/types\/page"}],"author":[{"embeddable":true,"href":"https:\/\/elfsight.com\/de\/wp-json\/wp\/v2\/users\/9"}],"replies":[{"embeddable":true,"href":"https:\/\/elfsight.com\/de\/wp-json\/wp\/v2\/comments?post=10835"}],"version-history":[{"count":3,"href":"https:\/\/elfsight.com\/de\/wp-json\/wp\/v2\/pages\/10835\/revisions"}],"predecessor-version":[{"id":24434,"href":"https:\/\/elfsight.com\/de\/wp-json\/wp\/v2\/pages\/10835\/revisions\/24434"}],"up":[{"embeddable":true,"href":"https:\/\/elfsight.com\/de\/wp-json\/wp\/v2\/pages\/2535"}],"wp:attachment":[{"href":"https:\/\/elfsight.com\/de\/wp-json\/wp\/v2\/media?parent=10835"}],"curies":[{"name":"wp","href":"https:\/\/api.w.org\/{rel}","templated":true}]}}