{"id":10834,"date":"1970-01-01T00:00:00","date_gmt":"1970-01-01T00:00:00","guid":{"rendered":"https:\/\/elfsight.com\/de\/?page_id=10834"},"modified":"2025-02-19T10:55:06","modified_gmt":"2025-02-19T10:55:06","slug":"joomla","status":"publish","type":"page","link":"https:\/\/elfsight.com\/de\/viber-chat-widget\/joomla\/","title":{"rendered":"Viber Chat &#8211; Joomla"},"content":{"rendered":"\n<div class=\"application-platform-content-item-description application-platform-content-item\" id=\"description\" data-nav-section=\"description\"> <h2>Beschreibung<\/h2><p>Elfsight Viber Chat ist das schnellste Tool f\u00fcr Benutzer, um Sie \u00fcber Ihre Website zu kontaktieren. Jeder Benutzer erh\u00e4lt von Ihnen schnell Antworten auf seine Fragen oder Unterst\u00fctzung. Bleiben Sie online verf\u00fcgbar in einem der am h\u00e4ufigsten genutzten Chats. Sie k\u00f6nnen Elfsight Viber Chat als Popup-App auf bestimmten Seiten ausw\u00e4hlen und f\u00fcr bestimmte Besucherkategorien festlegen. Das Widget bietet eine Reihe von Anpassungsoptionen: Weisen Sie Chat-Starter zu, legen Sie Ihren Begr\u00fc\u00dfungstext fest, w\u00e4hlen Sie Symbole aus und andere Funktionen. Mit Viber Chat auf Ihrer Seite bleiben Sie jederzeit und von jedem Ort aus f\u00fcr Besucher erreichbar.<\/p><p><b>Erzielen Sie mit Viber Chat ein schnelleres Gesch\u00e4ftswachstum und steigern Sie den Umsatz<\/b><\/p><\/div> <div class=\"application-platform-content-item-features application-platform-content-item\" id=\"features\" data-nav-section=\"features\"> <h2>Wir bieten leistungsstarke und unkomplizierte Funktionen, sehen Sie sich einige davon an:<\/h2><ul><li>Eine Bibliothek mit Blasensymbolen zur Auswahl<\/li><li> Bearbeitbarer Blasentext<\/li><li>Chat-Kopfzeile mit Seitenbild, Name und Bildunterschrift<\/li><li>Option zum Bearbeiten des Chat-Namens<\/li><li>Benutzerdefinierten Text als Bildunterschrift verwenden<\/li><li>Schaltfl\u00e4che \u201eChat starten\u201c mit bearbeitbarem Text<\/li><\/ul><p><a href=\"#demo\">Testen Sie alle Personalisierungsfunktionen in einer voll funktionsf\u00e4higen Demo<\/a><\/p><\/div> <div class=\"application-platform-content-item-installation application-platform-content-item\" id=\"installation\" data-nav-section=\"installation\"> <h2>Wie f\u00fcge ich Viber Chat zu meinem Joomla hinzu?<\/h2><p>Befolgen Sie einfach die folgenden Richtlinien, um das Tool in Joomla einzubetten.<\/p> <ol><li><b> Nutzen Sie unseren kostenlosen Editor und beginnen Sie mit der Erstellung Ihres eigenen Widgets. <\/b><br> Legen Sie das passende Layout und die Funktionsmerkmale des Viber-Chats fest und \u00fcbernehmen Sie die \u00c4nderungen. <\/li> <li><b>Sie erhalten Ihren individuellen Code, der im Fenster von Elfsight Apps angezeigt wird. <\/b><br> Kopieren Sie direkt nach Abschluss der Generierung Ihres Tools den exklusiven Code aus dem angezeigten Fenster und speichern Sie ihn zur sp\u00e4teren Verwendung. <\/li> <li><b>Beginnen Sie mit der Anwendung des Tools auf der Joomla-Site. <\/b><br> Integrieren Sie den zuvor kopierten Code in Ihre Seite und speichern Sie die \u00c4nderungen. <\/li> <li><b>Die Installation ist vollst\u00e4ndig abgeschlossen. <\/b><br> Besuchen Sie Ihre Website, um zu sehen, wie die Erweiterung funktioniert. <\/li><\/ol><p>Wenn Sie auf Schwierigkeiten sto\u00dfen, scheuen Sie sich nicht, sich an unser Support-Personal zu wenden. Unsere Berater sind bestrebt, alle Fragen zu beantworten, die Sie m\u00f6glicherweise mit dem Plugin haben.<\/p><div class=\"faq\" data-component=\"FAQ\"> <div class=\"faq-item\">\r\n\t\t\t\t\t<div class=\"faq-item-question\">\r\n\t\t\t\t\t\t<h3 class=\"faq-item-question-text\">Wie f\u00fcge ich Viber Chat ohne Programmierkenntnisse zu meiner Joomla-Website hinzu?<\/h3>\r\n\r\n\t\t\t\t\t\t<div class=\"faq-item-question-icon\"><\/div>\r\n\t\t\t\t\t<\/div>\r\n\r\n\t\t\t\t\t<div class=\"faq-item-answer\">\r\n\t\t\t\t\t\t<div class=\"faq-item-answer-text\"> <p>Elfsight bietet ein SaaS L\u00f6sung, mit der Sie selbst ein Viber-Chat-Widget erstellen k\u00f6nnen, sehen Sie, wie einfach der Vorgang ist: Arbeiten Sie direkt im Online-Editor, um ein Viber-Chat-Widget zu erstellen, das Sie gerne auf Ihrer Joomla-Website sehen w\u00fcrden. W\u00e4hlen Sie eine der vorgefertigten Vorlagen aus und passen Sie die Viber-Chat-Einstellungen an, f\u00fcgen Sie Ihre Inhalte hinzu, \u00e4ndern Sie das Layout und das Farbschema ohne Programmierkenntnisse. Speichern Sie den Viber-Chat und kopieren Sie seinen Installationscode, den Sie m\u00fchelos in Ihre Joomla-Website einf\u00fcgen k\u00f6nnen, ohne ein kostenpflichtiges Abonnement kaufen zu m\u00fcssen. Mit unserem intuitiven Editor kann jeder Internetnutzer online ein Viber-Chat-Widget erstellen und es einfach in seine Joomla-Website einbetten. Sie m\u00fcssen weder bezahlen noch Ihre Kartendaten eingeben, um auf den Service zuzugreifen. Sollten bei irgendeinem Schritt Probleme auftreten, wenden Sie sich bitte an unser technisches Support-Team.<\/p> <\/div>\r\n\t\t\t\t\t<\/div>\r\n\t\t\t\t<\/div> <\/div> <\/div>\n","protected":false},"excerpt":{"rendered":"","protected":false},"author":9,"featured_media":0,"parent":2535,"menu_order":0,"comment_status":"closed","ping_status":"closed","template":"templates\/template-application-platform.php","meta":{"publish_to_discourse":"","publish_post_category":"","wpdc_auto_publish_overridden":"","wpdc_topic_tags":"","wpdc_pin_topic":"","wpdc_pin_until":"","discourse_post_id":"","discourse_permalink":"","wpdc_publishing_response":"","wpdc_publishing_error":"","footnotes":""},"class_list":["post-10834","page","type-page","status-publish","hentry"],"yoast_head":"<!-- This site is optimized with the Yoast SEO plugin v25.3.1 - https:\/\/yoast.com\/wordpress\/plugins\/seo\/ -->\n<title>Viber Chat ohne Codierung zur Joomla-Website hinzuf\u00fcgen (2025)<\/title>\n<meta name=\"description\" content=\"Integrieren Sie Viber in Ihre Website f\u00fcr eine reibungslose und schnelle Kommunikation mit Benutzern. Probieren Sie jetzt die Elfsight-Demo aus, um Ihr benutzerdefiniertes Plugin zu konfigurieren.\" \/>\n<meta name=\"robots\" content=\"index, follow, max-snippet:-1, max-image-preview:large, max-video-preview:-1\" \/>\n<link rel=\"canonical\" href=\"https:\/\/elfsight.com\/de\/viber-chat-widget\/joomla\/\" \/>\n<meta property=\"og:locale\" content=\"de_DE\" \/>\n<meta property=\"og:type\" content=\"article\" \/>\n<meta property=\"og:title\" content=\"Viber Chat ohne Codierung zur Joomla-Website hinzuf\u00fcgen (2025)\" \/>\n<meta property=\"og:description\" content=\"Integrieren Sie Viber in Ihre Website f\u00fcr eine reibungslose und schnelle Kommunikation mit Benutzern. Probieren Sie jetzt die Elfsight-Demo aus, um Ihr benutzerdefiniertes Plugin zu konfigurieren.\" \/>\n<meta property=\"og:url\" content=\"https:\/\/elfsight.com\/de\/viber-chat-widget\/joomla\/\" \/>\n<meta property=\"og:site_name\" content=\"Elfsight DE\" \/>\n<meta property=\"article:modified_time\" content=\"2025-02-19T10:55:06+00:00\" \/>\n<meta name=\"twitter:card\" content=\"summary_large_image\" \/>\n<meta name=\"twitter:label1\" content=\"Gesch\u00e4tzte Lesezeit\" \/>\n\t<meta name=\"twitter:data1\" content=\"3\u00a0Minuten\" \/>\n<!-- \/ Yoast SEO plugin. -->","yoast_head_json":{"title":"Viber Chat ohne Codierung zur Joomla-Website hinzuf\u00fcgen (2025)","description":"Integrieren Sie Viber in Ihre Website f\u00fcr eine reibungslose und schnelle Kommunikation mit Benutzern. Probieren Sie jetzt die Elfsight-Demo aus, um Ihr benutzerdefiniertes Plugin zu konfigurieren.","robots":{"index":"index","follow":"follow","max-snippet":"max-snippet:-1","max-image-preview":"max-image-preview:large","max-video-preview":"max-video-preview:-1"},"canonical":"https:\/\/elfsight.com\/de\/viber-chat-widget\/joomla\/","og_locale":"de_DE","og_type":"article","og_title":"Viber Chat ohne Codierung zur Joomla-Website hinzuf\u00fcgen (2025)","og_description":"Integrieren Sie Viber in Ihre Website f\u00fcr eine reibungslose und schnelle Kommunikation mit Benutzern. Probieren Sie jetzt die Elfsight-Demo aus, um Ihr benutzerdefiniertes Plugin zu konfigurieren.","og_url":"https:\/\/elfsight.com\/de\/viber-chat-widget\/joomla\/","og_site_name":"Elfsight DE","article_modified_time":"2025-02-19T10:55:06+00:00","twitter_card":"summary_large_image","twitter_misc":{"Gesch\u00e4tzte Lesezeit":"3\u00a0Minuten"},"schema":{"@context":"https:\/\/schema.org","@graph":[{"@type":"WebPage","@id":"https:\/\/elfsight.com\/de\/viber-chat-widget\/joomla\/","url":"https:\/\/elfsight.com\/de\/viber-chat-widget\/joomla\/","name":"Viber Chat ohne Codierung zur Joomla-Website hinzuf\u00fcgen (2025)","isPartOf":{"@id":"https:\/\/elfsight.com\/de\/#website"},"datePublished":"1970-01-01T00:00:00+00:00","dateModified":"2025-02-19T10:55:06+00:00","description":"Integrieren Sie Viber in Ihre Website f\u00fcr eine reibungslose und schnelle Kommunikation mit Benutzern. Probieren Sie jetzt die Elfsight-Demo aus, um Ihr benutzerdefiniertes Plugin zu konfigurieren.","breadcrumb":{"@id":"https:\/\/elfsight.com\/de\/viber-chat-widget\/joomla\/#breadcrumb"},"inLanguage":"de","potentialAction":[{"@type":"ReadAction","target":["https:\/\/elfsight.com\/de\/viber-chat-widget\/joomla\/"]}]},{"@type":"BreadcrumbList","@id":"https:\/\/elfsight.com\/de\/viber-chat-widget\/joomla\/#breadcrumb","itemListElement":[{"@type":"ListItem","position":1,"name":"Home","item":"https:\/\/elfsight.com\/de\/"},{"@type":"ListItem","position":2,"name":"Viber Chat","item":"https:\/\/elfsight.com\/de\/viber-chat-widget\/"},{"@type":"ListItem","position":3,"name":"Viber Chat &#8211; Joomla"}]},{"@type":"WebSite","@id":"https:\/\/elfsight.com\/de\/#website","url":"https:\/\/elfsight.com\/de\/","name":"Elfsight DE","description":"Just another Elfsight Sites site","potentialAction":[{"@type":"SearchAction","target":{"@type":"EntryPoint","urlTemplate":"https:\/\/elfsight.com\/de\/?s={search_term_string}"},"query-input":{"@type":"PropertyValueSpecification","valueRequired":true,"valueName":"search_term_string"}}],"inLanguage":"de"}]}},"meta_box":{"industry":"","seo_heading":"","heading":"","description":"","cta_heading":"","cta_description":"","application":"506","h1":"Joomla Viber-Chat","h1_caption":"Bieten Sie Viber als Kommunikationskanal auf Ihrer Website an, damit Besucher Ihre Joomla-Website m\u00fchelos erreichen k\u00f6nnen.","application_category":[],"applications_title":"","applications_request_title":"","applications_request_button_text":"","hero_text":"","hero_video":"","hero_video_schema_markup":"","selling_points_title":"","selling_points_caption":"","selling_points":[],"selling_points_cta_text":"","features_title":"","features":"","ed_cta_examples_text":"","ed_cta_examples_hidden":"","ed_cta_demo_text":"","ed_cta_demo_hidden":"","why_caption":"","why_editor_title":"","why_editor_text":"","why_team_title":"","why_team_text":"","why_service_title":"","why_service_text":"","template_catalog_visible":"0","template_catalog_title":"","template_catalog_text":"","template_catalog_categories_visible":"","demo_title":"Erstellen Sie Ihr Viber-Chat-Plugin","demo_caption":"Konfigurieren Sie Ihren Viber-Chat und f\u00fcgen Sie ihn kostenlos zu Ihrer Joomla-Website hinzu!","default_faq_hidden":"","app_template_category":[],"platform":"259","template_public_id":"","codecanyon_url":"","codecanyon_item_id":"","codecanyon_price":"","pricing_caption":"","pricing_elfsight_apps_hide_column":"","pricing_elfsight_apps_url":"","pricing_codecanyon_price_caption":"","integration_category":[],"integration_request_title":"","integration_request_cta":"","integration_platform":"","integrations":[],"platform_category":[],"video_schema_markup":"","price":"ab 0 $ \/ Monat","trial":"","benefits":[{"text":"Kostenlose Installationsunterst\u00fctzung"},{"text":"Kompetenter Kundenservice"},{"text":"14-t\u00e4gige R\u00fcckerstattungsgarantie"},{"text":"Regelm\u00e4\u00dfige Verbesserungen"}],"button_url":"#demo","button_target_blank":"0","button_nofollow":"0","attributes":[{"name":"Installiert","content":"10,000 - 100,000"},{"name":"Reaktionsfreudig","content":"Ja"},{"name":"Kompatible Browser","content":"IE11, Firefox, Safari, Opera, Chrome, Edge"}],"tags":[],"tags_disable_links":"0","hide_more_platforms":"0","video_object":"","demo_hide_cta":"0","demo_hide_cloud_options":"0","pricing_title":"","pricing":[{"pricing_icon":"platform","pricing_title":"Elfsight Apps","pricing_title_caption":"Plattform\u00fcbergreifende digitale L\u00f6sung","pricing_price":"ab 0 $ \/ Monat","pricing_price_caption":"Beginnen Sie mit einem kostenlosen Plan","pricing_benefits":[{"text":"Unbegrenzte Domains"},{"text":"Professionelle Kundenbetreuung und gut dokumentiert"},{"text":"Kostenlose Installationsunterst\u00fctzung"},{"text":"Tolles Angebot f\u00fcr mehrere Apps"}],"pricing_button_text":"Zur Website hinzuf\u00fcgen","pricing_button_url":"#demo"}],"related_apps_title":"","related_apps_hidden":"0","author":"","image":[],"title":"","job":"","social_networks":[]},"_links":{"self":[{"href":"https:\/\/elfsight.com\/de\/wp-json\/wp\/v2\/pages\/10834","targetHints":{"allow":["GET"]}}],"collection":[{"href":"https:\/\/elfsight.com\/de\/wp-json\/wp\/v2\/pages"}],"about":[{"href":"https:\/\/elfsight.com\/de\/wp-json\/wp\/v2\/types\/page"}],"author":[{"embeddable":true,"href":"https:\/\/elfsight.com\/de\/wp-json\/wp\/v2\/users\/9"}],"replies":[{"embeddable":true,"href":"https:\/\/elfsight.com\/de\/wp-json\/wp\/v2\/comments?post=10834"}],"version-history":[{"count":3,"href":"https:\/\/elfsight.com\/de\/wp-json\/wp\/v2\/pages\/10834\/revisions"}],"predecessor-version":[{"id":24435,"href":"https:\/\/elfsight.com\/de\/wp-json\/wp\/v2\/pages\/10834\/revisions\/24435"}],"up":[{"embeddable":true,"href":"https:\/\/elfsight.com\/de\/wp-json\/wp\/v2\/pages\/2535"}],"wp:attachment":[{"href":"https:\/\/elfsight.com\/de\/wp-json\/wp\/v2\/media?parent=10834"}],"curies":[{"name":"wp","href":"https:\/\/api.w.org\/{rel}","templated":true}]}}