{"id":10828,"date":"1970-01-01T00:00:00","date_gmt":"1970-01-01T00:00:00","guid":{"rendered":"https:\/\/elfsight.com\/de\/?page_id=10828"},"modified":"2025-07-10T13:56:37","modified_gmt":"2025-07-10T13:56:37","slug":"iframe","status":"publish","type":"page","link":"https:\/\/elfsight.com\/de\/viber-chat-widget\/iframe\/","title":{"rendered":"Viber Chat &#8211; iFrame"},"content":{"rendered":"<div class=\"application-platform-content-item-description application-platform-content-item\" id=\"description\" data-nav-section=\"description\"> <h2>Viber Chat mit dem Elfsight-Widget in iFrame einbetten<\/h2><p>Elfsight Viber Chat ist das bequemste Tool, das Website-Besucher nutzen k\u00f6nnen Sie auf Ihrer Website. Jeder Benutzer erh\u00e4lt von Ihnen schnell L\u00f6sungen zu seinen Fragen oder Unterst\u00fctzung. Bleiben Sie in einem der beliebtesten Chats live verf\u00fcgbar. Sie k\u00f6nnen Elfsight Viber Chat so ausw\u00e4hlen, dass er auf ausgew\u00e4hlten Seiten angezeigt wird, und ihn auf bestimmte Besucherkategorien ausrichten. Das Widget bietet vielf\u00e4ltige Anpassungsm\u00f6glichkeiten: Weisen Sie Chat-Ausl\u00f6ser zu, schreiben Sie Ihren eigenen Begr\u00fc\u00dfungstext, w\u00e4hlen Sie Symbole und andere Funktionen aus. Mit Hilfe von Viber Chat auf Ihrer Website bleiben Sie jederzeit und von \u00fcberall f\u00fcr Besucher erreichbar.<\/p><p><b>F\u00fcgen Sie Viber Chat ein, um Ihre Gesch\u00e4ftsziele schneller zu erreichen!<\/b><\/p> <\/div> <div class=\"application-platform-content-item-features application-platform-content-item\" id=\"features\" data-nav-section=\"features\"> <h2>Hier finden Sie grundlegende Funktionen des Widgets:<\/h2><ul><li>Eine Sammlung von Blasensymbolen zur Auswahl<\/li><li>Option zum Bearbeiten Blasentext<\/li><li>Chat-Kopfzeile mit Seitenbild, Name und Bildunterschrift<\/li><li>Seitenbild standardm\u00e4\u00dfig aus unserer Sammlung festlegen oder ein benutzerdefiniertes Bild hochladen<\/li><li>Benutzerdefinierten Text festlegen als Bildunterschrift<\/li><li>Text der Schaltfl\u00e4che \u201eChat starten\u201c kann bearbeitet werden<\/li><\/ul><p><a href=\"#demo\">Hier k\u00f6nnen Sie in der Demo die gesamten Funktionen des Widgets ausprobieren Seite<\/a><\/p><\/div> <div class=\"application-platform-content-item-installation application-platform-content-item\" id=\"installation\" data-nav-section=\"installation\"> <h2>Wie bette ich Viber Chat auf meiner iFrame-Website ein?<\/h2><p>Befolgen Sie einfach die unten angegebenen Schritte, um das zu aktivieren Tool.<\/p><ol><li><b>Verwenden Sie unseren kostenlosen Editor und beginnen Sie mit der Gestaltung Ihres ma\u00dfgeschneiderten Plugins.<\/b><br>W\u00e4hlen Sie das passende Layout und die Optionen des Tools und speichern Sie die \u00c4nderungen.<\/li><li><b>Kopieren Sie den pers\u00f6nlichen Code, der in der Box auf Elfsight Apps angezeigt wird.<\/b><br>Nachdem die Anpassung Ihres Tools abgeschlossen ist, kopieren Sie den exklusiven Code im angezeigten Popup und speichern Sie ihn zur weiteren Verwendung .<\/li><li><b>Beginnen Sie mit der Verwendung des Tools auf der iFrame-Startseite.<\/b><br>F\u00fcgen Sie den Code, den Sie zuvor gespeichert haben, in Ihre Webseite ein und speichern Sie die Anpassungen.<\/li><li><b>Die Installation ist vollst\u00e4ndig abgeschlossen.<\/b><br>Besuchen Sie Ihre Website, um zu sehen, wie das Tool funktioniert.<\/li><\/ol><p>Vorbehaltlich der Konfrontation mit Fragen oder Hindernissen haben Sie keine z\u00f6gern Sie nicht, sich an unser Support-Team zu wenden. Unsere Berater sind bestrebt, alle Schwierigkeiten zu l\u00f6sen, die Sie m\u00f6glicherweise mit dem Tool haben.<\/p><div class=\"faq\" data-component=\"FAQ\"> <div class=\"faq-item\">\r\n\t\t\t\t\t<div class=\"faq-item-question\">\r\n\t\t\t\t\t\t<h3 class=\"faq-item-question-text\">Wie kann ich Viber Chat ohne Programmierkenntnisse zu meiner iFrame-Website hinzuf\u00fcgen?<\/h3>\r\n\r\n\t\t\t\t\t\t<div class=\"faq-item-question-icon\"><\/div>\r\n\t\t\t\t\t<\/div>\r\n\r\n\t\t\t\t\t<div class=\"faq-item-answer\">\r\n\t\t\t\t\t\t<div class=\"faq-item-answer-text\"> <p>Elfsight bietet eine SaaS-L\u00f6sung, mit der Sie selbst ein Viber-Chat-Widget erstellen k\u00f6nnen. Sehen Sie, wie einfach der Vorgang ist: Arbeiten Sie direkt im Online-Editor, um ein Viber-Chat-Widget zu erstellen, das Sie gerne auf Ihrer iFrame-Website sehen m\u00f6chten. W\u00e4hlen Sie eine der vorgefertigten Vorlagen aus und passen Sie die Viber-Chat-Einstellungen an, f\u00fcgen Sie Ihre Inhalte hinzu, \u00e4ndern Sie das Layout und das Farbschema ohne Programmierkenntnisse. Speichern Sie den Viber Chat und kopieren Sie seinen Installationscode, den Sie problemlos in Ihre iFrame-Website einf\u00fcgen k\u00f6nnen, ohne ein kostenpflichtiges Abonnement kaufen zu m\u00fcssen. Mit unserem intuitiven Editor kann jeder Internetnutzer online ein Viber-Chat-Widget erstellen und es einfach in seine iFrame-Website einbetten. Sie m\u00fcssen weder bezahlen noch Ihre Kartendaten eingeben, um auf den Service zuzugreifen. Sollten bei irgendeinem Schritt Probleme auftreten, wenden Sie sich bitte an unser technisches Support-Team.<\/p> <\/div>\r\n\t\t\t\t\t<\/div>\r\n\t\t\t\t<\/div> <\/div> <\/div>","protected":false},"excerpt":{"rendered":"","protected":false},"author":9,"featured_media":0,"parent":2535,"menu_order":0,"comment_status":"closed","ping_status":"closed","template":"templates\/template-application-platform.php","meta":{"publish_to_discourse":"","publish_post_category":"","wpdc_auto_publish_overridden":"","wpdc_topic_tags":"","wpdc_pin_topic":"","wpdc_pin_until":"","discourse_post_id":"","discourse_permalink":"","wpdc_publishing_response":"","wpdc_publishing_error":"","footnotes":""},"class_list":["post-10828","page","type-page","status-publish","hentry"],"yoast_head":"<!-- This site is optimized with the Yoast SEO plugin v25.3.1 - https:\/\/yoast.com\/wordpress\/plugins\/seo\/ -->\n<title>Viber Chat ohne Codierung zur iFrame-Website hinzuf\u00fcgen (2025)<\/title>\n<meta name=\"description\" content=\"F\u00fcgen Sie Viber Chat zur Website hinzu, um eine reibungslose und sofortige Verbindung mit Benutzern zu erm\u00f6glichen. Testen Sie jetzt die Elfsight-Demo, um Ihr einzigartiges Plugin zu gestalten\" \/>\n<meta name=\"robots\" content=\"index, follow, max-snippet:-1, max-image-preview:large, max-video-preview:-1\" \/>\n<link rel=\"canonical\" href=\"https:\/\/elfsight.com\/de\/viber-chat-widget\/iframe\/\" \/>\n<meta property=\"og:locale\" content=\"de_DE\" \/>\n<meta property=\"og:type\" content=\"article\" \/>\n<meta property=\"og:title\" content=\"Viber Chat ohne Codierung zur iFrame-Website hinzuf\u00fcgen (2025)\" \/>\n<meta property=\"og:description\" content=\"F\u00fcgen Sie Viber Chat zur Website hinzu, um eine reibungslose und sofortige Verbindung mit Benutzern zu erm\u00f6glichen. Testen Sie jetzt die Elfsight-Demo, um Ihr einzigartiges Plugin zu gestalten\" \/>\n<meta property=\"og:url\" content=\"https:\/\/elfsight.com\/de\/viber-chat-widget\/iframe\/\" \/>\n<meta property=\"og:site_name\" content=\"Elfsight DE\" \/>\n<meta property=\"article:modified_time\" content=\"2025-07-10T13:56:37+00:00\" \/>\n<meta name=\"twitter:card\" content=\"summary_large_image\" \/>\n<meta name=\"twitter:label1\" content=\"Gesch\u00e4tzte Lesezeit\" \/>\n\t<meta name=\"twitter:data1\" content=\"3\u00a0Minuten\" \/>\n<!-- \/ Yoast SEO plugin. -->","yoast_head_json":{"title":"Viber Chat ohne Codierung zur iFrame-Website hinzuf\u00fcgen (2025)","description":"F\u00fcgen Sie Viber Chat zur Website hinzu, um eine reibungslose und sofortige Verbindung mit Benutzern zu erm\u00f6glichen. Testen Sie jetzt die Elfsight-Demo, um Ihr einzigartiges Plugin zu gestalten","robots":{"index":"index","follow":"follow","max-snippet":"max-snippet:-1","max-image-preview":"max-image-preview:large","max-video-preview":"max-video-preview:-1"},"canonical":"https:\/\/elfsight.com\/de\/viber-chat-widget\/iframe\/","og_locale":"de_DE","og_type":"article","og_title":"Viber Chat ohne Codierung zur iFrame-Website hinzuf\u00fcgen (2025)","og_description":"F\u00fcgen Sie Viber Chat zur Website hinzu, um eine reibungslose und sofortige Verbindung mit Benutzern zu erm\u00f6glichen. Testen Sie jetzt die Elfsight-Demo, um Ihr einzigartiges Plugin zu gestalten","og_url":"https:\/\/elfsight.com\/de\/viber-chat-widget\/iframe\/","og_site_name":"Elfsight DE","article_modified_time":"2025-07-10T13:56:37+00:00","twitter_card":"summary_large_image","twitter_misc":{"Gesch\u00e4tzte Lesezeit":"3\u00a0Minuten"},"schema":{"@context":"https:\/\/schema.org","@graph":[{"@type":"WebPage","@id":"https:\/\/elfsight.com\/de\/viber-chat-widget\/iframe\/","url":"https:\/\/elfsight.com\/de\/viber-chat-widget\/iframe\/","name":"Viber Chat ohne Codierung zur iFrame-Website hinzuf\u00fcgen (2025)","isPartOf":{"@id":"https:\/\/elfsight.com\/de\/#website"},"datePublished":"1970-01-01T00:00:00+00:00","dateModified":"2025-07-10T13:56:37+00:00","description":"F\u00fcgen Sie Viber Chat zur Website hinzu, um eine reibungslose und sofortige Verbindung mit Benutzern zu erm\u00f6glichen. Testen Sie jetzt die Elfsight-Demo, um Ihr einzigartiges Plugin zu gestalten","breadcrumb":{"@id":"https:\/\/elfsight.com\/de\/viber-chat-widget\/iframe\/#breadcrumb"},"inLanguage":"de","potentialAction":[{"@type":"ReadAction","target":["https:\/\/elfsight.com\/de\/viber-chat-widget\/iframe\/"]}]},{"@type":"BreadcrumbList","@id":"https:\/\/elfsight.com\/de\/viber-chat-widget\/iframe\/#breadcrumb","itemListElement":[{"@type":"ListItem","position":1,"name":"Home","item":"https:\/\/elfsight.com\/de\/"},{"@type":"ListItem","position":2,"name":"Viber Chat","item":"https:\/\/elfsight.com\/de\/viber-chat-widget\/"},{"@type":"ListItem","position":3,"name":"Viber Chat &#8211; iFrame"}]},{"@type":"WebSite","@id":"https:\/\/elfsight.com\/de\/#website","url":"https:\/\/elfsight.com\/de\/","name":"Elfsight DE","description":"Just another Elfsight Sites site","potentialAction":[{"@type":"SearchAction","target":{"@type":"EntryPoint","urlTemplate":"https:\/\/elfsight.com\/de\/?s={search_term_string}"},"query-input":{"@type":"PropertyValueSpecification","valueRequired":true,"valueName":"search_term_string"}}],"inLanguage":"de"}]}},"meta_box":{"industry":"","seo_heading":"","heading":"","description":"","cta_heading":"","cta_description":"","application":"506","h1":"iFrame Viber-Chat","h1_caption":"Bieten Sie Viber als Kommunikationskanal auf Ihrer Website an, damit Besucher m\u00fchelos auf Ihre iFrame-Website zugreifen k\u00f6nnen.","application_category":[],"applications_title":"","applications_request_title":"","applications_request_button_text":"","hero_text":"","hero_video":"","hero_video_schema_markup":"","selling_points_title":"","selling_points_caption":"","selling_points":[],"selling_points_cta_text":"","features_title":"","features":"","ed_cta_examples_text":"","ed_cta_examples_hidden":"","ed_cta_demo_text":"","ed_cta_demo_hidden":"","why_caption":"","why_editor_title":"","why_editor_text":"","why_team_title":"","why_team_text":"","why_service_title":"","why_service_text":"","template_catalog_visible":"","template_catalog_title":"","template_catalog_text":"","template_catalog_categories_visible":"","demo_title":"Erstellen Sie Ihr Viber-Chat-Widget","demo_caption":"Konfigurieren Sie Ihren Viber-Chat und f\u00fcgen Sie ihn kostenlos zu Ihrer iFrame-Website hinzu!","default_faq_hidden":"","app_template_category":[],"platform":"240","template_public_id":"","codecanyon_url":"","codecanyon_item_id":"","codecanyon_price":"","pricing_caption":"","pricing_elfsight_apps_hide_column":"","pricing_elfsight_apps_url":"","pricing_codecanyon_price_caption":"","integration_category":[],"integration_request_title":"","integration_request_cta":"","integration_platform":"","integrations":[],"platform_category":[],"video_schema_markup":"","price":"ab 0 $ \/ Monat","trial":"","benefits":[{"text":"Kostenloser Installationsservice"},{"text":"Professioneller Kundensupport"},{"text":"14-t\u00e4gige Geld-zur\u00fcck-Garantie"},{"text":"Laufende Updates"}],"button_url":"#demo","button_target_blank":"","button_nofollow":"","attributes":[{"name":"Installiert","content":"10,000 - 100,000"},{"name":"Reaktionsfreudig","content":"Ja"},{"name":"Kompatible Browser","content":"Opera, Safari, Edge, Firefox, Chrome"}],"tags":[],"tags_disable_links":"","hide_more_platforms":"","video_object":"","demo_hide_cta":"","demo_hide_cloud_options":"","pricing_title":"","pricing":[{"pricing_icon":"platform","pricing_title":"Elfsight Apps","pricing_title_caption":"Plattformunabh\u00e4ngige Software","pricing_price":"ab 0 $ \/ Monat","pricing_price_caption":"Beginnen Sie mit einem kostenlosen Plan","pricing_benefits":[{"text":"Unbegrenzte Domains"},{"text":"Professionelle Unterst\u00fctzung"},{"text":"Kostenloser Installationsservice"},{"text":"Tolles Angebot f\u00fcr mehrere Apps"}],"pricing_button_text":"Zur Website hinzuf\u00fcgen","pricing_button_url":"#demo"}],"related_apps_title":"","related_apps_hidden":"","author":"","image":[],"title":"","job":"","social_networks":[]},"_links":{"self":[{"href":"https:\/\/elfsight.com\/de\/wp-json\/wp\/v2\/pages\/10828","targetHints":{"allow":["GET"]}}],"collection":[{"href":"https:\/\/elfsight.com\/de\/wp-json\/wp\/v2\/pages"}],"about":[{"href":"https:\/\/elfsight.com\/de\/wp-json\/wp\/v2\/types\/page"}],"author":[{"embeddable":true,"href":"https:\/\/elfsight.com\/de\/wp-json\/wp\/v2\/users\/9"}],"replies":[{"embeddable":true,"href":"https:\/\/elfsight.com\/de\/wp-json\/wp\/v2\/comments?post=10828"}],"version-history":[{"count":1,"href":"https:\/\/elfsight.com\/de\/wp-json\/wp\/v2\/pages\/10828\/revisions"}],"predecessor-version":[{"id":10832,"href":"https:\/\/elfsight.com\/de\/wp-json\/wp\/v2\/pages\/10828\/revisions\/10832"}],"up":[{"embeddable":true,"href":"https:\/\/elfsight.com\/de\/wp-json\/wp\/v2\/pages\/2535"}],"wp:attachment":[{"href":"https:\/\/elfsight.com\/de\/wp-json\/wp\/v2\/media?parent=10828"}],"curies":[{"name":"wp","href":"https:\/\/api.w.org\/{rel}","templated":true}]}}