{"id":10826,"date":"1970-01-01T00:00:00","date_gmt":"1970-01-01T00:00:00","guid":{"rendered":"https:\/\/elfsight.com\/de\/?page_id=10826"},"modified":"2025-02-19T11:00:09","modified_gmt":"2025-02-19T11:00:09","slug":"html","status":"publish","type":"page","link":"https:\/\/elfsight.com\/de\/viber-chat-widget\/html\/","title":{"rendered":"Viber Chat &#8211; HTML"},"content":{"rendered":"\n<div class=\"application-platform-content-item-description application-platform-content-item\" id=\"description\" data-nav-section=\"description\"> <h2>Beschreibung<\/h2><p>Elfsight Viber Chat ist die einfachste M\u00f6glichkeit f\u00fcr Website-Besucher, Sie zu erreichen, w\u00e4hrend Sie auf Ihrer Website bleiben. Jeder Benutzer erh\u00e4lt von Ihnen schnell Antworten auf seine Fragen oder Unterst\u00fctzung. Sie k\u00f6nnen in einem der am h\u00e4ufigsten verwendeten Messenger live verf\u00fcgbar bleiben. Sie k\u00f6nnen Elfsight Viber Chat so ausw\u00e4hlen, dass er auf bestimmten Seiten angezeigt wird, und ihn an bestimmte Besuchergruppen weiterleiten. Es gibt eine Vielzahl von Anpassungsm\u00f6glichkeiten: W\u00e4hlen Sie Start-Chat-Aktivatoren aus, erstellen Sie Ihren Begr\u00fc\u00dfungstext, w\u00e4hlen Sie Symbole aus und vieles mehr. Wenn Sie Viber Chat auf Ihrer Website verwenden, bleiben Sie f\u00fcr Besucher jederzeit und an jedem Ort erreichbar.<\/p><p><b>F\u00fcgen Sie Viber Chat hinzu, um Ihre gesch\u00e4ftlichen Herausforderungen mit weniger Aufwand zu meistern!<\/b><\/p><\/div> <div class=\"application-platform-content-item-features application-platform-content-item\" id=\"features\" data-nav-section=\"features\"> <h2>Sehen Sie sich die Liste der wichtigsten Funktionen an:<\/h2><ul><li>Eine Sammlung von Blasensymbolen zur Auswahl<\/li><li>Bearbeitbare Blase Text<\/li><li>Chat-Header mit Seitenlogo, Name und Bildunterschrift<\/li><li>Seitenbild standardm\u00e4\u00dfig aus der Sammlung ausw\u00e4hlen oder eigenes Bild hochladen<\/li><li>Eine Option zur Auswahl Benutzerdefinierter Text als Bildunterschrift<\/li><li>Text der Schaltfl\u00e4che \u201eChat starten\u201c kann bearbeitet werden<\/li><\/ul><p><a href=\"#demo\">Untersuchen Sie alle Einstellungen in der Demo mit vollem Funktionsumfang<\/a><\/p><\/div> <div class=\"application-platform-content-item-installation application-platform-content-item\" id=\"installation\" data-nav-section=\"installation\"> <h2>Wie kann ich Viber Chat zu meiner HTML-Website hinzuf\u00fcgen?<\/h2><p>F\u00fchren Sie einfach die unten aufgef\u00fchrten Schritte aus, um das Tool zu aktivieren .<\/p><ol><li><b>F\u00fchren Sie unseren kostenlosen Editor aus und beginnen Sie mit der Gestaltung Ihres benutzerdefinierten Widgets.<\/b><br>Bestimmen Sie das bevorzugte Design und die Funktionalit\u00e4t des Widgets und speichern Sie die \u00c4nderungen.<\/li> <li><b>Kopieren Sie den pers\u00f6nlichen Code, der in der Box auf Elfsight Apps angezeigt wird.<\/b><br>Sobald die Anpassung Ihres pers\u00f6nlichen Widgets abgeschlossen ist, kopieren Sie den individuellen Code aus der erscheinenden Box und bewahren Sie ihn auf weitere Verwendung.<\/li><li><b>Erl\u00e4utern Sie die Verwendung des Plugins auf der HTML-Homepage<\/b><br>Implementieren Sie den zuvor kopierten Code in Ihrer Homepage und speichern Sie die \u00c4nderungen.<\/li><li><b>Fertig! Die Integration ist vollst\u00e4ndig abgeschlossen<\/b><br>Besuchen Sie Ihre Webseite, um zu sehen, wie das Tool funktioniert.<\/li><\/ol><p>Wenn Sie auf Schwierigkeiten sto\u00dfen, z\u00f6gern Sie nicht, unserem Kundendienstteam zu schreiben . Unsere Mitarbeiter helfen Ihnen gerne bei allen Problemen, die Sie mit dem Widget haben k\u00f6nnten.<\/p><div class=\"faq\" data-component=\"FAQ\"> <div class=\"faq-item\">\r\n\t\t\t\t\t<div class=\"faq-item-question\">\r\n\t\t\t\t\t\t<h3 class=\"faq-item-question-text\">Wie kann ich Viber Chat ohne Programmierkenntnisse zu meiner HTML-Website hinzuf\u00fcgen?<\/h3>\r\n\r\n\t\t\t\t\t\t<div class=\"faq-item-question-icon\"><\/div>\r\n\t\t\t\t\t<\/div>\r\n\r\n\t\t\t\t\t<div class=\"faq-item-answer\">\r\n\t\t\t\t\t\t<div class=\"faq-item-answer-text\"> <p>Elfsight bietet eine SaaS-L\u00f6sung, mit der Sie selbst ein Viber-Chat-Widget erstellen k\u00f6nnen. Sehen Sie, wie einfach der Vorgang ist: Arbeiten Sie direkt im Online-Editor, um ein Viber-Chat-Widget zu erstellen, das Sie gerne auf Ihrer HTML-Website sehen w\u00fcrden. W\u00e4hlen Sie eine der vorgefertigten Vorlagen aus und passen Sie die Viber-Chat-Einstellungen an, f\u00fcgen Sie Ihre Inhalte hinzu, \u00e4ndern Sie das Layout und die Farben ohne Programmierkenntnisse. Speichern Sie den Viber Chat und kopieren Sie seinen Installationscode, damit Sie ihn einfach zu Ihrer HTML-Website hinzuf\u00fcgen k\u00f6nnen, ohne einen kostenpflichtigen Plan zu kaufen. Mit unserem intuitiven Editor kann jeder Internetnutzer online ein Viber-Chat-Widget erstellen und es einfach in seine HTML-Website einbetten. Sie m\u00fcssen weder bezahlen noch Ihre Kartendaten eingeben, um auf den Service zuzugreifen. Sollten bei irgendeinem Schritt Probleme auftreten, wenden Sie sich bitte an unser technisches Support-Team.<\/p> <\/div>\r\n\t\t\t\t\t<\/div>\r\n\t\t\t\t<\/div> <\/div> <\/div>\n","protected":false},"excerpt":{"rendered":"","protected":false},"author":9,"featured_media":0,"parent":2535,"menu_order":0,"comment_status":"closed","ping_status":"closed","template":"templates\/template-application-platform.php","meta":{"publish_to_discourse":"","publish_post_category":"","wpdc_auto_publish_overridden":"","wpdc_topic_tags":"","wpdc_pin_topic":"","wpdc_pin_until":"","discourse_post_id":"","discourse_permalink":"","wpdc_publishing_response":"","wpdc_publishing_error":"","footnotes":""},"class_list":["post-10826","page","type-page","status-publish","hentry"],"yoast_head":"<!-- This site is optimized with the Yoast SEO plugin v25.3.1 - https:\/\/yoast.com\/wordpress\/plugins\/seo\/ -->\n<title>Viber Chat ohne Codierung zur HTML-Website hinzuf\u00fcgen (2025)<\/title>\n<meta name=\"description\" content=\"Betten Sie Viber Chat in die Website ein, um eine reibungslose und schnellere Verbindung mit Besuchern zu erm\u00f6glichen. Probieren Sie die kostenlose Elfsight-Demo aus, um jetzt Ihr eigenes Plugin zu erstellen.\" \/>\n<meta name=\"robots\" content=\"index, follow, max-snippet:-1, max-image-preview:large, max-video-preview:-1\" \/>\n<link rel=\"canonical\" href=\"https:\/\/elfsight.com\/de\/viber-chat-widget\/html\/\" \/>\n<meta property=\"og:locale\" content=\"de_DE\" \/>\n<meta property=\"og:type\" content=\"article\" \/>\n<meta property=\"og:title\" content=\"Viber Chat ohne Codierung zur HTML-Website hinzuf\u00fcgen (2025)\" \/>\n<meta property=\"og:description\" content=\"Betten Sie Viber Chat in die Website ein, um eine reibungslose und schnellere Verbindung mit Besuchern zu erm\u00f6glichen. Probieren Sie die kostenlose Elfsight-Demo aus, um jetzt Ihr eigenes Plugin zu erstellen.\" \/>\n<meta property=\"og:url\" content=\"https:\/\/elfsight.com\/de\/viber-chat-widget\/html\/\" \/>\n<meta property=\"og:site_name\" content=\"Elfsight DE\" \/>\n<meta property=\"article:modified_time\" content=\"2025-02-19T11:00:09+00:00\" \/>\n<meta name=\"twitter:card\" content=\"summary_large_image\" \/>\n<meta name=\"twitter:label1\" content=\"Gesch\u00e4tzte Lesezeit\" \/>\n\t<meta name=\"twitter:data1\" content=\"3\u00a0Minuten\" \/>\n<!-- \/ Yoast SEO plugin. -->","yoast_head_json":{"title":"Viber Chat ohne Codierung zur HTML-Website hinzuf\u00fcgen (2025)","description":"Betten Sie Viber Chat in die Website ein, um eine reibungslose und schnellere Verbindung mit Besuchern zu erm\u00f6glichen. Probieren Sie die kostenlose Elfsight-Demo aus, um jetzt Ihr eigenes Plugin zu erstellen.","robots":{"index":"index","follow":"follow","max-snippet":"max-snippet:-1","max-image-preview":"max-image-preview:large","max-video-preview":"max-video-preview:-1"},"canonical":"https:\/\/elfsight.com\/de\/viber-chat-widget\/html\/","og_locale":"de_DE","og_type":"article","og_title":"Viber Chat ohne Codierung zur HTML-Website hinzuf\u00fcgen (2025)","og_description":"Betten Sie Viber Chat in die Website ein, um eine reibungslose und schnellere Verbindung mit Besuchern zu erm\u00f6glichen. Probieren Sie die kostenlose Elfsight-Demo aus, um jetzt Ihr eigenes Plugin zu erstellen.","og_url":"https:\/\/elfsight.com\/de\/viber-chat-widget\/html\/","og_site_name":"Elfsight DE","article_modified_time":"2025-02-19T11:00:09+00:00","twitter_card":"summary_large_image","twitter_misc":{"Gesch\u00e4tzte Lesezeit":"3\u00a0Minuten"},"schema":{"@context":"https:\/\/schema.org","@graph":[{"@type":"WebPage","@id":"https:\/\/elfsight.com\/de\/viber-chat-widget\/html\/","url":"https:\/\/elfsight.com\/de\/viber-chat-widget\/html\/","name":"Viber Chat ohne Codierung zur HTML-Website hinzuf\u00fcgen (2025)","isPartOf":{"@id":"https:\/\/elfsight.com\/de\/#website"},"datePublished":"1970-01-01T00:00:00+00:00","dateModified":"2025-02-19T11:00:09+00:00","description":"Betten Sie Viber Chat in die Website ein, um eine reibungslose und schnellere Verbindung mit Besuchern zu erm\u00f6glichen. Probieren Sie die kostenlose Elfsight-Demo aus, um jetzt Ihr eigenes Plugin zu erstellen.","breadcrumb":{"@id":"https:\/\/elfsight.com\/de\/viber-chat-widget\/html\/#breadcrumb"},"inLanguage":"de","potentialAction":[{"@type":"ReadAction","target":["https:\/\/elfsight.com\/de\/viber-chat-widget\/html\/"]}]},{"@type":"BreadcrumbList","@id":"https:\/\/elfsight.com\/de\/viber-chat-widget\/html\/#breadcrumb","itemListElement":[{"@type":"ListItem","position":1,"name":"Home","item":"https:\/\/elfsight.com\/de\/"},{"@type":"ListItem","position":2,"name":"Viber Chat","item":"https:\/\/elfsight.com\/de\/viber-chat-widget\/"},{"@type":"ListItem","position":3,"name":"Viber Chat &#8211; HTML"}]},{"@type":"WebSite","@id":"https:\/\/elfsight.com\/de\/#website","url":"https:\/\/elfsight.com\/de\/","name":"Elfsight DE","description":"Just another Elfsight Sites site","potentialAction":[{"@type":"SearchAction","target":{"@type":"EntryPoint","urlTemplate":"https:\/\/elfsight.com\/de\/?s={search_term_string}"},"query-input":{"@type":"PropertyValueSpecification","valueRequired":true,"valueName":"search_term_string"}}],"inLanguage":"de"}]}},"meta_box":{"industry":"","seo_heading":"","heading":"","description":"","cta_heading":"","cta_description":"","application":"506","h1":"HTML-Viber-Chat","h1_caption":"Bieten Sie Viber als Kommunikationskanal auf Ihrer Website an, damit Besucher m\u00fchelos auf Ihre HTML-Website zugreifen k\u00f6nnen.","application_category":[],"applications_title":"","applications_request_title":"","applications_request_button_text":"","hero_text":"","hero_video":"","hero_video_schema_markup":"","selling_points_title":"","selling_points_caption":"","selling_points":[],"selling_points_cta_text":"","features_title":"","features":"","ed_cta_examples_text":"","ed_cta_examples_hidden":"","ed_cta_demo_text":"","ed_cta_demo_hidden":"","why_caption":"","why_editor_title":"","why_editor_text":"","why_team_title":"","why_team_text":"","why_service_title":"","why_service_text":"","template_catalog_visible":"0","template_catalog_title":"","template_catalog_text":"","template_catalog_categories_visible":"","demo_title":"Erstellen Sie Ihr Viber-Chat-Widget","demo_caption":"Konfigurieren Sie Ihren Viber-Chat und f\u00fcgen Sie ihn kostenlos zu Ihrer HTML-Website hinzu!","default_faq_hidden":"","app_template_category":[],"platform":"260","template_public_id":"","codecanyon_url":"","codecanyon_item_id":"","codecanyon_price":"","pricing_caption":"","pricing_elfsight_apps_hide_column":"","pricing_elfsight_apps_url":"","pricing_codecanyon_price_caption":"","integration_category":[],"integration_request_title":"","integration_request_cta":"","integration_platform":"","integrations":[],"platform_category":[],"video_schema_markup":"","price":"ab 0 $ \/ Monat","trial":"","benefits":[{"text":"Kostenlose Installationshilfe"},{"text":"Premium-Support"},{"text":"14-t\u00e4gige Geld-zur\u00fcck-Garantie"},{"text":"Laufende kostenlose Updates"}],"button_url":"#demo","button_target_blank":"0","button_nofollow":"0","attributes":[{"name":"Installiert","content":"10,000 - 100,000"},{"name":"Reaktionsfreudig","content":"Ja"},{"name":"Kompatible Browser","content":"Firefox, Safari, Opera, Chrome, Edge"}],"tags":[],"tags_disable_links":"0","hide_more_platforms":"0","video_object":"","demo_hide_cta":"0","demo_hide_cloud_options":"0","pricing_title":"","pricing":[{"pricing_icon":"platform","pricing_title":"Elfsight Apps","pricing_title_caption":"Plattform\u00fcbergreifende Software","pricing_price":"ab 0 $ \/ Monat","pricing_price_caption":"Beginnen Sie mit einem kostenlosen Plan","pricing_benefits":[{"text":"Unbegrenzte Websites"},{"text":"Erstklassiger und p\u00fcnktlicher Support"},{"text":"Kostenlose Installationsunterst\u00fctzung"},{"text":"Sonderangebot f\u00fcr mehrere Apps"}],"pricing_button_text":"Zur Website hinzuf\u00fcgen","pricing_button_url":"#demo"}],"related_apps_title":"","related_apps_hidden":"0","author":"","image":[],"title":"","job":"","social_networks":[]},"_links":{"self":[{"href":"https:\/\/elfsight.com\/de\/wp-json\/wp\/v2\/pages\/10826","targetHints":{"allow":["GET"]}}],"collection":[{"href":"https:\/\/elfsight.com\/de\/wp-json\/wp\/v2\/pages"}],"about":[{"href":"https:\/\/elfsight.com\/de\/wp-json\/wp\/v2\/types\/page"}],"author":[{"embeddable":true,"href":"https:\/\/elfsight.com\/de\/wp-json\/wp\/v2\/users\/9"}],"replies":[{"embeddable":true,"href":"https:\/\/elfsight.com\/de\/wp-json\/wp\/v2\/comments?post=10826"}],"version-history":[{"count":2,"href":"https:\/\/elfsight.com\/de\/wp-json\/wp\/v2\/pages\/10826\/revisions"}],"predecessor-version":[{"id":24439,"href":"https:\/\/elfsight.com\/de\/wp-json\/wp\/v2\/pages\/10826\/revisions\/24439"}],"up":[{"embeddable":true,"href":"https:\/\/elfsight.com\/de\/wp-json\/wp\/v2\/pages\/2535"}],"wp:attachment":[{"href":"https:\/\/elfsight.com\/de\/wp-json\/wp\/v2\/media?parent=10826"}],"curies":[{"name":"wp","href":"https:\/\/api.w.org\/{rel}","templated":true}]}}