{"id":10818,"date":"1970-01-01T00:00:00","date_gmt":"1970-01-01T00:00:00","guid":{"rendered":"https:\/\/elfsight.com\/de\/?page_id=10818"},"modified":"2025-02-19T11:02:17","modified_gmt":"2025-02-19T11:02:17","slug":"squarespace","status":"publish","type":"page","link":"https:\/\/elfsight.com\/de\/viber-chat-widget\/squarespace\/","title":{"rendered":"Viber Chat &#8211; Squarespace"},"content":{"rendered":"\n<div class=\"application-platform-content-item-description application-platform-content-item\" id=\"description\" data-nav-section=\"description\"> <h2>Viber Chat auf Squarespace mit dem Elfsight-Widget einbetten<\/h2><p>Viber Chat von Elfsight ist eine der bequemsten M\u00f6glichkeiten f\u00fcr Benutzer um Sie beim Aufenthalt auf Ihrer Website anzusprechen. Jeder Benutzer erh\u00e4lt von Ihnen schnell L\u00f6sungen f\u00fcr seine Fragen oder Unterst\u00fctzung. Sie k\u00f6nnen in einem der am h\u00e4ufigsten genutzten Chats online verf\u00fcgbar bleiben. Sie k\u00f6nnen Elfsight Viber Chat so einstellen, dass er auf bestimmten Seiten stattfindet, und ihn f\u00fcr bestimmte Zielgruppenkategorien festlegen. Es gibt viele Anpassungsoptionen: W\u00e4hlen Sie Ausl\u00f6ser f\u00fcr den Chat-Start, erstellen Sie Ihre Willkommensnachricht, w\u00e4hlen Sie Symbole aus und mehr. Wenn Sie Viber Chat auf Ihrer Seite haben, k\u00f6nnen Sie jederzeit und an jedem Ort mit Besuchern verbunden sein.<\/p><p><b>Starten Sie Viber Chat, um Ihre E-Commerce-Ziele effizienter zu erreichen!<\/b><\/p><\/div> <div class=\"application-platform-content-item-features application-platform-content-item\" id=\"features\" data-nav-section=\"features\"> <h2>Die beliebtesten Widget-Funktionen enthalten<\/h2><ul><li>Eine Bibliothek mit Blasensymbolen, aus der Sie ausw\u00e4hlen k\u00f6nnen<\/li><li>Option zum Bearbeiten Blasentext<\/li><li>Flexibler Chat-Header mit Seitenbild, Name und Beschriftung<\/li><li>Bearbeitbarer Chat-Name<\/li><li>Benutzerdefinierten Text als Beschriftung verwenden<\/li><li>Chat starten Schaltfl\u00e4che mit bearbeitbarem Text<\/li><\/ul><p><a href=\"#demo\">Schauen Sie sich einfach diese Demo an, um zu sehen, was das Widget wert ist<\/a><\/p><\/div> <div class=\"application-platform-content-item-installation application-platform-content-item\" id=\"installation\" data-nav-section=\"installation\"> <h2>Wie bette ich Viber Chat in meine Squarespace-Website ein?<\/h2><p>Befolgen Sie einfach die folgenden Richtlinien, um das Tool einzubetten.<\/p><ol><li><b>Anwenden Nutzen Sie unseren kostenlosen Konfigurator und beginnen Sie mit der Erstellung Ihres einzigartigen Widgets.<\/b><br>W\u00e4hlen Sie das individuelle Design und die Eigenschaften des Tools und nehmen Sie die Korrekturen vor.<\/li><li><b>Kopieren Sie Ihren einzigartigen Code, der im Feld angezeigt wird Elfsight Apps<\/b><br>Sobald die Generierung Ihres pers\u00f6nlichen Widgets abgeschlossen ist, kopieren Sie den pers\u00f6nlichen Code in das angezeigte Feld und speichern Sie ihn f\u00fcr die zuk\u00fcnftige Verwendung.<\/li><li><b>Initiieren Sie die Nutzung des Tool auf der Squarespace-Website<\/b><br>F\u00fcgen Sie den Code ein, den Sie k\u00fcrzlich auf Ihrer Homepage gespeichert haben, und speichern Sie die Anpassungen.<\/li><li><b>Fertig! Die Integration ist vollst\u00e4ndig abgeschlossen.<\/b><br>Besuchen Sie Ihre Webseite, um die Leistung des Widgets zu \u00fcberpr\u00fcfen.<\/li><\/ol><p>Wenn Sie auf Hindernisse sto\u00dfen, wenden Sie sich bitte an unser Support-Team . Unsere Spezialisten helfen Ihnen gerne bei allen Schwierigkeiten, die Sie m\u00f6glicherweise mit dem Plugin haben.<\/p><div class=\"faq\" data-component=\"FAQ\"> <div class=\"faq-item\">\r\n\t\t\t\t\t<div class=\"faq-item-question\">\r\n\t\t\t\t\t\t<h3 class=\"faq-item-question-text\">Wie f\u00fcge ich Viber Chat ohne Programmierkenntnisse zu meiner Squarespace-Website hinzu?<\/h3>\r\n\r\n\t\t\t\t\t\t<div class=\"faq-item-question-icon\"><\/div>\r\n\t\t\t\t\t<\/div>\r\n\r\n\t\t\t\t\t<div class=\"faq-item-answer\">\r\n\t\t\t\t\t\t<div class=\"faq-item-answer-text\"> <p>Elfsight bietet Eine SaaS-L\u00f6sung, mit der Sie selbst ein Viber-Chat-Widget erstellen k\u00f6nnen. Sehen Sie, wie einfach der Vorgang ist: Arbeiten Sie direkt im Online-Editor, um ein Viber-Chat-Widget zu erstellen, das Sie gerne auf Ihrer Squarespace-Website sehen w\u00fcrden. W\u00e4hlen Sie eine der vorgefertigten Vorlagen aus und passen Sie die Viber-Chat-Einstellungen an, f\u00fcgen Sie Ihre Inhalte hinzu, \u00e4ndern Sie das Layout und die Farben ohne Programmierkenntnisse. Speichern Sie den Viber Chat und kopieren Sie seinen Installationscode, den Sie problemlos zu Ihrer Squarespace-Website hinzuf\u00fcgen k\u00f6nnen, ohne eine kostenpflichtige Version kaufen zu m\u00fcssen. Mit unserem intuitiven Editor kann jeder Internetnutzer online ein Viber-Chat-Widget erstellen und es einfach in seine Squarespace-Website einbetten. Sie m\u00fcssen weder bezahlen noch Ihre Kartendaten eingeben, um auf den Service zuzugreifen. Sollten bei irgendeinem Schritt Probleme auftreten, wenden Sie sich bitte an unser technisches Support-Team.<\/p> <\/div>\r\n\t\t\t\t\t<\/div>\r\n\t\t\t\t<\/div> <\/div> <\/div>\n","protected":false},"excerpt":{"rendered":"","protected":false},"author":9,"featured_media":0,"parent":2535,"menu_order":0,"comment_status":"closed","ping_status":"closed","template":"templates\/template-application-platform.php","meta":{"publish_to_discourse":"","publish_post_category":"","wpdc_auto_publish_overridden":"","wpdc_topic_tags":"","wpdc_pin_topic":"","wpdc_pin_until":"","discourse_post_id":"","discourse_permalink":"","wpdc_publishing_response":"","wpdc_publishing_error":"","footnotes":""},"class_list":["post-10818","page","type-page","status-publish","hentry"],"yoast_head":"<!-- This site is optimized with the Yoast SEO plugin v25.3.1 - https:\/\/yoast.com\/wordpress\/plugins\/seo\/ -->\n<title>Viber Chat ohne Codierung zur Squarespace-Website hinzuf\u00fcgen (2025)<\/title>\n<meta name=\"description\" content=\"F\u00fcgen Sie Viber Chat zu Ihrer Website hinzu, um eine bessere und schnellere Kommunikation mit Kunden zu erm\u00f6glichen. Testen Sie jetzt die kostenlose Elfsight-Demo, um Ihr benutzerdefiniertes Plugin zu konfigurieren.\" \/>\n<meta name=\"robots\" content=\"index, follow, max-snippet:-1, max-image-preview:large, max-video-preview:-1\" \/>\n<link rel=\"canonical\" href=\"https:\/\/elfsight.com\/de\/viber-chat-widget\/squarespace\/\" \/>\n<meta property=\"og:locale\" content=\"de_DE\" \/>\n<meta property=\"og:type\" content=\"article\" \/>\n<meta property=\"og:title\" content=\"Viber Chat ohne Codierung zur Squarespace-Website hinzuf\u00fcgen (2025)\" \/>\n<meta property=\"og:description\" content=\"F\u00fcgen Sie Viber Chat zu Ihrer Website hinzu, um eine bessere und schnellere Kommunikation mit Kunden zu erm\u00f6glichen. Testen Sie jetzt die kostenlose Elfsight-Demo, um Ihr benutzerdefiniertes Plugin zu konfigurieren.\" \/>\n<meta property=\"og:url\" content=\"https:\/\/elfsight.com\/de\/viber-chat-widget\/squarespace\/\" \/>\n<meta property=\"og:site_name\" content=\"Elfsight DE\" \/>\n<meta property=\"article:modified_time\" content=\"2025-02-19T11:02:17+00:00\" \/>\n<meta name=\"twitter:card\" content=\"summary_large_image\" \/>\n<meta name=\"twitter:label1\" content=\"Gesch\u00e4tzte Lesezeit\" \/>\n\t<meta name=\"twitter:data1\" content=\"3\u00a0Minuten\" \/>\n<!-- \/ Yoast SEO plugin. -->","yoast_head_json":{"title":"Viber Chat ohne Codierung zur Squarespace-Website hinzuf\u00fcgen (2025)","description":"F\u00fcgen Sie Viber Chat zu Ihrer Website hinzu, um eine bessere und schnellere Kommunikation mit Kunden zu erm\u00f6glichen. Testen Sie jetzt die kostenlose Elfsight-Demo, um Ihr benutzerdefiniertes Plugin zu konfigurieren.","robots":{"index":"index","follow":"follow","max-snippet":"max-snippet:-1","max-image-preview":"max-image-preview:large","max-video-preview":"max-video-preview:-1"},"canonical":"https:\/\/elfsight.com\/de\/viber-chat-widget\/squarespace\/","og_locale":"de_DE","og_type":"article","og_title":"Viber Chat ohne Codierung zur Squarespace-Website hinzuf\u00fcgen (2025)","og_description":"F\u00fcgen Sie Viber Chat zu Ihrer Website hinzu, um eine bessere und schnellere Kommunikation mit Kunden zu erm\u00f6glichen. Testen Sie jetzt die kostenlose Elfsight-Demo, um Ihr benutzerdefiniertes Plugin zu konfigurieren.","og_url":"https:\/\/elfsight.com\/de\/viber-chat-widget\/squarespace\/","og_site_name":"Elfsight DE","article_modified_time":"2025-02-19T11:02:17+00:00","twitter_card":"summary_large_image","twitter_misc":{"Gesch\u00e4tzte Lesezeit":"3\u00a0Minuten"},"schema":{"@context":"https:\/\/schema.org","@graph":[{"@type":"WebPage","@id":"https:\/\/elfsight.com\/de\/viber-chat-widget\/squarespace\/","url":"https:\/\/elfsight.com\/de\/viber-chat-widget\/squarespace\/","name":"Viber Chat ohne Codierung zur Squarespace-Website hinzuf\u00fcgen (2025)","isPartOf":{"@id":"https:\/\/elfsight.com\/de\/#website"},"datePublished":"1970-01-01T00:00:00+00:00","dateModified":"2025-02-19T11:02:17+00:00","description":"F\u00fcgen Sie Viber Chat zu Ihrer Website hinzu, um eine bessere und schnellere Kommunikation mit Kunden zu erm\u00f6glichen. Testen Sie jetzt die kostenlose Elfsight-Demo, um Ihr benutzerdefiniertes Plugin zu konfigurieren.","breadcrumb":{"@id":"https:\/\/elfsight.com\/de\/viber-chat-widget\/squarespace\/#breadcrumb"},"inLanguage":"de","potentialAction":[{"@type":"ReadAction","target":["https:\/\/elfsight.com\/de\/viber-chat-widget\/squarespace\/"]}]},{"@type":"BreadcrumbList","@id":"https:\/\/elfsight.com\/de\/viber-chat-widget\/squarespace\/#breadcrumb","itemListElement":[{"@type":"ListItem","position":1,"name":"Home","item":"https:\/\/elfsight.com\/de\/"},{"@type":"ListItem","position":2,"name":"Viber Chat","item":"https:\/\/elfsight.com\/de\/viber-chat-widget\/"},{"@type":"ListItem","position":3,"name":"Viber Chat &#8211; Squarespace"}]},{"@type":"WebSite","@id":"https:\/\/elfsight.com\/de\/#website","url":"https:\/\/elfsight.com\/de\/","name":"Elfsight DE","description":"Just another Elfsight Sites site","potentialAction":[{"@type":"SearchAction","target":{"@type":"EntryPoint","urlTemplate":"https:\/\/elfsight.com\/de\/?s={search_term_string}"},"query-input":{"@type":"PropertyValueSpecification","valueRequired":true,"valueName":"search_term_string"}}],"inLanguage":"de"}]}},"meta_box":{"industry":"","seo_heading":"","heading":"","description":"","cta_heading":"","cta_description":"","application":"506","h1":"Squarespace Viber-Chat","h1_caption":"Bieten Sie Viber als Kommunikationskanal auf Ihrer Website an, damit Besucher m\u00fchelos auf Ihre Squarespace-Website zugreifen k\u00f6nnen.","application_category":[],"applications_title":"","applications_request_title":"","applications_request_button_text":"","hero_text":"","hero_video":"","hero_video_schema_markup":"","selling_points_title":"","selling_points_caption":"","selling_points":[],"selling_points_cta_text":"","features_title":"","features":"","ed_cta_examples_text":"","ed_cta_examples_hidden":"","ed_cta_demo_text":"","ed_cta_demo_hidden":"","why_caption":"","why_editor_title":"","why_editor_text":"","why_team_title":"","why_team_text":"","why_service_title":"","why_service_text":"","template_catalog_visible":"0","template_catalog_title":"","template_catalog_text":"","template_catalog_categories_visible":"","demo_title":"Erstellen Sie Ihr Viber-Chat-Plugin","demo_caption":"Konfigurieren Sie Ihren Viber-Chat und f\u00fcgen Sie ihn kostenlos zu Ihrer Squarespace-Website hinzu!","default_faq_hidden":"","app_template_category":[],"platform":"252","template_public_id":"","codecanyon_url":"","codecanyon_item_id":"","codecanyon_price":"","pricing_caption":"","pricing_elfsight_apps_hide_column":"","pricing_elfsight_apps_url":"","pricing_codecanyon_price_caption":"","integration_category":[],"integration_request_title":"","integration_request_cta":"","integration_platform":"","integrations":[],"platform_category":[],"video_schema_markup":"","price":"ab 0 $ \/ Monat","trial":"","benefits":[{"text":"Kostenloser Installationsservice"},{"text":"Erfahrener Kundensupport"},{"text":"14-t\u00e4gige R\u00fcckerstattungsgarantie"},{"text":"Laufende Verbesserungen"}],"button_url":"#demo","button_target_blank":"0","button_nofollow":"0","attributes":[{"name":"Installiert","content":"10,000 - 100,000"},{"name":"Reaktionsfreudig","content":"Ja"},{"name":"Kompatible Browser","content":"Firefox, Safari, Opera, Chrome, Edge"}],"tags":[],"tags_disable_links":"0","hide_more_platforms":"0","video_object":"","demo_hide_cta":"0","demo_hide_cloud_options":"0","pricing_title":"","pricing":[{"pricing_icon":"platform","pricing_title":"Elfsight Apps","pricing_title_caption":"Plattform\u00fcbergreifende Version, die auf jeder Website funktioniert","pricing_price":"ab 0 $ \/ Monat","pricing_price_caption":"Beginnen Sie mit einem kostenlosen Plan","pricing_benefits":[{"text":"Unbegrenzte Domains"},{"text":"Schneller Kundensupport und gut dokumentiert"},{"text":"Kostenloser Installationssupport"},{"text":"Vollst\u00e4ndig anpassbar"}],"pricing_button_text":"Zur Website hinzuf\u00fcgen","pricing_button_url":"#demo"}],"related_apps_title":"","related_apps_hidden":"0","author":"","image":[],"title":"","job":"","social_networks":[]},"_links":{"self":[{"href":"https:\/\/elfsight.com\/de\/wp-json\/wp\/v2\/pages\/10818","targetHints":{"allow":["GET"]}}],"collection":[{"href":"https:\/\/elfsight.com\/de\/wp-json\/wp\/v2\/pages"}],"about":[{"href":"https:\/\/elfsight.com\/de\/wp-json\/wp\/v2\/types\/page"}],"author":[{"embeddable":true,"href":"https:\/\/elfsight.com\/de\/wp-json\/wp\/v2\/users\/9"}],"replies":[{"embeddable":true,"href":"https:\/\/elfsight.com\/de\/wp-json\/wp\/v2\/comments?post=10818"}],"version-history":[{"count":2,"href":"https:\/\/elfsight.com\/de\/wp-json\/wp\/v2\/pages\/10818\/revisions"}],"predecessor-version":[{"id":24441,"href":"https:\/\/elfsight.com\/de\/wp-json\/wp\/v2\/pages\/10818\/revisions\/24441"}],"up":[{"embeddable":true,"href":"https:\/\/elfsight.com\/de\/wp-json\/wp\/v2\/pages\/2535"}],"wp:attachment":[{"href":"https:\/\/elfsight.com\/de\/wp-json\/wp\/v2\/media?parent=10818"}],"curies":[{"name":"wp","href":"https:\/\/api.w.org\/{rel}","templated":true}]}}