{"id":10817,"date":"1970-01-01T00:00:00","date_gmt":"1970-01-01T00:00:00","guid":{"rendered":"https:\/\/elfsight.com\/de\/?page_id=10817"},"modified":"2025-02-19T11:03:28","modified_gmt":"2025-02-19T11:03:28","slug":"webflow","status":"publish","type":"page","link":"https:\/\/elfsight.com\/de\/viber-chat-widget\/webflow\/","title":{"rendered":"Viber Chat &#8211; Webflow"},"content":{"rendered":"\n<div class=\"application-platform-content-item-description application-platform-content-item\" id=\"description\" data-nav-section=\"description\"> <h2>Viber Chat mit dem Elfsight-Widget in Webflow einbetten<\/h2><p>Elfsight Viber Chat ist das schnellste Tool, mit dem Benutzer Sie jederzeit erreichen k\u00f6nnen Auf deiner Webseite. Jeder Benutzer erh\u00e4lt von Ihnen schnell L\u00f6sungen zu seinen Fragen oder Hilfe. Bleiben Sie live verf\u00fcgbar in einem der meistgenutzten Messenger. Sie k\u00f6nnen den Elfsight Viber Chat so einstellen, dass er auf bestimmten Seiten angezeigt wird, und ihn f\u00fcr verschiedene Zielgruppenkategorien festlegen. Das Widget bietet zahlreiche Anpassungsm\u00f6glichkeiten: W\u00e4hlen Sie Start-Chat-Aktivatoren, legen Sie Ihren eigenen Begr\u00fc\u00dfungstext fest, w\u00e4hlen Sie Symbole und andere Funktionen. Mit Viber Chat auf Ihrer Website sind Sie jederzeit und von \u00fcberall f\u00fcr Besucher erreichbar.<\/p><p><b>Betten Sie Viber Chat ein, um Ihre E-Commerce-Herausforderungen schneller zu meistern!<\/b><\/p><\/div> <div class=\"application-platform-content-item-features application-platform-content-item\" id=\"features\" data-nav-section=\"features\"> <h2>Dies sind nur einige der vielen Widget-Funktionen:<\/h2><ul><li>Eine Bibliothek mit Blasensymbolen zur Auswahl<\/li><li>Option f\u00fcr Sprechblasentext bearbeiten<\/li><li>Chat-Kopfzeile mit Seitenlogo, Name und Bildunterschrift<\/li><li>Bearbeitbarer Chat-Name<\/li><li>Eine Option zur Auswahl von benutzerdefiniertem Text als Bildunterschrift<\/li><li>Eine Option zum Bearbeiten der Willkommensnachricht mit Formatierungsoptionen und Links<\/li><\/ul><p><a href=\"#demo\">Probieren Sie einfach diese Demo aus, um zu sehen, wie es funktioniert<\/a><\/p><\/div> <div class=\"application-platform-content-item-installation application-platform-content-item\" id=\"installation\" data-nav-section=\"installation\"> <h2>Wie kann ich Viber Chat in meinen Webflow einbetten?<\/h2><p>Befolgen Sie einfach die nachstehenden Anweisungen, um das Tool zu integrieren.<\/p><ol> <li><b>Verwalten Sie unsere kostenlose Demo und beginnen Sie mit der Erstellung Ihres benutzerdefinierten Widgets.<\/b><br>Bestimmen Sie das ausgew\u00e4hlte Aussehen und die Funktionsmerkmale des Tools und wenden Sie die Korrekturen an.<\/li><li><b>Erwerben Der einzigartige Code, der in der Box auf Elfsight Apps angezeigt wird<\/b><br>Wenn die Generierung Ihres pers\u00f6nlichen Tools abgeschlossen ist, kopieren Sie den pers\u00f6nlichen Code in die angezeigte Box und bewahren Sie ihn f\u00fcr die zuk\u00fcnftige Verwendung auf.<\/li><li><b>Geben Sie die Verwendung des Tools auf Ihrer Webflow-Website ein.<\/b><br>F\u00fcgen Sie den k\u00fcrzlich kopierten Code in Ihre Seite ein und \u00fcbernehmen Sie die \u00c4nderungen.<\/li><li><b>Das Setup wurde erfolgreich beendet<\/b> <br>Besuchen Sie Ihre Webseite, um die Leistung des Tools zu \u00fcberpr\u00fcfen.<\/li><\/ol><p>Wenn Sie auf Hindernisse sto\u00dfen, wenden Sie sich bitte an unsere Support-Mitarbeiter. Unsere Berater helfen Ihnen gerne bei allen Fragen, die Sie m\u00f6glicherweise mit dem Tool haben.<\/p><div class=\"faq\" data-component=\"FAQ\"> <div class=\"faq-item\">\r\n\t\t\t\t\t<div class=\"faq-item-question\">\r\n\t\t\t\t\t\t<h3 class=\"faq-item-question-text\">Wie f\u00fcge ich Viber Chat zu meiner Webflow-Website hinzu, ohne Programmierkenntnisse zu ben\u00f6tigen?<\/h3>\r\n\r\n\t\t\t\t\t\t<div class=\"faq-item-question-icon\"><\/div>\r\n\t\t\t\t\t<\/div>\r\n\r\n\t\t\t\t\t<div class=\"faq-item-answer\">\r\n\t\t\t\t\t\t<div class=\"faq-item-answer-text\"> <p>Elfsight bietet Eine SaaS-L\u00f6sung, mit der Sie selbst ein Viber-Chat-Widget erstellen k\u00f6nnen. Sehen Sie, wie einfach der Vorgang ist: Arbeiten Sie direkt im Online-Editor, um ein Viber-Chat-Widget zu erstellen, das Sie gerne auf Ihrer Webflow-Website sehen w\u00fcrden. W\u00e4hlen Sie eine der vorgefertigten Vorlagen aus und passen Sie die Viber-Chat-Einstellungen an, f\u00fcgen Sie Ihre Inhalte hinzu, \u00e4ndern Sie das Layout und die Farben ohne Programmierkenntnisse. Speichern Sie den Viber Chat und kopieren Sie seinen Installationscode, den Sie problemlos in Ihre Webflow-Website einf\u00fcgen k\u00f6nnen, ohne eine kostenpflichtige Version kaufen zu m\u00fcssen. Mit unserem intuitiven Editor kann jeder Internetnutzer online ein Viber-Chat-Widget erstellen und es einfach in seine Webflow-Website einbetten. Sie m\u00fcssen weder bezahlen noch Ihre Kartendaten eingeben, um auf den Service zuzugreifen. Sollten bei irgendeinem Schritt Probleme auftreten, wenden Sie sich bitte an unser technisches Support-Team.<\/p> <\/div>\r\n\t\t\t\t\t<\/div>\r\n\t\t\t\t<\/div> <\/div> <\/div>\n","protected":false},"excerpt":{"rendered":"","protected":false},"author":9,"featured_media":0,"parent":2535,"menu_order":0,"comment_status":"closed","ping_status":"closed","template":"templates\/template-application-platform.php","meta":{"publish_to_discourse":"","publish_post_category":"","wpdc_auto_publish_overridden":"","wpdc_topic_tags":"","wpdc_pin_topic":"","wpdc_pin_until":"","discourse_post_id":"","discourse_permalink":"","wpdc_publishing_response":"","wpdc_publishing_error":"","footnotes":""},"class_list":["post-10817","page","type-page","status-publish","hentry"],"yoast_head":"<!-- This site is optimized with the Yoast SEO plugin v25.3.1 - https:\/\/yoast.com\/wordpress\/plugins\/seo\/ -->\n<title>Viber Chat ohne Codierung zur Webflow-Website hinzuf\u00fcgen (2025)<\/title>\n<meta name=\"description\" content=\"Integrieren Sie Viber in die Website f\u00fcr eine bessere und sofortige Kommunikation mit Besuchern. Testen Sie jetzt die kostenlose Elfsight-Demo, um Ihr einzigartiges Plugin zu erstellen.\" \/>\n<meta name=\"robots\" content=\"index, follow, max-snippet:-1, max-image-preview:large, max-video-preview:-1\" \/>\n<link rel=\"canonical\" href=\"https:\/\/elfsight.com\/de\/viber-chat-widget\/webflow\/\" \/>\n<meta property=\"og:locale\" content=\"de_DE\" \/>\n<meta property=\"og:type\" content=\"article\" \/>\n<meta property=\"og:title\" content=\"Viber Chat ohne Codierung zur Webflow-Website hinzuf\u00fcgen (2025)\" \/>\n<meta property=\"og:description\" content=\"Integrieren Sie Viber in die Website f\u00fcr eine bessere und sofortige Kommunikation mit Besuchern. Testen Sie jetzt die kostenlose Elfsight-Demo, um Ihr einzigartiges Plugin zu erstellen.\" \/>\n<meta property=\"og:url\" content=\"https:\/\/elfsight.com\/de\/viber-chat-widget\/webflow\/\" \/>\n<meta property=\"og:site_name\" content=\"Elfsight DE\" \/>\n<meta property=\"article:modified_time\" content=\"2025-02-19T11:03:28+00:00\" \/>\n<meta name=\"twitter:card\" content=\"summary_large_image\" \/>\n<meta name=\"twitter:label1\" content=\"Gesch\u00e4tzte Lesezeit\" \/>\n\t<meta name=\"twitter:data1\" content=\"3\u00a0Minuten\" \/>\n<!-- \/ Yoast SEO plugin. -->","yoast_head_json":{"title":"Viber Chat ohne Codierung zur Webflow-Website hinzuf\u00fcgen (2025)","description":"Integrieren Sie Viber in die Website f\u00fcr eine bessere und sofortige Kommunikation mit Besuchern. Testen Sie jetzt die kostenlose Elfsight-Demo, um Ihr einzigartiges Plugin zu erstellen.","robots":{"index":"index","follow":"follow","max-snippet":"max-snippet:-1","max-image-preview":"max-image-preview:large","max-video-preview":"max-video-preview:-1"},"canonical":"https:\/\/elfsight.com\/de\/viber-chat-widget\/webflow\/","og_locale":"de_DE","og_type":"article","og_title":"Viber Chat ohne Codierung zur Webflow-Website hinzuf\u00fcgen (2025)","og_description":"Integrieren Sie Viber in die Website f\u00fcr eine bessere und sofortige Kommunikation mit Besuchern. Testen Sie jetzt die kostenlose Elfsight-Demo, um Ihr einzigartiges Plugin zu erstellen.","og_url":"https:\/\/elfsight.com\/de\/viber-chat-widget\/webflow\/","og_site_name":"Elfsight DE","article_modified_time":"2025-02-19T11:03:28+00:00","twitter_card":"summary_large_image","twitter_misc":{"Gesch\u00e4tzte Lesezeit":"3\u00a0Minuten"},"schema":{"@context":"https:\/\/schema.org","@graph":[{"@type":"WebPage","@id":"https:\/\/elfsight.com\/de\/viber-chat-widget\/webflow\/","url":"https:\/\/elfsight.com\/de\/viber-chat-widget\/webflow\/","name":"Viber Chat ohne Codierung zur Webflow-Website hinzuf\u00fcgen (2025)","isPartOf":{"@id":"https:\/\/elfsight.com\/de\/#website"},"datePublished":"1970-01-01T00:00:00+00:00","dateModified":"2025-02-19T11:03:28+00:00","description":"Integrieren Sie Viber in die Website f\u00fcr eine bessere und sofortige Kommunikation mit Besuchern. Testen Sie jetzt die kostenlose Elfsight-Demo, um Ihr einzigartiges Plugin zu erstellen.","breadcrumb":{"@id":"https:\/\/elfsight.com\/de\/viber-chat-widget\/webflow\/#breadcrumb"},"inLanguage":"de","potentialAction":[{"@type":"ReadAction","target":["https:\/\/elfsight.com\/de\/viber-chat-widget\/webflow\/"]}]},{"@type":"BreadcrumbList","@id":"https:\/\/elfsight.com\/de\/viber-chat-widget\/webflow\/#breadcrumb","itemListElement":[{"@type":"ListItem","position":1,"name":"Home","item":"https:\/\/elfsight.com\/de\/"},{"@type":"ListItem","position":2,"name":"Viber Chat","item":"https:\/\/elfsight.com\/de\/viber-chat-widget\/"},{"@type":"ListItem","position":3,"name":"Viber Chat &#8211; Webflow"}]},{"@type":"WebSite","@id":"https:\/\/elfsight.com\/de\/#website","url":"https:\/\/elfsight.com\/de\/","name":"Elfsight DE","description":"Just another Elfsight Sites site","potentialAction":[{"@type":"SearchAction","target":{"@type":"EntryPoint","urlTemplate":"https:\/\/elfsight.com\/de\/?s={search_term_string}"},"query-input":{"@type":"PropertyValueSpecification","valueRequired":true,"valueName":"search_term_string"}}],"inLanguage":"de"}]}},"meta_box":{"industry":"","seo_heading":"","heading":"","description":"","cta_heading":"","cta_description":"","application":"506","h1":"Webflow Viber-Chat","h1_caption":"Bieten Sie Viber als Kommunikationskanal auf Ihrer Website an, damit Besucher m\u00fchelos auf Ihre Webflow-Website zugreifen k\u00f6nnen.","application_category":[],"applications_title":"","applications_request_title":"","applications_request_button_text":"","hero_text":"","hero_video":"","hero_video_schema_markup":"","selling_points_title":"","selling_points_caption":"","selling_points":[],"selling_points_cta_text":"","features_title":"","features":"","ed_cta_examples_text":"","ed_cta_examples_hidden":"","ed_cta_demo_text":"","ed_cta_demo_hidden":"","why_caption":"","why_editor_title":"","why_editor_text":"","why_team_title":"","why_team_text":"","why_service_title":"","why_service_text":"","template_catalog_visible":"0","template_catalog_title":"","template_catalog_text":"","template_catalog_categories_visible":"","demo_title":"Erstellen Sie Ihr Viber-Chat-Widget","demo_caption":"Konfigurieren Sie Ihren Viber-Chat und f\u00fcgen Sie ihn kostenlos zu Ihrer Webflow-Website hinzu!","default_faq_hidden":"","app_template_category":[],"platform":"250","template_public_id":"","codecanyon_url":"","codecanyon_item_id":"","codecanyon_price":"","pricing_caption":"","pricing_elfsight_apps_hide_column":"","pricing_elfsight_apps_url":"","pricing_codecanyon_price_caption":"","integration_category":[],"integration_request_title":"","integration_request_cta":"","integration_platform":"","integrations":[],"platform_category":[],"video_schema_markup":"","price":"ab 0 $ \/ Monat","trial":"","benefits":[{"text":"Kostenlose Installationshilfe"},{"text":"Professioneller Kundenservice"},{"text":"14-t\u00e4gige R\u00fcckerstattungsgarantie"},{"text":"Zuk\u00fcnftige kostenlose Updates"}],"button_url":"#demo","button_target_blank":"0","button_nofollow":"0","attributes":[{"name":"Installiert","content":"10,000 - 100,000"},{"name":"Reaktionsfreudig","content":"Ja"},{"name":"Kompatible Browser","content":"Firefox, Safari, Opera, Edge, Chrome"}],"tags":[],"tags_disable_links":"0","hide_more_platforms":"0","video_object":"","demo_hide_cta":"0","demo_hide_cloud_options":"0","pricing_title":"","pricing":[{"pricing_icon":"platform","pricing_title":"Elfsight Apps","pricing_title_caption":"Plattformunabh\u00e4ngige L\u00f6sung, die auf jeder Website funktioniert","pricing_price":"ab 0 $ \/ Monat","pricing_price_caption":"Beginnen Sie mit einem kostenlosen Plan","pricing_benefits":[{"text":"Unbegrenzte Anzahl an Domains"},{"text":"Kostenloser Kundensupport"},{"text":"Kostenlose Installationshilfe"},{"text":"Sonderangebot f\u00fcr mehrere Apps"}],"pricing_button_text":"Zur Website hinzuf\u00fcgen","pricing_button_url":"#demo"}],"related_apps_title":"","related_apps_hidden":"0","author":"","image":[],"title":"","job":"","social_networks":[]},"_links":{"self":[{"href":"https:\/\/elfsight.com\/de\/wp-json\/wp\/v2\/pages\/10817","targetHints":{"allow":["GET"]}}],"collection":[{"href":"https:\/\/elfsight.com\/de\/wp-json\/wp\/v2\/pages"}],"about":[{"href":"https:\/\/elfsight.com\/de\/wp-json\/wp\/v2\/types\/page"}],"author":[{"embeddable":true,"href":"https:\/\/elfsight.com\/de\/wp-json\/wp\/v2\/users\/9"}],"replies":[{"embeddable":true,"href":"https:\/\/elfsight.com\/de\/wp-json\/wp\/v2\/comments?post=10817"}],"version-history":[{"count":3,"href":"https:\/\/elfsight.com\/de\/wp-json\/wp\/v2\/pages\/10817\/revisions"}],"predecessor-version":[{"id":24442,"href":"https:\/\/elfsight.com\/de\/wp-json\/wp\/v2\/pages\/10817\/revisions\/24442"}],"up":[{"embeddable":true,"href":"https:\/\/elfsight.com\/de\/wp-json\/wp\/v2\/pages\/2535"}],"wp:attachment":[{"href":"https:\/\/elfsight.com\/de\/wp-json\/wp\/v2\/media?parent=10817"}],"curies":[{"name":"wp","href":"https:\/\/api.w.org\/{rel}","templated":true}]}}