{"id":10812,"date":"1970-01-01T00:00:00","date_gmt":"1970-01-01T00:00:00","guid":{"rendered":"https:\/\/elfsight.com\/de\/?page_id=10812"},"modified":"2025-07-10T13:57:06","modified_gmt":"2025-07-10T13:57:06","slug":"webnode","status":"publish","type":"page","link":"https:\/\/elfsight.com\/de\/viber-chat-widget\/webnode\/","title":{"rendered":"Viber Chat &#8211; Webnode"},"content":{"rendered":"<div class=\"application-platform-content-item-description application-platform-content-item\" id=\"description\" data-nav-section=\"description\"> <h2>Beschreibung<\/h2><p>Elfsight Viber Chat ist die schnellste M\u00f6glichkeit f\u00fcr Leute, mit Ihnen in Kontakt zu treten, w\u00e4hrend sie auf Ihrer Website bleiben. Jeder Benutzer erh\u00e4lt von Ihnen schnell L\u00f6sungen zu seinen Fragen oder Unterst\u00fctzung. Bleiben Sie online verf\u00fcgbar in einem der am h\u00e4ufigsten verwendeten Messenger. Sie k\u00f6nnen Elfsight Viber Chat so ausw\u00e4hlen, dass er auf bestimmten Seiten stattfindet, und ihn auf verschiedene Zielgruppenkategorien ausrichten. Es gibt zahlreiche Anpassungsm\u00f6glichkeiten: W\u00e4hlen Sie Ausl\u00f6ser f\u00fcr den Chat-Start, verfassen Sie Ihren Begr\u00fc\u00dfungstext, w\u00e4hlen Sie Symbole aus und vieles mehr. Mit Viber Chat auf der Website bleiben Sie jederzeit und an jedem Ort f\u00fcr Menschen erreichbar.<\/p><p><b>F\u00fcgen Sie Viber Chat hinzu, um Ihre Gesch\u00e4ftsspitzen mit weniger Aufwand zu erreichen!<\/b><\/p> <\/div> <div class=\"application-platform-content-item-features application-platform-content-item\" id=\"features\" data-nav-section=\"features\"> <h2>Hier sind grundlegende Funktionen des Widgets:<\/h2><ul><li>Eine Sammlung von Blasensymbolen zur Auswahl<\/li><li>Bearbeitbarer Blasentext <\/li><li>Flexibler Chat-Header mit Seitenlogo, Name und Beschriftung<\/li><li>Bearbeitbarer Chat-Name<\/li><li>Benutzerdefinierten Text als Chat-Beschriftung festlegen<\/li><li>Schaltfl\u00e4che \u201eChat starten\u201c. mit bearbeitbarem Text<\/li><\/ul><p><a href=\"#demo\">Probieren Sie alle Einstellungen in der Demo mit vollem Funktionsumfang aus<\/a><\/p><\/div> <div class=\"application-platform-content-item-installation  application-platform-content-item\" id=\"installation \" data-nav-section=\"installation \"> <h2>Wie kann ich Viber Chat zu meinem Webnode hinzuf\u00fcgen?<\/h2><p>Befolgen Sie einfach die nachstehenden Anweisungen, um das Tool einzubetten.<\/p><ol><li><b>Starten unserer kostenlosen Demo und Beginnen Sie mit der Erstellung Ihres eigenen Instruments.<\/b><br>Finden Sie die bevorzugte Schnittstelle und die Optionen des Tools und wenden Sie die \u00c4nderungen an.<\/li><li><b>Erhalten Sie Ihren individuellen Code, der im Fenster von Elfsight Apps angezeigt wird<\/b><br>Kopieren Sie unmittelbar nach Abschluss der Erstellung Ihres Plugins den pers\u00f6nlichen Code aus dem angezeigten Popup und bewahren Sie ihn zur sp\u00e4teren Verwendung auf.<\/li><li><b>Initiieren Sie die Nutzung des Plugins auf Ihrer Webnode-Webseite Seite<\/b><br>Implementieren Sie den Code, den Sie k\u00fcrzlich in Ihrer Website gespeichert haben, und wenden Sie die Korrekturen an.<\/li><li><b>Sie sind fertig! Die Einbettung wurde erfolgreich beendet<\/b><br>Gehen Sie auf Ihre Website, um zu \u00fcberpr\u00fcfen, wie das Plugin funktioniert.<\/li><\/ol><p>Wenn Sie mit Anfragen oder Problemen konfrontiert werden, k\u00f6nnen Sie sich gerne an unseren Support wenden Personal. Unsere Berater sind bestrebt, alle Probleme zu l\u00f6sen, die Sie m\u00f6glicherweise mit dem Plugin haben.<\/p><div class=\"faq\" data-component=\"FAQ\"> <div class=\"faq-item\">\r\n\t\t\t\t\t<div class=\"faq-item-question\">\r\n\t\t\t\t\t\t<h3 class=\"faq-item-question-text\">Wie f\u00fcge ich Viber Chat ohne Programmierkenntnisse zu meiner Webnode-Website hinzu?<\/h3>\r\n\r\n\t\t\t\t\t\t<div class=\"faq-item-question-icon\"><\/div>\r\n\t\t\t\t\t<\/div>\r\n\r\n\t\t\t\t\t<div class=\"faq-item-answer\">\r\n\t\t\t\t\t\t<div class=\"faq-item-answer-text\"> <p>Elfsight bietet ein SaaS L\u00f6sung, mit der Sie selbst ein Viber-Chat-Widget erstellen k\u00f6nnen, sehen Sie, wie einfach der Vorgang ist: Arbeiten Sie direkt im Online-Editor, um ein Viber-Chat-Widget zu erstellen, das Sie gerne auf Ihrer Webnode-Website sehen w\u00fcrden. W\u00e4hlen Sie eine der vorgefertigten Vorlagen aus und passen Sie die Viber-Chat-Einstellungen an, f\u00fcgen Sie Ihre Inhalte hinzu, \u00e4ndern Sie das Layout und die Farben ohne Programmierkenntnisse. Speichern Sie den Viber Chat und kopieren Sie seinen Installationscode, den Sie problemlos in Ihre Webnode-Website einbetten k\u00f6nnen, ohne eine kostenpflichtige Version kaufen zu m\u00fcssen. Mit unserem intuitiven Editor kann jeder Internetnutzer online ein Viber-Chat-Widget erstellen und es einfach in seine Webnode-Website einbetten. Sie m\u00fcssen weder bezahlen noch Ihre Kartendaten eingeben, um auf den Service zuzugreifen. Sollten bei irgendeinem Schritt Probleme auftreten, wenden Sie sich bitte an unser technisches Support-Team.<\/p> <\/div>\r\n\t\t\t\t\t<\/div>\r\n\t\t\t\t<\/div> <\/div> <\/div>","protected":false},"excerpt":{"rendered":"","protected":false},"author":9,"featured_media":0,"parent":2535,"menu_order":0,"comment_status":"closed","ping_status":"closed","template":"templates\/template-application-platform.php","meta":{"publish_to_discourse":"","publish_post_category":"","wpdc_auto_publish_overridden":"","wpdc_topic_tags":"","wpdc_pin_topic":"","wpdc_pin_until":"","discourse_post_id":"","discourse_permalink":"","wpdc_publishing_response":"","wpdc_publishing_error":"","footnotes":""},"class_list":["post-10812","page","type-page","status-publish","hentry"],"yoast_head":"<!-- This site is optimized with the Yoast SEO plugin v25.3.1 - https:\/\/yoast.com\/wordpress\/plugins\/seo\/ -->\n<title>Viber Chat ohne Codierung zur Webnode-Website hinzuf\u00fcgen (2025)<\/title>\n<meta name=\"description\" content=\"F\u00fcgen Sie Viber Chat zur Website hinzu, um eine reibungslose und sofortige Kommunikation mit Benutzern zu gew\u00e4hrleisten. Schauen Sie sich die kostenlose Elfsight-Demo an, um jetzt Ihr einzigartiges Plugin zu erstellen.\" \/>\n<meta name=\"robots\" content=\"index, follow, max-snippet:-1, max-image-preview:large, max-video-preview:-1\" \/>\n<link rel=\"canonical\" href=\"https:\/\/elfsight.com\/de\/viber-chat-widget\/webnode\/\" \/>\n<meta property=\"og:locale\" content=\"de_DE\" \/>\n<meta property=\"og:type\" content=\"article\" \/>\n<meta property=\"og:title\" content=\"Viber Chat ohne Codierung zur Webnode-Website hinzuf\u00fcgen (2025)\" \/>\n<meta property=\"og:description\" content=\"F\u00fcgen Sie Viber Chat zur Website hinzu, um eine reibungslose und sofortige Kommunikation mit Benutzern zu gew\u00e4hrleisten. Schauen Sie sich die kostenlose Elfsight-Demo an, um jetzt Ihr einzigartiges Plugin zu erstellen.\" \/>\n<meta property=\"og:url\" content=\"https:\/\/elfsight.com\/de\/viber-chat-widget\/webnode\/\" \/>\n<meta property=\"og:site_name\" content=\"Elfsight DE\" \/>\n<meta property=\"article:modified_time\" content=\"2025-07-10T13:57:06+00:00\" \/>\n<meta name=\"twitter:card\" content=\"summary_large_image\" \/>\n<meta name=\"twitter:label1\" content=\"Gesch\u00e4tzte Lesezeit\" \/>\n\t<meta name=\"twitter:data1\" content=\"3\u00a0Minuten\" \/>\n<!-- \/ Yoast SEO plugin. -->","yoast_head_json":{"title":"Viber Chat ohne Codierung zur Webnode-Website hinzuf\u00fcgen (2025)","description":"F\u00fcgen Sie Viber Chat zur Website hinzu, um eine reibungslose und sofortige Kommunikation mit Benutzern zu gew\u00e4hrleisten. Schauen Sie sich die kostenlose Elfsight-Demo an, um jetzt Ihr einzigartiges Plugin zu erstellen.","robots":{"index":"index","follow":"follow","max-snippet":"max-snippet:-1","max-image-preview":"max-image-preview:large","max-video-preview":"max-video-preview:-1"},"canonical":"https:\/\/elfsight.com\/de\/viber-chat-widget\/webnode\/","og_locale":"de_DE","og_type":"article","og_title":"Viber Chat ohne Codierung zur Webnode-Website hinzuf\u00fcgen (2025)","og_description":"F\u00fcgen Sie Viber Chat zur Website hinzu, um eine reibungslose und sofortige Kommunikation mit Benutzern zu gew\u00e4hrleisten. Schauen Sie sich die kostenlose Elfsight-Demo an, um jetzt Ihr einzigartiges Plugin zu erstellen.","og_url":"https:\/\/elfsight.com\/de\/viber-chat-widget\/webnode\/","og_site_name":"Elfsight DE","article_modified_time":"2025-07-10T13:57:06+00:00","twitter_card":"summary_large_image","twitter_misc":{"Gesch\u00e4tzte Lesezeit":"3\u00a0Minuten"},"schema":{"@context":"https:\/\/schema.org","@graph":[{"@type":"WebPage","@id":"https:\/\/elfsight.com\/de\/viber-chat-widget\/webnode\/","url":"https:\/\/elfsight.com\/de\/viber-chat-widget\/webnode\/","name":"Viber Chat ohne Codierung zur Webnode-Website hinzuf\u00fcgen (2025)","isPartOf":{"@id":"https:\/\/elfsight.com\/de\/#website"},"datePublished":"1970-01-01T00:00:00+00:00","dateModified":"2025-07-10T13:57:06+00:00","description":"F\u00fcgen Sie Viber Chat zur Website hinzu, um eine reibungslose und sofortige Kommunikation mit Benutzern zu gew\u00e4hrleisten. Schauen Sie sich die kostenlose Elfsight-Demo an, um jetzt Ihr einzigartiges Plugin zu erstellen.","breadcrumb":{"@id":"https:\/\/elfsight.com\/de\/viber-chat-widget\/webnode\/#breadcrumb"},"inLanguage":"de","potentialAction":[{"@type":"ReadAction","target":["https:\/\/elfsight.com\/de\/viber-chat-widget\/webnode\/"]}]},{"@type":"BreadcrumbList","@id":"https:\/\/elfsight.com\/de\/viber-chat-widget\/webnode\/#breadcrumb","itemListElement":[{"@type":"ListItem","position":1,"name":"Home","item":"https:\/\/elfsight.com\/de\/"},{"@type":"ListItem","position":2,"name":"Viber Chat","item":"https:\/\/elfsight.com\/de\/viber-chat-widget\/"},{"@type":"ListItem","position":3,"name":"Viber Chat &#8211; Webnode"}]},{"@type":"WebSite","@id":"https:\/\/elfsight.com\/de\/#website","url":"https:\/\/elfsight.com\/de\/","name":"Elfsight DE","description":"Just another Elfsight Sites site","potentialAction":[{"@type":"SearchAction","target":{"@type":"EntryPoint","urlTemplate":"https:\/\/elfsight.com\/de\/?s={search_term_string}"},"query-input":{"@type":"PropertyValueSpecification","valueRequired":true,"valueName":"search_term_string"}}],"inLanguage":"de"}]}},"meta_box":{"industry":"","seo_heading":"","heading":"","description":"","cta_heading":"","cta_description":"","application":"506","h1":"Webnode Viber-Chat","h1_caption":"Bieten Sie Viber als Kommunikationskanal auf Ihrer Website an, damit Besucher m\u00fchelos auf Ihre Webnode-Website zugreifen k\u00f6nnen.","application_category":[],"applications_title":"","applications_request_title":"","applications_request_button_text":"","hero_text":"","hero_video":"","hero_video_schema_markup":"","selling_points_title":"","selling_points_caption":"","selling_points":[],"selling_points_cta_text":"","features_title":"","features":"","ed_cta_examples_text":"","ed_cta_examples_hidden":"","ed_cta_demo_text":"","ed_cta_demo_hidden":"","why_caption":"","why_editor_title":"","why_editor_text":"","why_team_title":"","why_team_text":"","why_service_title":"","why_service_text":"","template_catalog_visible":"","template_catalog_title":"","template_catalog_text":"","template_catalog_categories_visible":"","demo_title":"Erstellen Sie Ihr Viber-Chat-Widget","demo_caption":"Konfigurieren Sie Ihren Viber-Chat und f\u00fcgen Sie ihn kostenlos zu Ihrer Webnode-Website hinzu!","default_faq_hidden":"","app_template_category":[],"platform":"248","template_public_id":"","codecanyon_url":"","codecanyon_item_id":"","codecanyon_price":"","pricing_caption":"","pricing_elfsight_apps_hide_column":"","pricing_elfsight_apps_url":"","pricing_codecanyon_price_caption":"","integration_category":[],"integration_request_title":"","integration_request_cta":"","integration_platform":"","integrations":[],"platform_category":[],"video_schema_markup":"","price":"ab 0 $ \/ Monat","trial":"","benefits":[{"text":"Kostenlose Installationsunterst\u00fctzung"},{"text":"Professioneller Kundenservice"},{"text":"14-t\u00e4gige R\u00fcckerstattungsgarantie"},{"text":"Lebenslange kostenlose Verbesserungen"}],"button_url":"#demo","button_target_blank":"","button_nofollow":"","attributes":[{"name":"Installiert","content":"10,000 - 100,000"},{"name":"Reaktionsfreudig","content":"Ja"},{"name":"Kompatible Browser","content":"Firefox, Safari, Opera, Chrome, Edge"}],"tags":[],"tags_disable_links":"","hide_more_platforms":"","video_object":"","demo_hide_cta":"","demo_hide_cloud_options":"","pricing_title":"","pricing":[{"pricing_icon":"platform","pricing_title":"Elfsight Apps","pricing_title_caption":"Plattform\u00fcbergreifende Version, die f\u00fcr jede Website geeignet ist","pricing_price":"ab 0 $ \/ Monat","pricing_price_caption":"Beginnen Sie mit einem kostenlosen Plan","pricing_benefits":[{"text":"Unbegrenzte Websites"},{"text":"Schneller Support und gut dokumentiert"},{"text":"Kostenlose Installationshilfe"},{"text":"Sonderpreis f\u00fcr mehrere Apps"}],"pricing_button_text":"Zur Website hinzuf\u00fcgen","pricing_button_url":"#demo"}],"related_apps_title":"","related_apps_hidden":"","author":"","image":[],"title":"","job":"","social_networks":[]},"_links":{"self":[{"href":"https:\/\/elfsight.com\/de\/wp-json\/wp\/v2\/pages\/10812","targetHints":{"allow":["GET"]}}],"collection":[{"href":"https:\/\/elfsight.com\/de\/wp-json\/wp\/v2\/pages"}],"about":[{"href":"https:\/\/elfsight.com\/de\/wp-json\/wp\/v2\/types\/page"}],"author":[{"embeddable":true,"href":"https:\/\/elfsight.com\/de\/wp-json\/wp\/v2\/users\/9"}],"replies":[{"embeddable":true,"href":"https:\/\/elfsight.com\/de\/wp-json\/wp\/v2\/comments?post=10812"}],"version-history":[{"count":1,"href":"https:\/\/elfsight.com\/de\/wp-json\/wp\/v2\/pages\/10812\/revisions"}],"predecessor-version":[{"id":10816,"href":"https:\/\/elfsight.com\/de\/wp-json\/wp\/v2\/pages\/10812\/revisions\/10816"}],"up":[{"embeddable":true,"href":"https:\/\/elfsight.com\/de\/wp-json\/wp\/v2\/pages\/2535"}],"wp:attachment":[{"href":"https:\/\/elfsight.com\/de\/wp-json\/wp\/v2\/media?parent=10812"}],"curies":[{"name":"wp","href":"https:\/\/api.w.org\/{rel}","templated":true}]}}