{"id":10810,"date":"1970-01-01T00:00:00","date_gmt":"1970-01-01T00:00:00","guid":{"rendered":"https:\/\/elfsight.com\/de\/?page_id=10810"},"modified":"2025-02-19T11:07:05","modified_gmt":"2025-02-19T11:07:05","slug":"wix","status":"publish","type":"page","link":"https:\/\/elfsight.com\/de\/viber-chat-widget\/wix\/","title":{"rendered":"Viber Chat &#8211; Wix"},"content":{"rendered":"\n<div class=\"application-platform-content-item-description application-platform-content-item\" id=\"description\" data-nav-section=\"description\"> <h2>Beschreibung<\/h2><p>Elfsight Viber Chat ist eine der schnellsten M\u00f6glichkeiten f\u00fcr Leute, Sie \u00fcber Ihre Website zu erreichen. Jeder Benutzer erh\u00e4lt von Ihnen schnell L\u00f6sungen zu seinen Fragen oder Hilfe. Sie k\u00f6nnen in einem der meistgenutzten Messenger ununterbrochen online verf\u00fcgbar bleiben. Sie k\u00f6nnen Elfsight Viber Chat so einstellen, dass er auf ausgew\u00e4hlten Seiten angezeigt wird, und ihn an bestimmte Zielgruppen weiterleiten. Es gibt viele Anpassungsoptionen: W\u00e4hlen Sie Start-Chat-Aktivatoren, schreiben Sie Ihre Willkommensnachricht, w\u00e4hlen Sie Symbole aus und mehr. Mit Viber Chat auf Ihrer Seite bleiben Sie jederzeit und an jedem Ort mit Menschen in Verbindung.<\/p><p><b>Starten Sie Viber Chat, um Ihre gesch\u00e4ftlichen Herausforderungen effizienter zu meistern!<\/b><\/p><\/div> <div class=\"application-platform-content-item-features application-platform-content-item\" id=\"features\" data-nav-section=\"features\"> <h2>Sehen Sie sich die Liste der n\u00fctzlichsten Funktionen an:<\/h2><ul><li>Eine Sammlung von Blasensymbolen zur Auswahl<\/li><li>Bearbeitbarer Blasentext<\/li><li>Flexibler Chat-Header mit Seitenlogo, Name und Beschriftung<\/li><li>Seitenbild standardm\u00e4\u00dfig aus unserer Bibliothek festlegen oder Ihr eigenes Bild hochladen<\/li><li>Benutzerdefinierten Text als Chat-Beschriftung festlegen<\/li><li>Bearbeitbare Willkommensnachricht mit Formatierungsoptionen und Links<\/li><\/ul><p><a href=\"#demo\">Probieren Sie einfach diese Demo aus, um einen vollst\u00e4ndigen \u00dcberblick zu erhalten<\/a><\/p><\/div> <div class=\"application-platform-content-item-installation application-platform-content-item\" id=\"installation\" data-nav-section=\"installation\"> <h2>Wie f\u00fcge ich Viber Chat zu meinem Wix hinzu?<\/h2><p>Befolgen Sie einfach die unten aufgef\u00fchrten Schritte, um das Plugin einzubetten.<\/p><ol><li><b>Nutzen Sie unsere kostenlose Demo und beginnen Sie mit der Erstellung Ihres ma\u00dfgeschneiderten Plugins.<\/b><br>Geben Sie das passende Design und die Funktionen des Plugins an und speichern Sie die \u00c4nderungen.<\/li><li><b>Kopieren Sie den eindeutigen Code, der im speziellen Formular auf Elfsight Apps angezeigt wird.<\/b><br>Kopieren Sie direkt nach Abschluss der Generierung Ihres Widgets den einzelnen Code im angezeigten Popup und speichern Sie ihn f\u00fcr eine sp\u00e4tere Gelegenheit.<\/li><li><b>Beginnen Sie mit der Verwendung des Tools auf Ihrer Wix-Homepage<\/b><br>F\u00fcgen Sie den zuvor gespeicherten Code auf Ihrer Seite hinzu und speichern Sie die \u00c4nderungen.<\/li><li><b>Die Installation wurde erfolgreich durchgef\u00fchrt<\/b><br>Besuchen Sie Ihre Seite, um zu sehen, wie das Plugin funktioniert.<\/li><\/ol><p>Wenn Sie auf Anfragen sto\u00dfen oder auf Hindernisse sto\u00dfen, z\u00f6gern Sie nicht, sich an unseren Kundendienst zu wenden. Unsere Berater helfen Ihnen gerne bei allen Schwierigkeiten, die Sie mit dem Widget haben k\u00f6nnten.<\/p><div class=\"faq\" data-component=\"FAQ\"> <div class=\"faq-item\">\r\n\t\t\t\t\t<div class=\"faq-item-question\">\r\n\t\t\t\t\t\t<h3 class=\"faq-item-question-text\">Welche anderen Widgets f\u00fcr Wix k\u00f6nnen Sie anbieten?<\/h3>\r\n\r\n\t\t\t\t\t\t<div class=\"faq-item-question-icon\"><\/div>\r\n\t\t\t\t\t<\/div>\r\n\r\n\t\t\t\t\t<div class=\"faq-item-answer\">\r\n\t\t\t\t\t\t<div class=\"faq-item-answer-text\"> <p>Es gibt viele Wix Widgets, mit denen Sie Ihre Website ganz einfach verbessern k\u00f6nnen. Es gibt beispielsweise andere Chat-Widgets wie <a href=\"https:\/\/elfsight.com\/facebook-chat-widget\/wix\/\" target=\"_blank\" rel=\"noopener\">Facebook Chat<\/a>, <a href=\"https:\/\/elfsight.com\/telegram-chat-widget\/wix\/\" target=\"_blank\" rel=\"noopener\">Telegram Chat<\/a>, <a href=\"https:\/\/elfsight.com\/whatsapp-chat-widget\/wix\/\" target=\"_blank\" rel=\"noopener\">WhatsApp-Chat<\/a>. Sie alle sind einfach zu implementieren und k\u00f6nnen die Leistung Ihrer Website erheblich verbessern.<\/p><\/div>\r\n\t\t\t\t\t<\/div>\r\n\t\t\t\t<\/div> <\/div> <\/div>\n","protected":false},"excerpt":{"rendered":"","protected":false},"author":9,"featured_media":0,"parent":2535,"menu_order":0,"comment_status":"closed","ping_status":"closed","template":"templates\/template-application-platform.php","meta":{"publish_to_discourse":"","publish_post_category":"","wpdc_auto_publish_overridden":"","wpdc_topic_tags":"","wpdc_pin_topic":"","wpdc_pin_until":"","discourse_post_id":"","discourse_permalink":"","wpdc_publishing_response":"","wpdc_publishing_error":"","footnotes":""},"class_list":["post-10810","page","type-page","status-publish","hentry"],"yoast_head":"<!-- This site is optimized with the Yoast SEO plugin v25.3.1 - https:\/\/yoast.com\/wordpress\/plugins\/seo\/ -->\n<title>Viber Chat zur Wix-Website ohne Codierung hinzuf\u00fcgen (2025)<\/title>\n<meta name=\"description\" content=\"F\u00fcgen Sie Viber Chat zu Ihrer Website hinzu, um die Kommunikation mit Besuchern einfacher und schneller zu gestalten. Probieren Sie jetzt die kostenlose Elfsight-Demo aus, um Ihr einzigartiges Plugin zu erstellen.\" \/>\n<meta name=\"robots\" content=\"index, follow, max-snippet:-1, max-image-preview:large, max-video-preview:-1\" \/>\n<link rel=\"canonical\" href=\"https:\/\/elfsight.com\/de\/viber-chat-widget\/wix\/\" \/>\n<meta property=\"og:locale\" content=\"de_DE\" \/>\n<meta property=\"og:type\" content=\"article\" \/>\n<meta property=\"og:title\" content=\"Viber Chat zur Wix-Website ohne Codierung hinzuf\u00fcgen (2025)\" \/>\n<meta property=\"og:description\" content=\"F\u00fcgen Sie Viber Chat zu Ihrer Website hinzu, um die Kommunikation mit Besuchern einfacher und schneller zu gestalten. Probieren Sie jetzt die kostenlose Elfsight-Demo aus, um Ihr einzigartiges Plugin zu erstellen.\" \/>\n<meta property=\"og:url\" content=\"https:\/\/elfsight.com\/de\/viber-chat-widget\/wix\/\" \/>\n<meta property=\"og:site_name\" content=\"Elfsight DE\" \/>\n<meta property=\"article:modified_time\" content=\"2025-02-19T11:07:05+00:00\" \/>\n<meta name=\"twitter:card\" content=\"summary_large_image\" \/>\n<meta name=\"twitter:label1\" content=\"Gesch\u00e4tzte Lesezeit\" \/>\n\t<meta name=\"twitter:data1\" content=\"3\u00a0Minuten\" \/>\n<!-- \/ Yoast SEO plugin. -->","yoast_head_json":{"title":"Viber Chat zur Wix-Website ohne Codierung hinzuf\u00fcgen (2025)","description":"F\u00fcgen Sie Viber Chat zu Ihrer Website hinzu, um die Kommunikation mit Besuchern einfacher und schneller zu gestalten. Probieren Sie jetzt die kostenlose Elfsight-Demo aus, um Ihr einzigartiges Plugin zu erstellen.","robots":{"index":"index","follow":"follow","max-snippet":"max-snippet:-1","max-image-preview":"max-image-preview:large","max-video-preview":"max-video-preview:-1"},"canonical":"https:\/\/elfsight.com\/de\/viber-chat-widget\/wix\/","og_locale":"de_DE","og_type":"article","og_title":"Viber Chat zur Wix-Website ohne Codierung hinzuf\u00fcgen (2025)","og_description":"F\u00fcgen Sie Viber Chat zu Ihrer Website hinzu, um die Kommunikation mit Besuchern einfacher und schneller zu gestalten. Probieren Sie jetzt die kostenlose Elfsight-Demo aus, um Ihr einzigartiges Plugin zu erstellen.","og_url":"https:\/\/elfsight.com\/de\/viber-chat-widget\/wix\/","og_site_name":"Elfsight DE","article_modified_time":"2025-02-19T11:07:05+00:00","twitter_card":"summary_large_image","twitter_misc":{"Gesch\u00e4tzte Lesezeit":"3\u00a0Minuten"},"schema":{"@context":"https:\/\/schema.org","@graph":[{"@type":"WebPage","@id":"https:\/\/elfsight.com\/de\/viber-chat-widget\/wix\/","url":"https:\/\/elfsight.com\/de\/viber-chat-widget\/wix\/","name":"Viber Chat zur Wix-Website ohne Codierung hinzuf\u00fcgen (2025)","isPartOf":{"@id":"https:\/\/elfsight.com\/de\/#website"},"datePublished":"1970-01-01T00:00:00+00:00","dateModified":"2025-02-19T11:07:05+00:00","description":"F\u00fcgen Sie Viber Chat zu Ihrer Website hinzu, um die Kommunikation mit Besuchern einfacher und schneller zu gestalten. Probieren Sie jetzt die kostenlose Elfsight-Demo aus, um Ihr einzigartiges Plugin zu erstellen.","breadcrumb":{"@id":"https:\/\/elfsight.com\/de\/viber-chat-widget\/wix\/#breadcrumb"},"inLanguage":"de","potentialAction":[{"@type":"ReadAction","target":["https:\/\/elfsight.com\/de\/viber-chat-widget\/wix\/"]}]},{"@type":"BreadcrumbList","@id":"https:\/\/elfsight.com\/de\/viber-chat-widget\/wix\/#breadcrumb","itemListElement":[{"@type":"ListItem","position":1,"name":"Home","item":"https:\/\/elfsight.com\/de\/"},{"@type":"ListItem","position":2,"name":"Viber Chat","item":"https:\/\/elfsight.com\/de\/viber-chat-widget\/"},{"@type":"ListItem","position":3,"name":"Viber Chat &#8211; Wix"}]},{"@type":"WebSite","@id":"https:\/\/elfsight.com\/de\/#website","url":"https:\/\/elfsight.com\/de\/","name":"Elfsight DE","description":"Just another Elfsight Sites site","potentialAction":[{"@type":"SearchAction","target":{"@type":"EntryPoint","urlTemplate":"https:\/\/elfsight.com\/de\/?s={search_term_string}"},"query-input":{"@type":"PropertyValueSpecification","valueRequired":true,"valueName":"search_term_string"}}],"inLanguage":"de"}]}},"meta_box":{"industry":"","seo_heading":"","heading":"","description":"","cta_heading":"","cta_description":"","application":"506","h1":"Wix Viber Chat","h1_caption":"Bieten Sie Viber als Kommunikationskanal auf Ihrer Website an, damit Besucher m\u00fchelos auf Ihre Wix-Website zugreifen k\u00f6nnen.","application_category":[],"applications_title":"","applications_request_title":"","applications_request_button_text":"","hero_text":"","hero_video":"","hero_video_schema_markup":"","selling_points_title":"","selling_points_caption":"","selling_points":[],"selling_points_cta_text":"","features_title":"","features":"","ed_cta_examples_text":"","ed_cta_examples_hidden":"","ed_cta_demo_text":"","ed_cta_demo_hidden":"","why_caption":"","why_editor_title":"","why_editor_text":"","why_team_title":"","why_team_text":"","why_service_title":"","why_service_text":"","template_catalog_visible":"0","template_catalog_title":"","template_catalog_text":"","template_catalog_categories_visible":"","demo_title":"Erstellen Sie Ihre Viber Chat-App","demo_caption":"Konfigurieren Sie Ihren Viber-Chat und f\u00fcgen Sie ihn kostenlos zu Ihrer Wix-Website hinzu!","default_faq_hidden":"","app_template_category":[],"platform":"265","template_public_id":"","codecanyon_url":"","codecanyon_item_id":"","codecanyon_price":"","pricing_caption":"","pricing_elfsight_apps_hide_column":"","pricing_elfsight_apps_url":"","pricing_codecanyon_price_caption":"","integration_category":[],"integration_request_title":"","integration_request_cta":"","integration_platform":"","integrations":[],"platform_category":[],"video_schema_markup":"","price":"ab 0 $ \/ Monat","trial":"","benefits":[{"text":"Kostenlose Installationsunterst\u00fctzung"},{"text":"Professioneller Kundenservice"},{"text":"14-t\u00e4gige R\u00fcckerstattungsgarantie"},{"text":"Zuk\u00fcnftige kostenlose Updates"}],"button_url":"#demo","button_target_blank":"0","button_nofollow":"0","attributes":[{"name":"Installiert","content":"10,000 - 100,000"},{"name":"Reaktionsfreudig","content":"Ja"},{"name":"Kompatible Browser","content":"Firefox, Safari, Opera, Chrome, Edge"}],"tags":[],"tags_disable_links":"0","hide_more_platforms":"0","video_object":"","demo_hide_cta":"0","demo_hide_cloud_options":"0","pricing_title":"","pricing":[{"pricing_icon":"platform","pricing_title":"Elfsight Apps","pricing_title_caption":"Plattform\u00fcbergreifende digitale L\u00f6sung","pricing_price":"ab 0 $ \/ Monat","pricing_price_caption":"Beginnen Sie mit einem kostenlosen Plan","pricing_benefits":[{"text":"Unbegrenzte Domains"},{"text":"Professionelle Unterst\u00fctzung"},{"text":"Kostenloser Installationsservice"},{"text":"Sonderangebot f\u00fcr mehrere Apps"}],"pricing_button_text":"Zur Website hinzuf\u00fcgen","pricing_button_url":"#demo"}],"related_apps_title":"","related_apps_hidden":"0","author":"","image":[],"title":"","job":"","social_networks":[]},"_links":{"self":[{"href":"https:\/\/elfsight.com\/de\/wp-json\/wp\/v2\/pages\/10810","targetHints":{"allow":["GET"]}}],"collection":[{"href":"https:\/\/elfsight.com\/de\/wp-json\/wp\/v2\/pages"}],"about":[{"href":"https:\/\/elfsight.com\/de\/wp-json\/wp\/v2\/types\/page"}],"author":[{"embeddable":true,"href":"https:\/\/elfsight.com\/de\/wp-json\/wp\/v2\/users\/9"}],"replies":[{"embeddable":true,"href":"https:\/\/elfsight.com\/de\/wp-json\/wp\/v2\/comments?post=10810"}],"version-history":[{"count":4,"href":"https:\/\/elfsight.com\/de\/wp-json\/wp\/v2\/pages\/10810\/revisions"}],"predecessor-version":[{"id":24446,"href":"https:\/\/elfsight.com\/de\/wp-json\/wp\/v2\/pages\/10810\/revisions\/24446"}],"up":[{"embeddable":true,"href":"https:\/\/elfsight.com\/de\/wp-json\/wp\/v2\/pages\/2535"}],"wp:attachment":[{"href":"https:\/\/elfsight.com\/de\/wp-json\/wp\/v2\/media?parent=10810"}],"curies":[{"name":"wp","href":"https:\/\/api.w.org\/{rel}","templated":true}]}}