{"id":10803,"date":"1970-01-01T00:00:00","date_gmt":"1970-01-01T00:00:00","guid":{"rendered":"https:\/\/elfsight.com\/de\/?page_id=10803"},"modified":"2025-02-19T11:12:19","modified_gmt":"2025-02-19T11:12:19","slug":"woocommerce","status":"publish","type":"page","link":"https:\/\/elfsight.com\/de\/viber-chat-widget\/woocommerce\/","title":{"rendered":"Viber Chat &#8211; WooCommerce"},"content":{"rendered":"\n<div class=\"application-platform-content-item-description application-platform-content-item\" id=\"description\" data-nav-section=\"description\"><h2>Beschreibung<\/h2><p>Viber Chat von Elfsight ist eine der schnellsten M\u00f6glichkeiten f\u00fcr Menschen, Sie zu kontaktieren, w\u00e4hrend sie auf Ihrer Website bleiben. Jeder Benutzer erh\u00e4lt von Ihnen schnell Antworten auf seine Fragen oder Unterst\u00fctzung. Bleiben Sie in einem der am h\u00e4ufigsten genutzten Chats ununterbrochen online verf\u00fcgbar. Sie k\u00f6nnen Elfsight Viber Chat so einstellen, dass er auf ausgew\u00e4hlten Seiten angezeigt wird, und ihn f\u00fcr bestimmte Besucherkategorien festlegen. Das Widget verf\u00fcgt \u00fcber umfangreiche Anpassungsm\u00f6glichkeiten: W\u00e4hlen Sie Start-Chat-Starter, erstellen Sie Ihre Willkommensnachricht, legen Sie Symbole fest und mehr.<\/p><p><b>Mit Viber Messenger k\u00f6nnen Sie Ihr Gesch\u00e4ft schneller entwickeln und den Umsatz steigern<\/b><\/p><\/div> <div class=\"application-platform-content-item-features application-platform-content-item\" id=\"features\" data-nav-section=\"features\"><h2>Entdecken Sie die Liste der leistungsst\u00e4rksten Funktionen:<\/h2><ul><li>Eine Sammlung von Blasensymbolen zur Auswahl;<\/li> <li>Option zum Bearbeiten von Blasentext;<\/li><li>Flexibler Chat-Header mit Seitenlogo, Name und Bildunterschrift;<\/li><li>Seitenbild standardm\u00e4\u00dfig aus der Sammlung ausw\u00e4hlen oder Ihr eigenes Bild hochladen; <\/li><li>Benutzerdefinierten Text als Beschriftung verwenden;<\/li><li>Der Text der Schaltfl\u00e4che \u201eChat starten\u201c kann bearbeitet werden.<\/li><\/ul><p><a href=\"#demo\">Alles erkunden die Personalisierungsfunktionen in einer 100 % funktionsf\u00e4higen Demo<\/a><\/p><\/div><div class=\"application-platform-content-item-installation application-platform-content-item\" id=\"installation\" data-nav-section=\"installation\"><h2>Wie f\u00fcge ich Viber Chat zu meiner WooCommerce-Website hinzu?<\/h2><p>Einfach bewerben Befolgen Sie die nachstehenden Anweisungen, um das Plugin zu aktivieren.<\/p><ol><li><b>F\u00fchren Sie unsere kostenlose Demo durch und beginnen Sie mit der Gestaltung Ihres benutzerdefinierten Widgets.<\/b><br> Finden Sie das bevorzugte Design und die Spezifikationen des Plugins und \u00fcbernehmen Sie die \u00c4nderungen.<\/li><li><b>Kopieren Sie den eindeutigen Code, der im Feld auf Elfsight Apps angezeigt wird.<\/b><br> Sobald die Einrichtung Ihres eigenen Plugins abgeschlossen ist, kopieren Sie den eigenen F\u00fcgen Sie im angezeigten Fenster den Code hinzu und speichern Sie ihn zur weiteren Verwendung.<\/li><li><b>Beginnen Sie mit der Verwendung des Plugins auf Ihrer WooCommerce-Website.<\/b><br> F\u00fcgen Sie den zuvor kopierten Code in Ihre Seite ein und wenden Sie die Verbesserungen an.<\/li><li><b>Das Setup wurde erfolgreich durchgef\u00fchrt.<\/b><br> Gehen Sie auf Ihre Webseite, um einen Blick auf die Leistung des Plugins zu werfen.<\/li><\/ol><p>Falls Sie auf Schwierigkeiten sto\u00dfen, wenden Sie sich bitte an unser Support-Team. Unsere Mitarbeiter sind bestrebt, alle Probleme zu l\u00f6sen, die Sie m\u00f6glicherweise mit dem Produkt haben.<\/p><div class=\"faq\" data-component=\"FAQ\"> <div class=\"faq-item\">\r\n\t\t\t\t\t<div class=\"faq-item-question\">\r\n\t\t\t\t\t\t<h3 class=\"faq-item-question-text\">Wie kann ich Viber Chat ohne Programmierkenntnisse zu meiner WooCommerce-Website hinzuf\u00fcgen?<\/h3>\r\n\r\n\t\t\t\t\t\t<div class=\"faq-item-question-icon\"><\/div>\r\n\t\t\t\t\t<\/div>\r\n\r\n\t\t\t\t\t<div class=\"faq-item-answer\">\r\n\t\t\t\t\t\t<div class=\"faq-item-answer-text\"> <p>Elfsight bietet eine SaaS-L\u00f6sung, mit der Sie selbst ein Viber-Chat-Widget erstellen k\u00f6nnen. Sehen Sie, wie einfach der Vorgang ist: Arbeiten Sie direkt im Online-Editor, um ein Viber-Chat-Widget zu erstellen, das Sie gerne auf Ihrer WooCommerce-Website sehen w\u00fcrden. W\u00e4hlen Sie eine der vorgefertigten Vorlagen aus und passen Sie die Viber-Chat-Einstellungen an, f\u00fcgen Sie Ihre Inhalte hinzu, \u00e4ndern Sie das Layout und die Farben ohne Programmierkenntnisse. Speichern Sie den Viber-Chat und kopieren Sie seinen Installationscode, den Sie einfach in Ihre WooCommerce-Website einbinden k\u00f6nnen, ohne ein kostenpflichtiges Abonnement zu kaufen. Mit unserem intuitiven Editor kann jeder Internetnutzer online ein Viber-Chat-Widget erstellen und es einfach in seine WooCommerce-Website einbetten. Sie m\u00fcssen weder bezahlen noch Ihre Kartendaten eingeben, um auf den Service zuzugreifen. Sollten bei irgendeinem Schritt Probleme auftreten, wenden Sie sich bitte an unser technisches Support-Team.<\/p> <\/div>\r\n\t\t\t\t\t<\/div>\r\n\t\t\t\t<\/div> <\/div> <\/div>\n","protected":false},"excerpt":{"rendered":"","protected":false},"author":9,"featured_media":0,"parent":2535,"menu_order":0,"comment_status":"closed","ping_status":"closed","template":"templates\/template-application-platform.php","meta":{"publish_to_discourse":"","publish_post_category":"","wpdc_auto_publish_overridden":"","wpdc_topic_tags":"","wpdc_pin_topic":"","wpdc_pin_until":"","discourse_post_id":"","discourse_permalink":"","wpdc_publishing_response":"","wpdc_publishing_error":"","footnotes":""},"class_list":["post-10803","page","type-page","status-publish","hentry"],"yoast_head":"<!-- This site is optimized with the Yoast SEO plugin v25.3.1 - https:\/\/yoast.com\/wordpress\/plugins\/seo\/ -->\n<title>WooCommerce Viber Chat-Plugin f\u00fcr Ihre Website (2025)<\/title>\n<meta name=\"description\" content=\"Integrieren Sie das Viber Chat-Plugin in die Website f\u00fcr eine bessere und sofortige Kommunikation mit Kunden. Testen Sie jetzt die Elfsight-Demo, um Ihr individuelles Plugin zu erstellen.\" \/>\n<meta name=\"robots\" content=\"index, follow, max-snippet:-1, max-image-preview:large, max-video-preview:-1\" \/>\n<link rel=\"canonical\" href=\"https:\/\/elfsight.com\/de\/viber-chat-widget\/woocommerce\/\" \/>\n<meta property=\"og:locale\" content=\"de_DE\" \/>\n<meta property=\"og:type\" content=\"article\" \/>\n<meta property=\"og:title\" content=\"WooCommerce Viber Chat-Plugin f\u00fcr Ihre Website (2025)\" \/>\n<meta property=\"og:description\" content=\"Integrieren Sie das Viber Chat-Plugin in die Website f\u00fcr eine bessere und sofortige Kommunikation mit Kunden. Testen Sie jetzt die Elfsight-Demo, um Ihr individuelles Plugin zu erstellen.\" \/>\n<meta property=\"og:url\" content=\"https:\/\/elfsight.com\/de\/viber-chat-widget\/woocommerce\/\" \/>\n<meta property=\"og:site_name\" content=\"Elfsight DE\" \/>\n<meta property=\"article:modified_time\" content=\"2025-02-19T11:12:19+00:00\" \/>\n<meta name=\"twitter:card\" content=\"summary_large_image\" \/>\n<meta name=\"twitter:label1\" content=\"Gesch\u00e4tzte Lesezeit\" \/>\n\t<meta name=\"twitter:data1\" content=\"3\u00a0Minuten\" \/>\n<!-- \/ Yoast SEO plugin. -->","yoast_head_json":{"title":"WooCommerce Viber Chat-Plugin f\u00fcr Ihre Website (2025)","description":"Integrieren Sie das Viber Chat-Plugin in die Website f\u00fcr eine bessere und sofortige Kommunikation mit Kunden. Testen Sie jetzt die Elfsight-Demo, um Ihr individuelles Plugin zu erstellen.","robots":{"index":"index","follow":"follow","max-snippet":"max-snippet:-1","max-image-preview":"max-image-preview:large","max-video-preview":"max-video-preview:-1"},"canonical":"https:\/\/elfsight.com\/de\/viber-chat-widget\/woocommerce\/","og_locale":"de_DE","og_type":"article","og_title":"WooCommerce Viber Chat-Plugin f\u00fcr Ihre Website (2025)","og_description":"Integrieren Sie das Viber Chat-Plugin in die Website f\u00fcr eine bessere und sofortige Kommunikation mit Kunden. Testen Sie jetzt die Elfsight-Demo, um Ihr individuelles Plugin zu erstellen.","og_url":"https:\/\/elfsight.com\/de\/viber-chat-widget\/woocommerce\/","og_site_name":"Elfsight DE","article_modified_time":"2025-02-19T11:12:19+00:00","twitter_card":"summary_large_image","twitter_misc":{"Gesch\u00e4tzte Lesezeit":"3\u00a0Minuten"},"schema":{"@context":"https:\/\/schema.org","@graph":[{"@type":"WebPage","@id":"https:\/\/elfsight.com\/de\/viber-chat-widget\/woocommerce\/","url":"https:\/\/elfsight.com\/de\/viber-chat-widget\/woocommerce\/","name":"WooCommerce Viber Chat-Plugin f\u00fcr Ihre Website (2025)","isPartOf":{"@id":"https:\/\/elfsight.com\/de\/#website"},"datePublished":"1970-01-01T00:00:00+00:00","dateModified":"2025-02-19T11:12:19+00:00","description":"Integrieren Sie das Viber Chat-Plugin in die Website f\u00fcr eine bessere und sofortige Kommunikation mit Kunden. Testen Sie jetzt die Elfsight-Demo, um Ihr individuelles Plugin zu erstellen.","breadcrumb":{"@id":"https:\/\/elfsight.com\/de\/viber-chat-widget\/woocommerce\/#breadcrumb"},"inLanguage":"de","potentialAction":[{"@type":"ReadAction","target":["https:\/\/elfsight.com\/de\/viber-chat-widget\/woocommerce\/"]}]},{"@type":"BreadcrumbList","@id":"https:\/\/elfsight.com\/de\/viber-chat-widget\/woocommerce\/#breadcrumb","itemListElement":[{"@type":"ListItem","position":1,"name":"Home","item":"https:\/\/elfsight.com\/de\/"},{"@type":"ListItem","position":2,"name":"Viber Chat","item":"https:\/\/elfsight.com\/de\/viber-chat-widget\/"},{"@type":"ListItem","position":3,"name":"Viber Chat &#8211; WooCommerce"}]},{"@type":"WebSite","@id":"https:\/\/elfsight.com\/de\/#website","url":"https:\/\/elfsight.com\/de\/","name":"Elfsight DE","description":"Just another Elfsight Sites site","potentialAction":[{"@type":"SearchAction","target":{"@type":"EntryPoint","urlTemplate":"https:\/\/elfsight.com\/de\/?s={search_term_string}"},"query-input":{"@type":"PropertyValueSpecification","valueRequired":true,"valueName":"search_term_string"}}],"inLanguage":"de"}]}},"meta_box":{"industry":"","seo_heading":"","heading":"","description":"","cta_heading":"","cta_description":"","application":"506","h1":"WooCommerce Viber Chat-Plugin","h1_caption":"Bieten Sie Viber als Kommunikationskanal auf Ihrer Website an, damit Besucher m\u00fchelos auf Ihre WooCommerce-Website zugreifen k\u00f6nnen.","application_category":[],"applications_title":"","applications_request_title":"","applications_request_button_text":"","hero_text":"","hero_video":"","hero_video_schema_markup":"","selling_points_title":"","selling_points_caption":"","selling_points":[],"selling_points_cta_text":"","features_title":"","features":"","ed_cta_examples_text":"","ed_cta_examples_hidden":"","ed_cta_demo_text":"","ed_cta_demo_hidden":"","why_caption":"","why_editor_title":"","why_editor_text":"","why_team_title":"","why_team_text":"","why_service_title":"","why_service_text":"","template_catalog_visible":"0","template_catalog_title":"","template_catalog_text":"","template_catalog_categories_visible":"","demo_title":"Erstellen Sie Ihre Viber Chat-App","demo_caption":"Konfigurieren Sie Ihren Viber-Chat und f\u00fcgen Sie ihn kostenlos zu Ihrer WooCommerce-Website hinzu!","default_faq_hidden":"","app_template_category":[],"platform":"200","template_public_id":"","codecanyon_url":"","codecanyon_item_id":"","codecanyon_price":"","pricing_caption":"","pricing_elfsight_apps_hide_column":"","pricing_elfsight_apps_url":"","pricing_codecanyon_price_caption":"","integration_category":[],"integration_request_title":"","integration_request_cta":"","integration_platform":"","integrations":[],"platform_category":[],"video_schema_markup":"","price":"ab 0 $ \/ Monat","trial":"","benefits":[{"text":"Kostenlose Installationsunterst\u00fctzung"},{"text":"Kompetenter Kundenservice"},{"text":"14-t\u00e4gige Geld-zur\u00fcck-Garantie"},{"text":"Zuk\u00fcnftige kostenlose Updates"}],"button_url":"#demo","button_target_blank":"0","button_nofollow":"0","attributes":[{"name":"Installiert","content":"10,000 - 100,000"},{"name":"Reaktionsfreudig","content":"Ja"},{"name":"Kompatible Browser","content":"Firefox, Safari, Opera, Chrome, Edge"}],"tags":[],"tags_disable_links":"0","hide_more_platforms":"0","video_object":"","demo_hide_cta":"0","demo_hide_cloud_options":"0","pricing_title":"","pricing":[{"pricing_icon":"platform","pricing_title":"Elfsight Apps","pricing_title_caption":"Plattform\u00fcbergreifende Software, die auf jeder Website funktioniert","pricing_price":"ab 0 $ \/ Monat","pricing_price_caption":"Beginnen Sie mit einem kostenlosen Plan","pricing_benefits":[{"text":"Unbegrenzte Domains"},{"text":"Engagierte Unterst\u00fctzung"},{"text":"Kostenloser Installationssupport"},{"text":"Flexibles Design"}],"pricing_button_text":"Zur Website hinzuf\u00fcgen","pricing_button_url":"#demo"}],"related_apps_title":"","related_apps_hidden":"0","author":"","image":[],"title":"","job":"","social_networks":[]},"_links":{"self":[{"href":"https:\/\/elfsight.com\/de\/wp-json\/wp\/v2\/pages\/10803","targetHints":{"allow":["GET"]}}],"collection":[{"href":"https:\/\/elfsight.com\/de\/wp-json\/wp\/v2\/pages"}],"about":[{"href":"https:\/\/elfsight.com\/de\/wp-json\/wp\/v2\/types\/page"}],"author":[{"embeddable":true,"href":"https:\/\/elfsight.com\/de\/wp-json\/wp\/v2\/users\/9"}],"replies":[{"embeddable":true,"href":"https:\/\/elfsight.com\/de\/wp-json\/wp\/v2\/comments?post=10803"}],"version-history":[{"count":2,"href":"https:\/\/elfsight.com\/de\/wp-json\/wp\/v2\/pages\/10803\/revisions"}],"predecessor-version":[{"id":24449,"href":"https:\/\/elfsight.com\/de\/wp-json\/wp\/v2\/pages\/10803\/revisions\/24449"}],"up":[{"embeddable":true,"href":"https:\/\/elfsight.com\/de\/wp-json\/wp\/v2\/pages\/2535"}],"wp:attachment":[{"href":"https:\/\/elfsight.com\/de\/wp-json\/wp\/v2\/media?parent=10803"}],"curies":[{"name":"wp","href":"https:\/\/api.w.org\/{rel}","templated":true}]}}