{"id":10796,"date":"1970-01-01T00:00:00","date_gmt":"1970-01-01T00:00:00","guid":{"rendered":"https:\/\/elfsight.com\/de\/?page_id=10796"},"modified":"2025-02-19T11:18:37","modified_gmt":"2025-02-19T11:18:37","slug":"godaddy","status":"publish","type":"page","link":"https:\/\/elfsight.com\/de\/viber-chat-widget\/godaddy\/","title":{"rendered":"Viber Chat &#8211; GoDaddy"},"content":{"rendered":"\n<div class=\"application-platform-content-item-description application-platform-content-item\" id=\"description\" data-nav-section=\"description\"> <h2>Viber Chat auf GoDaddy mit dem Elfsight-Widget einbetten<\/h2> <p>Viber Chat von Elfsight ist der schnellste Weg f\u00fcr andere, Sie zu kontaktieren \u00fcber Ihre GoDaddy-Website. Jeder Benutzer erh\u00e4lt von Ihnen schnell L\u00f6sungen f\u00fcr seine Fragen oder Unterst\u00fctzung. Sie k\u00f6nnen rund um die Uhr online in einem der beliebtesten Messenger verf\u00fcgbar bleiben. Sie k\u00f6nnen Elfsight Viber Chat so einstellen, dass er auf bestimmten Seiten angezeigt wird, und ihn f\u00fcr bestimmte Besuchergruppen festlegen. Das Plugin bietet viele Anpassungsoptionen: Definieren Sie Chat-Initiatoren, verfassen Sie Ihren Begr\u00fc\u00dfungstext, w\u00e4hlen Sie Symbole und andere Funktionen aus. Mit Viber Chat auf der Seite k\u00f6nnen Sie jederzeit und von \u00fcberall aus f\u00fcr andere erreichbar bleiben. <\/p> <p><b>Machen Sie Ihre Website mit Hilfe von Viber Chat erfolgreicher f\u00fcr Ihre Gesch\u00e4ftsziele<\/b><\/p> <\/div> <div class=\"application-platform-content-item-features application-platform-content-item\" id=\"features\" data-nav-section=\"features\"> <h2>\u00dcberpr\u00fcfen Sie die Liste einer der leistungsst\u00e4rksten Funktionen: <\/h2> <ul><li>Eine Bibliothek mit Blasensymbolen zur Auswahl<\/li><li>Bearbeitbarer Blasentext<\/li><li>Chat-Kopfzeile mit Seitenlogo, Name, und Bildunterschrift<\/li><li>Seitenbild standardm\u00e4\u00dfig aus der Sammlung ausw\u00e4hlen oder eigenes Bild hochladen<\/li><li>5 Antwortzeitvarianten in der Bildunterschrift des Chatfensters<\/li><li>Eine Option zur Auswahl Benutzerdefinierter Text als \u00dcberschrift<\/li><li>Bearbeitbare Willkommensnachricht mit Formatierungsoptionen und Links<\/li><\/ul><p><a href=\"#demo\">Entdecken Sie alle Personalisierungsfunktionen in einer voll funktionsf\u00e4higen Demo<\/a><\/p> <\/div> <div class=\"application-platform-content-item-installation application-platform-content-item\" id=\"installation\" data-nav-section=\"installation\"> <h2>Wie f\u00fcge ich Viber Chat zu meiner GoDaddy-Site hinzu? <\/h2> <p>F\u00fchren Sie einfach die unten aufgef\u00fchrten Schritte aus, um mit der Arbeit mit dem Plugin zu beginnen. <\/p> <ol><li><b>Nutzen Sie unsere kostenlose Demo und beginnen Sie mit der Entwicklung Ihres eigenen Plugins. <\/b><br> W\u00e4hlen Sie das bevorzugte Layout und die Funktionsmerkmale des Tools und nehmen Sie die \u00c4nderungen vor. <\/li> <li><b>Holen Sie sich den individuellen Code, der im Fenster von Elfsight Apps angezeigt wird.<\/b><br> Kopieren Sie direkt nach Abschluss der Einrichtung Ihres Tools den individuellen Code im erscheinenden Fenster und behalten Sie ihn f\u00fcr weiteren Anlass. <\/li> <li><b>Beginnen Sie mit der Verwendung des Plugins auf Ihrer GoDaddy-Seite<\/b><br> Integrieren Sie den k\u00fcrzlich gespeicherten Code in Ihre Seite und \u00fcbernehmen Sie die \u00c4nderungen. <\/li> <li><b>Du bist fertig! Die Einrichtung ist vollst\u00e4ndig abgeschlossen<\/b><br> Besuchen Sie Ihre Website, um die Funktionsweise des Plugins zu \u00fcberpr\u00fcfen. <\/li><\/ol> <div class=\"tip-yellow tip\"><b>Aufgrund der Besonderheiten bei der Anzeige benutzerdefinierter Einf\u00fcgungen mit Code k\u00f6nnen schwebende Vorlagen anders aussehen als die Online-Demo. Bitte nehmen Sie sich die Zeit, Ihre Widgets zu testen.<\/b><\/div><p>Wenn Sie auf Schwierigkeiten sto\u00dfen, z\u00f6gern Sie nicht, sich an unser Support-Team zu wenden. Unsere Mitarbeiter helfen Ihnen gerne bei allen Fragen, die Sie zum Tool haben. <\/p> <div class=\"faq\" data-component=\"FAQ\"> <div class=\"faq-item\">\r\n\t\t\t\t\t<div class=\"faq-item-question\">\r\n\t\t\t\t\t\t<h3 class=\"faq-item-question-text\">Wie f\u00fcge ich Viber Chat ohne Programmierkenntnisse zu meiner GoDaddy-Website hinzu?<\/h3>\r\n\r\n\t\t\t\t\t\t<div class=\"faq-item-question-icon\"><\/div>\r\n\t\t\t\t\t<\/div>\r\n\r\n\t\t\t\t\t<div class=\"faq-item-answer\">\r\n\t\t\t\t\t\t<div class=\"faq-item-answer-text\"> <p>Elfsight bietet eine SaaS-L\u00f6sung, mit der Sie selbst ein Viber Chat-Widget erstellen k\u00f6nnen. Sehen Sie, wie einfach der Vorgang ist ist: Arbeiten Sie direkt im Online-Editor, um ein Viber-Chat-Widget zu erstellen, das Sie gerne auf Ihrer GoDaddy-Website sehen w\u00fcrden. W\u00e4hlen Sie eine der vorgefertigten Vorlagen aus und passen Sie die Viber-Chat-Einstellungen an, f\u00fcgen Sie Ihre Inhalte hinzu, \u00e4ndern Sie das Layout und die Farben ohne Programmierkenntnisse. Speichern Sie den Viber-Chat und kopieren Sie seinen Installationscode, damit Sie ihn m\u00fchelos auf Ihrer GoDaddy-Website hinzuf\u00fcgen k\u00f6nnen, ohne einen kostenpflichtigen Plan kaufen zu m\u00fcssen. Mit unserem intuitiven Editor kann jeder Internetnutzer online ein Viber-Chat-Widget erstellen und es einfach in seine GoDaddy-Website einbetten. Sie m\u00fcssen weder bezahlen noch Ihre Kartendaten eingeben, um auf den Service zuzugreifen. Sollten bei irgendeinem Schritt Probleme auftreten, wenden Sie sich bitte an unser technisches Support-Team.<\/p> <\/div>\r\n\t\t\t\t\t<\/div>\r\n\t\t\t\t<\/div> <\/div> <\/div>\n","protected":false},"excerpt":{"rendered":"","protected":false},"author":9,"featured_media":0,"parent":2535,"menu_order":0,"comment_status":"closed","ping_status":"closed","template":"templates\/template-application-platform.php","meta":{"publish_to_discourse":"","publish_post_category":"","wpdc_auto_publish_overridden":"","wpdc_topic_tags":"","wpdc_pin_topic":"","wpdc_pin_until":"","discourse_post_id":"","discourse_permalink":"","wpdc_publishing_response":"","wpdc_publishing_error":"","footnotes":""},"class_list":["post-10796","page","type-page","status-publish","hentry"],"yoast_head":"<!-- This site is optimized with the Yoast SEO plugin v25.3.1 - https:\/\/yoast.com\/wordpress\/plugins\/seo\/ -->\n<title>Viber Chat \u2013 F\u00fcgen Sie das Viber Chat-Plugin zur GoDaddy-Website hinzu!<\/title>\n<meta name=\"description\" content=\"Betten Sie Viber Chat in Ihre Website ein, um eine bessere und schnellere Verbindung mit Kunden zu erm\u00f6glichen. Schauen Sie sich jetzt die Elfsight-Demo an, um Ihr eigenes Plugin zu erstellen.\" \/>\n<meta name=\"robots\" content=\"index, follow, max-snippet:-1, max-image-preview:large, max-video-preview:-1\" \/>\n<link rel=\"canonical\" href=\"https:\/\/elfsight.com\/de\/viber-chat-widget\/godaddy\/\" \/>\n<meta property=\"og:locale\" content=\"de_DE\" \/>\n<meta property=\"og:type\" content=\"article\" \/>\n<meta property=\"og:title\" content=\"Viber Chat \u2013 F\u00fcgen Sie das Viber Chat-Plugin zur GoDaddy-Website hinzu!\" \/>\n<meta property=\"og:description\" content=\"Betten Sie Viber Chat in Ihre Website ein, um eine bessere und schnellere Verbindung mit Kunden zu erm\u00f6glichen. Schauen Sie sich jetzt die Elfsight-Demo an, um Ihr eigenes Plugin zu erstellen.\" \/>\n<meta property=\"og:url\" content=\"https:\/\/elfsight.com\/de\/viber-chat-widget\/godaddy\/\" \/>\n<meta property=\"og:site_name\" content=\"Elfsight DE\" \/>\n<meta property=\"article:modified_time\" content=\"2025-02-19T11:18:37+00:00\" \/>\n<meta name=\"twitter:card\" content=\"summary_large_image\" \/>\n<meta name=\"twitter:label1\" content=\"Gesch\u00e4tzte Lesezeit\" \/>\n\t<meta name=\"twitter:data1\" content=\"3\u00a0Minuten\" \/>\n<!-- \/ Yoast SEO plugin. -->","yoast_head_json":{"title":"Viber Chat \u2013 F\u00fcgen Sie das Viber Chat-Plugin zur GoDaddy-Website hinzu!","description":"Betten Sie Viber Chat in Ihre Website ein, um eine bessere und schnellere Verbindung mit Kunden zu erm\u00f6glichen. Schauen Sie sich jetzt die Elfsight-Demo an, um Ihr eigenes Plugin zu erstellen.","robots":{"index":"index","follow":"follow","max-snippet":"max-snippet:-1","max-image-preview":"max-image-preview:large","max-video-preview":"max-video-preview:-1"},"canonical":"https:\/\/elfsight.com\/de\/viber-chat-widget\/godaddy\/","og_locale":"de_DE","og_type":"article","og_title":"Viber Chat \u2013 F\u00fcgen Sie das Viber Chat-Plugin zur GoDaddy-Website hinzu!","og_description":"Betten Sie Viber Chat in Ihre Website ein, um eine bessere und schnellere Verbindung mit Kunden zu erm\u00f6glichen. Schauen Sie sich jetzt die Elfsight-Demo an, um Ihr eigenes Plugin zu erstellen.","og_url":"https:\/\/elfsight.com\/de\/viber-chat-widget\/godaddy\/","og_site_name":"Elfsight DE","article_modified_time":"2025-02-19T11:18:37+00:00","twitter_card":"summary_large_image","twitter_misc":{"Gesch\u00e4tzte Lesezeit":"3\u00a0Minuten"},"schema":{"@context":"https:\/\/schema.org","@graph":[{"@type":"WebPage","@id":"https:\/\/elfsight.com\/de\/viber-chat-widget\/godaddy\/","url":"https:\/\/elfsight.com\/de\/viber-chat-widget\/godaddy\/","name":"Viber Chat \u2013 F\u00fcgen Sie das Viber Chat-Plugin zur GoDaddy-Website hinzu!","isPartOf":{"@id":"https:\/\/elfsight.com\/de\/#website"},"datePublished":"1970-01-01T00:00:00+00:00","dateModified":"2025-02-19T11:18:37+00:00","description":"Betten Sie Viber Chat in Ihre Website ein, um eine bessere und schnellere Verbindung mit Kunden zu erm\u00f6glichen. Schauen Sie sich jetzt die Elfsight-Demo an, um Ihr eigenes Plugin zu erstellen.","breadcrumb":{"@id":"https:\/\/elfsight.com\/de\/viber-chat-widget\/godaddy\/#breadcrumb"},"inLanguage":"de","potentialAction":[{"@type":"ReadAction","target":["https:\/\/elfsight.com\/de\/viber-chat-widget\/godaddy\/"]}]},{"@type":"BreadcrumbList","@id":"https:\/\/elfsight.com\/de\/viber-chat-widget\/godaddy\/#breadcrumb","itemListElement":[{"@type":"ListItem","position":1,"name":"Home","item":"https:\/\/elfsight.com\/de\/"},{"@type":"ListItem","position":2,"name":"Viber Chat","item":"https:\/\/elfsight.com\/de\/viber-chat-widget\/"},{"@type":"ListItem","position":3,"name":"Viber Chat &#8211; GoDaddy"}]},{"@type":"WebSite","@id":"https:\/\/elfsight.com\/de\/#website","url":"https:\/\/elfsight.com\/de\/","name":"Elfsight DE","description":"Just another Elfsight Sites site","potentialAction":[{"@type":"SearchAction","target":{"@type":"EntryPoint","urlTemplate":"https:\/\/elfsight.com\/de\/?s={search_term_string}"},"query-input":{"@type":"PropertyValueSpecification","valueRequired":true,"valueName":"search_term_string"}}],"inLanguage":"de"}]}},"meta_box":{"industry":"","seo_heading":"","heading":"","description":"","cta_heading":"","cta_description":"","application":"506","h1":"GoDaddy Viber Chat-Plugin","h1_caption":"Bieten Sie Viber als Kommunikationskanal auf Ihrer Website an, damit Besucher m\u00fchelos auf Ihre GoDaddy-Website zugreifen k\u00f6nnen.","application_category":[],"applications_title":"","applications_request_title":"","applications_request_button_text":"","hero_text":"","hero_video":"","hero_video_schema_markup":"","selling_points_title":"","selling_points_caption":"","selling_points":[],"selling_points_cta_text":"","features_title":"","features":"","ed_cta_examples_text":"","ed_cta_examples_hidden":"","ed_cta_demo_text":"","ed_cta_demo_hidden":"","why_caption":"","why_editor_title":"","why_editor_text":"","why_team_title":"","why_team_text":"","why_service_title":"","why_service_text":"","template_catalog_visible":"0","template_catalog_title":"","template_catalog_text":"","template_catalog_categories_visible":"","demo_title":"Erstellen Sie Ihr Viber-Chat-Plugin","demo_caption":"Konfigurieren Sie Ihren Viber-Chat und f\u00fcgen Sie ihn kostenlos zu Ihrer GoDaddy-Website hinzu!","default_faq_hidden":"","app_template_category":[],"platform":"241","template_public_id":"","codecanyon_url":"","codecanyon_item_id":"","codecanyon_price":"","pricing_caption":"","pricing_elfsight_apps_hide_column":"","pricing_elfsight_apps_url":"","pricing_codecanyon_price_caption":"","integration_category":[],"integration_request_title":"","integration_request_cta":"","integration_platform":"","integrations":[],"platform_category":[],"video_schema_markup":"","price":"ab 0 $ \/ Monat","trial":"","benefits":[{"text":"Kostenlose Installationsunterst\u00fctzung"},{"text":"Premium-Support"},{"text":"14-t\u00e4gige R\u00fcckerstattungsgarantie"},{"text":"St\u00e4ndige Aktualisierung"}],"button_url":"#demo","button_target_blank":"0","button_nofollow":"0","attributes":[{"name":"Installiert","content":"10,000 - 100,000"},{"name":"Reaktionsfreudig","content":"Ja"},{"name":"Kompatible Browser","content":"IE11, Firefox, Safari, Opera, Chrome, Edge"}],"tags":[],"tags_disable_links":"0","hide_more_platforms":"0","video_object":"","demo_hide_cta":"0","demo_hide_cloud_options":"0","pricing_title":"","pricing":[{"pricing_icon":"platform","pricing_title":"Elfsight Apps","pricing_title_caption":"Plattform\u00fcbergreifende digitale L\u00f6sung","pricing_price":"ab 0 $ \/ Monat","pricing_price_caption":"Beginnen Sie mit einem kostenlosen Plan","pricing_benefits":[{"text":"Unbegrenzte Domains"},{"text":"Schnelle Unternehmensunterst\u00fctzung"},{"text":"Kostenlose Installationsunterst\u00fctzung"},{"text":"100 % anpassbar"}],"pricing_button_text":"Zur Website hinzuf\u00fcgen","pricing_button_url":"#demo"}],"related_apps_title":"","related_apps_hidden":"0","author":"","image":[],"title":"","job":"","social_networks":[]},"_links":{"self":[{"href":"https:\/\/elfsight.com\/de\/wp-json\/wp\/v2\/pages\/10796","targetHints":{"allow":["GET"]}}],"collection":[{"href":"https:\/\/elfsight.com\/de\/wp-json\/wp\/v2\/pages"}],"about":[{"href":"https:\/\/elfsight.com\/de\/wp-json\/wp\/v2\/types\/page"}],"author":[{"embeddable":true,"href":"https:\/\/elfsight.com\/de\/wp-json\/wp\/v2\/users\/9"}],"replies":[{"embeddable":true,"href":"https:\/\/elfsight.com\/de\/wp-json\/wp\/v2\/comments?post=10796"}],"version-history":[{"count":3,"href":"https:\/\/elfsight.com\/de\/wp-json\/wp\/v2\/pages\/10796\/revisions"}],"predecessor-version":[{"id":24451,"href":"https:\/\/elfsight.com\/de\/wp-json\/wp\/v2\/pages\/10796\/revisions\/24451"}],"up":[{"embeddable":true,"href":"https:\/\/elfsight.com\/de\/wp-json\/wp\/v2\/pages\/2535"}],"wp:attachment":[{"href":"https:\/\/elfsight.com\/de\/wp-json\/wp\/v2\/media?parent=10796"}],"curies":[{"name":"wp","href":"https:\/\/api.w.org\/{rel}","templated":true}]}}