{"id":10795,"date":"1970-01-01T00:00:00","date_gmt":"1970-01-01T00:00:00","guid":{"rendered":"https:\/\/elfsight.com\/de\/?page_id=10795"},"modified":"2025-07-10T13:57:00","modified_gmt":"2025-07-10T13:57:00","slug":"prestashop","status":"publish","type":"page","link":"https:\/\/elfsight.com\/de\/viber-chat-widget\/prestashop\/","title":{"rendered":"Viber Chat &#8211; PrestaShop"},"content":{"rendered":"<div class=\"application-platform-content-item-description application-platform-content-item\" id=\"description\" data-nav-section=\"description\"> <h2>Beschreibung<\/h2> <p>Der von Elfsight erstellte Viber Chat ist f\u00fcr Ihre Website-Benutzer die einfachste M\u00f6glichkeit, mit Ihnen zu kommunizieren und Antworten auf ihre Fragen zu erhalten Fragen und W\u00fcnsche. Jetzt sind Sie f\u00fcr Benutzer jederzeit und \u00fcberall in ihrem beliebten Messenger live verf\u00fcgbar. Betten Sie Viber Chat in Ihren Shop ein und lassen Sie ihn auf bestimmten Seiten oder f\u00fcr ausgew\u00e4hlte Benutzertypen erscheinen, f\u00fchren Sie Start-Chat-Ausl\u00f6ser ein, erstellen Sie Ihre einzigartige Willkommensnachricht, w\u00e4hlen Sie Symbole aus und vieles mehr. Durch den Einsatz des Viber-Chats auf Ihrer Website bleiben Sie f\u00fcr Ihre Nutzer jederzeit und unabh\u00e4ngig von Ihrem Standort gut erreichbar. <\/p><p><b>Holen Sie sich das Beste aus Viber Chat, um Ihre Gesch\u00e4ftsziele einfacher zu erreichen! <\/b><\/p> <\/div> <div class=\"application-platform-content-item-features application-platform-content-item\" id=\"features\" data-nav-section=\"features\"> <h2>Das Widget bietet praktische und einfache Funktionen, sehen Sie sich einige davon an: <\/h2> <ul><li>F\u00fcgen Sie Viber Messenger hinzu Ihr Shop, um mit Besuchern in Kontakt zu bleiben<\/li><li>Geben Sie Antworten direkt von Ihrem Viber-Konto aus<\/li><li>W\u00e4hlen Sie zwischen drei Varianten des Chat-Layouts: schwebende Blase, eingebettete Blase und eingebettetes Chat-Fenster<\/li><li>W\u00e4hlen Sie Ihre Sprechblasen-Symbolvariante aus unserem Satz verf\u00fcgbarer Symbole<\/li><li>Bearbeiten Sie den Text der Chat-Blase<\/li><\/ul><p><a href=\"#demo\">Erkunden Alle Einstellungen in der Demo mit vollem Funktionsumfang<\/a><\/p> <\/div> <div class=\"application-platform-content-item-installation application-platform-content-item\" id=\"installation\" data-nav-section=\"installation\"> <h2>So f\u00fcge ich Viber Chat zu meiner PrestaShop-Website hinzu<\/h2> <p>Nehmen Sie einfach mehrere F\u00fchren Sie die unten aufgef\u00fchrten Schritte aus, um das Add-on einzubetten. <\/p> <ol><li><b>F\u00fchren Sie unsere kostenlose Demo durch und beginnen Sie mit der Erstellung Ihres eigenen Add-ons. <\/b><br> Suchen Sie das benutzerdefinierte Layout und die Spezifikationen des Widgets und \u00fcbernehmen Sie die \u00c4nderungen. <\/li> <li><b>Kopieren Sie den einzelnen Code, der im Fenster von Elfsight Apps angezeigt wird. <\/b><br> Nachdem die Anpassung Ihres Tools abgeschlossen ist, kopieren Sie den individuellen Code aus dem angezeigten Fenster und speichern Sie ihn f\u00fcr einen sp\u00e4teren Anlass. <\/li> <li><b>Beginnen Sie mit der Nutzung des Add-ons auf Ihrer PrestaShop-Site. <\/b><br> F\u00fcgen Sie den k\u00fcrzlich kopierten Code in Ihre Homepage ein und speichern Sie die \u00c4nderungen. <\/li> <li><b>Du bist fertig! Die Einrichtung ist erfolgreich abgeschlossen. <\/b><br> Gehen Sie auf Ihre Seite, um zu sehen, wie das Add-on funktioniert. <\/li><\/ol> <p>Sollten Sie Probleme haben, z\u00f6gern Sie nicht, sich an unser Support-Team zu wenden. Unsere Spezialisten helfen Ihnen gerne bei allen Fragen rund um das Widget weiter. <\/p> <div class=\"faq\" data-component=\"FAQ\"> <div class=\"faq-item\">\r\n\t\t\t\t\t<div class=\"faq-item-question\">\r\n\t\t\t\t\t\t<h3 class=\"faq-item-question-text\">Wie f\u00fcge ich Viber Chat ohne Programmierkenntnisse zu meiner PrestaShop-Website hinzu?<\/h3>\r\n\r\n\t\t\t\t\t\t<div class=\"faq-item-question-icon\"><\/div>\r\n\t\t\t\t\t<\/div>\r\n\r\n\t\t\t\t\t<div class=\"faq-item-answer\">\r\n\t\t\t\t\t\t<div class=\"faq-item-answer-text\"> <p>Elfsight bietet eine SaaS-L\u00f6sung, mit der Sie selbst ein Viber Chat-Widget erstellen k\u00f6nnen. Sehen Sie, wie einfach der Vorgang ist ist: Arbeiten Sie direkt im Online-Editor, um ein Viber-Chat-Widget zu erstellen, das Sie auf Ihrer PrestaShop-Website sehen m\u00f6chten. W\u00e4hlen Sie eine der vorgefertigten Vorlagen aus und passen Sie die Viber-Chat-Einstellungen an, f\u00fcgen Sie Ihre Inhalte hinzu, \u00e4ndern Sie das Layout und das Farbschema ohne Programmierkenntnisse. Speichern Sie den Viber Chat und kopieren Sie seinen Installationscode, den Sie problemlos in Ihre PrestaShop-Website einbetten k\u00f6nnen, ohne ein kostenpflichtiges Abonnement zu kaufen. Mit unserem intuitiven Editor kann jeder Internetnutzer online ein Viber-Chat-Widget erstellen und es einfach in seine PrestaShop-Website einbetten. Sie m\u00fcssen weder bezahlen noch Ihre Kartendaten eingeben, um auf den Service zuzugreifen. Sollten bei irgendeinem Schritt Probleme auftreten, wenden Sie sich bitte an unser technisches Support-Team.<\/p> <\/div>\r\n\t\t\t\t\t<\/div>\r\n\t\t\t\t<\/div> <\/div> <\/div>","protected":false},"excerpt":{"rendered":"","protected":false},"author":9,"featured_media":0,"parent":2535,"menu_order":0,"comment_status":"closed","ping_status":"closed","template":"templates\/template-application-platform.php","meta":{"publish_to_discourse":"","publish_post_category":"","wpdc_auto_publish_overridden":"","wpdc_topic_tags":"","wpdc_pin_topic":"","wpdc_pin_until":"","discourse_post_id":"","discourse_permalink":"","wpdc_publishing_response":"","wpdc_publishing_error":"","footnotes":""},"class_list":["post-10795","page","type-page","status-publish","hentry"],"yoast_head":"<!-- This site is optimized with the Yoast SEO plugin v25.3.1 - https:\/\/yoast.com\/wordpress\/plugins\/seo\/ -->\n<title>Viber Chat ohne Codierung zur PrestaShop-Website hinzuf\u00fcgen (2025)<\/title>\n<meta name=\"description\" content=\"F\u00fcgen Sie Viber Chat zu Ihrer Website hinzu, um die Kommunikation mit Kunden besser und schneller zu gestalten. Testen Sie jetzt die kostenlose Elfsight-Demo, um Ihr benutzerdefiniertes Add-on zu konfigurieren.\" \/>\n<meta name=\"robots\" content=\"index, follow, max-snippet:-1, max-image-preview:large, max-video-preview:-1\" \/>\n<link rel=\"canonical\" href=\"https:\/\/elfsight.com\/de\/viber-chat-widget\/prestashop\/\" \/>\n<meta property=\"og:locale\" content=\"de_DE\" \/>\n<meta property=\"og:type\" content=\"article\" \/>\n<meta property=\"og:title\" content=\"Viber Chat ohne Codierung zur PrestaShop-Website hinzuf\u00fcgen (2025)\" \/>\n<meta property=\"og:description\" content=\"F\u00fcgen Sie Viber Chat zu Ihrer Website hinzu, um die Kommunikation mit Kunden besser und schneller zu gestalten. Testen Sie jetzt die kostenlose Elfsight-Demo, um Ihr benutzerdefiniertes Add-on zu konfigurieren.\" \/>\n<meta property=\"og:url\" content=\"https:\/\/elfsight.com\/de\/viber-chat-widget\/prestashop\/\" \/>\n<meta property=\"og:site_name\" content=\"Elfsight DE\" \/>\n<meta property=\"article:modified_time\" content=\"2025-07-10T13:57:00+00:00\" \/>\n<meta name=\"twitter:card\" content=\"summary_large_image\" \/>\n<meta name=\"twitter:label1\" content=\"Gesch\u00e4tzte Lesezeit\" \/>\n\t<meta name=\"twitter:data1\" content=\"3\u00a0Minuten\" \/>\n<!-- \/ Yoast SEO plugin. -->","yoast_head_json":{"title":"Viber Chat ohne Codierung zur PrestaShop-Website hinzuf\u00fcgen (2025)","description":"F\u00fcgen Sie Viber Chat zu Ihrer Website hinzu, um die Kommunikation mit Kunden besser und schneller zu gestalten. Testen Sie jetzt die kostenlose Elfsight-Demo, um Ihr benutzerdefiniertes Add-on zu konfigurieren.","robots":{"index":"index","follow":"follow","max-snippet":"max-snippet:-1","max-image-preview":"max-image-preview:large","max-video-preview":"max-video-preview:-1"},"canonical":"https:\/\/elfsight.com\/de\/viber-chat-widget\/prestashop\/","og_locale":"de_DE","og_type":"article","og_title":"Viber Chat ohne Codierung zur PrestaShop-Website hinzuf\u00fcgen (2025)","og_description":"F\u00fcgen Sie Viber Chat zu Ihrer Website hinzu, um die Kommunikation mit Kunden besser und schneller zu gestalten. Testen Sie jetzt die kostenlose Elfsight-Demo, um Ihr benutzerdefiniertes Add-on zu konfigurieren.","og_url":"https:\/\/elfsight.com\/de\/viber-chat-widget\/prestashop\/","og_site_name":"Elfsight DE","article_modified_time":"2025-07-10T13:57:00+00:00","twitter_card":"summary_large_image","twitter_misc":{"Gesch\u00e4tzte Lesezeit":"3\u00a0Minuten"},"schema":{"@context":"https:\/\/schema.org","@graph":[{"@type":"WebPage","@id":"https:\/\/elfsight.com\/de\/viber-chat-widget\/prestashop\/","url":"https:\/\/elfsight.com\/de\/viber-chat-widget\/prestashop\/","name":"Viber Chat ohne Codierung zur PrestaShop-Website hinzuf\u00fcgen (2025)","isPartOf":{"@id":"https:\/\/elfsight.com\/de\/#website"},"datePublished":"1970-01-01T00:00:00+00:00","dateModified":"2025-07-10T13:57:00+00:00","description":"F\u00fcgen Sie Viber Chat zu Ihrer Website hinzu, um die Kommunikation mit Kunden besser und schneller zu gestalten. Testen Sie jetzt die kostenlose Elfsight-Demo, um Ihr benutzerdefiniertes Add-on zu konfigurieren.","breadcrumb":{"@id":"https:\/\/elfsight.com\/de\/viber-chat-widget\/prestashop\/#breadcrumb"},"inLanguage":"de","potentialAction":[{"@type":"ReadAction","target":["https:\/\/elfsight.com\/de\/viber-chat-widget\/prestashop\/"]}]},{"@type":"BreadcrumbList","@id":"https:\/\/elfsight.com\/de\/viber-chat-widget\/prestashop\/#breadcrumb","itemListElement":[{"@type":"ListItem","position":1,"name":"Home","item":"https:\/\/elfsight.com\/de\/"},{"@type":"ListItem","position":2,"name":"Viber Chat","item":"https:\/\/elfsight.com\/de\/viber-chat-widget\/"},{"@type":"ListItem","position":3,"name":"Viber Chat &#8211; PrestaShop"}]},{"@type":"WebSite","@id":"https:\/\/elfsight.com\/de\/#website","url":"https:\/\/elfsight.com\/de\/","name":"Elfsight DE","description":"Just another Elfsight Sites site","potentialAction":[{"@type":"SearchAction","target":{"@type":"EntryPoint","urlTemplate":"https:\/\/elfsight.com\/de\/?s={search_term_string}"},"query-input":{"@type":"PropertyValueSpecification","valueRequired":true,"valueName":"search_term_string"}}],"inLanguage":"de"}]}},"meta_box":{"industry":"","seo_heading":"","heading":"","description":"","cta_heading":"","cta_description":"","application":"506","h1":"PrestaShop Viber Chat Add-on","h1_caption":"Bieten Sie Viber als Kommunikationskanal auf Ihrer Website an, damit Besucher m\u00fchelos auf Ihre Prestashop-Website zugreifen k\u00f6nnen.","application_category":[],"applications_title":"","applications_request_title":"","applications_request_button_text":"","hero_text":"","hero_video":"","hero_video_schema_markup":"","selling_points_title":"","selling_points_caption":"","selling_points":[],"selling_points_cta_text":"","features_title":"","features":"","ed_cta_examples_text":"","ed_cta_examples_hidden":"","ed_cta_demo_text":"","ed_cta_demo_hidden":"","why_caption":"","why_editor_title":"","why_editor_text":"","why_team_title":"","why_team_text":"","why_service_title":"","why_service_text":"","template_catalog_visible":"","template_catalog_title":"","template_catalog_text":"","template_catalog_categories_visible":"","demo_title":"Erstellen Sie Ihr Viber-Chat-Add-on","demo_caption":"Konfigurieren Sie Ihren Viber-Chat und f\u00fcgen Sie ihn kostenlos zu Ihrer PrestaShop-Website hinzu!","default_faq_hidden":"","app_template_category":[],"platform":"3811","template_public_id":"","codecanyon_url":"","codecanyon_item_id":"","codecanyon_price":"","pricing_caption":"","pricing_elfsight_apps_hide_column":"","pricing_elfsight_apps_url":"","pricing_codecanyon_price_caption":"","integration_category":[],"integration_request_title":"","integration_request_cta":"","integration_platform":"","integrations":[],"platform_category":[],"video_schema_markup":"","price":"ab 0 $ \/ Monat","trial":"","benefits":[{"text":"Kostenloser Installationsservice"},{"text":"Erfahrener Kundensupport"},{"text":"14-t\u00e4gige Geld-zur\u00fcck-Garantie"},{"text":"Laufende Verbesserungen"}],"button_url":"#demo","button_target_blank":"","button_nofollow":"","attributes":[{"name":"Installiert","content":"10,000 - 100,000"},{"name":"Reaktionsfreudig","content":"Ja"},{"name":"Kompatible Browser","content":"Firefox, Safari, Opera, Chrome, Edge"}],"tags":[],"tags_disable_links":"","hide_more_platforms":"","video_object":"","demo_hide_cta":"","demo_hide_cloud_options":"","pricing_title":"","pricing":[{"pricing_icon":"platform","pricing_title":"Elfsight Apps","pricing_title_caption":"Plattform\u00fcbergreifende Version, die auf jeder Website funktioniert","pricing_price":"ab 0 $ \/ Monat","pricing_price_caption":"Beginnen Sie mit einem kostenlosen Plan","pricing_benefits":[{"text":"Unbegrenzte Domains"},{"text":"Kostenloser Kundensupport"},{"text":"Kostenloser Installationssupport"},{"text":"Flexibles Design"}],"pricing_button_text":"Zur Website hinzuf\u00fcgen","pricing_button_url":"#demo"}],"related_apps_title":"","related_apps_hidden":"","author":"","image":[],"title":"","job":"","social_networks":[]},"_links":{"self":[{"href":"https:\/\/elfsight.com\/de\/wp-json\/wp\/v2\/pages\/10795","targetHints":{"allow":["GET"]}}],"collection":[{"href":"https:\/\/elfsight.com\/de\/wp-json\/wp\/v2\/pages"}],"about":[{"href":"https:\/\/elfsight.com\/de\/wp-json\/wp\/v2\/types\/page"}],"author":[{"embeddable":true,"href":"https:\/\/elfsight.com\/de\/wp-json\/wp\/v2\/users\/9"}],"replies":[{"embeddable":true,"href":"https:\/\/elfsight.com\/de\/wp-json\/wp\/v2\/comments?post=10795"}],"version-history":[{"count":2,"href":"https:\/\/elfsight.com\/de\/wp-json\/wp\/v2\/pages\/10795\/revisions"}],"predecessor-version":[{"id":22143,"href":"https:\/\/elfsight.com\/de\/wp-json\/wp\/v2\/pages\/10795\/revisions\/22143"}],"up":[{"embeddable":true,"href":"https:\/\/elfsight.com\/de\/wp-json\/wp\/v2\/pages\/2535"}],"wp:attachment":[{"href":"https:\/\/elfsight.com\/de\/wp-json\/wp\/v2\/media?parent=10795"}],"curies":[{"name":"wp","href":"https:\/\/api.w.org\/{rel}","templated":true}]}}