{"id":10794,"date":"1970-01-01T00:00:00","date_gmt":"1970-01-01T00:00:00","guid":{"rendered":"https:\/\/elfsight.com\/de\/?page_id=10794"},"modified":"2025-07-10T13:56:42","modified_gmt":"2025-07-10T13:56:42","slug":"jimdo","status":"publish","type":"page","link":"https:\/\/elfsight.com\/de\/viber-chat-widget\/jimdo\/","title":{"rendered":"Viber Chat &#8211; Jimdo"},"content":{"rendered":"<div class=\"application-platform-content-item-description application-platform-content-item\" id=\"description\" data-nav-section=\"description\"><h2>Beschreibung<\/h2> <p>Der von Elfsight erstellte Viber Chat ist f\u00fcr Ihre Website-Nutzer die einfachste M\u00f6glichkeit, mit Ihnen zu kommunizieren und Antworten auf ihre Fragen zu erhalten Fragen und W\u00fcnsche. Es steht Ihnen frei, rund um die Uhr online f\u00fcr Ihre Kunden in ihrem beliebten Messenger erreichbar zu sein. F\u00fcgen Sie Viber Chat auf einer Webseite hinzu und es kann auf den wichtigsten Seiten oder f\u00fcr bestimmte Kundentypen angezeigt werden, Ausl\u00f6ser f\u00fcr den Start des Chats ausw\u00e4hlen, Ihre eigene Willkommensnachricht anzeigen, Symbole ausrichten und andere Anpassungen vornehmen. Durch die Verwendung des vor Ort installierten Viber-Chats bleiben Sie jederzeit und unabh\u00e4ngig von Ihrem Standort \u00fcber Ihre Besucher auf dem Laufenden. <\/p><p><b>Machen Sie Ihre Website mit Hilfe von Viber Chat effektiver f\u00fcr Gesch\u00e4ftsziele.<\/b><\/p> <\/div> <div class=\"application-platform-content-item-features application-platform-content-item\" id=\"features\" data-nav-section=\"features\"> <h2>Sehen Sie sich das an Liste der leistungsst\u00e4rksten Funktionen: <\/h2> <ul><li>F\u00fcgen Sie den Viber-Messenger in Ihren Shop ein, um f\u00fcr Benutzer immer erreichbar zu bleiben<\/li><li>Reagieren Sie direkt auf Ihrer Viber-Seite auf Nachrichten<\/li><li> 3 Arten von Chat-Standorten: als schwebende Blase, eingebettete Blase und eingebettetes Chat-Fenster<\/li><li>Entdecken Sie eine Bibliothek mit Blasensymbolen, aus denen Sie \u00fcbernehmen k\u00f6nnen<\/li><li>Bearbeitbarer Blasentext<\/li> <\/ul><p><a href=\"#demo\">Schauen Sie sich einfach diese Demo an, um zu sehen, wie es funktioniert<\/a><\/p> <\/div> <div class=\"application-platform-content-item-installation application-platform-content-item\" id=\"installation\" data-nav-section=\"installation\"> <h2>Anleitung Viber Chat zu einer Jimdo-Website hinzuf\u00fcgen? <\/h2> <p>Befolgen Sie einfach die folgenden Richtlinien, um das Widget zu aktivieren. <\/p> <ol><li><b>Nutzen Sie unseren kostenlosen Editor und beginnen Sie mit der Erstellung Ihres ma\u00dfgeschneiderten Widgets. <\/b><br> Bestimmen Sie das ausgew\u00e4hlte Layout und die Funktionalit\u00e4t des Tools und speichern Sie die \u00c4nderungen. <\/li> <li><b>Holen Sie sich den individuellen Code, der in der Box auf Elfsight Apps angezeigt wird. <\/b><br> Wenn die Anpassung Ihres pers\u00f6nlichen Tools abgeschlossen ist, kopieren Sie den pers\u00f6nlichen Code aus dem angezeigten Popup und speichern Sie ihn zur weiteren Verwendung. <\/li> <li><b>Beteiligen Sie sich an der Verwendung des Widgets auf Ihrer Jimdo-Homepage. <\/b><br> Implementieren Sie den zuvor gespeicherten Code auf Ihrer Homepage und wenden Sie die Verbesserungen an. <\/li> <li><b>Das Setup wurde erfolgreich durchgef\u00fchrt. <\/b><br> Besuchen Sie Ihre Webseite, um die Funktionsweise des Widgets zu \u00fcberpr\u00fcfen. <\/li><\/ol> <p>Wenn Sie Fragen haben oder auf Schwierigkeiten sto\u00dfen, scheuen Sie sich nicht, sich an unser Kundendienstteam zu wenden. Unsere Mitarbeiter helfen Ihnen gerne bei allen Fragen, die Sie zum Widget haben. <\/p> <div class=\"faq\" data-component=\"FAQ\"> <div class=\"faq-item\">\r\n\t\t\t\t\t<div class=\"faq-item-question\">\r\n\t\t\t\t\t\t<h3 class=\"faq-item-question-text\">Wie kann ich ohne Programmierkenntnisse Viber Chat zu meiner Jimdo-Website hinzuf\u00fcgen?<\/h3>\r\n\r\n\t\t\t\t\t\t<div class=\"faq-item-question-icon\"><\/div>\r\n\t\t\t\t\t<\/div>\r\n\r\n\t\t\t\t\t<div class=\"faq-item-answer\">\r\n\t\t\t\t\t\t<div class=\"faq-item-answer-text\"> <p>Elfsight bietet eine SaaS-L\u00f6sung, mit der Sie selbst ein Viber Chat-Widget erstellen k\u00f6nnen. Sehen Sie, wie einfach das ist Der Vorgang ist: Arbeiten Sie direkt im Online-Editor, um ein Viber-Chat-Widget zu erstellen, das Sie auf Ihrer Jimdo-Website sehen m\u00f6chten. W\u00e4hlen Sie eine der vorgefertigten Vorlagen aus und passen Sie die Viber-Chat-Einstellungen an, f\u00fcgen Sie Ihre Inhalte hinzu, \u00e4ndern Sie das Layout und das Farbschema ohne Programmierkenntnisse. Speichern Sie den Viber Chat und kopieren Sie seinen Installationscode, den Sie einfach in Ihre Jimdo-Website einbetten k\u00f6nnen, ohne eine kostenpflichtige Version kaufen zu m\u00fcssen. Mit unserem intuitiven Editor kann jeder Internetnutzer online ein Viber-Chat-Widget erstellen und es einfach in seine Jimdo-Website einbetten. Sie m\u00fcssen weder bezahlen noch Ihre Kartendaten eingeben, um auf den Service zuzugreifen. Sollten bei irgendeinem Schritt Probleme auftreten, wenden Sie sich bitte an unser technisches Support-Team.<\/p> <\/div>\r\n\t\t\t\t\t<\/div>\r\n\t\t\t\t<\/div> <\/div> <\/div>","protected":false},"excerpt":{"rendered":"","protected":false},"author":9,"featured_media":0,"parent":2535,"menu_order":0,"comment_status":"closed","ping_status":"closed","template":"templates\/template-application-platform.php","meta":{"publish_to_discourse":"","publish_post_category":"","wpdc_auto_publish_overridden":"","wpdc_topic_tags":"","wpdc_pin_topic":"","wpdc_pin_until":"","discourse_post_id":"","discourse_permalink":"","wpdc_publishing_response":"","wpdc_publishing_error":"","footnotes":""},"class_list":["post-10794","page","type-page","status-publish","hentry"],"yoast_head":"<!-- This site is optimized with the Yoast SEO plugin v25.3.1 - https:\/\/yoast.com\/wordpress\/plugins\/seo\/ -->\n<title>Viber Chat ohne Codierung zur Jimdo-Website hinzuf\u00fcgen (2025)<\/title>\n<meta name=\"description\" content=\"F\u00fcgen Sie Viber Chat zu Ihrer Website hinzu, um eine bessere und schnellere Kommunikation mit Kunden zu erm\u00f6glichen. Testen Sie jetzt die kostenlose Elfsight-Demo, um Ihr benutzerdefiniertes Widget zu konfigurieren.\" \/>\n<meta name=\"robots\" content=\"index, follow, max-snippet:-1, max-image-preview:large, max-video-preview:-1\" \/>\n<link rel=\"canonical\" href=\"https:\/\/elfsight.com\/de\/viber-chat-widget\/jimdo\/\" \/>\n<meta property=\"og:locale\" content=\"de_DE\" \/>\n<meta property=\"og:type\" content=\"article\" \/>\n<meta property=\"og:title\" content=\"Viber Chat ohne Codierung zur Jimdo-Website hinzuf\u00fcgen (2025)\" \/>\n<meta property=\"og:description\" content=\"F\u00fcgen Sie Viber Chat zu Ihrer Website hinzu, um eine bessere und schnellere Kommunikation mit Kunden zu erm\u00f6glichen. Testen Sie jetzt die kostenlose Elfsight-Demo, um Ihr benutzerdefiniertes Widget zu konfigurieren.\" \/>\n<meta property=\"og:url\" content=\"https:\/\/elfsight.com\/de\/viber-chat-widget\/jimdo\/\" \/>\n<meta property=\"og:site_name\" content=\"Elfsight DE\" \/>\n<meta property=\"article:modified_time\" content=\"2025-07-10T13:56:42+00:00\" \/>\n<meta name=\"twitter:card\" content=\"summary_large_image\" \/>\n<meta name=\"twitter:label1\" content=\"Gesch\u00e4tzte Lesezeit\" \/>\n\t<meta name=\"twitter:data1\" content=\"3\u00a0Minuten\" \/>\n<!-- \/ Yoast SEO plugin. -->","yoast_head_json":{"title":"Viber Chat ohne Codierung zur Jimdo-Website hinzuf\u00fcgen (2025)","description":"F\u00fcgen Sie Viber Chat zu Ihrer Website hinzu, um eine bessere und schnellere Kommunikation mit Kunden zu erm\u00f6glichen. Testen Sie jetzt die kostenlose Elfsight-Demo, um Ihr benutzerdefiniertes Widget zu konfigurieren.","robots":{"index":"index","follow":"follow","max-snippet":"max-snippet:-1","max-image-preview":"max-image-preview:large","max-video-preview":"max-video-preview:-1"},"canonical":"https:\/\/elfsight.com\/de\/viber-chat-widget\/jimdo\/","og_locale":"de_DE","og_type":"article","og_title":"Viber Chat ohne Codierung zur Jimdo-Website hinzuf\u00fcgen (2025)","og_description":"F\u00fcgen Sie Viber Chat zu Ihrer Website hinzu, um eine bessere und schnellere Kommunikation mit Kunden zu erm\u00f6glichen. Testen Sie jetzt die kostenlose Elfsight-Demo, um Ihr benutzerdefiniertes Widget zu konfigurieren.","og_url":"https:\/\/elfsight.com\/de\/viber-chat-widget\/jimdo\/","og_site_name":"Elfsight DE","article_modified_time":"2025-07-10T13:56:42+00:00","twitter_card":"summary_large_image","twitter_misc":{"Gesch\u00e4tzte Lesezeit":"3\u00a0Minuten"},"schema":{"@context":"https:\/\/schema.org","@graph":[{"@type":"WebPage","@id":"https:\/\/elfsight.com\/de\/viber-chat-widget\/jimdo\/","url":"https:\/\/elfsight.com\/de\/viber-chat-widget\/jimdo\/","name":"Viber Chat ohne Codierung zur Jimdo-Website hinzuf\u00fcgen (2025)","isPartOf":{"@id":"https:\/\/elfsight.com\/de\/#website"},"datePublished":"1970-01-01T00:00:00+00:00","dateModified":"2025-07-10T13:56:42+00:00","description":"F\u00fcgen Sie Viber Chat zu Ihrer Website hinzu, um eine bessere und schnellere Kommunikation mit Kunden zu erm\u00f6glichen. Testen Sie jetzt die kostenlose Elfsight-Demo, um Ihr benutzerdefiniertes Widget zu konfigurieren.","breadcrumb":{"@id":"https:\/\/elfsight.com\/de\/viber-chat-widget\/jimdo\/#breadcrumb"},"inLanguage":"de","potentialAction":[{"@type":"ReadAction","target":["https:\/\/elfsight.com\/de\/viber-chat-widget\/jimdo\/"]}]},{"@type":"BreadcrumbList","@id":"https:\/\/elfsight.com\/de\/viber-chat-widget\/jimdo\/#breadcrumb","itemListElement":[{"@type":"ListItem","position":1,"name":"Home","item":"https:\/\/elfsight.com\/de\/"},{"@type":"ListItem","position":2,"name":"Viber Chat","item":"https:\/\/elfsight.com\/de\/viber-chat-widget\/"},{"@type":"ListItem","position":3,"name":"Viber Chat &#8211; Jimdo"}]},{"@type":"WebSite","@id":"https:\/\/elfsight.com\/de\/#website","url":"https:\/\/elfsight.com\/de\/","name":"Elfsight DE","description":"Just another Elfsight Sites site","potentialAction":[{"@type":"SearchAction","target":{"@type":"EntryPoint","urlTemplate":"https:\/\/elfsight.com\/de\/?s={search_term_string}"},"query-input":{"@type":"PropertyValueSpecification","valueRequired":true,"valueName":"search_term_string"}}],"inLanguage":"de"}]}},"meta_box":{"industry":"","seo_heading":"","heading":"","description":"","cta_heading":"","cta_description":"","application":"506","h1":"Jimdo Viber Chat","h1_caption":"Bieten Sie Viber als Kommunikationskanal auf Ihrer Website an, damit Besucher Ihre Jimdo-Website m\u00fchelos erreichen k\u00f6nnen.","application_category":[],"applications_title":"","applications_request_title":"","applications_request_button_text":"","hero_text":"","hero_video":"","hero_video_schema_markup":"","selling_points_title":"","selling_points_caption":"","selling_points":[],"selling_points_cta_text":"","features_title":"","features":"","ed_cta_examples_text":"","ed_cta_examples_hidden":"","ed_cta_demo_text":"","ed_cta_demo_hidden":"","why_caption":"","why_editor_title":"","why_editor_text":"","why_team_title":"","why_team_text":"","why_service_title":"","why_service_text":"","template_catalog_visible":"","template_catalog_title":"","template_catalog_text":"","template_catalog_categories_visible":"","demo_title":"Erstellen Sie Ihr Viber-Chat-Widget","demo_caption":"Konfigurieren Sie Ihren Viber-Chat und f\u00fcgen Sie ihn kostenlos zu Ihrer Jimdo-Website hinzu!","default_faq_hidden":"","app_template_category":[],"platform":"239","template_public_id":"","codecanyon_url":"","codecanyon_item_id":"","codecanyon_price":"","pricing_caption":"","pricing_elfsight_apps_hide_column":"","pricing_elfsight_apps_url":"","pricing_codecanyon_price_caption":"","integration_category":[],"integration_request_title":"","integration_request_cta":"","integration_platform":"","integrations":[],"platform_category":[],"video_schema_markup":"","price":"ab 0 $ \/ Monat","trial":"","benefits":[{"text":"Kostenlose Installationshilfe"},{"text":"Erfahrener Kundensupport"},{"text":"14-t\u00e4gige Geld-zur\u00fcck-Garantie"},{"text":"St\u00e4ndige Aktualisierung"}],"button_url":"#demo","button_target_blank":"","button_nofollow":"","attributes":[{"name":"Installiert","content":"10,000 - 100,000"},{"name":"Reaktionsfreudig","content":"Ja"},{"name":"Kompatible Browser","content":"Firefox, Safari, Opera, Chrome, Edge"}],"tags":[],"tags_disable_links":"","hide_more_platforms":"","video_object":"","demo_hide_cta":"","demo_hide_cloud_options":"","pricing_title":"","pricing":[{"pricing_icon":"platform","pricing_title":"Elfsight Apps","pricing_title_caption":"Plattformunabh\u00e4ngige L\u00f6sung, die zu jeder Website passt","pricing_price":"ab 0 $ \/ Monat","pricing_price_caption":"Beginnen Sie mit einem kostenlosen Plan","pricing_benefits":[{"text":"Unbegrenzte Anzahl an Domains"},{"text":"Kostenloser Unternehmenssupport"},{"text":"Kostenlose Installationsunterst\u00fctzung"},{"text":"V\u00f6llig anpassbar"}],"pricing_button_text":"Zur Website hinzuf\u00fcgen","pricing_button_url":"#demo"}],"related_apps_title":"","related_apps_hidden":"","author":"","image":[],"title":"","job":"","social_networks":[]},"_links":{"self":[{"href":"https:\/\/elfsight.com\/de\/wp-json\/wp\/v2\/pages\/10794","targetHints":{"allow":["GET"]}}],"collection":[{"href":"https:\/\/elfsight.com\/de\/wp-json\/wp\/v2\/pages"}],"about":[{"href":"https:\/\/elfsight.com\/de\/wp-json\/wp\/v2\/types\/page"}],"author":[{"embeddable":true,"href":"https:\/\/elfsight.com\/de\/wp-json\/wp\/v2\/users\/9"}],"replies":[{"embeddable":true,"href":"https:\/\/elfsight.com\/de\/wp-json\/wp\/v2\/comments?post=10794"}],"version-history":[{"count":2,"href":"https:\/\/elfsight.com\/de\/wp-json\/wp\/v2\/pages\/10794\/revisions"}],"predecessor-version":[{"id":22142,"href":"https:\/\/elfsight.com\/de\/wp-json\/wp\/v2\/pages\/10794\/revisions\/22142"}],"up":[{"embeddable":true,"href":"https:\/\/elfsight.com\/de\/wp-json\/wp\/v2\/pages\/2535"}],"wp:attachment":[{"href":"https:\/\/elfsight.com\/de\/wp-json\/wp\/v2\/media?parent=10794"}],"curies":[{"name":"wp","href":"https:\/\/api.w.org\/{rel}","templated":true}]}}