{"id":10793,"date":"1970-01-01T00:00:00","date_gmt":"1970-01-01T00:00:00","guid":{"rendered":"https:\/\/elfsight.com\/de\/?page_id=10793"},"modified":"2025-02-14T04:52:48","modified_gmt":"2025-02-14T04:52:48","slug":"shopify","status":"publish","type":"page","link":"https:\/\/elfsight.com\/de\/twitter-feed-widget\/shopify\/","title":{"rendered":"Twitter Feed &#8211; Shopify"},"content":{"rendered":"\n<div class=\"application-platform-content-item-description application-platform-content-item\" id=\"description\" data-nav-section=\"description\"><h2>Twitter-Feed auf Shopify mit dem Elfsight-Widget einbetten<\/h2><p>Mit Elfsight Twitter Feed k\u00f6nnen Sie ganz einfach Twitter-Feeds einf\u00fcgen oder trennen Tweets auf einer Shopify-Website. Steigern Sie die Benutzeraktivit\u00e4t und st\u00e4rken Sie das Vertrauen Ihrer Kunden, indem Sie eine Twitter-Timeline pr\u00e4sentieren oder Tweets mit Kundenreferenzen zu Ihren Angeboten pr\u00e4sentieren. Die gr\u00f6\u00dften Vorteile des Elfsight Twitter-Feeds f\u00fcr Ihre Website sind vordefinierte Vorlagen f\u00fcr alle m\u00f6glichen Anwendungsf\u00e4lle und vielf\u00e4ltige Einstellungen sowie ein anpassbares Design.<\/p><p><b>Erh\u00f6hen Sie das Engagement der Besucher und das Vertrauen in Ihre Website<\/b><\/p><ul><li><b>Erh\u00f6hen Sie das Engagement<\/b>.<br>Behalten Sie die neuesten Inhalte eines der beliebtesten sozialen Medien auf Ihrer Website, um die Aufmerksamkeit der Benutzer zu erregen. Erzielen Sie eine h\u00f6here Interaktionsrate auf Ihrer Website.<\/li><li><b>Bewerben Sie Ihr Twitter und Ihre Website gemeinsam<\/b>.<br>Ihre Website ist ein zus\u00e4tzliches Instrument zur Werbung f\u00fcr Ihr Twitter-Profil, mit Retweets und Antworten Unterst\u00fctzt durch den Feed, w\u00e4hrend h\u00f6heres Engagement und Social Proof auf der Website die SEO verbessern k\u00f6nnen.<\/li><li><b>Starker Social Proof f\u00fcr mehr Vertrauen<\/b>.<br>Zeigen Sie, dass Sie Ihr Twitter-Konto aktiv betreiben um Kunden davon zu \u00fcberzeugen, dass Ihr Unternehmen l\u00e4uft und Sie daran interessiert sind, mit Ihren Besuchern zu interagieren und ihnen n\u00e4her zu kommen.<\/li><\/ul><\/div><div class=\"application-platform-content-item-features application-platform-content-item\" id=\"features\" data-nav-section=\"features\"><h2>Hauptfunktionen des Twitter-Feed-Widget<\/h2><p>Die wertvollsten Parameter unseres Widgets, die es zu einem \u00e4u\u00dferst praktischen Shopify-Tool machen:<\/p><ul><li>Tweets von Ihrem eigenen Konto anzeigen oder nach Hashtag ausw\u00e4hlen; <\/li><li>Kopfzeile ausblenden, um nur Tweets anzuzeigen;<\/li><li>Sch\u00f6ne Vorschau-Links in Tweets;<\/li><li>Tweet wird durch Klicken auf das Twitter-Symbol ge\u00f6ffnet;<\/li><li>Retweeten Anzahl, Anzahl der Likes in Tweets.<\/li><\/ul><p><a href=\"#demo\">Entdecken Sie alle Funktionen in der Live-Demo<\/a><\/p><\/div><div class=\"application-platform-content-item-installation application-platform-content-item\" id=\"installation\" data-nav-section=\"installation\"><h2>So f\u00fcgen Sie Twitter-Feed zur Shopify-Website hinzu<\/h2><div class=\"video-container\"><iframe width=\"560\" height=\"315\" src=\"https:\/\/www.youtube.com\/embed\/pr-aTiGe3A4?si=HMwo3DakxMqSg1o7\" frameborder=\"0\" allow=\"accelerometer; autoplay; clipboard-write; encrypted-media; gyroscope; picture-in-picture; web-share\" allowfullscreen><\/iframe><\/div><p>Die Installation der App dauert nicht l\u00e4nger als 90 Sekunden und Sie ben\u00f6tigen keine Kenntnisse in Web Programmierung. Hier ist unsere kurze Anleitung:<\/p><ol><li><b>Starten Sie unseren kostenlosen Editor und beginnen Sie mit der Gestaltung Ihrer ma\u00dfgeschneiderten App. <\/b><br> W\u00e4hlen Sie das passende Layout und die Eigenschaften der App und speichern Sie alle \u00c4nderungen. <\/li> <li><b>Kopieren Sie Ihren einzigartigen Code, der im Fenster von Elfsight Apps angezeigt wird. <\/b><br> Sobald die Erstellung Ihrer pers\u00f6nlichen App abgeschlossen ist, kopieren Sie den exklusiven Code im erscheinenden Fenster und speichern Sie ihn f\u00fcr eine sp\u00e4tere Gelegenheit. <\/li> <li><b>Erste Schritte mit der Verwendung der App auf der Shopify-Webseite. <\/b><br> Integrieren Sie den k\u00fcrzlich kopierten Code in Ihre Website und speichern Sie die Verbesserungen. <\/li> <li><b>Die Installation wurde erfolgreich durchgef\u00fchrt. <\/b><br> Besuchen Sie Ihre Webseite, um einen Blick auf die Funktionsweise der App zu werfen. <\/li><\/ol><p>Bei der Installation oder Anpassung ist etwas schiefgelaufen? Sie k\u00f6nnen einen <a href=\"https:\/\/elfsight.com\/tutorials\/how-to-add-twitter-feed-app-to-shopify\/\" target=\"_blank\" rel=\"noopener noreferrer\">Vervollst\u00e4ndigen Anleitung<\/a> oder hinterlassen Sie eine Nachricht mit einer vollst\u00e4ndigen Beschreibung Ihrer Anfrage in unserem Support-Center. Wir l\u00f6sen das Problem gerne.<\/p><\/div><div class=\"faq\" data-component=\"FAQ\"><div class=\"faq-item\">\r\n\t\t\t\t\t<div class=\"faq-item-question\">\r\n\t\t\t\t\t\t<h3 class=\"faq-item-question-text\">Gibt es eine Methode zum Hinzuf\u00fcgen von Twitter-Feeds zu meiner Shopify-Website ohne Codierung? <\/h3>\r\n\r\n\t\t\t\t\t\t<div class=\"faq-item-question-icon\"><\/div>\r\n\t\t\t\t\t<\/div>\r\n\r\n\t\t\t\t\t<div class=\"faq-item-answer\">\r\n\t\t\t\t\t\t<div class=\"faq-item-answer-text\"><p>Das Unternehmen Elfsight stellt eine Cloud-L\u00f6sung vor, mit der Benutzer selbst einen Twitter-Feed-Bereich einrichten k\u00f6nnen. \u00dcberpr\u00fcfen Sie, wie einfach der Vorgang ist:<\/p><ul><li>Gehen Sie zum Live-Editor, um einen Twitter-Feed-Bereich einzurichten m\u00f6chte auf der Shopify-Homepage integrieren.<\/li><li>Entscheiden Sie sich f\u00fcr eine unserer vorgefertigten Vorlagen und optimieren Sie die Twitter-Feed-Einstellungen, aktualisieren Sie Ihre Inhalte, \u00e4ndern Sie das Layout und die Farben ohne Programmierkenntnisse.<\/li><li>Speichern den Twitter-Feed und kopieren Sie den Plugin-Code zur Installation, den Sie einfach im Rahmen eines kostenlosen Plans in die Shopify-Website einbinden k\u00f6nnen.<\/li><\/ul><p>Mit unserem unkomplizierten Konfigurator kann jeder Webbenutzer einen Twitter-Feed erstellen und ihn m\u00fchelos einf\u00fcgen zur Shopify-Homepage. Sie d\u00fcrfen nicht bezahlen oder Ihre Kartendaten offenlegen, um auf unseren Service zuzugreifen. Wenn Sie auf Probleme jeglicher Art sto\u00dfen, wenden Sie sich bitte an unseren Kundensupport.<\/p><\/div>\r\n\t\t\t\t\t<\/div>\r\n\t\t\t\t<\/div><\/div>\n","protected":false},"excerpt":{"rendered":"","protected":false},"author":9,"featured_media":0,"parent":771,"menu_order":0,"comment_status":"closed","ping_status":"closed","template":"templates\/template-application-platform.php","meta":{"publish_to_discourse":"","publish_post_category":"","wpdc_auto_publish_overridden":"","wpdc_topic_tags":"","wpdc_pin_topic":"","wpdc_pin_until":"","discourse_post_id":"","discourse_permalink":"","wpdc_publishing_response":"","wpdc_publishing_error":"","footnotes":""},"class_list":["post-10793","page","type-page","status-publish","hentry"],"yoast_head":"<!-- This site is optimized with the Yoast SEO plugin v25.3.1 - https:\/\/yoast.com\/wordpress\/plugins\/seo\/ -->\n<title>Twitter-Feed \u2013 Twitter-App zur Shopify-Website hinzuf\u00fcgen (2025)<\/title>\n<meta name=\"description\" content=\"Erstellen Sie in nur 90 Sekunden Ihre individuelle Twitter-Feed-App f\u00fcr Shopify. Schauen Sie sich eine v\u00f6llig kostenlose Demo von Elfsight an, um die einfachste Erstellung von Widgets zu erfahren.\" \/>\n<meta name=\"robots\" content=\"index, follow, max-snippet:-1, max-image-preview:large, max-video-preview:-1\" \/>\n<link rel=\"canonical\" href=\"https:\/\/elfsight.com\/de\/twitter-feed-widget\/shopify\/\" \/>\n<meta property=\"og:locale\" content=\"de_DE\" \/>\n<meta property=\"og:type\" content=\"article\" \/>\n<meta property=\"og:title\" content=\"Twitter-Feed \u2013 Twitter-App zur Shopify-Website hinzuf\u00fcgen (2025)\" \/>\n<meta property=\"og:description\" content=\"Erstellen Sie in nur 90 Sekunden Ihre individuelle Twitter-Feed-App f\u00fcr Shopify. Schauen Sie sich eine v\u00f6llig kostenlose Demo von Elfsight an, um die einfachste Erstellung von Widgets zu erfahren.\" \/>\n<meta property=\"og:url\" content=\"https:\/\/elfsight.com\/de\/twitter-feed-widget\/shopify\/\" \/>\n<meta property=\"og:site_name\" content=\"Elfsight DE\" \/>\n<meta property=\"article:modified_time\" content=\"2025-02-14T04:52:48+00:00\" \/>\n<meta name=\"twitter:card\" content=\"summary_large_image\" \/>\n<meta name=\"twitter:label1\" content=\"Gesch\u00e4tzte Lesezeit\" \/>\n\t<meta name=\"twitter:data1\" content=\"4\u00a0Minuten\" \/>\n<!-- \/ Yoast SEO plugin. -->","yoast_head_json":{"title":"Twitter-Feed \u2013 Twitter-App zur Shopify-Website hinzuf\u00fcgen (2025)","description":"Erstellen Sie in nur 90 Sekunden Ihre individuelle Twitter-Feed-App f\u00fcr Shopify. Schauen Sie sich eine v\u00f6llig kostenlose Demo von Elfsight an, um die einfachste Erstellung von Widgets zu erfahren.","robots":{"index":"index","follow":"follow","max-snippet":"max-snippet:-1","max-image-preview":"max-image-preview:large","max-video-preview":"max-video-preview:-1"},"canonical":"https:\/\/elfsight.com\/de\/twitter-feed-widget\/shopify\/","og_locale":"de_DE","og_type":"article","og_title":"Twitter-Feed \u2013 Twitter-App zur Shopify-Website hinzuf\u00fcgen (2025)","og_description":"Erstellen Sie in nur 90 Sekunden Ihre individuelle Twitter-Feed-App f\u00fcr Shopify. Schauen Sie sich eine v\u00f6llig kostenlose Demo von Elfsight an, um die einfachste Erstellung von Widgets zu erfahren.","og_url":"https:\/\/elfsight.com\/de\/twitter-feed-widget\/shopify\/","og_site_name":"Elfsight DE","article_modified_time":"2025-02-14T04:52:48+00:00","twitter_card":"summary_large_image","twitter_misc":{"Gesch\u00e4tzte Lesezeit":"4\u00a0Minuten"},"schema":{"@context":"https:\/\/schema.org","@graph":[{"@type":"WebPage","@id":"https:\/\/elfsight.com\/de\/twitter-feed-widget\/shopify\/","url":"https:\/\/elfsight.com\/de\/twitter-feed-widget\/shopify\/","name":"Twitter-Feed \u2013 Twitter-App zur Shopify-Website hinzuf\u00fcgen (2025)","isPartOf":{"@id":"https:\/\/elfsight.com\/de\/#website"},"datePublished":"1970-01-01T00:00:00+00:00","dateModified":"2025-02-14T04:52:48+00:00","description":"Erstellen Sie in nur 90 Sekunden Ihre individuelle Twitter-Feed-App f\u00fcr Shopify. Schauen Sie sich eine v\u00f6llig kostenlose Demo von Elfsight an, um die einfachste Erstellung von Widgets zu erfahren.","breadcrumb":{"@id":"https:\/\/elfsight.com\/de\/twitter-feed-widget\/shopify\/#breadcrumb"},"inLanguage":"de","potentialAction":[{"@type":"ReadAction","target":["https:\/\/elfsight.com\/de\/twitter-feed-widget\/shopify\/"]}]},{"@type":"BreadcrumbList","@id":"https:\/\/elfsight.com\/de\/twitter-feed-widget\/shopify\/#breadcrumb","itemListElement":[{"@type":"ListItem","position":1,"name":"Home","item":"https:\/\/elfsight.com\/de\/"},{"@type":"ListItem","position":2,"name":"Twitter Feed","item":"https:\/\/elfsight.com\/de\/twitter-feed-widget\/"},{"@type":"ListItem","position":3,"name":"Twitter Feed &#8211; Shopify"}]},{"@type":"WebSite","@id":"https:\/\/elfsight.com\/de\/#website","url":"https:\/\/elfsight.com\/de\/","name":"Elfsight DE","description":"Just another Elfsight Sites site","potentialAction":[{"@type":"SearchAction","target":{"@type":"EntryPoint","urlTemplate":"https:\/\/elfsight.com\/de\/?s={search_term_string}"},"query-input":{"@type":"PropertyValueSpecification","valueRequired":true,"valueName":"search_term_string"}}],"inLanguage":"de"}]}},"meta_box":{"industry":"","seo_heading":"","heading":"","description":"","cta_heading":"","cta_description":"","application":"472","h1":"Twitter-Feed-App f\u00fcr Shopify","h1_caption":"Betten Sie Tweets von Ihrem Twitter-Konto oder per Hashtag ein, um Ihre Besucher m\u00fchelos mit Echtzeitinhalten auf Ihrer Shopify-Website auf dem Laufenden zu halten.","application_category":[],"applications_title":"","applications_request_title":"","applications_request_button_text":"","hero_text":"","hero_video":"","hero_video_schema_markup":"","selling_points_title":"","selling_points_caption":"","selling_points":[],"selling_points_cta_text":"","features_title":"","features":"","ed_cta_examples_text":"","ed_cta_examples_hidden":"","ed_cta_demo_text":"","ed_cta_demo_hidden":"","why_caption":"","why_editor_title":"","why_editor_text":"","why_team_title":"","why_team_text":"","why_service_title":"","why_service_text":"","template_catalog_visible":"0","template_catalog_title":"","template_catalog_text":"","template_catalog_categories_visible":"","demo_title":"Erstellen Sie Ihre Twitter-Feed-App","demo_caption":"Konfigurieren Sie Ihren Twitter-Feed und f\u00fcgen Sie ihn kostenlos zu Ihrer Shopify-Website hinzu!","default_faq_hidden":"","app_template_category":[],"platform":"253","template_public_id":"","codecanyon_url":"","codecanyon_item_id":"","codecanyon_price":"","pricing_caption":"","pricing_elfsight_apps_hide_column":"","pricing_elfsight_apps_url":"","pricing_codecanyon_price_caption":"","integration_category":[],"integration_request_title":"","integration_request_cta":"","integration_platform":"","integrations":[],"platform_category":[],"video_schema_markup":"","price":"ab 0 $ \/ Monat","trial":"","benefits":[{"text":"Kostenloser Installationsservice"},{"text":"Premium-Support"},{"text":"14-t\u00e4gige Geld-zur\u00fcck-Garantie"},{"text":"Kontinuierliche kostenlose Updates"}],"button_url":"#demo","button_target_blank":"0","button_nofollow":"0","attributes":[{"name":"Installiert","content":"10,000 - 100,000"},{"name":"Reaktionsfreudig","content":"Ja"},{"name":"Kompatible Browser","content":"Firefox, Safari, Opera, Chrome, Edge"}],"tags":[],"tags_disable_links":"0","hide_more_platforms":"0","video_object":"","demo_hide_cta":"0","demo_hide_cloud_options":"0","pricing_title":"","pricing":[{"pricing_icon":"platform","pricing_title":"Elfsight Apps","pricing_title_caption":"Plattform\u00fcbergreifende Version, die auf jeder Website funktioniert","pricing_price":"ab 0 $ \/ Monat","pricing_price_caption":"Beginnen Sie mit einem kostenlosen Plan","pricing_benefits":[{"text":"Unbegrenzte Websites"},{"text":"Premium-Support"},{"text":"Kostenloser Installationsservice"},{"text":"Sonderangebot f\u00fcr mehrere Apps"}],"pricing_button_text":"Zur Website hinzuf\u00fcgen","pricing_button_url":"#demo"}],"related_apps_title":"","related_apps_hidden":"0","author":"","image":[],"title":"","job":"","social_networks":[]},"_links":{"self":[{"href":"https:\/\/elfsight.com\/de\/wp-json\/wp\/v2\/pages\/10793","targetHints":{"allow":["GET"]}}],"collection":[{"href":"https:\/\/elfsight.com\/de\/wp-json\/wp\/v2\/pages"}],"about":[{"href":"https:\/\/elfsight.com\/de\/wp-json\/wp\/v2\/types\/page"}],"author":[{"embeddable":true,"href":"https:\/\/elfsight.com\/de\/wp-json\/wp\/v2\/users\/9"}],"replies":[{"embeddable":true,"href":"https:\/\/elfsight.com\/de\/wp-json\/wp\/v2\/comments?post=10793"}],"version-history":[{"count":3,"href":"https:\/\/elfsight.com\/de\/wp-json\/wp\/v2\/pages\/10793\/revisions"}],"predecessor-version":[{"id":24131,"href":"https:\/\/elfsight.com\/de\/wp-json\/wp\/v2\/pages\/10793\/revisions\/24131"}],"up":[{"embeddable":true,"href":"https:\/\/elfsight.com\/de\/wp-json\/wp\/v2\/pages\/771"}],"wp:attachment":[{"href":"https:\/\/elfsight.com\/de\/wp-json\/wp\/v2\/media?parent=10793"}],"curies":[{"name":"wp","href":"https:\/\/api.w.org\/{rel}","templated":true}]}}