{"id":10786,"date":"1970-01-01T00:00:00","date_gmt":"1970-01-01T00:00:00","guid":{"rendered":"https:\/\/elfsight.com\/de\/?page_id=10786"},"modified":"2025-02-14T04:56:47","modified_gmt":"2025-02-14T04:56:47","slug":"webnode","status":"publish","type":"page","link":"https:\/\/elfsight.com\/de\/twitter-feed-widget\/webnode\/","title":{"rendered":"Twitter Feed &#8211; Webnode"},"content":{"rendered":"\n<div class=\"application-platform-content-item-description application-platform-content-item\" id=\"description\" data-nav-section=\"description\"><h2>Beschreibung<\/h2><p>Mit dem Twitter-Widget von Elfsight k\u00f6nnen Sie ganz einfach Twitter-Feeds oder einzelne Tweets zu Ihrem Webnode hinzuf\u00fcgen Webseite. Steigern Sie das Besucherengagement und st\u00e4rken Sie das Vertrauen Ihrer Kunden, indem Sie eine Twitter-Timeline hinzuf\u00fcgen oder die besten Tweets mit Kundenstimmen zu Ihren Angeboten pr\u00e4sentieren. Die wertvollsten Vorteile von Elfsight Twitter f\u00fcr eine Website sind gebrauchsfertige Vorlagen f\u00fcr alle Anwendungsf\u00e4lle und vielf\u00e4ltige Einstellungsoptionen sowie ein anpassbares Design.<\/p><p><b>Steigern Sie das Engagement auf Ihrer Website und machen Sie es Es ist zuverl\u00e4ssig f\u00fcr Ihr Publikum.<\/b><\/p><ul><li><b>Halten Sie Kunden l\u00e4nger auf der Website.<\/b>.<br>Sorgen Sie daf\u00fcr, dass Ihre Benutzer l\u00e4nger auf Ihrer Website bleiben, indem Sie sie mit separaten Tweets ansprechen zu verwandten Themen oder binden Sie sie in Ihre von Twitter gef\u00f6rderten Werbeaktivit\u00e4ten ein.<\/li><li><b>Mehr Follower haben<\/b>.<br>Mit dem interaktiven Twitter-Feed von Elfsight k\u00f6nnen Kunden Ihrem Konto folgen, ohne Ihre Website zu verlassen. Erschlie\u00dfen Sie sich eine weitere Follower-Quelle und vergr\u00f6\u00dfern Sie Ihre Twitter-Community.<\/li><li><b>Steigern Sie das Vertrauen in Ihr Unternehmen mithilfe von Testimonials-Tweets<\/b>.<br>W\u00e4hlen Sie die besten Kundenreferenzen \u00fcber Ihr Unternehmen auf Twitter aus und ver\u00f6ffentlichen Sie sie auf Ihrer Website, um das Vertrauen der Kunden zu st\u00e4rken und Ihre Artikel f\u00fcr Ihr Publikum unwiderstehlich aussehen zu lassen.<\/li><\/ul><p><\/div><\/p><div class=\"application-platform-content-item-features application-platform-content-item\" id=\"features\" data-nav-section=\"features\"><\/p><h2>Funktionen<\/h2><p>Welche Funktionen machen das Elfsight-Widget zum besten f\u00fcr jede Webnode-Website? Entdecken Sie die bahnbrechenden Vorteile:<\/p><ul><li>Erstellen Sie einen Feed mit Testimonial-Tweets \u00fcber Ihr Unternehmen;<\/li><li>Legen Sie die Breite des Widgets fest oder stellen Sie es auf die volle Breite ein;<\/li><li> Kopieren Sie den Tweets-Link.<\/li><li>Tweet wird auf Twitter-Symbol ge\u00f6ffnet.<\/li><li>Folgen und Follower z\u00e4hlen im Header.<\/li><\/ul><p><a href=\" #demo\">Probieren Sie alle Funktionen in unserem Editor aus<\/a><\/p><p><\/div><div class=\"application-platform-content-item-installation application-platform-content-item\" id=\"installation\" data-nav-section=\"installation\"><h2>Anleitung Twitter-Feed zur Webnode-Website hinzuf\u00fcgen<\/h2><p>Sehen Sie sich unser Express-Tutorial zur Integration und Gestaltung des Widgets an. Der Installationsvorgang dauert nur etwa 90 Sekunden und es sind keine Programmierkenntnisse erforderlich.<\/p><ol><li><b>Erstellen Sie Ihr pers\u00f6nliches Twitter-Widget<\/b>.<br>Mit Hilfe unserer Kostenloser Konfigurator, erstellen Sie ein Widget mit dem erforderlichen Design und den erforderlichen Kapazit\u00e4ten.<\/li><li><b>Besorgen Sie sich einen Code zum Anzeigen des Widgets<\/b>.<br>Besorgen Sie sich nach der Widget-Konfiguration einen Code f\u00fcr den Twitter-Feed von der angezeigten Seite Fenster auf Elfsight Apps.<\/li><li><b>Zeigen Sie das Widget auf Ihrer Webnode-Website<\/b>.<br>Platzieren Sie das Widget an der gew\u00fcnschten Stelle der Seite und \u00fcbernehmen Sie die \u00c4nderungen.<\/li><li><b>Sie haben die Installation erfolgreich durchgef\u00fchrt<\/b>.<br>Geben Sie Ihre Webnode-Site ein, um Ihr Widget zu \u00fcberpr\u00fcfen.<\/li><\/ol><p>Haben Sie Probleme bei der Anwendung der Anweisung? Senden Sie eine Nachricht an das Elfsight-Supportteam oder lesen Sie die <a href=\"https:\/\/elfsight.com\/tutorials\/how-to-add-twitter-feed-widget-to-webnode\/\" target=\"_blank\" rel=\"noopener noreferrer\">vollst\u00e4ndige Variante<\/a> des Handbuchs und schlie\u00dfen Sie die Installation selbst ab.<\/p><\/div><div class=\"faq\" data-component=\"FAQ\"><div class=\"faq-item\">\r\n\t\t\t\t\t<div class=\"faq-item-question\">\r\n\t\t\t\t\t\t<h3 class=\"faq-item-question-text\">Auf welche Weise Kann ich Twitter-Feed zu meiner Webnode-Webseite hinzuf\u00fcgen, ohne \u00fcber Programmiererfahrung zu verf\u00fcgen?<\/h3>\r\n\r\n\t\t\t\t\t\t<div class=\"faq-item-question-icon\"><\/div>\r\n\t\t\t\t\t<\/div>\r\n\r\n\t\t\t\t\t<div class=\"faq-item-answer\">\r\n\t\t\t\t\t\t<div class=\"faq-item-answer-text\"> Arbeiten Sie direkt in der Online-Demo daran, ein Twitter-Feed-Widget zu erstellen, das Sie auf Webnode hinzuf\u00fcgen m\u00f6chten.<\/li><li>W\u00e4hlen Sie eine unserer vorgefertigten Vorlagen aus und passen Sie die Twitter-Feed-Einstellungen an, aktualisieren Sie Ihre Inhalte, \u00e4ndern Sie das Layout und Farben ohne Programmierkenntnisse.<\/li><li>Klicken Sie hier, um den Twitter-Feed zu speichern und den Code zum Einbetten zu kopieren, den Sie problemlos in Ihre Webnode-Website einbetten k\u00f6nnen, ohne eine kostenpflichtige Version zu kaufen.<\/li><\/ul><p> Mit dem benutzerfreundlichen Konfigurator kann jeder Webbenutzer ein Twitter-Feed-Plugin erstellen und es problemlos in die Webnode-Webseite einf\u00fcgen. Sie sollten nicht bezahlen oder Ihre Kartendaten einreichen, um den Elfsight-Dienst in Anspruch zu nehmen. Wenn Sie auf Probleme jeglicher Art sto\u00dfen, wenden Sie sich bitte an unser technisches Support-Team.<\/p><\/div>\r\n\t\t\t\t\t<\/div>\r\n\t\t\t\t<\/div><\/div>\n","protected":false},"excerpt":{"rendered":"","protected":false},"author":9,"featured_media":0,"parent":771,"menu_order":0,"comment_status":"closed","ping_status":"closed","template":"templates\/template-application-platform.php","meta":{"publish_to_discourse":"","publish_post_category":"","wpdc_auto_publish_overridden":"","wpdc_topic_tags":"","wpdc_pin_topic":"","wpdc_pin_until":"","discourse_post_id":"","discourse_permalink":"","wpdc_publishing_response":"","wpdc_publishing_error":"","footnotes":""},"class_list":["post-10786","page","type-page","status-publish","hentry"],"yoast_head":"<!-- This site is optimized with the Yoast SEO plugin v25.3.1 - https:\/\/yoast.com\/wordpress\/plugins\/seo\/ -->\n<title>Das beste Twitter-Feed-Widget f\u00fcr die Webnode-Website (2025)<\/title>\n<meta name=\"description\" content=\"Erstellen Sie in nur 90 Sekunden Ihr individuelles Twitter-Feed-Widget f\u00fcr Webnode. Schauen Sie sich eine v\u00f6llig kostenlose Demo von Elfsight an, um die einfachste Erstellung von Widgets zu erfahren.\" \/>\n<meta name=\"robots\" content=\"index, follow, max-snippet:-1, max-image-preview:large, max-video-preview:-1\" \/>\n<link rel=\"canonical\" href=\"https:\/\/elfsight.com\/de\/twitter-feed-widget\/webnode\/\" \/>\n<meta property=\"og:locale\" content=\"de_DE\" \/>\n<meta property=\"og:type\" content=\"article\" \/>\n<meta property=\"og:title\" content=\"Das beste Twitter-Feed-Widget f\u00fcr die Webnode-Website (2025)\" \/>\n<meta property=\"og:description\" content=\"Erstellen Sie in nur 90 Sekunden Ihr individuelles Twitter-Feed-Widget f\u00fcr Webnode. Schauen Sie sich eine v\u00f6llig kostenlose Demo von Elfsight an, um die einfachste Erstellung von Widgets zu erfahren.\" \/>\n<meta property=\"og:url\" content=\"https:\/\/elfsight.com\/de\/twitter-feed-widget\/webnode\/\" \/>\n<meta property=\"og:site_name\" content=\"Elfsight DE\" \/>\n<meta property=\"article:modified_time\" content=\"2025-02-14T04:56:47+00:00\" \/>\n<meta name=\"twitter:card\" content=\"summary_large_image\" \/>\n<meta name=\"twitter:label1\" content=\"Gesch\u00e4tzte Lesezeit\" \/>\n\t<meta name=\"twitter:data1\" content=\"4\u00a0Minuten\" \/>\n<!-- \/ Yoast SEO plugin. -->","yoast_head_json":{"title":"Das beste Twitter-Feed-Widget f\u00fcr die Webnode-Website (2025)","description":"Erstellen Sie in nur 90 Sekunden Ihr individuelles Twitter-Feed-Widget f\u00fcr Webnode. Schauen Sie sich eine v\u00f6llig kostenlose Demo von Elfsight an, um die einfachste Erstellung von Widgets zu erfahren.","robots":{"index":"index","follow":"follow","max-snippet":"max-snippet:-1","max-image-preview":"max-image-preview:large","max-video-preview":"max-video-preview:-1"},"canonical":"https:\/\/elfsight.com\/de\/twitter-feed-widget\/webnode\/","og_locale":"de_DE","og_type":"article","og_title":"Das beste Twitter-Feed-Widget f\u00fcr die Webnode-Website (2025)","og_description":"Erstellen Sie in nur 90 Sekunden Ihr individuelles Twitter-Feed-Widget f\u00fcr Webnode. Schauen Sie sich eine v\u00f6llig kostenlose Demo von Elfsight an, um die einfachste Erstellung von Widgets zu erfahren.","og_url":"https:\/\/elfsight.com\/de\/twitter-feed-widget\/webnode\/","og_site_name":"Elfsight DE","article_modified_time":"2025-02-14T04:56:47+00:00","twitter_card":"summary_large_image","twitter_misc":{"Gesch\u00e4tzte Lesezeit":"4\u00a0Minuten"},"schema":{"@context":"https:\/\/schema.org","@graph":[{"@type":"WebPage","@id":"https:\/\/elfsight.com\/de\/twitter-feed-widget\/webnode\/","url":"https:\/\/elfsight.com\/de\/twitter-feed-widget\/webnode\/","name":"Das beste Twitter-Feed-Widget f\u00fcr die Webnode-Website (2025)","isPartOf":{"@id":"https:\/\/elfsight.com\/de\/#website"},"datePublished":"1970-01-01T00:00:00+00:00","dateModified":"2025-02-14T04:56:47+00:00","description":"Erstellen Sie in nur 90 Sekunden Ihr individuelles Twitter-Feed-Widget f\u00fcr Webnode. Schauen Sie sich eine v\u00f6llig kostenlose Demo von Elfsight an, um die einfachste Erstellung von Widgets zu erfahren.","breadcrumb":{"@id":"https:\/\/elfsight.com\/de\/twitter-feed-widget\/webnode\/#breadcrumb"},"inLanguage":"de","potentialAction":[{"@type":"ReadAction","target":["https:\/\/elfsight.com\/de\/twitter-feed-widget\/webnode\/"]}]},{"@type":"BreadcrumbList","@id":"https:\/\/elfsight.com\/de\/twitter-feed-widget\/webnode\/#breadcrumb","itemListElement":[{"@type":"ListItem","position":1,"name":"Home","item":"https:\/\/elfsight.com\/de\/"},{"@type":"ListItem","position":2,"name":"Twitter Feed","item":"https:\/\/elfsight.com\/de\/twitter-feed-widget\/"},{"@type":"ListItem","position":3,"name":"Twitter Feed &#8211; Webnode"}]},{"@type":"WebSite","@id":"https:\/\/elfsight.com\/de\/#website","url":"https:\/\/elfsight.com\/de\/","name":"Elfsight DE","description":"Just another Elfsight Sites site","potentialAction":[{"@type":"SearchAction","target":{"@type":"EntryPoint","urlTemplate":"https:\/\/elfsight.com\/de\/?s={search_term_string}"},"query-input":{"@type":"PropertyValueSpecification","valueRequired":true,"valueName":"search_term_string"}}],"inLanguage":"de"}]}},"meta_box":{"industry":"","seo_heading":"","heading":"","description":"","cta_heading":"","cta_description":"","application":"472","h1":"Webnode Twitter-Feed-Widget","h1_caption":"Betten Sie Tweets von Ihrem Twitter-Konto oder per Hashtag ein, um Ihre Besucher m\u00fchelos mit Echtzeitinhalten auf Ihrer Webnode-Website auf dem Laufenden zu halten.","application_category":[],"applications_title":"","applications_request_title":"","applications_request_button_text":"","hero_text":"","hero_video":"","hero_video_schema_markup":"","selling_points_title":"","selling_points_caption":"","selling_points":[],"selling_points_cta_text":"","features_title":"","features":"","ed_cta_examples_text":"","ed_cta_examples_hidden":"","ed_cta_demo_text":"","ed_cta_demo_hidden":"","why_caption":"","why_editor_title":"","why_editor_text":"","why_team_title":"","why_team_text":"","why_service_title":"","why_service_text":"","template_catalog_visible":"0","template_catalog_title":"","template_catalog_text":"","template_catalog_categories_visible":"","demo_title":"Erstellen Sie Ihr Twitter-Feed-Widget","demo_caption":"Konfigurieren Sie Ihren Twitter-Feed und f\u00fcgen Sie ihn kostenlos zu Ihrer Webnode-Website hinzu!","default_faq_hidden":"","app_template_category":[],"platform":"248","template_public_id":"","codecanyon_url":"","codecanyon_item_id":"","codecanyon_price":"","pricing_caption":"","pricing_elfsight_apps_hide_column":"","pricing_elfsight_apps_url":"","pricing_codecanyon_price_caption":"","integration_category":[],"integration_request_title":"","integration_request_cta":"","integration_platform":"","integrations":[],"platform_category":[],"video_schema_markup":"","price":"ab 0 $ \/ Monat","trial":"","benefits":[{"text":"Kostenloser Installationsservice"},{"text":"Erfahrener Kundensupport"},{"text":"14-t\u00e4gige R\u00fcckerstattungsgarantie"},{"text":"Zuk\u00fcnftige kostenlose Verbesserungen"}],"button_url":"#demo","button_target_blank":"0","button_nofollow":"0","attributes":[{"name":"Installiert","content":"10,000 - 100,000"},{"name":"Reaktionsfreudig","content":"Ja"},{"name":"Kompatible Browser","content":"Firefox, Safari, Opera, Chrome, Edge"}],"tags":[],"tags_disable_links":"0","hide_more_platforms":"0","video_object":"","demo_hide_cta":"0","demo_hide_cloud_options":"0","pricing_title":"","pricing":[{"pricing_icon":"platform","pricing_title":"Elfsight Apps","pricing_title_caption":"Multiplattform-L\u00f6sung","pricing_price":"ab 0 $ \/ Monat","pricing_price_caption":"Beginnen Sie mit einem kostenlosen Plan","pricing_benefits":[{"text":"Unbegrenzte Websites"},{"text":"Schneller und p\u00fcnktlicher Support und gut dokumentiert"},{"text":"Kostenlose Installationshilfe"},{"text":"Sonderangebot f\u00fcr mehrere Apps"}],"pricing_button_text":"Zur Website hinzuf\u00fcgen","pricing_button_url":"#demo"}],"related_apps_title":"","related_apps_hidden":"0","author":"","image":[],"title":"","job":"","social_networks":[]},"_links":{"self":[{"href":"https:\/\/elfsight.com\/de\/wp-json\/wp\/v2\/pages\/10786","targetHints":{"allow":["GET"]}}],"collection":[{"href":"https:\/\/elfsight.com\/de\/wp-json\/wp\/v2\/pages"}],"about":[{"href":"https:\/\/elfsight.com\/de\/wp-json\/wp\/v2\/types\/page"}],"author":[{"embeddable":true,"href":"https:\/\/elfsight.com\/de\/wp-json\/wp\/v2\/users\/9"}],"replies":[{"embeddable":true,"href":"https:\/\/elfsight.com\/de\/wp-json\/wp\/v2\/comments?post=10786"}],"version-history":[{"count":4,"href":"https:\/\/elfsight.com\/de\/wp-json\/wp\/v2\/pages\/10786\/revisions"}],"predecessor-version":[{"id":24135,"href":"https:\/\/elfsight.com\/de\/wp-json\/wp\/v2\/pages\/10786\/revisions\/24135"}],"up":[{"embeddable":true,"href":"https:\/\/elfsight.com\/de\/wp-json\/wp\/v2\/pages\/771"}],"wp:attachment":[{"href":"https:\/\/elfsight.com\/de\/wp-json\/wp\/v2\/media?parent=10786"}],"curies":[{"name":"wp","href":"https:\/\/api.w.org\/{rel}","templated":true}]}}