{"id":10785,"date":"1970-01-01T00:00:00","date_gmt":"1970-01-01T00:00:00","guid":{"rendered":"https:\/\/elfsight.com\/de\/?page_id=10785"},"modified":"2025-02-14T04:54:58","modified_gmt":"2025-02-14T04:54:58","slug":"webflow","status":"publish","type":"page","link":"https:\/\/elfsight.com\/de\/twitter-feed-widget\/webflow\/","title":{"rendered":"Twitter Feed &#8211; Webflow"},"content":{"rendered":"\n<div class=\"application-platform-content-item-description application-platform-content-item\" id=\"description\" data-nav-section=\"description\"><h2>Twitter-Feed in Webflow mit dem Elfsight-Widget einbetten<\/h2><p>Das Elfsight Twitter-Widget ist ein anpassbares Widget, mit dem Sie Twitter vorstellen k\u00f6nnen Feed oder einzelne Tweets auf einer Webflow-Website. Sie haben die M\u00f6glichkeit, Ihren Twitter-Newsfeed anzuzeigen oder Testimonial-Tweets anzuzeigen, um die Benutzereinbindung zu st\u00e4rken und das Vertrauen der Kunden in Ihre Website zu st\u00e4rken. Was unser Widget unter anderem zu einem Marktf\u00fchrer macht, ist die gro\u00dfe Auswahl an Optionen, gebrauchsfertige Vorlagen, die f\u00fcr jeden Anwendungsfall geeignet sind, und sein anpassungsf\u00e4higes Design.<\/p><p><b>Erh\u00f6hen Sie das Engagement Ihrer Website und machen Sie es f\u00fcr Ihre Kunden vertrauensw\u00fcrdig.<\/b><\/p><ul><li><b>Steigern Sie das Engagement<\/b>.<br>F\u00fcgen Sie lebendige Inhalte eines der am h\u00e4ufigsten genutzten sozialen Medien auf Ihrer Website hinzu, um sie anzulocken mehr Aufmerksamkeit des Publikums. Genie\u00dfen Sie ein h\u00f6heres Ma\u00df an Engagement auf Ihrer Website.<\/li><li><b>Haben Sie mehr Follower<\/b>.<br>Mit dem interaktiven Twitter-Feed von Elfsight k\u00f6nnen Benutzer Ihrem Konto direkt von der Website aus folgen. So k\u00f6nnen Sie \u00fcber eine weitere Followerquelle verf\u00fcgen und die Zahl Ihrer Twitter-Community erh\u00f6hen.<\/li><li><b>Einwandfreier Social Proof f\u00fcr st\u00e4rkeres Vertrauen<\/b>.<br>Zeigen Sie, dass Ihr Twitter-Profil aktiv und aktuell ist um Benutzern zu versichern, dass sich Ihr Unternehmen weiterentwickelt und Sie bereit sind, mit Ihren Besuchern zu interagieren und ihnen n\u00e4her zu kommen.<\/li><\/ul><\/div><div class=\"application-platform-content-item-features application-platform-content-item\" id=\"features\" data-nav-section=\"features\"><h2>Hauptfunktionen des Twitter-Feeds Widget<\/h2><p>Die grundlegenden Merkmale unseres Widgets, die es zu einer der besten L\u00f6sungen f\u00fcr Webflow-Websites machen:<\/p><ul><li>Feed- oder Testimonials-Pr\u00e4sentationstyp;<\/li><li>W\u00e4hlen Sie das vollst\u00e4ndige oder kompakte Header-Layout;<\/li><li>Tweets auf Facebook teilen;<\/li><li>Ein spezielles Symbol zum Markieren verifizierter Konten;<\/li><li>Legen Sie eine benutzerdefinierte Designfarbe f\u00fcr fest Widget.<\/li><\/ul><p><a href=\"#demo\">Sehen Sie sich einen vollst\u00e4ndigen Satz von Merkmalen in der Demo an!<\/a><\/p><\/div><div class=\"application-platform-content-item-installation  application-platform-content-item\" id=\"installation \" data-nav-section=\"installation \"><h2>So f\u00fcgen Sie Twitter-Feed zur Webflow-Website hinzu<\/h2><div class=\"video-container\"><iframe width=\"560\" height=\"315\" src=\"https:\/\/www.youtube.com\/embed\/Q_poJ55Vv5E?si=9hZzV524vtZaTn_I\" frameborder=\"0\" allow=\"accelerometer; autoplay; clipboard-write; encrypted-media; gyroscope; picture-in-picture; web-share\" allowfullscreen><\/iframe><\/div><p>Express-Anleitung zur Integration des Widgets ohne Kenntnisse in Webprogrammierung oder auf der Suche nach einem freiberuflichen Webentwickler. Die Zeit, die Sie daf\u00fcr aufwenden werden, betr\u00e4gt nicht mehr als 90 Sekunden.<\/p><ol><li><b>Konstruieren Sie Ihr individuelles Twitter-Widget<\/b>.<br>Mit Hilfe unseres kostenlosen Konfigurators erstellen ein Widget mit dem gew\u00fcnschten Design und den gew\u00fcnschten Parametern.<\/li><li><b>Besorgen Sie sich einen Code f\u00fcr die Installation des Widgets<\/b>.<br>Nachdem Sie Ihr Widget eingestellt haben, besorgen Sie sich einen Code f\u00fcr dessen Installation aus der Popup-Benachrichtigung auf Elfsight Apps.<\/li><li><b>Betten Sie das Widget in Ihre Webflow-Website ein<\/b>.<br>F\u00fcgen Sie das Widget an der gew\u00fcnschten Stelle der Seite hinzu und ver\u00f6ffentlichen Sie die \u00c4nderungen.<\/li><li><b>Fertig!<\/b>.<br>Betreten Sie Ihre Website, um Ihre Arbeit zu \u00fcberpr\u00fcfen.<\/li><\/ol><p>Wenn Ihnen bei der Installation etwas Schwierigkeiten bereitet oder Um eine individuelle Anpassung zu erm\u00f6glichen, wenden Sie sich an das Support-Team von Elfsight. Oder studieren Sie, um eine <a href=\"https:\/\/elfsight.com\/tutorials\/how-to-add-twitter-feed-widget-to-webflow\/\" target=\"_blank\" rel=\"noopener noreferrer\">vollst\u00e4ndig zu lesen Handbuch<\/a>.<\/p><\/div><div class=\"faq\" data-component=\"FAQ\"><div class=\"faq-item\">\r\n\t\t\t\t\t<div class=\"faq-item-question\">\r\n\t\t\t\t\t\t<h3 class=\"faq-item-question-text\">Wie ist es m\u00f6glich, Twitter-Feeds ohne Programmierkenntnisse zu meiner Webflow-Homepage hinzuzuf\u00fcgen?<\/h3>\r\n\r\n\t\t\t\t\t\t<div class=\"faq-item-question-icon\"><\/div>\r\n\t\t\t\t\t<\/div>\r\n\r\n\t\t\t\t\t<div class=\"faq-item-answer\">\r\n\t\t\t\t\t\t<div class=\"faq-item-answer-text\"><p>Das Unternehmen Elfsight bietet eine SaaS-L\u00f6sung an, mit der Websitebesitzer selbst ein Twitter-Feed-Widget erstellen k\u00f6nnen. Erfahren Sie, wie einfach der Vorgang ist:<\/p><ul><li>Generieren Sie direkt in der Live-Demo ein Twitter-Feed-Widget Sie m\u00f6chten Webflow hinzuf\u00fcgen.<\/li><li>W\u00e4hlen Sie eine der vorgefertigten Vorlagen aus und passen Sie die Twitter-Feed-Einstellungen an, f\u00fcgen Sie Ihre Inhalte hinzu, \u00e4ndern Sie das Layout und die Farben ohne Programmierkenntnisse.<\/li><li>Speichern Erstellen Sie den Twitter-Feed und erhalten Sie Code f\u00fcr die Installation, der problemlos und kostenlos in jede Webflow-Site eingef\u00fcgt werden kann.<\/li><\/ul><p>Mit Hilfe unseres benutzerfreundlichen Konfigurators kann jeder Webbenutzer einen Twitter-Feed-Bereich erstellen online hinzuf\u00fcgen und m\u00fchelos zu ihrer Webflow-Website hinzuf\u00fcgen. F\u00fcr die Inanspruchnahme des Dienstes ist keine Zahlung oder Offenlegung Ihrer Kartendaten erforderlich. Wenn Sie bei irgendeinem Schritt auf Probleme sto\u00dfen, wenden Sie sich bitte an unsere Mitarbeiter des technischen Supports.<\/p><\/div>\r\n\t\t\t\t\t<\/div>\r\n\t\t\t\t<\/div><\/div>\n","protected":false},"excerpt":{"rendered":"","protected":false},"author":9,"featured_media":0,"parent":771,"menu_order":0,"comment_status":"closed","ping_status":"closed","template":"templates\/template-application-platform.php","meta":{"publish_to_discourse":"","publish_post_category":"","wpdc_auto_publish_overridden":"","wpdc_topic_tags":"","wpdc_pin_topic":"","wpdc_pin_until":"","discourse_post_id":"","discourse_permalink":"","wpdc_publishing_response":"","wpdc_publishing_error":"","footnotes":""},"class_list":["post-10785","page","type-page","status-publish","hentry"],"yoast_head":"<!-- This site is optimized with the Yoast SEO plugin v25.3.1 - https:\/\/yoast.com\/wordpress\/plugins\/seo\/ -->\n<title>Das beste Twitter-Feed-Widget f\u00fcr die Webflow-Website (2025)<\/title>\n<meta name=\"description\" content=\"Entwerfen Sie ein responsives Twitter-Feed-Widget f\u00fcr Ihre Webflow-Website. Konfigurieren Sie Ihr perfektes Widget in einer Live-Demo in nur 2 Minuten und kostenlos.\" \/>\n<meta name=\"robots\" content=\"index, follow, max-snippet:-1, max-image-preview:large, max-video-preview:-1\" \/>\n<link rel=\"canonical\" href=\"https:\/\/elfsight.com\/de\/twitter-feed-widget\/webflow\/\" \/>\n<meta property=\"og:locale\" content=\"de_DE\" \/>\n<meta property=\"og:type\" content=\"article\" \/>\n<meta property=\"og:title\" content=\"Das beste Twitter-Feed-Widget f\u00fcr die Webflow-Website (2025)\" \/>\n<meta property=\"og:description\" content=\"Entwerfen Sie ein responsives Twitter-Feed-Widget f\u00fcr Ihre Webflow-Website. Konfigurieren Sie Ihr perfektes Widget in einer Live-Demo in nur 2 Minuten und kostenlos.\" \/>\n<meta property=\"og:url\" content=\"https:\/\/elfsight.com\/de\/twitter-feed-widget\/webflow\/\" \/>\n<meta property=\"og:site_name\" content=\"Elfsight DE\" \/>\n<meta property=\"article:modified_time\" content=\"2025-02-14T04:54:58+00:00\" \/>\n<meta name=\"twitter:card\" content=\"summary_large_image\" \/>\n<meta name=\"twitter:label1\" content=\"Gesch\u00e4tzte Lesezeit\" \/>\n\t<meta name=\"twitter:data1\" content=\"4\u00a0Minuten\" \/>\n<!-- \/ Yoast SEO plugin. -->","yoast_head_json":{"title":"Das beste Twitter-Feed-Widget f\u00fcr die Webflow-Website (2025)","description":"Entwerfen Sie ein responsives Twitter-Feed-Widget f\u00fcr Ihre Webflow-Website. Konfigurieren Sie Ihr perfektes Widget in einer Live-Demo in nur 2 Minuten und kostenlos.","robots":{"index":"index","follow":"follow","max-snippet":"max-snippet:-1","max-image-preview":"max-image-preview:large","max-video-preview":"max-video-preview:-1"},"canonical":"https:\/\/elfsight.com\/de\/twitter-feed-widget\/webflow\/","og_locale":"de_DE","og_type":"article","og_title":"Das beste Twitter-Feed-Widget f\u00fcr die Webflow-Website (2025)","og_description":"Entwerfen Sie ein responsives Twitter-Feed-Widget f\u00fcr Ihre Webflow-Website. Konfigurieren Sie Ihr perfektes Widget in einer Live-Demo in nur 2 Minuten und kostenlos.","og_url":"https:\/\/elfsight.com\/de\/twitter-feed-widget\/webflow\/","og_site_name":"Elfsight DE","article_modified_time":"2025-02-14T04:54:58+00:00","twitter_card":"summary_large_image","twitter_misc":{"Gesch\u00e4tzte Lesezeit":"4\u00a0Minuten"},"schema":{"@context":"https:\/\/schema.org","@graph":[{"@type":"WebPage","@id":"https:\/\/elfsight.com\/de\/twitter-feed-widget\/webflow\/","url":"https:\/\/elfsight.com\/de\/twitter-feed-widget\/webflow\/","name":"Das beste Twitter-Feed-Widget f\u00fcr die Webflow-Website (2025)","isPartOf":{"@id":"https:\/\/elfsight.com\/de\/#website"},"datePublished":"1970-01-01T00:00:00+00:00","dateModified":"2025-02-14T04:54:58+00:00","description":"Entwerfen Sie ein responsives Twitter-Feed-Widget f\u00fcr Ihre Webflow-Website. Konfigurieren Sie Ihr perfektes Widget in einer Live-Demo in nur 2 Minuten und kostenlos.","breadcrumb":{"@id":"https:\/\/elfsight.com\/de\/twitter-feed-widget\/webflow\/#breadcrumb"},"inLanguage":"de","potentialAction":[{"@type":"ReadAction","target":["https:\/\/elfsight.com\/de\/twitter-feed-widget\/webflow\/"]}]},{"@type":"BreadcrumbList","@id":"https:\/\/elfsight.com\/de\/twitter-feed-widget\/webflow\/#breadcrumb","itemListElement":[{"@type":"ListItem","position":1,"name":"Home","item":"https:\/\/elfsight.com\/de\/"},{"@type":"ListItem","position":2,"name":"Twitter Feed","item":"https:\/\/elfsight.com\/de\/twitter-feed-widget\/"},{"@type":"ListItem","position":3,"name":"Twitter Feed &#8211; Webflow"}]},{"@type":"WebSite","@id":"https:\/\/elfsight.com\/de\/#website","url":"https:\/\/elfsight.com\/de\/","name":"Elfsight DE","description":"Just another Elfsight Sites site","potentialAction":[{"@type":"SearchAction","target":{"@type":"EntryPoint","urlTemplate":"https:\/\/elfsight.com\/de\/?s={search_term_string}"},"query-input":{"@type":"PropertyValueSpecification","valueRequired":true,"valueName":"search_term_string"}}],"inLanguage":"de"}]}},"meta_box":{"industry":"","seo_heading":"","heading":"","description":"","cta_heading":"","cta_description":"","application":"472","h1":"Webflow-Twitter-Feed-Widget","h1_caption":"Betten Sie Tweets von Ihrem Twitter-Konto oder per Hashtag ein, um Ihre Besucher m\u00fchelos mit Echtzeitinhalten auf Ihrer Webflow-Website auf dem Laufenden zu halten.","application_category":[],"applications_title":"","applications_request_title":"","applications_request_button_text":"","hero_text":"","hero_video":"","hero_video_schema_markup":"","selling_points_title":"","selling_points_caption":"","selling_points":[],"selling_points_cta_text":"","features_title":"","features":"","ed_cta_examples_text":"","ed_cta_examples_hidden":"","ed_cta_demo_text":"","ed_cta_demo_hidden":"","why_caption":"","why_editor_title":"","why_editor_text":"","why_team_title":"","why_team_text":"","why_service_title":"","why_service_text":"","template_catalog_visible":"0","template_catalog_title":"","template_catalog_text":"","template_catalog_categories_visible":"","demo_title":"Erstellen Sie Ihr Twitter-Feed-Widget","demo_caption":"Konfigurieren Sie Ihren Twitter-Feed und f\u00fcgen Sie ihn kostenlos zu Ihrer Webflow-Website hinzu!","default_faq_hidden":"","app_template_category":[],"platform":"250","template_public_id":"","codecanyon_url":"","codecanyon_item_id":"","codecanyon_price":"","pricing_caption":"","pricing_elfsight_apps_hide_column":"","pricing_elfsight_apps_url":"","pricing_codecanyon_price_caption":"","integration_category":[],"integration_request_title":"","integration_request_cta":"","integration_platform":"","integrations":[],"platform_category":[],"video_schema_markup":"","price":"ab 0 $ \/ Monat","trial":"","benefits":[{"text":"Kostenlose Installationshilfe"},{"text":"Au\u00dfergew\u00f6hnliche Unterst\u00fctzung"},{"text":"14-t\u00e4gige R\u00fcckerstattungsgarantie"},{"text":"St\u00e4ndige Aktualisierung"}],"button_url":"#demo","button_target_blank":"0","button_nofollow":"0","attributes":[{"name":"Installiert","content":"10,000 - 100,000"},{"name":"Reaktionsfreudig","content":"Ja"},{"name":"Kompatible Browser","content":"Edge, Chrome, Safari, Opera, Firefox"}],"tags":[],"tags_disable_links":"0","hide_more_platforms":"0","video_object":"","demo_hide_cta":"0","demo_hide_cloud_options":"0","pricing_title":"","pricing":[{"pricing_icon":"platform","pricing_title":"Webflow widget","pricing_title_caption":"Plattformunabh\u00e4ngige Version, die auf jeder Website funktioniert","pricing_price":"ab 0 $ \/ Monat","pricing_price_caption":"Beginnen Sie mit einem kostenlosen Plan","pricing_benefits":[{"text":"Unbegrenzte Domains"},{"text":"Premium-Support"},{"text":"Kostenloser Installationsservice"},{"text":"Sonderangebot f\u00fcr mehrere Apps"}],"pricing_button_text":"Zur Website hinzuf\u00fcgen","pricing_button_url":"#demo"}],"related_apps_title":"","related_apps_hidden":"0","author":"","image":[],"title":"","job":"","social_networks":[]},"_links":{"self":[{"href":"https:\/\/elfsight.com\/de\/wp-json\/wp\/v2\/pages\/10785","targetHints":{"allow":["GET"]}}],"collection":[{"href":"https:\/\/elfsight.com\/de\/wp-json\/wp\/v2\/pages"}],"about":[{"href":"https:\/\/elfsight.com\/de\/wp-json\/wp\/v2\/types\/page"}],"author":[{"embeddable":true,"href":"https:\/\/elfsight.com\/de\/wp-json\/wp\/v2\/users\/9"}],"replies":[{"embeddable":true,"href":"https:\/\/elfsight.com\/de\/wp-json\/wp\/v2\/comments?post=10785"}],"version-history":[{"count":3,"href":"https:\/\/elfsight.com\/de\/wp-json\/wp\/v2\/pages\/10785\/revisions"}],"predecessor-version":[{"id":24133,"href":"https:\/\/elfsight.com\/de\/wp-json\/wp\/v2\/pages\/10785\/revisions\/24133"}],"up":[{"embeddable":true,"href":"https:\/\/elfsight.com\/de\/wp-json\/wp\/v2\/pages\/771"}],"wp:attachment":[{"href":"https:\/\/elfsight.com\/de\/wp-json\/wp\/v2\/media?parent=10785"}],"curies":[{"name":"wp","href":"https:\/\/api.w.org\/{rel}","templated":true}]}}