{"id":10780,"date":"1970-01-01T00:00:00","date_gmt":"1970-01-01T00:00:00","guid":{"rendered":"https:\/\/elfsight.com\/de\/?page_id=10780"},"modified":"2025-02-14T04:53:56","modified_gmt":"2025-02-14T04:53:56","slug":"squarespace","status":"publish","type":"page","link":"https:\/\/elfsight.com\/de\/twitter-feed-widget\/squarespace\/","title":{"rendered":"Twitter Feed &#8211; Squarespace"},"content":{"rendered":"\n<div class=\"application-platform-content-item-description application-platform-content-item\" id=\"description\" data-nav-section=\"description\"><h2>Twitter-Feed auf Squarespace mit dem Elfsight-Widget einbetten<\/h2><p>Mit dem Elfsight Twitter-Plugin ist es \u00fcberraschend einfach, Twitter-Feeds zu platzieren oder ausgew\u00e4hlte Tweets auf Ihrer SquareSpace-Website. Steigern Sie die Besucheraktivit\u00e4t und st\u00e4rken Sie das Vertrauen Ihrer Kunden, indem Sie Ihre Twitter-Timeline anzeigen oder Tweets mit Kundenstimmen zu Ihren Artikeln pr\u00e4sentieren. Die n\u00fctzlichsten Vorteile von Elfsight Twitter sind gebrauchsfertige Vorlagen f\u00fcr alle Anwendungsf\u00e4lle und vielf\u00e4ltigen Einstellungen sowie ein flexibles Design.<\/p><p><b>Machen Sie Ihre Website f\u00fcr Kunden \u00e4u\u00dferst ansprechend und \u00e4u\u00dferst vertrauensw\u00fcrdig<\/b><\/p><ul><li><b>Halten Sie Besucher auf der Website<\/b>.<br>Fesseln Sie Ihre Kunden stundenlang auf Ihrer Website, indem Sie ihnen sorgf\u00e4ltig ausgew\u00e4hlte Tweets zu den wichtigsten Themen zeigen Nehmen Sie sie an Ihren von Twitter beworbenen Wettbewerben teil.<\/li><li><b>Erh\u00f6hen Sie die Anzahl der Follower<\/b>.<br>Mit dem interaktiven Twitter-Feed von Elfsight k\u00f6nnen Benutzer antworten, Beitr\u00e4ge retweeten und Ihrem Konto folgen, ohne die Website zu verlassen . Nutzen Sie eine weitere Follower-Quelle und erweitern Sie Ihre Twitter-Community.<\/li><li><b>Starker sozialer Beweis f\u00fcr mehr Vertrauen<\/b>.<br>Zeigen Sie, dass Ihr Twitter-Profil aktiv ist, um Kunden zu versichern, dass Ihr Unternehmen aktiv ist sich entwickeln und Sie m\u00f6chten mit ihnen interagieren.<\/li><\/ul><\/div><div class=\"application-platform-content-item-features application-platform-content-item\" id=\"features\" data-nav-section=\"features\"><h2>Hauptfunktionen des Twitter-Feed-Widgets<\/h2><p>Hier sind die meisten erstaunliche Funktionen des Elfsight Twitter Feeds. Sie machen es zum wertvollsten Plugin f\u00fcr jede SquareSpace-Site.<\/p><ul><li>Zeigen Sie Tweets von Ihrem eigenen Konto an oder w\u00e4hlen Sie nach Hashtag aus;<\/li><li>Legen Sie die H\u00f6he des Widgets fest oder passen Sie es an den Inhalt an H\u00f6he;<\/li><li>Kopieren Sie den Tweets-Link;<\/li><li>W\u00e4hlen Sie aus den verf\u00fcgbaren Sprachen oder fordern Sie Ihre Sprache an und wir \u00fcbersetzen das Widget;<\/li><li>Legen Sie eine benutzerdefinierte Designfarbe f\u00fcr fest Widget.<\/li><\/ul><p><a href=\"#demo\">Erfahren Sie alle Funktionen in einer Live-Demo<\/a><\/p><\/div><div class=\"application-platform-content-item-installation application-platform-content-item\" id=\"installation\" data-nav-section=\"installation\"><h2>So f\u00fcgen Sie Twitter-Feed zur Squarespace-Website hinzu<\/h2><div class=\"video-container\"><iframe width=\"560\" height=\"315\" src=\"https:\/\/www.youtube.com\/embed\/u7yB0n7CeBM?si=IBOAy_K_j1JOiMsS\" frameborder=\"0\" allow=\"accelerometer; autoplay; clipboard-write; encrypted-media; gyroscope; picture-in-picture; web-share\" allowfullscreen><\/iframe><\/div><p>Um das Plugin auf Ihrer Website einzubetten, ben\u00f6tigen Sie keine Kenntnisse in Webprogrammierung. Es dauert nur 4 unkomplizierte Schritte und 1 Minute Ihrer Zeit.<\/p><ol><li><b>Konstruieren Sie Ihr pers\u00f6nliches Twitter-Widget<\/b>.<br>Erstellen Sie mit unserem kostenlosen Konfigurator ein Widget mit Layout und Funktionen, die Sie ben\u00f6tigen.<\/li><li><b>Kopieren Sie einen Code zum Ver\u00f6ffentlichen des Widgets<\/b>.<br>Nach der Widget-Erstellung erhalten Sie einen Code f\u00fcr den Twitter-Feed aus dem Popup-Fenster von Elfsight Apps. <\/li><li><b>Zeigen Sie das Widget auf Ihrer Website an<\/b>.<br>F\u00fcgen Sie das Widget an der gew\u00fcnschten Stelle der Seite ein und ver\u00f6ffentlichen Sie die Ergebnisse.<\/li><li><b>Installation ist fertig<\/b>.<br>Betreten Sie Ihre SquareSpace-Website, um Ihre Arbeit zu sehen.<\/li><\/ol><p>Haben Sie Probleme beim Erstellen oder Einbetten des Plugins? Entdecken Sie den <a href=\"https:\/\/elfsight.com\/tutorials\/how-to-add-twitter-feed-plugin-to-squarespace\/\" target=\"_blank\" rel=\"noopener noreferrer\">detaillierten Artikel<\/a> oder kontaktieren Sie unser Support Center f\u00fcr Hilfe. Wir sind f\u00fcr Sie da!<\/p><\/div><div class=\"faq\" data-component=\"FAQ\"><div class=\"faq-item\">\r\n\t\t\t\t\t<div class=\"faq-item-question\">\r\n\t\t\t\t\t\t<h3 class=\"faq-item-question-text\">Wie f\u00fcge ich Twitter-Feed zu meinem Squarespace hinzu, ohne Programmiererfahrung zu haben?<\/h3>\r\n\r\n\t\t\t\t\t\t<div class=\"faq-item-question-icon\"><\/div>\r\n\t\t\t\t\t<\/div>\r\n\r\n\t\t\t\t\t<div class=\"faq-item-answer\">\r\n\t\t\t\t\t\t<div class=\"faq-item-answer-text\"><p>Elfsight Das Unternehmen bietet eine SaaS-L\u00f6sung an, mit der Benutzer selbst eine Twitter-Feed-App einrichten k\u00f6nnen. Sehen Sie sich die einfache Anleitung an:<\/p><ul><li>Gehen Sie zur Live-Demo, um ein Twitter-Feed-Plugin zu erstellen, das Sie auf der Squarespace-Website integrieren m\u00f6chten. <\/li><li>W\u00e4hlen Sie eine der vorgefertigten Vorlagen aus und passen Sie die Twitter-Feed-Einstellungen an, \u00e4ndern Sie das Layout und die Farben, aktualisieren Sie Ihre Inhalte ohne Codierung.<\/li><li>Speichern Sie die Einstellungen, die Sie im Twitter-Feed vorgenommen haben, und laden Sie sie herunter den Code zum Einbetten, den Sie mit einem kostenlosen Plan in Ihre Squarespace-Homepage einbetten k\u00f6nnen.<\/li><\/ul><p>Mit unserem benutzerfreundlichen Editor kann jeder Internetnutzer online ein Twitter-Feed-Plugin erstellen und es m\u00fchelos in seine einbetten Squarespace-Homepage. Es ist nicht erforderlich, ein kostenpflichtiges Abonnement abzuschlie\u00dfen oder Ihre Kartendaten einzugeben, um auf unseren Editor zuzugreifen. Wenn Sie bei irgendeinem Schritt auf Probleme sto\u00dfen, z\u00f6gern Sie nicht, sich an unsere Mitarbeiter des technischen Supports zu wenden.<\/p><\/div>\r\n\t\t\t\t\t<\/div>\r\n\t\t\t\t<\/div><\/div>\n","protected":false},"excerpt":{"rendered":"","protected":false},"author":9,"featured_media":0,"parent":771,"menu_order":0,"comment_status":"closed","ping_status":"closed","template":"templates\/template-application-platform.php","meta":{"publish_to_discourse":"","publish_post_category":"","wpdc_auto_publish_overridden":"","wpdc_topic_tags":"","wpdc_pin_topic":"","wpdc_pin_until":"","discourse_post_id":"","discourse_permalink":"","wpdc_publishing_response":"","wpdc_publishing_error":"","footnotes":""},"class_list":["post-10780","page","type-page","status-publish","hentry"],"yoast_head":"<!-- This site is optimized with the Yoast SEO plugin v25.3.1 - https:\/\/yoast.com\/wordpress\/plugins\/seo\/ -->\n<title>Das beste Twitter-Feed-Plugin f\u00fcr die Squarespace-Website (2026)<\/title>\n<meta name=\"description\" content=\"Entwerfen Sie ein individuelles Twitter-Feed-Plugin f\u00fcr SquareSpace und zeigen Sie es auf Ihrer Website an. Kostenloser Konfigurator, professioneller Support und weitere Extras von Elfsight!\" \/>\n<meta name=\"robots\" content=\"index, follow, max-snippet:-1, max-image-preview:large, max-video-preview:-1\" \/>\n<link rel=\"canonical\" href=\"https:\/\/elfsight.com\/de\/twitter-feed-widget\/squarespace\/\" \/>\n<meta property=\"og:locale\" content=\"de_DE\" \/>\n<meta property=\"og:type\" content=\"article\" \/>\n<meta property=\"og:title\" content=\"Das beste Twitter-Feed-Plugin f\u00fcr die Squarespace-Website (2026)\" \/>\n<meta property=\"og:description\" content=\"Entwerfen Sie ein individuelles Twitter-Feed-Plugin f\u00fcr SquareSpace und zeigen Sie es auf Ihrer Website an. Kostenloser Konfigurator, professioneller Support und weitere Extras von Elfsight!\" \/>\n<meta property=\"og:url\" content=\"https:\/\/elfsight.com\/de\/twitter-feed-widget\/squarespace\/\" \/>\n<meta property=\"og:site_name\" content=\"Elfsight DE\" \/>\n<meta property=\"article:modified_time\" content=\"2025-02-14T04:53:56+00:00\" \/>\n<meta name=\"twitter:card\" content=\"summary_large_image\" \/>\n<meta name=\"twitter:label1\" content=\"Gesch\u00e4tzte Lesezeit\" \/>\n\t<meta name=\"twitter:data1\" content=\"4\u00a0Minuten\" \/>\n<!-- \/ Yoast SEO plugin. -->","yoast_head_json":{"title":"Das beste Twitter-Feed-Plugin f\u00fcr die Squarespace-Website (2026)","description":"Entwerfen Sie ein individuelles Twitter-Feed-Plugin f\u00fcr SquareSpace und zeigen Sie es auf Ihrer Website an. Kostenloser Konfigurator, professioneller Support und weitere Extras von Elfsight!","robots":{"index":"index","follow":"follow","max-snippet":"max-snippet:-1","max-image-preview":"max-image-preview:large","max-video-preview":"max-video-preview:-1"},"canonical":"https:\/\/elfsight.com\/de\/twitter-feed-widget\/squarespace\/","og_locale":"de_DE","og_type":"article","og_title":"Das beste Twitter-Feed-Plugin f\u00fcr die Squarespace-Website (2026)","og_description":"Entwerfen Sie ein individuelles Twitter-Feed-Plugin f\u00fcr SquareSpace und zeigen Sie es auf Ihrer Website an. Kostenloser Konfigurator, professioneller Support und weitere Extras von Elfsight!","og_url":"https:\/\/elfsight.com\/de\/twitter-feed-widget\/squarespace\/","og_site_name":"Elfsight DE","article_modified_time":"2025-02-14T04:53:56+00:00","twitter_card":"summary_large_image","twitter_misc":{"Gesch\u00e4tzte Lesezeit":"4\u00a0Minuten"},"schema":{"@context":"https:\/\/schema.org","@graph":[{"@type":"WebPage","@id":"https:\/\/elfsight.com\/de\/twitter-feed-widget\/squarespace\/","url":"https:\/\/elfsight.com\/de\/twitter-feed-widget\/squarespace\/","name":"Das beste Twitter-Feed-Plugin f\u00fcr die Squarespace-Website (2026)","isPartOf":{"@id":"https:\/\/elfsight.com\/de\/#website"},"datePublished":"1970-01-01T00:00:00+00:00","dateModified":"2025-02-14T04:53:56+00:00","description":"Entwerfen Sie ein individuelles Twitter-Feed-Plugin f\u00fcr SquareSpace und zeigen Sie es auf Ihrer Website an. Kostenloser Konfigurator, professioneller Support und weitere Extras von Elfsight!","breadcrumb":{"@id":"https:\/\/elfsight.com\/de\/twitter-feed-widget\/squarespace\/#breadcrumb"},"inLanguage":"de","potentialAction":[{"@type":"ReadAction","target":["https:\/\/elfsight.com\/de\/twitter-feed-widget\/squarespace\/"]}]},{"@type":"BreadcrumbList","@id":"https:\/\/elfsight.com\/de\/twitter-feed-widget\/squarespace\/#breadcrumb","itemListElement":[{"@type":"ListItem","position":1,"name":"Home","item":"https:\/\/elfsight.com\/de\/"},{"@type":"ListItem","position":2,"name":"Twitter Feed","item":"https:\/\/elfsight.com\/de\/twitter-feed-widget\/"},{"@type":"ListItem","position":3,"name":"Twitter Feed &#8211; Squarespace"}]},{"@type":"WebSite","@id":"https:\/\/elfsight.com\/de\/#website","url":"https:\/\/elfsight.com\/de\/","name":"Elfsight DE","description":"Just another Elfsight Sites site","potentialAction":[{"@type":"SearchAction","target":{"@type":"EntryPoint","urlTemplate":"https:\/\/elfsight.com\/de\/?s={search_term_string}"},"query-input":{"@type":"PropertyValueSpecification","valueRequired":true,"valueName":"search_term_string"}}],"inLanguage":"de"}]}},"meta_box":{"industry":"","seo_heading":"","heading":"","description":"","cta_heading":"","cta_description":"","application":"472","h1":"Squarespace Twitter-Feed-Plugin","h1_caption":"Betten Sie Tweets von Ihrem Twitter-Konto oder per Hashtag ein, um Ihre Besucher m\u00fchelos mit Echtzeitinhalten auf Ihrer Squarespace-Website auf dem Laufenden zu halten.","application_category":[],"applications_title":"","applications_request_title":"","applications_request_button_text":"","hero_text":"","hero_video":"","hero_video_schema_markup":"","selling_points_title":"","selling_points_caption":"","selling_points":[],"selling_points_cta_text":"","features_title":"","features":"","ed_cta_examples_text":"","ed_cta_examples_hidden":"","ed_cta_demo_text":"","ed_cta_demo_hidden":"","why_caption":"","why_editor_title":"","why_editor_text":"","why_team_title":"","why_team_text":"","why_service_title":"","why_service_text":"","template_catalog_visible":"0","template_catalog_title":"","template_catalog_text":"","template_catalog_categories_visible":"","demo_title":"Erstellen Sie Ihr Twitter-Feed-Plugin","demo_caption":"Konfigurieren Sie Ihren Twitter-Feed und f\u00fcgen Sie ihn kostenlos zu Ihrer Squarespace-Website hinzu!","default_faq_hidden":"","app_template_category":[],"platform":"252","template_public_id":"","codecanyon_url":"","codecanyon_item_id":"","codecanyon_price":"","pricing_caption":"","pricing_elfsight_apps_hide_column":"","pricing_elfsight_apps_url":"","pricing_codecanyon_price_caption":"","integration_category":[],"integration_request_title":"","integration_request_cta":"","integration_platform":"","integrations":[],"platform_category":[],"video_schema_markup":"","price":"ab 0 $ \/ Monat","trial":"","benefits":[{"text":"Kostenlose Installationshilfe"},{"text":"Erfahrener Kundensupport"},{"text":"14-t\u00e4gige Geld-zur\u00fcck-Garantie"},{"text":"Lebenslange Verbesserungen"}],"button_url":"#demo","button_target_blank":"0","button_nofollow":"0","attributes":[{"name":"Installiert","content":"10,000 - 100,000"},{"name":"Reaktionsfreudig","content":"Ja"},{"name":"Kompatible Browser","content":"Firefox, Safari, Opera, Chrome, Edge"}],"tags":[],"tags_disable_links":"0","hide_more_platforms":"0","video_object":"","demo_hide_cta":"0","demo_hide_cloud_options":"0","pricing_title":"","pricing":[{"pricing_icon":"platform","pricing_title":"Elfsight Apps","pricing_title_caption":"Multiplattform-Version","pricing_price":"ab 0 $ \/ Monat","pricing_price_caption":"Beginnen Sie mit einem kostenlosen Plan","pricing_benefits":[{"text":"Unbegrenzte Domains"},{"text":"Professionelle Unternehmensunterst\u00fctzung und gut dokumentiert"},{"text":"Kostenloser Installationssupport"},{"text":"Flexibles Design"}],"pricing_button_text":"Zur Website hinzuf\u00fcgen","pricing_button_url":"#demo"}],"related_apps_title":"","related_apps_hidden":"0","author":"","image":[],"title":"","job":"","social_networks":[]},"_links":{"self":[{"href":"https:\/\/elfsight.com\/de\/wp-json\/wp\/v2\/pages\/10780","targetHints":{"allow":["GET"]}}],"collection":[{"href":"https:\/\/elfsight.com\/de\/wp-json\/wp\/v2\/pages"}],"about":[{"href":"https:\/\/elfsight.com\/de\/wp-json\/wp\/v2\/types\/page"}],"author":[{"embeddable":true,"href":"https:\/\/elfsight.com\/de\/wp-json\/wp\/v2\/users\/9"}],"replies":[{"embeddable":true,"href":"https:\/\/elfsight.com\/de\/wp-json\/wp\/v2\/comments?post=10780"}],"version-history":[{"count":3,"href":"https:\/\/elfsight.com\/de\/wp-json\/wp\/v2\/pages\/10780\/revisions"}],"predecessor-version":[{"id":24132,"href":"https:\/\/elfsight.com\/de\/wp-json\/wp\/v2\/pages\/10780\/revisions\/24132"}],"up":[{"embeddable":true,"href":"https:\/\/elfsight.com\/de\/wp-json\/wp\/v2\/pages\/771"}],"wp:attachment":[{"href":"https:\/\/elfsight.com\/de\/wp-json\/wp\/v2\/media?parent=10780"}],"curies":[{"name":"wp","href":"https:\/\/api.w.org\/{rel}","templated":true}]}}