{"id":10779,"date":"1970-01-01T00:00:00","date_gmt":"1970-01-01T00:00:00","guid":{"rendered":"https:\/\/elfsight.com\/de\/?page_id=10779"},"modified":"2025-02-14T04:51:42","modified_gmt":"2025-02-14T04:51:42","slug":"opencart","status":"publish","type":"page","link":"https:\/\/elfsight.com\/de\/twitter-feed-widget\/opencart\/","title":{"rendered":"Twitter Feed &#8211; OpenCart"},"content":{"rendered":"\n<div class=\"application-platform-content-item-description application-platform-content-item\" id=\"description\" data-nav-section=\"description\"><h2>Beschreibung<\/h2><p>Mit dem Twitter-Modul von Elfsight ist es \u00fcberraschend einfach, Twitter-Feeds oder gesammelte Tweets auf einer OpenCart-Site zu platzieren. Steigern Sie Ihre Besucheraktivit\u00e4t und st\u00e4rken Sie das Vertrauen Ihrer Kunden, indem Sie eine Twitter-Timeline anzeigen oder Tweets mit Erfahrungsberichten der Benutzer zu Ihren Produkten oder Dienstleistungen pr\u00e4sentieren. Die wertvollsten Vorteile von Elfsight Twitter f\u00fcr eine Website sind voreingestellte Vorlagen f\u00fcr verschiedene Anwendungsf\u00e4lle und viele Parameter sowie ein flexibles Design.<\/p><p><b>St\u00e4rken Sie das Engagement der Benutzer und das Vertrauen in Ihre Website<\/b><\/p><ul><li><b>Erh\u00f6hen Sie die Engagement-Rate<\/b>.<br>F\u00fcgen Sie lebendige und lebendige Inhalte aus einem der beliebtesten sozialen Medien auf Ihrer Website ein, um die Aufmerksamkeit der Kunden zu erregen. Erzielen Sie eine h\u00f6here Aktivit\u00e4tsrate auf Ihrer Website.<\/li><li><b>Beginnen Sie mit mehr Followern<\/b>.<br>Mit dem interaktiven Twitter-Feed von Elfsight k\u00f6nnen Benutzer retweeten, antworten und Ihrem Konto folgen, ohne Ihr Konto zu verlassen Webseite. So k\u00f6nnen Sie \u00fcber eine zus\u00e4tzliche Follower-Quelle verf\u00fcgen und Ihre Twitter-Community vergr\u00f6\u00dfern.<\/li><li><b>Erh\u00f6hen Sie das Vertrauen mit Testimonials-Tweets<\/b>.<br>W\u00e4hlen Sie die besten Kundenreferenzen \u00fcber Ihr Unternehmen auf Twitter aus Pr\u00e4sentieren Sie diese auf Ihrer Website, um das Kundenvertrauen zu st\u00e4rken und Ihre Angebote f\u00fcr Ihre Nutzer attraktiv erscheinen zu lassen.<\/li><\/ul><p><\/div><\/p><div class=\"application-platform-content-item-features application-platform-content-item\" id=\"features\" data-nav-section=\"features\"><\/p><h2>Funktionen<\/h2><p>Die wichtigsten Funktionen des Elfsight-Moduls, die es zu einem perfekten OpenCart-Instrument zum Hinzuf\u00fcgen von Twitter machen:<\/p><ul><li>Tweets von Ihrem eigenen Konto anzeigen oder Nach Hashtag ausw\u00e4hlen;<\/li><li>Kopfzeile ausblenden, um nur Tweets anzuzeigen;<\/li><li>Retweets-Anzeige im Feed;<\/li><li>Ein spezielles Symbol zum Markieren verifizierter Konten;<\/li><li>Following und Follower z\u00e4hlen im Header.<\/li><\/ul><p><a href=\"#demo\">\u00dcberpr\u00fcfen Sie alle Merkmale in unserem kostenlosen Konstruktor<\/a><\/p><p> <\/div><div class=\"application-platform-content-item-installation application-platform-content-item\" id=\"installation\" data-nav-section=\"installation\"><h2>So f\u00fcgen Sie das Twitter-Feed-Modul zur OpenCart-Website hinzu<\/h2><p>Wenden Sie einfach die folgenden Anweisungen an, um das einzuf\u00fcgen Widget auf OpenCart.<\/p> <ol><li><b>Nutzen Sie unsere kostenlose Demo und beginnen Sie mit der Erstellung Ihres individuellen Widgets. <\/b><br> Bestimmen Sie die bevorzugte Schnittstelle und Aspekte der Erweiterung und speichern Sie die \u00c4nderungen. <\/li> <li><b>Kopieren Sie Ihren einzigartigen Code, der im Fenster von Elfsight Apps angezeigt wird. <\/b><br> Nachdem die Einrichtung Ihres pers\u00f6nlichen Twitter-Feeds abgeschlossen ist, kopieren Sie den pers\u00f6nlichen Code aus dem erscheinenden Popup und bewahren Sie ihn zur weiteren Verwendung auf. <\/li> <li><b>Geben Sie die Verwendung des Widgets auf der OpenCart-Site ein. <\/b><br> Platzieren Sie den Code, den Sie zuvor kopiert haben, auf Ihrer Website und \u00fcbernehmen Sie die \u00c4nderungen. <\/li> <li><b>Du bist fertig! Das Setup ist vollst\u00e4ndig beendet. <\/b><br> Besuchen Sie Ihre Website, um in Aktion zu sehen, wie das Tool funktioniert. <\/li><\/ol> <p>Haben Sie Schwierigkeiten bei der Installation oder Einstellung? Stellen Sie eine Anfrage bei unserem Support-Service oder lesen Sie die <a href=\"https:\/\/elfsight.com\/tutorials\/how-to-add-twitter-feed-extension-to-opencart\/\" target=\"_blank\" rel=\"noopener noreferrer\">vollst\u00e4ndiger Text<\/a> des Handbuchs und schlie\u00dfen Sie das Hinzuf\u00fcgen selbst ab.<\/p><\/div><div class=\"faq\" data-component=\"FAQ\"><div class=\"faq-item\">\r\n\t\t\t\t\t<div class=\"faq-item-question\">\r\n\t\t\t\t\t\t<h3 class=\"faq-item-question-text\">Gibt es eine Option, einen Twitter-Feed in meine OpenCart-Site einzubetten, ohne Programmierkenntnisse zu ben\u00f6tigen?<\/h3>\r\n\r\n\t\t\t\t\t\t<div class=\"faq-item-question-icon\"><\/div>\r\n\t\t\t\t\t<\/div>\r\n\r\n\t\t\t\t\t<div class=\"faq-item-answer\">\r\n\t\t\t\t\t\t<div class=\"faq-item-answer-text\"> Die Online-Demo zum Erstellen eines Twitter-Feed-Plugins, das Sie gerne auf der OpenCart-Webseite sehen w\u00fcrden.<\/li><li>W\u00e4hlen Sie eine unserer vorgefertigten Vorlagen und \u00e4ndern Sie die Twitter-Feed-Einstellungen, \u00e4ndern Sie das Layout und die Farben, f\u00fcgen Sie Ihren Inhalt mit Nr. ein Programmiererfahrung.<\/li><li>Speichern Sie den Twitter-Feed und erhalten Sie den Code zur Installation, der kostenlos in die OpenCart-Website eingebettet werden kann.<\/li><\/ul><p>Mit dem intuitiven Editor kann jeder Webbenutzer k\u00f6nnen Twitter-Feeds online erstellen und zu ihrer OpenCart-Website hinzuf\u00fcgen. Sie sollten nicht bezahlen oder Ihre Kartendaten offenlegen, um auf den Elfsight-Service zuzugreifen. Wenn Sie auf Probleme jeglicher Art sto\u00dfen, z\u00f6gern Sie bitte nicht, sich an unsere Support-Mitarbeiter zu wenden.<\/p><\/div>\r\n\t\t\t\t\t<\/div>\r\n\t\t\t\t<\/div><\/div>\n","protected":false},"excerpt":{"rendered":"","protected":false},"author":9,"featured_media":0,"parent":771,"menu_order":0,"comment_status":"closed","ping_status":"closed","template":"templates\/template-application-platform.php","meta":{"publish_to_discourse":"","publish_post_category":"","wpdc_auto_publish_overridden":"","wpdc_topic_tags":"","wpdc_pin_topic":"","wpdc_pin_until":"","discourse_post_id":"","discourse_permalink":"","wpdc_publishing_response":"","wpdc_publishing_error":"","footnotes":""},"class_list":["post-10779","page","type-page","status-publish","hentry"],"yoast_head":"<!-- This site is optimized with the Yoast SEO plugin v25.3.1 - https:\/\/yoast.com\/wordpress\/plugins\/seo\/ -->\n<title>Die beste Twitter-Feed-Erweiterung f\u00fcr die OpenCart-Website (2025)<\/title>\n<meta name=\"description\" content=\"Schauen Sie sich jetzt die Twitter-Erweiterung Elfsight f\u00fcr OpenCart an. Entwerfen Sie in wenigen Minuten einen einzigartigen Twitter-Feed f\u00fcr Ihre Website!\" \/>\n<meta name=\"robots\" content=\"index, follow, max-snippet:-1, max-image-preview:large, max-video-preview:-1\" \/>\n<link rel=\"canonical\" href=\"https:\/\/elfsight.com\/de\/twitter-feed-widget\/opencart\/\" \/>\n<meta property=\"og:locale\" content=\"de_DE\" \/>\n<meta property=\"og:type\" content=\"article\" \/>\n<meta property=\"og:title\" content=\"Die beste Twitter-Feed-Erweiterung f\u00fcr die OpenCart-Website (2025)\" \/>\n<meta property=\"og:description\" content=\"Schauen Sie sich jetzt die Twitter-Erweiterung Elfsight f\u00fcr OpenCart an. Entwerfen Sie in wenigen Minuten einen einzigartigen Twitter-Feed f\u00fcr Ihre Website!\" \/>\n<meta property=\"og:url\" content=\"https:\/\/elfsight.com\/de\/twitter-feed-widget\/opencart\/\" \/>\n<meta property=\"og:site_name\" content=\"Elfsight DE\" \/>\n<meta property=\"article:modified_time\" content=\"2025-02-14T04:51:42+00:00\" \/>\n<meta name=\"twitter:card\" content=\"summary_large_image\" \/>\n<meta name=\"twitter:label1\" content=\"Gesch\u00e4tzte Lesezeit\" \/>\n\t<meta name=\"twitter:data1\" content=\"4\u00a0Minuten\" \/>\n<!-- \/ Yoast SEO plugin. -->","yoast_head_json":{"title":"Die beste Twitter-Feed-Erweiterung f\u00fcr die OpenCart-Website (2025)","description":"Schauen Sie sich jetzt die Twitter-Erweiterung Elfsight f\u00fcr OpenCart an. Entwerfen Sie in wenigen Minuten einen einzigartigen Twitter-Feed f\u00fcr Ihre Website!","robots":{"index":"index","follow":"follow","max-snippet":"max-snippet:-1","max-image-preview":"max-image-preview:large","max-video-preview":"max-video-preview:-1"},"canonical":"https:\/\/elfsight.com\/de\/twitter-feed-widget\/opencart\/","og_locale":"de_DE","og_type":"article","og_title":"Die beste Twitter-Feed-Erweiterung f\u00fcr die OpenCart-Website (2025)","og_description":"Schauen Sie sich jetzt die Twitter-Erweiterung Elfsight f\u00fcr OpenCart an. Entwerfen Sie in wenigen Minuten einen einzigartigen Twitter-Feed f\u00fcr Ihre Website!","og_url":"https:\/\/elfsight.com\/de\/twitter-feed-widget\/opencart\/","og_site_name":"Elfsight DE","article_modified_time":"2025-02-14T04:51:42+00:00","twitter_card":"summary_large_image","twitter_misc":{"Gesch\u00e4tzte Lesezeit":"4\u00a0Minuten"},"schema":{"@context":"https:\/\/schema.org","@graph":[{"@type":"WebPage","@id":"https:\/\/elfsight.com\/de\/twitter-feed-widget\/opencart\/","url":"https:\/\/elfsight.com\/de\/twitter-feed-widget\/opencart\/","name":"Die beste Twitter-Feed-Erweiterung f\u00fcr die OpenCart-Website (2025)","isPartOf":{"@id":"https:\/\/elfsight.com\/de\/#website"},"datePublished":"1970-01-01T00:00:00+00:00","dateModified":"2025-02-14T04:51:42+00:00","description":"Schauen Sie sich jetzt die Twitter-Erweiterung Elfsight f\u00fcr OpenCart an. Entwerfen Sie in wenigen Minuten einen einzigartigen Twitter-Feed f\u00fcr Ihre Website!","breadcrumb":{"@id":"https:\/\/elfsight.com\/de\/twitter-feed-widget\/opencart\/#breadcrumb"},"inLanguage":"de","potentialAction":[{"@type":"ReadAction","target":["https:\/\/elfsight.com\/de\/twitter-feed-widget\/opencart\/"]}]},{"@type":"BreadcrumbList","@id":"https:\/\/elfsight.com\/de\/twitter-feed-widget\/opencart\/#breadcrumb","itemListElement":[{"@type":"ListItem","position":1,"name":"Home","item":"https:\/\/elfsight.com\/de\/"},{"@type":"ListItem","position":2,"name":"Twitter Feed","item":"https:\/\/elfsight.com\/de\/twitter-feed-widget\/"},{"@type":"ListItem","position":3,"name":"Twitter Feed &#8211; OpenCart"}]},{"@type":"WebSite","@id":"https:\/\/elfsight.com\/de\/#website","url":"https:\/\/elfsight.com\/de\/","name":"Elfsight DE","description":"Just another Elfsight Sites site","potentialAction":[{"@type":"SearchAction","target":{"@type":"EntryPoint","urlTemplate":"https:\/\/elfsight.com\/de\/?s={search_term_string}"},"query-input":{"@type":"PropertyValueSpecification","valueRequired":true,"valueName":"search_term_string"}}],"inLanguage":"de"}]}},"meta_box":{"industry":"","seo_heading":"","heading":"","description":"","cta_heading":"","cta_description":"","application":"472","h1":"OpenCart Twitter-Feed-Erweiterung","h1_caption":"Betten Sie Tweets von Ihrem Twitter-Konto oder per Hashtag ein, um Ihre Besucher m\u00fchelos mit Echtzeitinhalten auf Ihrer Opencart-Website auf dem Laufenden zu halten.","application_category":[],"applications_title":"","applications_request_title":"","applications_request_button_text":"","hero_text":"","hero_video":"","hero_video_schema_markup":"","selling_points_title":"","selling_points_caption":"","selling_points":[],"selling_points_cta_text":"","features_title":"","features":"","ed_cta_examples_text":"","ed_cta_examples_hidden":"","ed_cta_demo_text":"","ed_cta_demo_hidden":"","why_caption":"","why_editor_title":"","why_editor_text":"","why_team_title":"","why_team_text":"","why_service_title":"","why_service_text":"","template_catalog_visible":"0","template_catalog_title":"","template_catalog_text":"","template_catalog_categories_visible":"","demo_title":"Erstellen Sie Ihre Twitter-Feed-Erweiterung","demo_caption":"Konfigurieren Sie Ihren Twitter-Feed und f\u00fcgen Sie ihn kostenlos zu Ihrer OpenCart-Website hinzu!","default_faq_hidden":"","app_template_category":[],"platform":"254","template_public_id":"","codecanyon_url":"","codecanyon_item_id":"","codecanyon_price":"","pricing_caption":"","pricing_elfsight_apps_hide_column":"","pricing_elfsight_apps_url":"","pricing_codecanyon_price_caption":"","integration_category":[],"integration_request_title":"","integration_request_cta":"","integration_platform":"","integrations":[],"platform_category":[],"video_schema_markup":"","price":"ab 0 $ \/ Monat","trial":"","benefits":[{"text":"Kostenlose Installationshilfe"},{"text":"Au\u00dfergew\u00f6hnlicher Support"},{"text":"14-t\u00e4gige Geld-zur\u00fcck-Garantie"},{"text":"Zuk\u00fcnftige Updates"}],"button_url":"#demo","button_target_blank":"0","button_nofollow":"0","attributes":[{"name":"Installiert","content":"10,000 - 100,000"},{"name":"Reaktionsfreudig","content":"Ja"},{"name":"Kompatible Browser","content":"Safari, Opera, Chrome, Firefox, Edge"}],"tags":[],"tags_disable_links":"0","hide_more_platforms":"0","video_object":"","demo_hide_cta":"0","demo_hide_cloud_options":"0","pricing_title":"","pricing":[{"pricing_icon":"platform","pricing_title":"Elfsight Apps","pricing_title_caption":"Plattform\u00fcbergreifende Software, die zu jeder Website passt","pricing_price":"ab 0 $ \/ Monat","pricing_price_caption":"Beginnen Sie mit einem kostenlosen Plan","pricing_benefits":[{"text":"Unbegrenzte Domains"},{"text":"Premium-Kundensupport"},{"text":"Kostenloser Installationsservice"},{"text":"Flexibles Design"}],"pricing_button_text":"Zur Website hinzuf\u00fcgen","pricing_button_url":"#demo"}],"related_apps_title":"","related_apps_hidden":"0","author":"","image":[],"title":"","job":"","social_networks":[]},"_links":{"self":[{"href":"https:\/\/elfsight.com\/de\/wp-json\/wp\/v2\/pages\/10779","targetHints":{"allow":["GET"]}}],"collection":[{"href":"https:\/\/elfsight.com\/de\/wp-json\/wp\/v2\/pages"}],"about":[{"href":"https:\/\/elfsight.com\/de\/wp-json\/wp\/v2\/types\/page"}],"author":[{"embeddable":true,"href":"https:\/\/elfsight.com\/de\/wp-json\/wp\/v2\/users\/9"}],"replies":[{"embeddable":true,"href":"https:\/\/elfsight.com\/de\/wp-json\/wp\/v2\/comments?post=10779"}],"version-history":[{"count":3,"href":"https:\/\/elfsight.com\/de\/wp-json\/wp\/v2\/pages\/10779\/revisions"}],"predecessor-version":[{"id":24130,"href":"https:\/\/elfsight.com\/de\/wp-json\/wp\/v2\/pages\/10779\/revisions\/24130"}],"up":[{"embeddable":true,"href":"https:\/\/elfsight.com\/de\/wp-json\/wp\/v2\/pages\/771"}],"wp:attachment":[{"href":"https:\/\/elfsight.com\/de\/wp-json\/wp\/v2\/media?parent=10779"}],"curies":[{"name":"wp","href":"https:\/\/api.w.org\/{rel}","templated":true}]}}