{"id":10777,"date":"1970-01-01T00:00:00","date_gmt":"1970-01-01T00:00:00","guid":{"rendered":"https:\/\/elfsight.com\/de\/?page_id=10777"},"modified":"2025-02-14T04:48:30","modified_gmt":"2025-02-14T04:48:30","slug":"html","status":"publish","type":"page","link":"https:\/\/elfsight.com\/de\/twitter-feed-widget\/html\/","title":{"rendered":"Twitter Feed &#8211; HTML"},"content":{"rendered":"\n<div class=\"application-platform-content-item-description application-platform-content-item\" id=\"description\" data-nav-section=\"description\"><h2>Beschreibung<\/h2><p>Mit dem Twitter-Widget von Elfsight ist es \u00fcberraschend einfach, Twitter-Feed-Code oder ausgew\u00e4hlte Tweets auf Ihrer HTML-Website einzuf\u00fcgen. Steigern Sie die Benutzeraktivit\u00e4t und st\u00e4rken Sie das Kundenvertrauen, indem Sie eine Twitter-Timeline ver\u00f6ffentlichen oder Tweets mit Kundenreferenzen zu Ihren Artikeln ver\u00f6ffentlichen. Die besten Vorteile von Elfsight Twitter f\u00fcr jede Website sind voreingestellte Vorlagen f\u00fcr alle Anwendungsf\u00e4lle und verschiedene Parameter sowie ein anpassbares Design.<\/p><p><b>Machen Sie Ihre Website f\u00fcr Benutzer maximal ansprechend und \u00e4u\u00dferst vertrauensw\u00fcrdig<\/b><\/p><ul><li><b>Erh\u00f6hen Sie Ihre Engagement-Rate<\/b>.<br>F\u00fcgen Sie helle und frische Inhalte eines der beliebtesten sozialen Medien auf Ihrer Website hinzu, um die Aufmerksamkeit des Publikums zu erregen. Erzielen Sie eine bessere Interaktionsrate auf Ihrer Website.<\/li><li><b>Erh\u00f6hen Sie die Anzahl der Follower<\/b>.<br>Mit dem interaktiven Twitter-Feed k\u00f6nnen Benutzer Ihr Konto direkt von Ihrer Website aus abonnieren. So k\u00f6nnen Sie eine zus\u00e4tzliche Follower-Quelle gewinnen und die Twitter-Community st\u00e4rken.<\/li><li><b>Hoher Social Proof f\u00fcr mehr Kundenvertrauen<\/b>.<br>Zeigen Sie Ihr stets aktuelles Twitter-Profil um Kunden davon zu \u00fcberzeugen, dass sich Ihr Projekt entwickelt und Sie offen f\u00fcr die Interaktion sind und ihnen n\u00e4her kommen.<\/li><\/ul><\/div><div class=\"application-platform-content-item-features application-platform-content-item\" id=\"features\" data-nav-section=\"features\"><h2>Funktionen<\/h2><p>Die f\u00fcnf Vorteile, die das Elfsight-Widget zu einem unverzichtbaren Code f\u00fcr alle HTML-Websites machen:<\/p><ul><li>Die Schaltfl\u00e4che \u201eFolgen\u201c in der Kopfzeile hilft, die Anzahl der Abonnenten Ihres Kontos zu erh\u00f6hen;<\/li><li> Elemente jedes Tweets ein-\/ausblenden: Autor, Datum, Twitter-Symbol und Aktionen: Antworten, Retweeten, Liken, Teilen;<\/li><li>Tweets auf Facebook teilen;<\/li><li>Tweets-Anzeigelimit im Feed;<\/li><li>Retweet-Anzahl, Like-Anzahl in Tweets.<\/li><\/ul><p><a href=\"#demo\">Weitere Optionen in der Elfsight-Demo<\/a><\/p> <\/div><div class=\"application-platform-content-item-installation application-platform-content-item\" id=\"installation\" data-nav-section=\"installation\"><h2>Wie f\u00fcge ich den HTML-Code des Twitter-Widgets zur Website hinzu?<\/h2><div class=\"video-container\"><iframe width=\"560\" height=\"315\" src=\"https:\/\/www.youtube.com\/embed\/YMDL0imvL_g?si=dSyuxWL3sFc3eoTD\" frameborder=\"0\" allow=\"accelerometer; autoplay; clipboard-write; encrypted-media; gyroscope; picture-in-picture; web-share\" allowfullscreen><\/iframe><\/div><p>Die Gesamtzeit des Vorgangs betr\u00e4gt weniger als 2 Minuten , und ein sch\u00f6ner Bonus ist, dass daf\u00fcr keine Programmierkenntnisse von Ihnen erforderlich sind.<\/p><ol><li><b>Gestalten Sie Ihren personalisierten Twitter-Feed<\/b>.<br>Mit unserem kostenlosen Editor formen ein Widget mit dem gew\u00fcnschten Layout und den gew\u00fcnschten Optionen.<\/li><li><b>Erhalten Sie einen Code zum Ver\u00f6ffentlichen des Widgets<\/b>.<br>Nachdem das Widget erstellt wurde, erhalten Sie einen Code f\u00fcr das Twitter-Widget aus der angezeigten Benachrichtigung unter Elfsight Apps.<\/li><li><b>Ver\u00f6ffentlichen Sie das Widget auf Ihrer HTML-Website<\/b>.<br>\u00d6ffnen Sie den Seitencode im HTML-Editor und f\u00fcgen Sie das Widget an der erforderlichen Stelle hinzu (Inhalt, Fu\u00dfzeile, Seitenleiste). usw.) und \u00fcbernehmen Sie die \u00c4nderungen.<\/li><li><b>Sie haben die Installation erfolgreich durchgef\u00fchrt!<\/b><br>Gehen Sie zur HTML-Site, um Ihre Arbeit zu \u00fcberpr\u00fcfen.<\/li><\/ol> <p>Sind Sie beim Einf\u00fcgen des Widgets oder beim Einstellen auf etwas gesto\u00dfen? Z\u00f6gern Sie nicht, sich an unseren Support zu wenden oder einen <a href=\"https:\/\/elfsight.com\/tutorials\/how-to-add-twitter-feed-widget-to-html\/\" target=\"_blank\" rel=\"noopener noreferrer\">umfassendes Tutorial<\/a>.<\/p><\/div><div class=\"faq\" data-component=\"FAQ\"><div class=\"faq-item\">\r\n\t\t\t\t\t<div class=\"faq-item-question\">\r\n\t\t\t\t\t\t<h3 class=\"faq-item-question-text\">Gibt es eine Methode, um einen Twitter-Feed zu meiner HTML-Site hinzuzuf\u00fcgen, ohne Programmiererfahrung?<\/h3>\r\n\r\n\t\t\t\t\t\t<div class=\"faq-item-question-icon\"><\/div>\r\n\t\t\t\t\t<\/div>\r\n\r\n\t\t\t\t\t<div class=\"faq-item-answer\">\r\n\t\t\t\t\t\t<div class=\"faq-item-answer-text\"> Eine Twitter-Feed-App, die Sie in Ihre HTML-Site einbetten m\u00f6chten:<\/li><li>W\u00e4hlen Sie eine der vorgefertigten Vorlagen und passen Sie die Twitter-Feed-Einstellungen an, \u00e4ndern Sie das Layout und die Farbe der Elemente und aktualisieren Sie Ihre Inhalte ohne Codierung .<\/li><li>Klicken Sie hier, um die Einstellungen, die Sie im Twitter-Feed vorgenommen haben, zu speichern und den Code f\u00fcr die Installation zu kopieren, den Sie m\u00fchelos in die HTML-Startseite einf\u00fcgen k\u00f6nnen, ohne einen kostenpflichtigen Plan zu kaufen.<\/li><\/ul> <p>Mit dem unkomplizierten Editor kann jeder Webbenutzer online eine Twitter-Feed-App erstellen und diese m\u00fchelos in eine HTML-Webseite einf\u00fcgen. Sie sollten kein kostenpflichtiges Abonnement abschlie\u00dfen oder Ihre Kartendaten \u00fcbermitteln, um auf den Elfsight-Dienst zuzugreifen. Wenn Sie auf Probleme jeglicher Art sto\u00dfen, wenden Sie sich bitte an unsere Mitarbeiter des technischen Supports.<\/p><\/div>\r\n\t\t\t\t\t<\/div>\r\n\t\t\t\t<\/div><\/div>\n","protected":false},"excerpt":{"rendered":"","protected":false},"author":9,"featured_media":0,"parent":771,"menu_order":0,"comment_status":"closed","ping_status":"closed","template":"templates\/template-application-platform.php","meta":{"publish_to_discourse":"","publish_post_category":"","wpdc_auto_publish_overridden":"","wpdc_topic_tags":"","wpdc_pin_topic":"","wpdc_pin_until":"","discourse_post_id":"","discourse_permalink":"","wpdc_publishing_response":"","wpdc_publishing_error":"","footnotes":""},"class_list":["post-10777","page","type-page","status-publish","hentry"],"yoast_head":"<!-- This site is optimized with the Yoast SEO plugin v25.3.1 - https:\/\/yoast.com\/wordpress\/plugins\/seo\/ -->\n<title>HTML-Twitter-Widget \u2013 Twiiter-Feed-Code zur Website hinzuf\u00fcgen (in 2 Schritten)<\/title>\n<meta name=\"description\" content=\"Zeigen Sie das beste Twitter-Feed-Widget auf Ihrer HTML-Website an. Entdecken Sie den Live-Editor von Elfsight und generieren Sie Ihren HTML-Twitter-Code in nur 2 Minuten.\" \/>\n<meta name=\"robots\" content=\"index, follow, max-snippet:-1, max-image-preview:large, max-video-preview:-1\" \/>\n<link rel=\"canonical\" href=\"https:\/\/elfsight.com\/de\/twitter-feed-widget\/html\/\" \/>\n<meta property=\"og:locale\" content=\"de_DE\" \/>\n<meta property=\"og:type\" content=\"article\" \/>\n<meta property=\"og:title\" content=\"HTML-Twitter-Widget \u2013 Twiiter-Feed-Code zur Website hinzuf\u00fcgen (in 2 Schritten)\" \/>\n<meta property=\"og:description\" content=\"Zeigen Sie das beste Twitter-Feed-Widget auf Ihrer HTML-Website an. Entdecken Sie den Live-Editor von Elfsight und generieren Sie Ihren HTML-Twitter-Code in nur 2 Minuten.\" \/>\n<meta property=\"og:url\" content=\"https:\/\/elfsight.com\/de\/twitter-feed-widget\/html\/\" \/>\n<meta property=\"og:site_name\" content=\"Elfsight DE\" \/>\n<meta property=\"article:modified_time\" content=\"2025-02-14T04:48:30+00:00\" \/>\n<meta name=\"twitter:card\" content=\"summary_large_image\" \/>\n<meta name=\"twitter:label1\" content=\"Gesch\u00e4tzte Lesezeit\" \/>\n\t<meta name=\"twitter:data1\" content=\"3\u00a0Minuten\" \/>\n<!-- \/ Yoast SEO plugin. -->","yoast_head_json":{"title":"HTML-Twitter-Widget \u2013 Twiiter-Feed-Code zur Website hinzuf\u00fcgen (in 2 Schritten)","description":"Zeigen Sie das beste Twitter-Feed-Widget auf Ihrer HTML-Website an. Entdecken Sie den Live-Editor von Elfsight und generieren Sie Ihren HTML-Twitter-Code in nur 2 Minuten.","robots":{"index":"index","follow":"follow","max-snippet":"max-snippet:-1","max-image-preview":"max-image-preview:large","max-video-preview":"max-video-preview:-1"},"canonical":"https:\/\/elfsight.com\/de\/twitter-feed-widget\/html\/","og_locale":"de_DE","og_type":"article","og_title":"HTML-Twitter-Widget \u2013 Twiiter-Feed-Code zur Website hinzuf\u00fcgen (in 2 Schritten)","og_description":"Zeigen Sie das beste Twitter-Feed-Widget auf Ihrer HTML-Website an. Entdecken Sie den Live-Editor von Elfsight und generieren Sie Ihren HTML-Twitter-Code in nur 2 Minuten.","og_url":"https:\/\/elfsight.com\/de\/twitter-feed-widget\/html\/","og_site_name":"Elfsight DE","article_modified_time":"2025-02-14T04:48:30+00:00","twitter_card":"summary_large_image","twitter_misc":{"Gesch\u00e4tzte Lesezeit":"3\u00a0Minuten"},"schema":{"@context":"https:\/\/schema.org","@graph":[{"@type":"WebPage","@id":"https:\/\/elfsight.com\/de\/twitter-feed-widget\/html\/","url":"https:\/\/elfsight.com\/de\/twitter-feed-widget\/html\/","name":"HTML-Twitter-Widget \u2013 Twiiter-Feed-Code zur Website hinzuf\u00fcgen (in 2 Schritten)","isPartOf":{"@id":"https:\/\/elfsight.com\/de\/#website"},"datePublished":"1970-01-01T00:00:00+00:00","dateModified":"2025-02-14T04:48:30+00:00","description":"Zeigen Sie das beste Twitter-Feed-Widget auf Ihrer HTML-Website an. Entdecken Sie den Live-Editor von Elfsight und generieren Sie Ihren HTML-Twitter-Code in nur 2 Minuten.","breadcrumb":{"@id":"https:\/\/elfsight.com\/de\/twitter-feed-widget\/html\/#breadcrumb"},"inLanguage":"de","potentialAction":[{"@type":"ReadAction","target":["https:\/\/elfsight.com\/de\/twitter-feed-widget\/html\/"]}]},{"@type":"BreadcrumbList","@id":"https:\/\/elfsight.com\/de\/twitter-feed-widget\/html\/#breadcrumb","itemListElement":[{"@type":"ListItem","position":1,"name":"Home","item":"https:\/\/elfsight.com\/de\/"},{"@type":"ListItem","position":2,"name":"Twitter Feed","item":"https:\/\/elfsight.com\/de\/twitter-feed-widget\/"},{"@type":"ListItem","position":3,"name":"Twitter Feed &#8211; HTML"}]},{"@type":"WebSite","@id":"https:\/\/elfsight.com\/de\/#website","url":"https:\/\/elfsight.com\/de\/","name":"Elfsight DE","description":"Just another Elfsight Sites site","potentialAction":[{"@type":"SearchAction","target":{"@type":"EntryPoint","urlTemplate":"https:\/\/elfsight.com\/de\/?s={search_term_string}"},"query-input":{"@type":"PropertyValueSpecification","valueRequired":true,"valueName":"search_term_string"}}],"inLanguage":"de"}]}},"meta_box":{"industry":"","seo_heading":"","heading":"","description":"","cta_heading":"","cta_description":"","application":"472","h1":"HTML-Twitter-Widget","h1_caption":"Betten Sie Tweets von Ihrem Twitter-Konto oder per Hashtag ein, um Ihre Besucher m\u00fchelos mit Echtzeitinhalten auf Ihrer HTML-Website auf dem Laufenden zu halten.","application_category":[],"applications_title":"","applications_request_title":"","applications_request_button_text":"","hero_text":"","hero_video":"","hero_video_schema_markup":"","selling_points_title":"","selling_points_caption":"","selling_points":[],"selling_points_cta_text":"","features_title":"","features":"","ed_cta_examples_text":"","ed_cta_examples_hidden":"","ed_cta_demo_text":"","ed_cta_demo_hidden":"","why_caption":"","why_editor_title":"","why_editor_text":"","why_team_title":"","why_team_text":"","why_service_title":"","why_service_text":"","template_catalog_visible":"0","template_catalog_title":"","template_catalog_text":"","template_catalog_categories_visible":"","demo_title":"Erstellen Sie Ihr Twitter-Feed-Widget","demo_caption":"Konfigurieren Sie Ihren Twitter-Feed und f\u00fcgen Sie ihn kostenlos zu Ihrer HTML-Website hinzu!","default_faq_hidden":"","app_template_category":[],"platform":"260","template_public_id":"","codecanyon_url":"","codecanyon_item_id":"","codecanyon_price":"","pricing_caption":"","pricing_elfsight_apps_hide_column":"","pricing_elfsight_apps_url":"","pricing_codecanyon_price_caption":"","integration_category":[],"integration_request_title":"","integration_request_cta":"","integration_platform":"","integrations":[],"platform_category":[],"video_schema_markup":"","price":"ab 0 $ \/ Monat","trial":"","benefits":[{"text":"Kostenlose Installationshilfe"},{"text":"Professioneller Kundenservice"},{"text":"14-t\u00e4gige Geld-zur\u00fcck-Garantie"},{"text":"Regelm\u00e4\u00dfige kostenlose Updates"}],"button_url":"#demo","button_target_blank":"0","button_nofollow":"0","attributes":[{"name":"Installiert","content":"10,000 - 100,000"},{"name":"Reaktionsfreudig","content":"Ja"},{"name":"Kompatible Browser","content":"Firefox, Safari, Opera, Chrome, Edge"}],"tags":[],"tags_disable_links":"0","hide_more_platforms":"0","video_object":"","demo_hide_cta":"0","demo_hide_cloud_options":"0","pricing_title":"","pricing":[{"pricing_icon":"platform","pricing_title":"Elfsight Apps","pricing_title_caption":"Plattform\u00fcbergreifende digitale L\u00f6sung","pricing_price":"ab 0 $ \/ Monat","pricing_price_caption":"Beginnen Sie mit einem kostenlosen Plan","pricing_benefits":[{"text":"Unbegrenzte Websites"},{"text":"Professionelle Unternehmensunterst\u00fctzung"},{"text":"Kostenlose Installationsunterst\u00fctzung"},{"text":"Zeitlich begrenztes Angebot f\u00fcr mehrere Apps"}],"pricing_button_text":"Zur Website hinzuf\u00fcgen","pricing_button_url":"#demo"}],"related_apps_title":"","related_apps_hidden":"0","author":"","image":[],"title":"","job":"","social_networks":[]},"_links":{"self":[{"href":"https:\/\/elfsight.com\/de\/wp-json\/wp\/v2\/pages\/10777","targetHints":{"allow":["GET"]}}],"collection":[{"href":"https:\/\/elfsight.com\/de\/wp-json\/wp\/v2\/pages"}],"about":[{"href":"https:\/\/elfsight.com\/de\/wp-json\/wp\/v2\/types\/page"}],"author":[{"embeddable":true,"href":"https:\/\/elfsight.com\/de\/wp-json\/wp\/v2\/users\/9"}],"replies":[{"embeddable":true,"href":"https:\/\/elfsight.com\/de\/wp-json\/wp\/v2\/comments?post=10777"}],"version-history":[{"count":3,"href":"https:\/\/elfsight.com\/de\/wp-json\/wp\/v2\/pages\/10777\/revisions"}],"predecessor-version":[{"id":24128,"href":"https:\/\/elfsight.com\/de\/wp-json\/wp\/v2\/pages\/10777\/revisions\/24128"}],"up":[{"embeddable":true,"href":"https:\/\/elfsight.com\/de\/wp-json\/wp\/v2\/pages\/771"}],"wp:attachment":[{"href":"https:\/\/elfsight.com\/de\/wp-json\/wp\/v2\/media?parent=10777"}],"curies":[{"name":"wp","href":"https:\/\/api.w.org\/{rel}","templated":true}]}}