{"id":10772,"date":"1970-01-01T00:00:00","date_gmt":"1970-01-01T00:00:00","guid":{"rendered":"https:\/\/elfsight.com\/de\/?page_id=10772"},"modified":"2025-02-14T04:45:50","modified_gmt":"2025-02-14T04:45:50","slug":"magento","status":"publish","type":"page","link":"https:\/\/elfsight.com\/de\/twitter-feed-widget\/magento\/","title":{"rendered":"Twitter Feed &#8211; Magento"},"content":{"rendered":"\n<div class=\"application-platform-content-item-description application-platform-content-item\" id=\"description\" data-nav-section=\"description\"><h2>Beschreibung<\/h2><p>Elfsight Twitter Feed ist eine adaptive Erweiterung, mit der Sie Twitter-Feeds oder gesammelte Tweets auf Ihrer Magento-Website einf\u00fcgen k\u00f6nnen . Sie k\u00f6nnen Ihren Newsfeed auf Twitter anzeigen oder Testimonial-Tweets ver\u00f6ffentlichen, um die Benutzerinteraktion zu steigern und ein h\u00f6heres Kundenvertrauen zu erreichen. Was unsere Erweiterung f\u00fcr jede Website zu einer der coolsten ihrer Art macht, ist die gro\u00dfe Anzahl an Optionen, voreingestellte Vorlagen f\u00fcr jeden Anwendungsfall und ihr anpassbares Design.<\/p><p><b>Erh\u00f6hen Sie das Engagement Ihrer Website und machen Sie es f\u00fcr Ihre Benutzer vertrauensw\u00fcrdig.<\/b><\/p><ul><li><b>Halten Sie Ihr Publikum auf der Website.<\/b>.<br>Halten Sie Ihr Publikum l\u00e4nger und aufschlussreich auf Ihrer Website W\u00e4hlen Sie sorgf\u00e4ltig Tweets zu verwandten Themen aus oder beziehen Sie sie in Ihre von Twitter gef\u00f6rderten Wettbewerbe ein.<\/li><li><b>Erh\u00f6hen Sie die Anzahl Ihrer Follower<\/b>.<br>Mit dem interaktiven Twitter-Feed von Elfsight k\u00f6nnen Kunden Ihr Konto abonnieren direkt von Ihrer Website. So k\u00f6nnen Sie eine weitere Follower-Quelle nutzen und Ihre Twitter-Community vergr\u00f6\u00dfern.<\/li><li><b>Steigern Sie das Vertrauen mit Testimonials-Tweets<\/b>.<br>W\u00e4hlen Sie die besten Kundenreferenzen \u00fcber Ihr Unternehmen auf Twitter aus und ver\u00f6ffentlichen Sie sie Sie auf Ihrer Website, um die Glaubw\u00fcrdigkeit zu erh\u00f6hen und Ihre Artikel f\u00fcr Ihre Benutzer noch attraktiver aussehen zu lassen.<\/li><\/ul><p><\/div><\/p><div class=\"application-platform-content-item-features  application-platform-content-item\" id=\"features \" data-nav-section=\"features \"><\/p><h2>Funktionen<\/h2><p>Wichtige Vorteile der Elfsight-Erweiterung, die dazu beitragen, dass sie zu einer f\u00fchrenden L\u00f6sung f\u00fcr die Anzeige auf Magento wird:<\/p><ul><li>Tweets von Ihrem anzeigen eigenes Konto oder Auswahl nach Hashtag;<\/li><li>Vollst\u00e4ndiges oder kompaktes Header-Layout w\u00e4hlen;<\/li><li>Alle Tweet-Aktionen werden unterst\u00fctzt: Antworten, Retweeten, Liken;<\/li><li>Tweets-Anzeigelimit in der Feed;<\/li><li>Retweet-Anzahl, Like-Anzahl in Tweets.<\/li><\/ul><p><a href=\"#demo\">Entdecken Sie die vollst\u00e4ndige Liste der Funktionen im Panel<\/a> <\/p><p><\/div><div class=\"application-platform-content-item-installation application-platform-content-item\" id=\"installation\" data-nav-section=\"installation\"><h2>So f\u00fcgen Sie die Twitter-Erweiterung zu Magento hinzu<\/h2><p>Wenden Sie einfach die an Anweisungen unten zum Einf\u00fcgen des Tools in Magento.<\/p> <ol><li><b>Starten Sie unseren kostenlosen Konfigurator und beginnen Sie mit der Gestaltung Ihres individuellen Instruments. <\/b><br> Geben Sie die gew\u00fcnschte Schnittstelle und Parameter der Twitter-Feed-Erweiterung an und \u00fcbernehmen Sie die \u00c4nderungen. <\/li> <li><b>Erhalten Sie den einzigartigen Code, der in der Box auf Elfsight Apps angezeigt wird. <\/b><br> Wenn die Einrichtung Ihres pers\u00f6nlichen Tools abgeschlossen ist, kopieren Sie den einzelnen Code aus dem angezeigten Popup und speichern Sie ihn f\u00fcr eine sp\u00e4tere Verwendung. <\/li> <li><b>Initiieren Sie die Nutzung des Tools auf Ihrer Magento-Homepage. <\/b><br> Platzieren Sie den Code, den Sie k\u00fcrzlich kopiert haben, auf Ihrer Webseite und speichern Sie die \u00c4nderungen. <\/li> <li><b>Fertig! Das Setup ist vollst\u00e4ndig beendet. <\/b><br> Besuchen Sie Ihre Website, um einen Blick auf die Funktionsweise des Tools zu werfen. <\/li><\/ol><p>Haben Sie Schwierigkeiten beim Anzeigen oder Anpassen der Erweiterung? Sehen Sie sich die <a href=\"https:\/\/elfsight.com\/tutorials\/how-to-add-twitter-feed-extension-to-magento\/\" target=\"_blank\" rel=\"noopener noreferrer\">umfassende Anleitung Informationen zum Einbetten der Erweiterung<\/a> oder hinterlassen Sie eine Anfrage in unserem Support Center.<\/p><\/div><div class=\"faq\" data-component=\"FAQ\"><div class=\"faq-item\">\r\n\t\t\t\t\t<div class=\"faq-item-question\">\r\n\t\t\t\t\t\t<h3 class=\"faq-item-question-text\">Auf welche Weise kann ich Twitter-Feeds zu meiner Magento-Homepage hinzuf\u00fcgen, ohne Codierung?<\/h3>\r\n\r\n\t\t\t\t\t\t<div class=\"faq-item-question-icon\"><\/div>\r\n\t\t\t\t\t<\/div>\r\n\r\n\t\t\t\t\t<div class=\"faq-item-answer\">\r\n\t\t\t\t\t\t<div class=\"faq-item-answer-text\"> Online-Demo zum Erstellen einer Twitter-Feed-App, die Sie in Ihr Magento integrieren m\u00f6chten:<\/li><li>W\u00e4hlen Sie eine der vorgefertigten Vorlagen und \u00e4ndern Sie die Twitter-Feed-Einstellungen, \u00e4ndern Sie das Layout und die Farben, aktualisieren Sie Ihre Inhalte ohne Programmierkenntnisse .<\/li><li>Speichern Sie den Twitter-Feed und erhalten Sie den Installationscode, den Sie kostenlos auf der Magento-Site hinzuf\u00fcgen k\u00f6nnen.<\/li><\/ul><p>Verwenden Sie unseren benutzerfreundlichen Editor f\u00fcr jeden Webbenutzer Sie k\u00f6nnen die Twitter-Feed-App online einrichten und problemlos zur Magento-Website hinzuf\u00fcgen. Sie sollten nicht bezahlen oder Ihre Kartendaten \u00fcbermitteln, um auf den Elfsight-Dienst zuzugreifen. Sollten Sie auf Hindernisse jeglicher Art sto\u00dfen, wenden Sie sich bitte an unser Support-Team.<\/p><\/div>\r\n\t\t\t\t\t<\/div>\r\n\t\t\t\t<\/div><\/div>\n","protected":false},"excerpt":{"rendered":"","protected":false},"author":9,"featured_media":0,"parent":771,"menu_order":0,"comment_status":"closed","ping_status":"closed","template":"templates\/template-application-platform.php","meta":{"publish_to_discourse":"","publish_post_category":"","wpdc_auto_publish_overridden":"","wpdc_topic_tags":"","wpdc_pin_topic":"","wpdc_pin_until":"","discourse_post_id":"","discourse_permalink":"","wpdc_publishing_response":"","wpdc_publishing_error":"","footnotes":""},"class_list":["post-10772","page","type-page","status-publish","hentry"],"yoast_head":"<!-- This site is optimized with the Yoast SEO plugin v25.3.1 - https:\/\/yoast.com\/wordpress\/plugins\/seo\/ -->\n<title>Magento Twitter Feed \u2013 Twitter-Erweiterung zur Magento-Website hinzuf\u00fcgen<\/title>\n<meta name=\"description\" content=\"Erstellen Sie kostenlos Ihre beste Twitter-Erweiterung f\u00fcr die Magento-Website! Erstellen Sie in nur 2 Minuten ein einzigartiges Twitter-Feed-Modul auf Elfsight.\" \/>\n<meta name=\"robots\" content=\"index, follow, max-snippet:-1, max-image-preview:large, max-video-preview:-1\" \/>\n<link rel=\"canonical\" href=\"https:\/\/elfsight.com\/de\/twitter-feed-widget\/magento\/\" \/>\n<meta property=\"og:locale\" content=\"de_DE\" \/>\n<meta property=\"og:type\" content=\"article\" \/>\n<meta property=\"og:title\" content=\"Magento Twitter Feed \u2013 Twitter-Erweiterung zur Magento-Website hinzuf\u00fcgen\" \/>\n<meta property=\"og:description\" content=\"Erstellen Sie kostenlos Ihre beste Twitter-Erweiterung f\u00fcr die Magento-Website! Erstellen Sie in nur 2 Minuten ein einzigartiges Twitter-Feed-Modul auf Elfsight.\" \/>\n<meta property=\"og:url\" content=\"https:\/\/elfsight.com\/de\/twitter-feed-widget\/magento\/\" \/>\n<meta property=\"og:site_name\" content=\"Elfsight DE\" \/>\n<meta property=\"article:modified_time\" content=\"2025-02-14T04:45:50+00:00\" \/>\n<meta name=\"twitter:card\" content=\"summary_large_image\" \/>\n<meta name=\"twitter:label1\" content=\"Gesch\u00e4tzte Lesezeit\" \/>\n\t<meta name=\"twitter:data1\" content=\"4\u00a0Minuten\" \/>\n<!-- \/ Yoast SEO plugin. -->","yoast_head_json":{"title":"Magento Twitter Feed \u2013 Twitter-Erweiterung zur Magento-Website hinzuf\u00fcgen","description":"Erstellen Sie kostenlos Ihre beste Twitter-Erweiterung f\u00fcr die Magento-Website! Erstellen Sie in nur 2 Minuten ein einzigartiges Twitter-Feed-Modul auf Elfsight.","robots":{"index":"index","follow":"follow","max-snippet":"max-snippet:-1","max-image-preview":"max-image-preview:large","max-video-preview":"max-video-preview:-1"},"canonical":"https:\/\/elfsight.com\/de\/twitter-feed-widget\/magento\/","og_locale":"de_DE","og_type":"article","og_title":"Magento Twitter Feed \u2013 Twitter-Erweiterung zur Magento-Website hinzuf\u00fcgen","og_description":"Erstellen Sie kostenlos Ihre beste Twitter-Erweiterung f\u00fcr die Magento-Website! Erstellen Sie in nur 2 Minuten ein einzigartiges Twitter-Feed-Modul auf Elfsight.","og_url":"https:\/\/elfsight.com\/de\/twitter-feed-widget\/magento\/","og_site_name":"Elfsight DE","article_modified_time":"2025-02-14T04:45:50+00:00","twitter_card":"summary_large_image","twitter_misc":{"Gesch\u00e4tzte Lesezeit":"4\u00a0Minuten"},"schema":{"@context":"https:\/\/schema.org","@graph":[{"@type":"WebPage","@id":"https:\/\/elfsight.com\/de\/twitter-feed-widget\/magento\/","url":"https:\/\/elfsight.com\/de\/twitter-feed-widget\/magento\/","name":"Magento Twitter Feed \u2013 Twitter-Erweiterung zur Magento-Website hinzuf\u00fcgen","isPartOf":{"@id":"https:\/\/elfsight.com\/de\/#website"},"datePublished":"1970-01-01T00:00:00+00:00","dateModified":"2025-02-14T04:45:50+00:00","description":"Erstellen Sie kostenlos Ihre beste Twitter-Erweiterung f\u00fcr die Magento-Website! Erstellen Sie in nur 2 Minuten ein einzigartiges Twitter-Feed-Modul auf Elfsight.","breadcrumb":{"@id":"https:\/\/elfsight.com\/de\/twitter-feed-widget\/magento\/#breadcrumb"},"inLanguage":"de","potentialAction":[{"@type":"ReadAction","target":["https:\/\/elfsight.com\/de\/twitter-feed-widget\/magento\/"]}]},{"@type":"BreadcrumbList","@id":"https:\/\/elfsight.com\/de\/twitter-feed-widget\/magento\/#breadcrumb","itemListElement":[{"@type":"ListItem","position":1,"name":"Home","item":"https:\/\/elfsight.com\/de\/"},{"@type":"ListItem","position":2,"name":"Twitter Feed","item":"https:\/\/elfsight.com\/de\/twitter-feed-widget\/"},{"@type":"ListItem","position":3,"name":"Twitter Feed &#8211; Magento"}]},{"@type":"WebSite","@id":"https:\/\/elfsight.com\/de\/#website","url":"https:\/\/elfsight.com\/de\/","name":"Elfsight DE","description":"Just another Elfsight Sites site","potentialAction":[{"@type":"SearchAction","target":{"@type":"EntryPoint","urlTemplate":"https:\/\/elfsight.com\/de\/?s={search_term_string}"},"query-input":{"@type":"PropertyValueSpecification","valueRequired":true,"valueName":"search_term_string"}}],"inLanguage":"de"}]}},"meta_box":{"industry":"","seo_heading":"","heading":"","description":"","cta_heading":"","cta_description":"","application":"472","h1":"Magento Twitter-Feed","h1_caption":"Betten Sie Tweets von Ihrem Twitter-Konto oder per Hashtag ein, um Ihre Besucher m\u00fchelos mit Echtzeitinhalten auf Ihrer Magento-Website auf dem Laufenden zu halten.","application_category":[],"applications_title":"","applications_request_title":"","applications_request_button_text":"","hero_text":"","hero_video":"","hero_video_schema_markup":"","selling_points_title":"","selling_points_caption":"","selling_points":[],"selling_points_cta_text":"","features_title":"","features":"","ed_cta_examples_text":"","ed_cta_examples_hidden":"","ed_cta_demo_text":"","ed_cta_demo_hidden":"","why_caption":"","why_editor_title":"","why_editor_text":"","why_team_title":"","why_team_text":"","why_service_title":"","why_service_text":"","template_catalog_visible":"0","template_catalog_title":"","template_catalog_text":"","template_catalog_categories_visible":"","demo_title":"Erstellen Sie Ihre Twitter-Feed-Erweiterung","demo_caption":"Konfigurieren Sie Ihren Twitter-Feed und f\u00fcgen Sie ihn kostenlos zu Ihrer Magento-Website hinzu!","default_faq_hidden":"","app_template_category":[],"platform":"256","template_public_id":"","codecanyon_url":"","codecanyon_item_id":"","codecanyon_price":"","pricing_caption":"","pricing_elfsight_apps_hide_column":"","pricing_elfsight_apps_url":"","pricing_codecanyon_price_caption":"","integration_category":[],"integration_request_title":"","integration_request_cta":"","integration_platform":"","integrations":[],"platform_category":[],"video_schema_markup":"","price":"ab 0 $ \/ Monat","trial":"","benefits":[{"text":"Kostenlose Installationsunterst\u00fctzung"},{"text":"Premium-Support"},{"text":"14-t\u00e4gige Geld-zur\u00fcck-Garantie"},{"text":"St\u00e4ndige Aktualisierung"}],"button_url":"#demo","button_target_blank":"0","button_nofollow":"0","attributes":[{"name":"Installiert","content":"10,000 - 100,000"},{"name":"Reaktionsfreudig","content":"Ja"},{"name":"Kompatible Browser","content":"Firefox, Safari, Opera, Chrome, Edge"}],"tags":[],"tags_disable_links":"0","hide_more_platforms":"0","video_object":"","demo_hide_cta":"0","demo_hide_cloud_options":"0","pricing_title":"","pricing":[{"pricing_icon":"platform","pricing_title":"Elfsight Apps","pricing_title_caption":"Multiplattform-Version, die auf jeder Website funktioniert","pricing_price":"ab 0 $ \/ Monat","pricing_price_caption":"Beginnen Sie mit einem kostenlosen Plan","pricing_benefits":[{"text":"Unbegrenzte Websites"},{"text":"Engagierter Kundensupport und gut dokumentiert"},{"text":"Kostenloser Installationsservice"},{"text":"Flexibles Design"}],"pricing_button_text":"Zur Website hinzuf\u00fcgen","pricing_button_url":"#demo"}],"related_apps_title":"","related_apps_hidden":"0","author":"","image":[],"title":"","job":"","social_networks":[]},"_links":{"self":[{"href":"https:\/\/elfsight.com\/de\/wp-json\/wp\/v2\/pages\/10772","targetHints":{"allow":["GET"]}}],"collection":[{"href":"https:\/\/elfsight.com\/de\/wp-json\/wp\/v2\/pages"}],"about":[{"href":"https:\/\/elfsight.com\/de\/wp-json\/wp\/v2\/types\/page"}],"author":[{"embeddable":true,"href":"https:\/\/elfsight.com\/de\/wp-json\/wp\/v2\/users\/9"}],"replies":[{"embeddable":true,"href":"https:\/\/elfsight.com\/de\/wp-json\/wp\/v2\/comments?post=10772"}],"version-history":[{"count":4,"href":"https:\/\/elfsight.com\/de\/wp-json\/wp\/v2\/pages\/10772\/revisions"}],"predecessor-version":[{"id":24126,"href":"https:\/\/elfsight.com\/de\/wp-json\/wp\/v2\/pages\/10772\/revisions\/24126"}],"up":[{"embeddable":true,"href":"https:\/\/elfsight.com\/de\/wp-json\/wp\/v2\/pages\/771"}],"wp:attachment":[{"href":"https:\/\/elfsight.com\/de\/wp-json\/wp\/v2\/media?parent=10772"}],"curies":[{"name":"wp","href":"https:\/\/api.w.org\/{rel}","templated":true}]}}