{"id":10771,"date":"1970-01-01T00:00:00","date_gmt":"1970-01-01T00:00:00","guid":{"rendered":"https:\/\/elfsight.com\/de\/?page_id=10771"},"modified":"2025-07-10T13:55:50","modified_gmt":"2025-07-10T13:55:50","slug":"jquery","status":"publish","type":"page","link":"https:\/\/elfsight.com\/de\/twitter-feed-widget\/jquery\/","title":{"rendered":"Twitter Feed &#8211; jQuery"},"content":{"rendered":"<div class=\"application-platform-content-item-description application-platform-content-item\" id=\"description\" data-nav-section=\"description\"><h2>Beschreibung<\/h2><p>Elfsight Twitter Feed ist ein flexibles Widget, mit dem Sie Twitter-Widgets oder bestimmte Tweets auf Ihrer jQuery-Website einf\u00fchren k\u00f6nnen . Sie k\u00f6nnen Ihren Twitter-Newsfeed oder Testimonial-Tweets anzeigen, um das Engagement der Besucher zu steigern und das Vertrauen der Kunden zu st\u00e4rken. Was unser Widget f\u00fcr jede Website zu einem der coolsten seiner Art macht, ist die gro\u00dfe Anzahl an Optionen, vordefinierte Vorlagen, die f\u00fcr jeden Anwendungsfall geeignet sind, und sein anpassbares Design.<\/p><p><b>Erh\u00f6hen Sie das Engagement und das Vertrauen der Benutzer Ihre Website<\/b><\/p><ul><li><b>Erh\u00f6hen Sie die Engagement-Rate<\/b>.<br>F\u00fchren Sie lebendige Inhalte eines der beliebtesten sozialen Medien auf Ihrer Website ein, um die Aufmerksamkeit Ihrer Kunden zu gewinnen. Erzielen Sie ein h\u00f6heres Ma\u00df an Engagement auf Ihrer Website.<\/li><li><b>Bewerben Sie gleichzeitig Ihr Twitter und Ihre Website<\/b>.<br>Ihre Website ist eine weitere M\u00f6glichkeit, Ihr Twitter-Profil zu bewerben Retweeten und Antworten werden von der Website aus unterst\u00fctzt. Gleichzeitig tragen h\u00f6heres Engagement und Social Proof auf der Website zu besseren SEO-Ergebnissen bei.<\/li><li><b>Einwandfreier Social Proof f\u00fcr mehr Vertrauen<\/b>.<br>Zeigen Sie, wie dynamisch Sie Ihr Twitter betreiben Profil, um Kunden davon zu \u00fcberzeugen, dass Ihr Unternehmen aktiv ist und Sie offen f\u00fcr die Kommunikation sind und Ihren Kunden n\u00e4her kommen.<\/li><\/ul><p><\/div><\/p><div class=\"application-platform-content-item-features  application-platform-content-item\" id=\"features \" data-nav-section=\"features \"><\/p><h2>Funktionen<\/h2><p>Welche Eigenschaften machen das Elfsight-Plugin zum besten f\u00fcr jede jQuery-Site? Entdecken Sie die entscheidenden Vorteile:<\/p><ul><li>Bewerten Sie Testimonial-Tweets mit Sternen;<\/li><li>Legen Sie die Breite des Widgets fest oder machen Sie es auf volle Breite;<\/li><li>Retweets-Anzeige im Feed; <\/li><li>Ein spezielles Symbol zum Markieren verifizierter Konten;<\/li><li>Automatische Feed-F\u00e4rbung mit der Themenfarbe Ihres Twitter-Kontos.<\/li><\/ul><p><a href=\"# demo\">Sie k\u00f6nnen alle Funktionen mithilfe der Live-Demo testen<\/a><\/p><p><\/div><div class=\"application-platform-content-item-installation application-platform-content-item\" id=\"installation\" data-nav-section=\"installation\"><h2>So f\u00fcgen Sie das Twitter-Feed-Plugin zu jQuery hinzu<\/h2><p>Ein kurzer Plan unseres Teams zum Hinzuf\u00fcgen und Gestalten des Widgets ohne Kenntnisse in der Entwicklung. Die durchschnittliche Dauer betr\u00e4gt etwa 3 Minuten.<\/p><ol><li><b>Erstellen Sie Ihren ma\u00dfgeschneiderten Twitter-Feed<\/b>.<br>Generieren Sie mit unserer kostenlosen Demo ein Plugin mit dem erforderlichen Layout und den erforderlichen Optionen.<\/li><li><b>Erhalten Sie einen Code zum Integrieren des Plugins<\/b>.<br>Nach der Widget-Erstellung erhalten Sie einen Code f\u00fcr das Twitter-Plugin aus dem angezeigten Fenster auf Elfsight Apps.<\/li><li><b>F\u00fcgen Sie das Plugin auf der jQuery-Website hinzu.<\/b>.<br>Starten Sie den Seitencode im HTML-Editor, integrieren Sie das Widget an der erforderlichen Stelle (Inhalt, Fu\u00dfzeile, Seitenleiste usw.) und \u00fcbernehmen Sie die \u00c4nderungen.<\/li><li><b>Sie haben die Installation vollst\u00e4ndig abgeschlossen<\/b>.<br>\u00d6ffnen Sie die jQuery-Website, um Ihre Erfahrungsberichte zu \u00fcberpr\u00fcfen.<\/li><\/ol><p>Es treten Probleme beim Einbetten oder Anpassen des Plugins auf ? Lesen Sie das <a href=\"https:\/\/elfsight.com\/tutorials\/how-to-add-twitter-feed-plugin-to-jquery\/\" target=\"_blank\" rel=\"noopener noreferrer\">umfassendes Tutorial<\/a> Informationen zum Erstellen eines Plugins oder nehmen Sie Kontakt mit unserem Support Center auf.<\/p><\/div><div class=\"faq\" data-component=\"FAQ\"><div class=\"faq-item\">\r\n\t\t\t\t\t<div class=\"faq-item-question\">\r\n\t\t\t\t\t\t<h3 class=\"faq-item-question-text\">So betten Sie einen Twitter-Feed in meine jQuery-Homepage ein ohne Programmierkenntnisse?<\/h3>\r\n\r\n\t\t\t\t\t\t<div class=\"faq-item-question-icon\"><\/div>\r\n\t\t\t\t\t<\/div>\r\n\r\n\t\t\t\t\t<div class=\"faq-item-answer\">\r\n\t\t\t\t\t\t<div class=\"faq-item-answer-text\"><p>Das Unternehmen Elfsight bietet eine Cloud-L\u00f6sung, mit der Benutzer selbst einen Twitter-Feed-Bereich erstellen k\u00f6nnen. Finden Sie heraus, wie unkompliziert der Prozess ist:<\/p><ul><li>Beginnen Sie mit der Arbeit direkt im Live-Editor um einen Twitter-Feed-Bereich zu erstellen, der auf der jQuery-Webseite angezeigt werden soll.<\/li><li>Klicken Sie auf eine der vorgefertigten Vorlagen und \u00e4ndern Sie die Twitter-Feed-Einstellungen, f\u00fcgen Sie Ihre Inhalte ein, \u00e4ndern Sie das Layout und das Farbschema ganz ohne Codierung.<\/li><li>Klicken Sie hier, um den Twitter-Feed zu speichern und den Code f\u00fcr die Installation zu erhalten, der einfach in die jQuery-Webseite eingebettet werden kann, ohne ein kostenpflichtiges Abonnement zu kaufen.<\/li><\/ul><p>Mit unserem Mit dem benutzerfreundlichen Editor kann jeder Internetnutzer einen Twitter-Feed erstellen und ihn einfach in seine jQuery-Webseite einbetten. Sie m\u00fcssen kein kostenpflichtiges Abonnement abschlie\u00dfen oder Ihre Kartendaten eingeben, um auf den Editor zuzugreifen. Wenn Sie auf Hindernisse jeglicher Art sto\u00dfen, wenden Sie sich bitte an unseren Kundensupport.<\/p><\/div>\r\n\t\t\t\t\t<\/div>\r\n\t\t\t\t<\/div><\/div>","protected":false},"excerpt":{"rendered":"","protected":false},"author":9,"featured_media":0,"parent":771,"menu_order":0,"comment_status":"closed","ping_status":"closed","template":"templates\/template-application-platform.php","meta":{"publish_to_discourse":"","publish_post_category":"","wpdc_auto_publish_overridden":"","wpdc_topic_tags":"","wpdc_pin_topic":"","wpdc_pin_until":"","discourse_post_id":"","discourse_permalink":"","wpdc_publishing_response":"","wpdc_publishing_error":"","footnotes":""},"class_list":["post-10771","page","type-page","status-publish","hentry"],"yoast_head":"<!-- This site is optimized with the Yoast SEO plugin v25.3.1 - https:\/\/yoast.com\/wordpress\/plugins\/seo\/ -->\n<title>jQuery Twitter Feed \u2013 Twitter-Plugin zur jQuery-Website hinzuf\u00fcgen (in 1 Minute)<\/title>\n<meta name=\"description\" content=\"Probieren Sie das beste Twitter-Feed-Plugin f\u00fcr JQuery kostenlos aus. Eine einfache Installation ohne Fachkenntnisse in der Webentwicklung in nur 2 Minuten.\" \/>\n<meta name=\"robots\" content=\"index, follow, max-snippet:-1, max-image-preview:large, max-video-preview:-1\" \/>\n<link rel=\"canonical\" href=\"https:\/\/elfsight.com\/de\/twitter-feed-widget\/jquery\/\" \/>\n<meta property=\"og:locale\" content=\"de_DE\" \/>\n<meta property=\"og:type\" content=\"article\" \/>\n<meta property=\"og:title\" content=\"jQuery Twitter Feed \u2013 Twitter-Plugin zur jQuery-Website hinzuf\u00fcgen (in 1 Minute)\" \/>\n<meta property=\"og:description\" content=\"Probieren Sie das beste Twitter-Feed-Plugin f\u00fcr JQuery kostenlos aus. Eine einfache Installation ohne Fachkenntnisse in der Webentwicklung in nur 2 Minuten.\" \/>\n<meta property=\"og:url\" content=\"https:\/\/elfsight.com\/de\/twitter-feed-widget\/jquery\/\" \/>\n<meta property=\"og:site_name\" content=\"Elfsight DE\" \/>\n<meta property=\"article:modified_time\" content=\"2025-07-10T13:55:50+00:00\" \/>\n<meta name=\"twitter:card\" content=\"summary_large_image\" \/>\n<meta name=\"twitter:label1\" content=\"Gesch\u00e4tzte Lesezeit\" \/>\n\t<meta name=\"twitter:data1\" content=\"3\u00a0Minuten\" \/>\n<!-- \/ Yoast SEO plugin. -->","yoast_head_json":{"title":"jQuery Twitter Feed \u2013 Twitter-Plugin zur jQuery-Website hinzuf\u00fcgen (in 1 Minute)","description":"Probieren Sie das beste Twitter-Feed-Plugin f\u00fcr JQuery kostenlos aus. Eine einfache Installation ohne Fachkenntnisse in der Webentwicklung in nur 2 Minuten.","robots":{"index":"index","follow":"follow","max-snippet":"max-snippet:-1","max-image-preview":"max-image-preview:large","max-video-preview":"max-video-preview:-1"},"canonical":"https:\/\/elfsight.com\/de\/twitter-feed-widget\/jquery\/","og_locale":"de_DE","og_type":"article","og_title":"jQuery Twitter Feed \u2013 Twitter-Plugin zur jQuery-Website hinzuf\u00fcgen (in 1 Minute)","og_description":"Probieren Sie das beste Twitter-Feed-Plugin f\u00fcr JQuery kostenlos aus. Eine einfache Installation ohne Fachkenntnisse in der Webentwicklung in nur 2 Minuten.","og_url":"https:\/\/elfsight.com\/de\/twitter-feed-widget\/jquery\/","og_site_name":"Elfsight DE","article_modified_time":"2025-07-10T13:55:50+00:00","twitter_card":"summary_large_image","twitter_misc":{"Gesch\u00e4tzte Lesezeit":"3\u00a0Minuten"},"schema":{"@context":"https:\/\/schema.org","@graph":[{"@type":"WebPage","@id":"https:\/\/elfsight.com\/de\/twitter-feed-widget\/jquery\/","url":"https:\/\/elfsight.com\/de\/twitter-feed-widget\/jquery\/","name":"jQuery Twitter Feed \u2013 Twitter-Plugin zur jQuery-Website hinzuf\u00fcgen (in 1 Minute)","isPartOf":{"@id":"https:\/\/elfsight.com\/de\/#website"},"datePublished":"1970-01-01T00:00:00+00:00","dateModified":"2025-07-10T13:55:50+00:00","description":"Probieren Sie das beste Twitter-Feed-Plugin f\u00fcr JQuery kostenlos aus. Eine einfache Installation ohne Fachkenntnisse in der Webentwicklung in nur 2 Minuten.","breadcrumb":{"@id":"https:\/\/elfsight.com\/de\/twitter-feed-widget\/jquery\/#breadcrumb"},"inLanguage":"de","potentialAction":[{"@type":"ReadAction","target":["https:\/\/elfsight.com\/de\/twitter-feed-widget\/jquery\/"]}]},{"@type":"BreadcrumbList","@id":"https:\/\/elfsight.com\/de\/twitter-feed-widget\/jquery\/#breadcrumb","itemListElement":[{"@type":"ListItem","position":1,"name":"Home","item":"https:\/\/elfsight.com\/de\/"},{"@type":"ListItem","position":2,"name":"Twitter Feed","item":"https:\/\/elfsight.com\/de\/twitter-feed-widget\/"},{"@type":"ListItem","position":3,"name":"Twitter Feed &#8211; jQuery"}]},{"@type":"WebSite","@id":"https:\/\/elfsight.com\/de\/#website","url":"https:\/\/elfsight.com\/de\/","name":"Elfsight DE","description":"Just another Elfsight Sites site","potentialAction":[{"@type":"SearchAction","target":{"@type":"EntryPoint","urlTemplate":"https:\/\/elfsight.com\/de\/?s={search_term_string}"},"query-input":{"@type":"PropertyValueSpecification","valueRequired":true,"valueName":"search_term_string"}}],"inLanguage":"de"}]}},"meta_box":{"industry":"","seo_heading":"","heading":"","description":"","cta_heading":"","cta_description":"","application":"472","h1":"jQuery Twitter-Feed-Plugin","h1_caption":"Betten Sie Tweets von Ihrem Twitter-Konto oder per Hashtag ein, um Ihre Besucher m\u00fchelos mit Echtzeitinhalten auf Ihrer jQuery-Website auf dem Laufenden zu halten.","application_category":[],"applications_title":"","applications_request_title":"","applications_request_button_text":"","hero_text":"","hero_video":"","hero_video_schema_markup":"","selling_points_title":"","selling_points_caption":"","selling_points":[],"selling_points_cta_text":"","features_title":"","features":"","ed_cta_examples_text":"","ed_cta_examples_hidden":"","ed_cta_demo_text":"","ed_cta_demo_hidden":"","why_caption":"","why_editor_title":"","why_editor_text":"","why_team_title":"","why_team_text":"","why_service_title":"","why_service_text":"","template_catalog_visible":"","template_catalog_title":"","template_catalog_text":"","template_catalog_categories_visible":"","demo_title":"Erstellen Sie Ihr Twitter-Feed-Plugin","demo_caption":"Konfigurieren Sie Ihren Twitter-Feed und f\u00fcgen Sie ihn kostenlos zu Ihrer jQuery-Website hinzu!","default_faq_hidden":"","app_template_category":[],"platform":"258","template_public_id":"","codecanyon_url":"","codecanyon_item_id":"","codecanyon_price":"","pricing_caption":"","pricing_elfsight_apps_hide_column":"","pricing_elfsight_apps_url":"","pricing_codecanyon_price_caption":"","integration_category":[],"integration_request_title":"","integration_request_cta":"","integration_platform":"","integrations":[],"platform_category":[],"video_schema_markup":"","price":"ab 0 $ \/ Monat","trial":"","benefits":[{"text":"Kostenloser Installationsservice"},{"text":"Professioneller Kundenservice"},{"text":"14-t\u00e4gige Geld-zur\u00fcck-Garantie"},{"text":"Fortlaufende Entwicklung"}],"button_url":"#demo","button_target_blank":"","button_nofollow":"","attributes":[{"name":"Installiert","content":"10,000 - 100,000"},{"name":"Reaktionsfreudig","content":"Ja"},{"name":"Kompatible Browser","content":"Firefox, Safari, Opera, Chrome, Edge"}],"tags":[],"tags_disable_links":"","hide_more_platforms":"","video_object":"","demo_hide_cta":"","demo_hide_cloud_options":"","pricing_title":"","pricing":[{"pricing_icon":"platform","pricing_title":"Elfsight Apps","pricing_title_caption":"Plattform\u00fcbergreifende Version, die auf jeder Website funktioniert","pricing_price":"ab 0 $ \/ Monat","pricing_price_caption":"Beginnen Sie mit einem kostenlosen Plan","pricing_benefits":[{"text":"Unbegrenzte Websites"},{"text":"Unternehmenssupport rund um die Uhr und gut dokumentiert"},{"text":"Kostenlose Installationsunterst\u00fctzung"},{"text":"Vollst\u00e4ndig anpassbar"}],"pricing_button_text":"Zur Website hinzuf\u00fcgen","pricing_button_url":"#demo"}],"related_apps_title":"","related_apps_hidden":"","author":"","image":[],"title":"","job":"","social_networks":[]},"_links":{"self":[{"href":"https:\/\/elfsight.com\/de\/wp-json\/wp\/v2\/pages\/10771","targetHints":{"allow":["GET"]}}],"collection":[{"href":"https:\/\/elfsight.com\/de\/wp-json\/wp\/v2\/pages"}],"about":[{"href":"https:\/\/elfsight.com\/de\/wp-json\/wp\/v2\/types\/page"}],"author":[{"embeddable":true,"href":"https:\/\/elfsight.com\/de\/wp-json\/wp\/v2\/users\/9"}],"replies":[{"embeddable":true,"href":"https:\/\/elfsight.com\/de\/wp-json\/wp\/v2\/comments?post=10771"}],"version-history":[{"count":2,"href":"https:\/\/elfsight.com\/de\/wp-json\/wp\/v2\/pages\/10771\/revisions"}],"predecessor-version":[{"id":22131,"href":"https:\/\/elfsight.com\/de\/wp-json\/wp\/v2\/pages\/10771\/revisions\/22131"}],"up":[{"embeddable":true,"href":"https:\/\/elfsight.com\/de\/wp-json\/wp\/v2\/pages\/771"}],"wp:attachment":[{"href":"https:\/\/elfsight.com\/de\/wp-json\/wp\/v2\/media?parent=10771"}],"curies":[{"name":"wp","href":"https:\/\/api.w.org\/{rel}","templated":true}]}}