{"id":10770,"date":"1970-01-01T00:00:00","date_gmt":"1970-01-01T00:00:00","guid":{"rendered":"https:\/\/elfsight.com\/de\/?page_id=10770"},"modified":"2025-02-13T16:36:06","modified_gmt":"2025-02-13T16:36:06","slug":"blogger","status":"publish","type":"page","link":"https:\/\/elfsight.com\/de\/twitter-feed-widget\/blogger\/","title":{"rendered":"Twitter Feed &#8211; Blogger"},"content":{"rendered":"\n<div class=\"application-platform-content-item-description application-platform-content-item\" id=\"description\" data-nav-section=\"description\"><h2>Beschreibung<\/h2><p>Elfsight Twitter Feed ist ein responsives Widget, mit dem Sie Twitter-Widgets oder ausgew\u00e4hlte Tweets auf jeder Blogger-Site platzieren k\u00f6nnen . Sie k\u00f6nnen damit Ihren Twitter-Newsfeed anzeigen oder Testimonial-Tweets pr\u00e4sentieren, um das Engagement der Benutzer zu steigern und ein h\u00f6heres Kundenvertrauen zu erreichen. Was das Elfsight-Widget zu einem der f\u00fchrenden Widgets f\u00fcr jede Website macht, ist eine gro\u00dfe Menge an Einstellungen, gebrauchsfertige Vorlagen f\u00fcr jeden Anwendungsfall und sein adaptives Design.<\/p><p><b>Steigerung der Besuchereinbindung und des Vertrauens auf Ihrer Website<\/b><\/p><ul><li><b>Halten Sie Ihr Publikum l\u00e4nger auf der Seite<\/b>.<br>Halten Sie Ihre Besucher l\u00e4nger auf Ihrer Website, indem Sie separate Tweets zu den interessantesten anzeigen Themen oder binden Sie das Publikum ein, um an Ihren von Twitter beworbenen Aktivit\u00e4ten teilzunehmen.<\/li><li><b>Erh\u00f6hen Sie die Anzahl der Follower<\/b>.<br>Der interaktive Elfsight-Twitter-Feed erm\u00f6glicht es Kunden, Ihrem Konto direkt zu folgen von Ihrer Website. So k\u00f6nnen Sie eine zus\u00e4tzliche Follower-Quelle nutzen und Ihre Twitter-Community st\u00e4rken.<\/li><li><b>Starker Social Proof f\u00fcr mehr Vertrauen<\/b>.<br>Demonstrieren Sie, wie dynamisch Sie Ihr Twitter-Konto betreiben, um Kunden zu \u00fcberzeugen dass Ihr Unternehmen in Betrieb ist und Sie mit Ihren Benutzern interagieren und n\u00e4her an sie herankommen m\u00f6chten.<\/li><\/ul><\/div><div class=\"application-platform-content-item-features application-platform-content-item\" id=\"features\" data-nav-section=\"features\"><h2>Funktionen<\/h2><p> Die wertvollsten Funktionen des Elfsight-Widgets, die es zum besten Blogger-Widget f\u00fcr Twitter machen:<\/p><ul><li>Testimonial-Tweets mit Sternen bewerten;<\/li><li>Vollst\u00e4ndiges oder kompaktes Header-Layout w\u00e4hlen;<\/li><li>Tweets-Link kopieren;<\/li><li>Browser-Datencache \u2013 schnelleres Laden mit Widgets auf mehreren Seiten;<\/li><li>Tweet-Textformatierung, Anzeige von Foto- und Videoinhalten.<\/li> <\/ul><p><a href=\"#demo\">\u00dcberpr\u00fcfen Sie alle Funktionen in der Live-Demo<\/a><\/p><\/div><div class=\"application-platform-content-item-installation application-platform-content-item\" id=\"installation\" data-nav-section=\"installation\"><h2>So f\u00fcgen Sie Twitter hinzu Feed an Blogger<\/h2><div class=\"video-container\"><iframe width=\"560\" height=\"315\" src=\"https:\/\/www.youtube.com\/embed\/tRITOTmZ5As?si=INhiWmUcIemcbunU\" frameborder=\"0\" allow=\"accelerometer; autoplay; clipboard-write; encrypted-media; gyroscope; picture-in-picture; web-share\" allowfullscreen><\/iframe><\/div><p>Vervollst\u00e4ndigen Sie die Integration des Widgets mithilfe unserer Kurzanleitung. Dies dauert weniger als ein paar Minuten und erfordert keine Erfahrung in der Webentwicklung.<\/p><ol><li><b>Gestalten Sie Ihren einzigartigen Twitter-Feed<\/b>.<br>Mithilfe unseres kostenlosen Editor, stellen Sie ein Widget mit dem gew\u00fcnschten Aussehen und den gew\u00fcnschten Funktionen zusammen.<\/li><li><b>Kopieren Sie einen Code f\u00fcr die Anzeige des Widgets<\/b>.<br>Nach der Widget-Einstellung erhalten Sie einen Code f\u00fcr das Twitter-Widget aus dem Popup-Fenster bei Elfsight Apps.<\/li><li><b>Platzieren Sie das Widget auf einer Website<\/b>.<br>Zeigen Sie das Widget an der ben\u00f6tigten Stelle der Seite an und wenden Sie die Ergebnisse an.<\/li><li> <b>Die Einbettung war erfolgreich!<\/b>.<br>Besuchen Sie Ihre Blogger-Website, um Ihr Widget zu \u00fcberpr\u00fcfen.<\/li><\/ol><p>Haben Sie Probleme beim Einrichten oder Anpassen des Widgets? Schauen Sie sich ein <a href=\"https:\/\/elfsight.com\/tutorials\/how-to-add-twitter-feed-widget-to-blogger\/\" target=\"_blank\" rel=\"noopener noreferrer\">detailliertes Tutorial an <\/a> oder schreiben Sie unserem Support-Team mit einer vollst\u00e4ndigen Beschreibung der Frage. Wir beantworten gerne Ihre Fragen.<\/p><\/div><div class=\"faq\" data-component=\"FAQ\"><div class=\"faq-item\">\r\n\t\t\t\t\t<div class=\"faq-item-question\">\r\n\t\t\t\t\t\t<h3 class=\"faq-item-question-text\">Gibt es eine M\u00f6glichkeit, Twitter-Feeds ohne Codierung in meine Blogger-Site einzubetten? <\/h3>\r\n\r\n\t\t\t\t\t\t<div class=\"faq-item-question-icon\"><\/div>\r\n\t\t\t\t\t<\/div>\r\n\r\n\t\t\t\t\t<div class=\"faq-item-answer\">\r\n\t\t\t\t\t\t<div class=\"faq-item-answer-text\"><p>Das Unternehmen Elfsight bietet eine L\u00f6sung, mit der Benutzer selbst eine Twitter-Feed-App erstellen k\u00f6nnen. Sehen Sie, wie unkompliziert das ist:<\/p><ul><li>Arbeiten Sie im Live-Editor, um ein gew\u00fcnschtes Twitter-Feed-Widget zu erstellen zum Einbetten auf der Blogger-Homepage.<\/li><li>Klicken Sie auf eine der vielen vorgefertigten Vorlagen und passen Sie die Twitter-Feed-Einstellungen an, \u00e4ndern Sie das Layout und Farbschema, aktualisieren Sie Ihre Inhalte ohne Programmierkenntnisse.<\/li><li>Speichern Sie die von Ihnen vorgenommenen Einstellungen im Twitter-Feed und erhalten Sie den Installationscode, der einfach und kostenlos in die Blogger-Webseite eingef\u00fcgt werden kann.<\/li><\/ul><p>Mit unserem unkomplizierten Editor kann jeder Internetnutzer erstellen Twitter-Feed-Plugin und einfache Einbindung in jede Blogger-Homepage. Sie d\u00fcrfen weder bezahlen noch Ihre Kartendaten offenlegen, um Zugang zum Editor zu erhalten. Wenn Sie auf Probleme jeglicher Art sto\u00dfen, z\u00f6gern Sie bitte nicht, sich an unsere Mitarbeiter des technischen Supports zu wenden.<\/p><\/div>\r\n\t\t\t\t\t<\/div>\r\n\t\t\t\t<\/div><\/div>\n","protected":false},"excerpt":{"rendered":"","protected":false},"author":9,"featured_media":0,"parent":771,"menu_order":0,"comment_status":"closed","ping_status":"closed","template":"templates\/template-application-platform.php","meta":{"publish_to_discourse":"","publish_post_category":"","wpdc_auto_publish_overridden":"","wpdc_topic_tags":"","wpdc_pin_topic":"","wpdc_pin_until":"","discourse_post_id":"","discourse_permalink":"","wpdc_publishing_response":"","wpdc_publishing_error":"","footnotes":""},"class_list":["post-10770","page","type-page","status-publish","hentry"],"yoast_head":"<!-- This site is optimized with the Yoast SEO plugin v25.3.1 - https:\/\/yoast.com\/wordpress\/plugins\/seo\/ -->\n<title>Blogger-Twitter-Widget \u2013 Twitter-Feed zur Blogger-Website hinzuf\u00fcgen (in 2 Minuten)<\/title>\n<meta name=\"description\" content=\"Installieren Sie das Twitter-Feed-Widget auf Blogger in nur 2 Minuten und ohne Programmieraufwand. \u00dcberpr\u00fcfen Sie alle wichtigen Funktionen des besten Twitter-Widgets in einem kostenlosen Editor.\" \/>\n<meta name=\"robots\" content=\"index, follow, max-snippet:-1, max-image-preview:large, max-video-preview:-1\" \/>\n<link rel=\"canonical\" href=\"https:\/\/elfsight.com\/de\/twitter-feed-widget\/blogger\/\" \/>\n<meta property=\"og:locale\" content=\"de_DE\" \/>\n<meta property=\"og:type\" content=\"article\" \/>\n<meta property=\"og:title\" content=\"Blogger-Twitter-Widget \u2013 Twitter-Feed zur Blogger-Website hinzuf\u00fcgen (in 2 Minuten)\" \/>\n<meta property=\"og:description\" content=\"Installieren Sie das Twitter-Feed-Widget auf Blogger in nur 2 Minuten und ohne Programmieraufwand. \u00dcberpr\u00fcfen Sie alle wichtigen Funktionen des besten Twitter-Widgets in einem kostenlosen Editor.\" \/>\n<meta property=\"og:url\" content=\"https:\/\/elfsight.com\/de\/twitter-feed-widget\/blogger\/\" \/>\n<meta property=\"og:site_name\" content=\"Elfsight DE\" \/>\n<meta property=\"article:modified_time\" content=\"2025-02-13T16:36:06+00:00\" \/>\n<meta name=\"twitter:card\" content=\"summary_large_image\" \/>\n<meta name=\"twitter:label1\" content=\"Gesch\u00e4tzte Lesezeit\" \/>\n\t<meta name=\"twitter:data1\" content=\"3\u00a0Minuten\" \/>\n<!-- \/ Yoast SEO plugin. -->","yoast_head_json":{"title":"Blogger-Twitter-Widget \u2013 Twitter-Feed zur Blogger-Website hinzuf\u00fcgen (in 2 Minuten)","description":"Installieren Sie das Twitter-Feed-Widget auf Blogger in nur 2 Minuten und ohne Programmieraufwand. \u00dcberpr\u00fcfen Sie alle wichtigen Funktionen des besten Twitter-Widgets in einem kostenlosen Editor.","robots":{"index":"index","follow":"follow","max-snippet":"max-snippet:-1","max-image-preview":"max-image-preview:large","max-video-preview":"max-video-preview:-1"},"canonical":"https:\/\/elfsight.com\/de\/twitter-feed-widget\/blogger\/","og_locale":"de_DE","og_type":"article","og_title":"Blogger-Twitter-Widget \u2013 Twitter-Feed zur Blogger-Website hinzuf\u00fcgen (in 2 Minuten)","og_description":"Installieren Sie das Twitter-Feed-Widget auf Blogger in nur 2 Minuten und ohne Programmieraufwand. \u00dcberpr\u00fcfen Sie alle wichtigen Funktionen des besten Twitter-Widgets in einem kostenlosen Editor.","og_url":"https:\/\/elfsight.com\/de\/twitter-feed-widget\/blogger\/","og_site_name":"Elfsight DE","article_modified_time":"2025-02-13T16:36:06+00:00","twitter_card":"summary_large_image","twitter_misc":{"Gesch\u00e4tzte Lesezeit":"3\u00a0Minuten"},"schema":{"@context":"https:\/\/schema.org","@graph":[{"@type":"WebPage","@id":"https:\/\/elfsight.com\/de\/twitter-feed-widget\/blogger\/","url":"https:\/\/elfsight.com\/de\/twitter-feed-widget\/blogger\/","name":"Blogger-Twitter-Widget \u2013 Twitter-Feed zur Blogger-Website hinzuf\u00fcgen (in 2 Minuten)","isPartOf":{"@id":"https:\/\/elfsight.com\/de\/#website"},"datePublished":"1970-01-01T00:00:00+00:00","dateModified":"2025-02-13T16:36:06+00:00","description":"Installieren Sie das Twitter-Feed-Widget auf Blogger in nur 2 Minuten und ohne Programmieraufwand. \u00dcberpr\u00fcfen Sie alle wichtigen Funktionen des besten Twitter-Widgets in einem kostenlosen Editor.","breadcrumb":{"@id":"https:\/\/elfsight.com\/de\/twitter-feed-widget\/blogger\/#breadcrumb"},"inLanguage":"de","potentialAction":[{"@type":"ReadAction","target":["https:\/\/elfsight.com\/de\/twitter-feed-widget\/blogger\/"]}]},{"@type":"BreadcrumbList","@id":"https:\/\/elfsight.com\/de\/twitter-feed-widget\/blogger\/#breadcrumb","itemListElement":[{"@type":"ListItem","position":1,"name":"Home","item":"https:\/\/elfsight.com\/de\/"},{"@type":"ListItem","position":2,"name":"Twitter Feed","item":"https:\/\/elfsight.com\/de\/twitter-feed-widget\/"},{"@type":"ListItem","position":3,"name":"Twitter Feed &#8211; Blogger"}]},{"@type":"WebSite","@id":"https:\/\/elfsight.com\/de\/#website","url":"https:\/\/elfsight.com\/de\/","name":"Elfsight DE","description":"Just another Elfsight Sites site","potentialAction":[{"@type":"SearchAction","target":{"@type":"EntryPoint","urlTemplate":"https:\/\/elfsight.com\/de\/?s={search_term_string}"},"query-input":{"@type":"PropertyValueSpecification","valueRequired":true,"valueName":"search_term_string"}}],"inLanguage":"de"}]}},"meta_box":{"industry":"","seo_heading":"","heading":"","description":"","cta_heading":"","cta_description":"","application":"472","h1":"Blogger-Twitter-Feed-Widget","h1_caption":"Betten Sie Tweets von Ihrem Twitter-Konto oder per Hashtag ein, um Ihre Besucher m\u00fchelos mit Echtzeitinhalten auf Ihrer Blogger-Website auf dem Laufenden zu halten.","application_category":[],"applications_title":"","applications_request_title":"","applications_request_button_text":"","hero_text":"","hero_video":"","hero_video_schema_markup":"","selling_points_title":"","selling_points_caption":"","selling_points":[],"selling_points_cta_text":"","features_title":"","features":"","ed_cta_examples_text":"","ed_cta_examples_hidden":"","ed_cta_demo_text":"","ed_cta_demo_hidden":"","why_caption":"","why_editor_title":"","why_editor_text":"","why_team_title":"","why_team_text":"","why_service_title":"","why_service_text":"","template_catalog_visible":"0","template_catalog_title":"","template_catalog_text":"","template_catalog_categories_visible":"","demo_title":"Erstellen Sie Ihr Twitter-Feed-Widget","demo_caption":"Konfigurieren Sie Ihren Twitter-Feed und f\u00fcgen Sie ihn kostenlos zu Ihrer Blogger-Website hinzu!","default_faq_hidden":"","app_template_category":[],"platform":"262","template_public_id":"","codecanyon_url":"","codecanyon_item_id":"","codecanyon_price":"","pricing_caption":"","pricing_elfsight_apps_hide_column":"","pricing_elfsight_apps_url":"","pricing_codecanyon_price_caption":"","integration_category":[],"integration_request_title":"","integration_request_cta":"","integration_platform":"","integrations":[],"platform_category":[],"video_schema_markup":"","price":"ab 0 $ \/ Monat","trial":"","benefits":[{"text":"Kostenlose Installationshilfe"},{"text":"Professioneller Kundenservice"},{"text":"14-t\u00e4gige R\u00fcckerstattungsgarantie"},{"text":"Fortlaufende Entwicklung"}],"button_url":"#demo","button_target_blank":"0","button_nofollow":"0","attributes":[{"name":"Installiert","content":"10,000 - 100,000"},{"name":"Reaktionsfreudig","content":"Ja"},{"name":"Kompatible Browser","content":"Firefox, Safari, Opera, Chrome, Edge"}],"tags":[],"tags_disable_links":"0","hide_more_platforms":"0","video_object":"","demo_hide_cta":"0","demo_hide_cloud_options":"0","pricing_title":"","pricing":[{"pricing_icon":"platform","pricing_title":"Elfsight Apps","pricing_title_caption":"Plattform\u00fcbergreifende digitale L\u00f6sung","pricing_price":"ab 0 $ \/ Monat","pricing_price_caption":"Beginnen Sie mit einem kostenlosen Plan","pricing_benefits":[{"text":"Unbegrenzte Websites"},{"text":"Erstklassiger Unternehmenssupport und gut dokumentiert"},{"text":"Kostenloser Installationssupport"},{"text":"Vollst\u00e4ndig anpassbar"}],"pricing_button_text":"Zur Website hinzuf\u00fcgen","pricing_button_url":"#demo"}],"related_apps_title":"","related_apps_hidden":"0","author":"","image":[],"title":"","job":"","social_networks":[]},"_links":{"self":[{"href":"https:\/\/elfsight.com\/de\/wp-json\/wp\/v2\/pages\/10770","targetHints":{"allow":["GET"]}}],"collection":[{"href":"https:\/\/elfsight.com\/de\/wp-json\/wp\/v2\/pages"}],"about":[{"href":"https:\/\/elfsight.com\/de\/wp-json\/wp\/v2\/types\/page"}],"author":[{"embeddable":true,"href":"https:\/\/elfsight.com\/de\/wp-json\/wp\/v2\/users\/9"}],"replies":[{"embeddable":true,"href":"https:\/\/elfsight.com\/de\/wp-json\/wp\/v2\/comments?post=10770"}],"version-history":[{"count":3,"href":"https:\/\/elfsight.com\/de\/wp-json\/wp\/v2\/pages\/10770\/revisions"}],"predecessor-version":[{"id":24116,"href":"https:\/\/elfsight.com\/de\/wp-json\/wp\/v2\/pages\/10770\/revisions\/24116"}],"up":[{"embeddable":true,"href":"https:\/\/elfsight.com\/de\/wp-json\/wp\/v2\/pages\/771"}],"wp:attachment":[{"href":"https:\/\/elfsight.com\/de\/wp-json\/wp\/v2\/media?parent=10770"}],"curies":[{"name":"wp","href":"https:\/\/api.w.org\/{rel}","templated":true}]}}