{"id":10763,"date":"1970-01-01T00:00:00","date_gmt":"1970-01-01T00:00:00","guid":{"rendered":"https:\/\/elfsight.com\/de\/?page_id=10763"},"modified":"2025-02-13T16:39:22","modified_gmt":"2025-02-13T16:39:22","slug":"drupal","status":"publish","type":"page","link":"https:\/\/elfsight.com\/de\/twitter-feed-widget\/drupal\/","title":{"rendered":"Twitter Feed &#8211; Drupal"},"content":{"rendered":"\n<div class=\"application-platform-content-item-description application-platform-content-item\" id=\"description\" data-nav-section=\"description\"><h2>Beschreibung<\/h2><p>Mit dem Twitter-Modul von Elfsight ist es \u00fcberraschend einfach, Twitter-Feeds oder -Singles einzubetten Tweets auf Ihrer Drupal-Site. Steigern Sie das Besucherengagement und schaffen Sie ein besseres Kundenvertrauen, indem Sie Ihre Twitter-Timeline anzeigen oder Tweets mit Kundenreferenzen zu Ihren Angeboten ver\u00f6ffentlichen. Die besten Vorteile des Twitter-Moduls von Elfsight f\u00fcr Ihre Website sind gebrauchsfertige Vorlagen f\u00fcr alle m\u00f6glichen Anwendungsf\u00e4lle und verschiedene Parameter sowie ein responsives Design.<\/p><p><b>Machen Sie Ihre Website f\u00fcr Kunden absolut ansprechend und hoch vertrauensw\u00fcrdig<\/b><\/p><ul><li><b>Erh\u00f6hen Sie Ihr Engagement<\/b>.<br>Betten Sie fr\u00f6hliche und lebendige Inhalte eines der beliebtesten sozialen Medien auf Ihrer Website ein, um die Aufmerksamkeit des Publikums zu erregen . Erzielen Sie ein h\u00f6heres Aktivit\u00e4tsniveau auf Ihrer Website.<\/li><li><b>Bewerben Sie Ihr Twitter und Ihre Website gemeinsam<\/b>.<br>Ihre Website ist ein zus\u00e4tzliches Instrument zur Werbung f\u00fcr Ihr Twitter-Konto, mit Retweeten und Antworten von der Seite unterst\u00fctzt, w\u00e4hrend besseres Engagement und Social Proof auf der Website zur Verbesserung der SEO beitragen.<\/li><li><b>St\u00e4rken Sie das Vertrauen mit Kundenreferenzen von Twitter<\/b>.<br>W\u00e4hlen Sie die besten Kundenreferenzen aus Ihr Unternehmen von Twitter und zeigen Sie es auf Ihrer Website, um die Glaubw\u00fcrdigkeit zu erh\u00f6hen und Ihre Angebote f\u00fcr Ihre Benutzer verlockend erscheinen zu lassen.<\/li><\/ul><\/div><div class=\"application-platform-content-item-features application-platform-content-item\" id=\"features\" data-nav-section=\"features\"><h2>Funktionen <\/h2><p>5 Vorteile, die das Elfsight-Modul zu einer unverzichtbaren L\u00f6sung f\u00fcr eine Drupal-Site machen:<\/p><ul><li>Die Schaltfl\u00e4che \u201eFolgen\u201c in der Kopfzeile hilft, die Anzahl der Abonnenten Ihres Kontos zu erh\u00f6hen;<\/li><li>Legen Sie die Breite des Widgets fest oder stellen Sie es auf volle Breite ein;<\/li><li>Sch\u00f6ne Vorschau-Links in Tweets;<\/li><li>W\u00e4hlen Sie aus den verf\u00fcgbaren Sprachen oder fordern Sie Ihre Sprache an und wir \u00fcbersetzen das Widget;<\/li><li>Legen Sie eine benutzerdefinierte Designfarbe f\u00fcr das Widget fest.<\/li><\/ul><p><a href=\"#demo\">Holen Sie sich alle Funktionen<\/a><\/p><\/div><div class=\"application-platform-content-item-installation application-platform-content-item\" id=\"installation\" data-nav-section=\"installation\"><h2>So f\u00fcgen Sie Twitter-Feed zu Drupal hinzu<\/h2><div class=\"video-container\"><iframe width=\"560\" height=\"315\" src=\"https:\/\/www.youtube.com\/embed\/rJ8J1pzj-pE?si=WMX6jzHvtc9XhgCZ\" frameborder=\"0\" allow=\"accelerometer; autoplay; clipboard-write; encrypted-media; gyroscope; picture-in-picture; web-share\" allowfullscreen><\/iframe><\/div><p>Befolgen Sie einfach die folgenden Richtlinien, um das Twitter-Feed-Tool in Drupal einzubetten.<\/p> <ol><li><b>Starten Sie unseren kostenlosen Konfigurator und beginnen Sie mit der Gestaltung Ihres eigenen Moduls. <\/b><br> Finden Sie die gew\u00fcnschte Form und Spezifikationen des Widgets und nehmen Sie die Korrekturen vor. <\/li> <li><b>Erhalten Sie Ihren pers\u00f6nlichen Code, der im Fenster von Elfsight Apps angezeigt wird. <\/b><br> Wenn die Generierung Ihres Moduls abgeschlossen ist, kopieren Sie den einzelnen Code aus dem angezeigten Popup und bewahren Sie ihn f\u00fcr zuk\u00fcnftige Gelegenheiten auf. <\/li> <li><b>Erste Schritte mit der Verwendung des Tools auf der Drupal-Website. <\/b><br> Integrieren Sie den zuvor kopierten Code in Ihre Website und speichern Sie die \u00c4nderungen. <\/li> <li><b>Das Setup ist vollst\u00e4ndig abgeschlossen. <\/b><br> Besuchen Sie Ihre Website, um die Leistung des Plugins zu \u00fcberpr\u00fcfen. <\/li><\/ol><p>Suchen Sie Hilfe beim Hinzuf\u00fcgen oder Anpassen des Moduls? Das Elfsight-Team wird Ihnen gerne helfen und eine L\u00f6sung anbieten! Senden Sie eine Anfrage an unser Support-Team. Sie k\u00f6nnen auch versuchen, die Abfrage selbst in Angriff zu nehmen, indem Sie unser <a href=\"https:\/\/elfsight.com\/tutorials\/how-to-add-twitter-feed-module-to-drupal\/\" target=\"_blank\" rel=\"noopener noreferrer\">ausf\u00fchrliche Anleitung<\/a>.<\/p><\/div><div class=\"faq\" data-component=\"FAQ\"><div class=\"faq-item\">\r\n\t\t\t\t\t<div class=\"faq-item-question\">\r\n\t\t\t\t\t\t<h3 class=\"faq-item-question-text\">Auf welche Weise ist es m\u00f6glich, Twitter-Feeds in meine Drupal-Webseite einzubetten, ohne Codierung?<\/h3>\r\n\r\n\t\t\t\t\t\t<div class=\"faq-item-question-icon\"><\/div>\r\n\t\t\t\t\t<\/div>\r\n\r\n\t\t\t\t\t<div class=\"faq-item-answer\">\r\n\t\t\t\t\t\t<div class=\"faq-item-answer-text\"> Um einen Twitter-Feed-Bereich zu generieren, den Sie in Drupal integrieren m\u00f6chten:<\/li><li>W\u00e4hlen Sie eine unserer vorgefertigten Vorlagen und \u00e4ndern Sie die Twitter-Feed-Einstellungen, f\u00fcgen Sie Ihren Inhalt hinzu, \u00e4ndern Sie das Layout und die Farbe der Elemente mit Nein Programmierkenntnisse.<\/li><li>Speichern Sie die Einstellungen, die Sie im Twitter-Feed vorgenommen haben, und kopieren Sie den Installationscode, den Sie einfach kostenlos in jede Drupal-Website einf\u00fcgen k\u00f6nnen.<\/li><\/ul><p> Mit dem intuitiven Konfigurator kann jeder Webbenutzer einen Twitter-Feed-Bereich online erstellen und in seine Drupal-Site einbinden. Sie m\u00fcssen weder bezahlen noch Ihre Kartendaten angeben, um an unserem Service teilzunehmen. Sollten Sie auf Hindernisse jeglicher Art sto\u00dfen, wenden Sie sich bitte an unseren Kundensupport.<\/p><\/div>\r\n\t\t\t\t\t<\/div>\r\n\t\t\t\t<\/div><\/div>\n","protected":false},"excerpt":{"rendered":"","protected":false},"author":9,"featured_media":0,"parent":771,"menu_order":0,"comment_status":"closed","ping_status":"closed","template":"templates\/template-application-platform.php","meta":{"publish_to_discourse":"","publish_post_category":"","wpdc_auto_publish_overridden":"","wpdc_topic_tags":"","wpdc_pin_topic":"","wpdc_pin_until":"","discourse_post_id":"","discourse_permalink":"","wpdc_publishing_response":"","wpdc_publishing_error":"","footnotes":""},"class_list":["post-10763","page","type-page","status-publish","hentry"],"yoast_head":"<!-- This site is optimized with the Yoast SEO plugin v25.3.1 - https:\/\/yoast.com\/wordpress\/plugins\/seo\/ -->\n<title>Drupal Twitter-Feed-Modul f\u00fcr Ihre Website (2026)<\/title>\n<meta name=\"description\" content=\"Installieren Sie das Twitter-Feed-Modul in nur wenigen Minuten auf Ihrer Drupal-Site. Sofortige und einfache Generierung verschiedener Website-Module durch Elfsight.\" \/>\n<meta name=\"robots\" content=\"index, follow, max-snippet:-1, max-image-preview:large, max-video-preview:-1\" \/>\n<link rel=\"canonical\" href=\"https:\/\/elfsight.com\/de\/twitter-feed-widget\/drupal\/\" \/>\n<meta property=\"og:locale\" content=\"de_DE\" \/>\n<meta property=\"og:type\" content=\"article\" \/>\n<meta property=\"og:title\" content=\"Drupal Twitter-Feed-Modul f\u00fcr Ihre Website (2026)\" \/>\n<meta property=\"og:description\" content=\"Installieren Sie das Twitter-Feed-Modul in nur wenigen Minuten auf Ihrer Drupal-Site. Sofortige und einfache Generierung verschiedener Website-Module durch Elfsight.\" \/>\n<meta property=\"og:url\" content=\"https:\/\/elfsight.com\/de\/twitter-feed-widget\/drupal\/\" \/>\n<meta property=\"og:site_name\" content=\"Elfsight DE\" \/>\n<meta property=\"article:modified_time\" content=\"2025-02-13T16:39:22+00:00\" \/>\n<meta name=\"twitter:card\" content=\"summary_large_image\" \/>\n<meta name=\"twitter:label1\" content=\"Gesch\u00e4tzte Lesezeit\" \/>\n\t<meta name=\"twitter:data1\" content=\"4\u00a0Minuten\" \/>\n<!-- \/ Yoast SEO plugin. -->","yoast_head_json":{"title":"Drupal Twitter-Feed-Modul f\u00fcr Ihre Website (2026)","description":"Installieren Sie das Twitter-Feed-Modul in nur wenigen Minuten auf Ihrer Drupal-Site. Sofortige und einfache Generierung verschiedener Website-Module durch Elfsight.","robots":{"index":"index","follow":"follow","max-snippet":"max-snippet:-1","max-image-preview":"max-image-preview:large","max-video-preview":"max-video-preview:-1"},"canonical":"https:\/\/elfsight.com\/de\/twitter-feed-widget\/drupal\/","og_locale":"de_DE","og_type":"article","og_title":"Drupal Twitter-Feed-Modul f\u00fcr Ihre Website (2026)","og_description":"Installieren Sie das Twitter-Feed-Modul in nur wenigen Minuten auf Ihrer Drupal-Site. Sofortige und einfache Generierung verschiedener Website-Module durch Elfsight.","og_url":"https:\/\/elfsight.com\/de\/twitter-feed-widget\/drupal\/","og_site_name":"Elfsight DE","article_modified_time":"2025-02-13T16:39:22+00:00","twitter_card":"summary_large_image","twitter_misc":{"Gesch\u00e4tzte Lesezeit":"4\u00a0Minuten"},"schema":{"@context":"https:\/\/schema.org","@graph":[{"@type":"WebPage","@id":"https:\/\/elfsight.com\/de\/twitter-feed-widget\/drupal\/","url":"https:\/\/elfsight.com\/de\/twitter-feed-widget\/drupal\/","name":"Drupal Twitter-Feed-Modul f\u00fcr Ihre Website (2026)","isPartOf":{"@id":"https:\/\/elfsight.com\/de\/#website"},"datePublished":"1970-01-01T00:00:00+00:00","dateModified":"2025-02-13T16:39:22+00:00","description":"Installieren Sie das Twitter-Feed-Modul in nur wenigen Minuten auf Ihrer Drupal-Site. Sofortige und einfache Generierung verschiedener Website-Module durch Elfsight.","breadcrumb":{"@id":"https:\/\/elfsight.com\/de\/twitter-feed-widget\/drupal\/#breadcrumb"},"inLanguage":"de","potentialAction":[{"@type":"ReadAction","target":["https:\/\/elfsight.com\/de\/twitter-feed-widget\/drupal\/"]}]},{"@type":"BreadcrumbList","@id":"https:\/\/elfsight.com\/de\/twitter-feed-widget\/drupal\/#breadcrumb","itemListElement":[{"@type":"ListItem","position":1,"name":"Home","item":"https:\/\/elfsight.com\/de\/"},{"@type":"ListItem","position":2,"name":"Twitter Feed","item":"https:\/\/elfsight.com\/de\/twitter-feed-widget\/"},{"@type":"ListItem","position":3,"name":"Twitter Feed &#8211; Drupal"}]},{"@type":"WebSite","@id":"https:\/\/elfsight.com\/de\/#website","url":"https:\/\/elfsight.com\/de\/","name":"Elfsight DE","description":"Just another Elfsight Sites site","potentialAction":[{"@type":"SearchAction","target":{"@type":"EntryPoint","urlTemplate":"https:\/\/elfsight.com\/de\/?s={search_term_string}"},"query-input":{"@type":"PropertyValueSpecification","valueRequired":true,"valueName":"search_term_string"}}],"inLanguage":"de"}]}},"meta_box":{"industry":"","seo_heading":"","heading":"","description":"","cta_heading":"","cta_description":"","application":"472","h1":"Drupal-Twitter-Feed-Modul","h1_caption":"Betten Sie Tweets von Ihrem Twitter-Konto oder per Hashtag ein, um Ihre Besucher m\u00fchelos mit Echtzeitinhalten auf Ihrer Drupal-Website auf dem Laufenden zu halten.","application_category":[],"applications_title":"","applications_request_title":"","applications_request_button_text":"","hero_text":"","hero_video":"","hero_video_schema_markup":"","selling_points_title":"","selling_points_caption":"","selling_points":[],"selling_points_cta_text":"","features_title":"","features":"","ed_cta_examples_text":"","ed_cta_examples_hidden":"","ed_cta_demo_text":"","ed_cta_demo_hidden":"","why_caption":"","why_editor_title":"","why_editor_text":"","why_team_title":"","why_team_text":"","why_service_title":"","why_service_text":"","template_catalog_visible":"0","template_catalog_title":"","template_catalog_text":"","template_catalog_categories_visible":"","demo_title":"Erstellen Sie Ihr Twitter-Feed-Modul","demo_caption":"Konfigurieren Sie Ihren Twitter-Feed und f\u00fcgen Sie ihn kostenlos zu Ihrer Drupal-Website hinzu!","default_faq_hidden":"","app_template_category":[],"platform":"261","template_public_id":"","codecanyon_url":"","codecanyon_item_id":"","codecanyon_price":"","pricing_caption":"","pricing_elfsight_apps_hide_column":"","pricing_elfsight_apps_url":"","pricing_codecanyon_price_caption":"","integration_category":[],"integration_request_title":"","integration_request_cta":"","integration_platform":"","integrations":[],"platform_category":[],"video_schema_markup":"","price":"ab 0 $ \/ Monat","trial":"","benefits":[{"text":"Kostenloser Installationsservice"},{"text":"Professioneller Kundenservice"},{"text":"14-t\u00e4gige R\u00fcckerstattungsgarantie"},{"text":"St\u00e4ndige Aktualisierung"}],"button_url":"#demo","button_target_blank":"0","button_nofollow":"0","attributes":[{"name":"Installiert","content":"10,000 - 100,000"},{"name":"Reaktionsfreudig","content":"Ja"},{"name":"Kompatible Browser","content":"Firefox, Safari, Opera, Chrome, Edge"}],"tags":[],"tags_disable_links":"0","hide_more_platforms":"0","video_object":"","demo_hide_cta":"0","demo_hide_cloud_options":"0","pricing_title":"","pricing":[{"pricing_icon":"platform","pricing_title":"Elfsight Apps","pricing_title_caption":"Plattform\u00fcbergreifende digitale L\u00f6sung","pricing_price":"ab 0 $ \/ Monat","pricing_price_caption":"Beginnen Sie mit einem kostenlosen Plan","pricing_benefits":[{"text":"Unbegrenzte Websites"},{"text":"Schnelle Unternehmensunterst\u00fctzung"},{"text":"Kostenlose Installationsunterst\u00fctzung"},{"text":"Sonderangebot f\u00fcr mehrere Apps"}],"pricing_button_text":"Zur Website hinzuf\u00fcgen","pricing_button_url":"#demo"}],"related_apps_title":"","related_apps_hidden":"0","author":"","image":[],"title":"","job":"","social_networks":[]},"_links":{"self":[{"href":"https:\/\/elfsight.com\/de\/wp-json\/wp\/v2\/pages\/10763","targetHints":{"allow":["GET"]}}],"collection":[{"href":"https:\/\/elfsight.com\/de\/wp-json\/wp\/v2\/pages"}],"about":[{"href":"https:\/\/elfsight.com\/de\/wp-json\/wp\/v2\/types\/page"}],"author":[{"embeddable":true,"href":"https:\/\/elfsight.com\/de\/wp-json\/wp\/v2\/users\/9"}],"replies":[{"embeddable":true,"href":"https:\/\/elfsight.com\/de\/wp-json\/wp\/v2\/comments?post=10763"}],"version-history":[{"count":3,"href":"https:\/\/elfsight.com\/de\/wp-json\/wp\/v2\/pages\/10763\/revisions"}],"predecessor-version":[{"id":24118,"href":"https:\/\/elfsight.com\/de\/wp-json\/wp\/v2\/pages\/10763\/revisions\/24118"}],"up":[{"embeddable":true,"href":"https:\/\/elfsight.com\/de\/wp-json\/wp\/v2\/pages\/771"}],"wp:attachment":[{"href":"https:\/\/elfsight.com\/de\/wp-json\/wp\/v2\/media?parent=10763"}],"curies":[{"name":"wp","href":"https:\/\/api.w.org\/{rel}","templated":true}]}}