{"id":10762,"date":"1970-01-01T00:00:00","date_gmt":"1970-01-01T00:00:00","guid":{"rendered":"https:\/\/elfsight.com\/de\/?page_id=10762"},"modified":"2025-02-13T16:45:29","modified_gmt":"2025-02-13T16:45:29","slug":"joomla","status":"publish","type":"page","link":"https:\/\/elfsight.com\/de\/twitter-feed-widget\/joomla\/","title":{"rendered":"Twitter Feed &#8211; Joomla"},"content":{"rendered":"\n<div class=\"application-platform-content-item-description application-platform-content-item\" id=\"description\" data-nav-section=\"description\"><h2>Beschreibung<\/h2><p>Mit dem Twitter-Modul von Elfsight ist es ganz einfach, Twitter-Feeds oder bestimmte Tweets auf einer Joomla-Website zu platzieren. Steigern Sie das Engagement der Benutzer und entwickeln Sie ein h\u00f6heres Kundenvertrauen, indem Sie Ihre Twitter-Timeline ver\u00f6ffentlichen oder Tweets mit Erfahrungsberichten der Benutzer \u00fcber Ihr Unternehmen ver\u00f6ffentlichen. Die gr\u00f6\u00dften Vorteile des Elfsight Twitter-Widgets f\u00fcr jede Website sind fertige Vorlagen f\u00fcr alle Anwendungsf\u00e4lle und verschiedene Optionen sowie ein anpassbares Design.<\/p><p><b>Steigern Sie die Engagement-Rate Ihrer Website und machen Sie sie f\u00fcr Ihre Besucher glaubw\u00fcrdig<\/b><\/p><ul><li><b>Besucher auf der Seite halten<\/b>.<br>Lassen Sie Ihre Kunden l\u00e4nger auf der Seite bleiben, indem Sie bestimmte Tweets zu Trendthemen vorf\u00fchren oder sie einbeziehen in Ihre von Twitter beworbenen Werbeaktionen einbinden.<\/li><li><b>Follower steigern<\/b>.<br>Der interaktive Twitter-Feed von Elfsight erm\u00f6glicht es Kunden, Ihr Konto direkt von Ihrer Website aus zu abonnieren. So k\u00f6nnen Sie eine weitere Follower-Quelle haben und Ihre Twitter-Community erweitern.<\/li><li><b>Erh\u00f6hen Sie das Vertrauen Ihrer Kunden mit Testimonials von Twitter<\/b>.<br>W\u00e4hlen Sie die besten Kundenreferenzen \u00fcber Ihr Unternehmen auf Twitter aus Zeigen Sie sie auf Ihrer Website an, um das Vertrauen der Kunden zu st\u00e4rken und Ihre Produkte und Dienstleistungen f\u00fcr Ihr Publikum verlockend erscheinen zu lassen.<\/li><\/ul><\/div><div class=\"application-platform-content-item-features application-platform-content-item\" id=\"features\" data-nav-section=\"features\"><h2>Funktionen<\/h2><p>Die wertvollsten Vorteile unseres Widgets, die es zur wertvollsten Erweiterung f\u00fcr die Einrichtung auf Joomla machen:<\/p><ul><li>Feed- oder Testimonials-Typ der Pr\u00e4sentation;<\/li><li>Widget festlegen H\u00f6he oder lassen Sie es an die H\u00f6he des Inhalts anpassbar;<\/li><li>Retweets-Anzeige im Feed;<\/li><li>Ein spezielles Symbol zum Markieren verifizierter Konten;<\/li><li>Retweet-Anzahl, wie z. B. Einz\u00e4hlung Tweets.<\/li><\/ul><p><a href=\"#demo\">Eine vollst\u00e4ndige Liste der Vorteile der kostenlosen Demo<\/a><\/p><\/div><div class=\"application-platform-content-item-installation application-platform-content-item\" id=\"installation\" data-nav-section=\"installation\"> <h2>So f\u00fcgen Sie das Twitter-Feed-Modul zu Joomla hinzu<\/h2><div class=\"video-container\"><iframe src=\"https:\/\/www.youtube.com\/embed\/rXohOsVQkbY\" width=\"720\" height=\"405\" frameborder=\"0\" allowfullscreen=\"allowfullscreen\"><\/iframe><\/div><p>F\u00fchren Sie einfach die unten aufgef\u00fchrten Schritte aus, um die Erweiterung in Joomla zu integrieren.<\/p> <ol><li><b>F\u00fchren Sie unseren kostenlosen Konfigurator aus und beginnen Sie mit dem Aufbau Ihres ma\u00dfgeschneiderten Instruments. <\/b><br> Geben Sie die bevorzugte Schnittstelle und die Eigenschaften des Plugins an und \u00fcbernehmen Sie die \u00c4nderungen. <\/li> <li><b>Sie erhalten Ihren individuellen Code in der Box von Elfsight Apps. <\/b><br> Kopieren Sie unmittelbar nach der Anpassung Ihres Twitter-Feed-Widgets den pers\u00f6nlichen Code in das angezeigte Feld und speichern Sie ihn zur sp\u00e4teren Verwendung. <\/li> <li><b>Initiieren Sie die Nutzung der Erweiterung auf der Joomla-Site. <\/b><br> Implementieren Sie den zuletzt gespeicherten Code in Ihre Website und speichern Sie die Anpassungen. <\/li> <li><b>Die Installation wurde erfolgreich durchgef\u00fchrt. <\/b><br> Besuchen Sie Ihre Website, um die Arbeit der Erweiterung zu sehen. <\/li><\/ol><p>Sind bei der Integration des Moduls Probleme oder Fragen aufgetreten? Schreiben Sie unserem Support-Team mit einer ausf\u00fchrlichen Erl\u00e4uterung Ihres Problems. Unser Team wird sein Bestes tun, um Ihnen zu helfen. Alternativ kann es hilfreich sein, ein <a href=\"https:\/\/elfsight.com\/tutorials\/how-to-add-twitter-feed-extension-to-joomla\/\" target=\"_blank\" rel=\"noopener noreferrer\">ausf\u00fchrliches Tutorial<\/a>.<\/p><\/div><div class=\"faq\" data-component=\"FAQ\"><div class=\"faq-item\">\r\n\t\t\t\t\t<div class=\"faq-item-question\">\r\n\t\t\t\t\t\t<h3 class=\"faq-item-question-text\">Gibt es eine Option zum Hinzuf\u00fcgen eines Twitter-Feeds zu meiner Joomla-Webseite ohne Programmierkenntnisse?<\/h3>\r\n\r\n\t\t\t\t\t\t<div class=\"faq-item-question-icon\"><\/div>\r\n\t\t\t\t\t<\/div>\r\n\r\n\t\t\t\t\t<div class=\"faq-item-answer\">\r\n\t\t\t\t\t\t<div class=\"faq-item-answer-text\"><p>Das Unternehmen Elfsight stellt eine L\u00f6sung vor, mit der Benutzer selbst ein Twitter-Feed-Widget erstellen k\u00f6nnen. Sehen Sie sich die einfache Anleitung an:<\/p><ul><li>Gehen Sie zur Online-Demo, um eine Twitter-Feed-App zu erstellen, die Sie zu Ihrem Joomla hinzuf\u00fcgen m\u00f6chten.<\/li><li>W\u00e4hlen Sie eine der vorgefertigten Vorlagen aus und passen Sie die Twitter-Feed-Einstellungen an. \u00c4ndern Sie das Layout und das Farbschema und f\u00fcgen Sie Ihre Inhalte ohne Programmiererfahrung ein.<\/li><li>Speichern Sie die von Ihnen vorgenommenen Einstellungen im Twitter-Feed und erhalten Sie Installationscode, den Sie einfach und kostenlos in die Joomla-Homepage einbetten k\u00f6nnen. <\/li><\/ul><p>Mit dem unkomplizierten Konfigurator kann jeder Webbenutzer online ein Twitter-Feed-Widget erstellen und es problemlos in jede Joomla-Homepage integrieren. F\u00fcr den Zugang zu unserem Service ist keine Zahlung oder Offenlegung Ihrer Kartendaten erforderlich. Sollten bei irgendeinem Schritt Probleme auftreten, wenden Sie sich bitte an unser technisches Support-Team.<\/p><\/div>\r\n\t\t\t\t\t<\/div>\r\n\t\t\t\t<\/div><\/div>\n","protected":false},"excerpt":{"rendered":"","protected":false},"author":9,"featured_media":0,"parent":771,"menu_order":0,"comment_status":"closed","ping_status":"closed","template":"templates\/template-application-platform.php","meta":{"publish_to_discourse":"","publish_post_category":"","wpdc_auto_publish_overridden":"","wpdc_topic_tags":"","wpdc_pin_topic":"","wpdc_pin_until":"","discourse_post_id":"","discourse_permalink":"","wpdc_publishing_response":"","wpdc_publishing_error":"","footnotes":""},"class_list":["post-10762","page","type-page","status-publish","hentry"],"yoast_head":"<!-- This site is optimized with the Yoast SEO plugin v25.3.1 - https:\/\/yoast.com\/wordpress\/plugins\/seo\/ -->\n<title>Joomla Twitter-Feed-Modul \u2013 Twitter zu Joomla hinzuf\u00fcgen (einfach und schnell)<\/title>\n<meta name=\"description\" content=\"Generieren Sie Ihre ma\u00dfgeschneiderte Twitter-Feed-Erweiterung f\u00fcr Joomla. Testen Sie das schnellste Panel zur Widget-Erstellung von Elfsight v\u00f6llig kostenlos.\" \/>\n<meta name=\"robots\" content=\"index, follow, max-snippet:-1, max-image-preview:large, max-video-preview:-1\" \/>\n<link rel=\"canonical\" href=\"https:\/\/elfsight.com\/de\/twitter-feed-widget\/joomla\/\" \/>\n<meta property=\"og:locale\" content=\"de_DE\" \/>\n<meta property=\"og:type\" content=\"article\" \/>\n<meta property=\"og:title\" content=\"Joomla Twitter-Feed-Modul \u2013 Twitter zu Joomla hinzuf\u00fcgen (einfach und schnell)\" \/>\n<meta property=\"og:description\" content=\"Generieren Sie Ihre ma\u00dfgeschneiderte Twitter-Feed-Erweiterung f\u00fcr Joomla. Testen Sie das schnellste Panel zur Widget-Erstellung von Elfsight v\u00f6llig kostenlos.\" \/>\n<meta property=\"og:url\" content=\"https:\/\/elfsight.com\/de\/twitter-feed-widget\/joomla\/\" \/>\n<meta property=\"og:site_name\" content=\"Elfsight DE\" \/>\n<meta property=\"article:modified_time\" content=\"2025-02-13T16:45:29+00:00\" \/>\n<meta name=\"twitter:card\" content=\"summary_large_image\" \/>\n<meta name=\"twitter:label1\" content=\"Gesch\u00e4tzte Lesezeit\" \/>\n\t<meta name=\"twitter:data1\" content=\"4\u00a0Minuten\" \/>\n<!-- \/ Yoast SEO plugin. -->","yoast_head_json":{"title":"Joomla Twitter-Feed-Modul \u2013 Twitter zu Joomla hinzuf\u00fcgen (einfach und schnell)","description":"Generieren Sie Ihre ma\u00dfgeschneiderte Twitter-Feed-Erweiterung f\u00fcr Joomla. Testen Sie das schnellste Panel zur Widget-Erstellung von Elfsight v\u00f6llig kostenlos.","robots":{"index":"index","follow":"follow","max-snippet":"max-snippet:-1","max-image-preview":"max-image-preview:large","max-video-preview":"max-video-preview:-1"},"canonical":"https:\/\/elfsight.com\/de\/twitter-feed-widget\/joomla\/","og_locale":"de_DE","og_type":"article","og_title":"Joomla Twitter-Feed-Modul \u2013 Twitter zu Joomla hinzuf\u00fcgen (einfach und schnell)","og_description":"Generieren Sie Ihre ma\u00dfgeschneiderte Twitter-Feed-Erweiterung f\u00fcr Joomla. Testen Sie das schnellste Panel zur Widget-Erstellung von Elfsight v\u00f6llig kostenlos.","og_url":"https:\/\/elfsight.com\/de\/twitter-feed-widget\/joomla\/","og_site_name":"Elfsight DE","article_modified_time":"2025-02-13T16:45:29+00:00","twitter_card":"summary_large_image","twitter_misc":{"Gesch\u00e4tzte Lesezeit":"4\u00a0Minuten"},"schema":{"@context":"https:\/\/schema.org","@graph":[{"@type":"WebPage","@id":"https:\/\/elfsight.com\/de\/twitter-feed-widget\/joomla\/","url":"https:\/\/elfsight.com\/de\/twitter-feed-widget\/joomla\/","name":"Joomla Twitter-Feed-Modul \u2013 Twitter zu Joomla hinzuf\u00fcgen (einfach und schnell)","isPartOf":{"@id":"https:\/\/elfsight.com\/de\/#website"},"datePublished":"1970-01-01T00:00:00+00:00","dateModified":"2025-02-13T16:45:29+00:00","description":"Generieren Sie Ihre ma\u00dfgeschneiderte Twitter-Feed-Erweiterung f\u00fcr Joomla. Testen Sie das schnellste Panel zur Widget-Erstellung von Elfsight v\u00f6llig kostenlos.","breadcrumb":{"@id":"https:\/\/elfsight.com\/de\/twitter-feed-widget\/joomla\/#breadcrumb"},"inLanguage":"de","potentialAction":[{"@type":"ReadAction","target":["https:\/\/elfsight.com\/de\/twitter-feed-widget\/joomla\/"]}]},{"@type":"BreadcrumbList","@id":"https:\/\/elfsight.com\/de\/twitter-feed-widget\/joomla\/#breadcrumb","itemListElement":[{"@type":"ListItem","position":1,"name":"Home","item":"https:\/\/elfsight.com\/de\/"},{"@type":"ListItem","position":2,"name":"Twitter Feed","item":"https:\/\/elfsight.com\/de\/twitter-feed-widget\/"},{"@type":"ListItem","position":3,"name":"Twitter Feed &#8211; Joomla"}]},{"@type":"WebSite","@id":"https:\/\/elfsight.com\/de\/#website","url":"https:\/\/elfsight.com\/de\/","name":"Elfsight DE","description":"Just another Elfsight Sites site","potentialAction":[{"@type":"SearchAction","target":{"@type":"EntryPoint","urlTemplate":"https:\/\/elfsight.com\/de\/?s={search_term_string}"},"query-input":{"@type":"PropertyValueSpecification","valueRequired":true,"valueName":"search_term_string"}}],"inLanguage":"de"}]}},"meta_box":{"industry":"","seo_heading":"","heading":"","description":"","cta_heading":"","cta_description":"","application":"472","h1":"Joomla Twitter-Feed-Modul","h1_caption":"Betten Sie Tweets von Ihrem Twitter-Konto oder per Hashtag ein, um Ihre Besucher m\u00fchelos mit Echtzeitinhalten auf Ihrer Joomla-Website auf dem Laufenden zu halten.","application_category":[],"applications_title":"","applications_request_title":"","applications_request_button_text":"","hero_text":"","hero_video":"","hero_video_schema_markup":"","selling_points_title":"","selling_points_caption":"","selling_points":[],"selling_points_cta_text":"","features_title":"","features":"","ed_cta_examples_text":"","ed_cta_examples_hidden":"","ed_cta_demo_text":"","ed_cta_demo_hidden":"","why_caption":"","why_editor_title":"","why_editor_text":"","why_team_title":"","why_team_text":"","why_service_title":"","why_service_text":"","template_catalog_visible":"0","template_catalog_title":"","template_catalog_text":"","template_catalog_categories_visible":"","demo_title":"Erstellen Sie Ihr Twitter-Feed-Plugin","demo_caption":"Konfigurieren Sie Ihren Twitter-Feed und f\u00fcgen Sie ihn kostenlos zu Ihrer Joomla-Website hinzu!","default_faq_hidden":"","app_template_category":[],"platform":"259","template_public_id":"","codecanyon_url":"","codecanyon_item_id":"","codecanyon_price":"","pricing_caption":"","pricing_elfsight_apps_hide_column":"","pricing_elfsight_apps_url":"","pricing_codecanyon_price_caption":"","integration_category":[],"integration_request_title":"","integration_request_cta":"","integration_platform":"","integrations":[],"platform_category":[],"video_schema_markup":"","price":"ab 0 $ \/ Monat","trial":"","benefits":[{"text":"Kostenlose Installationshilfe"},{"text":"Erfahrener Kundensupport"},{"text":"14-t\u00e4gige R\u00fcckerstattungsgarantie"},{"text":"Regelm\u00e4\u00dfige kostenlose Updates"}],"button_url":"#demo","button_target_blank":"0","button_nofollow":"0","attributes":[{"name":"Installiert","content":"10,000 - 100,000"},{"name":"Reaktionsfreudig","content":"Ja"},{"name":"Kompatible Browser","content":"Firefox, Safari, Opera, Chrome, Edge"}],"tags":[],"tags_disable_links":"0","hide_more_platforms":"0","video_object":"","demo_hide_cta":"0","demo_hide_cloud_options":"0","pricing_title":"","pricing":[{"pricing_icon":"platform","pricing_title":"Elfsight Apps","pricing_title_caption":"Plattformunabh\u00e4ngige L\u00f6sung, die f\u00fcr jede Website geeignet ist","pricing_price":"ab 0 $ \/ Monat","pricing_price_caption":"Beginnen Sie mit einem kostenlosen Plan","pricing_benefits":[{"text":"Unbegrenzte Domains"},{"text":"Professionelle und p\u00fcnktliche Unterst\u00fctzung"},{"text":"Kostenloser Installationsservice"},{"text":"Tolles Angebot f\u00fcr mehrere Apps"}],"pricing_button_text":"Zur Website hinzuf\u00fcgen","pricing_button_url":"#demo"}],"related_apps_title":"","related_apps_hidden":"0","author":"","image":[],"title":"","job":"","social_networks":[]},"_links":{"self":[{"href":"https:\/\/elfsight.com\/de\/wp-json\/wp\/v2\/pages\/10762","targetHints":{"allow":["GET"]}}],"collection":[{"href":"https:\/\/elfsight.com\/de\/wp-json\/wp\/v2\/pages"}],"about":[{"href":"https:\/\/elfsight.com\/de\/wp-json\/wp\/v2\/types\/page"}],"author":[{"embeddable":true,"href":"https:\/\/elfsight.com\/de\/wp-json\/wp\/v2\/users\/9"}],"replies":[{"embeddable":true,"href":"https:\/\/elfsight.com\/de\/wp-json\/wp\/v2\/comments?post=10762"}],"version-history":[{"count":4,"href":"https:\/\/elfsight.com\/de\/wp-json\/wp\/v2\/pages\/10762\/revisions"}],"predecessor-version":[{"id":24122,"href":"https:\/\/elfsight.com\/de\/wp-json\/wp\/v2\/pages\/10762\/revisions\/24122"}],"up":[{"embeddable":true,"href":"https:\/\/elfsight.com\/de\/wp-json\/wp\/v2\/pages\/771"}],"wp:attachment":[{"href":"https:\/\/elfsight.com\/de\/wp-json\/wp\/v2\/media?parent=10762"}],"curies":[{"name":"wp","href":"https:\/\/api.w.org\/{rel}","templated":true}]}}