{"id":10761,"date":"1970-01-01T00:00:00","date_gmt":"1970-01-01T00:00:00","guid":{"rendered":"https:\/\/elfsight.com\/de\/?page_id=10761"},"modified":"2025-02-14T05:06:19","modified_gmt":"2025-02-14T05:06:19","slug":"wix","status":"publish","type":"page","link":"https:\/\/elfsight.com\/de\/twitter-feed-widget\/wix\/","title":{"rendered":"Twitter Feed &#8211; Wix"},"content":{"rendered":"\n<div class=\"application-platform-content-item-description application-platform-content-item\" id=\"description\" data-nav-section=\"description\"><h2>Beschreibung<\/h2><p>Mit Elfsight Twitter Feed ist es \u00fcberraschend einfach, Twitter-Feeds oder gesammelte Tweets auf Ihrer Website von Wix zu platzieren. Steigern Sie das Besucherengagement und st\u00e4rken Sie das Kundenvertrauen, indem Sie Ihre Twitter-Timeline anzeigen oder Tweets mit Kundenstimmen zu Ihren Produkten oder Dienstleistungen pr\u00e4sentieren. Die besten Vorteile des Twitter-Feeds von Elfsight f\u00fcr Ihre Website sind vordefinierte Vorlagen f\u00fcr alle m\u00f6glichen Anwendungsf\u00e4lle und verschiedene Parameter sowie ein anpassbares Design.<\/p><p><b>Machen Sie Ihre Website f\u00fcr Besucher absolut ansprechend und vertrauensw\u00fcrdig<\/b><\/p><ul><li><b>Besucher auf der Seite halten<\/b>.<br>Halten Sie Ihr Publikum l\u00e4nger auf Ihrer Website, indem Sie es mit einzelnen Tweets zu verwandten Themen ansprechen oder es in Ihr Twitter einbeziehen -gef\u00f6rderte Veranstaltungen.<\/li><li><b>Erhalten Sie mehr Follower<\/b>.<br>Mit dem interaktiven Twitter-Feed von Elfsight k\u00f6nnen Kunden Ihr Konto direkt von Ihrer Website aus abonnieren. Sie k\u00f6nnen eine weitere Quelle von Followern nutzen und Ihre Twitter-Community vergr\u00f6\u00dfern.<\/li><li><b>Solider sozialer Beweis f\u00fcr st\u00e4rkeres Vertrauen<\/b>.<br>Zeigen Sie Ihr frisches und unterhaltsames Twitter-Profil an, um Kunden zu \u00fcberzeugen, dass Ihr Unternehmen ist betriebsbereit und Sie sind offen f\u00fcr Kommunikation und n\u00e4her an Ihren Kunden.<\/li><\/ul><\/div><div class=\"application-platform-content-item-features application-platform-content-item\" id=\"features\" data-nav-section=\"features\"><h2>Funktionen<\/h2><p>Am meisten Wertvolle Eigenschaften unseres Widgets, die es zur besten App zum Hinzuf\u00fcgen von Twitter auf einer Wix-Website machen:<\/p><ul><li>Feed- oder Testimonials-Typ der Pr\u00e4sentation;<\/li><li>Widget-Breite festlegen oder erstellen in voller Breite;<\/li><li>Sch\u00f6ne Vorschau-Links in Tweets;<\/li><li>Tweet \u00f6ffnet sich durch Klicken auf das Twitter-Symbol;<\/li><li>Tweet-Textformatierung, Anzeige von Foto- und Videoinhalten.<\/li><\/ul><p><a href=\"#demo\">Probieren Sie es in allen Details aus<\/a><\/p><\/div><div class=\"application-platform-content-item-installation application-platform-content-item\" id=\"installation\" data-nav-section=\"installation\"><h2>So f\u00fcgen Sie Twitter hinzu Feed zur Wix-Website<\/h2><div class=\"video-container\"><iframe width=\"560\" height=\"315\" src=\"https:\/\/www.youtube.com\/embed\/ybCzswnA5EA?si=zD-UMNI5yXUW8YOM\" frameborder=\"0\" allow=\"accelerometer; autoplay; clipboard-write; encrypted-media; gyroscope; picture-in-picture; web-share\" allowfullscreen><\/iframe><\/div><p>Eine kurze Anleitung zum Einrichten des Twitter-Widgets selbst, ohne Kenntnisse in der Webentwicklung oder die Suche nach einem Programmierer. Die ungef\u00e4hre Installationszeit betr\u00e4gt etwa 2 Minuten.<\/p><ol><li><b>Erstellen Sie Ihre individuelle Twitter-App.<\/b>.<br>Mit unserem kostenlosen Editor ein Widget mit den gew\u00fcnschten Vorlagen und Funktionen.<\/li><li><b>Holen Sie sich einen Code f\u00fcr die Integration der App.<\/b>.<br>Nach der Widget-Erstellung Holen Sie sich einen Code f\u00fcr das Twitter-Widget aus der Popup-Benachrichtigung auf Elfsight Apps.<\/li><li><b>Zeigen Sie die App auf der Wix-Website an.<\/b>.<br>Zeigen Sie das Widget an der gew\u00fcnschten Stelle der Website an und speichern Sie die \u00c4nderungen.<\/li><li><b>Die Integration ist erfolgreich!<\/b>.<br>Betreten Sie Ihre Website von Wix, um Ihre App zu \u00fcberpr\u00fcfen.<\/li><\/ol><p>Haben Sie Probleme bei der Installation oder Konfiguration der App? Sehen Sie sich den <a href=\"https:\/\/elfsight.com\/tutorials\/how-to-add-twitter-feed-app-to-wix\/\" target=\"_blank\" rel=\"noopener noreferrer\">detaillierten Artikel<\/a> oder senden Sie eine Anfrage an unser Support Center.<\/p><\/div><div class=\"faq\" data-component=\"FAQ\"><div class=\"faq-item\">\r\n\t\t\t\t\t<div class=\"faq-item-question\">\r\n\t\t\t\t\t\t<h3 class=\"faq-item-question-text\">Gibt es eine M\u00f6glichkeit, Twitter-Feeds zu meiner Wix-Website hinzuzuf\u00fcgen, ohne Programmierkenntnisse?<\/h3>\r\n\r\n\t\t\t\t\t\t<div class=\"faq-item-question-icon\"><\/div>\r\n\t\t\t\t\t<\/div>\r\n\r\n\t\t\t\t\t<div class=\"faq-item-answer\">\r\n\t\t\t\t\t\t<div class=\"faq-item-answer-text\"> Ein Abschnitt, den Sie bei Wix einbinden m\u00f6chten.<\/li><li>Klicken Sie auf eine der vorgefertigten Vorlagen und \u00e4ndern Sie die Twitter-Feed-Einstellungen, \u00e4ndern Sie das Layout und die Farben und f\u00fcgen Sie Ihre Inhalte ohne Codierung ein.<\/li><li>Klicken Sie hier, um die Einstellungen, die Sie im Twitter-Feed vorgenommen haben, zu speichern und den Widget-Code f\u00fcr die Installation zu erhalten, den Sie problemlos in die Website von Wix einbinden k\u00f6nnen, ohne ein kostenpflichtiges Abonnement kaufen zu m\u00fcssen.<\/li><\/ul><p>Mit dem Mit dem unkomplizierten Editor kann jeder Internetnutzer einen Twitter-Feed online erstellen und ihn m\u00fchelos zur Website von Wix hinzuf\u00fcgen. Sie m\u00fcssen weder bezahlen noch Ihre Kartendaten preisgeben, um Elfsight Editor zu betreten. Sollten Sie auf Hindernisse jeglicher Art sto\u00dfen, wenden Sie sich bitte an unseren technischen Support.<\/p><\/div>\r\n\t\t\t\t\t<\/div>\r\n\t\t\t\t<\/div><\/div>\n","protected":false},"excerpt":{"rendered":"","protected":false},"author":9,"featured_media":0,"parent":771,"menu_order":0,"comment_status":"closed","ping_status":"closed","template":"templates\/template-application-platform.php","meta":{"publish_to_discourse":"","publish_post_category":"","wpdc_auto_publish_overridden":"","wpdc_topic_tags":"","wpdc_pin_topic":"","wpdc_pin_until":"","discourse_post_id":"","discourse_permalink":"","wpdc_publishing_response":"","wpdc_publishing_error":"","footnotes":""},"class_list":["post-10761","page","type-page","status-publish","hentry"],"yoast_head":"<!-- This site is optimized with the Yoast SEO plugin v25.3.1 - https:\/\/yoast.com\/wordpress\/plugins\/seo\/ -->\n<title>Wix Twitter Feed \u2013 Twitter-App zur Wix-Website hinzuf\u00fcgen (in 2 Minuten)<\/title>\n<meta name=\"description\" content=\"Holen Sie sich in nur 2 Minuten Ihre personalisierte Twitter-Feed-App f\u00fcr Wix. Testen Sie das schnellste Panel zur Widget-Erstellung von Elfsight v\u00f6llig kostenlos.\" \/>\n<meta name=\"robots\" content=\"index, follow, max-snippet:-1, max-image-preview:large, max-video-preview:-1\" \/>\n<link rel=\"canonical\" href=\"https:\/\/elfsight.com\/de\/twitter-feed-widget\/wix\/\" \/>\n<meta property=\"og:locale\" content=\"de_DE\" \/>\n<meta property=\"og:type\" content=\"article\" \/>\n<meta property=\"og:title\" content=\"Wix Twitter Feed \u2013 Twitter-App zur Wix-Website hinzuf\u00fcgen (in 2 Minuten)\" \/>\n<meta property=\"og:description\" content=\"Holen Sie sich in nur 2 Minuten Ihre personalisierte Twitter-Feed-App f\u00fcr Wix. Testen Sie das schnellste Panel zur Widget-Erstellung von Elfsight v\u00f6llig kostenlos.\" \/>\n<meta property=\"og:url\" content=\"https:\/\/elfsight.com\/de\/twitter-feed-widget\/wix\/\" \/>\n<meta property=\"og:site_name\" content=\"Elfsight DE\" \/>\n<meta property=\"article:modified_time\" content=\"2025-02-14T05:06:19+00:00\" \/>\n<meta name=\"twitter:card\" content=\"summary_large_image\" \/>\n<meta name=\"twitter:label1\" content=\"Gesch\u00e4tzte Lesezeit\" \/>\n\t<meta name=\"twitter:data1\" content=\"3\u00a0Minuten\" \/>\n<!-- \/ Yoast SEO plugin. -->","yoast_head_json":{"title":"Wix Twitter Feed \u2013 Twitter-App zur Wix-Website hinzuf\u00fcgen (in 2 Minuten)","description":"Holen Sie sich in nur 2 Minuten Ihre personalisierte Twitter-Feed-App f\u00fcr Wix. Testen Sie das schnellste Panel zur Widget-Erstellung von Elfsight v\u00f6llig kostenlos.","robots":{"index":"index","follow":"follow","max-snippet":"max-snippet:-1","max-image-preview":"max-image-preview:large","max-video-preview":"max-video-preview:-1"},"canonical":"https:\/\/elfsight.com\/de\/twitter-feed-widget\/wix\/","og_locale":"de_DE","og_type":"article","og_title":"Wix Twitter Feed \u2013 Twitter-App zur Wix-Website hinzuf\u00fcgen (in 2 Minuten)","og_description":"Holen Sie sich in nur 2 Minuten Ihre personalisierte Twitter-Feed-App f\u00fcr Wix. Testen Sie das schnellste Panel zur Widget-Erstellung von Elfsight v\u00f6llig kostenlos.","og_url":"https:\/\/elfsight.com\/de\/twitter-feed-widget\/wix\/","og_site_name":"Elfsight DE","article_modified_time":"2025-02-14T05:06:19+00:00","twitter_card":"summary_large_image","twitter_misc":{"Gesch\u00e4tzte Lesezeit":"3\u00a0Minuten"},"schema":{"@context":"https:\/\/schema.org","@graph":[{"@type":"WebPage","@id":"https:\/\/elfsight.com\/de\/twitter-feed-widget\/wix\/","url":"https:\/\/elfsight.com\/de\/twitter-feed-widget\/wix\/","name":"Wix Twitter Feed \u2013 Twitter-App zur Wix-Website hinzuf\u00fcgen (in 2 Minuten)","isPartOf":{"@id":"https:\/\/elfsight.com\/de\/#website"},"datePublished":"1970-01-01T00:00:00+00:00","dateModified":"2025-02-14T05:06:19+00:00","description":"Holen Sie sich in nur 2 Minuten Ihre personalisierte Twitter-Feed-App f\u00fcr Wix. Testen Sie das schnellste Panel zur Widget-Erstellung von Elfsight v\u00f6llig kostenlos.","breadcrumb":{"@id":"https:\/\/elfsight.com\/de\/twitter-feed-widget\/wix\/#breadcrumb"},"inLanguage":"de","potentialAction":[{"@type":"ReadAction","target":["https:\/\/elfsight.com\/de\/twitter-feed-widget\/wix\/"]}]},{"@type":"BreadcrumbList","@id":"https:\/\/elfsight.com\/de\/twitter-feed-widget\/wix\/#breadcrumb","itemListElement":[{"@type":"ListItem","position":1,"name":"Home","item":"https:\/\/elfsight.com\/de\/"},{"@type":"ListItem","position":2,"name":"Twitter Feed","item":"https:\/\/elfsight.com\/de\/twitter-feed-widget\/"},{"@type":"ListItem","position":3,"name":"Twitter Feed &#8211; Wix"}]},{"@type":"WebSite","@id":"https:\/\/elfsight.com\/de\/#website","url":"https:\/\/elfsight.com\/de\/","name":"Elfsight DE","description":"Just another Elfsight Sites site","potentialAction":[{"@type":"SearchAction","target":{"@type":"EntryPoint","urlTemplate":"https:\/\/elfsight.com\/de\/?s={search_term_string}"},"query-input":{"@type":"PropertyValueSpecification","valueRequired":true,"valueName":"search_term_string"}}],"inLanguage":"de"}]}},"meta_box":{"industry":"","seo_heading":"","heading":"","description":"","cta_heading":"","cta_description":"","application":"472","h1":"Wix Twitter-Feed-App","h1_caption":"Betten Sie Tweets von Ihrem Twitter-Konto oder per Hashtag ein, um Ihre Besucher m\u00fchelos mit Echtzeitinhalten auf Ihrer Wix-Website auf dem Laufenden zu halten.","application_category":[],"applications_title":"","applications_request_title":"","applications_request_button_text":"","hero_text":"","hero_video":"","hero_video_schema_markup":"","selling_points_title":"","selling_points_caption":"","selling_points":[],"selling_points_cta_text":"","features_title":"","features":"","ed_cta_examples_text":"","ed_cta_examples_hidden":"","ed_cta_demo_text":"","ed_cta_demo_hidden":"","why_caption":"","why_editor_title":"","why_editor_text":"","why_team_title":"","why_team_text":"","why_service_title":"","why_service_text":"","template_catalog_visible":"0","template_catalog_title":"","template_catalog_text":"","template_catalog_categories_visible":"","demo_title":"Erstellen Sie Ihre Twitter-Feed-App","demo_caption":"Konfigurieren Sie Ihren Twitter-Feed und f\u00fcgen Sie ihn kostenlos zu Ihrer Wix-Website hinzu!","default_faq_hidden":"","app_template_category":[],"platform":"265","template_public_id":"","codecanyon_url":"","codecanyon_item_id":"","codecanyon_price":"","pricing_caption":"","pricing_elfsight_apps_hide_column":"","pricing_elfsight_apps_url":"","pricing_codecanyon_price_caption":"","integration_category":[],"integration_request_title":"","integration_request_cta":"","integration_platform":"","integrations":[],"platform_category":[],"video_schema_markup":"","price":"ab 0 $ \/ Monat","trial":"","benefits":[{"text":"Kostenloser Installationsservice"},{"text":"Au\u00dfergew\u00f6hnliche Unterst\u00fctzung"},{"text":"14-t\u00e4gige Geld-zur\u00fcck-Garantie"},{"text":"Regelm\u00e4\u00dfige Verbesserungen"}],"button_url":"#demo","button_target_blank":"0","button_nofollow":"0","attributes":[{"name":"Installiert","content":"10,000 - 100,000"},{"name":"Reaktionsfreudig","content":"Ja"},{"name":"Kompatible Browser","content":"Firefox, Safari, Opera, Chrome, Edge"}],"tags":[],"tags_disable_links":"0","hide_more_platforms":"0","video_object":"","demo_hide_cta":"0","demo_hide_cloud_options":"0","pricing_title":"","pricing":[{"pricing_icon":"platform","pricing_title":"Wix app","pricing_title_caption":"Multiplattform-L\u00f6sung, die auf jeder Website funktioniert","pricing_price":"ab 0 $ \/ Monat","pricing_price_caption":"Beginnen Sie mit einem kostenlosen Plan","pricing_benefits":[{"text":"Unbegrenzte Anzahl an Domains"},{"text":"Professioneller Kundensupport"},{"text":"Kostenlose Installationsunterst\u00fctzung"},{"text":"Sonderangebot f\u00fcr mehrere Apps"}],"pricing_button_text":"Zur Website hinzuf\u00fcgen","pricing_button_url":"#demo"}],"related_apps_title":"","related_apps_hidden":"0","author":"","image":[],"title":"","job":"","social_networks":[]},"_links":{"self":[{"href":"https:\/\/elfsight.com\/de\/wp-json\/wp\/v2\/pages\/10761","targetHints":{"allow":["GET"]}}],"collection":[{"href":"https:\/\/elfsight.com\/de\/wp-json\/wp\/v2\/pages"}],"about":[{"href":"https:\/\/elfsight.com\/de\/wp-json\/wp\/v2\/types\/page"}],"author":[{"embeddable":true,"href":"https:\/\/elfsight.com\/de\/wp-json\/wp\/v2\/users\/9"}],"replies":[{"embeddable":true,"href":"https:\/\/elfsight.com\/de\/wp-json\/wp\/v2\/comments?post=10761"}],"version-history":[{"count":4,"href":"https:\/\/elfsight.com\/de\/wp-json\/wp\/v2\/pages\/10761\/revisions"}],"predecessor-version":[{"id":24140,"href":"https:\/\/elfsight.com\/de\/wp-json\/wp\/v2\/pages\/10761\/revisions\/24140"}],"up":[{"embeddable":true,"href":"https:\/\/elfsight.com\/de\/wp-json\/wp\/v2\/pages\/771"}],"wp:attachment":[{"href":"https:\/\/elfsight.com\/de\/wp-json\/wp\/v2\/media?parent=10761"}],"curies":[{"name":"wp","href":"https:\/\/api.w.org\/{rel}","templated":true}]}}