{"id":10756,"date":"1970-01-01T00:00:00","date_gmt":"1970-01-01T00:00:00","guid":{"rendered":"https:\/\/elfsight.com\/de\/?page_id=10756"},"modified":"2025-02-13T16:44:18","modified_gmt":"2025-02-13T16:44:18","slug":"elementor","status":"publish","type":"page","link":"https:\/\/elfsight.com\/de\/twitter-feed-widget\/elementor\/","title":{"rendered":"Twitter Feed &#8211; Elementor"},"content":{"rendered":"\n<div class=\"application-platform-content-item-description application-platform-content-item\" id=\"description\" data-nav-section=\"description\"><h2>Twitter-Feed auf Elementor mit dem Elfsight-Widget einbetten<\/h2><p>Mit Hilfe des Elfsight Twitter-Feeds ist es ganz einfach, Twitter einzubetten Feed oder bestimmte Tweets auf einer WordPress-Website. Steigern Sie das Besucherengagement und st\u00e4rken Sie das Kundenvertrauen, indem Sie eine Twitter-Timeline ver\u00f6ffentlichen oder die Testimonials des Publikums in Tweets zu Ihren Angeboten pr\u00e4sentieren. Die gr\u00f6\u00dften Vorteile des Elfsight-Twitter-Feeds f\u00fcr Ihre Website sind voreingestellte Vorlagen f\u00fcr alle Anwendungsf\u00e4lle und verschiedene Parameter sowie ein anpassbares Design.<\/p><p><b>St\u00e4rken Sie das Engagement Ihrer Website und sorgen Sie daf\u00fcr, dass sie vertrauensw\u00fcrdig aussieht an Ihre Besucher!<\/b><\/p><p><b>Erh\u00f6hen Sie das Engagement<\/b><br> F\u00fcgen Sie fr\u00f6hliche und lebendige Inhalte eines der beliebtesten sozialen Medien auf Ihrer Website hinzu, um die Aufmerksamkeit des Publikums zu erregen. Erzielen Sie ein h\u00f6heres Ma\u00df an Aktivit\u00e4t auf Ihrer Website.<\/p><p><b>Follower erh\u00f6hen<\/b><br> Mit dem interaktiven Twitter-Feed von Elfsight k\u00f6nnen Kunden Ihrem Konto direkt von Ihrer Website aus folgen. So k\u00f6nnen Sie eine weitere Follower-Quelle nutzen und Ihre Twitter-Community vergr\u00f6\u00dfern.<\/p> <p><b>Einwandfreier Social Proof f\u00fcr mehr Vertrauen<\/b><br> Zeigen Sie, wie aktiv Sie Ihr Twitter-Konto betreiben, um Kunden davon zu \u00fcberzeugen Ihr Projekt ist aktiv und Sie m\u00f6chten mit Ihren Besuchern kommunizieren und ihnen n\u00e4her kommen.<\/p> <\/div><div class=\"application-platform-content-item-features application-platform-content-item\" id=\"features\" data-nav-section=\"features\"><h2>Hauptfunktionen des Twitter-Feed-Widgets<\/h2><p>5 Funktionen, die das Elfsight-Widget zu einer hervorragenden Wahl f\u00fcr WordPress-Websites machen:<\/p><ul><li>Testimonial-Tweets mit Sternen bewerten;<\/li><li>Widget-H\u00f6he festlegen oder an die Inhaltsh\u00f6he anpassen lassen;<\/li><li>Retweets-Anzeige im Feed;<\/li><li>Browser-Datencache \u2013 schnelleres Laden mit Widgets auf mehreren Seiten;<\/li><li>Automatische Feed-F\u00e4rbung mit der Themenfarbe Ihres Twitter-Kontos.<\/li><\/ul><p><a href=\"#demo\">Sie k\u00f6nnen alle Funktionen mit dem Live-Editor anzeigen<\/a><\/p><\/div><div class=\"application-platform-content-item-installation application-platform-content-item\" id=\"installation\" data-nav-section=\"installation\"><h2>Wie um Twitter-Feed zur Elementor-Website hinzuzuf\u00fcgen<\/h2><div class=\"video-container\"><iframe width=\"560\" height=\"315\" src=\"https:\/\/www.youtube.com\/embed\/gGmlGZpJ8Zs?si=OQzyr6jggmbgNpnd\" frameborder=\"0\" allow=\"accelerometer; autoplay; clipboard-write; encrypted-media; gyroscope; picture-in-picture; web-share\" allowfullscreen><\/iframe><\/div><p>Hier ist eine Kurzanleitung zum Einbetten des Widgets in eine Website. Es sind keine Programmierkenntnisse erforderlich und es dauert etwa 2 Minuten.<\/p><ol><li><b>Erstellen Sie Ihren benutzerdefinierten Twitter-Feed<\/b><br> Stellen Sie in unserem kostenlosen Editor ein Plugin zusammen und w\u00e4hlen Sie zwischen verschiedenen Einstellungsoptionen.<\/li><li><b>Holen Sie sich Ihren Installationscode, um das Plugin zu ver\u00f6ffentlichen<\/b><br> Nachdem die Widget-Einstellung abgeschlossen ist, kopieren Sie Ihren einzigartigen Installationscode aus der angezeigten Benachrichtigung auf Elfsight Apps.<\/li><li><b>Platzieren Sie das Plugin auf der Elementor-Site<\/b><br> Betten Sie das Plugin auf einer ausgew\u00e4hlten Seite Ihrer Site ein und speichern Sie die \u00c4nderungen.<\/li> <li><b>Sie haben die Installation erfolgreich abgeschlossen <\/b><br> Besuchen Sie Ihre Website, um Ihr Widget zu \u00fcberpr\u00fcfen.<\/li><\/ol><p>Haben Sie Fragen zum Einf\u00fcgen des Plugins oder zum Anpassen seiner Benutzeroberfl\u00e4che? Kontaktieren Sie unser Hilfecenter und wir werden unser Bestes tun, um Sie zu unterst\u00fctzen.<\/p><\/div><div class=\"faq\" data-component=\"FAQ\"><div class=\"faq-item\">\r\n\t\t\t\t\t<div class=\"faq-item-question\">\r\n\t\t\t\t\t\t<h3 class=\"faq-item-question-text\">Wie kann ich einen Twitter-Feed zu meinem Elementor hinzuf\u00fcgen, ohne Programmiererfahrung?<\/h3>\r\n\r\n\t\t\t\t\t\t<div class=\"faq-item-question-icon\"><\/div>\r\n\t\t\t\t\t<\/div>\r\n\r\n\t\t\t\t\t<div class=\"faq-item-answer\">\r\n\t\t\t\t\t\t<div class=\"faq-item-answer-text\"> Ein Widget, das Sie auf der Elementor-Website einbinden m\u00f6chten:<\/li><li>Entscheiden Sie sich f\u00fcr eine der vorgefertigten Vorlagen und passen Sie die Twitter-Feed-Einstellungen an, aktualisieren Sie Ihre Inhalte, \u00e4ndern Sie das Layout und die Farbe der Elemente ohne Programmierkenntnisse.<\/li><li>Speichern Sie den Twitter-Feed und erhalten Sie den Installationscode des Widgets, der problemlos und kostenlos in Ihre Elementor-Site eingebunden werden kann.<\/li><\/ul><p>Mit unserem benutzerfreundlichen Konfigurator kann jeder Internetnutzer erstellen Twitter-Feed und einfach in die Elementor-Homepage einbetten. Es ist nicht erforderlich, zu bezahlen oder Ihre Kartendaten offenzulegen, um Zugang zum Editor zu erhalten. Wenn Sie bei irgendeinem Schritt auf Hindernisse sto\u00dfen, wenden Sie sich an unseren Kundensupport.<\/p><\/div>\r\n\t\t\t\t\t<\/div>\r\n\t\t\t\t<\/div><\/div>\n","protected":false},"excerpt":{"rendered":"","protected":false},"author":9,"featured_media":0,"parent":771,"menu_order":0,"comment_status":"closed","ping_status":"closed","template":"templates\/template-application-platform.php","meta":{"publish_to_discourse":"","publish_post_category":"","wpdc_auto_publish_overridden":"","wpdc_topic_tags":"","wpdc_pin_topic":"","wpdc_pin_until":"","discourse_post_id":"","discourse_permalink":"","wpdc_publishing_response":"","wpdc_publishing_error":"","footnotes":""},"class_list":["post-10756","page","type-page","status-publish","hentry"],"yoast_head":"<!-- This site is optimized with the Yoast SEO plugin v25.3.1 - https:\/\/yoast.com\/wordpress\/plugins\/seo\/ -->\n<title>Twitter-Feed-Widget f\u00fcr die Elementor-Website (2025)<\/title>\n<meta name=\"description\" content=\"F\u00fcgen Sie in wenigen Minuten das Twitter-Feed-Widget zu Ihrer Elementor-Site hinzu. Schnelle und einfache Erstellung diverser Website-Plugins durch Elfsight.\" \/>\n<meta name=\"robots\" content=\"index, follow, max-snippet:-1, max-image-preview:large, max-video-preview:-1\" \/>\n<link rel=\"canonical\" href=\"https:\/\/elfsight.com\/de\/twitter-feed-widget\/elementor\/\" \/>\n<meta property=\"og:locale\" content=\"de_DE\" \/>\n<meta property=\"og:type\" content=\"article\" \/>\n<meta property=\"og:title\" content=\"Twitter-Feed-Widget f\u00fcr die Elementor-Website (2025)\" \/>\n<meta property=\"og:description\" content=\"F\u00fcgen Sie in wenigen Minuten das Twitter-Feed-Widget zu Ihrer Elementor-Site hinzu. Schnelle und einfache Erstellung diverser Website-Plugins durch Elfsight.\" \/>\n<meta property=\"og:url\" content=\"https:\/\/elfsight.com\/de\/twitter-feed-widget\/elementor\/\" \/>\n<meta property=\"og:site_name\" content=\"Elfsight DE\" \/>\n<meta property=\"article:modified_time\" content=\"2025-02-13T16:44:18+00:00\" \/>\n<meta name=\"twitter:card\" content=\"summary_large_image\" \/>\n<meta name=\"twitter:label1\" content=\"Gesch\u00e4tzte Lesezeit\" \/>\n\t<meta name=\"twitter:data1\" content=\"3\u00a0Minuten\" \/>\n<!-- \/ Yoast SEO plugin. -->","yoast_head_json":{"title":"Twitter-Feed-Widget f\u00fcr die Elementor-Website (2025)","description":"F\u00fcgen Sie in wenigen Minuten das Twitter-Feed-Widget zu Ihrer Elementor-Site hinzu. Schnelle und einfache Erstellung diverser Website-Plugins durch Elfsight.","robots":{"index":"index","follow":"follow","max-snippet":"max-snippet:-1","max-image-preview":"max-image-preview:large","max-video-preview":"max-video-preview:-1"},"canonical":"https:\/\/elfsight.com\/de\/twitter-feed-widget\/elementor\/","og_locale":"de_DE","og_type":"article","og_title":"Twitter-Feed-Widget f\u00fcr die Elementor-Website (2025)","og_description":"F\u00fcgen Sie in wenigen Minuten das Twitter-Feed-Widget zu Ihrer Elementor-Site hinzu. Schnelle und einfache Erstellung diverser Website-Plugins durch Elfsight.","og_url":"https:\/\/elfsight.com\/de\/twitter-feed-widget\/elementor\/","og_site_name":"Elfsight DE","article_modified_time":"2025-02-13T16:44:18+00:00","twitter_card":"summary_large_image","twitter_misc":{"Gesch\u00e4tzte Lesezeit":"3\u00a0Minuten"},"schema":{"@context":"https:\/\/schema.org","@graph":[{"@type":"WebPage","@id":"https:\/\/elfsight.com\/de\/twitter-feed-widget\/elementor\/","url":"https:\/\/elfsight.com\/de\/twitter-feed-widget\/elementor\/","name":"Twitter-Feed-Widget f\u00fcr die Elementor-Website (2025)","isPartOf":{"@id":"https:\/\/elfsight.com\/de\/#website"},"datePublished":"1970-01-01T00:00:00+00:00","dateModified":"2025-02-13T16:44:18+00:00","description":"F\u00fcgen Sie in wenigen Minuten das Twitter-Feed-Widget zu Ihrer Elementor-Site hinzu. Schnelle und einfache Erstellung diverser Website-Plugins durch Elfsight.","breadcrumb":{"@id":"https:\/\/elfsight.com\/de\/twitter-feed-widget\/elementor\/#breadcrumb"},"inLanguage":"de","potentialAction":[{"@type":"ReadAction","target":["https:\/\/elfsight.com\/de\/twitter-feed-widget\/elementor\/"]}]},{"@type":"BreadcrumbList","@id":"https:\/\/elfsight.com\/de\/twitter-feed-widget\/elementor\/#breadcrumb","itemListElement":[{"@type":"ListItem","position":1,"name":"Home","item":"https:\/\/elfsight.com\/de\/"},{"@type":"ListItem","position":2,"name":"Twitter Feed","item":"https:\/\/elfsight.com\/de\/twitter-feed-widget\/"},{"@type":"ListItem","position":3,"name":"Twitter Feed &#8211; Elementor"}]},{"@type":"WebSite","@id":"https:\/\/elfsight.com\/de\/#website","url":"https:\/\/elfsight.com\/de\/","name":"Elfsight DE","description":"Just another Elfsight Sites site","potentialAction":[{"@type":"SearchAction","target":{"@type":"EntryPoint","urlTemplate":"https:\/\/elfsight.com\/de\/?s={search_term_string}"},"query-input":{"@type":"PropertyValueSpecification","valueRequired":true,"valueName":"search_term_string"}}],"inLanguage":"de"}]}},"meta_box":{"industry":"","seo_heading":"","heading":"","description":"","cta_heading":"","cta_description":"","application":"472","h1":"Elementor Twitter-Feed","h1_caption":"Betten Sie Tweets von Ihrem Twitter-Konto oder per Hashtag ein, um Ihre Besucher m\u00fchelos mit Echtzeitinhalten auf Ihrer Elementor-Website auf dem Laufenden zu halten.","application_category":[],"applications_title":"","applications_request_title":"","applications_request_button_text":"","hero_text":"","hero_video":"","hero_video_schema_markup":"","selling_points_title":"","selling_points_caption":"","selling_points":[],"selling_points_cta_text":"","features_title":"","features":"","ed_cta_examples_text":"","ed_cta_examples_hidden":"","ed_cta_demo_text":"","ed_cta_demo_hidden":"","why_caption":"","why_editor_title":"","why_editor_text":"","why_team_title":"","why_team_text":"","why_service_title":"","why_service_text":"","template_catalog_visible":"0","template_catalog_title":"","template_catalog_text":"","template_catalog_categories_visible":"","demo_title":"Erstellen Sie Ihr Twitter-Feed-Widget","demo_caption":"Konfigurieren Sie Ihren Twitter-Feed und f\u00fcgen Sie ihn kostenlos zu Ihrer Elementor-Website hinzu!","default_faq_hidden":"","app_template_category":[],"platform":"223","template_public_id":"","codecanyon_url":"","codecanyon_item_id":"","codecanyon_price":"","pricing_caption":"","pricing_elfsight_apps_hide_column":"","pricing_elfsight_apps_url":"","pricing_codecanyon_price_caption":"","integration_category":[],"integration_request_title":"","integration_request_cta":"","integration_platform":"","integrations":[],"platform_category":[],"video_schema_markup":"","price":"ab 0 $ \/ Monat","trial":"","benefits":[{"text":"Kostenlose Installationshilfe"},{"text":"Effektiver Kundenservice"},{"text":"14-t\u00e4gige R\u00fcckerstattungsgarantie"},{"text":"St\u00e4ndige Aktualisierung"}],"button_url":"#demo","button_target_blank":"0","button_nofollow":"0","attributes":[{"name":"Installiert","content":"10,000 - 100,000"},{"name":"Reaktionsfreudig","content":"Ja"},{"name":"Kompatible Browser","content":"Firefox, Safari, Opera, Chrome, Edge"}],"tags":[],"tags_disable_links":"0","hide_more_platforms":"0","video_object":"","demo_hide_cta":"0","demo_hide_cloud_options":"0","pricing_title":"","pricing":[{"pricing_icon":"platform","pricing_title":"Elfsight Apps","pricing_title_caption":"Plattformunabh\u00e4ngige Version","pricing_price":"ab 0 $ \/ Monat","pricing_price_caption":"Beginnen Sie mit einem kostenlosen Plan","pricing_benefits":[{"text":"Unbegrenzte Domains"},{"text":"Schneller Kundensupport"},{"text":"Kostenloser Installationsservice"},{"text":"Tolles Angebot f\u00fcr mehrere Apps"}],"pricing_button_text":"Zur Website hinzuf\u00fcgen","pricing_button_url":"#demo"}],"related_apps_title":"","related_apps_hidden":"0","author":"","image":[],"title":"","job":"","social_networks":[]},"_links":{"self":[{"href":"https:\/\/elfsight.com\/de\/wp-json\/wp\/v2\/pages\/10756","targetHints":{"allow":["GET"]}}],"collection":[{"href":"https:\/\/elfsight.com\/de\/wp-json\/wp\/v2\/pages"}],"about":[{"href":"https:\/\/elfsight.com\/de\/wp-json\/wp\/v2\/types\/page"}],"author":[{"embeddable":true,"href":"https:\/\/elfsight.com\/de\/wp-json\/wp\/v2\/users\/9"}],"replies":[{"embeddable":true,"href":"https:\/\/elfsight.com\/de\/wp-json\/wp\/v2\/comments?post=10756"}],"version-history":[{"count":3,"href":"https:\/\/elfsight.com\/de\/wp-json\/wp\/v2\/pages\/10756\/revisions"}],"predecessor-version":[{"id":24121,"href":"https:\/\/elfsight.com\/de\/wp-json\/wp\/v2\/pages\/10756\/revisions\/24121"}],"up":[{"embeddable":true,"href":"https:\/\/elfsight.com\/de\/wp-json\/wp\/v2\/pages\/771"}],"wp:attachment":[{"href":"https:\/\/elfsight.com\/de\/wp-json\/wp\/v2\/media?parent=10756"}],"curies":[{"name":"wp","href":"https:\/\/api.w.org\/{rel}","templated":true}]}}