{"id":10755,"date":"1970-01-01T00:00:00","date_gmt":"1970-01-01T00:00:00","guid":{"rendered":"https:\/\/elfsight.com\/de\/?page_id=10755"},"modified":"2025-02-13T16:47:22","modified_gmt":"2025-02-13T16:47:22","slug":"iframe","status":"publish","type":"page","link":"https:\/\/elfsight.com\/de\/twitter-feed-widget\/iframe\/","title":{"rendered":"Twitter Feed &#8211; iFrame"},"content":{"rendered":"\n<div class=\"application-platform-content-item-description application-platform-content-item\" id=\"description\" data-nav-section=\"description\"><h2>Twitter-Feed auf iFrame mit dem Elfsight-Widget einbetten<\/h2><p>Mit Elfsight Twitter Feed ist es unglaublich einfach, Twitter-Feeds einzuf\u00fchren oder auszuw\u00e4hlen Tweets auf Ihrer IFrame-Site. Steigern Sie die Benutzereinbindung und st\u00e4rken Sie das Kundenvertrauen, indem Sie Ihre Twitter-Timeline ver\u00f6ffentlichen oder die Tweets mit den Testimonials des Publikums zu Ihren Artikeln pr\u00e4sentieren. Die gr\u00f6\u00dften Vorteile des Elfsight-Twitter-Feeds f\u00fcr Ihre Website sind voreingestellte Vorlagen f\u00fcr alle m\u00f6glichen Anwendungsf\u00e4lle und vielf\u00e4ltigen Parameter sowie ein flexibles Design.<\/p> <p><b>Machen Sie Ihre Website f\u00fcr Kunden maximal ansprechend und vertrauensw\u00fcrdig<\/b><\/p> <p><b>Fesseln Sie Ihr Publikum auf der Website<\/b><br> Halten Sie Ihre Kunden l\u00e4nger auf Ihrer Website, indem Sie einzelne Tweets zu trendigen Themen zeigen oder sie in Ihre von Twitter gef\u00f6rderten Aktivit\u00e4ten einbeziehen. <\/p><p><b>Bewerben Sie Ihr Twitter und Ihre Website gleichzeitig<\/b><br> Ihre Website ist ein zus\u00e4tzliches Tool zur Werbung f\u00fcr Ihr Twitter-Konto, da Retweets und Antworten direkt dort unterst\u00fctzt werden und gleichzeitig die Interaktion st\u00e4rker wird Social Proof auf der Website hilft, die SEO-Bewertung zu verbessern.<\/p><p><b>Erh\u00f6hen Sie das Vertrauen mit Testimonials-Tweets<\/b><br> Finden Sie die besten Kundenreferenzen \u00fcber Ihr Unternehmen auf Twitter und pr\u00e4sentieren Sie sie auf Ihrer Website Erh\u00f6hen Sie das Vertrauen der Kunden und sorgen Sie daf\u00fcr, dass Ihre Angebote f\u00fcr Ihre Benutzer appetitlich aussehen.<\/p><\/div><div class=\"application-platform-content-item-features application-platform-content-item\" id=\"features\" data-nav-section=\"features\"><h2>Hauptfunktionen des Twitter-Feed-Widgets<\/h2><p>Sehen Sie sich die Liste an die wesentlichen Funktionen unseres Plugins. Sie helfen Ihnen dabei, den gr\u00f6\u00dftm\u00f6glichen Nutzen f\u00fcr Ihren Fall zu erzielen:<\/p><ul><li>Testimonial-Tweets mit Sternen bewerten;<\/li><li>Plugin-H\u00f6he festlegen oder an die Inhaltsh\u00f6he anpassen lassen;<\/li> <li>Alle Tweet-Aktionen werden unterst\u00fctzt: Antworten, Retweeten, Liken;<\/li><li>Tweet-\u00d6ffnen auf Twitter-Symbol durch Klicken;<\/li><li>Folgen und Follower z\u00e4hlen im Header.<\/li><\/ul><p><a href=\"#demo\">Sehen Sie sich die Live-Demo an, um alle Funktionen zu sehen<\/a><\/p><\/div><div class=\"application-platform-content-item-installation application-platform-content-item\" id=\"installation\" data-nav-section=\"installation\"><h2>So f\u00fcgen Sie Twitter-Feed hinzu Plugin zur iFrame-Website?<\/h2><p>F\u00fchren Sie einfach diese Schritte aus, um das Plugin auf Ihrer Website zu aktivieren:<\/p><ol><li><b>Erstellen Sie Ihr benutzerdefiniertes Twitter-Plugin<\/b><br> Mit Erstellen Sie mit unserem kostenlosen Editor ein Plugin mit individuellem Layout und funktionalen Merkmalen. <\/li><li><b>Kopieren Sie den pers\u00f6nlichen Code, um das Plugin hinzuzuf\u00fcgen<\/b><br> Nachdem Sie Ihr Plugin konfiguriert haben, erhalten Sie den eindeutigen Code aus der angezeigten Benachrichtigung auf Elfsight Apps. Kopieren Sie den Code. <\/li> <li><b> F\u00fcgen Sie das Plugin in Ihre iFrame-Site ein<\/b><br> W\u00e4hlen Sie die Stelle aus, an der Sie das Plugin hinzuf\u00fcgen m\u00f6chten, und f\u00fcgen Sie dort den gespeicherten Code ein. Speichern Sie die Ergebnisse. <\/li> <li><b>Die Einrichtung ist erfolgreich! <\/b><br> Betreten Sie Ihre Seite, um Ihr Plugin anzuzeigen. <\/li> <\/ol><p>Haben Sie Fragen oder Zweifel? Senden Sie Ihre Anfrage an den Elfsight-Kundendienst. Wir helfen Ihnen bei jedem Problem. <\/p> <\/div><div class=\"faq\" data-component=\"FAQ\"><div class=\"faq-item\">\r\n\t\t\t\t\t<div class=\"faq-item-question\">\r\n\t\t\t\t\t\t<h3 class=\"faq-item-question-text\">Gibt es eine M\u00f6glichkeit, Twitter-Feed ohne Codierung in meine iFrame-Homepage einzubetten?<\/h3>\r\n\r\n\t\t\t\t\t\t<div class=\"faq-item-question-icon\"><\/div>\r\n\t\t\t\t\t<\/div>\r\n\r\n\t\t\t\t\t<div class=\"faq-item-answer\">\r\n\t\t\t\t\t\t<div class=\"faq-item-answer-text\"><p>Die Firma Elfsight bietet diese M\u00f6glichkeit Eine SaaS-L\u00f6sung, mit der ein breites Publikum selbst ein Twitter-Feed-Plugin erstellen kann. Sehen Sie sich die einfachen Anweisungen an:<\/p><ul><li>Arbeiten Sie direkt in der Live-Demo, um ein Twitter-Feed-Plugin zu erstellen, das Sie auf der iFrame-Website integrieren m\u00f6chten. <\/li><li>Entscheiden Sie sich f\u00fcr eine der vielen vorgefertigten Vorlagen und \u00e4ndern Sie die Twitter-Feed-Einstellungen, \u00e4ndern Sie das Layout und die Farben und f\u00fcgen Sie Ihre Inhalte ohne Programmierkenntnisse hinzu.<\/li><li>Speichern Sie Ihre Einstellungen Erstellen Sie einen Twitter-Feed und erhalten Sie den Installationscode des Widgets, den Sie im Rahmen eines kostenlosen Plans problemlos in Ihre iFrame-Site einf\u00fcgen k\u00f6nnen.<\/li><\/ul><p>Mit unserem intuitiven Konfigurator kann jeder Internetnutzer einen Twitter-Feed-Bereich erstellen und ihn einf\u00fcgen zur iFrame-Website. Sie m\u00fcssen keinen kostenpflichtigen Plan abschlie\u00dfen oder Ihre Kartendaten eingeben, um auf unseren Editor zuzugreifen. Wenn Sie auf Probleme jeglicher Art sto\u00dfen, z\u00f6gern Sie nicht, mit unserem technischen Support-Team zu sprechen.<\/p><\/div>\r\n\t\t\t\t\t<\/div>\r\n\t\t\t\t<\/div><\/div>\n","protected":false},"excerpt":{"rendered":"","protected":false},"author":9,"featured_media":0,"parent":771,"menu_order":0,"comment_status":"closed","ping_status":"closed","template":"templates\/template-application-platform.php","meta":{"publish_to_discourse":"","publish_post_category":"","wpdc_auto_publish_overridden":"","wpdc_topic_tags":"","wpdc_pin_topic":"","wpdc_pin_until":"","discourse_post_id":"","discourse_permalink":"","wpdc_publishing_response":"","wpdc_publishing_error":"","footnotes":""},"class_list":["post-10755","page","type-page","status-publish","hentry"],"yoast_head":"<!-- This site is optimized with the Yoast SEO plugin v25.3.1 - https:\/\/yoast.com\/wordpress\/plugins\/seo\/ -->\n<title>iFrame Twitter Feed Plugin f\u00fcr Ihre Website (kostenlos und schnell)<\/title>\n<meta name=\"description\" content=\"Es ist ganz einfach, Ihr Twitter-Feed-Plugin zu erstellen und auf Ihrer iFrame-Website zu ver\u00f6ffentlichen. Der Elfsight-Kundendienst ist kostenlos und schnell.\" \/>\n<meta name=\"robots\" content=\"index, follow, max-snippet:-1, max-image-preview:large, max-video-preview:-1\" \/>\n<link rel=\"canonical\" href=\"https:\/\/elfsight.com\/de\/twitter-feed-widget\/iframe\/\" \/>\n<meta property=\"og:locale\" content=\"de_DE\" \/>\n<meta property=\"og:type\" content=\"article\" \/>\n<meta property=\"og:title\" content=\"iFrame Twitter Feed Plugin f\u00fcr Ihre Website (kostenlos und schnell)\" \/>\n<meta property=\"og:description\" content=\"Es ist ganz einfach, Ihr Twitter-Feed-Plugin zu erstellen und auf Ihrer iFrame-Website zu ver\u00f6ffentlichen. Der Elfsight-Kundendienst ist kostenlos und schnell.\" \/>\n<meta property=\"og:url\" content=\"https:\/\/elfsight.com\/de\/twitter-feed-widget\/iframe\/\" \/>\n<meta property=\"og:site_name\" content=\"Elfsight DE\" \/>\n<meta property=\"article:modified_time\" content=\"2025-02-13T16:47:22+00:00\" \/>\n<meta name=\"twitter:card\" content=\"summary_large_image\" \/>\n<meta name=\"twitter:label1\" content=\"Gesch\u00e4tzte Lesezeit\" \/>\n\t<meta name=\"twitter:data1\" content=\"4\u00a0Minuten\" \/>\n<!-- \/ Yoast SEO plugin. -->","yoast_head_json":{"title":"iFrame Twitter Feed Plugin f\u00fcr Ihre Website (kostenlos und schnell)","description":"Es ist ganz einfach, Ihr Twitter-Feed-Plugin zu erstellen und auf Ihrer iFrame-Website zu ver\u00f6ffentlichen. Der Elfsight-Kundendienst ist kostenlos und schnell.","robots":{"index":"index","follow":"follow","max-snippet":"max-snippet:-1","max-image-preview":"max-image-preview:large","max-video-preview":"max-video-preview:-1"},"canonical":"https:\/\/elfsight.com\/de\/twitter-feed-widget\/iframe\/","og_locale":"de_DE","og_type":"article","og_title":"iFrame Twitter Feed Plugin f\u00fcr Ihre Website (kostenlos und schnell)","og_description":"Es ist ganz einfach, Ihr Twitter-Feed-Plugin zu erstellen und auf Ihrer iFrame-Website zu ver\u00f6ffentlichen. Der Elfsight-Kundendienst ist kostenlos und schnell.","og_url":"https:\/\/elfsight.com\/de\/twitter-feed-widget\/iframe\/","og_site_name":"Elfsight DE","article_modified_time":"2025-02-13T16:47:22+00:00","twitter_card":"summary_large_image","twitter_misc":{"Gesch\u00e4tzte Lesezeit":"4\u00a0Minuten"},"schema":{"@context":"https:\/\/schema.org","@graph":[{"@type":"WebPage","@id":"https:\/\/elfsight.com\/de\/twitter-feed-widget\/iframe\/","url":"https:\/\/elfsight.com\/de\/twitter-feed-widget\/iframe\/","name":"iFrame Twitter Feed Plugin f\u00fcr Ihre Website (kostenlos und schnell)","isPartOf":{"@id":"https:\/\/elfsight.com\/de\/#website"},"datePublished":"1970-01-01T00:00:00+00:00","dateModified":"2025-02-13T16:47:22+00:00","description":"Es ist ganz einfach, Ihr Twitter-Feed-Plugin zu erstellen und auf Ihrer iFrame-Website zu ver\u00f6ffentlichen. Der Elfsight-Kundendienst ist kostenlos und schnell.","breadcrumb":{"@id":"https:\/\/elfsight.com\/de\/twitter-feed-widget\/iframe\/#breadcrumb"},"inLanguage":"de","potentialAction":[{"@type":"ReadAction","target":["https:\/\/elfsight.com\/de\/twitter-feed-widget\/iframe\/"]}]},{"@type":"BreadcrumbList","@id":"https:\/\/elfsight.com\/de\/twitter-feed-widget\/iframe\/#breadcrumb","itemListElement":[{"@type":"ListItem","position":1,"name":"Home","item":"https:\/\/elfsight.com\/de\/"},{"@type":"ListItem","position":2,"name":"Twitter Feed","item":"https:\/\/elfsight.com\/de\/twitter-feed-widget\/"},{"@type":"ListItem","position":3,"name":"Twitter Feed &#8211; iFrame"}]},{"@type":"WebSite","@id":"https:\/\/elfsight.com\/de\/#website","url":"https:\/\/elfsight.com\/de\/","name":"Elfsight DE","description":"Just another Elfsight Sites site","potentialAction":[{"@type":"SearchAction","target":{"@type":"EntryPoint","urlTemplate":"https:\/\/elfsight.com\/de\/?s={search_term_string}"},"query-input":{"@type":"PropertyValueSpecification","valueRequired":true,"valueName":"search_term_string"}}],"inLanguage":"de"}]}},"meta_box":{"industry":"","seo_heading":"","heading":"","description":"","cta_heading":"","cta_description":"","application":"472","h1":"iFrame Twitter-Feed-Plugin","h1_caption":"Betten Sie Tweets von Ihrem Twitter-Konto oder per Hashtag ein, um Ihre Besucher m\u00fchelos mit Echtzeitinhalten auf Ihrer iFrame-Website auf dem Laufenden zu halten.","application_category":[],"applications_title":"","applications_request_title":"","applications_request_button_text":"","hero_text":"","hero_video":"","hero_video_schema_markup":"","selling_points_title":"","selling_points_caption":"","selling_points":[],"selling_points_cta_text":"","features_title":"","features":"","ed_cta_examples_text":"","ed_cta_examples_hidden":"","ed_cta_demo_text":"","ed_cta_demo_hidden":"","why_caption":"","why_editor_title":"","why_editor_text":"","why_team_title":"","why_team_text":"","why_service_title":"","why_service_text":"","template_catalog_visible":"0","template_catalog_title":"","template_catalog_text":"","template_catalog_categories_visible":"","demo_title":"Erstellen Sie Ihr Twitter-Feed-Widget","demo_caption":"Konfigurieren Sie Ihren Twitter-Feed und f\u00fcgen Sie ihn kostenlos zu Ihrer iFrame-Website hinzu!","default_faq_hidden":"","app_template_category":[],"platform":"240","template_public_id":"","codecanyon_url":"","codecanyon_item_id":"","codecanyon_price":"","pricing_caption":"","pricing_elfsight_apps_hide_column":"","pricing_elfsight_apps_url":"","pricing_codecanyon_price_caption":"","integration_category":[],"integration_request_title":"","integration_request_cta":"","integration_platform":"","integrations":[],"platform_category":[],"video_schema_markup":"","price":"ab 0 $ \/ Monat","trial":"","benefits":[{"text":"Kostenlose Installationshilfe"},{"text":"Kompetenter Kundenservice"},{"text":"14-t\u00e4gige Geld-zur\u00fcck-Garantie"},{"text":"Regelm\u00e4\u00dfige kostenlose Updates"}],"button_url":"#demo","button_target_blank":"0","button_nofollow":"0","attributes":[{"name":"Installiert","content":"10,000 - 100,000"},{"name":"Reaktionsfreudig","content":"Ja"},{"name":"Kompatible Browser","content":"Edge, Chrome, Opera, Safari, Firefox"}],"tags":[],"tags_disable_links":"0","hide_more_platforms":"0","video_object":"","demo_hide_cta":"0","demo_hide_cloud_options":"0","pricing_title":"","pricing":[{"pricing_icon":"platform","pricing_title":"Elfsight Apps","pricing_title_caption":"Plattform\u00fcbergreifende digitale L\u00f6sung, die auf jeder Website funktioniert","pricing_price":"ab 0 $ \/ Monat","pricing_price_caption":"Beginnen Sie mit einem kostenlosen Plan","pricing_benefits":[{"text":"Unbegrenzte Websites"},{"text":"Schneller und p\u00fcnktlicher Support"},{"text":"Kostenloser Installationsservice"},{"text":"Sonderpreis f\u00fcr mehrere Apps"}],"pricing_button_text":"Zur Website hinzuf\u00fcgen","pricing_button_url":"#demo"}],"related_apps_title":"","related_apps_hidden":"0","author":"","image":[],"title":"","job":"","social_networks":[]},"_links":{"self":[{"href":"https:\/\/elfsight.com\/de\/wp-json\/wp\/v2\/pages\/10755","targetHints":{"allow":["GET"]}}],"collection":[{"href":"https:\/\/elfsight.com\/de\/wp-json\/wp\/v2\/pages"}],"about":[{"href":"https:\/\/elfsight.com\/de\/wp-json\/wp\/v2\/types\/page"}],"author":[{"embeddable":true,"href":"https:\/\/elfsight.com\/de\/wp-json\/wp\/v2\/users\/9"}],"replies":[{"embeddable":true,"href":"https:\/\/elfsight.com\/de\/wp-json\/wp\/v2\/comments?post=10755"}],"version-history":[{"count":3,"href":"https:\/\/elfsight.com\/de\/wp-json\/wp\/v2\/pages\/10755\/revisions"}],"predecessor-version":[{"id":24123,"href":"https:\/\/elfsight.com\/de\/wp-json\/wp\/v2\/pages\/10755\/revisions\/24123"}],"up":[{"embeddable":true,"href":"https:\/\/elfsight.com\/de\/wp-json\/wp\/v2\/pages\/771"}],"wp:attachment":[{"href":"https:\/\/elfsight.com\/de\/wp-json\/wp\/v2\/media?parent=10755"}],"curies":[{"name":"wp","href":"https:\/\/api.w.org\/{rel}","templated":true}]}}