{"id":10754,"date":"1970-01-01T00:00:00","date_gmt":"1970-01-01T00:00:00","guid":{"rendered":"https:\/\/elfsight.com\/de\/?page_id=10754"},"modified":"2025-02-13T16:40:34","modified_gmt":"2025-02-13T16:40:34","slug":"facebook","status":"publish","type":"page","link":"https:\/\/elfsight.com\/de\/twitter-feed-widget\/facebook\/","title":{"rendered":"Twitter Feed &#8211; Facebook Page"},"content":{"rendered":"\n<div class=\"application-platform-content-item-description application-platform-content-item\" id=\"description\" data-nav-section=\"description\"><h2>Beschreibung<\/h2><p>Elfsight Twitter Feed ist ein responsives Widget, mit dem Sie Tweets auf Ihrer Facebook-Seite vorstellen k\u00f6nnen. Es steht Ihnen frei, Ihren Newsfeed auf Twitter anzuzeigen oder mit Testimonial-Tweets zu prahlen, um das Engagement der Benutzer zu steigern und das Vertrauen der Kunden zu st\u00e4rken. Was das Elfsight-Widget f\u00fcr jede Seite zu einem Spitzenprodukt seiner Art macht, ist die gro\u00dfe Menge an Optionen, fertige Vorlagen f\u00fcr jeden Anwendungsfall und sein responsives Design.<\/p><p><b>Machen Sie Ihre Seite maximal ansprechend Ihr Publikum und vertrauensw\u00fcrdig<\/b><\/p><\/div><div class=\"faq\" data-component=\"FAQ\"><div class=\"faq-item\">\r\n\t\t\t\t\t<div class=\"faq-item-question\">\r\n\t\t\t\t\t\t<h3 class=\"faq-item-question-text\">Wie bette ich einen Twitter-Feed in die Facebook-Site ein?<\/h3>\r\n\r\n\t\t\t\t\t\t<div class=\"faq-item-question-icon\"><\/div>\r\n\t\t\t\t\t<\/div>\r\n\r\n\t\t\t\t\t<div class=\"faq-item-answer\">\r\n\t\t\t\t\t\t<div class=\"faq-item-answer-text\"><p>Die Erstellung des Widgets erfolgt innerhalb des Elfsight-Dienstes und Sie m\u00fcssen keine Programmierkenntnisse erlernen. Wenden Sie die Live-Demo an, um Ihr eigenes Plugin anzupassen, holen Sie sich den Code und f\u00fcgen Sie ihn in Ihre Website ein. <\/p><\/div>\r\n\t\t\t\t\t<\/div>\r\n\t\t\t\t<\/div><div class=\"faq-item\">\r\n\t\t\t\t\t<div class=\"faq-item-question\">\r\n\t\t\t\t\t\t<h3 class=\"faq-item-question-text\">Darf ich \u00fcber Ihre Widgets die Twitter-Profil-Timeline oder die Seitenleiste abrufen?<\/h3>\r\n\r\n\t\t\t\t\t\t<div class=\"faq-item-question-icon\"><\/div>\r\n\t\t\t\t\t<\/div>\r\n\r\n\t\t\t\t\t<div class=\"faq-item-answer\">\r\n\t\t\t\t\t\t<div class=\"faq-item-answer-text\"><p>Eine Reihe von Vorlagen sind anwendbar: Liste, Mauerwerk, Galerie, Feed, Raster und vieles mehr sowie flexible Layouteinstellungen zur Anpassung an Ihre Anforderungen. Es steht Ihnen frei, fast jedes Widget zu erstellen, das Sie ben\u00f6tigen. <\/p><\/div>\r\n\t\t\t\t\t<\/div>\r\n\t\t\t\t<\/div><div class=\"faq-item\">\r\n\t\t\t\t\t<div class=\"faq-item-question\">\r\n\t\t\t\t\t\t<h3 class=\"faq-item-question-text\">Das Twitter-Widget meiner Facebook-Seite funktioniert nicht\/wird nicht aktualisiert<\/h3>\r\n\r\n\t\t\t\t\t\t<div class=\"faq-item-question-icon\"><\/div>\r\n\t\t\t\t\t<\/div>\r\n\r\n\t\t\t\t\t<div class=\"faq-item-answer\">\r\n\t\t\t\t\t\t<div class=\"faq-item-answer-text\"><p>Wenn Sie Probleme mit den Facebook-Seiten-Widgets haben, wenden Sie sich an die Kundenbetreuer. Der Support ist f\u00fcr alle Elfsight-Kunden absolut kostenlos. <\/p><\/div>\r\n\t\t\t\t\t<\/div>\r\n\t\t\t\t<\/div><\/div><div class=\"application-platform-content-item-features application-platform-content-item\" id=\"features\" data-nav-section=\"features\"><h2>Funktionen<\/h2><p>Hier sehen Sie alle Funktionsmerkmale des Produkts. Sie sind alle im Editor verf\u00fcgbar und helfen Ihnen dabei, das Widget speziell f\u00fcr Ihren Anwendungsfall zu gestalten.<\/p><ul><li>Erstellen Sie einen Feed mit Testimonial-Tweets \u00fcber Ihr Unternehmen;<\/li><li>Ausblenden die Kopfzeile, um nur Tweets anzuzeigen;<\/li><li>Kopieren Sie den Tweets-Link;<\/li><li>Tweet wird ge\u00f6ffnet, indem Sie auf das Twitter-Symbol klicken;<\/li><li>Legen Sie eine benutzerdefinierte Designfarbe f\u00fcr das Widget fest.<\/li><\/ul><p><a href=\"#demo\">Sie k\u00f6nnen alle Funktionsmerkmale des Widgets direkt in der Demo testen<\/a><\/p> <\/div><div class=\"application-platform-content-item-installation  application-platform-content-item\" id=\"installation \" data-nav-section=\"installation \"><h2>So f\u00fcgen Sie den Twitter-Tab zur Facebook-Seite hinzu<\/h2><p>Um das Widget zu integrieren, befolgen Sie einfach die folgenden Schritte<\/p><ul><li><b>Generieren Sie Ihren einzigartigen Twitter-Feed<\/b><br>Erstellen Sie in unserer kostenlosen Demo ein Widget mit individuellem Design und individuellen Funktionen.<\/li><li><b>Erwerben Sie den individuellen Code, um das Plugin hinzuzuf\u00fcgen<\/b><br>Nachdem Sie Ihr Widget angepasst haben Widget erhalten Sie Ihren Installationscode \u00fcber die Popup-Benachrichtigung in Elfsight Apps. Kopieren Sie den Code.<\/li><li><b>F\u00fcgen Sie das Widget zur Facebook-Seite hinzu<\/b><br> Erstellen Sie Ihren benutzerdefinierten Facebook-Tab. F\u00fcgen Sie den Code, den Sie bei elfsight apps erhalten haben, in die Registerkarte ein. Wenn Sie Probleme haben, lesen Sie einfach unseren Leitfaden unter <a href=\"https:\/\/elfsight.com\/blog\/how-to-add-custom-tab-to-facebook-page\/\" target=\"_blank\" rel=\"noopener noreferrer\">Benutzerdefinierten Facebook-Tab erstellen<\/a><\/li><li><b>Fertig!<\/b><br>Betreten Sie die Facebook-Unternehmensseite, um Ihre Arbeit zu sehen.<\/li><\/ul><p>Wenn Sie Hilfe ben\u00f6tigen oder Probleme haben, k\u00f6nnen Sie sich gerne an unseren Kundenservice wenden. Unsere Spezialisten helfen Ihnen bei jeder Anfrage weiter. <\/p><\/div>\n","protected":false},"excerpt":{"rendered":"","protected":false},"author":9,"featured_media":0,"parent":771,"menu_order":0,"comment_status":"closed","ping_status":"closed","template":"templates\/template-application-platform.php","meta":{"publish_to_discourse":"","publish_post_category":"","wpdc_auto_publish_overridden":"","wpdc_topic_tags":"","wpdc_pin_topic":"","wpdc_pin_until":"","discourse_post_id":"","discourse_permalink":"","wpdc_publishing_response":"","wpdc_publishing_error":"","footnotes":""},"class_list":["post-10754","page","type-page","status-publish","hentry"],"yoast_head":"<!-- This site is optimized with the Yoast SEO plugin v25.3.1 - https:\/\/yoast.com\/wordpress\/plugins\/seo\/ -->\n<title>Twitter-Feed-Tab zur Facebook-Seite hinzuf\u00fcgen (kostenlos und schnell)<\/title>\n<meta name=\"description\" content=\"Es ist ganz einfach, Ihren Twitter-Feed-Tab zu erstellen und ihn auf Ihrer Facebook-Unternehmens- oder \u00f6ffentlichen Seite hinzuzuf\u00fcgen. Der Kundendienst von Elfsight ist kostenlos und schnell.\" \/>\n<meta name=\"robots\" content=\"index, follow, max-snippet:-1, max-image-preview:large, max-video-preview:-1\" \/>\n<link rel=\"canonical\" href=\"https:\/\/elfsight.com\/de\/twitter-feed-widget\/facebook\/\" \/>\n<meta property=\"og:locale\" content=\"de_DE\" \/>\n<meta property=\"og:type\" content=\"article\" \/>\n<meta property=\"og:title\" content=\"Twitter-Feed-Tab zur Facebook-Seite hinzuf\u00fcgen (kostenlos und schnell)\" \/>\n<meta property=\"og:description\" content=\"Es ist ganz einfach, Ihren Twitter-Feed-Tab zu erstellen und ihn auf Ihrer Facebook-Unternehmens- oder \u00f6ffentlichen Seite hinzuzuf\u00fcgen. Der Kundendienst von Elfsight ist kostenlos und schnell.\" \/>\n<meta property=\"og:url\" content=\"https:\/\/elfsight.com\/de\/twitter-feed-widget\/facebook\/\" \/>\n<meta property=\"og:site_name\" content=\"Elfsight DE\" \/>\n<meta property=\"article:modified_time\" content=\"2025-02-13T16:40:34+00:00\" \/>\n<meta name=\"twitter:card\" content=\"summary_large_image\" \/>\n<meta name=\"twitter:label1\" content=\"Gesch\u00e4tzte Lesezeit\" \/>\n\t<meta name=\"twitter:data1\" content=\"3\u00a0Minuten\" \/>\n<!-- \/ Yoast SEO plugin. -->","yoast_head_json":{"title":"Twitter-Feed-Tab zur Facebook-Seite hinzuf\u00fcgen (kostenlos und schnell)","description":"Es ist ganz einfach, Ihren Twitter-Feed-Tab zu erstellen und ihn auf Ihrer Facebook-Unternehmens- oder \u00f6ffentlichen Seite hinzuzuf\u00fcgen. Der Kundendienst von Elfsight ist kostenlos und schnell.","robots":{"index":"index","follow":"follow","max-snippet":"max-snippet:-1","max-image-preview":"max-image-preview:large","max-video-preview":"max-video-preview:-1"},"canonical":"https:\/\/elfsight.com\/de\/twitter-feed-widget\/facebook\/","og_locale":"de_DE","og_type":"article","og_title":"Twitter-Feed-Tab zur Facebook-Seite hinzuf\u00fcgen (kostenlos und schnell)","og_description":"Es ist ganz einfach, Ihren Twitter-Feed-Tab zu erstellen und ihn auf Ihrer Facebook-Unternehmens- oder \u00f6ffentlichen Seite hinzuzuf\u00fcgen. Der Kundendienst von Elfsight ist kostenlos und schnell.","og_url":"https:\/\/elfsight.com\/de\/twitter-feed-widget\/facebook\/","og_site_name":"Elfsight DE","article_modified_time":"2025-02-13T16:40:34+00:00","twitter_card":"summary_large_image","twitter_misc":{"Gesch\u00e4tzte Lesezeit":"3\u00a0Minuten"},"schema":{"@context":"https:\/\/schema.org","@graph":[{"@type":"WebPage","@id":"https:\/\/elfsight.com\/de\/twitter-feed-widget\/facebook\/","url":"https:\/\/elfsight.com\/de\/twitter-feed-widget\/facebook\/","name":"Twitter-Feed-Tab zur Facebook-Seite hinzuf\u00fcgen (kostenlos und schnell)","isPartOf":{"@id":"https:\/\/elfsight.com\/de\/#website"},"datePublished":"1970-01-01T00:00:00+00:00","dateModified":"2025-02-13T16:40:34+00:00","description":"Es ist ganz einfach, Ihren Twitter-Feed-Tab zu erstellen und ihn auf Ihrer Facebook-Unternehmens- oder \u00f6ffentlichen Seite hinzuzuf\u00fcgen. Der Kundendienst von Elfsight ist kostenlos und schnell.","breadcrumb":{"@id":"https:\/\/elfsight.com\/de\/twitter-feed-widget\/facebook\/#breadcrumb"},"inLanguage":"de","potentialAction":[{"@type":"ReadAction","target":["https:\/\/elfsight.com\/de\/twitter-feed-widget\/facebook\/"]}]},{"@type":"BreadcrumbList","@id":"https:\/\/elfsight.com\/de\/twitter-feed-widget\/facebook\/#breadcrumb","itemListElement":[{"@type":"ListItem","position":1,"name":"Home","item":"https:\/\/elfsight.com\/de\/"},{"@type":"ListItem","position":2,"name":"Twitter Feed","item":"https:\/\/elfsight.com\/de\/twitter-feed-widget\/"},{"@type":"ListItem","position":3,"name":"Twitter Feed &#8211; Facebook Page"}]},{"@type":"WebSite","@id":"https:\/\/elfsight.com\/de\/#website","url":"https:\/\/elfsight.com\/de\/","name":"Elfsight DE","description":"Just another Elfsight Sites site","potentialAction":[{"@type":"SearchAction","target":{"@type":"EntryPoint","urlTemplate":"https:\/\/elfsight.com\/de\/?s={search_term_string}"},"query-input":{"@type":"PropertyValueSpecification","valueRequired":true,"valueName":"search_term_string"}}],"inLanguage":"de"}]}},"meta_box":{"industry":"","seo_heading":"","heading":"","description":"","cta_heading":"","cta_description":"","application":"472","h1":"Twitter-Tab f\u00fcr Facebook-Seite","h1_caption":"Betten Sie Tweets von Ihrem Twitter-Konto oder per Hashtag ein, um Ihre Besucher m\u00fchelos mit Echtzeitinhalten auf Ihrer Facebook-Seiten-Website auf dem Laufenden zu halten.","application_category":[],"applications_title":"","applications_request_title":"","applications_request_button_text":"","hero_text":"","hero_video":"","hero_video_schema_markup":"","selling_points_title":"","selling_points_caption":"","selling_points":[],"selling_points_cta_text":"","features_title":"","features":"","ed_cta_examples_text":"","ed_cta_examples_hidden":"","ed_cta_demo_text":"","ed_cta_demo_hidden":"","why_caption":"","why_editor_title":"","why_editor_text":"","why_team_title":"","why_team_text":"","why_service_title":"","why_service_text":"","template_catalog_visible":"0","template_catalog_title":"","template_catalog_text":"","template_catalog_categories_visible":"","demo_title":"Erstellen Sie Ihr Twitter-Feed-Widget","demo_caption":"Konfigurieren Sie Ihren Twitter-Feed und f\u00fcgen Sie ihn kostenlos zu Ihrer Facebook-Seite hinzu!","default_faq_hidden":"","app_template_category":[],"platform":"216","template_public_id":"","codecanyon_url":"","codecanyon_item_id":"","codecanyon_price":"","pricing_caption":"","pricing_elfsight_apps_hide_column":"","pricing_elfsight_apps_url":"","pricing_codecanyon_price_caption":"","integration_category":[],"integration_request_title":"","integration_request_cta":"","integration_platform":"","integrations":[],"platform_category":[],"video_schema_markup":"","price":"ab 0 $ \/ Monat","trial":"","benefits":[{"text":"Kostenlose Installationshilfe"},{"text":"Effektiver Kundenservice"},{"text":"14-t\u00e4gige Geld-zur\u00fcck-Garantie"},{"text":"Regelm\u00e4\u00dfige Verbesserungen"}],"button_url":"#demo","button_target_blank":"0","button_nofollow":"0","attributes":[{"name":"Installiert","content":"10,000 - 100,000"},{"name":"Reaktionsfreudig","content":"Ja"},{"name":"Kompatible Browser","content":"Safari, Chrome, Firefox, Opera, Edge"}],"tags":[],"tags_disable_links":"0","hide_more_platforms":"0","video_object":"","demo_hide_cta":"0","demo_hide_cloud_options":"0","pricing_title":"","pricing":[{"pricing_icon":"platform","pricing_title":"Elfsight Apps","pricing_title_caption":"Multiplattform-Version, die auf jeder Website funktioniert","pricing_price":"ab 0 $ \/ Monat","pricing_price_caption":"Beginnen Sie mit einem kostenlosen Plan","pricing_benefits":[{"text":"Unbegrenzte Websites"},{"text":"Schnelle Unternehmensunterst\u00fctzung"},{"text":"Kostenlose Installationshilfe"},{"text":"Sonderpreis f\u00fcr mehrere Apps"}],"pricing_button_text":"Zur Website hinzuf\u00fcgen","pricing_button_url":"#demo"}],"related_apps_title":"","related_apps_hidden":"0","author":"","image":[],"title":"","job":"","social_networks":[]},"_links":{"self":[{"href":"https:\/\/elfsight.com\/de\/wp-json\/wp\/v2\/pages\/10754","targetHints":{"allow":["GET"]}}],"collection":[{"href":"https:\/\/elfsight.com\/de\/wp-json\/wp\/v2\/pages"}],"about":[{"href":"https:\/\/elfsight.com\/de\/wp-json\/wp\/v2\/types\/page"}],"author":[{"embeddable":true,"href":"https:\/\/elfsight.com\/de\/wp-json\/wp\/v2\/users\/9"}],"replies":[{"embeddable":true,"href":"https:\/\/elfsight.com\/de\/wp-json\/wp\/v2\/comments?post=10754"}],"version-history":[{"count":3,"href":"https:\/\/elfsight.com\/de\/wp-json\/wp\/v2\/pages\/10754\/revisions"}],"predecessor-version":[{"id":24119,"href":"https:\/\/elfsight.com\/de\/wp-json\/wp\/v2\/pages\/10754\/revisions\/24119"}],"up":[{"embeddable":true,"href":"https:\/\/elfsight.com\/de\/wp-json\/wp\/v2\/pages\/771"}],"wp:attachment":[{"href":"https:\/\/elfsight.com\/de\/wp-json\/wp\/v2\/media?parent=10754"}],"curies":[{"name":"wp","href":"https:\/\/api.w.org\/{rel}","templated":true}]}}