{"id":10753,"date":"1970-01-01T00:00:00","date_gmt":"1970-01-01T00:00:00","guid":{"rendered":"https:\/\/elfsight.com\/de\/?page_id=10753"},"modified":"2025-02-14T05:10:02","modified_gmt":"2025-02-14T05:10:02","slug":"woocommerce","status":"publish","type":"page","link":"https:\/\/elfsight.com\/de\/twitter-feed-widget\/woocommerce\/","title":{"rendered":"Twitter Feed &#8211; WooCommerce"},"content":{"rendered":"\n<div class=\"application-platform-content-item-description application-platform-content-item\" id=\"description\" data-nav-section=\"description\"><h2>Beschreibung<\/h2><p>Das Elfsight Twitter Feed-Plugin macht es ganz einfach, Twitter Feeds oder bestimmte Tweets auf Ihrer WooCommerce-Site einzuf\u00fchren. Steigern Sie das Engagement der Benutzer und st\u00e4rken Sie das Vertrauen der Kunden, indem Sie Ihre Chronik anzeigen oder die Testimonials der Benutzer \u00fcber Ihre Artikel in Tweets hervorheben. Die gr\u00f6\u00dften Vorteile des Elfsight Twitter-Plugins f\u00fcr Ihre Website sind voreingestellte Vorlagen f\u00fcr alle Anwendungsf\u00e4lle und vielf\u00e4ltige Optionen zusammen mit responsivem Design.<\/p><p><b>Erh\u00f6hen Sie das Engagement der Benutzer und das Vertrauen in Ihre Website<\/b><\/p><\/div> <div class=\"application-platform-content-item-features application-platform-content-item\" id=\"features\" data-nav-section=\"features\"><h2>Dies sind nur einige der leistungsstarken Widget-Funktionen:<\/h2><ul><li>Feed- oder Testimonials-Typ der Pr\u00e4sentation;<\/li><li>Kopfzeile ausblenden, um nur Tweets anzuzeigen;<\/li><li>Retweets-Anzeige im Feed;<\/li><li>W\u00e4hlen Sie aus den verf\u00fcgbaren Sprachen oder fordern Sie Ihre Sprache an und wir \u00fcbersetzen das Widget;<\/li><li>Retweet-Anzahl, Like-Anzahl in Tweets.<\/li><\/ul><p><a href=\"#demo\">Sie k\u00f6nnen sehen, welche Angebote das Widget zum Ausprobieren der Demo bietet<\/a><\/p><\/div><div class=\"application-platform-content-item-installation application-platform-content-item\" id=\"installation\" data-nav-section=\"installation\"><h2>Wie f\u00fcge ich Twitter-Feed zu meiner WooCommerce-Website hinzu?<\/h2><p>Befolgen Sie einfach die unten aufgef\u00fchrten Schritte, um das Plugin zu integrieren.<\/p><ol><li><b>Mit unserem kostenlosen Editor beginnen Sie mit der Erstellung Ihres eigenen Widgets.<\/b><br>W\u00e4hlen Sie das ausgew\u00e4hlte Layout und die Parameter des Tools und speichern Sie die \u00c4nderungen.<\/li><li><b> Erwerben Sie Ihren individuellen Code, der im Fenster von Elfsight Apps angezeigt wird.<\/b><br>Nachdem die Erstellung Ihres pers\u00f6nlichen Tools abgeschlossen ist, kopieren Sie den individuellen Code im angezeigten Popup und bewahren Sie ihn f\u00fcr die zuk\u00fcnftige Verwendung auf.<\/li><li><b>Beginnen Sie mit der Verwendung des Plugins auf Ihrer WooCommerce-Homepage.<\/b><br>F\u00fcgen Sie den Code, den Sie k\u00fcrzlich kopiert haben, in Ihre Webseite ein und speichern Sie die Korrekturen.<\/li><li><b>Das Setup ist erfolgreich durchgef\u00fchrt.<\/b><br>Besuchen Sie Ihre Seite, um zu sehen, wie das Tool funktioniert.<\/li><\/ol><p>Falls Sie auf Hindernisse sto\u00dfen, z\u00f6gern Sie nicht, sich an uns zu wenden Kundendienstmitarbeiter. Unsere Spezialisten sind bestrebt, alle Schwierigkeiten zu l\u00f6sen, die Sie m\u00f6glicherweise mit dem Widget haben.<\/p><\/div><div class=\"faq\" data-component=\"FAQ\"><div class=\"faq-item\">\r\n\t\t\t\t\t<div class=\"faq-item-question\">\r\n\t\t\t\t\t\t<h3 class=\"faq-item-question-text\">Gibt es eine M\u00f6glichkeit, Twitter-Feeds in meine WooCommerce-Website einzubetten, ohne zu programmieren?<\/h3>\r\n\r\n\t\t\t\t\t\t<div class=\"faq-item-question-icon\"><\/div>\r\n\t\t\t\t\t<\/div>\r\n\r\n\t\t\t\t\t<div class=\"faq-item-answer\">\r\n\t\t\t\t\t\t<div class=\"faq-item-answer-text\"> Editor zum Einrichten eines Twitter-Feed-Plugins, das auf der WooCommerce-Website angezeigt werden soll.<\/li><li>W\u00e4hlen Sie eine der vorgefertigten Vorlagen aus und passen Sie die Twitter-Feed-Einstellungen an, \u00e4ndern Sie das Layout und die Farben und f\u00fcgen Sie Ihre Inhalte ohne Programmierkenntnisse ein .<\/li><li>Speichern Sie den Twitter-Feed und erhalten Sie einen Installationscode, den Sie m\u00fchelos und kostenlos in jede WooCommerce-Webseite einbetten k\u00f6nnen.<\/li><\/ul><p>Mit Hilfe des intuitiven Editors kann jeder Web-Benutzer dies tun kann eine Twitter-Feed-App erstellen und problemlos in die WooCommerce-Website integrieren. Sie m\u00fcssen kein kostenpflichtiges Abonnement abschlie\u00dfen oder Ihre Kartendaten eingeben, um den Dienst in Anspruch zu nehmen. Sollten bei irgendeinem Schritt Probleme auftreten, z\u00f6gern Sie nicht, sich an unseren technischen Kundensupport zu wenden.<\/p><\/div>\r\n\t\t\t\t\t<\/div>\r\n\t\t\t\t<\/div><\/div>\n","protected":false},"excerpt":{"rendered":"","protected":false},"author":9,"featured_media":0,"parent":771,"menu_order":0,"comment_status":"closed","ping_status":"closed","template":"templates\/template-application-platform.php","meta":{"publish_to_discourse":"","publish_post_category":"","wpdc_auto_publish_overridden":"","wpdc_topic_tags":"","wpdc_pin_topic":"","wpdc_pin_until":"","discourse_post_id":"","discourse_permalink":"","wpdc_publishing_response":"","wpdc_publishing_error":"","footnotes":""},"class_list":["post-10753","page","type-page","status-publish","hentry"],"yoast_head":"<!-- This site is optimized with the Yoast SEO plugin v25.3.1 - https:\/\/yoast.com\/wordpress\/plugins\/seo\/ -->\n<title>WooCommerce Twitter-Feed-Plugin f\u00fcr Ihre Website (2025)<\/title>\n<meta name=\"description\" content=\"Nutzen Sie jetzt die Chance, das Twitter-Feed-Plugin zu personalisieren und es direkt aus der Live-Demo kostenlos zu Ihrer WooCommerce-Website hinzuzuf\u00fcgen.\" \/>\n<meta name=\"robots\" content=\"index, follow, max-snippet:-1, max-image-preview:large, max-video-preview:-1\" \/>\n<link rel=\"canonical\" href=\"https:\/\/elfsight.com\/de\/twitter-feed-widget\/woocommerce\/\" \/>\n<meta property=\"og:locale\" content=\"de_DE\" \/>\n<meta property=\"og:type\" content=\"article\" \/>\n<meta property=\"og:title\" content=\"WooCommerce Twitter-Feed-Plugin f\u00fcr Ihre Website (2025)\" \/>\n<meta property=\"og:description\" content=\"Nutzen Sie jetzt die Chance, das Twitter-Feed-Plugin zu personalisieren und es direkt aus der Live-Demo kostenlos zu Ihrer WooCommerce-Website hinzuzuf\u00fcgen.\" \/>\n<meta property=\"og:url\" content=\"https:\/\/elfsight.com\/de\/twitter-feed-widget\/woocommerce\/\" \/>\n<meta property=\"og:site_name\" content=\"Elfsight DE\" \/>\n<meta property=\"article:modified_time\" content=\"2025-02-14T05:10:02+00:00\" \/>\n<meta name=\"twitter:card\" content=\"summary_large_image\" \/>\n<meta name=\"twitter:label1\" content=\"Gesch\u00e4tzte Lesezeit\" \/>\n\t<meta name=\"twitter:data1\" content=\"3\u00a0Minuten\" \/>\n<!-- \/ Yoast SEO plugin. -->","yoast_head_json":{"title":"WooCommerce Twitter-Feed-Plugin f\u00fcr Ihre Website (2025)","description":"Nutzen Sie jetzt die Chance, das Twitter-Feed-Plugin zu personalisieren und es direkt aus der Live-Demo kostenlos zu Ihrer WooCommerce-Website hinzuzuf\u00fcgen.","robots":{"index":"index","follow":"follow","max-snippet":"max-snippet:-1","max-image-preview":"max-image-preview:large","max-video-preview":"max-video-preview:-1"},"canonical":"https:\/\/elfsight.com\/de\/twitter-feed-widget\/woocommerce\/","og_locale":"de_DE","og_type":"article","og_title":"WooCommerce Twitter-Feed-Plugin f\u00fcr Ihre Website (2025)","og_description":"Nutzen Sie jetzt die Chance, das Twitter-Feed-Plugin zu personalisieren und es direkt aus der Live-Demo kostenlos zu Ihrer WooCommerce-Website hinzuzuf\u00fcgen.","og_url":"https:\/\/elfsight.com\/de\/twitter-feed-widget\/woocommerce\/","og_site_name":"Elfsight DE","article_modified_time":"2025-02-14T05:10:02+00:00","twitter_card":"summary_large_image","twitter_misc":{"Gesch\u00e4tzte Lesezeit":"3\u00a0Minuten"},"schema":{"@context":"https:\/\/schema.org","@graph":[{"@type":"WebPage","@id":"https:\/\/elfsight.com\/de\/twitter-feed-widget\/woocommerce\/","url":"https:\/\/elfsight.com\/de\/twitter-feed-widget\/woocommerce\/","name":"WooCommerce Twitter-Feed-Plugin f\u00fcr Ihre Website (2025)","isPartOf":{"@id":"https:\/\/elfsight.com\/de\/#website"},"datePublished":"1970-01-01T00:00:00+00:00","dateModified":"2025-02-14T05:10:02+00:00","description":"Nutzen Sie jetzt die Chance, das Twitter-Feed-Plugin zu personalisieren und es direkt aus der Live-Demo kostenlos zu Ihrer WooCommerce-Website hinzuzuf\u00fcgen.","breadcrumb":{"@id":"https:\/\/elfsight.com\/de\/twitter-feed-widget\/woocommerce\/#breadcrumb"},"inLanguage":"de","potentialAction":[{"@type":"ReadAction","target":["https:\/\/elfsight.com\/de\/twitter-feed-widget\/woocommerce\/"]}]},{"@type":"BreadcrumbList","@id":"https:\/\/elfsight.com\/de\/twitter-feed-widget\/woocommerce\/#breadcrumb","itemListElement":[{"@type":"ListItem","position":1,"name":"Home","item":"https:\/\/elfsight.com\/de\/"},{"@type":"ListItem","position":2,"name":"Twitter Feed","item":"https:\/\/elfsight.com\/de\/twitter-feed-widget\/"},{"@type":"ListItem","position":3,"name":"Twitter Feed &#8211; WooCommerce"}]},{"@type":"WebSite","@id":"https:\/\/elfsight.com\/de\/#website","url":"https:\/\/elfsight.com\/de\/","name":"Elfsight DE","description":"Just another Elfsight Sites site","potentialAction":[{"@type":"SearchAction","target":{"@type":"EntryPoint","urlTemplate":"https:\/\/elfsight.com\/de\/?s={search_term_string}"},"query-input":{"@type":"PropertyValueSpecification","valueRequired":true,"valueName":"search_term_string"}}],"inLanguage":"de"}]}},"meta_box":{"industry":"","seo_heading":"","heading":"","description":"","cta_heading":"","cta_description":"","application":"472","h1":"WooCommerce Twitter-Feed-Plugin","h1_caption":"Betten Sie Tweets von Ihrem Twitter-Konto oder per Hashtag ein, um Ihre Besucher m\u00fchelos mit Echtzeitinhalten auf Ihrer WooCommerce-Website auf dem Laufenden zu halten.","application_category":[],"applications_title":"","applications_request_title":"","applications_request_button_text":"","hero_text":"","hero_video":"","hero_video_schema_markup":"","selling_points_title":"","selling_points_caption":"","selling_points":[],"selling_points_cta_text":"","features_title":"","features":"","ed_cta_examples_text":"","ed_cta_examples_hidden":"","ed_cta_demo_text":"","ed_cta_demo_hidden":"","why_caption":"","why_editor_title":"","why_editor_text":"","why_team_title":"","why_team_text":"","why_service_title":"","why_service_text":"","template_catalog_visible":"0","template_catalog_title":"","template_catalog_text":"","template_catalog_categories_visible":"","demo_title":"Erstellen Sie Ihre Twitter-Feed-App","demo_caption":"Konfigurieren Sie Ihren Twitter-Feed und f\u00fcgen Sie ihn kostenlos zu Ihrer WooCommerce-Website hinzu!","default_faq_hidden":"","app_template_category":[],"platform":"200","template_public_id":"","codecanyon_url":"","codecanyon_item_id":"","codecanyon_price":"","pricing_caption":"","pricing_elfsight_apps_hide_column":"","pricing_elfsight_apps_url":"","pricing_codecanyon_price_caption":"","integration_category":[],"integration_request_title":"","integration_request_cta":"","integration_platform":"","integrations":[],"platform_category":[],"video_schema_markup":"","price":"ab 0 $ \/ Monat","trial":"","benefits":[{"text":"Kostenloser Installationsservice"},{"text":"Kompetenter Kundenservice"},{"text":"14-t\u00e4gige R\u00fcckerstattungsgarantie"},{"text":"Laufende kostenlose Updates"}],"button_url":"#demo","button_target_blank":"0","button_nofollow":"0","attributes":[{"name":"Installiert","content":"10,000 - 100,000"},{"name":"Reaktionsfreudig","content":"Ja"},{"name":"Kompatible Browser","content":"Firefox, Safari, Opera, Chrome, Edge"}],"tags":[],"tags_disable_links":"0","hide_more_platforms":"0","video_object":"","demo_hide_cta":"0","demo_hide_cloud_options":"0","pricing_title":"","pricing":[{"pricing_icon":"platform","pricing_title":"Elfsight Apps","pricing_title_caption":"Plattform\u00fcbergreifende digitale L\u00f6sung, die auf jeder Website funktioniert","pricing_price":"ab 0 $ \/ Monat","pricing_price_caption":"Beginnen Sie mit einem kostenlosen Plan","pricing_benefits":[{"text":"Unbegrenzte Domains"},{"text":"Schneller Kundensupport und gut dokumentiert"},{"text":"Kostenloser Installationsservice"},{"text":"Flexibles Design"}],"pricing_button_text":"Zur Website hinzuf\u00fcgen","pricing_button_url":"#demo"}],"related_apps_title":"","related_apps_hidden":"0","author":"","image":[],"title":"","job":"","social_networks":[]},"_links":{"self":[{"href":"https:\/\/elfsight.com\/de\/wp-json\/wp\/v2\/pages\/10753","targetHints":{"allow":["GET"]}}],"collection":[{"href":"https:\/\/elfsight.com\/de\/wp-json\/wp\/v2\/pages"}],"about":[{"href":"https:\/\/elfsight.com\/de\/wp-json\/wp\/v2\/types\/page"}],"author":[{"embeddable":true,"href":"https:\/\/elfsight.com\/de\/wp-json\/wp\/v2\/users\/9"}],"replies":[{"embeddable":true,"href":"https:\/\/elfsight.com\/de\/wp-json\/wp\/v2\/comments?post=10753"}],"version-history":[{"count":3,"href":"https:\/\/elfsight.com\/de\/wp-json\/wp\/v2\/pages\/10753\/revisions"}],"predecessor-version":[{"id":24143,"href":"https:\/\/elfsight.com\/de\/wp-json\/wp\/v2\/pages\/10753\/revisions\/24143"}],"up":[{"embeddable":true,"href":"https:\/\/elfsight.com\/de\/wp-json\/wp\/v2\/pages\/771"}],"wp:attachment":[{"href":"https:\/\/elfsight.com\/de\/wp-json\/wp\/v2\/media?parent=10753"}],"curies":[{"name":"wp","href":"https:\/\/api.w.org\/{rel}","templated":true}]}}