{"id":10746,"date":"1970-01-01T00:00:00","date_gmt":"1970-01-01T00:00:00","guid":{"rendered":"https:\/\/elfsight.com\/de\/?page_id=10746"},"modified":"2025-02-14T05:12:18","modified_gmt":"2025-02-14T05:12:18","slug":"godaddy","status":"publish","type":"page","link":"https:\/\/elfsight.com\/de\/twitter-feed-widget\/godaddy\/","title":{"rendered":"Twitter Feed  &#8211; GoDaddy"},"content":{"rendered":"\n<div class=\"application-platform-content-item-description application-platform-content-item\" id=\"description\" data-nav-section=\"description\"> <h2>Twitter-Feed auf GoDaddy mit dem Elfsight-Widget einbetten<\/h2> <p>Mit dem Elfsight Twitter-Feed-Plugin f\u00fcr GoDaddy k\u00f6nnen Sie Ihren hinzuf\u00fcgen Website einen ma\u00dfgeschneiderten Feed eines der beliebtesten sozialen Medien. Betten Sie Ihren eigenen Twitter-Feed mit Header- und Aktionsschaltfl\u00e4chen ein, erstellen Sie eine Sammlung von Tweets nach Hashtag oder zeigen Sie Kundenstimmen zu Ihren Produkten auf Twitter an. Erm\u00f6glichen Sie Ihren Benutzern alle Tweet-Aktionen direkt auf der Website: Retweeten, Antworten, Liken, Teilen. W\u00e4hlen Sie das beste Layout, f\u00fcgen Sie Farben hinzu und finden Sie die richtigen Proportionen des Plugins. Erh\u00f6hen Sie die Anzahl der Follower und steigern Sie das Engagement auf Ihrer Website mit lebendigen und interaktiven Feeds.<\/p> <p><b>Machen Sie Ihre Angebote attraktiv und vertrauensw\u00fcrdig, indem Sie Kundenstimmen von Twitter zeigen!<\/b><\/p> <\/div> <div class=\"application-platform-content-item-features application-platform-content-item\" id=\"features\" data-nav-section=\"features\"> <h2>Im Folgenden sind grundlegende Funktionen des Plugins aufgef\u00fchrt: <\/h2> <ul><li>Tweets aus Ihrem eigenen Konto anzeigen oder nach Hashtag ausw\u00e4hlen<\/li><li>Testimonial-Tweets bewerten mit Sternen<\/li><li>Plugin-Breite festlegen oder auf volle Breite einstellen<\/li><li>Vollst\u00e4ndiges oder kompaktes Header-Layout w\u00e4hlen<\/li><li>W\u00e4hlen Sie aus den verf\u00fcgbaren Sprachen oder fordern Sie Ihre Sprache an und wir \u00fcbersetzen das Plugin<\/li><\/ul><p><a href=\"#demo\">Untersuchen Sie alle Einstellungen in der Demo mit vollem Funktionsumfang<\/a><\/p> <\/div> <div class=\"application-platform-content-item-installation application-platform-content-item\" id=\"installation\" data-nav-section=\"installation\"> <h2>Wie f\u00fcge ich einen Twitter-Feed zu meiner GoDaddy-Website hinzu? <\/h2> <p>Befolgen Sie einfach die unten beschriebenen Schritte, um das Plugin hinzuzuf\u00fcgen. <\/p> <ol><li><b>F\u00fchren Sie unseren kostenlosen Konfigurator aus und beginnen Sie mit der Erstellung Ihres personalisierten Plugins. <\/b><br> W\u00e4hlen Sie das ausgew\u00e4hlte Design und die Funktionen des Plugins und speichern Sie die \u00c4nderungen. <\/li> <li><b>Kopieren Sie den pers\u00f6nlichen Code, der im Fenster von Elfsight Apps angezeigt wird. <\/b><br> Nachdem die Anpassung Ihres pers\u00f6nlichen Tools abgeschlossen ist, kopieren Sie den exklusiven Code im angezeigten Popup und speichern Sie ihn f\u00fcr einen sp\u00e4teren Anlass. <\/li> <li><b>Beginnen Sie mit der Nutzung des Tools auf Ihrer GoDaddy-Website. <\/b><br> F\u00fcgen Sie den zuvor kopierten Code in Ihre Homepage ein und \u00fcbernehmen Sie die Korrekturen. <\/li> <li><b>Du bist fertig! Die Einbettung ist vollst\u00e4ndig durchgef\u00fchrt. <\/b><br> Besuchen Sie Ihre Website, um die Arbeit des Plugins anzuzeigen. <\/li><\/ol> <p>Bei Problemen wenden Sie sich bitte an unseren Support. Unsere Spezialisten helfen Ihnen gerne bei allen Fragen rund um das Produkt weiter. <\/p> <\/div><div class=\"faq\" data-component=\"FAQ\"><div class=\"faq-item\">\r\n\t\t\t\t\t<div class=\"faq-item-question\">\r\n\t\t\t\t\t\t<h3 class=\"faq-item-question-text\">Wie f\u00fcge ich Twitter-Feeds ohne Programmiererfahrung zu meiner GoDaddy-Homepage hinzu?<\/h3>\r\n\r\n\t\t\t\t\t\t<div class=\"faq-item-question-icon\"><\/div>\r\n\t\t\t\t\t<\/div>\r\n\r\n\t\t\t\t\t<div class=\"faq-item-answer\">\r\n\t\t\t\t\t\t<div class=\"faq-item-answer-text\"><p>Das Unternehmen Elfsight bietet ein SaaS an L\u00f6sung, mit der Benutzer selbst eine Twitter-Feed-App erstellen k\u00f6nnen. Sehen Sie, wie unkompliziert der Prozess ist:<\/p><ul><li>Beginnen Sie direkt in der Live-Demo mit der Erstellung einer Twitter-Feed-App, die Sie auf der GoDaddy-Startseite einbetten m\u00f6chten. <\/li><li>Klicken Sie auf eine unserer vorgefertigten Vorlagen und \u00e4ndern Sie die Twitter-Feed-Einstellungen, aktualisieren Sie Ihre Inhalte, \u00e4ndern Sie das Layout und die Farben ohne Programmierkenntnisse.<\/li><li>Speichern Sie den Twitter-Feed und laden Sie ihn herunter Der Installationscode kann im Rahmen eines kostenlosen Plans einfach in die GoDaddy-Webseite eingef\u00fcgt werden.<\/li><\/ul><p>Mit dem einfachen Editor kann jeder Webbenutzer ein Twitter-Feed-Plugin erstellen und es problemlos in jede GoDaddy-Homepage integrieren . F\u00fcr den Zugang zum Elfsight Editor ist keine Zahlung oder Offenlegung Ihrer Kartendaten erforderlich. Wenn Sie auf Probleme jeglicher Art sto\u00dfen, wenden Sie sich bitte an unsere Support-Mitarbeiter.<\/p><\/div>\r\n\t\t\t\t\t<\/div>\r\n\t\t\t\t<\/div><\/div>\n","protected":false},"excerpt":{"rendered":"","protected":false},"author":9,"featured_media":0,"parent":771,"menu_order":0,"comment_status":"closed","ping_status":"closed","template":"templates\/template-application-platform.php","meta":{"publish_to_discourse":"","publish_post_category":"","wpdc_auto_publish_overridden":"","wpdc_topic_tags":"","wpdc_pin_topic":"","wpdc_pin_until":"","discourse_post_id":"","discourse_permalink":"","wpdc_publishing_response":"","wpdc_publishing_error":"","footnotes":""},"class_list":["post-10746","page","type-page","status-publish","hentry"],"yoast_head":"<!-- This site is optimized with the Yoast SEO plugin v25.3.1 - https:\/\/yoast.com\/wordpress\/plugins\/seo\/ -->\n<title>Twitter-Feed \u2013 F\u00fcgen Sie das Twitter-Feed-Plugin zur GoDaddy-Website hinzu!<\/title>\n<meta name=\"description\" content=\"Integrieren Sie im Handumdrehen ein responsives Twitter-Feed-Plugin in Ihre GoDaddy-Website! Z\u00f6gern Sie nicht, die Leistung Ihrer Website zu steigern!\" \/>\n<meta name=\"robots\" content=\"index, follow, max-snippet:-1, max-image-preview:large, max-video-preview:-1\" \/>\n<link rel=\"canonical\" href=\"https:\/\/elfsight.com\/de\/twitter-feed-widget\/godaddy\/\" \/>\n<meta property=\"og:locale\" content=\"de_DE\" \/>\n<meta property=\"og:type\" content=\"article\" \/>\n<meta property=\"og:title\" content=\"Twitter-Feed \u2013 F\u00fcgen Sie das Twitter-Feed-Plugin zur GoDaddy-Website hinzu!\" \/>\n<meta property=\"og:description\" content=\"Integrieren Sie im Handumdrehen ein responsives Twitter-Feed-Plugin in Ihre GoDaddy-Website! Z\u00f6gern Sie nicht, die Leistung Ihrer Website zu steigern!\" \/>\n<meta property=\"og:url\" content=\"https:\/\/elfsight.com\/de\/twitter-feed-widget\/godaddy\/\" \/>\n<meta property=\"og:site_name\" content=\"Elfsight DE\" \/>\n<meta property=\"article:modified_time\" content=\"2025-02-14T05:12:18+00:00\" \/>\n<meta name=\"twitter:card\" content=\"summary_large_image\" \/>\n<meta name=\"twitter:label1\" content=\"Gesch\u00e4tzte Lesezeit\" \/>\n\t<meta name=\"twitter:data1\" content=\"3\u00a0Minuten\" \/>\n<!-- \/ Yoast SEO plugin. -->","yoast_head_json":{"title":"Twitter-Feed \u2013 F\u00fcgen Sie das Twitter-Feed-Plugin zur GoDaddy-Website hinzu!","description":"Integrieren Sie im Handumdrehen ein responsives Twitter-Feed-Plugin in Ihre GoDaddy-Website! Z\u00f6gern Sie nicht, die Leistung Ihrer Website zu steigern!","robots":{"index":"index","follow":"follow","max-snippet":"max-snippet:-1","max-image-preview":"max-image-preview:large","max-video-preview":"max-video-preview:-1"},"canonical":"https:\/\/elfsight.com\/de\/twitter-feed-widget\/godaddy\/","og_locale":"de_DE","og_type":"article","og_title":"Twitter-Feed \u2013 F\u00fcgen Sie das Twitter-Feed-Plugin zur GoDaddy-Website hinzu!","og_description":"Integrieren Sie im Handumdrehen ein responsives Twitter-Feed-Plugin in Ihre GoDaddy-Website! Z\u00f6gern Sie nicht, die Leistung Ihrer Website zu steigern!","og_url":"https:\/\/elfsight.com\/de\/twitter-feed-widget\/godaddy\/","og_site_name":"Elfsight DE","article_modified_time":"2025-02-14T05:12:18+00:00","twitter_card":"summary_large_image","twitter_misc":{"Gesch\u00e4tzte Lesezeit":"3\u00a0Minuten"},"schema":{"@context":"https:\/\/schema.org","@graph":[{"@type":"WebPage","@id":"https:\/\/elfsight.com\/de\/twitter-feed-widget\/godaddy\/","url":"https:\/\/elfsight.com\/de\/twitter-feed-widget\/godaddy\/","name":"Twitter-Feed \u2013 F\u00fcgen Sie das Twitter-Feed-Plugin zur GoDaddy-Website hinzu!","isPartOf":{"@id":"https:\/\/elfsight.com\/de\/#website"},"datePublished":"1970-01-01T00:00:00+00:00","dateModified":"2025-02-14T05:12:18+00:00","description":"Integrieren Sie im Handumdrehen ein responsives Twitter-Feed-Plugin in Ihre GoDaddy-Website! Z\u00f6gern Sie nicht, die Leistung Ihrer Website zu steigern!","breadcrumb":{"@id":"https:\/\/elfsight.com\/de\/twitter-feed-widget\/godaddy\/#breadcrumb"},"inLanguage":"de","potentialAction":[{"@type":"ReadAction","target":["https:\/\/elfsight.com\/de\/twitter-feed-widget\/godaddy\/"]}]},{"@type":"BreadcrumbList","@id":"https:\/\/elfsight.com\/de\/twitter-feed-widget\/godaddy\/#breadcrumb","itemListElement":[{"@type":"ListItem","position":1,"name":"Home","item":"https:\/\/elfsight.com\/de\/"},{"@type":"ListItem","position":2,"name":"Twitter Feed","item":"https:\/\/elfsight.com\/de\/twitter-feed-widget\/"},{"@type":"ListItem","position":3,"name":"Twitter Feed &#8211; GoDaddy"}]},{"@type":"WebSite","@id":"https:\/\/elfsight.com\/de\/#website","url":"https:\/\/elfsight.com\/de\/","name":"Elfsight DE","description":"Just another Elfsight Sites site","potentialAction":[{"@type":"SearchAction","target":{"@type":"EntryPoint","urlTemplate":"https:\/\/elfsight.com\/de\/?s={search_term_string}"},"query-input":{"@type":"PropertyValueSpecification","valueRequired":true,"valueName":"search_term_string"}}],"inLanguage":"de"}]}},"meta_box":{"industry":"","seo_heading":"","heading":"","description":"","cta_heading":"","cta_description":"","application":"472","h1":"GoDaddy Twitter-Feed-Plugin","h1_caption":"Erh\u00f6hen Sie das Engagement der Besucher auf der Website, indem Sie Ihren Twitter-Feed anzeigen","application_category":[],"applications_title":"","applications_request_title":"","applications_request_button_text":"","hero_text":"","hero_video":"","hero_video_schema_markup":"","selling_points_title":"","selling_points_caption":"","selling_points":[],"selling_points_cta_text":"","features_title":"","features":"","ed_cta_examples_text":"","ed_cta_examples_hidden":"","ed_cta_demo_text":"","ed_cta_demo_hidden":"","why_caption":"","why_editor_title":"","why_editor_text":"","why_team_title":"","why_team_text":"","why_service_title":"","why_service_text":"","template_catalog_visible":"0","template_catalog_title":"","template_catalog_text":"","template_catalog_categories_visible":"","demo_title":"Beeilen Sie sich und entwerfen Sie einen individuellen GoDaddy-Twitter-Feed","demo_caption":"Passen Sie es an und betten Sie das Plugin mithilfe einer Live-Demo in Ihre Homepage ein.","default_faq_hidden":"","app_template_category":[],"platform":"241","template_public_id":"","codecanyon_url":"","codecanyon_item_id":"","codecanyon_price":"","pricing_caption":"","pricing_elfsight_apps_hide_column":"","pricing_elfsight_apps_url":"","pricing_codecanyon_price_caption":"","integration_category":[],"integration_request_title":"","integration_request_cta":"","integration_platform":"","integrations":[],"platform_category":[],"video_schema_markup":"","price":"ab 0 $ \/ Monat","trial":"","benefits":[{"text":"Kostenloser Installationsservice"},{"text":"Au\u00dfergew\u00f6hnlicher Support"},{"text":"14-t\u00e4gige Geld-zur\u00fcck-Garantie"},{"text":"Laufende Updates"}],"button_url":"#demo","button_target_blank":"0","button_nofollow":"0","attributes":[{"name":"Installiert","content":"10,000 - 100,000"},{"name":"Reaktionsfreudig","content":"Ja"},{"name":"Kompatible Browser","content":"IE11, Firefox, Safari, Opera, Chrome, Edge"}],"tags":[],"tags_disable_links":"0","hide_more_platforms":"0","video_object":"","demo_hide_cta":"0","demo_hide_cloud_options":"0","pricing_title":"","pricing":[{"pricing_icon":"platform","pricing_title":"Elfsight Apps","pricing_title_caption":"Plattform\u00fcbergreifende Software","pricing_price":"ab 0 $ \/ Monat","pricing_price_caption":"Beginnen Sie mit einem kostenlosen Plan","pricing_benefits":[{"text":"Unbegrenzte Domains"},{"text":"Premium-Unternehmensunterst\u00fctzung"},{"text":"Kostenlose Installationsunterst\u00fctzung"},{"text":"Flexibles Design"}],"pricing_button_text":"Zur Website hinzuf\u00fcgen","pricing_button_url":"#demo"}],"related_apps_title":"","related_apps_hidden":"0","author":"","image":[],"title":"","job":"","social_networks":[]},"_links":{"self":[{"href":"https:\/\/elfsight.com\/de\/wp-json\/wp\/v2\/pages\/10746","targetHints":{"allow":["GET"]}}],"collection":[{"href":"https:\/\/elfsight.com\/de\/wp-json\/wp\/v2\/pages"}],"about":[{"href":"https:\/\/elfsight.com\/de\/wp-json\/wp\/v2\/types\/page"}],"author":[{"embeddable":true,"href":"https:\/\/elfsight.com\/de\/wp-json\/wp\/v2\/users\/9"}],"replies":[{"embeddable":true,"href":"https:\/\/elfsight.com\/de\/wp-json\/wp\/v2\/comments?post=10746"}],"version-history":[{"count":3,"href":"https:\/\/elfsight.com\/de\/wp-json\/wp\/v2\/pages\/10746\/revisions"}],"predecessor-version":[{"id":24145,"href":"https:\/\/elfsight.com\/de\/wp-json\/wp\/v2\/pages\/10746\/revisions\/24145"}],"up":[{"embeddable":true,"href":"https:\/\/elfsight.com\/de\/wp-json\/wp\/v2\/pages\/771"}],"wp:attachment":[{"href":"https:\/\/elfsight.com\/de\/wp-json\/wp\/v2\/media?parent=10746"}],"curies":[{"name":"wp","href":"https:\/\/api.w.org\/{rel}","templated":true}]}}