{"id":10745,"date":"1970-01-01T00:00:00","date_gmt":"1970-01-01T00:00:00","guid":{"rendered":"https:\/\/elfsight.com\/de\/?page_id=10745"},"modified":"2025-07-10T13:56:08","modified_gmt":"2025-07-10T13:56:08","slug":"prestashop","status":"publish","type":"page","link":"https:\/\/elfsight.com\/de\/twitter-feed-widget\/prestashop\/","title":{"rendered":"Twitter Feed &#8211; PrestaShop"},"content":{"rendered":"<div class=\"application-platform-content-item-description application-platform-content-item\" id=\"description\" data-nav-section=\"description\"> <h2>Beschreibung<\/h2> <p>Elfsight Twitter Feed f\u00fcr Prestashop ist ein Widget, dessen Ziel es ist, Sie bei allen aktuellen Anforderungen beim Erhalten von Eindr\u00fccken zu unterst\u00fctzen und Anfragen von Benutzern Ihrer Website. Zeigen Sie die wichtigen Teile zum Ausf\u00fcllen an, finden Sie die gew\u00fcnschte Vorlage und passen Sie die Benutzeroberfl\u00e4che an, um Ihre Besucher noch mehr dazu zu bewegen, Anforderungen an die Dienstleistungen Ihres Unternehmens zu stellen. Unser Twitter-Feed ist so konzipiert, dass er alle Ihre Bed\u00fcrfnisse erf\u00fcllt, Feedback zu erhalten und mit Ihrer Kundschaft auf dem Laufenden zu bleiben. <\/p><p><b>F\u00fcgen Sie einen Twitter-Feed ein, um Ihre E-Commerce-Herausforderungen schneller zu meistern! <\/b><\/p> <\/div> <div class=\"application-platform-content-item-features application-platform-content-item\" id=\"features\" data-nav-section=\"features\"> <h2>Sehen Sie sich die Liste der wichtigsten Funktionen an: <\/h2> <ul><li>Tweets von Ihrem eigenen Konto anzeigen oder Nach Hashtag filtern<\/li><li>Erstellen Sie einen Feed mit Testimonial-Tweets \u00fcber Ihr Unternehmen<\/li><li>Mit der Schaltfl\u00e4che \u201eFolgen\u201c in der Kopfzeile erh\u00f6hen Sie die Anzahl Ihrer Zielgruppe<\/li><li>Alle unterst\u00fctzten Tweet-Aktionen: antworten, liken, retweeten. <\/li><li>Ein spezielles Symbol zum Markieren verifizierter Konten<\/li><li>Sch\u00f6ne Vorschau-Links in Tweets<\/li><li>Videoinhalten, Anzeige von Foto- und Tweet-Textformatierungen<\/li><li>Retweeten Anzahl, Like-Anzahl in Tweets<\/li><li>Feed- oder Testimonials-Typ der Pr\u00e4sentation<\/li><li>Tweet-\u00d6ffnung auf Twitter-Symbol-Klick<\/li><\/ul><p><a href=\"# demo\">Schauen Sie sich einfach diese Demo an, um einen vollst\u00e4ndigen \u00dcberblick zu erhalten<\/a><\/p> <\/div> <div class=\"application-platform-content-item-installation application-platform-content-item\" id=\"installation\" data-nav-section=\"installation\"> <h2>So betten Sie Twitter-Feed in meine PrestaShop-Website ein<\/h2> <p>Befolgen Sie einfach die unten beschriebenen Schritte, um das Tool zu integrieren. <\/p> <ol><li><b>Starten Sie unseren kostenlosen Konfigurator und beginnen Sie mit der Gestaltung Ihres eigenen Instruments. <\/b><br> Geben Sie das ausgew\u00e4hlte Aussehen und die Spezifikationen des Widgets an und wenden Sie die \u00c4nderungen an. <\/li> <li><b>Kopieren Sie Ihren einzigartigen Code, der im Fenster von Elfsight Apps angezeigt wird. <\/b><br> Sobald die Erstellung Ihres pers\u00f6nlichen Widgets abgeschlossen ist, kopieren Sie den individuellen Code aus dem erscheinenden Popup und speichern Sie ihn zur weiteren Verwendung. <\/li> <li><b>Initiieren Sie die Anwendung des Tools auf der PrestaShop-Webseite. <\/b><br> Implementieren Sie den zuvor gespeicherten Code in Ihre Website und \u00fcbernehmen Sie die Korrekturen. <\/li> <li><b>Die Installation ist vollst\u00e4ndig abgeschlossen. <\/b><br> Besuchen Sie Ihre Webseite, um die Funktionsweise des Tools zu beobachten. <\/li><\/ol> <p>Sollten bei Ihnen Komplikationen auftreten, k\u00f6nnen Sie sich gerne an unser Kundendienstteam wenden. Unsere Mitarbeiter werden sich freuen, alle Probleme zu l\u00f6sen, die Sie m\u00f6glicherweise mit dem Widget haben. <\/p> <\/div><div class=\"faq\" data-component=\"FAQ\"><div class=\"faq-item\">\r\n\t\t\t\t\t<div class=\"faq-item-question\">\r\n\t\t\t\t\t\t<h3 class=\"faq-item-question-text\">Wie f\u00fcge ich Twitter-Feed zu meinem PrestaShop hinzu, ohne Programmiererfahrung zu haben?<\/h3>\r\n\r\n\t\t\t\t\t\t<div class=\"faq-item-question-icon\"><\/div>\r\n\t\t\t\t\t<\/div>\r\n\r\n\t\t\t\t\t<div class=\"faq-item-answer\">\r\n\t\t\t\t\t\t<div class=\"faq-item-answer-text\"><p>Das Unternehmen Elfsight stellt eine SaaS-L\u00f6sung vor erm\u00f6glicht es Ihnen, selbst ein Twitter-Feed-Widget zu erstellen. Sehen Sie sich die einfachen Schritte an:<\/p><ul><li>Arbeiten Sie direkt im Live-Editor, um einen Twitter-Feed-Bereich zu erstellen, den Sie in PrestaShop einbinden m\u00f6chten.<\/li><li>W\u00e4hlen Sie eine der vorgefertigten Vorlagen aus und passen Sie die Twitter-Feed-Einstellungen an, f\u00fcgen Sie Ihre Inhalte ein, \u00e4ndern Sie das Layout und das Farbschema ohne Programmierkenntnisse.<\/li><li>Speichern Sie die Einstellungen, die Sie im Twitter-Feed vorgenommen haben, und kopieren Sie den Installationscode. das Sie kostenlos in die PrestaShop-Website einbetten k\u00f6nnen.<\/li><\/ul><p>Mit dem intuitiven Konfigurator kann jeder Internetnutzer das Twitter-Feed-Plugin online erstellen und es einfach zur PrestaShop-Website hinzuf\u00fcgen. Sie sollten nicht bezahlen oder Ihre Kartendaten offenlegen, um auf unseren Service zuzugreifen. Sollten bei irgendeinem Schritt Probleme auftreten, k\u00f6nnen Sie sich gerne an unser Support-Team wenden.<\/p><\/div>\r\n\t\t\t\t\t<\/div>\r\n\t\t\t\t<\/div><\/div>","protected":false},"excerpt":{"rendered":"","protected":false},"author":9,"featured_media":0,"parent":771,"menu_order":0,"comment_status":"closed","ping_status":"closed","template":"templates\/template-application-platform.php","meta":{"publish_to_discourse":"","publish_post_category":"","wpdc_auto_publish_overridden":"","wpdc_topic_tags":"","wpdc_pin_topic":"","wpdc_pin_until":"","discourse_post_id":"","discourse_permalink":"","wpdc_publishing_response":"","wpdc_publishing_error":"","footnotes":""},"class_list":["post-10745","page","type-page","status-publish","hentry"],"yoast_head":"<!-- This site is optimized with the Yoast SEO plugin v25.3.1 - https:\/\/yoast.com\/wordpress\/plugins\/seo\/ -->\n<title>Das beste Twitter-Feed-Add-on f\u00fcr die PrestaShop-Website (2025)<\/title>\n<meta name=\"description\" content=\"Entwerfen Sie ein individuelles Twitter-Feed-Add-on f\u00fcr PrestaShop und zeigen Sie es auf Ihrer Website an. Kostenloser Konfigurator, professioneller Support und weitere Extras von Elfsight!\" \/>\n<meta name=\"robots\" content=\"index, follow, max-snippet:-1, max-image-preview:large, max-video-preview:-1\" \/>\n<link rel=\"canonical\" href=\"https:\/\/elfsight.com\/de\/twitter-feed-widget\/prestashop\/\" \/>\n<meta property=\"og:locale\" content=\"de_DE\" \/>\n<meta property=\"og:type\" content=\"article\" \/>\n<meta property=\"og:title\" content=\"Das beste Twitter-Feed-Add-on f\u00fcr die PrestaShop-Website (2025)\" \/>\n<meta property=\"og:description\" content=\"Entwerfen Sie ein individuelles Twitter-Feed-Add-on f\u00fcr PrestaShop und zeigen Sie es auf Ihrer Website an. Kostenloser Konfigurator, professioneller Support und weitere Extras von Elfsight!\" \/>\n<meta property=\"og:url\" content=\"https:\/\/elfsight.com\/de\/twitter-feed-widget\/prestashop\/\" \/>\n<meta property=\"og:site_name\" content=\"Elfsight DE\" \/>\n<meta property=\"article:modified_time\" content=\"2025-07-10T13:56:08+00:00\" \/>\n<meta name=\"twitter:card\" content=\"summary_large_image\" \/>\n<meta name=\"twitter:label1\" content=\"Gesch\u00e4tzte Lesezeit\" \/>\n\t<meta name=\"twitter:data1\" content=\"3\u00a0Minuten\" \/>\n<!-- \/ Yoast SEO plugin. -->","yoast_head_json":{"title":"Das beste Twitter-Feed-Add-on f\u00fcr die PrestaShop-Website (2025)","description":"Entwerfen Sie ein individuelles Twitter-Feed-Add-on f\u00fcr PrestaShop und zeigen Sie es auf Ihrer Website an. Kostenloser Konfigurator, professioneller Support und weitere Extras von Elfsight!","robots":{"index":"index","follow":"follow","max-snippet":"max-snippet:-1","max-image-preview":"max-image-preview:large","max-video-preview":"max-video-preview:-1"},"canonical":"https:\/\/elfsight.com\/de\/twitter-feed-widget\/prestashop\/","og_locale":"de_DE","og_type":"article","og_title":"Das beste Twitter-Feed-Add-on f\u00fcr die PrestaShop-Website (2025)","og_description":"Entwerfen Sie ein individuelles Twitter-Feed-Add-on f\u00fcr PrestaShop und zeigen Sie es auf Ihrer Website an. Kostenloser Konfigurator, professioneller Support und weitere Extras von Elfsight!","og_url":"https:\/\/elfsight.com\/de\/twitter-feed-widget\/prestashop\/","og_site_name":"Elfsight DE","article_modified_time":"2025-07-10T13:56:08+00:00","twitter_card":"summary_large_image","twitter_misc":{"Gesch\u00e4tzte Lesezeit":"3\u00a0Minuten"},"schema":{"@context":"https:\/\/schema.org","@graph":[{"@type":"WebPage","@id":"https:\/\/elfsight.com\/de\/twitter-feed-widget\/prestashop\/","url":"https:\/\/elfsight.com\/de\/twitter-feed-widget\/prestashop\/","name":"Das beste Twitter-Feed-Add-on f\u00fcr die PrestaShop-Website (2025)","isPartOf":{"@id":"https:\/\/elfsight.com\/de\/#website"},"datePublished":"1970-01-01T00:00:00+00:00","dateModified":"2025-07-10T13:56:08+00:00","description":"Entwerfen Sie ein individuelles Twitter-Feed-Add-on f\u00fcr PrestaShop und zeigen Sie es auf Ihrer Website an. Kostenloser Konfigurator, professioneller Support und weitere Extras von Elfsight!","breadcrumb":{"@id":"https:\/\/elfsight.com\/de\/twitter-feed-widget\/prestashop\/#breadcrumb"},"inLanguage":"de","potentialAction":[{"@type":"ReadAction","target":["https:\/\/elfsight.com\/de\/twitter-feed-widget\/prestashop\/"]}]},{"@type":"BreadcrumbList","@id":"https:\/\/elfsight.com\/de\/twitter-feed-widget\/prestashop\/#breadcrumb","itemListElement":[{"@type":"ListItem","position":1,"name":"Home","item":"https:\/\/elfsight.com\/de\/"},{"@type":"ListItem","position":2,"name":"Twitter Feed","item":"https:\/\/elfsight.com\/de\/twitter-feed-widget\/"},{"@type":"ListItem","position":3,"name":"Twitter Feed &#8211; PrestaShop"}]},{"@type":"WebSite","@id":"https:\/\/elfsight.com\/de\/#website","url":"https:\/\/elfsight.com\/de\/","name":"Elfsight DE","description":"Just another Elfsight Sites site","potentialAction":[{"@type":"SearchAction","target":{"@type":"EntryPoint","urlTemplate":"https:\/\/elfsight.com\/de\/?s={search_term_string}"},"query-input":{"@type":"PropertyValueSpecification","valueRequired":true,"valueName":"search_term_string"}}],"inLanguage":"de"}]}},"meta_box":{"industry":"","seo_heading":"","heading":"","description":"","cta_heading":"","cta_description":"","application":"472","h1":"PrestaShop Twitter-Feed-Add-on","h1_caption":"Betten Sie Tweets von Ihrem Twitter-Konto oder per Hashtag ein, um Ihre Besucher m\u00fchelos mit Echtzeitinhalten auf Ihrer Prestashop-Website auf dem Laufenden zu halten.","application_category":[],"applications_title":"","applications_request_title":"","applications_request_button_text":"","hero_text":"","hero_video":"","hero_video_schema_markup":"","selling_points_title":"","selling_points_caption":"","selling_points":[],"selling_points_cta_text":"","features_title":"","features":"","ed_cta_examples_text":"","ed_cta_examples_hidden":"","ed_cta_demo_text":"","ed_cta_demo_hidden":"","why_caption":"","why_editor_title":"","why_editor_text":"","why_team_title":"","why_team_text":"","why_service_title":"","why_service_text":"","template_catalog_visible":"","template_catalog_title":"","template_catalog_text":"","template_catalog_categories_visible":"","demo_title":"Erstellen Sie Ihr Twitter-Feed-Add-on","demo_caption":"Konfigurieren Sie Ihren Twitter-Feed und f\u00fcgen Sie ihn kostenlos zu Ihrer PrestaShop-Website hinzu!","default_faq_hidden":"","app_template_category":[],"platform":"3811","template_public_id":"","codecanyon_url":"","codecanyon_item_id":"","codecanyon_price":"","pricing_caption":"","pricing_elfsight_apps_hide_column":"","pricing_elfsight_apps_url":"","pricing_codecanyon_price_caption":"","integration_category":[],"integration_request_title":"","integration_request_cta":"","integration_platform":"","integrations":[],"platform_category":[],"video_schema_markup":"","price":"ab 0 $ \/ Monat","trial":"","benefits":[{"text":"Kostenlose Installationsunterst\u00fctzung"},{"text":"Kompetenter Kundenservice"},{"text":"14-t\u00e4gige Geld-zur\u00fcck-Garantie"},{"text":"Laufende Updates"}],"button_url":"#demo","button_target_blank":"","button_nofollow":"","attributes":[{"name":"Installiert","content":"10,000 - 100,000"},{"name":"Reaktionsfreudig","content":"Ja"},{"name":"Kompatible Browser","content":"Firefox, Safari, Opera, Chrome, Edge"}],"tags":[],"tags_disable_links":"","hide_more_platforms":"","video_object":"","demo_hide_cta":"","demo_hide_cloud_options":"","pricing_title":"","pricing":[{"pricing_icon":"platform","pricing_title":"Elfsight Apps","pricing_title_caption":"Multiplattform-Version","pricing_price":"ab 0 $ \/ Monat","pricing_price_caption":"Beginnen Sie mit einem kostenlosen Plan","pricing_benefits":[{"text":"Unbegrenzte Websites"},{"text":"Kundensupport rund um die Uhr"},{"text":"Kostenloser Installationsservice"},{"text":"Vollst\u00e4ndig anpassbar"}],"pricing_button_text":"Zur Website hinzuf\u00fcgen","pricing_button_url":"#demo"}],"related_apps_title":"","related_apps_hidden":"","author":"","image":[],"title":"","job":"","social_networks":[]},"_links":{"self":[{"href":"https:\/\/elfsight.com\/de\/wp-json\/wp\/v2\/pages\/10745","targetHints":{"allow":["GET"]}}],"collection":[{"href":"https:\/\/elfsight.com\/de\/wp-json\/wp\/v2\/pages"}],"about":[{"href":"https:\/\/elfsight.com\/de\/wp-json\/wp\/v2\/types\/page"}],"author":[{"embeddable":true,"href":"https:\/\/elfsight.com\/de\/wp-json\/wp\/v2\/users\/9"}],"replies":[{"embeddable":true,"href":"https:\/\/elfsight.com\/de\/wp-json\/wp\/v2\/comments?post=10745"}],"version-history":[{"count":2,"href":"https:\/\/elfsight.com\/de\/wp-json\/wp\/v2\/pages\/10745\/revisions"}],"predecessor-version":[{"id":22117,"href":"https:\/\/elfsight.com\/de\/wp-json\/wp\/v2\/pages\/10745\/revisions\/22117"}],"up":[{"embeddable":true,"href":"https:\/\/elfsight.com\/de\/wp-json\/wp\/v2\/pages\/771"}],"wp:attachment":[{"href":"https:\/\/elfsight.com\/de\/wp-json\/wp\/v2\/media?parent=10745"}],"curies":[{"name":"wp","href":"https:\/\/api.w.org\/{rel}","templated":true}]}}