{"id":10740,"date":"1970-01-01T00:00:00","date_gmt":"1970-01-01T00:00:00","guid":{"rendered":"https:\/\/elfsight.com\/de\/?page_id=10740"},"modified":"2025-07-10T13:55:45","modified_gmt":"2025-07-10T13:55:45","slug":"jimdo","status":"publish","type":"page","link":"https:\/\/elfsight.com\/de\/twitter-feed-widget\/jimdo\/","title":{"rendered":"Twitter Feed &#8211; Jimdo"},"content":{"rendered":"<div class=\"application-platform-content-item-description application-platform-content-item\" id=\"description\" data-nav-section=\"description\"><h2>Beschreibung<\/h2> <p>Elfsight Twitter Feed f\u00fcr Jimdo ist ein Widget, das Sie bei allen laufenden Anforderungen beim Erhalten von Eindr\u00fccken und Anfragen unterst\u00fctzen soll von Besuchern Ihrer Website. Pr\u00e4sentieren Sie die wesentlichen Aspekte zum Ausf\u00fcllen, w\u00e4hlen Sie Ihre bevorzugte Vorlage und gestalten Sie die Benutzeroberfl\u00e4che, um Ihre Kunden noch mehr dazu zu inspirieren, Fragen zu Dienstleistungen Ihres Unternehmens zu stellen. Unser Twitter-Feed ist so zusammengestellt, dass er allen Ihren Bed\u00fcrfnissen gerecht wird, Feedback zu erhalten und immer mit Ihren Kunden in Kontakt zu bleiben. <\/p><p><b>Starten Sie den Twitter-Feed, um Ihre Gesch\u00e4ftsziele zu erreichen! <\/b><\/p> <\/div> <div class=\"application-platform-content-item-features application-platform-content-item\" id=\"features\" data-nav-section=\"features\"> <h2>Zu den wertvollsten Widget-Funktionen geh\u00f6ren<\/h2> <ul><li>Tweets von Ihrem eigenen Konto anzeigen oder nach Hashtag filtern<\/li><li>Erstellen Sie einen Feed mit Testimonial-Tweets \u00fcber Ihr Unternehmen<\/li><li>Die Schaltfl\u00e4che \u201eFolgen\u201c in der Kopfzeile dient dazu, die Anzahl der Abonnenten zu erh\u00f6hen<\/li><li>Alle Tweet-Aktionen werden unterst\u00fctzt: \u201eGef\u00e4llt mir\u201c, \u201eAntworten\u201c, retweeten. <\/li><li>Ein spezielles Symbol zum Markieren verifizierter Konten<\/li><li>Sch\u00f6ne Vorschau-Links in Tweets<\/li><li>Tweet-Textformatierung, Videoinhalte und Anzeige von Fotos<\/li><li>Gef\u00e4llt mir Anzahl, Retweet-Anzahl in Tweets<\/li><li>Feed- oder Testimonials-Typ der Pr\u00e4sentation<\/li><li>Tweet-\u00d6ffnung auf Twitter-Symbol-Klick<\/li><\/ul><p><a href=\"# demo\">Mit Hilfe der Demo k\u00f6nnen Sie erleben, was das Widget bietet<\/a><\/p> <\/div> <div class=\"application-platform-content-item-installation application-platform-content-item\" id=\"installation\" data-nav-section=\"installation\"> <h2>Wie f\u00fcge ich Twitter-Feed zu meiner Jimdo-Website hinzu? <\/h2> <p>Befolgen Sie einfach die nachstehenden Anweisungen, um das Widget zu integrieren. <\/p> <ol><li><b>F\u00fchren Sie unseren kostenlosen Konfigurator aus und beginnen Sie mit der Gestaltung Ihres ma\u00dfgeschneiderten Widgets. <\/b><br> Bestimmen Sie die passenden Optik- und Funktionsmerkmale des Werkzeugs und speichern Sie die Korrekturen. <\/li> <li><b>Sie erhalten den individuellen Code, der im speziellen Formular auf Elfsight Apps angezeigt wird. <\/b><br> Wenn die Generierung Ihres Widgets abgeschlossen ist, kopieren Sie den einzelnen Code aus dem Fenster und bewahren Sie ihn f\u00fcr die zuk\u00fcnftige Verwendung auf. <\/li> <li><b>Initiieren Sie die Nutzung des Widgets auf der Jimdo-Webseite. <\/b><br> Implementieren Sie den zuvor kopierten Code in Ihre Seite und \u00fcbernehmen Sie die \u00c4nderungen. <\/li> <li><b>Die Installation ist vollst\u00e4ndig durchgef\u00fchrt. <\/b><br> Besuchen Sie Ihre Website, um in Aktion zu sehen, wie das Tool funktioniert. <\/li><\/ol> <p>Falls Sie auf irgendwelche Hindernisse sto\u00dfen, scheuen Sie sich nicht, sich an unsere Kundendienstmitarbeiter zu wenden. Unsere Berater helfen Ihnen gerne bei allen Schwierigkeiten, die Sie mit dem Produkt haben k\u00f6nnten. <\/p> <\/div><div class=\"faq\" data-component=\"FAQ\"><div class=\"faq-item\">\r\n\t\t\t\t\t<div class=\"faq-item-question\">\r\n\t\t\t\t\t\t<h3 class=\"faq-item-question-text\">Wie kann ich ohne Programmierkenntnisse Twitter-Feeds zu meiner Jimdo-Website hinzuf\u00fcgen?<\/h3>\r\n\r\n\t\t\t\t\t\t<div class=\"faq-item-question-icon\"><\/div>\r\n\t\t\t\t\t<\/div>\r\n\r\n\t\t\t\t\t<div class=\"faq-item-answer\">\r\n\t\t\t\t\t\t<div class=\"faq-item-answer-text\"><p>Elfsight-Unternehmen bietet eine SaaS-L\u00f6sung, mit der Websitebesitzer selbst eine Twitter-Feed-App erstellen k\u00f6nnen. Entdecken Sie, wie einfach es ist:<\/p><ul><li>Gehen Sie zum Online-Editor, um ein Twitter-Feed-Widget einzurichten, das Sie gerne auf Ihrem Jimdo sehen m\u00f6chten Homepage.<\/li><li>W\u00e4hlen Sie eine unserer vorgefertigten Vorlagen und \u00e4ndern Sie die Twitter-Feed-Einstellungen, f\u00fcgen Sie Ihre Inhalte hinzu, \u00e4ndern Sie das Layout und die Farben ohne Programmierkenntnisse.<\/li><li>Klicken Sie, um den Twitter-Feed zu speichern und Kopieren Sie den Plugin-Code zum Einbetten, der in jede Jimdo-Website eingef\u00fcgt werden kann, ohne dass Sie eine kostenpflichtige Version kaufen m\u00fcssen.<\/li><\/ul><p>Mit Hilfe des benutzerfreundlichen Editors kann jeder Webbenutzer Twitter erstellen Feed-Plugin online und einfach zur Jimdo-Website hinzuf\u00fcgen. Sie m\u00fcssen weder bezahlen noch Ihre Kartendaten \u00fcbermitteln, um den Elfsight-Service nutzen zu k\u00f6nnen. Sollten bei irgendeinem Schritt Probleme auftreten, wenden Sie sich bitte an unsere Support-Mitarbeiter.<\/p><\/div>\r\n\t\t\t\t\t<\/div>\r\n\t\t\t\t<\/div><\/div>","protected":false},"excerpt":{"rendered":"","protected":false},"author":9,"featured_media":0,"parent":771,"menu_order":0,"comment_status":"closed","ping_status":"closed","template":"templates\/template-application-platform.php","meta":{"publish_to_discourse":"","publish_post_category":"","wpdc_auto_publish_overridden":"","wpdc_topic_tags":"","wpdc_pin_topic":"","wpdc_pin_until":"","discourse_post_id":"","discourse_permalink":"","wpdc_publishing_response":"","wpdc_publishing_error":"","footnotes":""},"class_list":["post-10740","page","type-page","status-publish","hentry"],"yoast_head":"<!-- This site is optimized with the Yoast SEO plugin v25.3.1 - https:\/\/yoast.com\/wordpress\/plugins\/seo\/ -->\n<title>Das beste Twitter-Feed-Plugin f\u00fcr die Jimdo-Website (2026)<\/title>\n<meta name=\"description\" content=\"Entwerfen Sie ein Twitter-Feed-Widget f\u00fcr Jimdo und zeigen Sie es auf einer Website an. Kostenloser Konfigurator, professioneller Support und weitere Extras von Elfsight!\" \/>\n<meta name=\"robots\" content=\"index, follow, max-snippet:-1, max-image-preview:large, max-video-preview:-1\" \/>\n<link rel=\"canonical\" href=\"https:\/\/elfsight.com\/de\/twitter-feed-widget\/jimdo\/\" \/>\n<meta property=\"og:locale\" content=\"de_DE\" \/>\n<meta property=\"og:type\" content=\"article\" \/>\n<meta property=\"og:title\" content=\"Das beste Twitter-Feed-Plugin f\u00fcr die Jimdo-Website (2026)\" \/>\n<meta property=\"og:description\" content=\"Entwerfen Sie ein Twitter-Feed-Widget f\u00fcr Jimdo und zeigen Sie es auf einer Website an. Kostenloser Konfigurator, professioneller Support und weitere Extras von Elfsight!\" \/>\n<meta property=\"og:url\" content=\"https:\/\/elfsight.com\/de\/twitter-feed-widget\/jimdo\/\" \/>\n<meta property=\"og:site_name\" content=\"Elfsight DE\" \/>\n<meta property=\"article:modified_time\" content=\"2025-07-10T13:55:45+00:00\" \/>\n<meta name=\"twitter:card\" content=\"summary_large_image\" \/>\n<meta name=\"twitter:label1\" content=\"Gesch\u00e4tzte Lesezeit\" \/>\n\t<meta name=\"twitter:data1\" content=\"3\u00a0Minuten\" \/>\n<!-- \/ Yoast SEO plugin. -->","yoast_head_json":{"title":"Das beste Twitter-Feed-Plugin f\u00fcr die Jimdo-Website (2026)","description":"Entwerfen Sie ein Twitter-Feed-Widget f\u00fcr Jimdo und zeigen Sie es auf einer Website an. Kostenloser Konfigurator, professioneller Support und weitere Extras von Elfsight!","robots":{"index":"index","follow":"follow","max-snippet":"max-snippet:-1","max-image-preview":"max-image-preview:large","max-video-preview":"max-video-preview:-1"},"canonical":"https:\/\/elfsight.com\/de\/twitter-feed-widget\/jimdo\/","og_locale":"de_DE","og_type":"article","og_title":"Das beste Twitter-Feed-Plugin f\u00fcr die Jimdo-Website (2026)","og_description":"Entwerfen Sie ein Twitter-Feed-Widget f\u00fcr Jimdo und zeigen Sie es auf einer Website an. Kostenloser Konfigurator, professioneller Support und weitere Extras von Elfsight!","og_url":"https:\/\/elfsight.com\/de\/twitter-feed-widget\/jimdo\/","og_site_name":"Elfsight DE","article_modified_time":"2025-07-10T13:55:45+00:00","twitter_card":"summary_large_image","twitter_misc":{"Gesch\u00e4tzte Lesezeit":"3\u00a0Minuten"},"schema":{"@context":"https:\/\/schema.org","@graph":[{"@type":"WebPage","@id":"https:\/\/elfsight.com\/de\/twitter-feed-widget\/jimdo\/","url":"https:\/\/elfsight.com\/de\/twitter-feed-widget\/jimdo\/","name":"Das beste Twitter-Feed-Plugin f\u00fcr die Jimdo-Website (2026)","isPartOf":{"@id":"https:\/\/elfsight.com\/de\/#website"},"datePublished":"1970-01-01T00:00:00+00:00","dateModified":"2025-07-10T13:55:45+00:00","description":"Entwerfen Sie ein Twitter-Feed-Widget f\u00fcr Jimdo und zeigen Sie es auf einer Website an. Kostenloser Konfigurator, professioneller Support und weitere Extras von Elfsight!","breadcrumb":{"@id":"https:\/\/elfsight.com\/de\/twitter-feed-widget\/jimdo\/#breadcrumb"},"inLanguage":"de","potentialAction":[{"@type":"ReadAction","target":["https:\/\/elfsight.com\/de\/twitter-feed-widget\/jimdo\/"]}]},{"@type":"BreadcrumbList","@id":"https:\/\/elfsight.com\/de\/twitter-feed-widget\/jimdo\/#breadcrumb","itemListElement":[{"@type":"ListItem","position":1,"name":"Home","item":"https:\/\/elfsight.com\/de\/"},{"@type":"ListItem","position":2,"name":"Twitter Feed","item":"https:\/\/elfsight.com\/de\/twitter-feed-widget\/"},{"@type":"ListItem","position":3,"name":"Twitter Feed &#8211; Jimdo"}]},{"@type":"WebSite","@id":"https:\/\/elfsight.com\/de\/#website","url":"https:\/\/elfsight.com\/de\/","name":"Elfsight DE","description":"Just another Elfsight Sites site","potentialAction":[{"@type":"SearchAction","target":{"@type":"EntryPoint","urlTemplate":"https:\/\/elfsight.com\/de\/?s={search_term_string}"},"query-input":{"@type":"PropertyValueSpecification","valueRequired":true,"valueName":"search_term_string"}}],"inLanguage":"de"}]}},"meta_box":{"industry":"","seo_heading":"","heading":"","description":"","cta_heading":"","cta_description":"","application":"472","h1":"Jimdo Twitter-Feed-Widget","h1_caption":"Betten Sie Tweets von Ihrem Twitter-Konto oder per Hashtag ein, um Ihre Besucher m\u00fchelos mit Echtzeitinhalten auf Ihrer Jimdo-Website auf dem Laufenden zu halten.","application_category":[],"applications_title":"","applications_request_title":"","applications_request_button_text":"","hero_text":"","hero_video":"","hero_video_schema_markup":"","selling_points_title":"","selling_points_caption":"","selling_points":[],"selling_points_cta_text":"","features_title":"","features":"","ed_cta_examples_text":"","ed_cta_examples_hidden":"","ed_cta_demo_text":"","ed_cta_demo_hidden":"","why_caption":"","why_editor_title":"","why_editor_text":"","why_team_title":"","why_team_text":"","why_service_title":"","why_service_text":"","template_catalog_visible":"","template_catalog_title":"","template_catalog_text":"","template_catalog_categories_visible":"","demo_title":"Erstellen Sie Ihr Twitter-Feed-Widget","demo_caption":"Konfigurieren Sie Ihren Twitter-Feed und f\u00fcgen Sie ihn kostenlos zu Ihrer Jimdo-Website hinzu!","default_faq_hidden":"","app_template_category":[],"platform":"239","template_public_id":"","codecanyon_url":"","codecanyon_item_id":"","codecanyon_price":"","pricing_caption":"","pricing_elfsight_apps_hide_column":"","pricing_elfsight_apps_url":"","pricing_codecanyon_price_caption":"","integration_category":[],"integration_request_title":"","integration_request_cta":"","integration_platform":"","integrations":[],"platform_category":[],"video_schema_markup":"","price":"ab 0 $ \/ Monat","trial":"","benefits":[{"text":"Kostenloser Installationsservice"},{"text":"Professioneller Kundenservice"},{"text":"14-t\u00e4gige R\u00fcckerstattungsgarantie"},{"text":"Kontinuierliche Updates"}],"button_url":"#demo","button_target_blank":"","button_nofollow":"","attributes":[{"name":"Installiert","content":"10,000 - 100,000"},{"name":"Reaktionsfreudig","content":"Ja"},{"name":"Kompatible Browser","content":"Firefox, Safari, Opera, Chrome, Edge"}],"tags":[],"tags_disable_links":"","hide_more_platforms":"","video_object":"","demo_hide_cta":"","demo_hide_cloud_options":"","pricing_title":"","pricing":[{"pricing_icon":"platform","pricing_title":"Elfsight Apps","pricing_title_caption":"Multiplattform-Version","pricing_price":"ab 0 $ \/ Monat","pricing_price_caption":"Beginnen Sie mit einem kostenlosen Plan","pricing_benefits":[{"text":"Unbegrenzte Anzahl an Websites"},{"text":"Engagierter Kundensupport"},{"text":"Kostenlose Installationsunterst\u00fctzung"},{"text":"100 % anpassbar"}],"pricing_button_text":"Zur Website hinzuf\u00fcgen","pricing_button_url":"#demo"}],"related_apps_title":"","related_apps_hidden":"","author":"","image":[],"title":"","job":"","social_networks":[]},"_links":{"self":[{"href":"https:\/\/elfsight.com\/de\/wp-json\/wp\/v2\/pages\/10740","targetHints":{"allow":["GET"]}}],"collection":[{"href":"https:\/\/elfsight.com\/de\/wp-json\/wp\/v2\/pages"}],"about":[{"href":"https:\/\/elfsight.com\/de\/wp-json\/wp\/v2\/types\/page"}],"author":[{"embeddable":true,"href":"https:\/\/elfsight.com\/de\/wp-json\/wp\/v2\/users\/9"}],"replies":[{"embeddable":true,"href":"https:\/\/elfsight.com\/de\/wp-json\/wp\/v2\/comments?post=10740"}],"version-history":[{"count":2,"href":"https:\/\/elfsight.com\/de\/wp-json\/wp\/v2\/pages\/10740\/revisions"}],"predecessor-version":[{"id":22116,"href":"https:\/\/elfsight.com\/de\/wp-json\/wp\/v2\/pages\/10740\/revisions\/22116"}],"up":[{"embeddable":true,"href":"https:\/\/elfsight.com\/de\/wp-json\/wp\/v2\/pages\/771"}],"wp:attachment":[{"href":"https:\/\/elfsight.com\/de\/wp-json\/wp\/v2\/media?parent=10740"}],"curies":[{"name":"wp","href":"https:\/\/api.w.org\/{rel}","templated":true}]}}