{"id":10724,"date":"1970-01-01T00:00:00","date_gmt":"1970-01-01T00:00:00","guid":{"rendered":"https:\/\/elfsight.com\/de\/?page_id=10724"},"modified":"2025-07-10T13:54:20","modified_gmt":"2025-07-10T13:54:20","slug":"jquery","status":"publish","type":"page","link":"https:\/\/elfsight.com\/de\/tumblr-feed-widget\/jquery\/","title":{"rendered":"Tumblr Feed &#8211; jQuery"},"content":{"rendered":"<div class=\"application-platform-content-item-description application-platform-content-item\" id=\"description\" data-nav-section=\"description\"> <h2>Beschreibung<\/h2> <p>Elfsight Tumblr Feed f\u00fcr jQuery ist ein Plugin zum Entwickeln Ihres benutzerdefinierten Feeds aus den Inhalten und Pr\u00e4sentationen des Tumblr-Netzwerks direkt auf Ihrer Website. Erstellen Sie in wenigen Minuten eine Galerie oder einen Beitrags-Slider! Genie\u00dfen Sie die absolute Kontrolle \u00fcber einen demonstrierten Inhalt und entfernen Sie Spam und alle unerw\u00fcnschten Inhalte durch manuelle Moderation. Der vollst\u00e4ndig reaktionsf\u00e4hige Online-Konfigurator bietet Ihnen viele Vorlagen zur Auswahl. <\/p> <p><b>W\u00e4hlen Sie die verlockendsten Tumblr-Inhalte aus, um die Nutzer Ihrer Website zu begeistern und mehr Menschen zu erreichen<\/b><\/p> <\/div> <div class=\"application-platform-content-item-features application-platform-content-item\" id=\"features\" data-nav-section=\"features\"> <h2>\u00dcberpr\u00fcfen Die Liste der herausragendsten Funktionen: <\/h2> <ul><li>Pr\u00e4sentieren Sie den Inhalt von Tumblr<\/li><li>Entfernen Sie Spam und unerw\u00fcnschte Inhalte \u00fcber den manuellen Moderationsmodus. <\/li><li>Platzieren Sie die Schaltfl\u00e4che \u201eFolgen\u201c in den Widget-Beitr\u00e4gen. <\/li><li>Lassen Sie Ihre Beitr\u00e4ge in einem Pop-up erscheinen. <\/li><\/ul><p><a href=\"#demo\">Sie k\u00f6nnen die vollst\u00e4ndigen Funktionen des Plugins in der Demo testen <\/a><\/p> <\/div> <div class=\"application-platform-content-item-installation  application-platform-content-item\" id=\"installation \" data-nav-section=\"installation \"> <h2>Wie bette ich den Tumblr-Feed in meine jQuery-Site ein? <\/h2> <p>Befolgen Sie einfach die unten aufgef\u00fchrten Schritte, um das Plugin zu aktivieren. <\/p> <ol><li><b>Nutzen Sie unseren kostenlosen Editor und beginnen Sie mit der Erstellung Ihres eigenen Instruments. <\/b><br> W\u00e4hlen Sie die bevorzugte Schnittstelle und Parameter des Tools und speichern Sie die Korrekturen. <\/li> <li><b>Erhalten Sie Ihren individuellen Code, der im Fenster von Elfsight Apps angezeigt wird. <\/b><br> Kopieren Sie unmittelbar nach Abschluss der Erstellung Ihres Tools den einzelnen Code aus der entstandenen Box und bewahren Sie ihn f\u00fcr die sp\u00e4tere Verwendung auf. <\/li> <li><b>Initiieren Sie die Nutzung des Tools auf Ihrer jQuery-Site. <\/b><br> F\u00fcgen Sie den zuvor kopierten Code in Ihre Seite ein und \u00fcbernehmen Sie die Anpassungen. <\/li> <li><b>Das Setup wurde erfolgreich beendet. <\/b><br> Besuchen Sie Ihre Seite, um zu sehen, wie das Plugin ausgef\u00fchrt wird. <\/li><\/ol> <p>Wenn Sie Anfragen bearbeiten oder auf Probleme sto\u00dfen, wenden Sie sich bitte an unser Kundendienstteam. Unsere Mitarbeiter helfen Ihnen gerne bei allen Problemen, die Sie mit dem Produkt haben k\u00f6nnten. <\/p> <\/div><div class=\"faq\" data-component=\"FAQ\"><div class=\"faq-item\">\r\n\t\t\t\t\t<div class=\"faq-item-question\">\r\n\t\t\t\t\t\t<h3 class=\"faq-item-question-text\">Wie bette ich Tumblr-Feed ohne Programmierkenntnisse in meine jQuery-Homepage ein?<\/h3>\r\n\r\n\t\t\t\t\t\t<div class=\"faq-item-question-icon\"><\/div>\r\n\t\t\t\t\t<\/div>\r\n\r\n\t\t\t\t\t<div class=\"faq-item-answer\">\r\n\t\t\t\t\t\t<div class=\"faq-item-answer-text\"><p>Das Unternehmen Elfsight stellt eine Cloud-L\u00f6sung vor Entdecken Sie die einfache Anleitung, mit der Benutzer selbst eine Tumblr-Feed-App erstellen k\u00f6nnen:<\/p><ul><li>Arbeiten Sie im Live-Editor, um ein Tumblr-Feed-Plugin zu erstellen, das Sie auf der jQuery-Homepage einbetten m\u00f6chten.<\/li><li>W\u00e4hlen Sie eine der vielen vorgefertigten Vorlagen aus und \u00e4ndern Sie die Tumblr-Feed-Einstellungen, \u00e4ndern Sie das Layout und das Farbschema, aktualisieren Sie Ihre Inhalte ohne Codierung.<\/li><li>Klicken Sie, um den Tumblr-Feed zu speichern und den Code des Widgets zum Einbetten zu kopieren. dass Sie ganz einfach in die jQuery-Site innerhalb eines kostenlosen Plans einf\u00fcgen k\u00f6nnen.<\/li><\/ul><p>Mit unserem benutzerfreundlichen Konfigurator kann jeder Internetnutzer einen Tumblr-Feed generieren und ihn der jQuery-Webseite hinzuf\u00fcgen. Sie sollten kein kostenpflichtiges Abonnement abschlie\u00dfen oder Ihre Kartendaten \u00fcbermitteln, um Elfsight Editor aufzurufen. Wenn Sie auf Hindernisse jeglicher Art sto\u00dfen, wenden Sie sich bitte an unsere Support-Mitarbeiter.<\/p><\/div>\r\n\t\t\t\t\t<\/div>\r\n\t\t\t\t<\/div><\/div>","protected":false},"excerpt":{"rendered":"","protected":false},"author":9,"featured_media":0,"parent":4100,"menu_order":0,"comment_status":"closed","ping_status":"closed","template":"templates\/template-application-platform.php","meta":{"publish_to_discourse":"","publish_post_category":"","wpdc_auto_publish_overridden":"","wpdc_topic_tags":"","wpdc_pin_topic":"","wpdc_pin_until":"","discourse_post_id":"","discourse_permalink":"","wpdc_publishing_response":"","wpdc_publishing_error":"","footnotes":""},"class_list":["post-10724","page","type-page","status-publish","hentry"],"yoast_head":"<!-- This site is optimized with the Yoast SEO plugin v25.3.1 - https:\/\/yoast.com\/wordpress\/plugins\/seo\/ -->\n<title>Tumblr-Feed-Plugin zur jQuery-Website hinzuf\u00fcgen (schnell und kostenlos)<\/title>\n<meta name=\"description\" content=\"Betten Sie das jQuery Tumblr Feed-Plugin auf der Seite ein. Probieren Sie die praktische Demo von Elfsight aus und erstellen Sie Ihr stilvolles Tumblr-Widget mit nur drei Klicks\" \/>\n<meta name=\"robots\" content=\"index, follow, max-snippet:-1, max-image-preview:large, max-video-preview:-1\" \/>\n<link rel=\"canonical\" href=\"https:\/\/elfsight.com\/de\/tumblr-feed-widget\/jquery\/\" \/>\n<meta property=\"og:locale\" content=\"de_DE\" \/>\n<meta property=\"og:type\" content=\"article\" \/>\n<meta property=\"og:title\" content=\"Tumblr-Feed-Plugin zur jQuery-Website hinzuf\u00fcgen (schnell und kostenlos)\" \/>\n<meta property=\"og:description\" content=\"Betten Sie das jQuery Tumblr Feed-Plugin auf der Seite ein. Probieren Sie die praktische Demo von Elfsight aus und erstellen Sie Ihr stilvolles Tumblr-Widget mit nur drei Klicks\" \/>\n<meta property=\"og:url\" content=\"https:\/\/elfsight.com\/de\/tumblr-feed-widget\/jquery\/\" \/>\n<meta property=\"og:site_name\" content=\"Elfsight DE\" \/>\n<meta property=\"article:modified_time\" content=\"2025-07-10T13:54:20+00:00\" \/>\n<meta name=\"twitter:card\" content=\"summary_large_image\" \/>\n<meta name=\"twitter:label1\" content=\"Gesch\u00e4tzte Lesezeit\" \/>\n\t<meta name=\"twitter:data1\" content=\"3\u00a0Minuten\" \/>\n<!-- \/ Yoast SEO plugin. -->","yoast_head_json":{"title":"Tumblr-Feed-Plugin zur jQuery-Website hinzuf\u00fcgen (schnell und kostenlos)","description":"Betten Sie das jQuery Tumblr Feed-Plugin auf der Seite ein. Probieren Sie die praktische Demo von Elfsight aus und erstellen Sie Ihr stilvolles Tumblr-Widget mit nur drei Klicks","robots":{"index":"index","follow":"follow","max-snippet":"max-snippet:-1","max-image-preview":"max-image-preview:large","max-video-preview":"max-video-preview:-1"},"canonical":"https:\/\/elfsight.com\/de\/tumblr-feed-widget\/jquery\/","og_locale":"de_DE","og_type":"article","og_title":"Tumblr-Feed-Plugin zur jQuery-Website hinzuf\u00fcgen (schnell und kostenlos)","og_description":"Betten Sie das jQuery Tumblr Feed-Plugin auf der Seite ein. Probieren Sie die praktische Demo von Elfsight aus und erstellen Sie Ihr stilvolles Tumblr-Widget mit nur drei Klicks","og_url":"https:\/\/elfsight.com\/de\/tumblr-feed-widget\/jquery\/","og_site_name":"Elfsight DE","article_modified_time":"2025-07-10T13:54:20+00:00","twitter_card":"summary_large_image","twitter_misc":{"Gesch\u00e4tzte Lesezeit":"3\u00a0Minuten"},"schema":{"@context":"https:\/\/schema.org","@graph":[{"@type":"WebPage","@id":"https:\/\/elfsight.com\/de\/tumblr-feed-widget\/jquery\/","url":"https:\/\/elfsight.com\/de\/tumblr-feed-widget\/jquery\/","name":"Tumblr-Feed-Plugin zur jQuery-Website hinzuf\u00fcgen (schnell und kostenlos)","isPartOf":{"@id":"https:\/\/elfsight.com\/de\/#website"},"datePublished":"1970-01-01T00:00:00+00:00","dateModified":"2025-07-10T13:54:20+00:00","description":"Betten Sie das jQuery Tumblr Feed-Plugin auf der Seite ein. Probieren Sie die praktische Demo von Elfsight aus und erstellen Sie Ihr stilvolles Tumblr-Widget mit nur drei Klicks","breadcrumb":{"@id":"https:\/\/elfsight.com\/de\/tumblr-feed-widget\/jquery\/#breadcrumb"},"inLanguage":"de","potentialAction":[{"@type":"ReadAction","target":["https:\/\/elfsight.com\/de\/tumblr-feed-widget\/jquery\/"]}]},{"@type":"BreadcrumbList","@id":"https:\/\/elfsight.com\/de\/tumblr-feed-widget\/jquery\/#breadcrumb","itemListElement":[{"@type":"ListItem","position":1,"name":"Home","item":"https:\/\/elfsight.com\/de\/"},{"@type":"ListItem","position":2,"name":"Tumblr Feed","item":"https:\/\/elfsight.com\/de\/tumblr-feed-widget\/"},{"@type":"ListItem","position":3,"name":"Tumblr Feed &#8211; jQuery"}]},{"@type":"WebSite","@id":"https:\/\/elfsight.com\/de\/#website","url":"https:\/\/elfsight.com\/de\/","name":"Elfsight DE","description":"Just another Elfsight Sites site","potentialAction":[{"@type":"SearchAction","target":{"@type":"EntryPoint","urlTemplate":"https:\/\/elfsight.com\/de\/?s={search_term_string}"},"query-input":{"@type":"PropertyValueSpecification","valueRequired":true,"valueName":"search_term_string"}}],"inLanguage":"de"}]}},"meta_box":{"industry":"","seo_heading":"","heading":"","description":"","cta_heading":"","cta_description":"","application":"4099","h1":"jQuery Tumblr Feed-Plugin","h1_caption":"Zeigen Sie Beitr\u00e4ge aus Ihrem Tumblr-Blog auf Ihrer Website an, um Besucher m\u00fchelos \u00fcber Ihre neuesten Inhalte auf Ihrer jQuery-Website auf dem Laufenden zu halten.","application_category":[],"applications_title":"","applications_request_title":"","applications_request_button_text":"","hero_text":"","hero_video":"","hero_video_schema_markup":"","selling_points_title":"","selling_points_caption":"","selling_points":[],"selling_points_cta_text":"","features_title":"","features":"","ed_cta_examples_text":"","ed_cta_examples_hidden":"","ed_cta_demo_text":"","ed_cta_demo_hidden":"","why_caption":"","why_editor_title":"","why_editor_text":"","why_team_title":"","why_team_text":"","why_service_title":"","why_service_text":"","template_catalog_visible":"","template_catalog_title":"","template_catalog_text":"","template_catalog_categories_visible":"","demo_title":"Erstellen Sie Ihr Tumblr-Feed-Plugin","demo_caption":"Konfigurieren Sie Ihren Tumblr-Feed und f\u00fcgen Sie ihn kostenlos zu Ihrer jQuery-Website hinzu!","default_faq_hidden":"","app_template_category":[],"platform":"258","template_public_id":"","codecanyon_url":"","codecanyon_item_id":"","codecanyon_price":"","pricing_caption":"","pricing_elfsight_apps_hide_column":"","pricing_elfsight_apps_url":"","pricing_codecanyon_price_caption":"","integration_category":[],"integration_request_title":"","integration_request_cta":"","integration_platform":"","integrations":[],"platform_category":[],"video_schema_markup":"","price":"ab 0 $ \/ Monat","trial":"","benefits":[{"text":"Kostenloser Installationsservice"},{"text":"Premium-Support"},{"text":"14-t\u00e4gige Geld-zur\u00fcck-Garantie"},{"text":"Fortlaufende Entwicklung"}],"button_url":"#demo","button_target_blank":"","button_nofollow":"","attributes":[{"name":"Installiert","content":"10,000 - 100,000"},{"name":"Reaktionsfreudig","content":"Ja"},{"name":"Kompatible Browser","content":"Firefox, Safari, Opera, Chrome, Edge"}],"tags":[],"tags_disable_links":"","hide_more_platforms":"","video_object":"","demo_hide_cta":"","demo_hide_cloud_options":"","pricing_title":"","pricing":[{"pricing_icon":"platform","pricing_title":"Elfsight Apps","pricing_title_caption":"Multiplattform-Software, die auf jeder Site funktioniert","pricing_price":"ab 0 $ \/ Monat","pricing_price_caption":"Beginnen Sie mit einem kostenlosen Plan","pricing_benefits":[{"text":"Unbegrenzte Websites"},{"text":"Engagierter Kundensupport"},{"text":"Kostenloser Installationsservice"},{"text":"Vollst\u00e4ndig anpassbar"}],"pricing_button_text":"Zur Website hinzuf\u00fcgen","pricing_button_url":"#demo"}],"related_apps_title":"","related_apps_hidden":"","author":"","image":[],"title":"","job":"","social_networks":[]},"_links":{"self":[{"href":"https:\/\/elfsight.com\/de\/wp-json\/wp\/v2\/pages\/10724","targetHints":{"allow":["GET"]}}],"collection":[{"href":"https:\/\/elfsight.com\/de\/wp-json\/wp\/v2\/pages"}],"about":[{"href":"https:\/\/elfsight.com\/de\/wp-json\/wp\/v2\/types\/page"}],"author":[{"embeddable":true,"href":"https:\/\/elfsight.com\/de\/wp-json\/wp\/v2\/users\/9"}],"replies":[{"embeddable":true,"href":"https:\/\/elfsight.com\/de\/wp-json\/wp\/v2\/comments?post=10724"}],"version-history":[{"count":2,"href":"https:\/\/elfsight.com\/de\/wp-json\/wp\/v2\/pages\/10724\/revisions"}],"predecessor-version":[{"id":22109,"href":"https:\/\/elfsight.com\/de\/wp-json\/wp\/v2\/pages\/10724\/revisions\/22109"}],"up":[{"embeddable":true,"href":"https:\/\/elfsight.com\/de\/wp-json\/wp\/v2\/pages\/4100"}],"wp:attachment":[{"href":"https:\/\/elfsight.com\/de\/wp-json\/wp\/v2\/media?parent=10724"}],"curies":[{"name":"wp","href":"https:\/\/api.w.org\/{rel}","templated":true}]}}