{"id":10722,"date":"1970-01-01T00:00:00","date_gmt":"1970-01-01T00:00:00","guid":{"rendered":"https:\/\/elfsight.com\/de\/?page_id=10722"},"modified":"2025-07-10T13:54:00","modified_gmt":"2025-07-10T13:54:00","slug":"iframe","status":"publish","type":"page","link":"https:\/\/elfsight.com\/de\/tumblr-feed-widget\/iframe\/","title":{"rendered":"Tumblr Feed &#8211; iFrame"},"content":{"rendered":"<div class=\"application-platform-content-item-description application-platform-content-item\" id=\"description\" data-nav-section=\"description\"> <h2>Einbetten Sie den Tumblr-Feed in iFrame mit dem Elfsight-Widget<\/h2> <p>Elfsight Tumblr Feed f\u00fcr iFrame ist ein Widget zum Gestalten Ihres benutzerdefinierten Feeds bestehend aus den Tumblr-Quellen und deren Demonstration direkt auf Ihrer Website. Entwickeln Sie in 1-2-3 eine Galerie oder einen Beitrags-Slider! \u00dcben Sie die vollst\u00e4ndige Kontrolle \u00fcber einen demonstrierten Inhalt aus und eliminieren Sie Spam und unerw\u00fcnschte Inhalte durch manuelle Moderation. Der vollst\u00e4ndig reaktionsf\u00e4hige Online-Editor bietet Ihnen zahlreiche Vorlagen zur Auswahl. <\/p> <p><b>W\u00e4hlen Sie die auff\u00e4lligsten Tumblr-Inhalte aus, um Ihr Publikum zu begeistern und mehr Menschen zu beeinflussen<\/b><\/p> <\/div> <div class=\"application-platform-content-item-features application-platform-content-item\" id=\"features\" data-nav-section=\"features\"> <h2>Dies sind Dies sind nur einige der wertvollen Widget-Funktionen: <\/h2> <ul><li>Zeigen Sie den Inhalt von Tumblr an<\/li><li>Entfernen Sie Spam und unerw\u00fcnschte Inhalte mithilfe des manuellen Moderationsmodus. <\/li><li>Installieren Sie die Schaltfl\u00e4che \u201eFolgen\u201c auf den Widget-Karten. <\/li><li>Lassen Sie Ihre Beitr\u00e4ge in einem Pop-up anzeigen. <\/li><\/ul><p><a href=\"#demo\">Die volle Funktionalit\u00e4t des Widgets k\u00f6nnen Sie gleich hier in der Demo entdecken<\/a><\/p> <\/div> <div class=\"application-platform-content-item-Installation application-platform-content-item\" id=\"Installation\" data-nav-section=\"Installation\"> <h2>Wie kann ich Tumblr-Feed in meine iFrame-Site einbetten? <\/h2> <p>Befolgen Sie einfach die folgenden Richtlinien, um das Tool einzubetten. <\/p> <ol><li><b>Nutzen Sie unseren kostenlosen Konfigurator und beginnen Sie mit der Erstellung Ihres personalisierten Widgets. <\/b><br> Geben Sie das passende Design und die Eigenschaften des Plugins an und speichern Sie die \u00c4nderungen. <\/li> <li><b>Erwerben Sie den individuellen Code, der im speziellen Formular auf Elfsight Apps angezeigt wird. <\/b><br> Sobald die Einrichtung Ihres Widgets abgeschlossen ist, kopieren Sie den pers\u00f6nlichen Code im angezeigten Popup und speichern Sie ihn f\u00fcr zuk\u00fcnftige Gelegenheiten. <\/li> <li><b>Beginnen Sie mit der Nutzung des Widgets auf der iFrame-Website. <\/b><br> F\u00fcgen Sie den k\u00fcrzlich kopierten Code in Ihre Website ein und speichern Sie die Anpassungen. <\/li> <li><b>Das Setup wurde erfolgreich abgeschlossen. <\/b><br> Gehen Sie auf Ihre Seite, um die Leistung des Plugins in Aktion zu sehen. <\/li><\/ol> <p>Wenn Sie auf Schwierigkeiten sto\u00dfen, scheuen Sie sich nicht, Hilfe von unserem Kundendienstteam in Anspruch zu nehmen. Unsere Mitarbeiter helfen Ihnen gerne bei allen Schwierigkeiten, die Sie mit dem Tool haben k\u00f6nnten. <\/p> <\/div><div class=\"faq\" data-component=\"FAQ\"><div class=\"faq-item\">\r\n\t\t\t\t\t<div class=\"faq-item-question\">\r\n\t\t\t\t\t\t<h3 class=\"faq-item-question-text\">Gibt es eine Option zum Einbetten von Tumblr-Feeds in meine iFrame-Webseite ohne Codierung?<\/h3>\r\n\r\n\t\t\t\t\t\t<div class=\"faq-item-question-icon\"><\/div>\r\n\t\t\t\t\t<\/div>\r\n\r\n\t\t\t\t\t<div class=\"faq-item-answer\">\r\n\t\t\t\t\t\t<div class=\"faq-item-answer-text\"><p>Das bietet Elfsight an Eine Cloud-L\u00f6sung, mit der Benutzer selbst eine Tumblr-Feed-App erstellen k\u00f6nnen. Lernen Sie die einfachen Anweisungen:<\/p><ul><li>Beginnen Sie mit der Arbeit im Live-Editor, um ein Tumblr-Feed-Widget zu erstellen, das Sie auf der iFrame-Website integrieren m\u00f6chten.<\/li><li>W\u00e4hlen Sie eine der vielen vorgefertigten Vorlagen und passen Sie die Tumblr-Feed-Einstellungen an, aktualisieren Sie Ihre Inhalte, \u00e4ndern Sie das Layout und das Farbschema ohne Programmierkenntnisse.<\/li><li>Klicken Sie hier, um die von Ihnen vorgenommenen Einstellungen zu speichern Melden Sie sich beim Tumblr-Feed an und erhalten Sie den Installationscode, der einfach und kostenlos in jede iFrame-Website eingebettet werden kann.<\/li><\/ul><p>Mit unserem intuitiven Konfigurator kann jeder Webbenutzer online ein Tumblr-Feed-Plugin erstellen und es m\u00fchelos einf\u00fcgen die iFrame-Website. Sie m\u00fcssen weder bezahlen noch Ihre Kartendaten \u00fcbermitteln, um auf unseren Editor zuzugreifen. Sollten bei irgendeinem Schritt Probleme auftreten, wenden Sie sich bitte an unseren technischen Kundensupport.<\/p><\/div>\r\n\t\t\t\t\t<\/div>\r\n\t\t\t\t<\/div><\/div>","protected":false},"excerpt":{"rendered":"","protected":false},"author":9,"featured_media":0,"parent":4100,"menu_order":0,"comment_status":"closed","ping_status":"closed","template":"templates\/template-application-platform.php","meta":{"publish_to_discourse":"","publish_post_category":"","wpdc_auto_publish_overridden":"","wpdc_topic_tags":"","wpdc_pin_topic":"","wpdc_pin_until":"","discourse_post_id":"","discourse_permalink":"","wpdc_publishing_response":"","wpdc_publishing_error":"","footnotes":""},"class_list":["post-10722","page","type-page","status-publish","hentry"],"yoast_head":"<!-- This site is optimized with the Yoast SEO plugin v25.3.1 - https:\/\/yoast.com\/wordpress\/plugins\/seo\/ -->\n<title>Tumblr-Feed-Widget zur iFrame-Website hinzuf\u00fcgen (schnell und kostenlos)<\/title>\n<meta name=\"description\" content=\"Integrieren Sie ein einfach zu verwaltendes iFrame-Tumblr-Feed-Widget auf der Seite. Probieren Sie die praktische Demo von Elfsight aus und erstellen Sie mit nur zwei Klicks Ihre fantastische Tumblr-App\" \/>\n<meta name=\"robots\" content=\"index, follow, max-snippet:-1, max-image-preview:large, max-video-preview:-1\" \/>\n<link rel=\"canonical\" href=\"https:\/\/elfsight.com\/de\/tumblr-feed-widget\/iframe\/\" \/>\n<meta property=\"og:locale\" content=\"de_DE\" \/>\n<meta property=\"og:type\" content=\"article\" \/>\n<meta property=\"og:title\" content=\"Tumblr-Feed-Widget zur iFrame-Website hinzuf\u00fcgen (schnell und kostenlos)\" \/>\n<meta property=\"og:description\" content=\"Integrieren Sie ein einfach zu verwaltendes iFrame-Tumblr-Feed-Widget auf der Seite. Probieren Sie die praktische Demo von Elfsight aus und erstellen Sie mit nur zwei Klicks Ihre fantastische Tumblr-App\" \/>\n<meta property=\"og:url\" content=\"https:\/\/elfsight.com\/de\/tumblr-feed-widget\/iframe\/\" \/>\n<meta property=\"og:site_name\" content=\"Elfsight DE\" \/>\n<meta property=\"article:modified_time\" content=\"2025-07-10T13:54:00+00:00\" \/>\n<meta name=\"twitter:card\" content=\"summary_large_image\" \/>\n<meta name=\"twitter:label1\" content=\"Gesch\u00e4tzte Lesezeit\" \/>\n\t<meta name=\"twitter:data1\" content=\"3\u00a0Minuten\" \/>\n<!-- \/ Yoast SEO plugin. -->","yoast_head_json":{"title":"Tumblr-Feed-Widget zur iFrame-Website hinzuf\u00fcgen (schnell und kostenlos)","description":"Integrieren Sie ein einfach zu verwaltendes iFrame-Tumblr-Feed-Widget auf der Seite. Probieren Sie die praktische Demo von Elfsight aus und erstellen Sie mit nur zwei Klicks Ihre fantastische Tumblr-App","robots":{"index":"index","follow":"follow","max-snippet":"max-snippet:-1","max-image-preview":"max-image-preview:large","max-video-preview":"max-video-preview:-1"},"canonical":"https:\/\/elfsight.com\/de\/tumblr-feed-widget\/iframe\/","og_locale":"de_DE","og_type":"article","og_title":"Tumblr-Feed-Widget zur iFrame-Website hinzuf\u00fcgen (schnell und kostenlos)","og_description":"Integrieren Sie ein einfach zu verwaltendes iFrame-Tumblr-Feed-Widget auf der Seite. Probieren Sie die praktische Demo von Elfsight aus und erstellen Sie mit nur zwei Klicks Ihre fantastische Tumblr-App","og_url":"https:\/\/elfsight.com\/de\/tumblr-feed-widget\/iframe\/","og_site_name":"Elfsight DE","article_modified_time":"2025-07-10T13:54:00+00:00","twitter_card":"summary_large_image","twitter_misc":{"Gesch\u00e4tzte Lesezeit":"3\u00a0Minuten"},"schema":{"@context":"https:\/\/schema.org","@graph":[{"@type":"WebPage","@id":"https:\/\/elfsight.com\/de\/tumblr-feed-widget\/iframe\/","url":"https:\/\/elfsight.com\/de\/tumblr-feed-widget\/iframe\/","name":"Tumblr-Feed-Widget zur iFrame-Website hinzuf\u00fcgen (schnell und kostenlos)","isPartOf":{"@id":"https:\/\/elfsight.com\/de\/#website"},"datePublished":"1970-01-01T00:00:00+00:00","dateModified":"2025-07-10T13:54:00+00:00","description":"Integrieren Sie ein einfach zu verwaltendes iFrame-Tumblr-Feed-Widget auf der Seite. Probieren Sie die praktische Demo von Elfsight aus und erstellen Sie mit nur zwei Klicks Ihre fantastische Tumblr-App","breadcrumb":{"@id":"https:\/\/elfsight.com\/de\/tumblr-feed-widget\/iframe\/#breadcrumb"},"inLanguage":"de","potentialAction":[{"@type":"ReadAction","target":["https:\/\/elfsight.com\/de\/tumblr-feed-widget\/iframe\/"]}]},{"@type":"BreadcrumbList","@id":"https:\/\/elfsight.com\/de\/tumblr-feed-widget\/iframe\/#breadcrumb","itemListElement":[{"@type":"ListItem","position":1,"name":"Home","item":"https:\/\/elfsight.com\/de\/"},{"@type":"ListItem","position":2,"name":"Tumblr Feed","item":"https:\/\/elfsight.com\/de\/tumblr-feed-widget\/"},{"@type":"ListItem","position":3,"name":"Tumblr Feed &#8211; iFrame"}]},{"@type":"WebSite","@id":"https:\/\/elfsight.com\/de\/#website","url":"https:\/\/elfsight.com\/de\/","name":"Elfsight DE","description":"Just another Elfsight Sites site","potentialAction":[{"@type":"SearchAction","target":{"@type":"EntryPoint","urlTemplate":"https:\/\/elfsight.com\/de\/?s={search_term_string}"},"query-input":{"@type":"PropertyValueSpecification","valueRequired":true,"valueName":"search_term_string"}}],"inLanguage":"de"}]}},"meta_box":{"industry":"","seo_heading":"","heading":"","description":"","cta_heading":"","cta_description":"","application":"4099","h1":"iFrame Tumblr-Feed-Widget","h1_caption":"Zeigen Sie Beitr\u00e4ge aus Ihrem Tumblr-Blog auf Ihrer Website an, um Besucher m\u00fchelos \u00fcber Ihre neuesten Inhalte auf Ihrer iFrame-Website auf dem Laufenden zu halten.","application_category":[],"applications_title":"","applications_request_title":"","applications_request_button_text":"","hero_text":"","hero_video":"","hero_video_schema_markup":"","selling_points_title":"","selling_points_caption":"","selling_points":[],"selling_points_cta_text":"","features_title":"","features":"","ed_cta_examples_text":"","ed_cta_examples_hidden":"","ed_cta_demo_text":"","ed_cta_demo_hidden":"","why_caption":"","why_editor_title":"","why_editor_text":"","why_team_title":"","why_team_text":"","why_service_title":"","why_service_text":"","template_catalog_visible":"","template_catalog_title":"","template_catalog_text":"","template_catalog_categories_visible":"","demo_title":"Erstellen Sie Ihr Tumblr-Feed-Widget","demo_caption":"Konfigurieren Sie Ihren Tumblr-Feed und f\u00fcgen Sie ihn kostenlos zu Ihrer iFrame-Website hinzu!","default_faq_hidden":"","app_template_category":[],"platform":"240","template_public_id":"","codecanyon_url":"","codecanyon_item_id":"","codecanyon_price":"","pricing_caption":"","pricing_elfsight_apps_hide_column":"","pricing_elfsight_apps_url":"","pricing_codecanyon_price_caption":"","integration_category":[],"integration_request_title":"","integration_request_cta":"","integration_platform":"","integrations":[],"platform_category":[],"video_schema_markup":"","price":"ab 0 $ \/ Monat","trial":"","benefits":[{"text":"Kostenlose Installationshilfe"},{"text":"Kompetenter Kundenservice"},{"text":"14-t\u00e4gige R\u00fcckerstattungsgarantie"},{"text":"Fortlaufende Entwicklung"}],"button_url":"#demo","button_target_blank":"","button_nofollow":"","attributes":[{"name":"Installiert","content":"10,000 - 100,000"},{"name":"Reaktionsfreudig","content":"Ja"},{"name":"Kompatible Browser","content":"Firefox, Safari, Opera, Chrome, Edge"}],"tags":[],"tags_disable_links":"","hide_more_platforms":"","video_object":"","demo_hide_cta":"","demo_hide_cloud_options":"","pricing_title":"","pricing":[{"pricing_icon":"platform","pricing_title":"Elfsight Apps","pricing_title_caption":"Plattformunabh\u00e4ngige Version","pricing_price":"ab 0 $ \/ Monat","pricing_price_caption":"Beginnen Sie mit einem kostenlosen Plan","pricing_benefits":[{"text":"Unbegrenzte Domains"},{"text":"Erstklassiger Kundensupport und gut dokumentiert"},{"text":"Kostenlose Installationshilfe"},{"text":"Flexibles Design"}],"pricing_button_text":"Zur Website hinzuf\u00fcgen","pricing_button_url":"#demo"}],"related_apps_title":"","related_apps_hidden":"","author":"","image":[],"title":"","job":"","social_networks":[]},"_links":{"self":[{"href":"https:\/\/elfsight.com\/de\/wp-json\/wp\/v2\/pages\/10722","targetHints":{"allow":["GET"]}}],"collection":[{"href":"https:\/\/elfsight.com\/de\/wp-json\/wp\/v2\/pages"}],"about":[{"href":"https:\/\/elfsight.com\/de\/wp-json\/wp\/v2\/types\/page"}],"author":[{"embeddable":true,"href":"https:\/\/elfsight.com\/de\/wp-json\/wp\/v2\/users\/9"}],"replies":[{"embeddable":true,"href":"https:\/\/elfsight.com\/de\/wp-json\/wp\/v2\/comments?post=10722"}],"version-history":[{"count":2,"href":"https:\/\/elfsight.com\/de\/wp-json\/wp\/v2\/pages\/10722\/revisions"}],"predecessor-version":[{"id":22108,"href":"https:\/\/elfsight.com\/de\/wp-json\/wp\/v2\/pages\/10722\/revisions\/22108"}],"up":[{"embeddable":true,"href":"https:\/\/elfsight.com\/de\/wp-json\/wp\/v2\/pages\/4100"}],"wp:attachment":[{"href":"https:\/\/elfsight.com\/de\/wp-json\/wp\/v2\/media?parent=10722"}],"curies":[{"name":"wp","href":"https:\/\/api.w.org\/{rel}","templated":true}]}}