{"id":10716,"date":"1970-01-01T00:00:00","date_gmt":"1970-01-01T00:00:00","guid":{"rendered":"https:\/\/elfsight.com\/de\/?page_id=10716"},"modified":"2025-07-10T13:53:53","modified_gmt":"2025-07-10T13:53:53","slug":"html","status":"publish","type":"page","link":"https:\/\/elfsight.com\/de\/tumblr-feed-widget\/html\/","title":{"rendered":"Tumblr Feed &#8211; HTML"},"content":{"rendered":"<div class=\"application-platform-content-item-description application-platform-content-item\" id=\"description\" data-nav-section=\"description\"> <h2>Beschreibung<\/h2> <p>Elfsight Tumblr Feed f\u00fcr HTML ist ein spezielles Widget zum Erstellen Ihres personalisierten Feeds, der aus den Inhalten des Tumblr-Blogs besteht Platzieren Sie es direkt auf Ihrer Website. Entwickeln Sie mit wenigen Klicks eine Galerie oder einen Post-Slider! \u00dcben Sie die absolute Kontrolle \u00fcber einen demonstrierten Inhalt aus und beseitigen Sie Spam und alle unerw\u00fcnschten Inhalte durch manuelle Moderation. Der vollst\u00e4ndig responsive Online-Konfigurator bietet Ihnen vielf\u00e4ltige Vorlagen zur Auswahl. <\/p> <p><b>Zeigen Sie die auff\u00e4lligsten Tumblr-Inhalte, um Ihre Besucher zu fesseln und mehr Menschen zu kontaktieren<\/b><\/p> <\/div> <div class=\"application-platform-content-item-features application-platform-content-item\" id=\"features\" data-nav-section=\"features\"> <h2>Das Widget verf\u00fcgt \u00fcber praktische und einfache Funktionen, sehen Sie sich einige davon an: <\/h2> <ul><li>Pr\u00e4sentieren Sie Ihre Inhalte von Tumblr<\/li><li>Entfernen Sie Spam und unerw\u00fcnschte Inhalte mit dem manuellen Moderationsmodus. <\/li><li>Platzieren Sie die Schaltfl\u00e4che \u201eFolgen\u201c im Widget-Feed. <\/li><li>Sorgen Sie daf\u00fcr, dass Ihre Beitr\u00e4ge in einem Popup angezeigt werden. <\/li><\/ul><p><a href=\"#demo\">Sie k\u00f6nnen testen, was das Widget bietet, indem Sie die Demo verwenden<\/a><\/p> <\/div> <div class=\"application-platform-content-item-installation application-platform-content-item\" id=\"installation\" data-nav-section=\"installation\"> <h2>Wie bette ich den Tumblr-Feed in meine HTML-Website ein? <\/h2> <p>Befolgen Sie einfach die folgenden Schritte, um das Tool einzubetten. <\/p> <ol><li><b>\u00d6ffnen Sie unseren kostenlosen Editor und beginnen Sie mit der Erstellung Ihres individuellen Widgets. <\/b><br> Geben Sie das ausgew\u00e4hlte Layout und die Spezifikationen des Widgets an und speichern Sie die \u00c4nderungen. <\/li> <li><b>Sie erhalten Ihren individuellen Code, der in der Box auf Elfsight Apps angezeigt wird. <\/b><br> Nachdem die Einrichtung Ihres Widgets abgeschlossen ist, kopieren Sie den pers\u00f6nlichen Code in das angezeigte Feld und speichern Sie ihn zur sp\u00e4teren Verwendung. <\/li> <li><b>Beginnen Sie mit der Verwendung des Widgets auf einer HTML-Website. <\/b><br> F\u00fcgen Sie den zuvor kopierten Code in Ihre Website ein und speichern Sie die Korrekturen. <\/li> <li><b>Fertig! Der Aufbau ist vollst\u00e4ndig abgeschlossen. <\/b><br> Besuchen Sie Ihre Website, um einen Blick auf die Leistung des Tools zu werfen. <\/li><\/ol> <p>Scheuen Sie sich nicht, sich an unsere Kundendienstmitarbeiter zu wenden, wenn Sie Anfragen bearbeiten oder auf Komplikationen sto\u00dfen. Unsere Berater helfen Ihnen gerne bei allen Schwierigkeiten, die Sie mit dem Plugin haben k\u00f6nnten. <\/p> <\/div><div class=\"faq\" data-component=\"FAQ\"><div class=\"faq-item\">\r\n\t\t\t\t\t<div class=\"faq-item-question\">\r\n\t\t\t\t\t\t<h3 class=\"faq-item-question-text\">Wie f\u00fcge ich Tumblr-Feed ohne Programmierkenntnisse zu meiner HTML-Homepage hinzu?<\/h3>\r\n\r\n\t\t\t\t\t\t<div class=\"faq-item-question-icon\"><\/div>\r\n\t\t\t\t\t<\/div>\r\n\r\n\t\t\t\t\t<div class=\"faq-item-answer\">\r\n\t\t\t\t\t\t<div class=\"faq-item-answer-text\"><p>Das Unternehmen Elfsight bietet eine L\u00f6sung daf\u00fcr Erm\u00f6glicht dem Benutzer, selbst ein Tumblr-Feed-Widget zu erstellen. Sehen Sie sich die einfachen Anweisungen an:<\/p><ul><li>Arbeiten Sie in der Live-Demo, um ein Tumblr-Feed-Widget zu erstellen, das auf Ihrer HTML-Site angezeigt werden soll.<\/li><li>Entscheiden Sie sich f\u00fcr eine unserer vorgefertigten Vorlagen und passen Sie die Tumblr-Feed-Einstellungen an, \u00e4ndern Sie das Layout und das Farbschema und f\u00fcgen Sie Ihre Inhalte ohne Programmierkenntnisse hinzu.<\/li><li>Klicken Sie hier, um die von Ihnen vorgenommenen Einstellungen in Tumblr zu speichern Geben Sie den Code ein und erhalten Sie ihn zum Einbetten, der kostenlos in Ihre HTML-Webseite eingef\u00fcgt werden kann.<\/li><\/ul><p>Mit dem intuitiven Editor kann jeder Internetnutzer die Tumblr-Feed-App online erstellen und problemlos in HTML einf\u00fcgen Website. Sie sollten weder bezahlen noch Ihre Kartendaten einreichen, um auf den Elfsight Editor zuzugreifen. Sollten bei irgendeinem Schritt Probleme auftreten, wenden Sie sich bitte an unsere Mitarbeiter des technischen Supports.<\/p><\/div>\r\n\t\t\t\t\t<\/div>\r\n\t\t\t\t<\/div><\/div>","protected":false},"excerpt":{"rendered":"","protected":false},"author":9,"featured_media":0,"parent":4100,"menu_order":0,"comment_status":"closed","ping_status":"closed","template":"templates\/template-application-platform.php","meta":{"publish_to_discourse":"","publish_post_category":"","wpdc_auto_publish_overridden":"","wpdc_topic_tags":"","wpdc_pin_topic":"","wpdc_pin_until":"","discourse_post_id":"","discourse_permalink":"","wpdc_publishing_response":"","wpdc_publishing_error":"","footnotes":""},"class_list":["post-10716","page","type-page","status-publish","hentry"],"yoast_head":"<!-- This site is optimized with the Yoast SEO plugin v25.3.1 - https:\/\/yoast.com\/wordpress\/plugins\/seo\/ -->\n<title>Tumblr-Feed-Widget zur HTML-Website hinzuf\u00fcgen (schnell und kostenlos)<\/title>\n<meta name=\"description\" content=\"F\u00fcgen Sie Ihrer Website ein f\u00fcr Mobilger\u00e4te optimiertes HTML-Tumblr-Feed-Widget hinzu. Probieren Sie die praktische Demo von Elfsight aus und erstellen Sie in zwei Minuten Ihr wundersch\u00f6nes Tumblr-Widget\" \/>\n<meta name=\"robots\" content=\"index, follow, max-snippet:-1, max-image-preview:large, max-video-preview:-1\" \/>\n<link rel=\"canonical\" href=\"https:\/\/elfsight.com\/de\/tumblr-feed-widget\/html\/\" \/>\n<meta property=\"og:locale\" content=\"de_DE\" \/>\n<meta property=\"og:type\" content=\"article\" \/>\n<meta property=\"og:title\" content=\"Tumblr-Feed-Widget zur HTML-Website hinzuf\u00fcgen (schnell und kostenlos)\" \/>\n<meta property=\"og:description\" content=\"F\u00fcgen Sie Ihrer Website ein f\u00fcr Mobilger\u00e4te optimiertes HTML-Tumblr-Feed-Widget hinzu. Probieren Sie die praktische Demo von Elfsight aus und erstellen Sie in zwei Minuten Ihr wundersch\u00f6nes Tumblr-Widget\" \/>\n<meta property=\"og:url\" content=\"https:\/\/elfsight.com\/de\/tumblr-feed-widget\/html\/\" \/>\n<meta property=\"og:site_name\" content=\"Elfsight DE\" \/>\n<meta property=\"article:modified_time\" content=\"2025-07-10T13:53:53+00:00\" \/>\n<meta name=\"twitter:card\" content=\"summary_large_image\" \/>\n<meta name=\"twitter:label1\" content=\"Gesch\u00e4tzte Lesezeit\" \/>\n\t<meta name=\"twitter:data1\" content=\"3\u00a0Minuten\" \/>\n<!-- \/ Yoast SEO plugin. -->","yoast_head_json":{"title":"Tumblr-Feed-Widget zur HTML-Website hinzuf\u00fcgen (schnell und kostenlos)","description":"F\u00fcgen Sie Ihrer Website ein f\u00fcr Mobilger\u00e4te optimiertes HTML-Tumblr-Feed-Widget hinzu. Probieren Sie die praktische Demo von Elfsight aus und erstellen Sie in zwei Minuten Ihr wundersch\u00f6nes Tumblr-Widget","robots":{"index":"index","follow":"follow","max-snippet":"max-snippet:-1","max-image-preview":"max-image-preview:large","max-video-preview":"max-video-preview:-1"},"canonical":"https:\/\/elfsight.com\/de\/tumblr-feed-widget\/html\/","og_locale":"de_DE","og_type":"article","og_title":"Tumblr-Feed-Widget zur HTML-Website hinzuf\u00fcgen (schnell und kostenlos)","og_description":"F\u00fcgen Sie Ihrer Website ein f\u00fcr Mobilger\u00e4te optimiertes HTML-Tumblr-Feed-Widget hinzu. Probieren Sie die praktische Demo von Elfsight aus und erstellen Sie in zwei Minuten Ihr wundersch\u00f6nes Tumblr-Widget","og_url":"https:\/\/elfsight.com\/de\/tumblr-feed-widget\/html\/","og_site_name":"Elfsight DE","article_modified_time":"2025-07-10T13:53:53+00:00","twitter_card":"summary_large_image","twitter_misc":{"Gesch\u00e4tzte Lesezeit":"3\u00a0Minuten"},"schema":{"@context":"https:\/\/schema.org","@graph":[{"@type":"WebPage","@id":"https:\/\/elfsight.com\/de\/tumblr-feed-widget\/html\/","url":"https:\/\/elfsight.com\/de\/tumblr-feed-widget\/html\/","name":"Tumblr-Feed-Widget zur HTML-Website hinzuf\u00fcgen (schnell und kostenlos)","isPartOf":{"@id":"https:\/\/elfsight.com\/de\/#website"},"datePublished":"1970-01-01T00:00:00+00:00","dateModified":"2025-07-10T13:53:53+00:00","description":"F\u00fcgen Sie Ihrer Website ein f\u00fcr Mobilger\u00e4te optimiertes HTML-Tumblr-Feed-Widget hinzu. Probieren Sie die praktische Demo von Elfsight aus und erstellen Sie in zwei Minuten Ihr wundersch\u00f6nes Tumblr-Widget","breadcrumb":{"@id":"https:\/\/elfsight.com\/de\/tumblr-feed-widget\/html\/#breadcrumb"},"inLanguage":"de","potentialAction":[{"@type":"ReadAction","target":["https:\/\/elfsight.com\/de\/tumblr-feed-widget\/html\/"]}]},{"@type":"BreadcrumbList","@id":"https:\/\/elfsight.com\/de\/tumblr-feed-widget\/html\/#breadcrumb","itemListElement":[{"@type":"ListItem","position":1,"name":"Home","item":"https:\/\/elfsight.com\/de\/"},{"@type":"ListItem","position":2,"name":"Tumblr Feed","item":"https:\/\/elfsight.com\/de\/tumblr-feed-widget\/"},{"@type":"ListItem","position":3,"name":"Tumblr Feed &#8211; HTML"}]},{"@type":"WebSite","@id":"https:\/\/elfsight.com\/de\/#website","url":"https:\/\/elfsight.com\/de\/","name":"Elfsight DE","description":"Just another Elfsight Sites site","potentialAction":[{"@type":"SearchAction","target":{"@type":"EntryPoint","urlTemplate":"https:\/\/elfsight.com\/de\/?s={search_term_string}"},"query-input":{"@type":"PropertyValueSpecification","valueRequired":true,"valueName":"search_term_string"}}],"inLanguage":"de"}]}},"meta_box":{"industry":"","seo_heading":"","heading":"","description":"","cta_heading":"","cta_description":"","application":"4099","h1":"HTML-Tumblr-Feed-Widget","h1_caption":"Zeigen Sie Beitr\u00e4ge aus Ihrem Tumblr-Blog auf Ihrer Website an, um Besucher m\u00fchelos \u00fcber Ihre neuesten Inhalte auf Ihrer HTML-Website auf dem Laufenden zu halten.","application_category":[],"applications_title":"","applications_request_title":"","applications_request_button_text":"","hero_text":"","hero_video":"","hero_video_schema_markup":"","selling_points_title":"","selling_points_caption":"","selling_points":[],"selling_points_cta_text":"","features_title":"","features":"","ed_cta_examples_text":"","ed_cta_examples_hidden":"","ed_cta_demo_text":"","ed_cta_demo_hidden":"","why_caption":"","why_editor_title":"","why_editor_text":"","why_team_title":"","why_team_text":"","why_service_title":"","why_service_text":"","template_catalog_visible":"","template_catalog_title":"","template_catalog_text":"","template_catalog_categories_visible":"","demo_title":"Erstellen Sie Ihr Tumblr-Feed-Widget","demo_caption":"Konfigurieren Sie Ihren Tumblr-Feed und f\u00fcgen Sie ihn kostenlos zu Ihrer HTML-Website hinzu!","default_faq_hidden":"","app_template_category":[],"platform":"260","template_public_id":"","codecanyon_url":"","codecanyon_item_id":"","codecanyon_price":"","pricing_caption":"","pricing_elfsight_apps_hide_column":"","pricing_elfsight_apps_url":"","pricing_codecanyon_price_caption":"","integration_category":[],"integration_request_title":"","integration_request_cta":"","integration_platform":"","integrations":[],"platform_category":[],"video_schema_markup":"","price":"ab 0 $ \/ Monat","trial":"","benefits":[{"text":"Kostenlose Installationshilfe"},{"text":"Erfahrener Kundensupport"},{"text":"14-t\u00e4gige Geld-zur\u00fcck-Garantie"},{"text":"Regelm\u00e4\u00dfige Verbesserungen"}],"button_url":"#demo","button_target_blank":"","button_nofollow":"","attributes":[{"name":"Installiert","content":"10,000 - 100,000"},{"name":"Reaktionsfreudig","content":"Ja"},{"name":"Kompatible Browser","content":"Firefox, Safari, Opera, Chrome, Edge"}],"tags":[],"tags_disable_links":"","hide_more_platforms":"","video_object":"","demo_hide_cta":"","demo_hide_cloud_options":"","pricing_title":"","pricing":[{"pricing_icon":"platform","pricing_title":"Elfsight Apps","pricing_title_caption":"Multiplattform-Version","pricing_price":"ab 0 $ \/ Monat","pricing_price_caption":"Beginnen Sie mit einem kostenlosen Plan","pricing_benefits":[{"text":"Unbegrenzte Domains"},{"text":"Kostenloser Kundensupport und gut dokumentiert"},{"text":"Kostenlose Installationsunterst\u00fctzung"},{"text":"100 % anpassbar"}],"pricing_button_text":"Zur Website hinzuf\u00fcgen","pricing_button_url":"#demo"}],"related_apps_title":"","related_apps_hidden":"","author":"","image":[],"title":"","job":"","social_networks":[]},"_links":{"self":[{"href":"https:\/\/elfsight.com\/de\/wp-json\/wp\/v2\/pages\/10716","targetHints":{"allow":["GET"]}}],"collection":[{"href":"https:\/\/elfsight.com\/de\/wp-json\/wp\/v2\/pages"}],"about":[{"href":"https:\/\/elfsight.com\/de\/wp-json\/wp\/v2\/types\/page"}],"author":[{"embeddable":true,"href":"https:\/\/elfsight.com\/de\/wp-json\/wp\/v2\/users\/9"}],"replies":[{"embeddable":true,"href":"https:\/\/elfsight.com\/de\/wp-json\/wp\/v2\/comments?post=10716"}],"version-history":[{"count":2,"href":"https:\/\/elfsight.com\/de\/wp-json\/wp\/v2\/pages\/10716\/revisions"}],"predecessor-version":[{"id":22106,"href":"https:\/\/elfsight.com\/de\/wp-json\/wp\/v2\/pages\/10716\/revisions\/22106"}],"up":[{"embeddable":true,"href":"https:\/\/elfsight.com\/de\/wp-json\/wp\/v2\/pages\/4100"}],"wp:attachment":[{"href":"https:\/\/elfsight.com\/de\/wp-json\/wp\/v2\/media?parent=10716"}],"curies":[{"name":"wp","href":"https:\/\/api.w.org\/{rel}","templated":true}]}}