{"id":10714,"date":"1970-01-01T00:00:00","date_gmt":"1970-01-01T00:00:00","guid":{"rendered":"https:\/\/elfsight.com\/de\/?page_id=10714"},"modified":"2025-07-10T13:54:43","modified_gmt":"2025-07-10T13:54:43","slug":"opencart","status":"publish","type":"page","link":"https:\/\/elfsight.com\/de\/tumblr-feed-widget\/opencart\/","title":{"rendered":"Tumblr Feed &#8211; OpenCart"},"content":{"rendered":"<div class=\"application-platform-content-item-description application-platform-content-item\" id=\"description\" data-nav-section=\"description\"> <h2>Beschreibung<\/h2> <p>Elfsight Tumblr Feed f\u00fcr OpenCart ist ein exklusives Tool zum Erstellen Ihres individuellen Feeds, der aus den Inhalten des Tumblr-Netzwerks besteht Anzeige direkt auf Ihrer Internetseite. Entwerfen Sie mit wenigen Klicks eine Galerie oder einen Beitrags-Slider! \u00dcben Sie die vollst\u00e4ndige Kontrolle \u00fcber einen demonstrierten Inhalt aus und eliminieren Sie Spam und alle unerw\u00fcnschten Inhalte durch manuelle Moderation. Der vollst\u00e4ndig reaktionsf\u00e4hige Online-Konfigurator bietet Ihnen mehrere Vorlagen zur Auswahl. <\/p> <p><b>W\u00e4hlen Sie die \u00fcberzeugendsten Tumblr-Inhalte aus, um die Nutzer Ihrer Website zu motivieren und mehr Menschen zu erreichen<\/b><\/p> <\/div> <div class=\"application-platform-content-item-features application-platform-content-item\" id=\"features\" data-nav-section=\"features\"> <h2>Hier Die Liste der wichtigsten Funktionen: <\/h2> <ul><li>Pr\u00e4sentieren Sie Ihre Social-Media-Inhalte von Tumblr<\/li><li>Entfernen Sie Spam und unerw\u00fcnschte Inhalte mithilfe des manuellen Moderationsmodus. <\/li><li>F\u00fcgen Sie die Schaltfl\u00e4che \u201eFolgen\u201c auf den Widget-Karten ein. <\/li><li>Lassen Sie Ihre Beitr\u00e4ge in einem Pop-up erscheinen. <\/li><\/ul><p><a href=\"#demo\">Testen Sie alle Personalisierungsfunktionen in einer voll funktionsf\u00e4higen Demo<\/a><\/p> <\/div> <div class=\"application-platform-content-item-installation application-platform-content-item\" id=\"installation\" data-nav-section=\"installation\"> <h2>Wie kann ich Tumblr-Feed in meine OpenCart-Site einbetten? <\/h2> <p>Befolgen Sie einfach die nachstehenden Anweisungen, um die Erweiterung zu integrieren. <\/p> <ol><li><b>F\u00fchren Sie unseren kostenlosen Editor aus und beginnen Sie mit der Erstellung Ihrer personalisierten Erweiterung. <\/b><br> Legen Sie das passende Design und die Funktionalit\u00e4t der Erweiterung fest und \u00fcbernehmen Sie die \u00c4nderungen. <\/li> <li><b>Erhalten Sie Ihren pers\u00f6nlichen Code, der in der Box auf Elfsight Apps angezeigt wird. <\/b><br> Gleich nachdem die Konfiguration Ihres pers\u00f6nlichen Widgets abgeschlossen ist, kopieren Sie den pers\u00f6nlichen Code in das angezeigte Feld und speichern Sie ihn zur sp\u00e4teren Verwendung. <\/li> <li><b>Erste Schritte mit der Verwendung des Plugins auf Ihrer Plattform-Website. <\/b><br> Geben Sie den zuvor kopierten Code in Ihre Website ein und speichern Sie die Korrekturen. <\/li> <li><b>Fertig! Das Setup wurde erfolgreich durchgef\u00fchrt. <\/b><br> Gehen Sie auf Ihre Seite, um in Aktion zu sehen, wie die Erweiterung funktioniert. <\/li><\/ol> <p>Bei Problemen k\u00f6nnen Sie sich gerne an unseren Kundenservice wenden. Unsere Mitarbeiter sind bestrebt, alle Fragen zu beantworten, die Sie m\u00f6glicherweise mit dem Plugin haben. <\/p> <\/div><div class=\"faq\" data-component=\"FAQ\"><div class=\"faq-item\">\r\n\t\t\t\t\t<div class=\"faq-item-question\">\r\n\t\t\t\t\t\t<h3 class=\"faq-item-question-text\">Gibt es eine Option zum Hinzuf\u00fcgen von Tumblr-Feeds zu meiner OpenCart-Homepage ohne Codierung?<\/h3>\r\n\r\n\t\t\t\t\t\t<div class=\"faq-item-question-icon\"><\/div>\r\n\t\t\t\t\t<\/div>\r\n\r\n\t\t\t\t\t<div class=\"faq-item-answer\">\r\n\t\t\t\t\t\t<div class=\"faq-item-answer-text\"><p>Angebote des Unternehmens Elfsight Eine SaaS-L\u00f6sung, mit der Benutzer selbst ein Tumblr-Feed-Widget erstellen k\u00f6nnen. Entdecken Sie die unkomplizierten Anweisungen:<\/p><ul><li>Gehen Sie zum Live-Editor, um ein Tumblr-Feed-Plugin zu generieren, das Sie in OpenCart einbinden m\u00f6chten.<\/li><li>W\u00e4hlen Sie eine unserer vorgefertigten Vorlagen und passen Sie die Tumblr-Feed-Einstellungen an, \u00e4ndern Sie das Layout und die Farben, f\u00fcgen Sie Ihre Inhalte ohne Programmierkenntnisse ein.<\/li><li>Klicken Sie, um den Tumblr-Feed zu speichern und die Widget-Installation zu erhalten Code, der im Rahmen eines kostenlosen Plans problemlos in die OpenCart-Site eingebunden werden kann.<\/li><\/ul><p>Mit dem intuitiven Konfigurator kann jeder Internetnutzer online einen Tumblr-Feed-Bereich erstellen und ihn in die OpenCart-Homepage einbinden. Sie m\u00fcssen weder bezahlen noch Ihre Kartendaten eingeben, um an unserem Service teilzunehmen. Wenn Sie bei irgendeinem Schritt auf Probleme sto\u00dfen, wenden Sie sich bitte an unsere Mitarbeiter des technischen Supports.<\/p><\/div>\r\n\t\t\t\t\t<\/div>\r\n\t\t\t\t<\/div><\/div>","protected":false},"excerpt":{"rendered":"","protected":false},"author":9,"featured_media":0,"parent":4100,"menu_order":0,"comment_status":"closed","ping_status":"closed","template":"templates\/template-application-platform.php","meta":{"publish_to_discourse":"","publish_post_category":"","wpdc_auto_publish_overridden":"","wpdc_topic_tags":"","wpdc_pin_topic":"","wpdc_pin_until":"","discourse_post_id":"","discourse_permalink":"","wpdc_publishing_response":"","wpdc_publishing_error":"","footnotes":""},"class_list":["post-10714","page","type-page","status-publish","hentry"],"yoast_head":"<!-- This site is optimized with the Yoast SEO plugin v25.3.1 - https:\/\/yoast.com\/wordpress\/plugins\/seo\/ -->\n<title>Tumblr-Feed-Erweiterung zur OpenCart-Website hinzuf\u00fcgen (schnell und kostenlos)<\/title>\n<meta name=\"description\" content=\"Betten Sie eine OpenCart Tumblr Feed-Erweiterung auf Ihrer Seite ein. Nutzen Sie die praktische Elfsight-Demo und erstellen Sie in nur wenigen Minuten Ihr wundersch\u00f6nes Tumblr-Widget\" \/>\n<meta name=\"robots\" content=\"index, follow, max-snippet:-1, max-image-preview:large, max-video-preview:-1\" \/>\n<link rel=\"canonical\" href=\"https:\/\/elfsight.com\/de\/tumblr-feed-widget\/opencart\/\" \/>\n<meta property=\"og:locale\" content=\"de_DE\" \/>\n<meta property=\"og:type\" content=\"article\" \/>\n<meta property=\"og:title\" content=\"Tumblr-Feed-Erweiterung zur OpenCart-Website hinzuf\u00fcgen (schnell und kostenlos)\" \/>\n<meta property=\"og:description\" content=\"Betten Sie eine OpenCart Tumblr Feed-Erweiterung auf Ihrer Seite ein. Nutzen Sie die praktische Elfsight-Demo und erstellen Sie in nur wenigen Minuten Ihr wundersch\u00f6nes Tumblr-Widget\" \/>\n<meta property=\"og:url\" content=\"https:\/\/elfsight.com\/de\/tumblr-feed-widget\/opencart\/\" \/>\n<meta property=\"og:site_name\" content=\"Elfsight DE\" \/>\n<meta property=\"article:modified_time\" content=\"2025-07-10T13:54:43+00:00\" \/>\n<meta name=\"twitter:card\" content=\"summary_large_image\" \/>\n<meta name=\"twitter:label1\" content=\"Gesch\u00e4tzte Lesezeit\" \/>\n\t<meta name=\"twitter:data1\" content=\"3\u00a0Minuten\" \/>\n<!-- \/ Yoast SEO plugin. -->","yoast_head_json":{"title":"Tumblr-Feed-Erweiterung zur OpenCart-Website hinzuf\u00fcgen (schnell und kostenlos)","description":"Betten Sie eine OpenCart Tumblr Feed-Erweiterung auf Ihrer Seite ein. Nutzen Sie die praktische Elfsight-Demo und erstellen Sie in nur wenigen Minuten Ihr wundersch\u00f6nes Tumblr-Widget","robots":{"index":"index","follow":"follow","max-snippet":"max-snippet:-1","max-image-preview":"max-image-preview:large","max-video-preview":"max-video-preview:-1"},"canonical":"https:\/\/elfsight.com\/de\/tumblr-feed-widget\/opencart\/","og_locale":"de_DE","og_type":"article","og_title":"Tumblr-Feed-Erweiterung zur OpenCart-Website hinzuf\u00fcgen (schnell und kostenlos)","og_description":"Betten Sie eine OpenCart Tumblr Feed-Erweiterung auf Ihrer Seite ein. Nutzen Sie die praktische Elfsight-Demo und erstellen Sie in nur wenigen Minuten Ihr wundersch\u00f6nes Tumblr-Widget","og_url":"https:\/\/elfsight.com\/de\/tumblr-feed-widget\/opencart\/","og_site_name":"Elfsight DE","article_modified_time":"2025-07-10T13:54:43+00:00","twitter_card":"summary_large_image","twitter_misc":{"Gesch\u00e4tzte Lesezeit":"3\u00a0Minuten"},"schema":{"@context":"https:\/\/schema.org","@graph":[{"@type":"WebPage","@id":"https:\/\/elfsight.com\/de\/tumblr-feed-widget\/opencart\/","url":"https:\/\/elfsight.com\/de\/tumblr-feed-widget\/opencart\/","name":"Tumblr-Feed-Erweiterung zur OpenCart-Website hinzuf\u00fcgen (schnell und kostenlos)","isPartOf":{"@id":"https:\/\/elfsight.com\/de\/#website"},"datePublished":"1970-01-01T00:00:00+00:00","dateModified":"2025-07-10T13:54:43+00:00","description":"Betten Sie eine OpenCart Tumblr Feed-Erweiterung auf Ihrer Seite ein. Nutzen Sie die praktische Elfsight-Demo und erstellen Sie in nur wenigen Minuten Ihr wundersch\u00f6nes Tumblr-Widget","breadcrumb":{"@id":"https:\/\/elfsight.com\/de\/tumblr-feed-widget\/opencart\/#breadcrumb"},"inLanguage":"de","potentialAction":[{"@type":"ReadAction","target":["https:\/\/elfsight.com\/de\/tumblr-feed-widget\/opencart\/"]}]},{"@type":"BreadcrumbList","@id":"https:\/\/elfsight.com\/de\/tumblr-feed-widget\/opencart\/#breadcrumb","itemListElement":[{"@type":"ListItem","position":1,"name":"Home","item":"https:\/\/elfsight.com\/de\/"},{"@type":"ListItem","position":2,"name":"Tumblr Feed","item":"https:\/\/elfsight.com\/de\/tumblr-feed-widget\/"},{"@type":"ListItem","position":3,"name":"Tumblr Feed &#8211; OpenCart"}]},{"@type":"WebSite","@id":"https:\/\/elfsight.com\/de\/#website","url":"https:\/\/elfsight.com\/de\/","name":"Elfsight DE","description":"Just another Elfsight Sites site","potentialAction":[{"@type":"SearchAction","target":{"@type":"EntryPoint","urlTemplate":"https:\/\/elfsight.com\/de\/?s={search_term_string}"},"query-input":{"@type":"PropertyValueSpecification","valueRequired":true,"valueName":"search_term_string"}}],"inLanguage":"de"}]}},"meta_box":{"industry":"","seo_heading":"","heading":"","description":"","cta_heading":"","cta_description":"","application":"4099","h1":"OpenCart Tumblr Feed-Erweiterung","h1_caption":"Zeigen Sie Beitr\u00e4ge aus Ihrem Tumblr-Blog auf Ihrer Website an, um Besucher m\u00fchelos \u00fcber Ihre neuesten Inhalte auf Ihrer Opencart-Website auf dem Laufenden zu halten.","application_category":[],"applications_title":"","applications_request_title":"","applications_request_button_text":"","hero_text":"","hero_video":"","hero_video_schema_markup":"","selling_points_title":"","selling_points_caption":"","selling_points":[],"selling_points_cta_text":"","features_title":"","features":"","ed_cta_examples_text":"","ed_cta_examples_hidden":"","ed_cta_demo_text":"","ed_cta_demo_hidden":"","why_caption":"","why_editor_title":"","why_editor_text":"","why_team_title":"","why_team_text":"","why_service_title":"","why_service_text":"","template_catalog_visible":"","template_catalog_title":"","template_catalog_text":"","template_catalog_categories_visible":"","demo_title":"Erstellen Sie Ihre Tumblr-Feed-Erweiterung","demo_caption":"Konfigurieren Sie Ihren Tumblr-Feed und f\u00fcgen Sie ihn kostenlos zu Ihrer OpenCart-Website hinzu!","default_faq_hidden":"","app_template_category":[],"platform":"254","template_public_id":"","codecanyon_url":"","codecanyon_item_id":"","codecanyon_price":"","pricing_caption":"","pricing_elfsight_apps_hide_column":"","pricing_elfsight_apps_url":"","pricing_codecanyon_price_caption":"","integration_category":[],"integration_request_title":"","integration_request_cta":"","integration_platform":"","integrations":[],"platform_category":[],"video_schema_markup":"","price":"ab 0 $ \/ Monat","trial":"","benefits":[{"text":"Kostenloser Installationsservice"},{"text":"Premium-Support"},{"text":"14-t\u00e4gige Geld-zur\u00fcck-Garantie"},{"text":"Fortlaufende Entwicklung"}],"button_url":"#demo","button_target_blank":"","button_nofollow":"","attributes":[{"name":"Installiert","content":"10,000 - 100,000"},{"name":"Reaktionsfreudig","content":"Ja"},{"name":"Kompatible Browser","content":"Firefox, Safari, Opera, Chrome, Edge"}],"tags":[],"tags_disable_links":"","hide_more_platforms":"","video_object":"","demo_hide_cta":"","demo_hide_cloud_options":"","pricing_title":"","pricing":[{"pricing_icon":"platform","pricing_title":"Elfsight Apps","pricing_title_caption":"Plattform\u00fcbergreifende L\u00f6sung","pricing_price":"ab 0 $ \/ Monat","pricing_price_caption":"Beginnen Sie mit einem kostenlosen Plan","pricing_benefits":[{"text":"Unbegrenzte Domains"},{"text":"Engagierter Kundensupport"},{"text":"Kostenloser Installationsservice"},{"text":"Vollst\u00e4ndig anpassbar"}],"pricing_button_text":"Zur Website hinzuf\u00fcgen","pricing_button_url":"#demo"}],"related_apps_title":"","related_apps_hidden":"","author":"","image":[],"title":"","job":"","social_networks":[]},"_links":{"self":[{"href":"https:\/\/elfsight.com\/de\/wp-json\/wp\/v2\/pages\/10714","targetHints":{"allow":["GET"]}}],"collection":[{"href":"https:\/\/elfsight.com\/de\/wp-json\/wp\/v2\/pages"}],"about":[{"href":"https:\/\/elfsight.com\/de\/wp-json\/wp\/v2\/types\/page"}],"author":[{"embeddable":true,"href":"https:\/\/elfsight.com\/de\/wp-json\/wp\/v2\/users\/9"}],"replies":[{"embeddable":true,"href":"https:\/\/elfsight.com\/de\/wp-json\/wp\/v2\/comments?post=10714"}],"version-history":[{"count":2,"href":"https:\/\/elfsight.com\/de\/wp-json\/wp\/v2\/pages\/10714\/revisions"}],"predecessor-version":[{"id":22104,"href":"https:\/\/elfsight.com\/de\/wp-json\/wp\/v2\/pages\/10714\/revisions\/22104"}],"up":[{"embeddable":true,"href":"https:\/\/elfsight.com\/de\/wp-json\/wp\/v2\/pages\/4100"}],"wp:attachment":[{"href":"https:\/\/elfsight.com\/de\/wp-json\/wp\/v2\/media?parent=10714"}],"curies":[{"name":"wp","href":"https:\/\/api.w.org\/{rel}","templated":true}]}}