{"id":10713,"date":"1970-01-01T00:00:00","date_gmt":"1970-01-01T00:00:00","guid":{"rendered":"https:\/\/elfsight.com\/de\/?page_id=10713"},"modified":"2025-07-10T13:54:55","modified_gmt":"2025-07-10T13:54:55","slug":"shopify","status":"publish","type":"page","link":"https:\/\/elfsight.com\/de\/tumblr-feed-widget\/shopify\/","title":{"rendered":"Tumblr Feed &#8211; Shopify"},"content":{"rendered":"<div class=\"application-platform-content-item-description application-platform-content-item\" id=\"description\" data-nav-section=\"description\"> <h2>Einbetten Sie den Tumblr-Feed auf Shopify mit dem Elfsight-Widget<\/h2> <p>Elfsight Tumblr-Feed f\u00fcr Shopify ist ein spezielles Widget zur Gestaltung Ihres individuellen Feed aus dem Tumblr-Netzwerk erstellen und direkt auf Ihrer Website anzeigen. Entwickeln Sie mit wenigen Klicks eine Galerie oder einen Beitrags-Slider! \u00dcben Sie die vollst\u00e4ndige Kontrolle \u00fcber einen demonstrierten Inhalt aus und eliminieren Sie Spam und alle unerw\u00fcnschten Inhalte durch manuelle Moderation. Der vollst\u00e4ndig responsive Online-Konfigurator bietet Ihnen zahlreiche Vorlagen zur Auswahl. <\/p> <p><b>W\u00e4hlen Sie die faszinierendsten Tumblr-Inhalte aus, um das Interesse Ihrer Website-Besucher zu wecken und mehr Menschen zu erreichen<\/b><\/p> <\/div> <div class=\"application-platform-content-item-features application-platform-content-item\" id=\"features\" data-nav-section=\"features\"> <h2>Hier sind die Hauptfunktionen der App: <\/h2> <ul><li>Zeigen Sie Ihre Inhalte von Tumblr an<\/li><li>Beseitigen Sie Spam und unerw\u00fcnschte Inhalte durch manuelle Moderation. <\/li><li>F\u00fcgen Sie die Schaltfl\u00e4che \u201eFolgen\u201c in die Widget-Beitr\u00e4ge ein. <\/li><li>Lassen Sie Ihre Beitr\u00e4ge in einem Pop-up anzeigen. <\/li><\/ul><p><a href=\"#demo\">Sie k\u00f6nnen alle Funktionen der App in der Demo unten testen<\/a><\/p> <\/div> <div class=\"application-platform-content-item- Installation application-platform-content-item\" id=\" Installation\" data-nav-section=\" Installation\"> <h2>Wie kann ich Tumblr-Feed zu meiner Shopify-Website hinzuf\u00fcgen? <\/h2> <p>Befolgen Sie einfach die nachstehenden Anweisungen, um das Tool zu aktivieren. <\/p> <ol><li><b>F\u00fchren Sie unseren kostenlosen Editor aus und beginnen Sie mit der Erstellung Ihrer individuellen App. <\/b><br> W\u00e4hlen Sie das passende Layout und die passenden Aspekte des Tools und nehmen Sie die Korrekturen vor. <\/li> <li><b>Kopieren Sie den pers\u00f6nlichen Code, der im speziellen Formular auf Elfsight Apps angezeigt wird. <\/b><br> Kopieren Sie unmittelbar nach Abschluss der Anpassung Ihres Tools den einzelnen Code in das angezeigte Feld und speichern Sie ihn zur weiteren Verwendung. <\/li> <li><b>Initiieren Sie die Nutzung des Plugins auf der Shopify-Site. <\/b><br> Implementieren Sie den k\u00fcrzlich gespeicherten Code in Ihre Website und wenden Sie die Korrekturen an. <\/li> <li><b>Das Setup wurde erfolgreich beendet. <\/b><br> Besuchen Sie Ihre Website, um die Leistung des Widgets zu \u00fcberpr\u00fcfen. <\/li><\/ol> <p>Sollten Komplikationen auftreten, wenden Sie sich bitte an unser Kundendienstteam. Unsere Berater helfen Ihnen gerne bei allen Problemen, die Sie mit dem Plugin haben k\u00f6nnten. <\/p> <\/div><div class=\"faq\" data-component=\"FAQ\"><div class=\"faq-item\">\r\n\t\t\t\t\t<div class=\"faq-item-question\">\r\n\t\t\t\t\t\t<h3 class=\"faq-item-question-text\">Gibt es eine Methode, Tumblr-Feed ohne Codierung zu meiner Shopify-Homepage hinzuzuf\u00fcgen?<\/h3>\r\n\r\n\t\t\t\t\t\t<div class=\"faq-item-question-icon\"><\/div>\r\n\t\t\t\t\t<\/div>\r\n\r\n\t\t\t\t\t<div class=\"faq-item-answer\">\r\n\t\t\t\t\t\t<div class=\"faq-item-answer-text\"><p>Das Unternehmen Elfsight bietet eine L\u00f6sung, mit der Benutzer selbst einen Tumblr-Feed-Bereich einrichten k\u00f6nnen, sehen Sie sich die einfachen Anweisungen an:<\/p><ul><li>Arbeiten Sie in der Live-Demo, um einen Tumblr-Feed-Bereich zu erstellen, der auf Shopify angezeigt werden soll.<\/li><li>W\u00e4hlen Sie eine der vielen vorgefertigten Vorlagen aus und \u00e4ndern Sie die Tumblr-Feed-Einstellungen, \u00e4ndern Sie das Layout und die Farbe der Elemente und f\u00fcgen Sie Ihre Inhalte ohne Programmierkenntnisse hinzu.<\/li><li>Speichern Sie den Tumblr-Feed und kopieren Sie den Installationscode des Widgets. Das kann kostenlos in jede Shopify-Website eingef\u00fcgt werden.<\/li><\/ul><p>Mit unserem intuitiven Konfigurator kann jeder Webbenutzer die Tumblr-Feed-App online einrichten und in seine Shopify-Webseite einbinden. Sie m\u00fcssen weder bezahlen noch Ihre Kartendaten offenlegen, um auf unseren Service zuzugreifen. Wenn Sie auf Hindernisse jeglicher Art sto\u00dfen, z\u00f6gern Sie nicht, sich an unser technisches Support-Team zu wenden.<\/p><\/div>\r\n\t\t\t\t\t<\/div>\r\n\t\t\t\t<\/div><\/div>","protected":false},"excerpt":{"rendered":"","protected":false},"author":9,"featured_media":0,"parent":4100,"menu_order":0,"comment_status":"closed","ping_status":"closed","template":"templates\/template-application-platform.php","meta":{"publish_to_discourse":"","publish_post_category":"","wpdc_auto_publish_overridden":"","wpdc_topic_tags":"","wpdc_pin_topic":"","wpdc_pin_until":"","discourse_post_id":"","discourse_permalink":"","wpdc_publishing_response":"","wpdc_publishing_error":"","footnotes":""},"class_list":["post-10713","page","type-page","status-publish","hentry"],"yoast_head":"<!-- This site is optimized with the Yoast SEO plugin v25.3.1 - https:\/\/yoast.com\/wordpress\/plugins\/seo\/ -->\n<title>Tumblr-Feed-App zur Shopify-Website hinzuf\u00fcgen (schnell und kostenlos)<\/title>\n<meta name=\"description\" content=\"F\u00fcgen Sie Ihrer Website eine f\u00fcr Mobilger\u00e4te optimierte Shopify Tumblr Feed-App hinzu. Nutzen Sie die praktische Elfsight-Demo und erstellen Sie Ihre wundersch\u00f6ne Tumblr-App mit nur zwei Klicks\" \/>\n<meta name=\"robots\" content=\"index, follow, max-snippet:-1, max-image-preview:large, max-video-preview:-1\" \/>\n<link rel=\"canonical\" href=\"https:\/\/elfsight.com\/de\/tumblr-feed-widget\/shopify\/\" \/>\n<meta property=\"og:locale\" content=\"de_DE\" \/>\n<meta property=\"og:type\" content=\"article\" \/>\n<meta property=\"og:title\" content=\"Tumblr-Feed-App zur Shopify-Website hinzuf\u00fcgen (schnell und kostenlos)\" \/>\n<meta property=\"og:description\" content=\"F\u00fcgen Sie Ihrer Website eine f\u00fcr Mobilger\u00e4te optimierte Shopify Tumblr Feed-App hinzu. Nutzen Sie die praktische Elfsight-Demo und erstellen Sie Ihre wundersch\u00f6ne Tumblr-App mit nur zwei Klicks\" \/>\n<meta property=\"og:url\" content=\"https:\/\/elfsight.com\/de\/tumblr-feed-widget\/shopify\/\" \/>\n<meta property=\"og:site_name\" content=\"Elfsight DE\" \/>\n<meta property=\"article:modified_time\" content=\"2025-07-10T13:54:55+00:00\" \/>\n<meta name=\"twitter:card\" content=\"summary_large_image\" \/>\n<meta name=\"twitter:label1\" content=\"Gesch\u00e4tzte Lesezeit\" \/>\n\t<meta name=\"twitter:data1\" content=\"3\u00a0Minuten\" \/>\n<!-- \/ Yoast SEO plugin. -->","yoast_head_json":{"title":"Tumblr-Feed-App zur Shopify-Website hinzuf\u00fcgen (schnell und kostenlos)","description":"F\u00fcgen Sie Ihrer Website eine f\u00fcr Mobilger\u00e4te optimierte Shopify Tumblr Feed-App hinzu. Nutzen Sie die praktische Elfsight-Demo und erstellen Sie Ihre wundersch\u00f6ne Tumblr-App mit nur zwei Klicks","robots":{"index":"index","follow":"follow","max-snippet":"max-snippet:-1","max-image-preview":"max-image-preview:large","max-video-preview":"max-video-preview:-1"},"canonical":"https:\/\/elfsight.com\/de\/tumblr-feed-widget\/shopify\/","og_locale":"de_DE","og_type":"article","og_title":"Tumblr-Feed-App zur Shopify-Website hinzuf\u00fcgen (schnell und kostenlos)","og_description":"F\u00fcgen Sie Ihrer Website eine f\u00fcr Mobilger\u00e4te optimierte Shopify Tumblr Feed-App hinzu. Nutzen Sie die praktische Elfsight-Demo und erstellen Sie Ihre wundersch\u00f6ne Tumblr-App mit nur zwei Klicks","og_url":"https:\/\/elfsight.com\/de\/tumblr-feed-widget\/shopify\/","og_site_name":"Elfsight DE","article_modified_time":"2025-07-10T13:54:55+00:00","twitter_card":"summary_large_image","twitter_misc":{"Gesch\u00e4tzte Lesezeit":"3\u00a0Minuten"},"schema":{"@context":"https:\/\/schema.org","@graph":[{"@type":"WebPage","@id":"https:\/\/elfsight.com\/de\/tumblr-feed-widget\/shopify\/","url":"https:\/\/elfsight.com\/de\/tumblr-feed-widget\/shopify\/","name":"Tumblr-Feed-App zur Shopify-Website hinzuf\u00fcgen (schnell und kostenlos)","isPartOf":{"@id":"https:\/\/elfsight.com\/de\/#website"},"datePublished":"1970-01-01T00:00:00+00:00","dateModified":"2025-07-10T13:54:55+00:00","description":"F\u00fcgen Sie Ihrer Website eine f\u00fcr Mobilger\u00e4te optimierte Shopify Tumblr Feed-App hinzu. Nutzen Sie die praktische Elfsight-Demo und erstellen Sie Ihre wundersch\u00f6ne Tumblr-App mit nur zwei Klicks","breadcrumb":{"@id":"https:\/\/elfsight.com\/de\/tumblr-feed-widget\/shopify\/#breadcrumb"},"inLanguage":"de","potentialAction":[{"@type":"ReadAction","target":["https:\/\/elfsight.com\/de\/tumblr-feed-widget\/shopify\/"]}]},{"@type":"BreadcrumbList","@id":"https:\/\/elfsight.com\/de\/tumblr-feed-widget\/shopify\/#breadcrumb","itemListElement":[{"@type":"ListItem","position":1,"name":"Home","item":"https:\/\/elfsight.com\/de\/"},{"@type":"ListItem","position":2,"name":"Tumblr Feed","item":"https:\/\/elfsight.com\/de\/tumblr-feed-widget\/"},{"@type":"ListItem","position":3,"name":"Tumblr Feed &#8211; Shopify"}]},{"@type":"WebSite","@id":"https:\/\/elfsight.com\/de\/#website","url":"https:\/\/elfsight.com\/de\/","name":"Elfsight DE","description":"Just another Elfsight Sites site","potentialAction":[{"@type":"SearchAction","target":{"@type":"EntryPoint","urlTemplate":"https:\/\/elfsight.com\/de\/?s={search_term_string}"},"query-input":{"@type":"PropertyValueSpecification","valueRequired":true,"valueName":"search_term_string"}}],"inLanguage":"de"}]}},"meta_box":{"industry":"","seo_heading":"","heading":"","description":"","cta_heading":"","cta_description":"","application":"4099","h1":"Shopify Tumblr Feed-App","h1_caption":"Zeigen Sie Beitr\u00e4ge aus Ihrem Tumblr-Blog auf Ihrer Website an, um Besucher m\u00fchelos \u00fcber Ihre neuesten Inhalte auf Ihrer Shopify-Website auf dem Laufenden zu halten.","application_category":[],"applications_title":"","applications_request_title":"","applications_request_button_text":"","hero_text":"","hero_video":"","hero_video_schema_markup":"","selling_points_title":"","selling_points_caption":"","selling_points":[],"selling_points_cta_text":"","features_title":"","features":"","ed_cta_examples_text":"","ed_cta_examples_hidden":"","ed_cta_demo_text":"","ed_cta_demo_hidden":"","why_caption":"","why_editor_title":"","why_editor_text":"","why_team_title":"","why_team_text":"","why_service_title":"","why_service_text":"","template_catalog_visible":"","template_catalog_title":"","template_catalog_text":"","template_catalog_categories_visible":"","demo_title":"Erstellen Sie Ihre Tumblr-Feed-App","demo_caption":"Konfigurieren Sie Ihren Tumblr-Feed und f\u00fcgen Sie ihn kostenlos zu Ihrer Shopify-Website hinzu!","default_faq_hidden":"","app_template_category":[],"platform":"253","template_public_id":"","codecanyon_url":"","codecanyon_item_id":"","codecanyon_price":"","pricing_caption":"","pricing_elfsight_apps_hide_column":"","pricing_elfsight_apps_url":"","pricing_codecanyon_price_caption":"","integration_category":[],"integration_request_title":"","integration_request_cta":"","integration_platform":"","integrations":[],"platform_category":[],"video_schema_markup":"","price":"ab 0 $ \/ Monat","trial":"","benefits":[{"text":"Kostenlose Installationshilfe"},{"text":"Professioneller Kundenservice"},{"text":"14-t\u00e4gige R\u00fcckerstattungsgarantie"},{"text":"Regelm\u00e4\u00dfige Verbesserungen"}],"button_url":"#demo","button_target_blank":"","button_nofollow":"","attributes":[{"name":"Installiert","content":"10,000 - 100,000"},{"name":"Reaktionsfreudig","content":"Ja"},{"name":"Kompatible Browser","content":"Firefox, Safari, Opera, Chrome, Edge"}],"tags":[],"tags_disable_links":"","hide_more_platforms":"","video_object":"","demo_hide_cta":"","demo_hide_cloud_options":"","pricing_title":"","pricing":[{"pricing_icon":"platform","pricing_title":"Elfsight Apps","pricing_title_caption":"Plattform\u00fcbergreifende Software, die f\u00fcr jede Website geeignet ist","pricing_price":"ab 0 $ \/ Monat","pricing_price_caption":"Beginnen Sie mit einem kostenlosen Plan","pricing_benefits":[{"text":"Unbegrenzte Websites"},{"text":"Kostenloser Support"},{"text":"Kostenloser Installationssupport"},{"text":"Vollst\u00e4ndig anpassbar"}],"pricing_button_text":"Zur Website hinzuf\u00fcgen","pricing_button_url":"#demo"}],"related_apps_title":"","related_apps_hidden":"","author":"","image":[],"title":"","job":"","social_networks":[]},"_links":{"self":[{"href":"https:\/\/elfsight.com\/de\/wp-json\/wp\/v2\/pages\/10713","targetHints":{"allow":["GET"]}}],"collection":[{"href":"https:\/\/elfsight.com\/de\/wp-json\/wp\/v2\/pages"}],"about":[{"href":"https:\/\/elfsight.com\/de\/wp-json\/wp\/v2\/types\/page"}],"author":[{"embeddable":true,"href":"https:\/\/elfsight.com\/de\/wp-json\/wp\/v2\/users\/9"}],"replies":[{"embeddable":true,"href":"https:\/\/elfsight.com\/de\/wp-json\/wp\/v2\/comments?post=10713"}],"version-history":[{"count":2,"href":"https:\/\/elfsight.com\/de\/wp-json\/wp\/v2\/pages\/10713\/revisions"}],"predecessor-version":[{"id":22103,"href":"https:\/\/elfsight.com\/de\/wp-json\/wp\/v2\/pages\/10713\/revisions\/22103"}],"up":[{"embeddable":true,"href":"https:\/\/elfsight.com\/de\/wp-json\/wp\/v2\/pages\/4100"}],"wp:attachment":[{"href":"https:\/\/elfsight.com\/de\/wp-json\/wp\/v2\/media?parent=10713"}],"curies":[{"name":"wp","href":"https:\/\/api.w.org\/{rel}","templated":true}]}}