{"id":10706,"date":"1970-01-01T00:00:00","date_gmt":"1970-01-01T00:00:00","guid":{"rendered":"https:\/\/elfsight.com\/de\/?page_id=10706"},"modified":"2025-07-10T13:55:11","modified_gmt":"2025-07-10T13:55:11","slug":"webnode","status":"publish","type":"page","link":"https:\/\/elfsight.com\/de\/tumblr-feed-widget\/webnode\/","title":{"rendered":"Tumblr Feed &#8211; Webnode"},"content":{"rendered":"<div class=\"application-platform-content-item-description application-platform-content-item\" id=\"description\" data-nav-section=\"description\"> <h2>Beschreibung<\/h2> <p>Elfsight Tumblr Feed f\u00fcr Webnode ist ein exklusives Widget f\u00fcr die Entwicklung Ihres benutzerdefinierten Feeds, der aus den Inhalten des Tumblr-Netzwerks und besteht Zeigen Sie es direkt auf Ihrer Website. Entwickeln Sie mit wenigen Klicks eine Galerie oder einen Beitrags-Slider! Genie\u00dfen Sie die absolute Kontrolle \u00fcber einen demonstrierten Inhalt und entfernen Sie Spam und alle unerw\u00fcnschten Inhalte durch manuelle Moderation. Der vollst\u00e4ndig responsive Online-Editor bietet Ihnen viele Vorlagen zur Auswahl. <\/p> <p><b>Pr\u00e4sentieren Sie die besten Tumblr-Inhalte, um Ihre Benutzer zu begeistern und mehr Menschen zu erreichen<\/b><\/p> <\/div> <div class=\"application-platform-content-item-features application-platform-content-item\" id=\"features\" data-nav-section=\"features\"> <h2>Das Widget hat wertvolle und schnelle Funktionen, sehen Sie sich einige davon an: <\/h2> <ul><li>Pr\u00e4sentieren Sie die Social-Media-Inhalte von Tumblr<\/li><li>Entfernen Sie Spam und unerw\u00fcnschte Inhalte mit dem manuellen Moderationsmodus. <\/li><li>Platzieren Sie die Schaltfl\u00e4che \u201eFolgen\u201c im Widget-Feed. <\/li><li>Lassen Sie Ihre Beitr\u00e4ge in einem Popup-Modus anzeigen. <\/li><\/ul><p><a href=\"#demo\">Testen Sie alle Einstellungen in einer voll funktionsf\u00e4higen Demo<\/a><\/p> <\/div> <div class=\"application-platform-content-item-installation application-platform-content-item\" id=\"installation\" data-nav-section=\"installation\"> <h2>Wie kann ich den Tumblr-Feed auf meiner Webnode-Website einbetten? <\/h2> <p>Befolgen Sie einfach die folgenden Richtlinien, um das Widget einzuf\u00fcgen. <\/p> <ol><li><b>Nutzen Sie unsere kostenlose Demo und beginnen Sie mit der Gestaltung Ihres eigenen Widgets. <\/b><br> Finden Sie das gew\u00fcnschte Aussehen und die gew\u00fcnschten Optionen des Plugins und \u00fcbernehmen Sie die \u00c4nderungen. <\/li> <li><b>Holen Sie sich den individuellen Code, der im speziellen Formular auf Elfsight Apps erscheint. <\/b><br> Wenn die Konfiguration Ihres Widgets abgeschlossen ist, kopieren Sie den einzelnen Code im angezeigten Popup und speichern Sie ihn f\u00fcr eine sp\u00e4tere Gelegenheit. <\/li> <li><b>Beginn der Nutzung des Tools auf der Webnode-Website. <\/b><br> Geben Sie den k\u00fcrzlich gespeicherten Code in Ihre Website ein und speichern Sie die \u00c4nderungen. <\/li> <li><b>Fertig! Die Integration ist erfolgreich abgeschlossen. <\/b><br> Gehen Sie auf Ihre Seite, um die Leistung des Widgets zu beobachten. <\/li><\/ol> <p>Wenn Sie Probleme haben, z\u00f6gern Sie nicht, sich an unsere Support-Mitarbeiter zu wenden. Unsere Mitarbeiter werden sich freuen, alle Probleme zu l\u00f6sen, die Sie mit dem Tool haben k\u00f6nnten. <\/p> <\/div><div class=\"faq\" data-component=\"FAQ\"><div class=\"faq-item\">\r\n\t\t\t\t\t<div class=\"faq-item-question\">\r\n\t\t\t\t\t\t<h3 class=\"faq-item-question-text\">Wie kann ich Tumblr-Feeds ohne Programmiererfahrung in meine Webnode-Website einbetten?<\/h3>\r\n\r\n\t\t\t\t\t\t<div class=\"faq-item-question-icon\"><\/div>\r\n\t\t\t\t\t<\/div>\r\n\r\n\t\t\t\t\t<div class=\"faq-item-answer\">\r\n\t\t\t\t\t\t<div class=\"faq-item-answer-text\"><p>Das Unternehmen Elfsight bietet eine L\u00f6sung, mit der Benutzer selbst ein Tumblr-Feed-Widget erstellen k\u00f6nnen, sehen Sie sich die unkomplizierte Anleitung an:<\/p><ul><li>Arbeiten Sie direkt in der Online-Demo, um ein Tumblr-Feed-Plugin einzurichten, das Sie auf der Webnode-Webseite hinzuf\u00fcgen m\u00f6chten.<\/li><li>W\u00e4hlen Sie eine unserer vorgefertigten Vorlagen aus und \u00e4ndern Sie die Tumblr-Feed-Einstellungen, f\u00fcgen Sie Ihre Inhalte hinzu, \u00e4ndern Sie das Layout und das Farbschema ohne Programmierkenntnisse.<\/li><li>Speichern Sie den Tumblr-Feed und kopieren Sie den Code des Plugins zur Installation, das Sie einfach kostenlos auf der Webnode-Website hinzuf\u00fcgen k\u00f6nnen.<\/li><\/ul><p>Mit dem intuitiven Konfigurator kann jeder Webbenutzer online ein Tumblr-Feed-Widget erstellen und es m\u00fchelos auf der Webnode-Website einf\u00fcgen. Sie m\u00fcssen keinen kostenpflichtigen Plan abschlie\u00dfen oder Ihre Kartendaten eingeben, um auf den Elfsight Editor zuzugreifen. Wenn Sie bei irgendeinem Schritt auf Probleme sto\u00dfen, k\u00f6nnen Sie sich gerne an unser technisches Support-Team wenden.<\/p><\/div>\r\n\t\t\t\t\t<\/div>\r\n\t\t\t\t<\/div><\/div>","protected":false},"excerpt":{"rendered":"","protected":false},"author":9,"featured_media":0,"parent":4100,"menu_order":0,"comment_status":"closed","ping_status":"closed","template":"templates\/template-application-platform.php","meta":{"publish_to_discourse":"","publish_post_category":"","wpdc_auto_publish_overridden":"","wpdc_topic_tags":"","wpdc_pin_topic":"","wpdc_pin_until":"","discourse_post_id":"","discourse_permalink":"","wpdc_publishing_response":"","wpdc_publishing_error":"","footnotes":""},"class_list":["post-10706","page","type-page","status-publish","hentry"],"yoast_head":"<!-- This site is optimized with the Yoast SEO plugin v25.3.1 - https:\/\/yoast.com\/wordpress\/plugins\/seo\/ -->\n<title>Tumblr-Feed-Widget zur Webnode-Website hinzuf\u00fcgen (schnell und kostenlos)<\/title>\n<meta name=\"description\" content=\"F\u00fcgen Sie das Tumblr-Feed-Widget von Webnode zu Ihrer Website hinzu. Nutzen Sie die praktische Elfsight-Demo und erstellen Sie mit wenigen Klicks Ihr stilvolles Tumblr-Widget\" \/>\n<meta name=\"robots\" content=\"index, follow, max-snippet:-1, max-image-preview:large, max-video-preview:-1\" \/>\n<link rel=\"canonical\" href=\"https:\/\/elfsight.com\/de\/tumblr-feed-widget\/webnode\/\" \/>\n<meta property=\"og:locale\" content=\"de_DE\" \/>\n<meta property=\"og:type\" content=\"article\" \/>\n<meta property=\"og:title\" content=\"Tumblr-Feed-Widget zur Webnode-Website hinzuf\u00fcgen (schnell und kostenlos)\" \/>\n<meta property=\"og:description\" content=\"F\u00fcgen Sie das Tumblr-Feed-Widget von Webnode zu Ihrer Website hinzu. Nutzen Sie die praktische Elfsight-Demo und erstellen Sie mit wenigen Klicks Ihr stilvolles Tumblr-Widget\" \/>\n<meta property=\"og:url\" content=\"https:\/\/elfsight.com\/de\/tumblr-feed-widget\/webnode\/\" \/>\n<meta property=\"og:site_name\" content=\"Elfsight DE\" \/>\n<meta property=\"article:modified_time\" content=\"2025-07-10T13:55:11+00:00\" \/>\n<meta name=\"twitter:card\" content=\"summary_large_image\" \/>\n<meta name=\"twitter:label1\" content=\"Gesch\u00e4tzte Lesezeit\" \/>\n\t<meta name=\"twitter:data1\" content=\"3\u00a0Minuten\" \/>\n<!-- \/ Yoast SEO plugin. -->","yoast_head_json":{"title":"Tumblr-Feed-Widget zur Webnode-Website hinzuf\u00fcgen (schnell und kostenlos)","description":"F\u00fcgen Sie das Tumblr-Feed-Widget von Webnode zu Ihrer Website hinzu. Nutzen Sie die praktische Elfsight-Demo und erstellen Sie mit wenigen Klicks Ihr stilvolles Tumblr-Widget","robots":{"index":"index","follow":"follow","max-snippet":"max-snippet:-1","max-image-preview":"max-image-preview:large","max-video-preview":"max-video-preview:-1"},"canonical":"https:\/\/elfsight.com\/de\/tumblr-feed-widget\/webnode\/","og_locale":"de_DE","og_type":"article","og_title":"Tumblr-Feed-Widget zur Webnode-Website hinzuf\u00fcgen (schnell und kostenlos)","og_description":"F\u00fcgen Sie das Tumblr-Feed-Widget von Webnode zu Ihrer Website hinzu. Nutzen Sie die praktische Elfsight-Demo und erstellen Sie mit wenigen Klicks Ihr stilvolles Tumblr-Widget","og_url":"https:\/\/elfsight.com\/de\/tumblr-feed-widget\/webnode\/","og_site_name":"Elfsight DE","article_modified_time":"2025-07-10T13:55:11+00:00","twitter_card":"summary_large_image","twitter_misc":{"Gesch\u00e4tzte Lesezeit":"3\u00a0Minuten"},"schema":{"@context":"https:\/\/schema.org","@graph":[{"@type":"WebPage","@id":"https:\/\/elfsight.com\/de\/tumblr-feed-widget\/webnode\/","url":"https:\/\/elfsight.com\/de\/tumblr-feed-widget\/webnode\/","name":"Tumblr-Feed-Widget zur Webnode-Website hinzuf\u00fcgen (schnell und kostenlos)","isPartOf":{"@id":"https:\/\/elfsight.com\/de\/#website"},"datePublished":"1970-01-01T00:00:00+00:00","dateModified":"2025-07-10T13:55:11+00:00","description":"F\u00fcgen Sie das Tumblr-Feed-Widget von Webnode zu Ihrer Website hinzu. Nutzen Sie die praktische Elfsight-Demo und erstellen Sie mit wenigen Klicks Ihr stilvolles Tumblr-Widget","breadcrumb":{"@id":"https:\/\/elfsight.com\/de\/tumblr-feed-widget\/webnode\/#breadcrumb"},"inLanguage":"de","potentialAction":[{"@type":"ReadAction","target":["https:\/\/elfsight.com\/de\/tumblr-feed-widget\/webnode\/"]}]},{"@type":"BreadcrumbList","@id":"https:\/\/elfsight.com\/de\/tumblr-feed-widget\/webnode\/#breadcrumb","itemListElement":[{"@type":"ListItem","position":1,"name":"Home","item":"https:\/\/elfsight.com\/de\/"},{"@type":"ListItem","position":2,"name":"Tumblr Feed","item":"https:\/\/elfsight.com\/de\/tumblr-feed-widget\/"},{"@type":"ListItem","position":3,"name":"Tumblr Feed &#8211; Webnode"}]},{"@type":"WebSite","@id":"https:\/\/elfsight.com\/de\/#website","url":"https:\/\/elfsight.com\/de\/","name":"Elfsight DE","description":"Just another Elfsight Sites site","potentialAction":[{"@type":"SearchAction","target":{"@type":"EntryPoint","urlTemplate":"https:\/\/elfsight.com\/de\/?s={search_term_string}"},"query-input":{"@type":"PropertyValueSpecification","valueRequired":true,"valueName":"search_term_string"}}],"inLanguage":"de"}]}},"meta_box":{"industry":"","seo_heading":"","heading":"","description":"","cta_heading":"","cta_description":"","application":"4099","h1":"Webnode Tumblr-Feed-Widget","h1_caption":"Zeigen Sie Beitr\u00e4ge aus Ihrem Tumblr-Blog auf Ihrer Website an, um Besucher m\u00fchelos \u00fcber Ihre neuesten Inhalte auf Ihrer Webnode-Website auf dem Laufenden zu halten.","application_category":[],"applications_title":"","applications_request_title":"","applications_request_button_text":"","hero_text":"","hero_video":"","hero_video_schema_markup":"","selling_points_title":"","selling_points_caption":"","selling_points":[],"selling_points_cta_text":"","features_title":"","features":"","ed_cta_examples_text":"","ed_cta_examples_hidden":"","ed_cta_demo_text":"","ed_cta_demo_hidden":"","why_caption":"","why_editor_title":"","why_editor_text":"","why_team_title":"","why_team_text":"","why_service_title":"","why_service_text":"","template_catalog_visible":"","template_catalog_title":"","template_catalog_text":"","template_catalog_categories_visible":"","demo_title":"Erstellen Sie Ihr Tumblr-Feed-Widget","demo_caption":"Konfigurieren Sie Ihren Tumblr-Feed und f\u00fcgen Sie ihn kostenlos zu Ihrer Webnode-Website hinzu!","default_faq_hidden":"","app_template_category":[],"platform":"248","template_public_id":"","codecanyon_url":"","codecanyon_item_id":"","codecanyon_price":"","pricing_caption":"","pricing_elfsight_apps_hide_column":"","pricing_elfsight_apps_url":"","pricing_codecanyon_price_caption":"","integration_category":[],"integration_request_title":"","integration_request_cta":"","integration_platform":"","integrations":[],"platform_category":[],"video_schema_markup":"","price":"ab 0 $ \/ Monat","trial":"","benefits":[{"text":"Kostenlose Installationsunterst\u00fctzung"},{"text":"Premium-Support"},{"text":"14-t\u00e4gige Geld-zur\u00fcck-Garantie"},{"text":"Fortlaufende Entwicklung"}],"button_url":"#demo","button_target_blank":"","button_nofollow":"","attributes":[{"name":"Installiert","content":"10,000 - 100,000"},{"name":"Reaktionsfreudig","content":"Ja"},{"name":"Kompatible Browser","content":"Firefox, Safari, Opera, Chrome, Edge"}],"tags":[],"tags_disable_links":"","hide_more_platforms":"","video_object":"","demo_hide_cta":"","demo_hide_cloud_options":"","pricing_title":"","pricing":[{"pricing_icon":"platform","pricing_title":"Elfsight Apps","pricing_title_caption":"Plattform\u00fcbergreifende Version","pricing_price":"ab 0 $ \/ Monat","pricing_price_caption":"Beginnen Sie mit einem kostenlosen Plan","pricing_benefits":[{"text":"Unbegrenzte Domains"},{"text":"Schneller Kundensupport und gut dokumentiert"},{"text":"Kostenloser Installationssupport"},{"text":"Vollst\u00e4ndig anpassbar"}],"pricing_button_text":"Zur Website hinzuf\u00fcgen","pricing_button_url":"#demo"}],"related_apps_title":"","related_apps_hidden":"","author":"","image":[],"title":"","job":"","social_networks":[]},"_links":{"self":[{"href":"https:\/\/elfsight.com\/de\/wp-json\/wp\/v2\/pages\/10706","targetHints":{"allow":["GET"]}}],"collection":[{"href":"https:\/\/elfsight.com\/de\/wp-json\/wp\/v2\/pages"}],"about":[{"href":"https:\/\/elfsight.com\/de\/wp-json\/wp\/v2\/types\/page"}],"author":[{"embeddable":true,"href":"https:\/\/elfsight.com\/de\/wp-json\/wp\/v2\/users\/9"}],"replies":[{"embeddable":true,"href":"https:\/\/elfsight.com\/de\/wp-json\/wp\/v2\/comments?post=10706"}],"version-history":[{"count":2,"href":"https:\/\/elfsight.com\/de\/wp-json\/wp\/v2\/pages\/10706\/revisions"}],"predecessor-version":[{"id":22100,"href":"https:\/\/elfsight.com\/de\/wp-json\/wp\/v2\/pages\/10706\/revisions\/22100"}],"up":[{"embeddable":true,"href":"https:\/\/elfsight.com\/de\/wp-json\/wp\/v2\/pages\/4100"}],"wp:attachment":[{"href":"https:\/\/elfsight.com\/de\/wp-json\/wp\/v2\/media?parent=10706"}],"curies":[{"name":"wp","href":"https:\/\/api.w.org\/{rel}","templated":true}]}}