{"id":10692,"date":"1970-01-01T00:00:00","date_gmt":"1970-01-01T00:00:00","guid":{"rendered":"https:\/\/elfsight.com\/de\/?page_id=10692"},"modified":"2025-07-10T13:53:43","modified_gmt":"2025-07-10T13:53:43","slug":"godaddy","status":"publish","type":"page","link":"https:\/\/elfsight.com\/de\/tumblr-feed-widget\/godaddy\/","title":{"rendered":"Tumblr Feed &#8211; GoDaddy"},"content":{"rendered":"<div class=\"application-platform-content-item-description application-platform-content-item\" id=\"description\" data-nav-section=\"description\"> <h2>Einbetten Sie den Tumblr-Feed auf GoDaddy mit dem Elfsight-Widget<\/h2> <p>Elfsight Tumblr Feed ist ein Plugin zum Gestalten Ihres personalisierten Feeds, bestehend aus den Inhalt des Tumblr-Netzwerks und platzieren Sie ihn direkt auf Ihrer Website. Erstellen Sie in 1-2-3 eine Galerie oder einen Beitrags-Slider! Genie\u00dfen Sie die absolute Kontrolle \u00fcber einen demonstrierten Inhalt und eliminieren Sie Spam und unerw\u00fcnschte Inhalte durch manuelle Moderation. Der vollst\u00e4ndig responsive Online-Editor bietet Ihnen viele Vorlagen zur Auswahl. <\/p> <p><b>W\u00e4hlen Sie die verlockendsten Tumblr-Inhalte aus, um die Nutzer Ihrer Website zu begeistern und mehr Menschen zu erreichen<\/b><\/p> <\/div> <div class=\"application-platform-content-item-features application-platform-content-item\" id=\"features\" data-nav-section=\"features\"> <h2>Unten sind Grundfunktionen des Plugins: <\/h2> <ul><li>Zeigen Sie Ihre Social-Media-Inhalte von Tumblr<\/li><li>Entfernen Sie Spam und unerw\u00fcnschte Inhalte mit dem manuellen Moderationsmodus. <\/li><li>Stellen Sie die Schaltfl\u00e4che \u201eFolgen\u201c auf den Plugin-Karten ein. <\/li><li>Lassen Sie Ihre Beitr\u00e4ge in einem Popup-Modus erscheinen. <\/li><\/ul><p><a href=\"#demo\">Die vollst\u00e4ndige Funktionalit\u00e4t des Plugins k\u00f6nnen Sie gleich hier in der Demo testen<\/a><\/p> <\/div> <div class=\"application-platform-content-item-installation application-platform-content-item\" id=\"installation\" data-nav-section=\"installation\"> <h2>Wie kann ich Tumblr-Feed in meine GoDaddy-Site einbetten? <\/h2> <p>Befolgen Sie einfach die nachstehenden Anweisungen, um das Plugin einzuf\u00fcgen. <\/p> <ol><li><b>Verwalten Sie unseren kostenlosen Editor und beginnen Sie mit der Erstellung Ihres eigenen Plugins. <\/b><br> Finden Sie das ausgew\u00e4hlte Layout und die Aspekte des Plugins und speichern Sie die Korrekturen. <\/li> <li><b>Kopieren Sie Ihren einzigartigen Code, der in der speziellen Form auf Elfsight Apps angezeigt wird. <\/b><br> Nachdem die Erstellung Ihres Tools abgeschlossen ist, kopieren Sie den exklusiven Code aus dem angezeigten Popup und bewahren Sie ihn f\u00fcr zuk\u00fcnftige Gelegenheiten auf. <\/li> <li><b>Beginnen Sie mit der Verwendung des Plugins auf Ihrer GoDaddy-Website. <\/b><br> Implementieren Sie den Code, den Sie k\u00fcrzlich kopiert haben, in Ihre Website und speichern Sie die \u00c4nderungen. <\/li> <li><b>Du bist fertig! Die Integration ist vollst\u00e4ndig abgeschlossen. <\/b><br> Besuchen Sie Ihre Website, um zu \u00fcberpr\u00fcfen, wie das Plugin funktioniert. <\/li><\/ol> <p>Wenn Sie auf Komplikationen sto\u00dfen, k\u00f6nnen Sie sich gerne an unsere Support-Mitarbeiter wenden. Unsere Mitarbeiter helfen Ihnen gerne bei allen Problemen, die Sie mit dem Plugin haben. <\/p> <\/div><div class=\"faq\" data-component=\"FAQ\"><div class=\"faq-item\">\r\n\t\t\t\t\t<div class=\"faq-item-question\">\r\n\t\t\t\t\t\t<h3 class=\"faq-item-question-text\">Wie kann ich Tumblr-Feed ohne Programmierkenntnisse in meine GoDaddy-Webseite einbetten?<\/h3>\r\n\r\n\t\t\t\t\t\t<div class=\"faq-item-question-icon\"><\/div>\r\n\t\t\t\t\t<\/div>\r\n\r\n\t\t\t\t\t<div class=\"faq-item-answer\">\r\n\t\t\t\t\t\t<div class=\"faq-item-answer-text\"><p>Elfsight Das Unternehmen bietet eine SaaS-L\u00f6sung an, mit der Benutzer selbst ein Tumblr-Feed-Widget erstellen k\u00f6nnen. Sehen Sie, wie unkompliziert es ist:<\/p><ul><li>Gehen Sie zum Live-Editor, um eine Tumblr-Feed-App zu erstellen, die Sie auf der GoDaddy-Startseite einbinden m\u00f6chten .<\/li><li>W\u00e4hlen Sie eine unserer vorgefertigten Vorlagen aus und \u00e4ndern Sie die Tumblr-Feed-Einstellungen, aktualisieren Sie Ihre Inhalte, \u00e4ndern Sie das Layout und die Farben ohne Programmierkenntnisse.<\/li><li>Speichern Sie den Tumblr-Feed und laden Sie ihn herunter Installationscode, der mit einem kostenlosen Plan in die GoDaddy-Homepage eingef\u00fcgt werden kann.<\/li><\/ul><p>Mit Hilfe des unkomplizierten Konfigurators kann jeder Webbenutzer die Tumblr-Feed-App online erstellen und in seine GoDaddy-Webseite einf\u00fcgen. F\u00fcr den Zugang zu unserem Editor ist keine Zahlung oder Offenlegung Ihrer Kartendaten erforderlich. Sollten bei irgendeinem Schritt Probleme auftreten, z\u00f6gern Sie bitte nicht, sich an unseren technischen Kundensupport zu wenden.<\/p><\/div>\r\n\t\t\t\t\t<\/div>\r\n\t\t\t\t<\/div><\/div>","protected":false},"excerpt":{"rendered":"","protected":false},"author":9,"featured_media":0,"parent":4100,"menu_order":0,"comment_status":"closed","ping_status":"closed","template":"templates\/template-application-platform.php","meta":{"publish_to_discourse":"","publish_post_category":"","wpdc_auto_publish_overridden":"","wpdc_topic_tags":"","wpdc_pin_topic":"","wpdc_pin_until":"","discourse_post_id":"","discourse_permalink":"","wpdc_publishing_response":"","wpdc_publishing_error":"","footnotes":""},"class_list":["post-10692","page","type-page","status-publish","hentry"],"yoast_head":"<!-- This site is optimized with the Yoast SEO plugin v25.3.1 - https:\/\/yoast.com\/wordpress\/plugins\/seo\/ -->\n<title>Tumblr-Feed \u2013 F\u00fcgen Sie das Tumblr-Feed-Plugin zur GoDaddy-Website hinzu!<\/title>\n<meta name=\"description\" content=\"Integrieren Sie ein einfach zu verwaltendes GoDaddy Tumblr Feed-Plugin auf der Website. Probieren Sie die Elfsight-Demo aus und erstellen Sie Ihren stilvollen Feed!\" \/>\n<meta name=\"robots\" content=\"index, follow, max-snippet:-1, max-image-preview:large, max-video-preview:-1\" \/>\n<link rel=\"canonical\" href=\"https:\/\/elfsight.com\/de\/tumblr-feed-widget\/godaddy\/\" \/>\n<meta property=\"og:locale\" content=\"de_DE\" \/>\n<meta property=\"og:type\" content=\"article\" \/>\n<meta property=\"og:title\" content=\"Tumblr-Feed \u2013 F\u00fcgen Sie das Tumblr-Feed-Plugin zur GoDaddy-Website hinzu!\" \/>\n<meta property=\"og:description\" content=\"Integrieren Sie ein einfach zu verwaltendes GoDaddy Tumblr Feed-Plugin auf der Website. Probieren Sie die Elfsight-Demo aus und erstellen Sie Ihren stilvollen Feed!\" \/>\n<meta property=\"og:url\" content=\"https:\/\/elfsight.com\/de\/tumblr-feed-widget\/godaddy\/\" \/>\n<meta property=\"og:site_name\" content=\"Elfsight DE\" \/>\n<meta property=\"article:modified_time\" content=\"2025-07-10T13:53:43+00:00\" \/>\n<meta name=\"twitter:card\" content=\"summary_large_image\" \/>\n<meta name=\"twitter:label1\" content=\"Gesch\u00e4tzte Lesezeit\" \/>\n\t<meta name=\"twitter:data1\" content=\"3\u00a0Minuten\" \/>\n<!-- \/ Yoast SEO plugin. -->","yoast_head_json":{"title":"Tumblr-Feed \u2013 F\u00fcgen Sie das Tumblr-Feed-Plugin zur GoDaddy-Website hinzu!","description":"Integrieren Sie ein einfach zu verwaltendes GoDaddy Tumblr Feed-Plugin auf der Website. Probieren Sie die Elfsight-Demo aus und erstellen Sie Ihren stilvollen Feed!","robots":{"index":"index","follow":"follow","max-snippet":"max-snippet:-1","max-image-preview":"max-image-preview:large","max-video-preview":"max-video-preview:-1"},"canonical":"https:\/\/elfsight.com\/de\/tumblr-feed-widget\/godaddy\/","og_locale":"de_DE","og_type":"article","og_title":"Tumblr-Feed \u2013 F\u00fcgen Sie das Tumblr-Feed-Plugin zur GoDaddy-Website hinzu!","og_description":"Integrieren Sie ein einfach zu verwaltendes GoDaddy Tumblr Feed-Plugin auf der Website. Probieren Sie die Elfsight-Demo aus und erstellen Sie Ihren stilvollen Feed!","og_url":"https:\/\/elfsight.com\/de\/tumblr-feed-widget\/godaddy\/","og_site_name":"Elfsight DE","article_modified_time":"2025-07-10T13:53:43+00:00","twitter_card":"summary_large_image","twitter_misc":{"Gesch\u00e4tzte Lesezeit":"3\u00a0Minuten"},"schema":{"@context":"https:\/\/schema.org","@graph":[{"@type":"WebPage","@id":"https:\/\/elfsight.com\/de\/tumblr-feed-widget\/godaddy\/","url":"https:\/\/elfsight.com\/de\/tumblr-feed-widget\/godaddy\/","name":"Tumblr-Feed \u2013 F\u00fcgen Sie das Tumblr-Feed-Plugin zur GoDaddy-Website hinzu!","isPartOf":{"@id":"https:\/\/elfsight.com\/de\/#website"},"datePublished":"1970-01-01T00:00:00+00:00","dateModified":"2025-07-10T13:53:43+00:00","description":"Integrieren Sie ein einfach zu verwaltendes GoDaddy Tumblr Feed-Plugin auf der Website. Probieren Sie die Elfsight-Demo aus und erstellen Sie Ihren stilvollen Feed!","breadcrumb":{"@id":"https:\/\/elfsight.com\/de\/tumblr-feed-widget\/godaddy\/#breadcrumb"},"inLanguage":"de","potentialAction":[{"@type":"ReadAction","target":["https:\/\/elfsight.com\/de\/tumblr-feed-widget\/godaddy\/"]}]},{"@type":"BreadcrumbList","@id":"https:\/\/elfsight.com\/de\/tumblr-feed-widget\/godaddy\/#breadcrumb","itemListElement":[{"@type":"ListItem","position":1,"name":"Home","item":"https:\/\/elfsight.com\/de\/"},{"@type":"ListItem","position":2,"name":"Tumblr Feed","item":"https:\/\/elfsight.com\/de\/tumblr-feed-widget\/"},{"@type":"ListItem","position":3,"name":"Tumblr Feed &#8211; GoDaddy"}]},{"@type":"WebSite","@id":"https:\/\/elfsight.com\/de\/#website","url":"https:\/\/elfsight.com\/de\/","name":"Elfsight DE","description":"Just another Elfsight Sites site","potentialAction":[{"@type":"SearchAction","target":{"@type":"EntryPoint","urlTemplate":"https:\/\/elfsight.com\/de\/?s={search_term_string}"},"query-input":{"@type":"PropertyValueSpecification","valueRequired":true,"valueName":"search_term_string"}}],"inLanguage":"de"}]}},"meta_box":{"industry":"","seo_heading":"","heading":"","description":"","cta_heading":"","cta_description":"","application":"4099","h1":"GoDaddy Tumblr Feed-Plugin","h1_caption":"Zeigen Sie Beitr\u00e4ge aus Ihrem Tumblr-Blog auf Ihrer Website an, um Besucher m\u00fchelos \u00fcber Ihre neuesten Inhalte auf Ihrer GoDaddy-Website auf dem Laufenden zu halten.","application_category":[],"applications_title":"","applications_request_title":"","applications_request_button_text":"","hero_text":"","hero_video":"","hero_video_schema_markup":"","selling_points_title":"","selling_points_caption":"","selling_points":[],"selling_points_cta_text":"","features_title":"","features":"","ed_cta_examples_text":"","ed_cta_examples_hidden":"","ed_cta_demo_text":"","ed_cta_demo_hidden":"","why_caption":"","why_editor_title":"","why_editor_text":"","why_team_title":"","why_team_text":"","why_service_title":"","why_service_text":"","template_catalog_visible":"","template_catalog_title":"","template_catalog_text":"","template_catalog_categories_visible":"","demo_title":"Erstellen Sie Ihr Tumblr-Feed-Plugin","demo_caption":"Konfigurieren Sie Ihren Tumblr-Feed und f\u00fcgen Sie ihn kostenlos zu Ihrer GoDaddy-Website hinzu!","default_faq_hidden":"","app_template_category":[],"platform":"241","template_public_id":"","codecanyon_url":"","codecanyon_item_id":"","codecanyon_price":"","pricing_caption":"","pricing_elfsight_apps_hide_column":"","pricing_elfsight_apps_url":"","pricing_codecanyon_price_caption":"","integration_category":[],"integration_request_title":"","integration_request_cta":"","integration_platform":"","integrations":[],"platform_category":[],"video_schema_markup":"","price":"ab 0 $ \/ Monat","trial":"","benefits":[{"text":"Kostenloser Installationsservice"},{"text":"Au\u00dfergew\u00f6hnlicher Support"},{"text":"14-t\u00e4gige R\u00fcckerstattungsgarantie"},{"text":"Fortlaufende Entwicklung"}],"button_url":"#demo","button_target_blank":"","button_nofollow":"","attributes":[{"name":"Installiert","content":"10,000 - 100,000"},{"name":"Reaktionsfreudig","content":"Ja"},{"name":"Kompatible Browser","content":"IE11, Firefox, Safari, Opera, Chrome, Edge"}],"tags":[],"tags_disable_links":"","hide_more_platforms":"","video_object":"","demo_hide_cta":"","demo_hide_cloud_options":"","pricing_title":"","pricing":[{"pricing_icon":"platform","pricing_title":"Elfsight Apps","pricing_title_caption":"Plattform\u00fcbergreifende Version","pricing_price":"ab 0 $ \/ Monat","pricing_price_caption":"Beginnen Sie mit einem kostenlosen Plan","pricing_benefits":[{"text":"Unbegrenzte Domains"},{"text":"Engagierte Unternehmensunterst\u00fctzung"},{"text":"Kostenlose Installationsunterst\u00fctzung"},{"text":"Vollst\u00e4ndig anpassbar"}],"pricing_button_text":"Zur Website hinzuf\u00fcgen","pricing_button_url":"#demo"}],"related_apps_title":"","related_apps_hidden":"","author":"","image":[],"title":"","job":"","social_networks":[]},"_links":{"self":[{"href":"https:\/\/elfsight.com\/de\/wp-json\/wp\/v2\/pages\/10692","targetHints":{"allow":["GET"]}}],"collection":[{"href":"https:\/\/elfsight.com\/de\/wp-json\/wp\/v2\/pages"}],"about":[{"href":"https:\/\/elfsight.com\/de\/wp-json\/wp\/v2\/types\/page"}],"author":[{"embeddable":true,"href":"https:\/\/elfsight.com\/de\/wp-json\/wp\/v2\/users\/9"}],"replies":[{"embeddable":true,"href":"https:\/\/elfsight.com\/de\/wp-json\/wp\/v2\/comments?post=10692"}],"version-history":[{"count":2,"href":"https:\/\/elfsight.com\/de\/wp-json\/wp\/v2\/pages\/10692\/revisions"}],"predecessor-version":[{"id":22096,"href":"https:\/\/elfsight.com\/de\/wp-json\/wp\/v2\/pages\/10692\/revisions\/22096"}],"up":[{"embeddable":true,"href":"https:\/\/elfsight.com\/de\/wp-json\/wp\/v2\/pages\/4100"}],"wp:attachment":[{"href":"https:\/\/elfsight.com\/de\/wp-json\/wp\/v2\/media?parent=10692"}],"curies":[{"name":"wp","href":"https:\/\/api.w.org\/{rel}","templated":true}]}}