{"id":10691,"date":"1970-01-01T00:00:00","date_gmt":"1970-01-01T00:00:00","guid":{"rendered":"https:\/\/elfsight.com\/de\/?page_id=10691"},"modified":"2025-07-10T13:54:49","modified_gmt":"2025-07-10T13:54:49","slug":"prestashop","status":"publish","type":"page","link":"https:\/\/elfsight.com\/de\/tumblr-feed-widget\/prestashop\/","title":{"rendered":"Tumblr Feed &#8211; PrestaShop"},"content":{"rendered":"<div class=\"application-platform-content-item-description application-platform-content-item\" id=\"description\" data-nav-section=\"description\"> <h2>Beschreibung<\/h2> <p>Elfsight Tumblr Feed f\u00fcr Prestashop ist ein Add-on, das Sie bei allen aktuellen Anforderungen beim Erhalten von Eindr\u00fccken und Anfragen unterst\u00fctzen soll von Benutzern Ihrer Website. Zeigen Sie die zum Ausf\u00fcllen erforderlichen Teile an, w\u00e4hlen Sie die bevorzugte Vorlage und gestalten Sie die Benutzeroberfl\u00e4che, um Ihre Besucher dazu zu bringen, Fragen zu den Dienstleistungen Ihres Unternehmens zu stellen. Der Tumblr-Feed ist so gestaltet, dass er alle Ihre Bed\u00fcrfnisse erf\u00fcllt, Feedback zu erhalten und mit Ihren Kunden in Kontakt zu bleiben.<\/p><p><b>Erleben Sie mit Tumblr Feed eine starke Gesch\u00e4ftsentwicklung und gesteigerte Ums\u00e4tze.<\/b><\/p> <\/div> <div class=\"application-platform-content-item-features application-platform-content-item\" id=\"features\" data-nav-section=\"features\"> <h2>Hier finden Sie die wesentlichen Funktionen des Widgets: <\/h2> <ul><li>Zeigen Sie Ihre Inhalte aus verschiedenen Quellen an<\/li><li>Automatische Filterung manueller und optionaler Moderationsmodus<\/li><li>Automatischer Moderationsmodus f\u00fcr kontinuierliches Hochladen von Inhalten<\/li><li>F\u00fcnf vorgefertigte Beitragsvorlagen mit verschiedenen Text-, Autorenbild- und Fotopositionen<\/li><li>Videos werden automatisch in einem Popup-Modus abgespielt<\/li><li>Lassen Sie Ihre Beitr\u00e4ge in einem Popup-Modus erscheinen<\/li><li>Zwei Varianten der Darstellung von Popup-Beitr\u00e4gen: Feed und Slider<\/li><\/ul><p><a href=\"#demo\">Schauen Sie sich einfach diese Demo an, um einen vollst\u00e4ndigen \u00dcberblick zu erhalten<\/a><\/p> <\/div> <div class=\"application-platform-content-item-installation application-platform-content-item\" id=\"installation\" data-nav-section=\"installation\"> <h2>Wie bette ich Tumblr ein? Feed auf meiner PrestaShop-Website? <\/h2> <p>F\u00fchren Sie einfach die folgenden Schritte aus, um mit der Verwendung des Widgets zu beginnen. <\/p> <ol><li><b>Nutzen Sie unseren kostenlosen Konfigurator und beginnen Sie mit der Gestaltung Ihres ma\u00dfgeschneiderten Add-ons. <\/b><br> W\u00e4hlen Sie das ausgew\u00e4hlte Aussehen und die Funktionsmerkmale des Widgets aus und \u00fcbernehmen Sie die \u00c4nderungen. <\/li> <li><b>Sie erhalten den eindeutigen Code, der im Feld von Elfsight Apps angezeigt wird. <\/b><br> Nachdem die Erstellung Ihres Tools abgeschlossen ist, kopieren Sie den einzelnen Code aus dem angezeigten Fenster und speichern Sie ihn f\u00fcr die zuk\u00fcnftige Verwendung. <\/li> <li><b>Beginnen Sie mit der Verwendung des Widgets auf der PrestaShop-Website. <\/b><br> Integrieren Sie den Code, den Sie k\u00fcrzlich kopiert haben, in Ihre Webseite und \u00fcbernehmen Sie die \u00c4nderungen. <\/li> <li><b>Du bist fertig! Die Einbettung wurde erfolgreich beendet. <\/b><br> Gehen Sie auf Ihre Seite, um die Funktion des Tools zu \u00fcberpr\u00fcfen. <\/li><\/ol> <p>Wenn Sie auf Probleme sto\u00dfen, wenden Sie sich bitte an unseren Support. Unsere Spezialisten helfen Ihnen gerne bei allen Problemen mit dem Produkt weiter. <\/p> <\/div><div class=\"faq\" data-component=\"FAQ\"><div class=\"faq-item\">\r\n\t\t\t\t\t<div class=\"faq-item-question\">\r\n\t\t\t\t\t\t<h3 class=\"faq-item-question-text\">Gibt es eine Option zum Einbetten von Tumblr-Feeds in meine PrestaShop-Site ohne Programmierkenntnisse?<\/h3>\r\n\r\n\t\t\t\t\t\t<div class=\"faq-item-question-icon\"><\/div>\r\n\t\t\t\t\t<\/div>\r\n\r\n\t\t\t\t\t<div class=\"faq-item-answer\">\r\n\t\t\t\t\t\t<div class=\"faq-item-answer-text\"><p>Das Unternehmen Elfsight liefert Eine L\u00f6sung, mit der Benutzer selbst ein Tumblr-Feed-Widget erstellen k\u00f6nnen. Sehen Sie sich die einfachen Anweisungen an:<\/p><ul><li>Gehen Sie zur Live-Demo, um eine Tumblr-Feed-App zu erstellen, die Sie in Ihre PrestaShop-Site einbetten m\u00f6chten.<\/li><li>W\u00e4hlen Sie eine der vorgefertigten Vorlagen und \u00e4ndern Sie die Tumblr-Feed-Einstellungen, f\u00fcgen Sie Ihre Inhalte hinzu, \u00e4ndern Sie das Layout und die Farbe der Elemente ohne Programmierkenntnisse.<\/li><li>Speichern Sie die Einstellungen, die Sie in Tumblr vorgenommen haben Feed und erhalten Sie den Code zum Einbetten, den Sie einfach kostenlos in jede PrestaShop-Webseite einf\u00fcgen k\u00f6nnen.<\/li><\/ul><p>Mit unserem benutzerfreundlichen Editor kann jeder Internetnutzer Tumblr-Feeds online erstellen und m\u00fchelos erg\u00e4nzen jede PrestaShop-Site. Sie m\u00fcssen weder bezahlen noch Ihre Kartendaten angeben, um an dem Service teilzunehmen. Sollten Sie bei irgendeinem Schritt auf Hindernisse sto\u00dfen, z\u00f6gern Sie nicht, sich an unsere Support-Mitarbeiter zu wenden.<\/p><\/div>\r\n\t\t\t\t\t<\/div>\r\n\t\t\t\t<\/div><\/div>","protected":false},"excerpt":{"rendered":"","protected":false},"author":9,"featured_media":0,"parent":4100,"menu_order":0,"comment_status":"closed","ping_status":"closed","template":"templates\/template-application-platform.php","meta":{"publish_to_discourse":"","publish_post_category":"","wpdc_auto_publish_overridden":"","wpdc_topic_tags":"","wpdc_pin_topic":"","wpdc_pin_until":"","discourse_post_id":"","discourse_permalink":"","wpdc_publishing_response":"","wpdc_publishing_error":"","footnotes":""},"class_list":["post-10691","page","type-page","status-publish","hentry"],"yoast_head":"<!-- This site is optimized with the Yoast SEO plugin v25.3.1 - https:\/\/yoast.com\/wordpress\/plugins\/seo\/ -->\n<title>F\u00fcgen Sie das Tumblr-Feed-Add-on zur PrestaShop-Website hinzu (schnell und kostenlos)<\/title>\n<meta name=\"description\" content=\"F\u00fcgen Sie das PrestaShop Tumblr Feed-Add-on auf Ihrer Seite ein. Nutzen Sie die praktische Elfsight-Demo und erstellen Sie in nur wenigen Minuten Ihr fantastisches Tumblr-Add-on\" \/>\n<meta name=\"robots\" content=\"index, follow, max-snippet:-1, max-image-preview:large, max-video-preview:-1\" \/>\n<link rel=\"canonical\" href=\"https:\/\/elfsight.com\/de\/tumblr-feed-widget\/prestashop\/\" \/>\n<meta property=\"og:locale\" content=\"de_DE\" \/>\n<meta property=\"og:type\" content=\"article\" \/>\n<meta property=\"og:title\" content=\"F\u00fcgen Sie das Tumblr-Feed-Add-on zur PrestaShop-Website hinzu (schnell und kostenlos)\" \/>\n<meta property=\"og:description\" content=\"F\u00fcgen Sie das PrestaShop Tumblr Feed-Add-on auf Ihrer Seite ein. Nutzen Sie die praktische Elfsight-Demo und erstellen Sie in nur wenigen Minuten Ihr fantastisches Tumblr-Add-on\" \/>\n<meta property=\"og:url\" content=\"https:\/\/elfsight.com\/de\/tumblr-feed-widget\/prestashop\/\" \/>\n<meta property=\"og:site_name\" content=\"Elfsight DE\" \/>\n<meta property=\"article:modified_time\" content=\"2025-07-10T13:54:49+00:00\" \/>\n<meta name=\"twitter:card\" content=\"summary_large_image\" \/>\n<meta name=\"twitter:label1\" content=\"Gesch\u00e4tzte Lesezeit\" \/>\n\t<meta name=\"twitter:data1\" content=\"3\u00a0Minuten\" \/>\n<!-- \/ Yoast SEO plugin. -->","yoast_head_json":{"title":"F\u00fcgen Sie das Tumblr-Feed-Add-on zur PrestaShop-Website hinzu (schnell und kostenlos)","description":"F\u00fcgen Sie das PrestaShop Tumblr Feed-Add-on auf Ihrer Seite ein. Nutzen Sie die praktische Elfsight-Demo und erstellen Sie in nur wenigen Minuten Ihr fantastisches Tumblr-Add-on","robots":{"index":"index","follow":"follow","max-snippet":"max-snippet:-1","max-image-preview":"max-image-preview:large","max-video-preview":"max-video-preview:-1"},"canonical":"https:\/\/elfsight.com\/de\/tumblr-feed-widget\/prestashop\/","og_locale":"de_DE","og_type":"article","og_title":"F\u00fcgen Sie das Tumblr-Feed-Add-on zur PrestaShop-Website hinzu (schnell und kostenlos)","og_description":"F\u00fcgen Sie das PrestaShop Tumblr Feed-Add-on auf Ihrer Seite ein. Nutzen Sie die praktische Elfsight-Demo und erstellen Sie in nur wenigen Minuten Ihr fantastisches Tumblr-Add-on","og_url":"https:\/\/elfsight.com\/de\/tumblr-feed-widget\/prestashop\/","og_site_name":"Elfsight DE","article_modified_time":"2025-07-10T13:54:49+00:00","twitter_card":"summary_large_image","twitter_misc":{"Gesch\u00e4tzte Lesezeit":"3\u00a0Minuten"},"schema":{"@context":"https:\/\/schema.org","@graph":[{"@type":"WebPage","@id":"https:\/\/elfsight.com\/de\/tumblr-feed-widget\/prestashop\/","url":"https:\/\/elfsight.com\/de\/tumblr-feed-widget\/prestashop\/","name":"F\u00fcgen Sie das Tumblr-Feed-Add-on zur PrestaShop-Website hinzu (schnell und kostenlos)","isPartOf":{"@id":"https:\/\/elfsight.com\/de\/#website"},"datePublished":"1970-01-01T00:00:00+00:00","dateModified":"2025-07-10T13:54:49+00:00","description":"F\u00fcgen Sie das PrestaShop Tumblr Feed-Add-on auf Ihrer Seite ein. Nutzen Sie die praktische Elfsight-Demo und erstellen Sie in nur wenigen Minuten Ihr fantastisches Tumblr-Add-on","breadcrumb":{"@id":"https:\/\/elfsight.com\/de\/tumblr-feed-widget\/prestashop\/#breadcrumb"},"inLanguage":"de","potentialAction":[{"@type":"ReadAction","target":["https:\/\/elfsight.com\/de\/tumblr-feed-widget\/prestashop\/"]}]},{"@type":"BreadcrumbList","@id":"https:\/\/elfsight.com\/de\/tumblr-feed-widget\/prestashop\/#breadcrumb","itemListElement":[{"@type":"ListItem","position":1,"name":"Home","item":"https:\/\/elfsight.com\/de\/"},{"@type":"ListItem","position":2,"name":"Tumblr Feed","item":"https:\/\/elfsight.com\/de\/tumblr-feed-widget\/"},{"@type":"ListItem","position":3,"name":"Tumblr Feed &#8211; PrestaShop"}]},{"@type":"WebSite","@id":"https:\/\/elfsight.com\/de\/#website","url":"https:\/\/elfsight.com\/de\/","name":"Elfsight DE","description":"Just another Elfsight Sites site","potentialAction":[{"@type":"SearchAction","target":{"@type":"EntryPoint","urlTemplate":"https:\/\/elfsight.com\/de\/?s={search_term_string}"},"query-input":{"@type":"PropertyValueSpecification","valueRequired":true,"valueName":"search_term_string"}}],"inLanguage":"de"}]}},"meta_box":{"industry":"","seo_heading":"","heading":"","description":"","cta_heading":"","cta_description":"","application":"4099","h1":"PrestaShop Tumblr-Feed-Add-on","h1_caption":"Zeigen Sie Beitr\u00e4ge aus Ihrem Tumblr-Blog auf Ihrer Website an, um Besucher m\u00fchelos \u00fcber Ihre neuesten Inhalte auf Ihrer Prestashop-Website auf dem Laufenden zu halten.","application_category":[],"applications_title":"","applications_request_title":"","applications_request_button_text":"","hero_text":"","hero_video":"","hero_video_schema_markup":"","selling_points_title":"","selling_points_caption":"","selling_points":[],"selling_points_cta_text":"","features_title":"","features":"","ed_cta_examples_text":"","ed_cta_examples_hidden":"","ed_cta_demo_text":"","ed_cta_demo_hidden":"","why_caption":"","why_editor_title":"","why_editor_text":"","why_team_title":"","why_team_text":"","why_service_title":"","why_service_text":"","template_catalog_visible":"","template_catalog_title":"","template_catalog_text":"","template_catalog_categories_visible":"","demo_title":"Erstellen Sie Ihr Tumblr-Feed-Add-on","demo_caption":"Konfigurieren Sie Ihren Tumblr-Feed und f\u00fcgen Sie ihn kostenlos zu Ihrer PrestaShop-Website hinzu!","default_faq_hidden":"","app_template_category":[],"platform":"3811","template_public_id":"","codecanyon_url":"","codecanyon_item_id":"","codecanyon_price":"","pricing_caption":"","pricing_elfsight_apps_hide_column":"","pricing_elfsight_apps_url":"","pricing_codecanyon_price_caption":"","integration_category":[],"integration_request_title":"","integration_request_cta":"","integration_platform":"","integrations":[],"platform_category":[],"video_schema_markup":"","price":"ab 0 $ \/ Monat","trial":"","benefits":[{"text":"Kostenloser Installationsservice"},{"text":"Professioneller Kundenservice"},{"text":"14-t\u00e4gige R\u00fcckerstattungsgarantie"},{"text":"Fortlaufende Entwicklung"}],"button_url":"#demo","button_target_blank":"","button_nofollow":"","attributes":[{"name":"Installiert","content":"10,000 - 100,000"},{"name":"Reaktionsfreudig","content":"Ja"},{"name":"Kompatible Browser","content":"Firefox, Safari, Opera, Chrome, Edge"}],"tags":[],"tags_disable_links":"","hide_more_platforms":"","video_object":"","demo_hide_cta":"","demo_hide_cloud_options":"","pricing_title":"","pricing":[{"pricing_icon":"platform","pricing_title":"Elfsight Apps","pricing_title_caption":"Plattform\u00fcbergreifende digitale L\u00f6sung, die f\u00fcr jeden Standort geeignet ist","pricing_price":"ab 0 $ \/ Monat","pricing_price_caption":"Beginnen Sie mit einem kostenlosen Plan","pricing_benefits":[{"text":"Unbegrenzte Domains"},{"text":"24\/7 und p\u00fcnktlicher Support"},{"text":"Kostenloser Installationsservice"},{"text":"Vollst\u00e4ndig anpassbar"}],"pricing_button_text":"Zur Website hinzuf\u00fcgen","pricing_button_url":"#demo"}],"related_apps_title":"","related_apps_hidden":"","author":"","image":[],"title":"","job":"","social_networks":[]},"_links":{"self":[{"href":"https:\/\/elfsight.com\/de\/wp-json\/wp\/v2\/pages\/10691","targetHints":{"allow":["GET"]}}],"collection":[{"href":"https:\/\/elfsight.com\/de\/wp-json\/wp\/v2\/pages"}],"about":[{"href":"https:\/\/elfsight.com\/de\/wp-json\/wp\/v2\/types\/page"}],"author":[{"embeddable":true,"href":"https:\/\/elfsight.com\/de\/wp-json\/wp\/v2\/users\/9"}],"replies":[{"embeddable":true,"href":"https:\/\/elfsight.com\/de\/wp-json\/wp\/v2\/comments?post=10691"}],"version-history":[{"count":2,"href":"https:\/\/elfsight.com\/de\/wp-json\/wp\/v2\/pages\/10691\/revisions"}],"predecessor-version":[{"id":22095,"href":"https:\/\/elfsight.com\/de\/wp-json\/wp\/v2\/pages\/10691\/revisions\/22095"}],"up":[{"embeddable":true,"href":"https:\/\/elfsight.com\/de\/wp-json\/wp\/v2\/pages\/4100"}],"wp:attachment":[{"href":"https:\/\/elfsight.com\/de\/wp-json\/wp\/v2\/media?parent=10691"}],"curies":[{"name":"wp","href":"https:\/\/api.w.org\/{rel}","templated":true}]}}