{"id":10684,"date":"1970-01-01T00:00:00","date_gmt":"1970-01-01T00:00:00","guid":{"rendered":"https:\/\/elfsight.com\/de\/?page_id=10684"},"modified":"2025-02-18T14:08:47","modified_gmt":"2025-02-18T14:08:47","slug":"blogger","status":"publish","type":"page","link":"https:\/\/elfsight.com\/de\/tripadvisor-reviews-widget\/blogger\/","title":{"rendered":"Tripadvisor Reviews &#8211; Blogger"},"content":{"rendered":"\n<div class=\"application-platform-content-item-description application-platform-content-item\" id=\"description\" data-nav-section=\"description\"> <h2>Beschreibung<\/h2> <p>Elfsight Tripadvisor Reviews ist ein unkompliziertes Widget, mit dem Sie Bewertungen zu Ihrem Unternehmen in die Website integrieren k\u00f6nnen Benutzer von Tripadvisor. Mit diesem Widget k\u00f6nnen Sie Filter anwenden, um negative Bewertungen auszublenden, Ihre Sterne- und Zahlenbewertungen von Tripadvisor anzuzeigen, Details zu den Autoren anzuzeigen und eine Schaltfl\u00e4che anzuzeigen, die Besucher dazu umleitet, eine neue Bewertung auf Tripadvisor hinzuzuf\u00fcgen. Elfsight Tripadvisor-Bewertungen helfen Ihnen dabei, Ihren hohen Social Proof auf Ihrer Website zu demonstrieren und den Umsatz zu steigern. <\/p><div class=\"faq\" data-component=\"FAQ\"> <div class=\"faq-item\">\r\n\t\t\t\t\t<div class=\"faq-item-question\">\r\n\t\t\t\t\t\t<h3 class=\"faq-item-question-text\">Wo auf meiner Website kann ich dieses Plugin einf\u00fcgen<\/h3>\r\n\r\n\t\t\t\t\t\t<div class=\"faq-item-question-icon\"><\/div>\r\n\t\t\t\t\t<\/div>\r\n\r\n\t\t\t\t\t<div class=\"faq-item-answer\">\r\n\t\t\t\t\t\t<div class=\"faq-item-answer-text\"> <p>Es steht Ihnen frei, das Widget auf einer beliebigen Seite der Website einzuf\u00fcgen oder es in die Website-Vorlage einzuf\u00fcgen In diesem Fall wird es auf allen Seiten angezeigt. Bewertungen k\u00f6nnen auf Produktseiten oder auf der Seite \u201e\u00dcber uns\u201c wirksam sein, den Orten, an denen Sie Ihre hohe Wertsch\u00e4tzung zum Ausdruck bringen m\u00f6chten. <\/p><\/div>\r\n\t\t\t\t\t<\/div>\r\n\t\t\t\t<\/div> <div class=\"faq-item\">\r\n\t\t\t\t\t<div class=\"faq-item-question\">\r\n\t\t\t\t\t\t<h3 class=\"faq-item-question-text\">Welche Vorteile bringt es mir? <\/h3>\r\n\r\n\t\t\t\t\t\t<div class=\"faq-item-question-icon\"><\/div>\r\n\t\t\t\t\t<\/div>\r\n\r\n\t\t\t\t\t<div class=\"faq-item-answer\">\r\n\t\t\t\t\t\t<div class=\"faq-item-answer-text\"> <p>Bewertungen, die von echten Menschen geteilt werden, sind f\u00fcr Ihre Website-Besucher absolut glaubw\u00fcrdig und zeigen ihnen, dass Ihr Unternehmen zuverl\u00e4ssig ist. Eine hohe Bewertung und hervorragende Rezensionen k\u00f6nnen dazu beitragen, die Kaufquote auf Ihrer Website zu steigern. Dar\u00fcber hinaus kann die aktive Schaltfl\u00e4che dazu beitragen, dass mehr Kundenbewertungen zu Ihren Angeboten oder Dienstleistungen auf Tripadvisor angezeigt werden. <\/p> <\/div>\r\n\t\t\t\t\t<\/div>\r\n\t\t\t\t<\/div> <div class=\"faq-item\">\r\n\t\t\t\t\t<div class=\"faq-item-question\">\r\n\t\t\t\t\t\t<h3 class=\"faq-item-question-text\">Wie kann ich das Widget \u201eBewertungen von Tripadvisor\u201c auf meiner Blogger-Website installieren? <\/h3>\r\n\r\n\t\t\t\t\t\t<div class=\"faq-item-question-icon\"><\/div>\r\n\t\t\t\t\t<\/div>\r\n\r\n\t\t\t\t\t<div class=\"faq-item-answer\">\r\n\t\t\t\t\t\t<div class=\"faq-item-answer-text\"> <p>Es dauert nur eine Minute, bis Sie das Widget verwenden. Der Integrationsprozess ist extrem schnell, kostenlos und erfordert keine Programmierung. <\/p> <p>Sie k\u00f6nnen das Bewertungs-Widget \u00fcber unseren Service in Ihre Website einf\u00fcgen. Wenden Sie einfach die Anleitung unten auf dieser Seite an. <\/p> <\/div>\r\n\t\t\t\t\t<\/div>\r\n\t\t\t\t<\/div> <\/div> <\/div> <div class=\"application-platform-content-item-features application-platform-content-item\" id=\"features\" data-nav-section=\"features\"> <h2>Funktionen<\/h2> <p>Um eine klarere Vorstellung von unserem Bewertungs-Widget zu erhalten, sehen Sie sich die Liste an seine wesentlichen Funktionen. Sie machen das Widget f\u00fcr Sie unglaublich effektiv: <\/p> <ul> <li>Drei vordefinierte Filter: nach Typ, Ausschlie\u00dfen nach und Anzahl der anzuzeigenden Bewertungen; <\/li> <li>4 verf\u00fcgbare Layouts: Liste, Raster, Mauerwerk und Schieberegler; <\/li> <li>Eine M\u00f6glichkeit, die Anzeige der Kopfzeile des Widgets zu steuern; <\/li> <li>Die aktive Schaltfl\u00e4che zum Ver\u00f6ffentlichen einer neuen Bewertung f\u00fchrt Benutzer zur Tripadvisor-Seite. <\/li> <li>Sechs flexible Elemente des Widgets: Name und Bild des Autors, Empfehlung, Datum der Freigabe, Tripadvisor-Symbol und Sternebewertung; <\/li> <li>Zwei m\u00f6gliche Szenarien f\u00fcr die Ablehnung einer \u00dcberpr\u00fcfungsanfrage: Anzeigen einer benutzerdefinierten Nachricht oder Entfernen der Schaltfl\u00e4che. <\/li> <\/ul><p><a href=\"#demo\">Entdecken Sie alle Funktionen in der Demo<\/a><\/p> <\/div> <div class=\"application-platform-content-item-installation application-platform-content-item\" id=\"installation\" data-nav-section=\"installation\"> <h2>\u00dcberpr\u00fcfen Sie, wie , um die Tripadvisor-Bewertungen auf Ihrer Blogger-Website zu platzieren. Es ist schnell und kostenlos. <\/h2> <div class=\"video-container\"><iframe width=\"560\" height=\"315\" src=\"https:\/\/www.youtube.com\/embed\/UiZLXM-pxFI?si=JsOl168el3bffXG0\" frameborder=\"0\" allow=\"accelerometer; autoplay; clipboard-write; encrypted-media; gyroscope; picture-in-picture; web-share\" allowfullscreen><\/iframe><\/div><p>Die folgenden Aktionen sind das Einzige, was Sie f\u00fcr eine erfolgreiche Installation tun m\u00fcssen. <\/p> <ul><li><b>Entwerfen Sie Ihr einzigartiges Tripadvisor-Widget<\/b><br> Richten Sie in unserer kostenlosen Demo ein Plugin mit einem bevorzugten Aussehen und einer bevorzugten Funktionalit\u00e4t ein. <\/li><li><b>Erhalten Sie den pers\u00f6nlichen Code, um das Plugin einzurichten<\/b><br> Nachdem Sie Ihr Widget angepasst haben, erhalten Sie Ihren pers\u00f6nlichen Code aus dem erscheinenden Fenster von Elfsight Apps. Kopieren Sie diesen Code f\u00fcr die zuk\u00fcnftige Verwendung. <\/li> <li><b>Ver\u00f6ffentlichen Sie das Plugin auf Ihrer Website<\/b><br> W\u00e4hlen Sie die Stelle aus, an der Sie das Plugin sichtbar machen m\u00f6chten, und f\u00fcgen Sie dort den kopierten Code ein. Ver\u00f6ffentlichen Sie die Ergebnisse.<\/li> <li><b>Die Integration ist erfolgreich! <\/b><br> Besuchen Sie Ihre Seite, um Ihr Plugin zu \u00fcberpr\u00fcfen. <\/li> <\/ul><p>Sie k\u00f6nnen immer noch keine Entscheidung treffen? Oder Probleme haben? Nur eine einzige Anfrage an unser Support-Team hilft bei jedem Problem. <\/p> <\/div>\n","protected":false},"excerpt":{"rendered":"","protected":false},"author":9,"featured_media":0,"parent":1492,"menu_order":0,"comment_status":"closed","ping_status":"closed","template":"templates\/template-application-platform.php","meta":{"publish_to_discourse":"","publish_post_category":"","wpdc_auto_publish_overridden":"","wpdc_topic_tags":"","wpdc_pin_topic":"","wpdc_pin_until":"","discourse_post_id":"","discourse_permalink":"","wpdc_publishing_response":"","wpdc_publishing_error":"","footnotes":""},"class_list":["post-10684","page","type-page","status-publish","hentry"],"yoast_head":"<!-- This site is optimized with the Yoast SEO plugin v25.3.1 - https:\/\/yoast.com\/wordpress\/plugins\/seo\/ -->\n<title>Betten Sie das Tripadvisor-Bewertungs-Widget in Ihre Blogger-Website ein (in 2 Minuten)<\/title>\n<meta name=\"description\" content=\"Hier haben Sie die M\u00f6glichkeit, das Tripadvisor-Bewertungs-Widget zu erstellen und es Ihrer Blogger-Website hinzuzuf\u00fcgen. Genie\u00dfen Sie kostenlosen Kundenservice und andere Boni von Elfsight.\" \/>\n<meta name=\"robots\" content=\"index, follow, max-snippet:-1, max-image-preview:large, max-video-preview:-1\" \/>\n<link rel=\"canonical\" href=\"https:\/\/elfsight.com\/de\/tripadvisor-reviews-widget\/blogger\/\" \/>\n<meta property=\"og:locale\" content=\"de_DE\" \/>\n<meta property=\"og:type\" content=\"article\" \/>\n<meta property=\"og:title\" content=\"Betten Sie das Tripadvisor-Bewertungs-Widget in Ihre Blogger-Website ein (in 2 Minuten)\" \/>\n<meta property=\"og:description\" content=\"Hier haben Sie die M\u00f6glichkeit, das Tripadvisor-Bewertungs-Widget zu erstellen und es Ihrer Blogger-Website hinzuzuf\u00fcgen. Genie\u00dfen Sie kostenlosen Kundenservice und andere Boni von Elfsight.\" \/>\n<meta property=\"og:url\" content=\"https:\/\/elfsight.com\/de\/tripadvisor-reviews-widget\/blogger\/\" \/>\n<meta property=\"og:site_name\" content=\"Elfsight DE\" \/>\n<meta property=\"article:modified_time\" content=\"2025-02-18T14:08:47+00:00\" \/>\n<meta name=\"twitter:card\" content=\"summary_large_image\" \/>\n<meta name=\"twitter:label1\" content=\"Gesch\u00e4tzte Lesezeit\" \/>\n\t<meta name=\"twitter:data1\" content=\"3\u00a0Minuten\" \/>\n<!-- \/ Yoast SEO plugin. -->","yoast_head_json":{"title":"Betten Sie das Tripadvisor-Bewertungs-Widget in Ihre Blogger-Website ein (in 2 Minuten)","description":"Hier haben Sie die M\u00f6glichkeit, das Tripadvisor-Bewertungs-Widget zu erstellen und es Ihrer Blogger-Website hinzuzuf\u00fcgen. Genie\u00dfen Sie kostenlosen Kundenservice und andere Boni von Elfsight.","robots":{"index":"index","follow":"follow","max-snippet":"max-snippet:-1","max-image-preview":"max-image-preview:large","max-video-preview":"max-video-preview:-1"},"canonical":"https:\/\/elfsight.com\/de\/tripadvisor-reviews-widget\/blogger\/","og_locale":"de_DE","og_type":"article","og_title":"Betten Sie das Tripadvisor-Bewertungs-Widget in Ihre Blogger-Website ein (in 2 Minuten)","og_description":"Hier haben Sie die M\u00f6glichkeit, das Tripadvisor-Bewertungs-Widget zu erstellen und es Ihrer Blogger-Website hinzuzuf\u00fcgen. Genie\u00dfen Sie kostenlosen Kundenservice und andere Boni von Elfsight.","og_url":"https:\/\/elfsight.com\/de\/tripadvisor-reviews-widget\/blogger\/","og_site_name":"Elfsight DE","article_modified_time":"2025-02-18T14:08:47+00:00","twitter_card":"summary_large_image","twitter_misc":{"Gesch\u00e4tzte Lesezeit":"3\u00a0Minuten"},"schema":{"@context":"https:\/\/schema.org","@graph":[{"@type":"WebPage","@id":"https:\/\/elfsight.com\/de\/tripadvisor-reviews-widget\/blogger\/","url":"https:\/\/elfsight.com\/de\/tripadvisor-reviews-widget\/blogger\/","name":"Betten Sie das Tripadvisor-Bewertungs-Widget in Ihre Blogger-Website ein (in 2 Minuten)","isPartOf":{"@id":"https:\/\/elfsight.com\/de\/#website"},"datePublished":"1970-01-01T00:00:00+00:00","dateModified":"2025-02-18T14:08:47+00:00","description":"Hier haben Sie die M\u00f6glichkeit, das Tripadvisor-Bewertungs-Widget zu erstellen und es Ihrer Blogger-Website hinzuzuf\u00fcgen. Genie\u00dfen Sie kostenlosen Kundenservice und andere Boni von Elfsight.","breadcrumb":{"@id":"https:\/\/elfsight.com\/de\/tripadvisor-reviews-widget\/blogger\/#breadcrumb"},"inLanguage":"de","potentialAction":[{"@type":"ReadAction","target":["https:\/\/elfsight.com\/de\/tripadvisor-reviews-widget\/blogger\/"]}]},{"@type":"BreadcrumbList","@id":"https:\/\/elfsight.com\/de\/tripadvisor-reviews-widget\/blogger\/#breadcrumb","itemListElement":[{"@type":"ListItem","position":1,"name":"Home","item":"https:\/\/elfsight.com\/de\/"},{"@type":"ListItem","position":2,"name":"Tripadvisor Reviews","item":"https:\/\/elfsight.com\/de\/tripadvisor-reviews-widget\/"},{"@type":"ListItem","position":3,"name":"Tripadvisor Reviews &#8211; Blogger"}]},{"@type":"WebSite","@id":"https:\/\/elfsight.com\/de\/#website","url":"https:\/\/elfsight.com\/de\/","name":"Elfsight DE","description":"Just another Elfsight Sites site","potentialAction":[{"@type":"SearchAction","target":{"@type":"EntryPoint","urlTemplate":"https:\/\/elfsight.com\/de\/?s={search_term_string}"},"query-input":{"@type":"PropertyValueSpecification","valueRequired":true,"valueName":"search_term_string"}}],"inLanguage":"de"}]}},"meta_box":{"industry":"","seo_heading":"","heading":"","description":"","cta_heading":"","cta_description":"","application":"482","h1":"Blogger-Widget \u201eTripadvisor-Bewertungen\u201c","h1_caption":"Zeigen Sie die besten Nutzermeinungen von Tripadvisor auf Ihrer Website an","application_category":[],"applications_title":"","applications_request_title":"","applications_request_button_text":"","hero_text":"","hero_video":"","hero_video_schema_markup":"","selling_points_title":"","selling_points_caption":"","selling_points":[],"selling_points_cta_text":"","features_title":"","features":"","ed_cta_examples_text":"","ed_cta_examples_hidden":"","ed_cta_demo_text":"","ed_cta_demo_hidden":"","why_caption":"","why_editor_title":"","why_editor_text":"","why_team_title":"","why_team_text":"","why_service_title":"","why_service_text":"","template_catalog_visible":"0","template_catalog_title":"","template_catalog_text":"","template_catalog_categories_visible":"","demo_title":"Erstellen Sie Ihr Tripadvisor-Bewertungs-Widget","demo_caption":"Konfigurieren Sie Ihre Tripadvisor-Bewertungen und f\u00fcgen Sie sie kostenlos zu Ihrer Blogger-Website hinzu!","default_faq_hidden":"","app_template_category":[],"platform":"262","template_public_id":"","codecanyon_url":"","codecanyon_item_id":"","codecanyon_price":"","pricing_caption":"","pricing_elfsight_apps_hide_column":"","pricing_elfsight_apps_url":"","pricing_codecanyon_price_caption":"","integration_category":[],"integration_request_title":"","integration_request_cta":"","integration_platform":"","integrations":[],"platform_category":[],"video_schema_markup":"","price":"ab 0 $ \/ Monat","trial":"","benefits":[{"text":"Kostenlose Installationsunterst\u00fctzung"},{"text":"Au\u00dfergew\u00f6hnlicher Support"},{"text":"14-t\u00e4gige R\u00fcckerstattungsgarantie"},{"text":"St\u00e4ndige Aktualisierung"}],"button_url":"#demo","button_target_blank":"0","button_nofollow":"0","attributes":[{"name":"Installiert","content":"10,000 - 100,000"},{"name":"Reaktionsfreudig","content":"Ja"},{"name":"Kompatible Browser","content":"Firefox, Safari, Opera, Chrome, Edge"}],"tags":[],"tags_disable_links":"0","hide_more_platforms":"0","video_object":"","demo_hide_cta":"0","demo_hide_cloud_options":"0","pricing_title":"","pricing":[{"pricing_icon":"platform","pricing_title":"Elfsight Apps","pricing_title_caption":"Multiplattform-Software, die auf jeder Site funktioniert","pricing_price":"ab 0 $ \/ Monat","pricing_price_caption":"Beginnen Sie mit einem kostenlosen Plan","pricing_benefits":[{"text":"Unbegrenzte Domains"},{"text":"Engagierter Kundensupport und gut dokumentiert"},{"text":"Kostenloser Installationsservice"},{"text":"100 % anpassbar"}],"pricing_button_text":"Zur Website hinzuf\u00fcgen","pricing_button_url":"#demo"}],"related_apps_title":"","related_apps_hidden":"0","author":"","image":[],"title":"","job":"","social_networks":[]},"_links":{"self":[{"href":"https:\/\/elfsight.com\/de\/wp-json\/wp\/v2\/pages\/10684","targetHints":{"allow":["GET"]}}],"collection":[{"href":"https:\/\/elfsight.com\/de\/wp-json\/wp\/v2\/pages"}],"about":[{"href":"https:\/\/elfsight.com\/de\/wp-json\/wp\/v2\/types\/page"}],"author":[{"embeddable":true,"href":"https:\/\/elfsight.com\/de\/wp-json\/wp\/v2\/users\/9"}],"replies":[{"embeddable":true,"href":"https:\/\/elfsight.com\/de\/wp-json\/wp\/v2\/comments?post=10684"}],"version-history":[{"count":3,"href":"https:\/\/elfsight.com\/de\/wp-json\/wp\/v2\/pages\/10684\/revisions"}],"predecessor-version":[{"id":24346,"href":"https:\/\/elfsight.com\/de\/wp-json\/wp\/v2\/pages\/10684\/revisions\/24346"}],"up":[{"embeddable":true,"href":"https:\/\/elfsight.com\/de\/wp-json\/wp\/v2\/pages\/1492"}],"wp:attachment":[{"href":"https:\/\/elfsight.com\/de\/wp-json\/wp\/v2\/media?parent=10684"}],"curies":[{"name":"wp","href":"https:\/\/api.w.org\/{rel}","templated":true}]}}