{"id":10682,"date":"1970-01-01T00:00:00","date_gmt":"1970-01-01T00:00:00","guid":{"rendered":"https:\/\/elfsight.com\/de\/?page_id=10682"},"modified":"2025-02-18T14:37:04","modified_gmt":"2025-02-18T14:37:04","slug":"html","status":"publish","type":"page","link":"https:\/\/elfsight.com\/de\/tripadvisor-reviews-widget\/html\/","title":{"rendered":"Tripadvisor Reviews &#8211; HTML"},"content":{"rendered":"\n<div class=\"application-platform-content-item-description application-platform-content-item\" id=\"description\" data-nav-section=\"description\"> <h2>Beschreibung<\/h2><p>Elfsight Tripadvisor Reviews ist ein n\u00fctzliches Widget, mit dem Sie auf der Website Bewertungen von Benutzern \u00fcber Ihr Unternehmen anzeigen k\u00f6nnen von Tripadvisor. Mit Hilfe dieses Widgets k\u00f6nnen Sie unerw\u00fcnschte Bewertungen ausblenden, Ihre Sterne- und Zahlenbewertungen von Tripadvisor hinzuf\u00fcgen, Informationen \u00fcber die Autoren der Bewertungen anzeigen und eine Schaltfl\u00e4che integrieren, die Besuchern hilft, eine weitere Bewertung auf Tripadvisor zu schreiben. Das Elfsight Tripadvisor-Bewertungs-Widget hilft Ihnen dabei, Ihren perfekten Social Proof auf der Website zu demonstrieren und den Umsatz anzukurbeln. <\/p><div class=\"faq\" data-component=\"FAQ\"> <div class=\"faq-item\">\r\n\t\t\t\t\t<div class=\"faq-item-question\">\r\n\t\t\t\t\t\t<h3 class=\"faq-item-question-text\">Wo auf meiner Website kann ich dieses Plugin anzeigen<\/h3>\r\n\r\n\t\t\t\t\t\t<div class=\"faq-item-question-icon\"><\/div>\r\n\t\t\t\t\t<\/div>\r\n\r\n\t\t\t\t\t<div class=\"faq-item-answer\">\r\n\t\t\t\t\t\t<div class=\"faq-item-answer-text\"> <p>Sie k\u00f6nnen das Widget auf jeder Seite Ihrer Website hinzuf\u00fcgen oder in die Website-Vorlage einf\u00fcgen, und es wird angezeigt auf allen Seiten. Bewertungen k\u00f6nnen gut auf Produktseiten oder auf der Seite \u201e\u00dcber uns\u201c funktionieren, wo Sie Ihre hohe Wertsch\u00e4tzung zum Ausdruck bringen m\u00f6chten. <\/p><\/div>\r\n\t\t\t\t\t<\/div>\r\n\t\t\t\t<\/div> <div class=\"faq-item\">\r\n\t\t\t\t\t<div class=\"faq-item-question\">\r\n\t\t\t\t\t\t<h3 class=\"faq-item-question-text\">Was sind die Vorteile dieses Plugins f\u00fcr mich? <\/h3>\r\n\r\n\t\t\t\t\t\t<div class=\"faq-item-question-icon\"><\/div>\r\n\t\t\t\t\t<\/div>\r\n\r\n\t\t\t\t\t<div class=\"faq-item-answer\">\r\n\t\t\t\t\t\t<div class=\"faq-item-answer-text\"> <p>Bewertungen, die von echten Menschen gepostet werden, erscheinen den Kunden Ihrer Website als \u00e4u\u00dferst glaubw\u00fcrdig und zeigen ihnen, dass Ihr Unternehmen zuverl\u00e4ssig ist. Eine hohe Bewertung und positive Eindr\u00fccke k\u00f6nnen dazu beitragen, die Kaufquote auf Ihrer Website zu steigern. Au\u00dferdem kann die Weiterleitungsschaltfl\u00e4che zu mehr Kundenbewertungen \u00fcber Ihr Unternehmen auf Tripadvisor beitragen. <\/p> <\/div>\r\n\t\t\t\t\t<\/div>\r\n\t\t\t\t<\/div> <div class=\"faq-item\">\r\n\t\t\t\t\t<div class=\"faq-item-question\">\r\n\t\t\t\t\t\t<h3 class=\"faq-item-question-text\">Wie bette ich Bewertungen aus dem Tripadvisor-Widget in meine HTML-Website ein? <\/h3>\r\n\r\n\t\t\t\t\t\t<div class=\"faq-item-question-icon\"><\/div>\r\n\t\t\t\t\t<\/div>\r\n\r\n\t\t\t\t\t<div class=\"faq-item-answer\">\r\n\t\t\t\t\t\t<div class=\"faq-item-answer-text\"> <p>Sie ben\u00f6tigen nur eine Minute, um das Widget einzubetten. Es ist sehr schnell, kostenlos und erfordert keine Programmierung. <\/p> <p>Sie k\u00f6nnen das Widget \u00fcber unseren Service in die Webseite integrieren. Befolgen Sie einfach die Schritte der Anweisungen unten auf dieser Seite. <\/p> <\/div>\r\n\t\t\t\t\t<\/div>\r\n\t\t\t\t<\/div> <\/div> <\/div> <div class=\"application-platform-content-item-features application-platform-content-item\" id=\"features\" data-nav-section=\"features\"> <h2>Funktionen<\/h2> <p>Damit Sie eine klarere Vorstellung vom Bewertungs-Widget haben, haben wir es erstellt eine Liste seiner wertvollsten Eigenschaften. Sie machen dieses Widget f\u00fcr Ihr Gesch\u00e4ft maximal effektiv: <\/p> <ul> <li>Drei gebrauchsfertige Filter: nach Typ, Ausschlie\u00dfen nach und Anzahl der anzuzeigenden Bewertungen; <\/li> <li>Vier gebrauchsfertige Layouts: Liste, Raster, Mauerwerk und Schieberegler; <\/li> <li>Eine M\u00f6glichkeit, die Anzeige der Kopfzeile des Widgets zu steuern; <\/li> <li>Die Schaltfl\u00e4che \u201eBewertungsanfrage\u201c f\u00fchrt Benutzer zur Tripadvisor-Seite. <\/li> <li>6 anpassbare Elemente der Benutzeroberfl\u00e4che: Name und Foto des Autors, Empfehlung, Datum, Tripadvisor-Symbol und Sternebewertung; <\/li> <li>Zwei Szenarien f\u00fcr die Ablehnung einer \u00dcberpr\u00fcfungsanfrage: Zeigen Sie Ihre Nachricht an oder verbergen Sie die Schaltfl\u00e4che. <\/li> <\/ul><p><a href=\"#demo\">Erfahren Sie mehr \u00fcber weitere Funktionen in der Live-Demo<\/a><\/p> <\/div> <div class=\"application-platform-content-item-installation application-platform-content-item\" id=\"installation\" data-nav-section=\"installation\"> <h2> So f\u00fcgen Sie Tripadvisor-Bewertungen zu Ihrer HTML-Website hinzu<\/h2> <div class=\"video-container\"><iframe width=\"560\" height=\"315\" src=\"https:\/\/www.youtube.com\/embed\/QeUsszGgpws?si=ymWQ5_g49iUclfj9\" frameborder=\"0\" allow=\"accelerometer; autoplay; clipboard-write; encrypted-media; gyroscope; picture-in-picture; web-share\" allowfullscreen><\/iframe><\/div><p>Diese mehreren Schritte sind das Einzige, was Sie anzeigen m\u00fcssen. <\/p> <ul><li><b>Entwerfen Sie Ihr individuelles Tripadvisor-Widget<\/b><br> Erstellen Sie mit unserem kostenlosen Editor ein Plugin mit den am besten geeigneten Layout- und Schnittstellenoptionen. <\/li><li><b>Erhalten Sie den pers\u00f6nlichen Code zum Einrichten des Plugins<\/b><br> Nachdem Sie Ihr Widget eingerichtet haben, erhalten Sie Ihren pers\u00f6nlichen Code aus der angezeigten Benachrichtigung auf Elfsight Apps. Kopiere es. <\/li> <li><b>F\u00fcgen Sie das Plugin auf Ihrer Website hinzu<\/b><br> W\u00e4hlen Sie die Stelle aus, an der Sie das Plugin integrieren m\u00f6chten, und f\u00fcgen Sie dort den gespeicherten Code ein. Ver\u00f6ffentlichen Sie die \u00c4nderungen. <\/li> <li><b>Die Installation ist abgeschlossen<\/b><br> Besuchen Sie Ihre Website, um Ihre Bewertungen anzuzeigen. <\/li> <\/ul><p>Haben Sie immer noch Zweifel? Oder \u00fcber irgendetwas gestolpert? Senden Sie einfach eine Anfrage an unseren Kundenservice und wir helfen Ihnen bei allen Problemen. <\/p> <\/div>\n\n\n\n<p><\/p>\n","protected":false},"excerpt":{"rendered":"","protected":false},"author":9,"featured_media":0,"parent":1492,"menu_order":0,"comment_status":"closed","ping_status":"closed","template":"templates\/template-application-platform.php","meta":{"publish_to_discourse":"","publish_post_category":"","wpdc_auto_publish_overridden":"","wpdc_topic_tags":"","wpdc_pin_topic":"","wpdc_pin_until":"","discourse_post_id":"","discourse_permalink":"","wpdc_publishing_response":"","wpdc_publishing_error":"","footnotes":""},"class_list":["post-10682","page","type-page","status-publish","hentry"],"yoast_head":"<!-- This site is optimized with the Yoast SEO plugin v25.3.1 - https:\/\/yoast.com\/wordpress\/plugins\/seo\/ -->\n<title>Betten Sie das Tripadvisor-Bewertungs-Widget in Ihre HTML-Website ein (in 2 Minuten)<\/title>\n<meta name=\"description\" content=\"Hier haben Sie die M\u00f6glichkeit, das Tripadvisor-Bewertungs-Widget zu gestalten und es Ihrer HTML-Website hinzuzuf\u00fcgen. Sie profitieren von kostenlosem Kundenservice und anderen Vorteilen von Elfsight.\" \/>\n<meta name=\"robots\" content=\"index, follow, max-snippet:-1, max-image-preview:large, max-video-preview:-1\" \/>\n<link rel=\"canonical\" href=\"https:\/\/elfsight.com\/de\/tripadvisor-reviews-widget\/html\/\" \/>\n<meta property=\"og:locale\" content=\"de_DE\" \/>\n<meta property=\"og:type\" content=\"article\" \/>\n<meta property=\"og:title\" content=\"Betten Sie das Tripadvisor-Bewertungs-Widget in Ihre HTML-Website ein (in 2 Minuten)\" \/>\n<meta property=\"og:description\" content=\"Hier haben Sie die M\u00f6glichkeit, das Tripadvisor-Bewertungs-Widget zu gestalten und es Ihrer HTML-Website hinzuzuf\u00fcgen. Sie profitieren von kostenlosem Kundenservice und anderen Vorteilen von Elfsight.\" \/>\n<meta property=\"og:url\" content=\"https:\/\/elfsight.com\/de\/tripadvisor-reviews-widget\/html\/\" \/>\n<meta property=\"og:site_name\" content=\"Elfsight DE\" \/>\n<meta property=\"article:modified_time\" content=\"2025-02-18T14:37:04+00:00\" \/>\n<meta name=\"twitter:card\" content=\"summary_large_image\" \/>\n<meta name=\"twitter:label1\" content=\"Gesch\u00e4tzte Lesezeit\" \/>\n\t<meta name=\"twitter:data1\" content=\"3\u00a0Minuten\" \/>\n<!-- \/ Yoast SEO plugin. -->","yoast_head_json":{"title":"Betten Sie das Tripadvisor-Bewertungs-Widget in Ihre HTML-Website ein (in 2 Minuten)","description":"Hier haben Sie die M\u00f6glichkeit, das Tripadvisor-Bewertungs-Widget zu gestalten und es Ihrer HTML-Website hinzuzuf\u00fcgen. Sie profitieren von kostenlosem Kundenservice und anderen Vorteilen von Elfsight.","robots":{"index":"index","follow":"follow","max-snippet":"max-snippet:-1","max-image-preview":"max-image-preview:large","max-video-preview":"max-video-preview:-1"},"canonical":"https:\/\/elfsight.com\/de\/tripadvisor-reviews-widget\/html\/","og_locale":"de_DE","og_type":"article","og_title":"Betten Sie das Tripadvisor-Bewertungs-Widget in Ihre HTML-Website ein (in 2 Minuten)","og_description":"Hier haben Sie die M\u00f6glichkeit, das Tripadvisor-Bewertungs-Widget zu gestalten und es Ihrer HTML-Website hinzuzuf\u00fcgen. Sie profitieren von kostenlosem Kundenservice und anderen Vorteilen von Elfsight.","og_url":"https:\/\/elfsight.com\/de\/tripadvisor-reviews-widget\/html\/","og_site_name":"Elfsight DE","article_modified_time":"2025-02-18T14:37:04+00:00","twitter_card":"summary_large_image","twitter_misc":{"Gesch\u00e4tzte Lesezeit":"3\u00a0Minuten"},"schema":{"@context":"https:\/\/schema.org","@graph":[{"@type":"WebPage","@id":"https:\/\/elfsight.com\/de\/tripadvisor-reviews-widget\/html\/","url":"https:\/\/elfsight.com\/de\/tripadvisor-reviews-widget\/html\/","name":"Betten Sie das Tripadvisor-Bewertungs-Widget in Ihre HTML-Website ein (in 2 Minuten)","isPartOf":{"@id":"https:\/\/elfsight.com\/de\/#website"},"datePublished":"1970-01-01T00:00:00+00:00","dateModified":"2025-02-18T14:37:04+00:00","description":"Hier haben Sie die M\u00f6glichkeit, das Tripadvisor-Bewertungs-Widget zu gestalten und es Ihrer HTML-Website hinzuzuf\u00fcgen. Sie profitieren von kostenlosem Kundenservice und anderen Vorteilen von Elfsight.","breadcrumb":{"@id":"https:\/\/elfsight.com\/de\/tripadvisor-reviews-widget\/html\/#breadcrumb"},"inLanguage":"de","potentialAction":[{"@type":"ReadAction","target":["https:\/\/elfsight.com\/de\/tripadvisor-reviews-widget\/html\/"]}]},{"@type":"BreadcrumbList","@id":"https:\/\/elfsight.com\/de\/tripadvisor-reviews-widget\/html\/#breadcrumb","itemListElement":[{"@type":"ListItem","position":1,"name":"Home","item":"https:\/\/elfsight.com\/de\/"},{"@type":"ListItem","position":2,"name":"Tripadvisor Reviews","item":"https:\/\/elfsight.com\/de\/tripadvisor-reviews-widget\/"},{"@type":"ListItem","position":3,"name":"Tripadvisor Reviews &#8211; HTML"}]},{"@type":"WebSite","@id":"https:\/\/elfsight.com\/de\/#website","url":"https:\/\/elfsight.com\/de\/","name":"Elfsight DE","description":"Just another Elfsight Sites site","potentialAction":[{"@type":"SearchAction","target":{"@type":"EntryPoint","urlTemplate":"https:\/\/elfsight.com\/de\/?s={search_term_string}"},"query-input":{"@type":"PropertyValueSpecification","valueRequired":true,"valueName":"search_term_string"}}],"inLanguage":"de"}]}},"meta_box":{"industry":"","seo_heading":"","heading":"","description":"","cta_heading":"","cta_description":"","application":"482","h1":"HTML-Widget f\u00fcr Tripadvisor-Bewertungen","h1_caption":"Zeigen Sie die verlockendsten Kundenbewertungen von Tripadvisor auf Ihrer Website an","application_category":[],"applications_title":"","applications_request_title":"","applications_request_button_text":"","hero_text":"","hero_video":"","hero_video_schema_markup":"","selling_points_title":"","selling_points_caption":"","selling_points":[],"selling_points_cta_text":"","features_title":"","features":"","ed_cta_examples_text":"","ed_cta_examples_hidden":"","ed_cta_demo_text":"","ed_cta_demo_hidden":"","why_caption":"","why_editor_title":"","why_editor_text":"","why_team_title":"","why_team_text":"","why_service_title":"","why_service_text":"","template_catalog_visible":"0","template_catalog_title":"","template_catalog_text":"","template_catalog_categories_visible":"","demo_title":"Erstellen Sie Ihr Tripadvisor-Bewertungs-Widget","demo_caption":"Konfigurieren Sie Ihre Tripadvisor-Bewertungen und f\u00fcgen Sie sie kostenlos zu Ihrer HTML-Website hinzu!","default_faq_hidden":"","app_template_category":[],"platform":"260","template_public_id":"","codecanyon_url":"","codecanyon_item_id":"","codecanyon_price":"","pricing_caption":"","pricing_elfsight_apps_hide_column":"","pricing_elfsight_apps_url":"","pricing_codecanyon_price_caption":"","integration_category":[],"integration_request_title":"","integration_request_cta":"","integration_platform":"","integrations":[],"platform_category":[],"video_schema_markup":"","price":"ab 0 $ \/ Monat","trial":"","benefits":[{"text":"Kostenlose Installationshilfe"},{"text":"Professioneller Kundenservice"},{"text":"14-t\u00e4gige Geld-zur\u00fcck-Garantie"},{"text":"Zuk\u00fcnftige Verbesserungen"}],"button_url":"#demo","button_target_blank":"0","button_nofollow":"0","attributes":[{"name":"Installiert","content":"10,000 - 100,000"},{"name":"Reaktionsfreudig","content":"Ja"},{"name":"Kompatible Browser","content":"Firefox, Safari, Opera, Chrome, Edge"}],"tags":[],"tags_disable_links":"0","hide_more_platforms":"0","video_object":"","demo_hide_cta":"0","demo_hide_cloud_options":"0","pricing_title":"","pricing":[{"pricing_icon":"platform","pricing_title":"Elfsight Apps","pricing_title_caption":"Multiplattform-Version, die auf jeder Website funktioniert","pricing_price":"ab 0 $ \/ Monat","pricing_price_caption":"Beginnen Sie mit einem kostenlosen Plan","pricing_benefits":[{"text":"Unbegrenzte Domains"},{"text":"Premium-Unternehmensunterst\u00fctzung"},{"text":"Kostenlose Installationsunterst\u00fctzung"},{"text":"Sonderangebot f\u00fcr mehrere Apps"}],"pricing_button_text":"Zur Website hinzuf\u00fcgen","pricing_button_url":"#demo"}],"related_apps_title":"","related_apps_hidden":"0","author":"","image":[],"title":"","job":"","social_networks":[]},"_links":{"self":[{"href":"https:\/\/elfsight.com\/de\/wp-json\/wp\/v2\/pages\/10682","targetHints":{"allow":["GET"]}}],"collection":[{"href":"https:\/\/elfsight.com\/de\/wp-json\/wp\/v2\/pages"}],"about":[{"href":"https:\/\/elfsight.com\/de\/wp-json\/wp\/v2\/types\/page"}],"author":[{"embeddable":true,"href":"https:\/\/elfsight.com\/de\/wp-json\/wp\/v2\/users\/9"}],"replies":[{"embeddable":true,"href":"https:\/\/elfsight.com\/de\/wp-json\/wp\/v2\/comments?post=10682"}],"version-history":[{"count":3,"href":"https:\/\/elfsight.com\/de\/wp-json\/wp\/v2\/pages\/10682\/revisions"}],"predecessor-version":[{"id":24350,"href":"https:\/\/elfsight.com\/de\/wp-json\/wp\/v2\/pages\/10682\/revisions\/24350"}],"up":[{"embeddable":true,"href":"https:\/\/elfsight.com\/de\/wp-json\/wp\/v2\/pages\/1492"}],"wp:attachment":[{"href":"https:\/\/elfsight.com\/de\/wp-json\/wp\/v2\/media?parent=10682"}],"curies":[{"name":"wp","href":"https:\/\/api.w.org\/{rel}","templated":true}]}}