{"id":10681,"date":"1970-01-01T00:00:00","date_gmt":"1970-01-01T00:00:00","guid":{"rendered":"https:\/\/elfsight.com\/de\/?page_id=10681"},"modified":"2025-03-20T06:34:56","modified_gmt":"2025-03-20T06:34:56","slug":"shopify","status":"publish","type":"page","link":"https:\/\/elfsight.com\/de\/tripadvisor-reviews-widget\/shopify\/","title":{"rendered":"Tripadvisor Reviews &#8211; Shopify"},"content":{"rendered":"\n<div class=\"application-platform-content-item-description application-platform-content-item\" id=\"description\" data-nav-section=\"description\"> <h2>Etten Sie Tripadvisor-Bewertungen auf Shopify mit dem Elfsight-Widget ein<\/h2> <p>Wenn Sie Ihren Kunden Ihre Wertsch\u00e4tzung zeigen und Website-Besucher \u00fcberzeugen m\u00f6chten Damit Sie sicher sein k\u00f6nnen, dass sich Ihre Angebote lohnen, wird Elfsight Tripadvisor Reviews Ihnen helfen. Mit Hilfe dieses Widgets k\u00f6nnen Sie Kundenbewertungen von Tripadvisor auf Ihrer Website mit Details zu den Autoren anzeigen, Filter verwenden, um nur gute Bewertungen anzuzeigen, Bewertungen anzeigen und eine aktive Schaltfl\u00e4che verwenden, die Personen zu Ihrem Tripadvisor-Konto f\u00fchrt Sie k\u00f6nnen eine neue Bewertung abgeben. <\/p><div class=\"faq\" data-component=\"FAQ\"> <div class=\"faq-item\">\r\n\t\t\t\t\t<div class=\"faq-item-question\">\r\n\t\t\t\t\t\t<h3 class=\"faq-item-question-text\">Wo kann ich das Bewertungs-Widget integrieren<\/h3>\r\n\r\n\t\t\t\t\t\t<div class=\"faq-item-question-icon\"><\/div>\r\n\t\t\t\t\t<\/div>\r\n\r\n\t\t\t\t\t<div class=\"faq-item-answer\">\r\n\t\t\t\t\t\t<div class=\"faq-item-answer-text\"> <p>Dieses Widget kann auf jeder Webseite eingebettet werden, auf der Sie Ihre hohe Wertsch\u00e4tzung und Beliebtheit bei Kunden unter Beweis stellen m\u00f6chten. Wenn Sie das Widget auf allen Seiten der Website anzeigen m\u00f6chten, k\u00f6nnen Sie es einfach in die Website-Vorlage einf\u00fcgen. <\/p><\/div>\r\n\t\t\t\t\t<\/div>\r\n\t\t\t\t<\/div> <div class=\"faq-item\">\r\n\t\t\t\t\t<div class=\"faq-item-question\">\r\n\t\t\t\t\t\t<h3 class=\"faq-item-question-text\">Wie profitiere ich vom Bewertungs-Widget? <\/h3>\r\n\r\n\t\t\t\t\t\t<div class=\"faq-item-question-icon\"><\/div>\r\n\t\t\t\t\t<\/div>\r\n\r\n\t\t\t\t\t<div class=\"faq-item-answer\">\r\n\t\t\t\t\t\t<div class=\"faq-item-answer-text\"> <p>Bewertungen von echten Menschen wirken f\u00fcr Ihre Website-Besucher \u00e4u\u00dferst glaubw\u00fcrdig und zeigen ihnen, dass Ihr Unternehmen vertrauensw\u00fcrdig ist. Eine hohe Bewertung und positive Eindr\u00fccke k\u00f6nnen dazu beitragen, die K\u00e4ufe auf Ihrer Website zu steigern. Dar\u00fcber hinaus kann die Weiterleitungsschaltfl\u00e4che dazu beitragen, die Anzahl der Kundenbewertungen zu Ihren Angeboten oder Dienstleistungen auf Tripadvisor zu erh\u00f6hen. <\/p> <\/div>\r\n\t\t\t\t\t<\/div>\r\n\t\t\t\t<\/div> <div class=\"faq-item\">\r\n\t\t\t\t\t<div class=\"faq-item-question\">\r\n\t\t\t\t\t\t<h3 class=\"faq-item-question-text\">Wie bette ich das Widget \u201eBewertungen f\u00fcr Tripadvisor\u201c auf meiner Shopify-Website ein? <\/h3>\r\n\r\n\t\t\t\t\t\t<div class=\"faq-item-question-icon\"><\/div>\r\n\t\t\t\t\t<\/div>\r\n\r\n\t\t\t\t\t<div class=\"faq-item-answer\">\r\n\t\t\t\t\t\t<div class=\"faq-item-answer-text\"> <p>Es dauert zwei Minuten, das Widget auf einer beliebigen Seite Ihrer Website zu aktivieren. Dieser Prozess ist wirklich schnell, kostenlos und ohne Programmierung. <\/p> <p>Es besteht die M\u00f6glichkeit, das Widget \u00fcber unseren Dienst auf der Webseite zu platzieren. Siehe hierzu die kurze Beschreibung weiter unten auf dieser Seite. <\/p> <\/div>\r\n\t\t\t\t\t<\/div>\r\n\t\t\t\t<\/div> <\/div> <\/div> <div class=\"application-platform-content-item-features application-platform-content-item\" id=\"features\" data-nav-section=\"features\"> <h2>Hauptfunktionen des Tripadvisor-Bewertungs-Widgets<\/h2> <p>In der Reihenfolge Um sich einen \u00dcberblick \u00fcber das Widget zu verschaffen, sehen Sie sich die Liste seiner Hauptfunktionen an. Sie machen unser Widget f\u00fcr Ihre Werbung unglaublich effizient: <\/p> <ul> <li>3 verf\u00fcgbare Filter: nach Typ, Ausschlie\u00dfen nach und Anzahl der anzuzeigenden Bewertungen; <\/li> <li>4 Arten von Layouts: Liste, Raster, Mauerwerk und Schieberegler; <\/li> <li> Vollst\u00e4ndig flexibler Header des Widgets; <\/li> <li>\u00dcber die Schaltfl\u00e4che zum Anfordern einer Bewertung gelangen Kunden zur Tripadvisor-Seite. <\/li> <li>Sechs anpassbare Elemente der Benutzeroberfl\u00e4che: Name des Autors und Bild, Empfehlungstext, Datum, Tripadvisor-Symbol und Sternebewertung; <\/li> <li>Zwei Varianten des Szenarios nach Ablehnung der \u00dcberpr\u00fcfungsanfrage: Zeigen Sie Ihre Nachricht an oder blenden Sie die Schaltfl\u00e4che aus. <\/li><\/ul> <p><a href=\"#demo\">Um mehr Funktionen zu sehen, schauen Sie sich unsere Demo an<\/a><\/p> \n<\/div> <div class=\"application-platform-content-item-installation application-platform-content-item\" id=\"installation\" data-nav-section=\"installation\"> <h2>Schauen wir uns an, wie man Tripadvisor-Bewertungen zu Ihrer Shopify-Website hinzuf\u00fcgt<\/h2><div class=\"video-container\"><iframe width=\"560\" height=\"315\" src=\"https:\/\/www.youtube.com\/embed\/HZ5JxcMdXL8?si=N0MPW7mukR3kdoVj\" frameborder=\"0\" allow=\"accelerometer; autoplay; clipboard-write; encrypted-media; gyroscope; picture-in-picture; web-share\" allowfullscreen><\/iframe><\/div><p>Folgen Sie einfach den untenstehenden Anweisungen, um das Tool in Shopify zu aktivieren.<\/p>\n<ol><li><b>Nutzen Sie unsere kostenlose Demo und beginnen Sie mit der Entwicklung Ihrer eigenen App. <\/b><br> Finden Sie die gew\u00fcnschte Benutzeroberfl\u00e4che und Aspekte der App und speichern Sie alle Korrekturen. <\/li> <li><b>Erhalten Sie Ihren einzigartigen Code, der im speziellen Formular auf Elfsight Apps angezeigt wird. <\/b><br> Nachdem die Einrichtung Ihrer pers\u00f6nlichen App abgeschlossen ist, kopieren Sie Ihren Code in das erscheinende Fenster und speichern Sie ihn f\u00fcr eine sp\u00e4tere Gelegenheit. <\/li> <li><b>Initiieren Sie die Anwendung der App auf der Shopify-Website. <\/b><br> Betten Sie den zuvor gespeicherten Code in Ihre Website ein und speichern Sie die \u00c4nderungen. <\/li> <li><b>Die Einrichtung wurde erfolgreich abgeschlossen. <\/b><br> Besuchen Sie Ihre Webseite, um die Funktionsweise der App zu sehen. <\/li><\/ol><p>Haben Sie noch etwas, das Sie unsicher macht? Oder haben Sie irgendwelche Probleme? Mit nur einer einzigen Anfrage an unser Support-Team l\u00e4sst sich jedes Problem l\u00f6sen. <\/p> <\/div><\/ul>\n","protected":false},"excerpt":{"rendered":"","protected":false},"author":9,"featured_media":0,"parent":1492,"menu_order":0,"comment_status":"closed","ping_status":"closed","template":"templates\/template-application-platform.php","meta":{"publish_to_discourse":"","publish_post_category":"","wpdc_auto_publish_overridden":"","wpdc_topic_tags":"","wpdc_pin_topic":"","wpdc_pin_until":"","discourse_post_id":"","discourse_permalink":"","wpdc_publishing_response":"","wpdc_publishing_error":"","footnotes":""},"class_list":["post-10681","page","type-page","status-publish","hentry"],"yoast_head":"<!-- This site is optimized with the Yoast SEO plugin v25.3.1 - https:\/\/yoast.com\/wordpress\/plugins\/seo\/ -->\n<title>Einbetten der Tripadvisor Reviews-App in Ihre Shopify-Website (2026)<\/title>\n<meta name=\"description\" content=\"Erstellen Sie mit Elfsight Ihre Tripadvisor-Bewertungen-App und platzieren Sie sie im Handumdrehen in Ihrem Shopify-Shop. Wir bieten kostenlosen Kundenservice und weitere Boni.\" \/>\n<meta name=\"robots\" content=\"index, follow, max-snippet:-1, max-image-preview:large, max-video-preview:-1\" \/>\n<link rel=\"canonical\" href=\"https:\/\/elfsight.com\/de\/tripadvisor-reviews-widget\/shopify\/\" \/>\n<meta property=\"og:locale\" content=\"de_DE\" \/>\n<meta property=\"og:type\" content=\"article\" \/>\n<meta property=\"og:title\" content=\"Einbetten der Tripadvisor Reviews-App in Ihre Shopify-Website (2026)\" \/>\n<meta property=\"og:description\" content=\"Erstellen Sie mit Elfsight Ihre Tripadvisor-Bewertungen-App und platzieren Sie sie im Handumdrehen in Ihrem Shopify-Shop. Wir bieten kostenlosen Kundenservice und weitere Boni.\" \/>\n<meta property=\"og:url\" content=\"https:\/\/elfsight.com\/de\/tripadvisor-reviews-widget\/shopify\/\" \/>\n<meta property=\"og:site_name\" content=\"Elfsight DE\" \/>\n<meta property=\"article:modified_time\" content=\"2025-03-20T06:34:56+00:00\" \/>\n<meta name=\"twitter:card\" content=\"summary_large_image\" \/>\n<meta name=\"twitter:label1\" content=\"Gesch\u00e4tzte Lesezeit\" \/>\n\t<meta name=\"twitter:data1\" content=\"3\u00a0Minuten\" \/>\n<!-- \/ Yoast SEO plugin. -->","yoast_head_json":{"title":"Einbetten der Tripadvisor Reviews-App in Ihre Shopify-Website (2026)","description":"Erstellen Sie mit Elfsight Ihre Tripadvisor-Bewertungen-App und platzieren Sie sie im Handumdrehen in Ihrem Shopify-Shop. Wir bieten kostenlosen Kundenservice und weitere Boni.","robots":{"index":"index","follow":"follow","max-snippet":"max-snippet:-1","max-image-preview":"max-image-preview:large","max-video-preview":"max-video-preview:-1"},"canonical":"https:\/\/elfsight.com\/de\/tripadvisor-reviews-widget\/shopify\/","og_locale":"de_DE","og_type":"article","og_title":"Einbetten der Tripadvisor Reviews-App in Ihre Shopify-Website (2026)","og_description":"Erstellen Sie mit Elfsight Ihre Tripadvisor-Bewertungen-App und platzieren Sie sie im Handumdrehen in Ihrem Shopify-Shop. Wir bieten kostenlosen Kundenservice und weitere Boni.","og_url":"https:\/\/elfsight.com\/de\/tripadvisor-reviews-widget\/shopify\/","og_site_name":"Elfsight DE","article_modified_time":"2025-03-20T06:34:56+00:00","twitter_card":"summary_large_image","twitter_misc":{"Gesch\u00e4tzte Lesezeit":"3\u00a0Minuten"},"schema":{"@context":"https:\/\/schema.org","@graph":[{"@type":"WebPage","@id":"https:\/\/elfsight.com\/de\/tripadvisor-reviews-widget\/shopify\/","url":"https:\/\/elfsight.com\/de\/tripadvisor-reviews-widget\/shopify\/","name":"Einbetten der Tripadvisor Reviews-App in Ihre Shopify-Website (2026)","isPartOf":{"@id":"https:\/\/elfsight.com\/de\/#website"},"datePublished":"1970-01-01T00:00:00+00:00","dateModified":"2025-03-20T06:34:56+00:00","description":"Erstellen Sie mit Elfsight Ihre Tripadvisor-Bewertungen-App und platzieren Sie sie im Handumdrehen in Ihrem Shopify-Shop. Wir bieten kostenlosen Kundenservice und weitere Boni.","breadcrumb":{"@id":"https:\/\/elfsight.com\/de\/tripadvisor-reviews-widget\/shopify\/#breadcrumb"},"inLanguage":"de","potentialAction":[{"@type":"ReadAction","target":["https:\/\/elfsight.com\/de\/tripadvisor-reviews-widget\/shopify\/"]}]},{"@type":"BreadcrumbList","@id":"https:\/\/elfsight.com\/de\/tripadvisor-reviews-widget\/shopify\/#breadcrumb","itemListElement":[{"@type":"ListItem","position":1,"name":"Home","item":"https:\/\/elfsight.com\/de\/"},{"@type":"ListItem","position":2,"name":"Tripadvisor Reviews","item":"https:\/\/elfsight.com\/de\/tripadvisor-reviews-widget\/"},{"@type":"ListItem","position":3,"name":"Tripadvisor Reviews &#8211; Shopify"}]},{"@type":"WebSite","@id":"https:\/\/elfsight.com\/de\/#website","url":"https:\/\/elfsight.com\/de\/","name":"Elfsight DE","description":"Just another Elfsight Sites site","potentialAction":[{"@type":"SearchAction","target":{"@type":"EntryPoint","urlTemplate":"https:\/\/elfsight.com\/de\/?s={search_term_string}"},"query-input":{"@type":"PropertyValueSpecification","valueRequired":true,"valueName":"search_term_string"}}],"inLanguage":"de"}]}},"meta_box":{"industry":"","seo_heading":"","heading":"","description":"","cta_heading":"","cta_description":"","application":"482","h1":"Shopify Tripadvisor-Bewertungen-App","h1_caption":"Pr\u00e4sentieren Sie Bewertungen von Tripadvisor auf Ihrer Website","application_category":[],"applications_title":"","applications_request_title":"","applications_request_button_text":"","hero_text":"","hero_video":"","hero_video_schema_markup":"","selling_points_title":"","selling_points_caption":"","selling_points":[],"selling_points_cta_text":"","features_title":"","features":"","ed_cta_examples_text":"","ed_cta_examples_hidden":"","ed_cta_demo_text":"","ed_cta_demo_hidden":"","why_caption":"","why_editor_title":"","why_editor_text":"","why_team_title":"","why_team_text":"","why_service_title":"","why_service_text":"","template_catalog_visible":"0","template_catalog_title":"","template_catalog_text":"","template_catalog_categories_visible":"","demo_title":"Erstellen Sie Ihre Tripadvisor-Bewertungen-App","demo_caption":"Konfigurieren Sie Ihre Tripadvisor-Bewertungen und f\u00fcgen Sie sie kostenlos zu Ihrer Shopify-Website hinzu!","default_faq_hidden":"","app_template_category":[],"platform":"253","template_public_id":"","codecanyon_url":"","codecanyon_item_id":"","codecanyon_price":"","pricing_caption":"","pricing_elfsight_apps_hide_column":"","pricing_elfsight_apps_url":"","pricing_codecanyon_price_caption":"","integration_category":[],"integration_request_title":"","integration_request_cta":"","integration_platform":"","integrations":[],"platform_category":[],"video_schema_markup":"","price":"ab 0 $ \/ Monat","trial":"","benefits":[{"text":"Kostenloser Installationsservice"},{"text":"Premium-Support"},{"text":"14-t\u00e4gige Geld-zur\u00fcck-Garantie"},{"text":"Kontinuierliche kostenlose Updates"}],"button_url":"#demo","button_target_blank":"0","button_nofollow":"0","attributes":[{"name":"Installiert","content":"10,000 - 100,000"},{"name":"Reaktionsfreudig","content":"Ja"},{"name":"Kompatible Browser","content":"Firefox, Safari, Opera, Chrome, Edge"}],"tags":[],"tags_disable_links":"0","hide_more_platforms":"0","video_object":"","demo_hide_cta":"0","demo_hide_cloud_options":"0","pricing_title":"","pricing":[{"pricing_icon":"platform","pricing_title":"Elfsight Apps","pricing_title_caption":"Plattform\u00fcbergreifende Version, die auf jeder Website funktioniert","pricing_price":"ab 0 $ \/ Monat","pricing_price_caption":"Beginnen Sie mit einem kostenlosen Plan","pricing_benefits":[{"text":"Unbegrenzte Websites"},{"text":"Premium-Support"},{"text":"Kostenloser Installationsservice"},{"text":"Sonderangebot f\u00fcr mehrere Apps"}],"pricing_button_text":"Zur Website hinzuf\u00fcgen","pricing_button_url":"#demo"}],"related_apps_title":"","related_apps_hidden":"0","author":"","image":[],"title":"","job":"","social_networks":[]},"_links":{"self":[{"href":"https:\/\/elfsight.com\/de\/wp-json\/wp\/v2\/pages\/10681","targetHints":{"allow":["GET"]}}],"collection":[{"href":"https:\/\/elfsight.com\/de\/wp-json\/wp\/v2\/pages"}],"about":[{"href":"https:\/\/elfsight.com\/de\/wp-json\/wp\/v2\/types\/page"}],"author":[{"embeddable":true,"href":"https:\/\/elfsight.com\/de\/wp-json\/wp\/v2\/users\/9"}],"replies":[{"embeddable":true,"href":"https:\/\/elfsight.com\/de\/wp-json\/wp\/v2\/comments?post=10681"}],"version-history":[{"count":4,"href":"https:\/\/elfsight.com\/de\/wp-json\/wp\/v2\/pages\/10681\/revisions"}],"predecessor-version":[{"id":24954,"href":"https:\/\/elfsight.com\/de\/wp-json\/wp\/v2\/pages\/10681\/revisions\/24954"}],"up":[{"embeddable":true,"href":"https:\/\/elfsight.com\/de\/wp-json\/wp\/v2\/pages\/1492"}],"wp:attachment":[{"href":"https:\/\/elfsight.com\/de\/wp-json\/wp\/v2\/media?parent=10681"}],"curies":[{"name":"wp","href":"https:\/\/api.w.org\/{rel}","templated":true}]}}