{"id":10675,"date":"1970-01-01T00:00:00","date_gmt":"1970-01-01T00:00:00","guid":{"rendered":"https:\/\/elfsight.com\/de\/?page_id=10675"},"modified":"2025-02-18T14:42:10","modified_gmt":"2025-02-18T14:42:10","slug":"webflow","status":"publish","type":"page","link":"https:\/\/elfsight.com\/de\/tripadvisor-reviews-widget\/webflow\/","title":{"rendered":"Tripadvisor Reviews &#8211; Webflow"},"content":{"rendered":"\n<div class=\"application-platform-content-item-description application-platform-content-item\" id=\"description\" data-nav-section=\"description\"> <h2>Einbetten von Tripadvisor-Bewertungen in Webflow mit dem Elfsight-Widget<\/h2><p>Wenn Sie nach einer M\u00f6glichkeit suchen, Ihre hohe Wertsch\u00e4tzung zu zeigen Kunden \u00fcberzeugen und Website-Besucher davon \u00fcberzeugen, dass Ihre Produkte oder Dienstleistungen den Kauf wert sind, dann erledigt das Elfsight Tripadvisor Reviews-Widget die Aufgabe. Mithilfe dieses Widgets k\u00f6nnen Sie Benutzerbewertungen von Tripadvisor auf Ihrer Website einf\u00fcgen, Informationen \u00fcber deren Autoren anzeigen, sie so filtern, dass nur Positives angezeigt wird, Bewertungen anzeigen und eine aktive Schaltfl\u00e4che einrichten, die Personen auf Ihre Tripadvisor-Seite leitet dass sie eine neue Bewertung abgeben k\u00f6nnen. <\/p><div class=\"faq\" data-component=\"FAQ\"> <div class=\"faq-item\">\r\n\t\t\t\t\t<div class=\"faq-item-question\">\r\n\t\t\t\t\t\t<h3 class=\"faq-item-question-text\">Wo kann ich das Bewertungs-Widget anzeigen<\/h3>\r\n\r\n\t\t\t\t\t\t<div class=\"faq-item-question-icon\"><\/div>\r\n\t\t\t\t\t<\/div>\r\n\r\n\t\t\t\t\t<div class=\"faq-item-answer\">\r\n\t\t\t\t\t\t<div class=\"faq-item-answer-text\"> <p>Sie k\u00f6nnen das Bewertungs-Widget auf jeder Seite der Website anzeigen oder in die Vorlage einf\u00fcgen. In diesem Fall wird es angezeigt auf allen Seiten. Bewertungen k\u00f6nnen auf Produktseiten oder auf der Seite \u201e\u00dcber uns\u201c wirksam sein, wo Sie Benutzer mit Ihrer hohen Bewertung beeindrucken m\u00f6chten. <\/p><\/div>\r\n\t\t\t\t\t<\/div>\r\n\t\t\t\t<\/div> <div class=\"faq-item\">\r\n\t\t\t\t\t<div class=\"faq-item-question\">\r\n\t\t\t\t\t\t<h3 class=\"faq-item-question-text\">Was sind die Vorteile des Bewertungs-Widgets f\u00fcr mich? <\/h3>\r\n\r\n\t\t\t\t\t\t<div class=\"faq-item-question-icon\"><\/div>\r\n\t\t\t\t\t<\/div>\r\n\r\n\t\t\t\t\t<div class=\"faq-item-answer\">\r\n\t\t\t\t\t\t<div class=\"faq-item-answer-text\"> <p>Bewertungen von echten Menschen wirken f\u00fcr die Benutzer Ihrer Website absolut glaubw\u00fcrdig und zeigen ihnen, dass Ihr Unternehmen zuverl\u00e4ssig ist Partner. Eine hohe Bewertung und positive Eindr\u00fccke k\u00f6nnen dazu beitragen, die K\u00e4ufe auf Ihrer Website zu steigern. Dar\u00fcber hinaus kann die Weiterleitungsschaltfl\u00e4che dazu beitragen, die Anzahl der Nutzerbewertungen zu Ihren Angeboten oder Dienstleistungen auf Tripadvisor zu erh\u00f6hen. <\/p> <\/div>\r\n\t\t\t\t\t<\/div>\r\n\t\t\t\t<\/div> <div class=\"faq-item\">\r\n\t\t\t\t\t<div class=\"faq-item-question\">\r\n\t\t\t\t\t\t<h3 class=\"faq-item-question-text\">Wie kann ich Bewertungen aus dem Tripadvisor-Widget zu meiner Webflow-Website hinzuf\u00fcgen? <\/h3>\r\n\r\n\t\t\t\t\t\t<div class=\"faq-item-question-icon\"><\/div>\r\n\t\t\t\t\t<\/div>\r\n\r\n\t\t\t\t\t<div class=\"faq-item-answer\">\r\n\t\t\t\t\t\t<div class=\"faq-item-answer-text\"> <p>Die Einrichtung dauert nur drei Minuten. Die Integration erfolgt sehr schnell, kostenlos und ohne Programmieraufwand. <\/p> <p>\u00dcber unseren Dienst besteht die M\u00f6glichkeit, das Bewertungs-Widget in die Webseite einzubetten. Befolgen Sie einfach die nachstehenden Anweisungen auf dieser Seite. <\/p> <\/div>\r\n\t\t\t\t\t<\/div>\r\n\t\t\t\t<\/div> <\/div> <\/div> <div class=\"application-platform-content-item-features application-platform-content-item\" id=\"features\" data-nav-section=\"features\"> <h2>Hauptfunktionen des Tripadvisor-Bewertungs-Widgets<\/h2> <p>Um die Funktionsweise des Widgets besser zu verstehen, Schauen Sie sich die Liste der Hauptmerkmale an. Sie machen es f\u00fcr Sie maximal effektiv: <\/p> <ul> <li>Drei verf\u00fcgbare Filter: nach Typ, Ausschlie\u00dfen nach und Anzahl der anzuzeigenden Bewertungen; <\/li> <li>4 vordefinierte Layouts: Liste, Raster, Mauerwerk und Schieberegler; <\/li> <li>Eine M\u00f6glichkeit, die Kopfzeile des Widgets anzuzeigen oder auszublenden; <\/li> <li>Die Schaltfl\u00e4che \u201eBewertungsanfrage\u201c f\u00fchrt Benutzer zu Ihrer Tripadvisor-Seite. <\/li> <li>Sechs anpassbare Elemente der Benutzeroberfl\u00e4che: Name und Bild des Autors, Empfehlungstext, Datum, Tripadvisor-Symbol und Sternebewertung; <\/li> <li>Zwei m\u00f6gliche Szenarien f\u00fcr die Ablehnung einer \u00dcberpr\u00fcfungsanfrage: Anzeige Ihrer Nachricht oder Ausblenden der Schaltfl\u00e4che. <\/li> <\/ul><p><a href=\"#demo\">Eine vollst\u00e4ndige Liste der Funktionen finden Sie in der Live-Demo<\/a><\/p> <\/div> <div class=\"application-platform-content-item-installation application-platform-content-item\" id=\"installation\" data-nav-section=\"installation\"> <h2>Entdecken Sie, wie Sie die Tripadvisor-Bewertungen in Ihre Webflow-Website integrieren. Es ist schnell und einfach. <\/h2> <div class=\"video-container\"><iframe width=\"560\" height=\"315\" src=\"https:\/\/www.youtube.com\/embed\/Grd1Y4OM59k?si=k9rCJO3LUu41KpwV\" frameborder=\"0\" allow=\"accelerometer; autoplay; clipboard-write; encrypted-media; gyroscope; picture-in-picture; web-share\" allowfullscreen><\/iframe><\/div><p>Die folgenden Schritte sind das Einzige, was Sie anzeigen m\u00fcssen. <\/p> <ul><li><b>Erstellen Sie Ihr pers\u00f6nliches Tripadvisor-Widget<\/b><br> Verwalten Sie die Einstellungen in unserem kostenlosen Konfigurator und erstellen Sie ein Plugin mit passenden Layout- und Schnittstellenoptionen. <\/li><li><b>Holen Sie sich den individuellen Code zum Einbetten des Plugins<\/b><br> Nachdem Sie Ihr Widget generiert haben, erhalten Sie Ihren Installationscode aus dem Popup-Fenster von Elfsight Apps. Kopiere es. <\/li> <li><b>Betten Sie das Plugin auf Ihrer Website ein<\/b><br> Suchen Sie die Seite und den Bereich, auf dem Sie das Plugin anzeigen m\u00f6chten, und f\u00fcgen Sie dort den kopierten Code hinzu. Ver\u00f6ffentlichen Sie die \u00c4nderungen. <\/li> <li><b>Sie haben die Installation vollst\u00e4ndig durchgef\u00fchrt<\/b><br> Besuchen Sie Ihre Website, um Ihre Arbeit zu sehen. <\/li> <\/ul><p>Sie k\u00f6nnen sich immer noch nicht entscheiden? Oder Probleme haben? Senden Sie einfach eine Anfrage an unser Support-Team und wir kl\u00e4ren die Angelegenheit. <\/p> <\/div>\n","protected":false},"excerpt":{"rendered":"","protected":false},"author":9,"featured_media":0,"parent":1492,"menu_order":0,"comment_status":"closed","ping_status":"closed","template":"templates\/template-application-platform.php","meta":{"publish_to_discourse":"","publish_post_category":"","wpdc_auto_publish_overridden":"","wpdc_topic_tags":"","wpdc_pin_topic":"","wpdc_pin_until":"","discourse_post_id":"","discourse_permalink":"","wpdc_publishing_response":"","wpdc_publishing_error":"","footnotes":""},"class_list":["post-10675","page","type-page","status-publish","hentry"],"yoast_head":"<!-- This site is optimized with the Yoast SEO plugin v25.3.1 - https:\/\/yoast.com\/wordpress\/plugins\/seo\/ -->\n<title>Einbetten des Tripadvisor-Bewertungs-Widgets in Ihre Webflow-Website (in 2 Minuten)<\/title>\n<meta name=\"description\" content=\"Erstellen Sie mit Elfsight Ihr Tripadvisor-Bewertungs-Widget und ver\u00f6ffentlichen Sie es schnell auf der Webflow-Webseite. Wir bieten kostenlosen Kundensupport und andere Boni.\" \/>\n<meta name=\"robots\" content=\"index, follow, max-snippet:-1, max-image-preview:large, max-video-preview:-1\" \/>\n<link rel=\"canonical\" href=\"https:\/\/elfsight.com\/de\/tripadvisor-reviews-widget\/webflow\/\" \/>\n<meta property=\"og:locale\" content=\"de_DE\" \/>\n<meta property=\"og:type\" content=\"article\" \/>\n<meta property=\"og:title\" content=\"Einbetten des Tripadvisor-Bewertungs-Widgets in Ihre Webflow-Website (in 2 Minuten)\" \/>\n<meta property=\"og:description\" content=\"Erstellen Sie mit Elfsight Ihr Tripadvisor-Bewertungs-Widget und ver\u00f6ffentlichen Sie es schnell auf der Webflow-Webseite. Wir bieten kostenlosen Kundensupport und andere Boni.\" \/>\n<meta property=\"og:url\" content=\"https:\/\/elfsight.com\/de\/tripadvisor-reviews-widget\/webflow\/\" \/>\n<meta property=\"og:site_name\" content=\"Elfsight DE\" \/>\n<meta property=\"article:modified_time\" content=\"2025-02-18T14:42:10+00:00\" \/>\n<meta name=\"twitter:card\" content=\"summary_large_image\" \/>\n<meta name=\"twitter:label1\" content=\"Gesch\u00e4tzte Lesezeit\" \/>\n\t<meta name=\"twitter:data1\" content=\"3\u00a0Minuten\" \/>\n<!-- \/ Yoast SEO plugin. -->","yoast_head_json":{"title":"Einbetten des Tripadvisor-Bewertungs-Widgets in Ihre Webflow-Website (in 2 Minuten)","description":"Erstellen Sie mit Elfsight Ihr Tripadvisor-Bewertungs-Widget und ver\u00f6ffentlichen Sie es schnell auf der Webflow-Webseite. Wir bieten kostenlosen Kundensupport und andere Boni.","robots":{"index":"index","follow":"follow","max-snippet":"max-snippet:-1","max-image-preview":"max-image-preview:large","max-video-preview":"max-video-preview:-1"},"canonical":"https:\/\/elfsight.com\/de\/tripadvisor-reviews-widget\/webflow\/","og_locale":"de_DE","og_type":"article","og_title":"Einbetten des Tripadvisor-Bewertungs-Widgets in Ihre Webflow-Website (in 2 Minuten)","og_description":"Erstellen Sie mit Elfsight Ihr Tripadvisor-Bewertungs-Widget und ver\u00f6ffentlichen Sie es schnell auf der Webflow-Webseite. Wir bieten kostenlosen Kundensupport und andere Boni.","og_url":"https:\/\/elfsight.com\/de\/tripadvisor-reviews-widget\/webflow\/","og_site_name":"Elfsight DE","article_modified_time":"2025-02-18T14:42:10+00:00","twitter_card":"summary_large_image","twitter_misc":{"Gesch\u00e4tzte Lesezeit":"3\u00a0Minuten"},"schema":{"@context":"https:\/\/schema.org","@graph":[{"@type":"WebPage","@id":"https:\/\/elfsight.com\/de\/tripadvisor-reviews-widget\/webflow\/","url":"https:\/\/elfsight.com\/de\/tripadvisor-reviews-widget\/webflow\/","name":"Einbetten des Tripadvisor-Bewertungs-Widgets in Ihre Webflow-Website (in 2 Minuten)","isPartOf":{"@id":"https:\/\/elfsight.com\/de\/#website"},"datePublished":"1970-01-01T00:00:00+00:00","dateModified":"2025-02-18T14:42:10+00:00","description":"Erstellen Sie mit Elfsight Ihr Tripadvisor-Bewertungs-Widget und ver\u00f6ffentlichen Sie es schnell auf der Webflow-Webseite. Wir bieten kostenlosen Kundensupport und andere Boni.","breadcrumb":{"@id":"https:\/\/elfsight.com\/de\/tripadvisor-reviews-widget\/webflow\/#breadcrumb"},"inLanguage":"de","potentialAction":[{"@type":"ReadAction","target":["https:\/\/elfsight.com\/de\/tripadvisor-reviews-widget\/webflow\/"]}]},{"@type":"BreadcrumbList","@id":"https:\/\/elfsight.com\/de\/tripadvisor-reviews-widget\/webflow\/#breadcrumb","itemListElement":[{"@type":"ListItem","position":1,"name":"Home","item":"https:\/\/elfsight.com\/de\/"},{"@type":"ListItem","position":2,"name":"Tripadvisor Reviews","item":"https:\/\/elfsight.com\/de\/tripadvisor-reviews-widget\/"},{"@type":"ListItem","position":3,"name":"Tripadvisor Reviews &#8211; Webflow"}]},{"@type":"WebSite","@id":"https:\/\/elfsight.com\/de\/#website","url":"https:\/\/elfsight.com\/de\/","name":"Elfsight DE","description":"Just another Elfsight Sites site","potentialAction":[{"@type":"SearchAction","target":{"@type":"EntryPoint","urlTemplate":"https:\/\/elfsight.com\/de\/?s={search_term_string}"},"query-input":{"@type":"PropertyValueSpecification","valueRequired":true,"valueName":"search_term_string"}}],"inLanguage":"de"}]}},"meta_box":{"industry":"","seo_heading":"","heading":"","description":"","cta_heading":"","cta_description":"","application":"482","h1":"Webflow Tripadvisor-Bewertungs-Widget","h1_caption":"Integrieren Sie die Bewertungen Ihrer Kunden von Tripadvisor in Ihre Website","application_category":[],"applications_title":"","applications_request_title":"","applications_request_button_text":"","hero_text":"","hero_video":"","hero_video_schema_markup":"","selling_points_title":"","selling_points_caption":"","selling_points":[],"selling_points_cta_text":"","features_title":"","features":"","ed_cta_examples_text":"","ed_cta_examples_hidden":"","ed_cta_demo_text":"","ed_cta_demo_hidden":"","why_caption":"","why_editor_title":"","why_editor_text":"","why_team_title":"","why_team_text":"","why_service_title":"","why_service_text":"","template_catalog_visible":"0","template_catalog_title":"","template_catalog_text":"","template_catalog_categories_visible":"","demo_title":"Erstellen Sie Ihr Tripadvisor-Bewertungs-Widget","demo_caption":"Konfigurieren Sie Ihre Tripadvisor-Bewertungen und f\u00fcgen Sie sie kostenlos zu Ihrer Webflow-Website hinzu!","default_faq_hidden":"","app_template_category":[],"platform":"250","template_public_id":"","codecanyon_url":"","codecanyon_item_id":"","codecanyon_price":"","pricing_caption":"","pricing_elfsight_apps_hide_column":"","pricing_elfsight_apps_url":"","pricing_codecanyon_price_caption":"","integration_category":[],"integration_request_title":"","integration_request_cta":"","integration_platform":"","integrations":[],"platform_category":[],"video_schema_markup":"","price":"ab 0 $ \/ Monat","trial":"","benefits":[{"text":"Kostenlose Installationshilfe"},{"text":"Premium-Support"},{"text":"14-t\u00e4gige Geld-zur\u00fcck-Garantie"},{"text":"Laufende kostenlose Verbesserungen"}],"button_url":"#demo","button_target_blank":"0","button_nofollow":"0","attributes":[{"name":"Installiert","content":"10,000 - 100,000"},{"name":"Reaktionsfreudig","content":"Ja"},{"name":"Kompatible Browser","content":"Safari, Opera, Chrome, Firefox, Edge"}],"tags":[],"tags_disable_links":"0","hide_more_platforms":"0","video_object":"","demo_hide_cta":"0","demo_hide_cloud_options":"0","pricing_title":"","pricing":[{"pricing_icon":"platform","pricing_title":"Elfsight Apps","pricing_title_caption":"Plattform\u00fcbergreifende Version, die auf jeder Site funktioniert","pricing_price":"ab 0 $ \/ Monat","pricing_price_caption":"Beginnen Sie mit einem kostenlosen Plan","pricing_benefits":[{"text":"Unbegrenzte Anzahl an Domains"},{"text":"Professioneller Kundensupport"},{"text":"Kostenloser Installationsservice"},{"text":"Sonderangebot f\u00fcr mehrere Apps"}],"pricing_button_text":"Zur Website hinzuf\u00fcgen","pricing_button_url":"#demo"}],"related_apps_title":"","related_apps_hidden":"0","author":"","image":[],"title":"","job":"","social_networks":[]},"_links":{"self":[{"href":"https:\/\/elfsight.com\/de\/wp-json\/wp\/v2\/pages\/10675","targetHints":{"allow":["GET"]}}],"collection":[{"href":"https:\/\/elfsight.com\/de\/wp-json\/wp\/v2\/pages"}],"about":[{"href":"https:\/\/elfsight.com\/de\/wp-json\/wp\/v2\/types\/page"}],"author":[{"embeddable":true,"href":"https:\/\/elfsight.com\/de\/wp-json\/wp\/v2\/users\/9"}],"replies":[{"embeddable":true,"href":"https:\/\/elfsight.com\/de\/wp-json\/wp\/v2\/comments?post=10675"}],"version-history":[{"count":3,"href":"https:\/\/elfsight.com\/de\/wp-json\/wp\/v2\/pages\/10675\/revisions"}],"predecessor-version":[{"id":24354,"href":"https:\/\/elfsight.com\/de\/wp-json\/wp\/v2\/pages\/10675\/revisions\/24354"}],"up":[{"embeddable":true,"href":"https:\/\/elfsight.com\/de\/wp-json\/wp\/v2\/pages\/1492"}],"wp:attachment":[{"href":"https:\/\/elfsight.com\/de\/wp-json\/wp\/v2\/media?parent=10675"}],"curies":[{"name":"wp","href":"https:\/\/api.w.org\/{rel}","templated":true}]}}