{"id":10659,"date":"1970-01-01T00:00:00","date_gmt":"1970-01-01T00:00:00","guid":{"rendered":"https:\/\/elfsight.com\/de\/?page_id=10659"},"modified":"2025-07-10T13:52:29","modified_gmt":"2025-07-10T13:52:29","slug":"opencart","status":"publish","type":"page","link":"https:\/\/elfsight.com\/de\/tripadvisor-reviews-widget\/opencart\/","title":{"rendered":"Tripadvisor Reviews &#8211; OpenCart"},"content":{"rendered":"<div class=\"application-platform-content-item-description application-platform-content-item\" id=\"description\" data-nav-section=\"description\"> <h2>Beschreibung<\/h2> <p>Wenn Sie Ihren Kunden Ihre Wertsch\u00e4tzung zeigen und Besucher davon \u00fcberzeugen m\u00f6chten, dass Ihre Produkte oder Dienstleistungen ein gutes Preis-Leistungs-Verh\u00e4ltnis bieten Geld, Elfsight Tripadvisor Reviews werden den Job machen. Mit diesem Tool k\u00f6nnen Sie Kundenbewertungen von Tripadvisor ganz einfach mit Informationen zu den Autoren auf Ihrer Website platzieren, sie filtern, um nur gute Bewertungen anzuzeigen, Bewertungen anzeigen und eine Weiterleitungsschaltfl\u00e4che einrichten, die Nutzer zu Ihrem Tripadvisor-Konto f\u00fcr eine neue Bewertung f\u00fchrt. <\/p><div class=\"faq\" data-component=\"FAQ\"> <div class=\"faq-item\">\r\n\t\t\t\t\t<div class=\"faq-item-question\">\r\n\t\t\t\t\t\t<h3 class=\"faq-item-question-text\">Wo kann ich dieses Plugin einbetten<\/h3>\r\n\r\n\t\t\t\t\t\t<div class=\"faq-item-question-icon\"><\/div>\r\n\t\t\t\t\t<\/div>\r\n\r\n\t\t\t\t\t<div class=\"faq-item-answer\">\r\n\t\t\t\t\t\t<div class=\"faq-item-answer-text\"> <p>Unser Widget kann zu jeder Webseite hinzugef\u00fcgt werden, auf der Sie Ihre hohe Bewertung und Beliebtheit bei Kunden demonstrieren m\u00f6chten. Wenn Sie das Widget auf allen Seiten der Website anzeigen m\u00f6chten, k\u00f6nnen Sie es einfach in die Website-Vorlage einf\u00fcgen. <\/p><\/div>\r\n\t\t\t\t\t<\/div>\r\n\t\t\t\t<\/div> <div class=\"faq-item\">\r\n\t\t\t\t\t<div class=\"faq-item-question\">\r\n\t\t\t\t\t\t<h3 class=\"faq-item-question-text\">Welche Vorteile bietet mir das Bewertungs-Widget? <\/h3>\r\n\r\n\t\t\t\t\t\t<div class=\"faq-item-question-icon\"><\/div>\r\n\t\t\t\t\t<\/div>\r\n\r\n\t\t\t\t\t<div class=\"faq-item-answer\">\r\n\t\t\t\t\t\t<div class=\"faq-item-answer-text\"> <p>Bewertungen von echten Menschen wirken f\u00fcr Ihre Website-Kunden absolut glaubw\u00fcrdig und zeigen ihnen, dass Ihr Unternehmen zuverl\u00e4ssig ist. Eine hohe Bewertung und hervorragende Rezensionen k\u00f6nnen dazu beitragen, die K\u00e4ufe auf Ihrer Website zu steigern. Dar\u00fcber hinaus kann die aktive Schaltfl\u00e4che dazu beitragen, dass mehr Benutzer Ihre Angebote oder Dienstleistungen auf Tripadvisor bewerten. <\/p> <\/div>\r\n\t\t\t\t\t<\/div>\r\n\t\t\t\t<\/div> <div class=\"faq-item\">\r\n\t\t\t\t\t<div class=\"faq-item-question\">\r\n\t\t\t\t\t\t<h3 class=\"faq-item-question-text\">Wie kann ich Bewertungen vom Tripadvisor-Widget zu meiner OpenCart-Website hinzuf\u00fcgen? <\/h3>\r\n\r\n\t\t\t\t\t\t<div class=\"faq-item-question-icon\"><\/div>\r\n\t\t\t\t\t<\/div>\r\n\r\n\t\t\t\t\t<div class=\"faq-item-answer\">\r\n\t\t\t\t\t\t<div class=\"faq-item-answer-text\"> <p>Es dauert nur drei Minuten, bis Sie das Widget verwenden. Dieser Vorgang ist superschnell, kostenlos und erfordert keine Programmierung. <\/p> <p>Das Widget kann \u00fcber unseren Service oder \u00fcber den Marktplatz eingef\u00fchrt werden. Erfahren Sie mehr \u00fcber diese Varianten und w\u00e4hlen Sie Ihre Variante aus. <\/p><\/div>\r\n\t\t\t\t\t<\/div>\r\n\t\t\t\t<\/div> <\/div> <\/div> <div class=\"application-platform-content-item-features application-platform-content-item\" id=\"features\" data-nav-section=\"features\"> <h2>Funktionen<\/h2> <p>Um einen klaren \u00dcberblick \u00fcber das Bewertungs-Widget zu erhalten, finden Sie hier die Liste der die Hauptmerkmale. Sie machen unser Widget f\u00fcr Sie maximal effektiv: <\/p> <ul> <li>3 vordefinierte Filter: nach Typ, Ausschlie\u00dfen nach und Anzahl der anzuzeigenden Bewertungen; <\/li> <li>Vier Layouttypen: Liste, Raster, Mauerwerk und Schieberegler; <\/li> <li>Umschaltbarer Header des Widgets; <\/li> <li>Die aktive Schaltfl\u00e4che zum Hinzuf\u00fcgen einer weiteren Bewertung f\u00fchrt Besucher zur Tripadvisor-Seite; <\/li> <li>6 flexible Elemente des Widgets: Name des Autors und Bild, Empfehlung, Abreisedatum, Tripadvisor-Symbol und Sternebewertung; <\/li> <li>Zwei Szenarien f\u00fcr die Ablehnung einer \u00dcberpr\u00fcfungsanfrage: Anzeigen einer Textnachricht oder Ausblenden der Schaltfl\u00e4che. <\/li> <\/ul><p><a href=\"#demo\">Weitere Funktionen finden Sie in unserer Demo<\/a><\/p> <\/div> <div class=\"application-platform-content-item-installation application-platform-content-item\" id=\"installation\" data-nav-section=\"installation\"> <h2>Sehen wir uns an, wie Sie die Tripadvisor-Bewertungen zu Ihrer OpenCart-Website hinzuf\u00fcgen<\/h2> <p>Erf\u00fcllen Sie einfach die folgenden Richtlinien, um das Tool auf OpenCart zu aktivieren.<\/p> <ol><li><b>Starten Sie unsere kostenlose Demo und Beginnen Sie mit der Gestaltung Ihrer personalisierten Erweiterung. <\/b><br> Suchen Sie das benutzerdefinierte Formular und die Parameter der Tripadvisor-Erweiterung und \u00fcbernehmen Sie die \u00c4nderungen. <\/li> <li><b>Erhalten Sie den pers\u00f6nlichen Code, der im Fenster von Elfsight Apps angezeigt wird. <\/b><br> Sobald die Anpassung Ihrer Erweiterung abgeschlossen ist, kopieren Sie den pers\u00f6nlichen Code im angezeigten Popup und speichern Sie ihn f\u00fcr einen sp\u00e4teren Anlass. <\/li> <li><b>Beginnen Sie mit der Verwendung des Tools auf Ihrer OpenCart-Website. <\/b><br> Betten Sie den k\u00fcrzlich kopierten Code in Ihre Website ein und speichern Sie die Korrekturen. <\/li> <li><b>Das Setup ist vollst\u00e4ndig durchgef\u00fchrt. <\/b><br> Besuchen Sie Ihre Website, um die Funktion des Tools zu \u00fcberpr\u00fcfen. <\/li><\/ol> <p>Sie k\u00f6nnen sich immer noch nicht entscheiden? Oder haben Sie Fragen? Senden Sie einfach eine Anfrage an unser Support-Team. Wir werden unser Bestes tun, um jedes Problem zu l\u00f6sen. <\/p> <\/div>","protected":false},"excerpt":{"rendered":"","protected":false},"author":9,"featured_media":0,"parent":1492,"menu_order":0,"comment_status":"closed","ping_status":"closed","template":"templates\/template-application-platform.php","meta":{"publish_to_discourse":"","publish_post_category":"","wpdc_auto_publish_overridden":"","wpdc_topic_tags":"","wpdc_pin_topic":"","wpdc_pin_until":"","discourse_post_id":"","discourse_permalink":"","wpdc_publishing_response":"","wpdc_publishing_error":"","footnotes":""},"class_list":["post-10659","page","type-page","status-publish","hentry"],"yoast_head":"<!-- This site is optimized with the Yoast SEO plugin v25.3.1 - https:\/\/yoast.com\/wordpress\/plugins\/seo\/ -->\n<title>F\u00fcgen Sie die Tripadvisor-Bewertungen-Erweiterung zur OpenCart-Website hinzu (einfach und schnell)<\/title>\n<meta name=\"description\" content=\"Gestalten Sie mit Elfsight Ihre Tripadvisor-Bewertungen-Erweiterung und f\u00fcgen Sie sie im Handumdrehen auf Ihrer OpenCart-Website ein. Wir bieten kostenlosen Kundensupport und andere Boni.\" \/>\n<meta name=\"robots\" content=\"index, follow, max-snippet:-1, max-image-preview:large, max-video-preview:-1\" \/>\n<link rel=\"canonical\" href=\"https:\/\/elfsight.com\/de\/tripadvisor-reviews-widget\/opencart\/\" \/>\n<meta property=\"og:locale\" content=\"de_DE\" \/>\n<meta property=\"og:type\" content=\"article\" \/>\n<meta property=\"og:title\" content=\"F\u00fcgen Sie die Tripadvisor-Bewertungen-Erweiterung zur OpenCart-Website hinzu (einfach und schnell)\" \/>\n<meta property=\"og:description\" content=\"Gestalten Sie mit Elfsight Ihre Tripadvisor-Bewertungen-Erweiterung und f\u00fcgen Sie sie im Handumdrehen auf Ihrer OpenCart-Website ein. Wir bieten kostenlosen Kundensupport und andere Boni.\" \/>\n<meta property=\"og:url\" content=\"https:\/\/elfsight.com\/de\/tripadvisor-reviews-widget\/opencart\/\" \/>\n<meta property=\"og:site_name\" content=\"Elfsight DE\" \/>\n<meta property=\"article:modified_time\" content=\"2025-07-10T13:52:29+00:00\" \/>\n<meta name=\"twitter:card\" content=\"summary_large_image\" \/>\n<meta name=\"twitter:label1\" content=\"Gesch\u00e4tzte Lesezeit\" \/>\n\t<meta name=\"twitter:data1\" content=\"3\u00a0Minuten\" \/>\n<!-- \/ Yoast SEO plugin. -->","yoast_head_json":{"title":"F\u00fcgen Sie die Tripadvisor-Bewertungen-Erweiterung zur OpenCart-Website hinzu (einfach und schnell)","description":"Gestalten Sie mit Elfsight Ihre Tripadvisor-Bewertungen-Erweiterung und f\u00fcgen Sie sie im Handumdrehen auf Ihrer OpenCart-Website ein. Wir bieten kostenlosen Kundensupport und andere Boni.","robots":{"index":"index","follow":"follow","max-snippet":"max-snippet:-1","max-image-preview":"max-image-preview:large","max-video-preview":"max-video-preview:-1"},"canonical":"https:\/\/elfsight.com\/de\/tripadvisor-reviews-widget\/opencart\/","og_locale":"de_DE","og_type":"article","og_title":"F\u00fcgen Sie die Tripadvisor-Bewertungen-Erweiterung zur OpenCart-Website hinzu (einfach und schnell)","og_description":"Gestalten Sie mit Elfsight Ihre Tripadvisor-Bewertungen-Erweiterung und f\u00fcgen Sie sie im Handumdrehen auf Ihrer OpenCart-Website ein. Wir bieten kostenlosen Kundensupport und andere Boni.","og_url":"https:\/\/elfsight.com\/de\/tripadvisor-reviews-widget\/opencart\/","og_site_name":"Elfsight DE","article_modified_time":"2025-07-10T13:52:29+00:00","twitter_card":"summary_large_image","twitter_misc":{"Gesch\u00e4tzte Lesezeit":"3\u00a0Minuten"},"schema":{"@context":"https:\/\/schema.org","@graph":[{"@type":"WebPage","@id":"https:\/\/elfsight.com\/de\/tripadvisor-reviews-widget\/opencart\/","url":"https:\/\/elfsight.com\/de\/tripadvisor-reviews-widget\/opencart\/","name":"F\u00fcgen Sie die Tripadvisor-Bewertungen-Erweiterung zur OpenCart-Website hinzu (einfach und schnell)","isPartOf":{"@id":"https:\/\/elfsight.com\/de\/#website"},"datePublished":"1970-01-01T00:00:00+00:00","dateModified":"2025-07-10T13:52:29+00:00","description":"Gestalten Sie mit Elfsight Ihre Tripadvisor-Bewertungen-Erweiterung und f\u00fcgen Sie sie im Handumdrehen auf Ihrer OpenCart-Website ein. Wir bieten kostenlosen Kundensupport und andere Boni.","breadcrumb":{"@id":"https:\/\/elfsight.com\/de\/tripadvisor-reviews-widget\/opencart\/#breadcrumb"},"inLanguage":"de","potentialAction":[{"@type":"ReadAction","target":["https:\/\/elfsight.com\/de\/tripadvisor-reviews-widget\/opencart\/"]}]},{"@type":"BreadcrumbList","@id":"https:\/\/elfsight.com\/de\/tripadvisor-reviews-widget\/opencart\/#breadcrumb","itemListElement":[{"@type":"ListItem","position":1,"name":"Home","item":"https:\/\/elfsight.com\/de\/"},{"@type":"ListItem","position":2,"name":"Tripadvisor Reviews","item":"https:\/\/elfsight.com\/de\/tripadvisor-reviews-widget\/"},{"@type":"ListItem","position":3,"name":"Tripadvisor Reviews &#8211; OpenCart"}]},{"@type":"WebSite","@id":"https:\/\/elfsight.com\/de\/#website","url":"https:\/\/elfsight.com\/de\/","name":"Elfsight DE","description":"Just another Elfsight Sites site","potentialAction":[{"@type":"SearchAction","target":{"@type":"EntryPoint","urlTemplate":"https:\/\/elfsight.com\/de\/?s={search_term_string}"},"query-input":{"@type":"PropertyValueSpecification","valueRequired":true,"valueName":"search_term_string"}}],"inLanguage":"de"}]}},"meta_box":{"industry":"","seo_heading":"","heading":"","description":"","cta_heading":"","cta_description":"","application":"482","h1":"OpenCart Tripadvisor Reviews-Erweiterung","h1_caption":"F\u00fcgen Sie Ihre perfekten Kundenbewertungen von Tripadvisor auf Ihrer Website hinzu","application_category":[],"applications_title":"","applications_request_title":"","applications_request_button_text":"","hero_text":"","hero_video":"","hero_video_schema_markup":"","selling_points_title":"","selling_points_caption":"","selling_points":[],"selling_points_cta_text":"","features_title":"","features":"","ed_cta_examples_text":"","ed_cta_examples_hidden":"","ed_cta_demo_text":"","ed_cta_demo_hidden":"","why_caption":"","why_editor_title":"","why_editor_text":"","why_team_title":"","why_team_text":"","why_service_title":"","why_service_text":"","template_catalog_visible":"","template_catalog_title":"","template_catalog_text":"","template_catalog_categories_visible":"","demo_title":"Erstellen Sie Ihre Tripadvisor-Bewertungen-Erweiterung","demo_caption":"Konfigurieren Sie Ihre Tripadvisor-Bewertungen und f\u00fcgen Sie sie kostenlos zu Ihrer OpenCart-Website hinzu!","default_faq_hidden":"","app_template_category":[],"platform":"254","template_public_id":"","codecanyon_url":"","codecanyon_item_id":"","codecanyon_price":"","pricing_caption":"","pricing_elfsight_apps_hide_column":"","pricing_elfsight_apps_url":"","pricing_codecanyon_price_caption":"","integration_category":[],"integration_request_title":"","integration_request_cta":"","integration_platform":"","integrations":[],"platform_category":[],"video_schema_markup":"","price":"ab 0 $ \/ Monat","trial":"","benefits":[{"text":"Kostenloser Installationsservice"},{"text":"Kompetenter Kundenservice"},{"text":"14-t\u00e4gige Geld-zur\u00fcck-Garantie"},{"text":"Lebenslange kostenlose Updates"}],"button_url":"#demo","button_target_blank":"","button_nofollow":"","attributes":[{"name":"Installiert","content":"10,000 - 100,000"},{"name":"Reaktionsfreudig","content":"Ja"},{"name":"Kompatible Browser","content":"Safari, Edge, Opera, Firefox, Chrome"}],"tags":[],"tags_disable_links":"","hide_more_platforms":"","video_object":"","demo_hide_cta":"","demo_hide_cloud_options":"","pricing_title":"","pricing":[{"pricing_icon":"platform","pricing_title":"Elfsight Apps","pricing_title_caption":"Plattform\u00fcbergreifende Version","pricing_price":"ab 0 $ \/ Monat","pricing_price_caption":"Beginnen Sie mit einem kostenlosen Plan","pricing_benefits":[{"text":"Unbegrenzte Websites"},{"text":"Professionelle und p\u00fcnktliche Unterst\u00fctzung"},{"text":"Kostenlose Installationsunterst\u00fctzung"},{"text":"Flexibles Design"}],"pricing_button_text":"Zur Website hinzuf\u00fcgen","pricing_button_url":"#demo"}],"related_apps_title":"","related_apps_hidden":"","author":"","image":[],"title":"","job":"","social_networks":[]},"_links":{"self":[{"href":"https:\/\/elfsight.com\/de\/wp-json\/wp\/v2\/pages\/10659","targetHints":{"allow":["GET"]}}],"collection":[{"href":"https:\/\/elfsight.com\/de\/wp-json\/wp\/v2\/pages"}],"about":[{"href":"https:\/\/elfsight.com\/de\/wp-json\/wp\/v2\/types\/page"}],"author":[{"embeddable":true,"href":"https:\/\/elfsight.com\/de\/wp-json\/wp\/v2\/users\/9"}],"replies":[{"embeddable":true,"href":"https:\/\/elfsight.com\/de\/wp-json\/wp\/v2\/comments?post=10659"}],"version-history":[{"count":2,"href":"https:\/\/elfsight.com\/de\/wp-json\/wp\/v2\/pages\/10659\/revisions"}],"predecessor-version":[{"id":22081,"href":"https:\/\/elfsight.com\/de\/wp-json\/wp\/v2\/pages\/10659\/revisions\/22081"}],"up":[{"embeddable":true,"href":"https:\/\/elfsight.com\/de\/wp-json\/wp\/v2\/pages\/1492"}],"wp:attachment":[{"href":"https:\/\/elfsight.com\/de\/wp-json\/wp\/v2\/media?parent=10659"}],"curies":[{"name":"wp","href":"https:\/\/api.w.org\/{rel}","templated":true}]}}