{"id":10658,"date":"1970-01-01T00:00:00","date_gmt":"1970-01-01T00:00:00","guid":{"rendered":"https:\/\/elfsight.com\/de\/?page_id=10658"},"modified":"2025-02-18T14:44:59","modified_gmt":"2025-02-18T14:44:59","slug":"wix","status":"publish","type":"page","link":"https:\/\/elfsight.com\/de\/tripadvisor-reviews-widget\/wix\/","title":{"rendered":"Tripadvisor Reviews &#8211; Wix"},"content":{"rendered":"\n<div class=\"application-platform-content-item-description application-platform-content-item\" id=\"description\" data-nav-section=\"description\"> <h2>Beschreibung<\/h2> <p>Wenn Sie Ihre Wertsch\u00e4tzung bei Kunden unter Beweis stellen und Website-Besucher davon \u00fcberzeugen m\u00fcssen, dass Ihre Angebote es wert sind, Geld auszugeben , Elfsight Tripadvisor Reviews passt perfekt zu Ihnen. Mit diesem Widget k\u00f6nnen Sie Kundenbewertungen von Tripadvisor schnell mit Informationen zu den Autoren auf Ihrer Website einbetten, sie so sortieren, dass nur positive Bewertungen angezeigt werden, Bewertungen anzeigen und eine Bewertungsanfrage-Schaltfl\u00e4che verwenden, die Benutzer auf Ihre Tripadvisor-Seite bringt, wo sie eine schreiben k\u00f6nnen neue Rezension. <\/p><div class=\"faq\" data-component=\"FAQ\"> <div class=\"faq-item\">\r\n\t\t\t\t\t<div class=\"faq-item-question\">\r\n\t\t\t\t\t\t<h3 class=\"faq-item-question-text\">Wo auf meiner Website kann ich das Widget einf\u00fcgen<\/h3>\r\n\r\n\t\t\t\t\t\t<div class=\"faq-item-question-icon\"><\/div>\r\n\t\t\t\t\t<\/div>\r\n\r\n\t\t\t\t\t<div class=\"faq-item-answer\">\r\n\t\t\t\t\t\t<div class=\"faq-item-answer-text\"> <p>Das Widget kann auf jeder Seite eingerichtet werden, auf der Sie Ihre hohe Bewertung und Beliebtheit bei Kunden demonstrieren m\u00f6chten. Wenn Sie es auf allen Seiten der Website ben\u00f6tigen, k\u00f6nnen Sie es einfach in die Website-Vorlage einf\u00fcgen. <\/p><\/div>\r\n\t\t\t\t\t<\/div>\r\n\t\t\t\t<\/div> <div class=\"faq-item\">\r\n\t\t\t\t\t<div class=\"faq-item-question\">\r\n\t\t\t\t\t\t<h3 class=\"faq-item-question-text\">Wie k\u00f6nnte ich von diesem Plugin profitieren? <\/h3>\r\n\r\n\t\t\t\t\t\t<div class=\"faq-item-question-icon\"><\/div>\r\n\t\t\t\t\t<\/div>\r\n\r\n\t\t\t\t\t<div class=\"faq-item-answer\">\r\n\t\t\t\t\t\t<div class=\"faq-item-answer-text\"> <p>Bewertungen, die von echten Menschen hinzugef\u00fcgt wurden, wirken auf die Benutzer Ihrer Website wirklich glaubw\u00fcrdig und zeigen ihnen, dass Ihr Unternehmen ein zuverl\u00e4ssiger Partner ist. Eine hohe Bewertung und hervorragende Impressionen k\u00f6nnen dazu beitragen, die Kaufrate auf Ihrer Website zu steigern. Dar\u00fcber hinaus kann die Weiterleitungsschaltfl\u00e4che dazu beitragen, die Anzahl der Kundenbewertungen zu Ihrem Unternehmen auf Tripadvisor zu erh\u00f6hen. <\/p> <\/div>\r\n\t\t\t\t\t<\/div>\r\n\t\t\t\t<\/div> <div class=\"faq-item\">\r\n\t\t\t\t\t<div class=\"faq-item-question\">\r\n\t\t\t\t\t\t<h3 class=\"faq-item-question-text\">Wie kann ich Bewertungen aus dem Tripadvisor-Widget zu meiner Wix-Website hinzuf\u00fcgen? <\/h3>\r\n\r\n\t\t\t\t\t\t<div class=\"faq-item-question-icon\"><\/div>\r\n\t\t\t\t\t<\/div>\r\n\r\n\t\t\t\t\t<div class=\"faq-item-answer\">\r\n\t\t\t\t\t\t<div class=\"faq-item-answer-text\"> <p>Sie ben\u00f6tigen nur drei Minuten, um mit der Verwendung des Widgets zu beginnen. Das Einbetten ist wirklich schnell, kostenlos und erfordert keine Programmierung. <\/p> <p>Das Widget kann direkt auf unserem Service oder \u00fcber den Marktplatz eingerichtet werden. Hier k\u00f6nnen Sie diese Varianten vergleichen und Ihre ausw\u00e4hlen. <\/p><\/div>\r\n\t\t\t\t\t<\/div>\r\n\t\t\t\t<\/div> <\/div> <\/div> <div class=\"application-platform-content-item-features application-platform-content-item\" id=\"features\" data-nav-section=\"features\"> <h2>Funktionen<\/h2> <p>Um das Bewertungs-Widget besser kennenzulernen, k\u00f6nnen Sie die Liste durchsehen einer der wertvollsten Eigenschaften. Sie machen dieses Widget f\u00fcr Ihre Werbung unglaublich effektiv: <\/p> <ul> <li>3 gebrauchsfertige Filter: nach Typ, Ausschlie\u00dfen nach und Anzahl der anzuzeigenden Bewertungen; <\/li> <li>4 vordefinierte Layouts: Liste, Raster, Mauerwerk und Schieberegler; <\/li> <li>Eine M\u00f6glichkeit, den Header des Widgets ein-\/auszuschalten; <\/li> <li>Die Schaltfl\u00e4che zum Anfordern einer Bewertung leitet Kunden zur Tripadvisor-Seite weiter; <\/li> <li>Sechs anpassbare Elemente des Widgets: Name und Foto des Autors, Empfehlungstext, Datum, Tripadvisor-Symbol und Sternebewertung; <\/li> <li>Zwei alternative Szenarien nach der Ablehnung einer \u00dcberpr\u00fcfungsanfrage: Demonstrieren Sie Ihre Nachricht oder entfernen Sie die Schaltfl\u00e4che. <\/li> <\/ul><p><a href=\"#demo\">\u00dcberpr\u00fcfen Sie alle Funktionen in der Live-Demo<\/a><\/p> <\/div> <div class=\"application-platform-content-item-installation application-platform-content-item\" id=\"installation\" data-nav-section=\"installation\"> <h2>Hier So integrieren Sie die Tripadvisor-Bewertungen in Ihre Wix-Seite. Es ist einfach und unkompliziert.<\/h2> <div class=\"video-container\"><iframe width=\"560\" height=\"315\" src=\"https:\/\/www.youtube.com\/embed\/pnRA0sAeASY?si=32K5rII9HnmdHU7O\" frameborder=\"0\" allow=\"accelerometer; autoplay; clipboard-write; encrypted-media; gyroscope; picture-in-picture; web-share\" allowfullscreen><\/iframe><\/div><p>Um das Plugin zu Ihrer Website hinzuzuf\u00fcgen, m\u00fcssen Sie nur ein paar einfache Schritte ausf\u00fchren: <\/p> <ul><li><b>Richten Sie die App ein<\/b><br> \u00d6ffnen Sie den Shopify Store und suchen Sie die App-Seite. Klicken Sie auf die Schaltfl\u00e4che \u201eGet\u201c, um die App auf Ihrer Website einzubetten. <\/li> <li><b>Konfigurieren Sie die Parameter der App<\/b><br> Legen Sie die Parameter der App fest: Inhalte und Konfigurationen der Schnittstelle. Nach der Anpassung erhalten Sie Ihren pers\u00f6nlichen Installationscode. Speichern Sie den Code zur weiteren Verwendung. <\/li> <li><b>App in die Webseite einbetten<\/b><br> \u00d6ffnen Sie die Kategorie \u201eSeiten\u201c und gehen Sie zu der Seite, auf der Sie die App anzeigen m\u00f6chten. Anschlie\u00dfend platzieren Sie dort den Code im HTML-Modus und ver\u00f6ffentlichen die \u00c4nderungen. <\/li> <li><b>Sie haben die Installation vollst\u00e4ndig durchgef\u00fchrt<\/b><br> Gehen Sie zur Website, um Ihre Bewertungen anzusehen! <\/li><\/ul><p>Haben Sie immer noch etwas, das Sie unsicher macht? Oder haben Sie Fragen? Senden Sie einfach eine Anfrage an unser Support-Team, um bei jedem Anliegen professionelle Hilfe zu erhalten. <\/p> <\/div>\n","protected":false},"excerpt":{"rendered":"","protected":false},"author":9,"featured_media":0,"parent":1492,"menu_order":0,"comment_status":"closed","ping_status":"closed","template":"templates\/template-application-platform.php","meta":{"publish_to_discourse":"","publish_post_category":"","wpdc_auto_publish_overridden":"","wpdc_topic_tags":"","wpdc_pin_topic":"","wpdc_pin_until":"","discourse_post_id":"","discourse_permalink":"","wpdc_publishing_response":"","wpdc_publishing_error":"","footnotes":""},"class_list":["post-10658","page","type-page","status-publish","hentry"],"yoast_head":"<!-- This site is optimized with the Yoast SEO plugin v25.3.1 - https:\/\/yoast.com\/wordpress\/plugins\/seo\/ -->\n<title>Betten Sie die Tripadvisor-Bewertungen-App in Ihre Wix-Website ein (in 2 Minuten)<\/title>\n<meta name=\"description\" content=\"Es ist ein Kinderspiel, Ihre Tripadvisor-Bewertungen-App zu erstellen und auf Ihrer Wix-Website zu ver\u00f6ffentlichen. Der Elfsight-Kundendienst ist kostenlos.\" \/>\n<meta name=\"robots\" content=\"index, follow, max-snippet:-1, max-image-preview:large, max-video-preview:-1\" \/>\n<link rel=\"canonical\" href=\"https:\/\/elfsight.com\/de\/tripadvisor-reviews-widget\/wix\/\" \/>\n<meta property=\"og:locale\" content=\"de_DE\" \/>\n<meta property=\"og:type\" content=\"article\" \/>\n<meta property=\"og:title\" content=\"Betten Sie die Tripadvisor-Bewertungen-App in Ihre Wix-Website ein (in 2 Minuten)\" \/>\n<meta property=\"og:description\" content=\"Es ist ein Kinderspiel, Ihre Tripadvisor-Bewertungen-App zu erstellen und auf Ihrer Wix-Website zu ver\u00f6ffentlichen. Der Elfsight-Kundendienst ist kostenlos.\" \/>\n<meta property=\"og:url\" content=\"https:\/\/elfsight.com\/de\/tripadvisor-reviews-widget\/wix\/\" \/>\n<meta property=\"og:site_name\" content=\"Elfsight DE\" \/>\n<meta property=\"article:modified_time\" content=\"2025-02-18T14:44:59+00:00\" \/>\n<meta name=\"twitter:card\" content=\"summary_large_image\" \/>\n<meta name=\"twitter:label1\" content=\"Gesch\u00e4tzte Lesezeit\" \/>\n\t<meta name=\"twitter:data1\" content=\"3\u00a0Minuten\" \/>\n<!-- \/ Yoast SEO plugin. -->","yoast_head_json":{"title":"Betten Sie die Tripadvisor-Bewertungen-App in Ihre Wix-Website ein (in 2 Minuten)","description":"Es ist ein Kinderspiel, Ihre Tripadvisor-Bewertungen-App zu erstellen und auf Ihrer Wix-Website zu ver\u00f6ffentlichen. Der Elfsight-Kundendienst ist kostenlos.","robots":{"index":"index","follow":"follow","max-snippet":"max-snippet:-1","max-image-preview":"max-image-preview:large","max-video-preview":"max-video-preview:-1"},"canonical":"https:\/\/elfsight.com\/de\/tripadvisor-reviews-widget\/wix\/","og_locale":"de_DE","og_type":"article","og_title":"Betten Sie die Tripadvisor-Bewertungen-App in Ihre Wix-Website ein (in 2 Minuten)","og_description":"Es ist ein Kinderspiel, Ihre Tripadvisor-Bewertungen-App zu erstellen und auf Ihrer Wix-Website zu ver\u00f6ffentlichen. Der Elfsight-Kundendienst ist kostenlos.","og_url":"https:\/\/elfsight.com\/de\/tripadvisor-reviews-widget\/wix\/","og_site_name":"Elfsight DE","article_modified_time":"2025-02-18T14:44:59+00:00","twitter_card":"summary_large_image","twitter_misc":{"Gesch\u00e4tzte Lesezeit":"3\u00a0Minuten"},"schema":{"@context":"https:\/\/schema.org","@graph":[{"@type":"WebPage","@id":"https:\/\/elfsight.com\/de\/tripadvisor-reviews-widget\/wix\/","url":"https:\/\/elfsight.com\/de\/tripadvisor-reviews-widget\/wix\/","name":"Betten Sie die Tripadvisor-Bewertungen-App in Ihre Wix-Website ein (in 2 Minuten)","isPartOf":{"@id":"https:\/\/elfsight.com\/de\/#website"},"datePublished":"1970-01-01T00:00:00+00:00","dateModified":"2025-02-18T14:44:59+00:00","description":"Es ist ein Kinderspiel, Ihre Tripadvisor-Bewertungen-App zu erstellen und auf Ihrer Wix-Website zu ver\u00f6ffentlichen. Der Elfsight-Kundendienst ist kostenlos.","breadcrumb":{"@id":"https:\/\/elfsight.com\/de\/tripadvisor-reviews-widget\/wix\/#breadcrumb"},"inLanguage":"de","potentialAction":[{"@type":"ReadAction","target":["https:\/\/elfsight.com\/de\/tripadvisor-reviews-widget\/wix\/"]}]},{"@type":"BreadcrumbList","@id":"https:\/\/elfsight.com\/de\/tripadvisor-reviews-widget\/wix\/#breadcrumb","itemListElement":[{"@type":"ListItem","position":1,"name":"Home","item":"https:\/\/elfsight.com\/de\/"},{"@type":"ListItem","position":2,"name":"Tripadvisor Reviews","item":"https:\/\/elfsight.com\/de\/tripadvisor-reviews-widget\/"},{"@type":"ListItem","position":3,"name":"Tripadvisor Reviews &#8211; Wix"}]},{"@type":"WebSite","@id":"https:\/\/elfsight.com\/de\/#website","url":"https:\/\/elfsight.com\/de\/","name":"Elfsight DE","description":"Just another Elfsight Sites site","potentialAction":[{"@type":"SearchAction","target":{"@type":"EntryPoint","urlTemplate":"https:\/\/elfsight.com\/de\/?s={search_term_string}"},"query-input":{"@type":"PropertyValueSpecification","valueRequired":true,"valueName":"search_term_string"}}],"inLanguage":"de"}]}},"meta_box":{"industry":"","seo_heading":"","heading":"","description":"","cta_heading":"","cta_description":"","application":"482","h1":"Wix Tripadvisor-Bewertungen-App","h1_caption":"F\u00fcgen Sie die besten Kundenbewertungsbeitr\u00e4ge von Tripadvisor in Ihre Website ein","application_category":[],"applications_title":"","applications_request_title":"","applications_request_button_text":"","hero_text":"","hero_video":"","hero_video_schema_markup":"","selling_points_title":"","selling_points_caption":"","selling_points":[],"selling_points_cta_text":"","features_title":"","features":"","ed_cta_examples_text":"","ed_cta_examples_hidden":"","ed_cta_demo_text":"","ed_cta_demo_hidden":"","why_caption":"","why_editor_title":"","why_editor_text":"","why_team_title":"","why_team_text":"","why_service_title":"","why_service_text":"","template_catalog_visible":"0","template_catalog_title":"","template_catalog_text":"","template_catalog_categories_visible":"","demo_title":"Erstellen Sie Ihre Tripadvisor-Bewertungen-App","demo_caption":"Konfigurieren Sie Ihre Tripadvisor-Bewertungen und f\u00fcgen Sie sie kostenlos zu Ihrer Wix-Website hinzu!","default_faq_hidden":"","app_template_category":[],"platform":"265","template_public_id":"","codecanyon_url":"","codecanyon_item_id":"","codecanyon_price":"","pricing_caption":"","pricing_elfsight_apps_hide_column":"","pricing_elfsight_apps_url":"","pricing_codecanyon_price_caption":"","integration_category":[],"integration_request_title":"","integration_request_cta":"","integration_platform":"","integrations":[],"platform_category":[],"video_schema_markup":"","price":"ab 0 $ \/ Monat","trial":"","benefits":[{"text":"Kostenlose Installationsunterst\u00fctzung"},{"text":"Kompetenter Kundenservice"},{"text":"14-t\u00e4gige Geld-zur\u00fcck-Garantie"},{"text":"St\u00e4ndige Aktualisierung"}],"button_url":"#demo","button_target_blank":"0","button_nofollow":"0","attributes":[{"name":"Installiert","content":"10,000 - 100,000"},{"name":"Reaktionsfreudig","content":"Ja"},{"name":"Kompatible Browser","content":"Safari, Edge, Firefox, Chrome, Opera"}],"tags":[],"tags_disable_links":"0","hide_more_platforms":"0","video_object":"","demo_hide_cta":"0","demo_hide_cloud_options":"0","pricing_title":"","pricing":[{"pricing_icon":"platform","pricing_title":"Elfsight Apps","pricing_title_caption":"Multiplattform-Software, die auf jeder Site funktioniert","pricing_price":"ab 0 $ \/ Monat","pricing_price_caption":"Beginnen Sie mit einem kostenlosen Plan","pricing_benefits":[{"text":"Unbegrenzte Anzahl an Domains"},{"text":"Engagierter Kundensupport"},{"text":"Kostenlose Installationshilfe"},{"text":"Sonderpreis f\u00fcr mehrere Apps"}],"pricing_button_text":"Zur Website hinzuf\u00fcgen","pricing_button_url":"#demo"}],"related_apps_title":"","related_apps_hidden":"0","author":"","image":[],"title":"","job":"","social_networks":[]},"_links":{"self":[{"href":"https:\/\/elfsight.com\/de\/wp-json\/wp\/v2\/pages\/10658","targetHints":{"allow":["GET"]}}],"collection":[{"href":"https:\/\/elfsight.com\/de\/wp-json\/wp\/v2\/pages"}],"about":[{"href":"https:\/\/elfsight.com\/de\/wp-json\/wp\/v2\/types\/page"}],"author":[{"embeddable":true,"href":"https:\/\/elfsight.com\/de\/wp-json\/wp\/v2\/users\/9"}],"replies":[{"embeddable":true,"href":"https:\/\/elfsight.com\/de\/wp-json\/wp\/v2\/comments?post=10658"}],"version-history":[{"count":3,"href":"https:\/\/elfsight.com\/de\/wp-json\/wp\/v2\/pages\/10658\/revisions"}],"predecessor-version":[{"id":24356,"href":"https:\/\/elfsight.com\/de\/wp-json\/wp\/v2\/pages\/10658\/revisions\/24356"}],"up":[{"embeddable":true,"href":"https:\/\/elfsight.com\/de\/wp-json\/wp\/v2\/pages\/1492"}],"wp:attachment":[{"href":"https:\/\/elfsight.com\/de\/wp-json\/wp\/v2\/media?parent=10658"}],"curies":[{"name":"wp","href":"https:\/\/api.w.org\/{rel}","templated":true}]}}